{"id":2624380,"date":"2026-02-09T21:31:45","date_gmt":"2026-02-09T21:31:45","guid":{"rendered":"https:\/\/autorival.ro\/vw\/produs\/filtru-polen-vw-golf-vii-5g1-bq1-be1-be2-2-0-gti-benzina-230-cai-bosch-1-987-432-543\/"},"modified":"2026-02-09T21:31:45","modified_gmt":"2026-02-09T21:31:45","slug":"filtru-polen-vw-golf-vii-5g1-bq1-be1-be2-2-0-gti-benzina-230-cai-bosch-1-987-432-543","status":"publish","type":"product","link":"https:\/\/autorival.ro\/vw\/produs\/filtru-polen-vw-golf-vii-5g1-bq1-be1-be2-2-0-gti-benzina-230-cai-bosch-1-987-432-543\/","title":{"rendered":"Filtru polen VW GOLF VII (5G1, BQ1, BE1, BE2) 2.0 GTI benzina 230 cai BOSCH 1 987 432 543"},"content":{"rendered":"<p>Tip filtru: Filtru carbon activLungime [mm]: 252Latime [mm]: 235\u00cenaltime [mm]: 32Calitate: 1Versiunea de baz\u0103 (nr. art.): 1987432540Eficien\u021b\u0103 \u00eenalt\u0103 versiunea cu c\u0103rbune activ (nr. art.): 0986628630<\/p>\n","protected":false},"excerpt":{"rendered":"<p>Producator: BOSCH Cod producator: 1 987 432 543<\/p>\n","protected":false},"featured_media":2624381,"comment_status":"open","ping_status":"closed","template":"","meta":[],"product_brand":[1405],"product_cat":[27303],"product_tag":[],"class_list":{"0":"post-2624380","1":"product","2":"type-product","3":"status-publish","4":"has-post-thumbnail","6":"product_brand-bosch","7":"product_cat-filtru-polen-5g1-bq1-be1-be2-2-0-gti-benzina-230","9":"first","10":"instock","11":"shipping-taxable","12":"purchasable","13":"product-type-simple"},"yoast_head":"<!-- This site is optimized with the Yoast SEO plugin v27.3 - https:\/\/yoast.com\/product\/yoast-seo-wordpress\/ -->\n<title>Filtru polen VW GOLF VII (5G1, BQ1, BE1, BE2) 2.0 GTI benzina 230 cai BOSCH 1 987 432 543 VW | BOSCH - Autorival<\/title>\n<meta name=\"description\" content=\"\u26a1 Filtru polen VW GOLF VII (5G1, BQ1, BE1, BE2) 2.0 GTI benzina 230 cai BOSCH 1 987 432 543 pentru VW. \u2713 Cod: 1 \u2713 Brand: BOSCH \u2713 \u00cen stoc \u2713 Livrare 24h \u2713 Garan\u021bie!\" \/>\n<meta name=\"robots\" content=\"index, follow, max-snippet:-1, max-image-preview:large, max-video-preview:-1\" \/>\n<meta property=\"og:locale\" content=\"en_US\" \/>\n<meta property=\"og:type\" content=\"article\" \/>\n<meta property=\"og:title\" content=\"Filtru polen VW GOLF VII (5G1, BQ1, BE1, BE2) 2.0 GTI benzina 230 cai BOSCH 1 987 432 543 VW | BOSCH - Autorival\" \/>\n<meta property=\"og:description\" content=\"\u26a1 Filtru polen VW GOLF VII (5G1, BQ1, BE1, BE2) 2.0 GTI benzina 230 cai BOSCH 1 987 432 543 pentru VW. \u2713 Cod: 1 \u2713 Brand: BOSCH \u2713 \u00cen stoc \u2713 Livrare 24h \u2713 Garan\u021bie!\" \/>\n<meta property=\"og:url\" content=\"https:\/\/autorival.ro\/vw\/produs\/filtru-polen-vw-golf-vii-5g1-bq1-be1-be2-2-0-gti-benzina-230-cai-bosch-1-987-432-543\/\" \/>\n<meta property=\"og:site_name\" content=\"VW\" \/>\n<meta property=\"og:image\" content=\"https:\/\/autorival.ro\/vw\/wp-content\/uploads\/sites\/5\/2026\/02\/1987432543ph01whco0000-117.jpg\" \/>\n\t<meta property=\"og:image:width\" content=\"1280\" \/>\n\t<meta property=\"og:image:height\" content=\"819\" \/>\n\t<meta property=\"og:image:type\" content=\"image\/jpeg\" \/>\n<meta name=\"twitter:card\" content=\"summary_large_image\" \/>\n<meta name=\"twitter:title\" content=\"Filtru polen VW GOLF VII (5G1, BQ1, BE1, BE2) 2.0 GTI benzina 230 cai BOSCH 1 987 432 543 VW | BOSCH - Autorival\" \/>\n<meta name=\"twitter:description\" content=\"\u26a1 Filtru polen VW GOLF VII (5G1, BQ1, BE1, BE2) 2.0 GTI benzina 230 cai BOSCH 1 987 432 543 pentru VW. \u2713 Cod: 1 \u2713 Brand: BOSCH \u2713 \u00cen stoc \u2713 Livrare 24h \u2713 Garan\u021bie!\" \/>\n<script type=\"application\/ld+json\" class=\"yoast-schema-graph\">{\"@context\":\"https:\\\/\\\/schema.org\",\"@graph\":[{\"@type\":\"WebPage\",\"@id\":\"https:\\\/\\\/autorival.ro\\\/vw\\\/produs\\\/filtru-polen-vw-golf-vii-5g1-bq1-be1-be2-2-0-gti-benzina-230-cai-bosch-1-987-432-543\\\/\",\"url\":\"https:\\\/\\\/autorival.ro\\\/vw\\\/produs\\\/filtru-polen-vw-golf-vii-5g1-bq1-be1-be2-2-0-gti-benzina-230-cai-bosch-1-987-432-543\\\/\",\"name\":\"Filtru polen VW GOLF VII (5G1, BQ1, BE1, BE2) 2.0 GTI benzina 230 cai BOSCH 1 987 432 543 VW | BOSCH - Autorival\",\"isPartOf\":{\"@id\":\"https:\\\/\\\/autorival.ro\\\/vw\\\/#website\"},\"primaryImageOfPage\":{\"@id\":\"https:\\\/\\\/autorival.ro\\\/vw\\\/produs\\\/filtru-polen-vw-golf-vii-5g1-bq1-be1-be2-2-0-gti-benzina-230-cai-bosch-1-987-432-543\\\/#primaryimage\"},\"image\":{\"@id\":\"https:\\\/\\\/autorival.ro\\\/vw\\\/produs\\\/filtru-polen-vw-golf-vii-5g1-bq1-be1-be2-2-0-gti-benzina-230-cai-bosch-1-987-432-543\\\/#primaryimage\"},\"thumbnailUrl\":\"https:\\\/\\\/autorival.ro\\\/vw\\\/wp-content\\\/uploads\\\/sites\\\/5\\\/2026\\\/02\\\/1987432543ph01whco0000-117.jpg\",\"datePublished\":\"2026-02-09T21:31:45+00:00\",\"description\":\"\u26a1 Filtru polen VW GOLF VII (5G1, BQ1, BE1, BE2) 2.0 GTI benzina 230 cai BOSCH 1 987 432 543 pentru VW. \u2713 Cod: 1 \u2713 Brand: BOSCH \u2713 \u00cen stoc \u2713 Livrare 24h \u2713 Garan\u021bie!\",\"breadcrumb\":{\"@id\":\"https:\\\/\\\/autorival.ro\\\/vw\\\/produs\\\/filtru-polen-vw-golf-vii-5g1-bq1-be1-be2-2-0-gti-benzina-230-cai-bosch-1-987-432-543\\\/#breadcrumb\"},\"inLanguage\":\"en-US\",\"potentialAction\":[{\"@type\":\"ReadAction\",\"target\":[\"https:\\\/\\\/autorival.ro\\\/vw\\\/produs\\\/filtru-polen-vw-golf-vii-5g1-bq1-be1-be2-2-0-gti-benzina-230-cai-bosch-1-987-432-543\\\/\"]}]},{\"@type\":\"ImageObject\",\"inLanguage\":\"en-US\",\"@id\":\"https:\\\/\\\/autorival.ro\\\/vw\\\/produs\\\/filtru-polen-vw-golf-vii-5g1-bq1-be1-be2-2-0-gti-benzina-230-cai-bosch-1-987-432-543\\\/#primaryimage\",\"url\":\"https:\\\/\\\/autorival.ro\\\/vw\\\/wp-content\\\/uploads\\\/sites\\\/5\\\/2026\\\/02\\\/1987432543ph01whco0000-117.jpg\",\"contentUrl\":\"https:\\\/\\\/autorival.ro\\\/vw\\\/wp-content\\\/uploads\\\/sites\\\/5\\\/2026\\\/02\\\/1987432543ph01whco0000-117.jpg\",\"width\":1280,\"height\":819},{\"@type\":\"BreadcrumbList\",\"@id\":\"https:\\\/\\\/autorival.ro\\\/vw\\\/produs\\\/filtru-polen-vw-golf-vii-5g1-bq1-be1-be2-2-0-gti-benzina-230-cai-bosch-1-987-432-543\\\/#breadcrumb\",\"itemListElement\":[{\"@type\":\"ListItem\",\"position\":1,\"name\":\"Prima pagin\u0103\",\"item\":\"https:\\\/\\\/autorival.ro\\\/vw\\\/\"},{\"@type\":\"ListItem\",\"position\":2,\"name\":\"Piese auto VW\",\"item\":\"https:\\\/\\\/autorival.ro\\\/vw\\\/\"},{\"@type\":\"ListItem\",\"position\":3,\"name\":\"Filtru polen VW GOLF VII (5G1, BQ1, BE1, BE2) 2.0 GTI benzina 230 cai BOSCH 1 987 432 543\"}]},{\"@type\":\"WebSite\",\"@id\":\"https:\\\/\\\/autorival.ro\\\/vw\\\/#website\",\"url\":\"https:\\\/\\\/autorival.ro\\\/vw\\\/\",\"name\":\"VW\",\"description\":\"\",\"potentialAction\":[{\"@type\":\"SearchAction\",\"target\":{\"@type\":\"EntryPoint\",\"urlTemplate\":\"https:\\\/\\\/autorival.ro\\\/vw\\\/?s={search_term_string}\"},\"query-input\":{\"@type\":\"PropertyValueSpecification\",\"valueRequired\":true,\"valueName\":\"search_term_string\"}}],\"inLanguage\":\"en-US\"}]}<\/script>\n<!-- \/ Yoast SEO plugin. -->","yoast_head_json":{"title":"Filtru polen VW GOLF VII (5G1, BQ1, BE1, BE2) 2.0 GTI benzina 230 cai BOSCH 1 987 432 543 VW | BOSCH - Autorival","description":"\u26a1 Filtru polen VW GOLF VII (5G1, BQ1, BE1, BE2) 2.0 GTI benzina 230 cai BOSCH 1 987 432 543 pentru VW. \u2713 Cod: 1 \u2713 Brand: BOSCH \u2713 \u00cen stoc \u2713 Livrare 24h \u2713 Garan\u021bie!","robots":{"index":"index","follow":"follow","max-snippet":"max-snippet:-1","max-image-preview":"max-image-preview:large","max-video-preview":"max-video-preview:-1"},"og_locale":"en_US","og_type":"article","og_title":"Filtru polen VW GOLF VII (5G1, BQ1, BE1, BE2) 2.0 GTI benzina 230 cai BOSCH 1 987 432 543 VW | BOSCH - Autorival","og_description":"\u26a1 Filtru polen VW GOLF VII (5G1, BQ1, BE1, BE2) 2.0 GTI benzina 230 cai BOSCH 1 987 432 543 pentru VW. \u2713 Cod: 1 \u2713 Brand: BOSCH \u2713 \u00cen stoc \u2713 Livrare 24h \u2713 Garan\u021bie!","og_url":"https:\/\/autorival.ro\/vw\/produs\/filtru-polen-vw-golf-vii-5g1-bq1-be1-be2-2-0-gti-benzina-230-cai-bosch-1-987-432-543\/","og_site_name":"VW","og_image":[{"width":1280,"height":819,"url":"https:\/\/autorival.ro\/vw\/wp-content\/uploads\/sites\/5\/2026\/02\/1987432543ph01whco0000-117.jpg","type":"image\/jpeg"}],"twitter_card":"summary_large_image","twitter_title":"Filtru polen VW GOLF VII (5G1, BQ1, BE1, BE2) 2.0 GTI benzina 230 cai BOSCH 1 987 432 543 VW | BOSCH - Autorival","twitter_description":"\u26a1 Filtru polen VW GOLF VII (5G1, BQ1, BE1, BE2) 2.0 GTI benzina 230 cai BOSCH 1 987 432 543 pentru VW. \u2713 Cod: 1 \u2713 Brand: BOSCH \u2713 \u00cen stoc \u2713 Livrare 24h \u2713 Garan\u021bie!","schema":{"@context":"https:\/\/schema.org","@graph":[{"@type":"WebPage","@id":"https:\/\/autorival.ro\/vw\/produs\/filtru-polen-vw-golf-vii-5g1-bq1-be1-be2-2-0-gti-benzina-230-cai-bosch-1-987-432-543\/","url":"https:\/\/autorival.ro\/vw\/produs\/filtru-polen-vw-golf-vii-5g1-bq1-be1-be2-2-0-gti-benzina-230-cai-bosch-1-987-432-543\/","name":"Filtru polen VW GOLF VII (5G1, BQ1, BE1, BE2) 2.0 GTI benzina 230 cai BOSCH 1 987 432 543 VW | BOSCH - Autorival","isPartOf":{"@id":"https:\/\/autorival.ro\/vw\/#website"},"primaryImageOfPage":{"@id":"https:\/\/autorival.ro\/vw\/produs\/filtru-polen-vw-golf-vii-5g1-bq1-be1-be2-2-0-gti-benzina-230-cai-bosch-1-987-432-543\/#primaryimage"},"image":{"@id":"https:\/\/autorival.ro\/vw\/produs\/filtru-polen-vw-golf-vii-5g1-bq1-be1-be2-2-0-gti-benzina-230-cai-bosch-1-987-432-543\/#primaryimage"},"thumbnailUrl":"https:\/\/autorival.ro\/vw\/wp-content\/uploads\/sites\/5\/2026\/02\/1987432543ph01whco0000-117.jpg","datePublished":"2026-02-09T21:31:45+00:00","description":"\u26a1 Filtru polen VW GOLF VII (5G1, BQ1, BE1, BE2) 2.0 GTI benzina 230 cai BOSCH 1 987 432 543 pentru VW. \u2713 Cod: 1 \u2713 Brand: BOSCH \u2713 \u00cen stoc \u2713 Livrare 24h \u2713 Garan\u021bie!","breadcrumb":{"@id":"https:\/\/autorival.ro\/vw\/produs\/filtru-polen-vw-golf-vii-5g1-bq1-be1-be2-2-0-gti-benzina-230-cai-bosch-1-987-432-543\/#breadcrumb"},"inLanguage":"en-US","potentialAction":[{"@type":"ReadAction","target":["https:\/\/autorival.ro\/vw\/produs\/filtru-polen-vw-golf-vii-5g1-bq1-be1-be2-2-0-gti-benzina-230-cai-bosch-1-987-432-543\/"]}]},{"@type":"ImageObject","inLanguage":"en-US","@id":"https:\/\/autorival.ro\/vw\/produs\/filtru-polen-vw-golf-vii-5g1-bq1-be1-be2-2-0-gti-benzina-230-cai-bosch-1-987-432-543\/#primaryimage","url":"https:\/\/autorival.ro\/vw\/wp-content\/uploads\/sites\/5\/2026\/02\/1987432543ph01whco0000-117.jpg","contentUrl":"https:\/\/autorival.ro\/vw\/wp-content\/uploads\/sites\/5\/2026\/02\/1987432543ph01whco0000-117.jpg","width":1280,"height":819},{"@type":"BreadcrumbList","@id":"https:\/\/autorival.ro\/vw\/produs\/filtru-polen-vw-golf-vii-5g1-bq1-be1-be2-2-0-gti-benzina-230-cai-bosch-1-987-432-543\/#breadcrumb","itemListElement":[{"@type":"ListItem","position":1,"name":"Prima pagin\u0103","item":"https:\/\/autorival.ro\/vw\/"},{"@type":"ListItem","position":2,"name":"Piese auto VW","item":"https:\/\/autorival.ro\/vw\/"},{"@type":"ListItem","position":3,"name":"Filtru polen VW GOLF VII (5G1, BQ1, BE1, BE2) 2.0 GTI benzina 230 cai BOSCH 1 987 432 543"}]},{"@type":"WebSite","@id":"https:\/\/autorival.ro\/vw\/#website","url":"https:\/\/autorival.ro\/vw\/","name":"VW","description":"","potentialAction":[{"@type":"SearchAction","target":{"@type":"EntryPoint","urlTemplate":"https:\/\/autorival.ro\/vw\/?s={search_term_string}"},"query-input":{"@type":"PropertyValueSpecification","valueRequired":true,"valueName":"search_term_string"}}],"inLanguage":"en-US"}]}},"_links":{"self":[{"href":"https:\/\/autorival.ro\/vw\/wp-json\/wp\/v2\/product\/2624380","targetHints":{"allow":["GET"]}}],"collection":[{"href":"https:\/\/autorival.ro\/vw\/wp-json\/wp\/v2\/product"}],"about":[{"href":"https:\/\/autorival.ro\/vw\/wp-json\/wp\/v2\/types\/product"}],"replies":[{"embeddable":true,"href":"https:\/\/autorival.ro\/vw\/wp-json\/wp\/v2\/comments?post=2624380"}],"wp:featuredmedia":[{"embeddable":true,"href":"https:\/\/autorival.ro\/vw\/wp-json\/wp\/v2\/media\/2624381"}],"wp:attachment":[{"href":"https:\/\/autorival.ro\/vw\/wp-json\/wp\/v2\/media?parent=2624380"}],"wp:term":[{"taxonomy":"product_brand","embeddable":true,"href":"https:\/\/autorival.ro\/vw\/wp-json\/wp\/v2\/product_brand?post=2624380"},{"taxonomy":"product_cat","embeddable":true,"href":"https:\/\/autorival.ro\/vw\/wp-json\/wp\/v2\/product_cat?post=2624380"},{"taxonomy":"product_tag","embeddable":true,"href":"https:\/\/autorival.ro\/vw\/wp-json\/wp\/v2\/product_tag?post=2624380"}],"curies":[{"name":"wp","href":"https:\/\/api.w.org\/{rel}","templated":true}]}}