{"id":2479076,"date":"2026-02-07T09:17:36","date_gmt":"2026-02-07T09:17:36","guid":{"rendered":"https:\/\/autorival.ro\/vw\/produs\/element-actionare-etrier-frana-de-parcare-vw-golf-alltrack-vii-variant-ba5-bv5-1-8-tsi-4motion-benzina-180-cai-metzger-0899053\/"},"modified":"2026-02-07T09:17:36","modified_gmt":"2026-02-07T09:17:36","slug":"element-actionare-etrier-frana-de-parcare-vw-golf-alltrack-vii-variant-ba5-bv5-1-8-tsi-4motion-benzina-180-cai-metzger-0899053","status":"publish","type":"product","link":"https:\/\/autorival.ro\/vw\/produs\/element-actionare-etrier-frana-de-parcare-vw-golf-alltrack-vii-variant-ba5-bv5-1-8-tsi-4motion-benzina-180-cai-metzger-0899053\/","title":{"rendered":"Element actionare etrier frana de parcare VW GOLF ALLTRACK VII Variant (BA5, BV5) 1.8 TSI 4motion benzina 180 cai METZGER 0899053"},"content":{"rendered":"<p>Mod de operare: electricPartea de montare: Axa spate dreaptaInstala\u021bie de fr\u00e2nare: pentru vehicule cu frana disc pe axa spateEchipament vehicul: pentru vehicule cu fr\u00e2n\u0103 de parcare electric\u0103Nr. articol al accesoriului recomandat: 5Q0 698 365Numar articol par: 0899052<\/p>\n","protected":false},"excerpt":{"rendered":"<p>Producator: METZGER Cod producator: 0899053<\/p>\n","protected":false},"featured_media":2479077,"comment_status":"open","ping_status":"closed","template":"","meta":[],"product_brand":[1975],"product_cat":[23824],"product_tag":[],"class_list":{"0":"post-2479076","1":"product","2":"type-product","3":"status-publish","4":"has-post-thumbnail","6":"product_brand-metzger","7":"product_cat-element-actionare-etrier-frana-de-parcare-ba5-bv5-1-8-tsi-4motion-benzina-180","9":"first","10":"instock","11":"shipping-taxable","12":"purchasable","13":"product-type-simple"},"yoast_head":"<!-- This site is optimized with the Yoast SEO plugin v27.3 - https:\/\/yoast.com\/product\/yoast-seo-wordpress\/ -->\n<title>Element actionare etrier frana de parcare VW GOLF ALLTRACK VII Variant (BA5, BV5) 1.8 TSI 4motion benzina 180 cai METZGER 0899053 VW | METZGER - Autorival<\/title>\n<meta name=\"description\" content=\"\u26a1 Element actionare etrier frana de parcare VW GOLF ALLTRACK VII Variant (BA5, BV5) 1.8 TSI 4motion benzina 180 cai METZGER 0899053 pentru VW. \u2713 Cod: 0899053 \u2713 Brand: METZGER \u2713 \u00cen stoc \u2713 Livrare 24h \u2713 Garan\u021bie!\" \/>\n<meta name=\"robots\" content=\"index, follow, max-snippet:-1, max-image-preview:large, max-video-preview:-1\" \/>\n<meta property=\"og:locale\" content=\"en_US\" \/>\n<meta property=\"og:type\" content=\"article\" \/>\n<meta property=\"og:title\" content=\"Element actionare etrier frana de parcare VW GOLF ALLTRACK VII Variant (BA5, BV5) 1.8 TSI 4motion benzina 180 cai METZGER 0899053 VW | METZGER - Autorival\" \/>\n<meta property=\"og:description\" content=\"\u26a1 Element actionare etrier frana de parcare VW GOLF ALLTRACK VII Variant (BA5, BV5) 1.8 TSI 4motion benzina 180 cai METZGER 0899053 pentru VW. \u2713 Cod: 0899053 \u2713 Brand: METZGER \u2713 \u00cen stoc \u2713 Livrare 24h \u2713 Garan\u021bie!\" \/>\n<meta property=\"og:url\" content=\"https:\/\/autorival.ro\/vw\/produs\/element-actionare-etrier-frana-de-parcare-vw-golf-alltrack-vii-variant-ba5-bv5-1-8-tsi-4motion-benzina-180-cai-metzger-0899053\/\" \/>\n<meta property=\"og:site_name\" content=\"VW\" \/>\n<meta property=\"og:image\" content=\"https:\/\/autorival.ro\/vw\/wp-content\/uploads\/sites\/5\/2026\/02\/0899053-1.jpg\" \/>\n\t<meta property=\"og:image:width\" content=\"492\" \/>\n\t<meta property=\"og:image:height\" content=\"399\" \/>\n\t<meta property=\"og:image:type\" content=\"image\/jpeg\" \/>\n<meta name=\"twitter:card\" content=\"summary_large_image\" \/>\n<meta name=\"twitter:title\" content=\"Element actionare etrier frana de parcare VW GOLF ALLTRACK VII Variant (BA5, BV5) 1.8 TSI 4motion benzina 180 cai METZGER 0899053 VW | METZGER - Autorival\" \/>\n<meta name=\"twitter:description\" content=\"\u26a1 Element actionare etrier frana de parcare VW GOLF ALLTRACK VII Variant (BA5, BV5) 1.8 TSI 4motion benzina 180 cai METZGER 0899053 pentru VW. \u2713 Cod: 0899053 \u2713 Brand: METZGER \u2713 \u00cen stoc \u2713 Livrare 24h \u2713 Garan\u021bie!\" \/>\n<script type=\"application\/ld+json\" class=\"yoast-schema-graph\">{\"@context\":\"https:\\\/\\\/schema.org\",\"@graph\":[{\"@type\":\"WebPage\",\"@id\":\"https:\\\/\\\/autorival.ro\\\/vw\\\/produs\\\/element-actionare-etrier-frana-de-parcare-vw-golf-alltrack-vii-variant-ba5-bv5-1-8-tsi-4motion-benzina-180-cai-metzger-0899053\\\/\",\"url\":\"https:\\\/\\\/autorival.ro\\\/vw\\\/produs\\\/element-actionare-etrier-frana-de-parcare-vw-golf-alltrack-vii-variant-ba5-bv5-1-8-tsi-4motion-benzina-180-cai-metzger-0899053\\\/\",\"name\":\"Element actionare etrier frana de parcare VW GOLF ALLTRACK VII Variant (BA5, BV5) 1.8 TSI 4motion benzina 180 cai METZGER 0899053 VW | METZGER - Autorival\",\"isPartOf\":{\"@id\":\"https:\\\/\\\/autorival.ro\\\/vw\\\/#website\"},\"primaryImageOfPage\":{\"@id\":\"https:\\\/\\\/autorival.ro\\\/vw\\\/produs\\\/element-actionare-etrier-frana-de-parcare-vw-golf-alltrack-vii-variant-ba5-bv5-1-8-tsi-4motion-benzina-180-cai-metzger-0899053\\\/#primaryimage\"},\"image\":{\"@id\":\"https:\\\/\\\/autorival.ro\\\/vw\\\/produs\\\/element-actionare-etrier-frana-de-parcare-vw-golf-alltrack-vii-variant-ba5-bv5-1-8-tsi-4motion-benzina-180-cai-metzger-0899053\\\/#primaryimage\"},\"thumbnailUrl\":\"https:\\\/\\\/autorival.ro\\\/vw\\\/wp-content\\\/uploads\\\/sites\\\/5\\\/2026\\\/02\\\/0899053-1.jpg\",\"datePublished\":\"2026-02-07T09:17:36+00:00\",\"description\":\"\u26a1 Element actionare etrier frana de parcare VW GOLF ALLTRACK VII Variant (BA5, BV5) 1.8 TSI 4motion benzina 180 cai METZGER 0899053 pentru VW. \u2713 Cod: 0899053 \u2713 Brand: METZGER \u2713 \u00cen stoc \u2713 Livrare 24h \u2713 Garan\u021bie!\",\"breadcrumb\":{\"@id\":\"https:\\\/\\\/autorival.ro\\\/vw\\\/produs\\\/element-actionare-etrier-frana-de-parcare-vw-golf-alltrack-vii-variant-ba5-bv5-1-8-tsi-4motion-benzina-180-cai-metzger-0899053\\\/#breadcrumb\"},\"inLanguage\":\"en-US\",\"potentialAction\":[{\"@type\":\"ReadAction\",\"target\":[\"https:\\\/\\\/autorival.ro\\\/vw\\\/produs\\\/element-actionare-etrier-frana-de-parcare-vw-golf-alltrack-vii-variant-ba5-bv5-1-8-tsi-4motion-benzina-180-cai-metzger-0899053\\\/\"]}]},{\"@type\":\"ImageObject\",\"inLanguage\":\"en-US\",\"@id\":\"https:\\\/\\\/autorival.ro\\\/vw\\\/produs\\\/element-actionare-etrier-frana-de-parcare-vw-golf-alltrack-vii-variant-ba5-bv5-1-8-tsi-4motion-benzina-180-cai-metzger-0899053\\\/#primaryimage\",\"url\":\"https:\\\/\\\/autorival.ro\\\/vw\\\/wp-content\\\/uploads\\\/sites\\\/5\\\/2026\\\/02\\\/0899053-1.jpg\",\"contentUrl\":\"https:\\\/\\\/autorival.ro\\\/vw\\\/wp-content\\\/uploads\\\/sites\\\/5\\\/2026\\\/02\\\/0899053-1.jpg\",\"width\":492,\"height\":399},{\"@type\":\"BreadcrumbList\",\"@id\":\"https:\\\/\\\/autorival.ro\\\/vw\\\/produs\\\/element-actionare-etrier-frana-de-parcare-vw-golf-alltrack-vii-variant-ba5-bv5-1-8-tsi-4motion-benzina-180-cai-metzger-0899053\\\/#breadcrumb\",\"itemListElement\":[{\"@type\":\"ListItem\",\"position\":1,\"name\":\"Prima pagin\u0103\",\"item\":\"https:\\\/\\\/autorival.ro\\\/vw\\\/\"},{\"@type\":\"ListItem\",\"position\":2,\"name\":\"Piese auto VW\",\"item\":\"https:\\\/\\\/autorival.ro\\\/vw\\\/\"},{\"@type\":\"ListItem\",\"position\":3,\"name\":\"Element actionare etrier frana de parcare VW GOLF ALLTRACK VII Variant (BA5, BV5) 1.8 TSI 4motion benzina 180 cai METZGER 0899053\"}]},{\"@type\":\"WebSite\",\"@id\":\"https:\\\/\\\/autorival.ro\\\/vw\\\/#website\",\"url\":\"https:\\\/\\\/autorival.ro\\\/vw\\\/\",\"name\":\"VW\",\"description\":\"\",\"potentialAction\":[{\"@type\":\"SearchAction\",\"target\":{\"@type\":\"EntryPoint\",\"urlTemplate\":\"https:\\\/\\\/autorival.ro\\\/vw\\\/?s={search_term_string}\"},\"query-input\":{\"@type\":\"PropertyValueSpecification\",\"valueRequired\":true,\"valueName\":\"search_term_string\"}}],\"inLanguage\":\"en-US\"}]}<\/script>\n<!-- \/ Yoast SEO plugin. -->","yoast_head_json":{"title":"Element actionare etrier frana de parcare VW GOLF ALLTRACK VII Variant (BA5, BV5) 1.8 TSI 4motion benzina 180 cai METZGER 0899053 VW | METZGER - Autorival","description":"\u26a1 Element actionare etrier frana de parcare VW GOLF ALLTRACK VII Variant (BA5, BV5) 1.8 TSI 4motion benzina 180 cai METZGER 0899053 pentru VW. \u2713 Cod: 0899053 \u2713 Brand: METZGER \u2713 \u00cen stoc \u2713 Livrare 24h \u2713 Garan\u021bie!","robots":{"index":"index","follow":"follow","max-snippet":"max-snippet:-1","max-image-preview":"max-image-preview:large","max-video-preview":"max-video-preview:-1"},"og_locale":"en_US","og_type":"article","og_title":"Element actionare etrier frana de parcare VW GOLF ALLTRACK VII Variant (BA5, BV5) 1.8 TSI 4motion benzina 180 cai METZGER 0899053 VW | METZGER - Autorival","og_description":"\u26a1 Element actionare etrier frana de parcare VW GOLF ALLTRACK VII Variant (BA5, BV5) 1.8 TSI 4motion benzina 180 cai METZGER 0899053 pentru VW. \u2713 Cod: 0899053 \u2713 Brand: METZGER \u2713 \u00cen stoc \u2713 Livrare 24h \u2713 Garan\u021bie!","og_url":"https:\/\/autorival.ro\/vw\/produs\/element-actionare-etrier-frana-de-parcare-vw-golf-alltrack-vii-variant-ba5-bv5-1-8-tsi-4motion-benzina-180-cai-metzger-0899053\/","og_site_name":"VW","og_image":[{"width":492,"height":399,"url":"https:\/\/autorival.ro\/vw\/wp-content\/uploads\/sites\/5\/2026\/02\/0899053-1.jpg","type":"image\/jpeg"}],"twitter_card":"summary_large_image","twitter_title":"Element actionare etrier frana de parcare VW GOLF ALLTRACK VII Variant (BA5, BV5) 1.8 TSI 4motion benzina 180 cai METZGER 0899053 VW | METZGER - Autorival","twitter_description":"\u26a1 Element actionare etrier frana de parcare VW GOLF ALLTRACK VII Variant (BA5, BV5) 1.8 TSI 4motion benzina 180 cai METZGER 0899053 pentru VW. \u2713 Cod: 0899053 \u2713 Brand: METZGER \u2713 \u00cen stoc \u2713 Livrare 24h \u2713 Garan\u021bie!","schema":{"@context":"https:\/\/schema.org","@graph":[{"@type":"WebPage","@id":"https:\/\/autorival.ro\/vw\/produs\/element-actionare-etrier-frana-de-parcare-vw-golf-alltrack-vii-variant-ba5-bv5-1-8-tsi-4motion-benzina-180-cai-metzger-0899053\/","url":"https:\/\/autorival.ro\/vw\/produs\/element-actionare-etrier-frana-de-parcare-vw-golf-alltrack-vii-variant-ba5-bv5-1-8-tsi-4motion-benzina-180-cai-metzger-0899053\/","name":"Element actionare etrier frana de parcare VW GOLF ALLTRACK VII Variant (BA5, BV5) 1.8 TSI 4motion benzina 180 cai METZGER 0899053 VW | METZGER - Autorival","isPartOf":{"@id":"https:\/\/autorival.ro\/vw\/#website"},"primaryImageOfPage":{"@id":"https:\/\/autorival.ro\/vw\/produs\/element-actionare-etrier-frana-de-parcare-vw-golf-alltrack-vii-variant-ba5-bv5-1-8-tsi-4motion-benzina-180-cai-metzger-0899053\/#primaryimage"},"image":{"@id":"https:\/\/autorival.ro\/vw\/produs\/element-actionare-etrier-frana-de-parcare-vw-golf-alltrack-vii-variant-ba5-bv5-1-8-tsi-4motion-benzina-180-cai-metzger-0899053\/#primaryimage"},"thumbnailUrl":"https:\/\/autorival.ro\/vw\/wp-content\/uploads\/sites\/5\/2026\/02\/0899053-1.jpg","datePublished":"2026-02-07T09:17:36+00:00","description":"\u26a1 Element actionare etrier frana de parcare VW GOLF ALLTRACK VII Variant (BA5, BV5) 1.8 TSI 4motion benzina 180 cai METZGER 0899053 pentru VW. \u2713 Cod: 0899053 \u2713 Brand: METZGER \u2713 \u00cen stoc \u2713 Livrare 24h \u2713 Garan\u021bie!","breadcrumb":{"@id":"https:\/\/autorival.ro\/vw\/produs\/element-actionare-etrier-frana-de-parcare-vw-golf-alltrack-vii-variant-ba5-bv5-1-8-tsi-4motion-benzina-180-cai-metzger-0899053\/#breadcrumb"},"inLanguage":"en-US","potentialAction":[{"@type":"ReadAction","target":["https:\/\/autorival.ro\/vw\/produs\/element-actionare-etrier-frana-de-parcare-vw-golf-alltrack-vii-variant-ba5-bv5-1-8-tsi-4motion-benzina-180-cai-metzger-0899053\/"]}]},{"@type":"ImageObject","inLanguage":"en-US","@id":"https:\/\/autorival.ro\/vw\/produs\/element-actionare-etrier-frana-de-parcare-vw-golf-alltrack-vii-variant-ba5-bv5-1-8-tsi-4motion-benzina-180-cai-metzger-0899053\/#primaryimage","url":"https:\/\/autorival.ro\/vw\/wp-content\/uploads\/sites\/5\/2026\/02\/0899053-1.jpg","contentUrl":"https:\/\/autorival.ro\/vw\/wp-content\/uploads\/sites\/5\/2026\/02\/0899053-1.jpg","width":492,"height":399},{"@type":"BreadcrumbList","@id":"https:\/\/autorival.ro\/vw\/produs\/element-actionare-etrier-frana-de-parcare-vw-golf-alltrack-vii-variant-ba5-bv5-1-8-tsi-4motion-benzina-180-cai-metzger-0899053\/#breadcrumb","itemListElement":[{"@type":"ListItem","position":1,"name":"Prima pagin\u0103","item":"https:\/\/autorival.ro\/vw\/"},{"@type":"ListItem","position":2,"name":"Piese auto VW","item":"https:\/\/autorival.ro\/vw\/"},{"@type":"ListItem","position":3,"name":"Element actionare etrier frana de parcare VW GOLF ALLTRACK VII Variant (BA5, BV5) 1.8 TSI 4motion benzina 180 cai METZGER 0899053"}]},{"@type":"WebSite","@id":"https:\/\/autorival.ro\/vw\/#website","url":"https:\/\/autorival.ro\/vw\/","name":"VW","description":"","potentialAction":[{"@type":"SearchAction","target":{"@type":"EntryPoint","urlTemplate":"https:\/\/autorival.ro\/vw\/?s={search_term_string}"},"query-input":{"@type":"PropertyValueSpecification","valueRequired":true,"valueName":"search_term_string"}}],"inLanguage":"en-US"}]}},"_links":{"self":[{"href":"https:\/\/autorival.ro\/vw\/wp-json\/wp\/v2\/product\/2479076","targetHints":{"allow":["GET"]}}],"collection":[{"href":"https:\/\/autorival.ro\/vw\/wp-json\/wp\/v2\/product"}],"about":[{"href":"https:\/\/autorival.ro\/vw\/wp-json\/wp\/v2\/types\/product"}],"replies":[{"embeddable":true,"href":"https:\/\/autorival.ro\/vw\/wp-json\/wp\/v2\/comments?post=2479076"}],"wp:featuredmedia":[{"embeddable":true,"href":"https:\/\/autorival.ro\/vw\/wp-json\/wp\/v2\/media\/2479077"}],"wp:attachment":[{"href":"https:\/\/autorival.ro\/vw\/wp-json\/wp\/v2\/media?parent=2479076"}],"wp:term":[{"taxonomy":"product_brand","embeddable":true,"href":"https:\/\/autorival.ro\/vw\/wp-json\/wp\/v2\/product_brand?post=2479076"},{"taxonomy":"product_cat","embeddable":true,"href":"https:\/\/autorival.ro\/vw\/wp-json\/wp\/v2\/product_cat?post=2479076"},{"taxonomy":"product_tag","embeddable":true,"href":"https:\/\/autorival.ro\/vw\/wp-json\/wp\/v2\/product_tag?post=2479076"}],"curies":[{"name":"wp","href":"https:\/\/api.w.org\/{rel}","templated":true}]}}