{"id":2477578,"date":"2026-02-07T08:49:33","date_gmt":"2026-02-07T08:49:33","guid":{"rendered":"https:\/\/autorival.ro\/vw\/produs\/electromotor-vw-golf-vii-5g1-bq1-be1-be2-2-0-gti-clubsport-s-benzina-310-cai-as-pl-s6491sr\/"},"modified":"2026-02-07T08:49:33","modified_gmt":"2026-02-07T08:49:33","slug":"electromotor-vw-golf-vii-5g1-bq1-be1-be2-2-0-gti-clubsport-s-benzina-310-cai-as-pl-s6491sr","status":"publish","type":"product","link":"https:\/\/autorival.ro\/vw\/produs\/electromotor-vw-golf-vii-5g1-bq1-be1-be2-2-0-gti-clubsport-s-benzina-310-cai-as-pl-s6491sr\/","title":{"rendered":"Electromotor VW GOLF VII (5G1, BQ1, BE1, BE2) 2.0 GTI Clubsport S benzina 310 cai AS-PL S6491SR"},"content":{"rendered":"<p>Restrictiile producatorului: DENSOPutere electromotor [kW]: 1,5Tensiune [V]: 12Numarul gaurilor de fixare: 3Directia de rotatie: rotatie contrar acelor de ceasornicNumar dinti: 13Calitate: STANDARD LINEPies\u0103 de schimb f\u0103r\u0103 gaj<\/p>\n","protected":false},"excerpt":{"rendered":"<p>Producator: AS-PL Cod producator: S6491SR<\/p>\n","protected":false},"featured_media":2477579,"comment_status":"open","ping_status":"closed","template":"","meta":[],"product_brand":[1403],"product_cat":[23702],"product_tag":[],"class_list":{"0":"post-2477578","1":"product","2":"type-product","3":"status-publish","4":"has-post-thumbnail","6":"product_brand-as-pl","7":"product_cat-electromotor-5g1-bq1-be1-be2-2-0-gti-clubsport-s-benzina-310","9":"first","10":"instock","11":"shipping-taxable","12":"purchasable","13":"product-type-simple"},"yoast_head":"<!-- This site is optimized with the Yoast SEO plugin v27.3 - https:\/\/yoast.com\/product\/yoast-seo-wordpress\/ -->\n<title>Electromotor VW GOLF VII (5G1, BQ1, BE1, BE2) 2.0 GTI Clubsport S benzina 310 cai AS-PL S6491SR VW | AS-PL - Autorival<\/title>\n<meta name=\"description\" content=\"\u26a1 Electromotor VW GOLF VII (5G1, BQ1, BE1, BE2) 2.0 GTI Clubsport S benzina 310 cai AS-PL S6491SR pentru VW. \u2713 Cod: S6491SR \u2713 Brand: AS-PL \u2713 \u00cen stoc \u2713 Livrare 24h \u2713 Garan\u021bie!\" \/>\n<meta name=\"robots\" content=\"index, follow, max-snippet:-1, max-image-preview:large, max-video-preview:-1\" \/>\n<meta property=\"og:locale\" content=\"en_US\" \/>\n<meta property=\"og:type\" content=\"article\" \/>\n<meta property=\"og:title\" content=\"Electromotor VW GOLF VII (5G1, BQ1, BE1, BE2) 2.0 GTI Clubsport S benzina 310 cai AS-PL S6491SR VW | AS-PL - Autorival\" \/>\n<meta property=\"og:description\" content=\"\u26a1 Electromotor VW GOLF VII (5G1, BQ1, BE1, BE2) 2.0 GTI Clubsport S benzina 310 cai AS-PL S6491SR pentru VW. \u2713 Cod: S6491SR \u2713 Brand: AS-PL \u2713 \u00cen stoc \u2713 Livrare 24h \u2713 Garan\u021bie!\" \/>\n<meta property=\"og:url\" content=\"https:\/\/autorival.ro\/vw\/produs\/electromotor-vw-golf-vii-5g1-bq1-be1-be2-2-0-gti-clubsport-s-benzina-310-cai-as-pl-s6491sr\/\" \/>\n<meta property=\"og:site_name\" content=\"VW\" \/>\n<meta property=\"og:image\" content=\"https:\/\/autorival.ro\/vw\/wp-content\/uploads\/sites\/5\/2026\/02\/222059-12.jpg\" \/>\n\t<meta property=\"og:image:width\" content=\"1080\" \/>\n\t<meta property=\"og:image:height\" content=\"810\" \/>\n\t<meta property=\"og:image:type\" content=\"image\/jpeg\" \/>\n<meta name=\"twitter:card\" content=\"summary_large_image\" \/>\n<meta name=\"twitter:title\" content=\"Electromotor VW GOLF VII (5G1, BQ1, BE1, BE2) 2.0 GTI Clubsport S benzina 310 cai AS-PL S6491SR VW | AS-PL - Autorival\" \/>\n<meta name=\"twitter:description\" content=\"\u26a1 Electromotor VW GOLF VII (5G1, BQ1, BE1, BE2) 2.0 GTI Clubsport S benzina 310 cai AS-PL S6491SR pentru VW. \u2713 Cod: S6491SR \u2713 Brand: AS-PL \u2713 \u00cen stoc \u2713 Livrare 24h \u2713 Garan\u021bie!\" \/>\n<script type=\"application\/ld+json\" class=\"yoast-schema-graph\">{\"@context\":\"https:\\\/\\\/schema.org\",\"@graph\":[{\"@type\":\"WebPage\",\"@id\":\"https:\\\/\\\/autorival.ro\\\/vw\\\/produs\\\/electromotor-vw-golf-vii-5g1-bq1-be1-be2-2-0-gti-clubsport-s-benzina-310-cai-as-pl-s6491sr\\\/\",\"url\":\"https:\\\/\\\/autorival.ro\\\/vw\\\/produs\\\/electromotor-vw-golf-vii-5g1-bq1-be1-be2-2-0-gti-clubsport-s-benzina-310-cai-as-pl-s6491sr\\\/\",\"name\":\"Electromotor VW GOLF VII (5G1, BQ1, BE1, BE2) 2.0 GTI Clubsport S benzina 310 cai AS-PL S6491SR VW | AS-PL - Autorival\",\"isPartOf\":{\"@id\":\"https:\\\/\\\/autorival.ro\\\/vw\\\/#website\"},\"primaryImageOfPage\":{\"@id\":\"https:\\\/\\\/autorival.ro\\\/vw\\\/produs\\\/electromotor-vw-golf-vii-5g1-bq1-be1-be2-2-0-gti-clubsport-s-benzina-310-cai-as-pl-s6491sr\\\/#primaryimage\"},\"image\":{\"@id\":\"https:\\\/\\\/autorival.ro\\\/vw\\\/produs\\\/electromotor-vw-golf-vii-5g1-bq1-be1-be2-2-0-gti-clubsport-s-benzina-310-cai-as-pl-s6491sr\\\/#primaryimage\"},\"thumbnailUrl\":\"https:\\\/\\\/autorival.ro\\\/vw\\\/wp-content\\\/uploads\\\/sites\\\/5\\\/2026\\\/02\\\/222059-12.jpg\",\"datePublished\":\"2026-02-07T08:49:33+00:00\",\"description\":\"\u26a1 Electromotor VW GOLF VII (5G1, BQ1, BE1, BE2) 2.0 GTI Clubsport S benzina 310 cai AS-PL S6491SR pentru VW. \u2713 Cod: S6491SR \u2713 Brand: AS-PL \u2713 \u00cen stoc \u2713 Livrare 24h \u2713 Garan\u021bie!\",\"breadcrumb\":{\"@id\":\"https:\\\/\\\/autorival.ro\\\/vw\\\/produs\\\/electromotor-vw-golf-vii-5g1-bq1-be1-be2-2-0-gti-clubsport-s-benzina-310-cai-as-pl-s6491sr\\\/#breadcrumb\"},\"inLanguage\":\"en-US\",\"potentialAction\":[{\"@type\":\"ReadAction\",\"target\":[\"https:\\\/\\\/autorival.ro\\\/vw\\\/produs\\\/electromotor-vw-golf-vii-5g1-bq1-be1-be2-2-0-gti-clubsport-s-benzina-310-cai-as-pl-s6491sr\\\/\"]}]},{\"@type\":\"ImageObject\",\"inLanguage\":\"en-US\",\"@id\":\"https:\\\/\\\/autorival.ro\\\/vw\\\/produs\\\/electromotor-vw-golf-vii-5g1-bq1-be1-be2-2-0-gti-clubsport-s-benzina-310-cai-as-pl-s6491sr\\\/#primaryimage\",\"url\":\"https:\\\/\\\/autorival.ro\\\/vw\\\/wp-content\\\/uploads\\\/sites\\\/5\\\/2026\\\/02\\\/222059-12.jpg\",\"contentUrl\":\"https:\\\/\\\/autorival.ro\\\/vw\\\/wp-content\\\/uploads\\\/sites\\\/5\\\/2026\\\/02\\\/222059-12.jpg\",\"width\":1080,\"height\":810},{\"@type\":\"BreadcrumbList\",\"@id\":\"https:\\\/\\\/autorival.ro\\\/vw\\\/produs\\\/electromotor-vw-golf-vii-5g1-bq1-be1-be2-2-0-gti-clubsport-s-benzina-310-cai-as-pl-s6491sr\\\/#breadcrumb\",\"itemListElement\":[{\"@type\":\"ListItem\",\"position\":1,\"name\":\"Prima pagin\u0103\",\"item\":\"https:\\\/\\\/autorival.ro\\\/vw\\\/\"},{\"@type\":\"ListItem\",\"position\":2,\"name\":\"Piese auto VW\",\"item\":\"https:\\\/\\\/autorival.ro\\\/vw\\\/\"},{\"@type\":\"ListItem\",\"position\":3,\"name\":\"Electromotor VW GOLF VII (5G1, BQ1, BE1, BE2) 2.0 GTI Clubsport S benzina 310 cai AS-PL S6491SR\"}]},{\"@type\":\"WebSite\",\"@id\":\"https:\\\/\\\/autorival.ro\\\/vw\\\/#website\",\"url\":\"https:\\\/\\\/autorival.ro\\\/vw\\\/\",\"name\":\"VW\",\"description\":\"\",\"potentialAction\":[{\"@type\":\"SearchAction\",\"target\":{\"@type\":\"EntryPoint\",\"urlTemplate\":\"https:\\\/\\\/autorival.ro\\\/vw\\\/?s={search_term_string}\"},\"query-input\":{\"@type\":\"PropertyValueSpecification\",\"valueRequired\":true,\"valueName\":\"search_term_string\"}}],\"inLanguage\":\"en-US\"}]}<\/script>\n<!-- \/ Yoast SEO plugin. -->","yoast_head_json":{"title":"Electromotor VW GOLF VII (5G1, BQ1, BE1, BE2) 2.0 GTI Clubsport S benzina 310 cai AS-PL S6491SR VW | AS-PL - Autorival","description":"\u26a1 Electromotor VW GOLF VII (5G1, BQ1, BE1, BE2) 2.0 GTI Clubsport S benzina 310 cai AS-PL S6491SR pentru VW. \u2713 Cod: S6491SR \u2713 Brand: AS-PL \u2713 \u00cen stoc \u2713 Livrare 24h \u2713 Garan\u021bie!","robots":{"index":"index","follow":"follow","max-snippet":"max-snippet:-1","max-image-preview":"max-image-preview:large","max-video-preview":"max-video-preview:-1"},"og_locale":"en_US","og_type":"article","og_title":"Electromotor VW GOLF VII (5G1, BQ1, BE1, BE2) 2.0 GTI Clubsport S benzina 310 cai AS-PL S6491SR VW | AS-PL - Autorival","og_description":"\u26a1 Electromotor VW GOLF VII (5G1, BQ1, BE1, BE2) 2.0 GTI Clubsport S benzina 310 cai AS-PL S6491SR pentru VW. \u2713 Cod: S6491SR \u2713 Brand: AS-PL \u2713 \u00cen stoc \u2713 Livrare 24h \u2713 Garan\u021bie!","og_url":"https:\/\/autorival.ro\/vw\/produs\/electromotor-vw-golf-vii-5g1-bq1-be1-be2-2-0-gti-clubsport-s-benzina-310-cai-as-pl-s6491sr\/","og_site_name":"VW","og_image":[{"width":1080,"height":810,"url":"https:\/\/autorival.ro\/vw\/wp-content\/uploads\/sites\/5\/2026\/02\/222059-12.jpg","type":"image\/jpeg"}],"twitter_card":"summary_large_image","twitter_title":"Electromotor VW GOLF VII (5G1, BQ1, BE1, BE2) 2.0 GTI Clubsport S benzina 310 cai AS-PL S6491SR VW | AS-PL - Autorival","twitter_description":"\u26a1 Electromotor VW GOLF VII (5G1, BQ1, BE1, BE2) 2.0 GTI Clubsport S benzina 310 cai AS-PL S6491SR pentru VW. \u2713 Cod: S6491SR \u2713 Brand: AS-PL \u2713 \u00cen stoc \u2713 Livrare 24h \u2713 Garan\u021bie!","schema":{"@context":"https:\/\/schema.org","@graph":[{"@type":"WebPage","@id":"https:\/\/autorival.ro\/vw\/produs\/electromotor-vw-golf-vii-5g1-bq1-be1-be2-2-0-gti-clubsport-s-benzina-310-cai-as-pl-s6491sr\/","url":"https:\/\/autorival.ro\/vw\/produs\/electromotor-vw-golf-vii-5g1-bq1-be1-be2-2-0-gti-clubsport-s-benzina-310-cai-as-pl-s6491sr\/","name":"Electromotor VW GOLF VII (5G1, BQ1, BE1, BE2) 2.0 GTI Clubsport S benzina 310 cai AS-PL S6491SR VW | AS-PL - Autorival","isPartOf":{"@id":"https:\/\/autorival.ro\/vw\/#website"},"primaryImageOfPage":{"@id":"https:\/\/autorival.ro\/vw\/produs\/electromotor-vw-golf-vii-5g1-bq1-be1-be2-2-0-gti-clubsport-s-benzina-310-cai-as-pl-s6491sr\/#primaryimage"},"image":{"@id":"https:\/\/autorival.ro\/vw\/produs\/electromotor-vw-golf-vii-5g1-bq1-be1-be2-2-0-gti-clubsport-s-benzina-310-cai-as-pl-s6491sr\/#primaryimage"},"thumbnailUrl":"https:\/\/autorival.ro\/vw\/wp-content\/uploads\/sites\/5\/2026\/02\/222059-12.jpg","datePublished":"2026-02-07T08:49:33+00:00","description":"\u26a1 Electromotor VW GOLF VII (5G1, BQ1, BE1, BE2) 2.0 GTI Clubsport S benzina 310 cai AS-PL S6491SR pentru VW. \u2713 Cod: S6491SR \u2713 Brand: AS-PL \u2713 \u00cen stoc \u2713 Livrare 24h \u2713 Garan\u021bie!","breadcrumb":{"@id":"https:\/\/autorival.ro\/vw\/produs\/electromotor-vw-golf-vii-5g1-bq1-be1-be2-2-0-gti-clubsport-s-benzina-310-cai-as-pl-s6491sr\/#breadcrumb"},"inLanguage":"en-US","potentialAction":[{"@type":"ReadAction","target":["https:\/\/autorival.ro\/vw\/produs\/electromotor-vw-golf-vii-5g1-bq1-be1-be2-2-0-gti-clubsport-s-benzina-310-cai-as-pl-s6491sr\/"]}]},{"@type":"ImageObject","inLanguage":"en-US","@id":"https:\/\/autorival.ro\/vw\/produs\/electromotor-vw-golf-vii-5g1-bq1-be1-be2-2-0-gti-clubsport-s-benzina-310-cai-as-pl-s6491sr\/#primaryimage","url":"https:\/\/autorival.ro\/vw\/wp-content\/uploads\/sites\/5\/2026\/02\/222059-12.jpg","contentUrl":"https:\/\/autorival.ro\/vw\/wp-content\/uploads\/sites\/5\/2026\/02\/222059-12.jpg","width":1080,"height":810},{"@type":"BreadcrumbList","@id":"https:\/\/autorival.ro\/vw\/produs\/electromotor-vw-golf-vii-5g1-bq1-be1-be2-2-0-gti-clubsport-s-benzina-310-cai-as-pl-s6491sr\/#breadcrumb","itemListElement":[{"@type":"ListItem","position":1,"name":"Prima pagin\u0103","item":"https:\/\/autorival.ro\/vw\/"},{"@type":"ListItem","position":2,"name":"Piese auto VW","item":"https:\/\/autorival.ro\/vw\/"},{"@type":"ListItem","position":3,"name":"Electromotor VW GOLF VII (5G1, BQ1, BE1, BE2) 2.0 GTI Clubsport S benzina 310 cai AS-PL S6491SR"}]},{"@type":"WebSite","@id":"https:\/\/autorival.ro\/vw\/#website","url":"https:\/\/autorival.ro\/vw\/","name":"VW","description":"","potentialAction":[{"@type":"SearchAction","target":{"@type":"EntryPoint","urlTemplate":"https:\/\/autorival.ro\/vw\/?s={search_term_string}"},"query-input":{"@type":"PropertyValueSpecification","valueRequired":true,"valueName":"search_term_string"}}],"inLanguage":"en-US"}]}},"_links":{"self":[{"href":"https:\/\/autorival.ro\/vw\/wp-json\/wp\/v2\/product\/2477578","targetHints":{"allow":["GET"]}}],"collection":[{"href":"https:\/\/autorival.ro\/vw\/wp-json\/wp\/v2\/product"}],"about":[{"href":"https:\/\/autorival.ro\/vw\/wp-json\/wp\/v2\/types\/product"}],"replies":[{"embeddable":true,"href":"https:\/\/autorival.ro\/vw\/wp-json\/wp\/v2\/comments?post=2477578"}],"wp:featuredmedia":[{"embeddable":true,"href":"https:\/\/autorival.ro\/vw\/wp-json\/wp\/v2\/media\/2477579"}],"wp:attachment":[{"href":"https:\/\/autorival.ro\/vw\/wp-json\/wp\/v2\/media?parent=2477578"}],"wp:term":[{"taxonomy":"product_brand","embeddable":true,"href":"https:\/\/autorival.ro\/vw\/wp-json\/wp\/v2\/product_brand?post=2477578"},{"taxonomy":"product_cat","embeddable":true,"href":"https:\/\/autorival.ro\/vw\/wp-json\/wp\/v2\/product_cat?post=2477578"},{"taxonomy":"product_tag","embeddable":true,"href":"https:\/\/autorival.ro\/vw\/wp-json\/wp\/v2\/product_tag?post=2477578"}],"curies":[{"name":"wp","href":"https:\/\/api.w.org\/{rel}","templated":true}]}}