{"id":2449034,"date":"2026-02-07T00:04:32","date_gmt":"2026-02-07T00:04:32","guid":{"rendered":"https:\/\/autorival.ro\/vw\/produs\/disc-frana-vw-golf-vii-5g1-bq1-be1-be2-1-8-tsi-benzina-170-cai-swag-32-92-2902\/"},"modified":"2026-02-07T00:04:32","modified_gmt":"2026-02-07T00:04:32","slug":"disc-frana-vw-golf-vii-5g1-bq1-be1-be2-1-8-tsi-benzina-170-cai-swag-32-92-2902","status":"publish","type":"product","link":"https:\/\/autorival.ro\/vw\/produs\/disc-frana-vw-golf-vii-5g1-bq1-be1-be2-1-8-tsi-benzina-170-cai-swag-32-92-2902\/","title":{"rendered":"Disc frana VW GOLF VII (5G1, BQ1, BE1, BE2) 1.8 TSI benzina 170 cai SWAG 32 92 2902"},"content":{"rendered":"<p>pt. numar PR: 1ZE, 1ZPSepararea blocurilorGrosime disc fr\u00e2na [mm]: 25Janta, numar gauri: 5Numarul gaurilor de fixare: 1Grosime [mm]: 49,7Diametru exterior [mm]: 288Asezare gauri \u00d8 [mm]: 112Suprafata: acoperit (cu un strat protector)Tip disc fr\u00e2na: ventilat interiorPartea de montare: punte fataGrosime minima [mm]: 22Diametru de centrare [mm]: 65Greutate [kg]: 7,56<\/p>\n","protected":false},"excerpt":{"rendered":"<p>Producator: SWAG Cod producator: 32 92 2902<\/p>\n","protected":false},"featured_media":2449035,"comment_status":"open","ping_status":"closed","template":"","meta":[],"product_brand":[2684],"product_cat":[22685],"product_tag":[],"class_list":{"0":"post-2449034","1":"product","2":"type-product","3":"status-publish","4":"has-post-thumbnail","6":"product_brand-swag","7":"product_cat-disc-frana-5g1-bq1-be1-be2-1-8-tsi-benzina-170","9":"first","10":"instock","11":"shipping-taxable","12":"purchasable","13":"product-type-simple"},"yoast_head":"<!-- This site is optimized with the Yoast SEO plugin v27.3 - https:\/\/yoast.com\/product\/yoast-seo-wordpress\/ -->\n<title>Disc frana VW GOLF VII (5G1, BQ1, BE1, BE2) 1.8 TSI benzina 170 cai SWAG 32 92 2902 VW | SWAG - Autorival<\/title>\n<meta name=\"description\" content=\"\u26a1 Disc frana VW GOLF VII (5G1, BQ1, BE1, BE2) 1.8 TSI benzina 170 cai SWAG 32 92 2902 pentru VW. \u2713 Cod: 32 \u2713 Brand: SWAG \u2713 \u00cen stoc \u2713 Livrare 24h \u2713 Garan\u021bie!\" \/>\n<meta name=\"robots\" content=\"index, follow, max-snippet:-1, max-image-preview:large, max-video-preview:-1\" \/>\n<meta property=\"og:locale\" content=\"en_US\" \/>\n<meta property=\"og:type\" content=\"article\" \/>\n<meta property=\"og:title\" content=\"Disc frana VW GOLF VII (5G1, BQ1, BE1, BE2) 1.8 TSI benzina 170 cai SWAG 32 92 2902 VW | SWAG - Autorival\" \/>\n<meta property=\"og:description\" content=\"\u26a1 Disc frana VW GOLF VII (5G1, BQ1, BE1, BE2) 1.8 TSI benzina 170 cai SWAG 32 92 2902 pentru VW. \u2713 Cod: 32 \u2713 Brand: SWAG \u2713 \u00cen stoc \u2713 Livrare 24h \u2713 Garan\u021bie!\" \/>\n<meta property=\"og:url\" content=\"https:\/\/autorival.ro\/vw\/produs\/disc-frana-vw-golf-vii-5g1-bq1-be1-be2-1-8-tsi-benzina-170-cai-swag-32-92-2902\/\" \/>\n<meta property=\"og:site_name\" content=\"VW\" \/>\n<meta property=\"og:image\" content=\"https:\/\/autorival.ro\/vw\/wp-content\/uploads\/sites\/5\/2026\/02\/322092202902_1-21.jpg\" \/>\n\t<meta property=\"og:image:width\" content=\"493\" \/>\n\t<meta property=\"og:image:height\" content=\"399\" \/>\n\t<meta property=\"og:image:type\" content=\"image\/jpeg\" \/>\n<meta name=\"twitter:card\" content=\"summary_large_image\" \/>\n<meta name=\"twitter:title\" content=\"Disc frana VW GOLF VII (5G1, BQ1, BE1, BE2) 1.8 TSI benzina 170 cai SWAG 32 92 2902 VW | SWAG - Autorival\" \/>\n<meta name=\"twitter:description\" content=\"\u26a1 Disc frana VW GOLF VII (5G1, BQ1, BE1, BE2) 1.8 TSI benzina 170 cai SWAG 32 92 2902 pentru VW. \u2713 Cod: 32 \u2713 Brand: SWAG \u2713 \u00cen stoc \u2713 Livrare 24h \u2713 Garan\u021bie!\" \/>\n<script type=\"application\/ld+json\" class=\"yoast-schema-graph\">{\"@context\":\"https:\\\/\\\/schema.org\",\"@graph\":[{\"@type\":\"WebPage\",\"@id\":\"https:\\\/\\\/autorival.ro\\\/vw\\\/produs\\\/disc-frana-vw-golf-vii-5g1-bq1-be1-be2-1-8-tsi-benzina-170-cai-swag-32-92-2902\\\/\",\"url\":\"https:\\\/\\\/autorival.ro\\\/vw\\\/produs\\\/disc-frana-vw-golf-vii-5g1-bq1-be1-be2-1-8-tsi-benzina-170-cai-swag-32-92-2902\\\/\",\"name\":\"Disc frana VW GOLF VII (5G1, BQ1, BE1, BE2) 1.8 TSI benzina 170 cai SWAG 32 92 2902 VW | SWAG - Autorival\",\"isPartOf\":{\"@id\":\"https:\\\/\\\/autorival.ro\\\/vw\\\/#website\"},\"primaryImageOfPage\":{\"@id\":\"https:\\\/\\\/autorival.ro\\\/vw\\\/produs\\\/disc-frana-vw-golf-vii-5g1-bq1-be1-be2-1-8-tsi-benzina-170-cai-swag-32-92-2902\\\/#primaryimage\"},\"image\":{\"@id\":\"https:\\\/\\\/autorival.ro\\\/vw\\\/produs\\\/disc-frana-vw-golf-vii-5g1-bq1-be1-be2-1-8-tsi-benzina-170-cai-swag-32-92-2902\\\/#primaryimage\"},\"thumbnailUrl\":\"https:\\\/\\\/autorival.ro\\\/vw\\\/wp-content\\\/uploads\\\/sites\\\/5\\\/2026\\\/02\\\/322092202902_1-21.jpg\",\"datePublished\":\"2026-02-07T00:04:32+00:00\",\"description\":\"\u26a1 Disc frana VW GOLF VII (5G1, BQ1, BE1, BE2) 1.8 TSI benzina 170 cai SWAG 32 92 2902 pentru VW. \u2713 Cod: 32 \u2713 Brand: SWAG \u2713 \u00cen stoc \u2713 Livrare 24h \u2713 Garan\u021bie!\",\"breadcrumb\":{\"@id\":\"https:\\\/\\\/autorival.ro\\\/vw\\\/produs\\\/disc-frana-vw-golf-vii-5g1-bq1-be1-be2-1-8-tsi-benzina-170-cai-swag-32-92-2902\\\/#breadcrumb\"},\"inLanguage\":\"en-US\",\"potentialAction\":[{\"@type\":\"ReadAction\",\"target\":[\"https:\\\/\\\/autorival.ro\\\/vw\\\/produs\\\/disc-frana-vw-golf-vii-5g1-bq1-be1-be2-1-8-tsi-benzina-170-cai-swag-32-92-2902\\\/\"]}]},{\"@type\":\"ImageObject\",\"inLanguage\":\"en-US\",\"@id\":\"https:\\\/\\\/autorival.ro\\\/vw\\\/produs\\\/disc-frana-vw-golf-vii-5g1-bq1-be1-be2-1-8-tsi-benzina-170-cai-swag-32-92-2902\\\/#primaryimage\",\"url\":\"https:\\\/\\\/autorival.ro\\\/vw\\\/wp-content\\\/uploads\\\/sites\\\/5\\\/2026\\\/02\\\/322092202902_1-21.jpg\",\"contentUrl\":\"https:\\\/\\\/autorival.ro\\\/vw\\\/wp-content\\\/uploads\\\/sites\\\/5\\\/2026\\\/02\\\/322092202902_1-21.jpg\",\"width\":493,\"height\":399},{\"@type\":\"BreadcrumbList\",\"@id\":\"https:\\\/\\\/autorival.ro\\\/vw\\\/produs\\\/disc-frana-vw-golf-vii-5g1-bq1-be1-be2-1-8-tsi-benzina-170-cai-swag-32-92-2902\\\/#breadcrumb\",\"itemListElement\":[{\"@type\":\"ListItem\",\"position\":1,\"name\":\"Prima pagin\u0103\",\"item\":\"https:\\\/\\\/autorival.ro\\\/vw\\\/\"},{\"@type\":\"ListItem\",\"position\":2,\"name\":\"Piese auto VW\",\"item\":\"https:\\\/\\\/autorival.ro\\\/vw\\\/\"},{\"@type\":\"ListItem\",\"position\":3,\"name\":\"Disc frana VW GOLF VII (5G1, BQ1, BE1, BE2) 1.8 TSI benzina 170 cai SWAG 32 92 2902\"}]},{\"@type\":\"WebSite\",\"@id\":\"https:\\\/\\\/autorival.ro\\\/vw\\\/#website\",\"url\":\"https:\\\/\\\/autorival.ro\\\/vw\\\/\",\"name\":\"VW\",\"description\":\"\",\"potentialAction\":[{\"@type\":\"SearchAction\",\"target\":{\"@type\":\"EntryPoint\",\"urlTemplate\":\"https:\\\/\\\/autorival.ro\\\/vw\\\/?s={search_term_string}\"},\"query-input\":{\"@type\":\"PropertyValueSpecification\",\"valueRequired\":true,\"valueName\":\"search_term_string\"}}],\"inLanguage\":\"en-US\"}]}<\/script>\n<!-- \/ Yoast SEO plugin. -->","yoast_head_json":{"title":"Disc frana VW GOLF VII (5G1, BQ1, BE1, BE2) 1.8 TSI benzina 170 cai SWAG 32 92 2902 VW | SWAG - Autorival","description":"\u26a1 Disc frana VW GOLF VII (5G1, BQ1, BE1, BE2) 1.8 TSI benzina 170 cai SWAG 32 92 2902 pentru VW. \u2713 Cod: 32 \u2713 Brand: SWAG \u2713 \u00cen stoc \u2713 Livrare 24h \u2713 Garan\u021bie!","robots":{"index":"index","follow":"follow","max-snippet":"max-snippet:-1","max-image-preview":"max-image-preview:large","max-video-preview":"max-video-preview:-1"},"og_locale":"en_US","og_type":"article","og_title":"Disc frana VW GOLF VII (5G1, BQ1, BE1, BE2) 1.8 TSI benzina 170 cai SWAG 32 92 2902 VW | SWAG - Autorival","og_description":"\u26a1 Disc frana VW GOLF VII (5G1, BQ1, BE1, BE2) 1.8 TSI benzina 170 cai SWAG 32 92 2902 pentru VW. \u2713 Cod: 32 \u2713 Brand: SWAG \u2713 \u00cen stoc \u2713 Livrare 24h \u2713 Garan\u021bie!","og_url":"https:\/\/autorival.ro\/vw\/produs\/disc-frana-vw-golf-vii-5g1-bq1-be1-be2-1-8-tsi-benzina-170-cai-swag-32-92-2902\/","og_site_name":"VW","og_image":[{"width":493,"height":399,"url":"https:\/\/autorival.ro\/vw\/wp-content\/uploads\/sites\/5\/2026\/02\/322092202902_1-21.jpg","type":"image\/jpeg"}],"twitter_card":"summary_large_image","twitter_title":"Disc frana VW GOLF VII (5G1, BQ1, BE1, BE2) 1.8 TSI benzina 170 cai SWAG 32 92 2902 VW | SWAG - Autorival","twitter_description":"\u26a1 Disc frana VW GOLF VII (5G1, BQ1, BE1, BE2) 1.8 TSI benzina 170 cai SWAG 32 92 2902 pentru VW. \u2713 Cod: 32 \u2713 Brand: SWAG \u2713 \u00cen stoc \u2713 Livrare 24h \u2713 Garan\u021bie!","schema":{"@context":"https:\/\/schema.org","@graph":[{"@type":"WebPage","@id":"https:\/\/autorival.ro\/vw\/produs\/disc-frana-vw-golf-vii-5g1-bq1-be1-be2-1-8-tsi-benzina-170-cai-swag-32-92-2902\/","url":"https:\/\/autorival.ro\/vw\/produs\/disc-frana-vw-golf-vii-5g1-bq1-be1-be2-1-8-tsi-benzina-170-cai-swag-32-92-2902\/","name":"Disc frana VW GOLF VII (5G1, BQ1, BE1, BE2) 1.8 TSI benzina 170 cai SWAG 32 92 2902 VW | SWAG - Autorival","isPartOf":{"@id":"https:\/\/autorival.ro\/vw\/#website"},"primaryImageOfPage":{"@id":"https:\/\/autorival.ro\/vw\/produs\/disc-frana-vw-golf-vii-5g1-bq1-be1-be2-1-8-tsi-benzina-170-cai-swag-32-92-2902\/#primaryimage"},"image":{"@id":"https:\/\/autorival.ro\/vw\/produs\/disc-frana-vw-golf-vii-5g1-bq1-be1-be2-1-8-tsi-benzina-170-cai-swag-32-92-2902\/#primaryimage"},"thumbnailUrl":"https:\/\/autorival.ro\/vw\/wp-content\/uploads\/sites\/5\/2026\/02\/322092202902_1-21.jpg","datePublished":"2026-02-07T00:04:32+00:00","description":"\u26a1 Disc frana VW GOLF VII (5G1, BQ1, BE1, BE2) 1.8 TSI benzina 170 cai SWAG 32 92 2902 pentru VW. \u2713 Cod: 32 \u2713 Brand: SWAG \u2713 \u00cen stoc \u2713 Livrare 24h \u2713 Garan\u021bie!","breadcrumb":{"@id":"https:\/\/autorival.ro\/vw\/produs\/disc-frana-vw-golf-vii-5g1-bq1-be1-be2-1-8-tsi-benzina-170-cai-swag-32-92-2902\/#breadcrumb"},"inLanguage":"en-US","potentialAction":[{"@type":"ReadAction","target":["https:\/\/autorival.ro\/vw\/produs\/disc-frana-vw-golf-vii-5g1-bq1-be1-be2-1-8-tsi-benzina-170-cai-swag-32-92-2902\/"]}]},{"@type":"ImageObject","inLanguage":"en-US","@id":"https:\/\/autorival.ro\/vw\/produs\/disc-frana-vw-golf-vii-5g1-bq1-be1-be2-1-8-tsi-benzina-170-cai-swag-32-92-2902\/#primaryimage","url":"https:\/\/autorival.ro\/vw\/wp-content\/uploads\/sites\/5\/2026\/02\/322092202902_1-21.jpg","contentUrl":"https:\/\/autorival.ro\/vw\/wp-content\/uploads\/sites\/5\/2026\/02\/322092202902_1-21.jpg","width":493,"height":399},{"@type":"BreadcrumbList","@id":"https:\/\/autorival.ro\/vw\/produs\/disc-frana-vw-golf-vii-5g1-bq1-be1-be2-1-8-tsi-benzina-170-cai-swag-32-92-2902\/#breadcrumb","itemListElement":[{"@type":"ListItem","position":1,"name":"Prima pagin\u0103","item":"https:\/\/autorival.ro\/vw\/"},{"@type":"ListItem","position":2,"name":"Piese auto VW","item":"https:\/\/autorival.ro\/vw\/"},{"@type":"ListItem","position":3,"name":"Disc frana VW GOLF VII (5G1, BQ1, BE1, BE2) 1.8 TSI benzina 170 cai SWAG 32 92 2902"}]},{"@type":"WebSite","@id":"https:\/\/autorival.ro\/vw\/#website","url":"https:\/\/autorival.ro\/vw\/","name":"VW","description":"","potentialAction":[{"@type":"SearchAction","target":{"@type":"EntryPoint","urlTemplate":"https:\/\/autorival.ro\/vw\/?s={search_term_string}"},"query-input":{"@type":"PropertyValueSpecification","valueRequired":true,"valueName":"search_term_string"}}],"inLanguage":"en-US"}]}},"_links":{"self":[{"href":"https:\/\/autorival.ro\/vw\/wp-json\/wp\/v2\/product\/2449034","targetHints":{"allow":["GET"]}}],"collection":[{"href":"https:\/\/autorival.ro\/vw\/wp-json\/wp\/v2\/product"}],"about":[{"href":"https:\/\/autorival.ro\/vw\/wp-json\/wp\/v2\/types\/product"}],"replies":[{"embeddable":true,"href":"https:\/\/autorival.ro\/vw\/wp-json\/wp\/v2\/comments?post=2449034"}],"wp:featuredmedia":[{"embeddable":true,"href":"https:\/\/autorival.ro\/vw\/wp-json\/wp\/v2\/media\/2449035"}],"wp:attachment":[{"href":"https:\/\/autorival.ro\/vw\/wp-json\/wp\/v2\/media?parent=2449034"}],"wp:term":[{"taxonomy":"product_brand","embeddable":true,"href":"https:\/\/autorival.ro\/vw\/wp-json\/wp\/v2\/product_brand?post=2449034"},{"taxonomy":"product_cat","embeddable":true,"href":"https:\/\/autorival.ro\/vw\/wp-json\/wp\/v2\/product_cat?post=2449034"},{"taxonomy":"product_tag","embeddable":true,"href":"https:\/\/autorival.ro\/vw\/wp-json\/wp\/v2\/product_tag?post=2449034"}],"curies":[{"name":"wp","href":"https:\/\/api.w.org\/{rel}","templated":true}]}}