{"id":2447850,"date":"2026-02-06T23:44:32","date_gmt":"2026-02-06T23:44:32","guid":{"rendered":"https:\/\/autorival.ro\/vw\/produs\/disc-frana-vw-golf-vi-5k1-blue-e-motion-electric-88-cai-abs-17522\/"},"modified":"2026-02-06T23:44:32","modified_gmt":"2026-02-06T23:44:32","slug":"disc-frana-vw-golf-vi-5k1-blue-e-motion-electric-88-cai-abs-17522","status":"publish","type":"product","link":"https:\/\/autorival.ro\/vw\/produs\/disc-frana-vw-golf-vi-5k1-blue-e-motion-electric-88-cai-abs-17522\/","title":{"rendered":"Disc frana VW GOLF VI (5K1) Blue E-Motion electric 88 cai ABS 17522"},"content":{"rendered":"<p>Partea de montare: punte fatapt. numar PR: 1ZF, 1ZMDiametru exterior [mm]: 280Grosime disc fr\u00e2na [mm]: 22\u00cenaltime [mm]: 49,7Janta, numar gauri: 5Tip disc fr\u00e2na: ventilatAsezare gauri \u00d8 [mm]: 112Suprafata: acoperit (cu un strat protector)Diametru butuc [mm]: 154Greutate [kg]: 5,9<\/p>\n","protected":false},"excerpt":{"rendered":"<p>Producator: ABS Cod producator: 17522<\/p>\n","protected":false},"featured_media":2447851,"comment_status":"open","ping_status":"closed","template":"","meta":[],"product_brand":[6090],"product_cat":[22681],"product_tag":[],"class_list":{"0":"post-2447850","1":"product","2":"type-product","3":"status-publish","4":"has-post-thumbnail","6":"product_brand-abs","7":"product_cat-disc-frana-5k1-blue-e-motion-electric-88","9":"first","10":"instock","11":"shipping-taxable","12":"purchasable","13":"product-type-simple"},"yoast_head":"<!-- This site is optimized with the Yoast SEO plugin v27.3 - https:\/\/yoast.com\/product\/yoast-seo-wordpress\/ -->\n<title>Disc frana VW GOLF VI (5K1) Blue E-Motion electric 88 cai ABS 17522 VW | ABS - Autorival<\/title>\n<meta name=\"description\" content=\"\u26a1 Disc frana VW GOLF VI (5K1) Blue E-Motion electric 88 cai ABS 17522 pentru VW. \u2713 Cod: 17522 \u2713 Brand: ABS \u2713 \u00cen stoc \u2713 Livrare 24h \u2713 Garan\u021bie!\" \/>\n<meta name=\"robots\" content=\"index, follow, max-snippet:-1, max-image-preview:large, max-video-preview:-1\" \/>\n<meta property=\"og:locale\" content=\"en_US\" \/>\n<meta property=\"og:type\" content=\"article\" \/>\n<meta property=\"og:title\" content=\"Disc frana VW GOLF VI (5K1) Blue E-Motion electric 88 cai ABS 17522 VW | ABS - Autorival\" \/>\n<meta property=\"og:description\" content=\"\u26a1 Disc frana VW GOLF VI (5K1) Blue E-Motion electric 88 cai ABS 17522 pentru VW. \u2713 Cod: 17522 \u2713 Brand: ABS \u2713 \u00cen stoc \u2713 Livrare 24h \u2713 Garan\u021bie!\" \/>\n<meta property=\"og:url\" content=\"https:\/\/autorival.ro\/vw\/produs\/disc-frana-vw-golf-vi-5k1-blue-e-motion-electric-88-cai-abs-17522\/\" \/>\n<meta property=\"og:site_name\" content=\"VW\" \/>\n<meta property=\"og:image\" content=\"https:\/\/autorival.ro\/vw\/wp-content\/uploads\/sites\/5\/2026\/02\/17522.jpg\" \/>\n\t<meta property=\"og:image:width\" content=\"600\" \/>\n\t<meta property=\"og:image:height\" content=\"333\" \/>\n\t<meta property=\"og:image:type\" content=\"image\/jpeg\" \/>\n<meta name=\"twitter:card\" content=\"summary_large_image\" \/>\n<meta name=\"twitter:title\" content=\"Disc frana VW GOLF VI (5K1) Blue E-Motion electric 88 cai ABS 17522 VW | ABS - Autorival\" \/>\n<meta name=\"twitter:description\" content=\"\u26a1 Disc frana VW GOLF VI (5K1) Blue E-Motion electric 88 cai ABS 17522 pentru VW. \u2713 Cod: 17522 \u2713 Brand: ABS \u2713 \u00cen stoc \u2713 Livrare 24h \u2713 Garan\u021bie!\" \/>\n<script type=\"application\/ld+json\" class=\"yoast-schema-graph\">{\"@context\":\"https:\\\/\\\/schema.org\",\"@graph\":[{\"@type\":\"WebPage\",\"@id\":\"https:\\\/\\\/autorival.ro\\\/vw\\\/produs\\\/disc-frana-vw-golf-vi-5k1-blue-e-motion-electric-88-cai-abs-17522\\\/\",\"url\":\"https:\\\/\\\/autorival.ro\\\/vw\\\/produs\\\/disc-frana-vw-golf-vi-5k1-blue-e-motion-electric-88-cai-abs-17522\\\/\",\"name\":\"Disc frana VW GOLF VI (5K1) Blue E-Motion electric 88 cai ABS 17522 VW | ABS - Autorival\",\"isPartOf\":{\"@id\":\"https:\\\/\\\/autorival.ro\\\/vw\\\/#website\"},\"primaryImageOfPage\":{\"@id\":\"https:\\\/\\\/autorival.ro\\\/vw\\\/produs\\\/disc-frana-vw-golf-vi-5k1-blue-e-motion-electric-88-cai-abs-17522\\\/#primaryimage\"},\"image\":{\"@id\":\"https:\\\/\\\/autorival.ro\\\/vw\\\/produs\\\/disc-frana-vw-golf-vi-5k1-blue-e-motion-electric-88-cai-abs-17522\\\/#primaryimage\"},\"thumbnailUrl\":\"https:\\\/\\\/autorival.ro\\\/vw\\\/wp-content\\\/uploads\\\/sites\\\/5\\\/2026\\\/02\\\/17522.jpg\",\"datePublished\":\"2026-02-06T23:44:32+00:00\",\"description\":\"\u26a1 Disc frana VW GOLF VI (5K1) Blue E-Motion electric 88 cai ABS 17522 pentru VW. \u2713 Cod: 17522 \u2713 Brand: ABS \u2713 \u00cen stoc \u2713 Livrare 24h \u2713 Garan\u021bie!\",\"breadcrumb\":{\"@id\":\"https:\\\/\\\/autorival.ro\\\/vw\\\/produs\\\/disc-frana-vw-golf-vi-5k1-blue-e-motion-electric-88-cai-abs-17522\\\/#breadcrumb\"},\"inLanguage\":\"en-US\",\"potentialAction\":[{\"@type\":\"ReadAction\",\"target\":[\"https:\\\/\\\/autorival.ro\\\/vw\\\/produs\\\/disc-frana-vw-golf-vi-5k1-blue-e-motion-electric-88-cai-abs-17522\\\/\"]}]},{\"@type\":\"ImageObject\",\"inLanguage\":\"en-US\",\"@id\":\"https:\\\/\\\/autorival.ro\\\/vw\\\/produs\\\/disc-frana-vw-golf-vi-5k1-blue-e-motion-electric-88-cai-abs-17522\\\/#primaryimage\",\"url\":\"https:\\\/\\\/autorival.ro\\\/vw\\\/wp-content\\\/uploads\\\/sites\\\/5\\\/2026\\\/02\\\/17522.jpg\",\"contentUrl\":\"https:\\\/\\\/autorival.ro\\\/vw\\\/wp-content\\\/uploads\\\/sites\\\/5\\\/2026\\\/02\\\/17522.jpg\",\"width\":600,\"height\":333},{\"@type\":\"BreadcrumbList\",\"@id\":\"https:\\\/\\\/autorival.ro\\\/vw\\\/produs\\\/disc-frana-vw-golf-vi-5k1-blue-e-motion-electric-88-cai-abs-17522\\\/#breadcrumb\",\"itemListElement\":[{\"@type\":\"ListItem\",\"position\":1,\"name\":\"Prima pagin\u0103\",\"item\":\"https:\\\/\\\/autorival.ro\\\/vw\\\/\"},{\"@type\":\"ListItem\",\"position\":2,\"name\":\"Piese auto VW\",\"item\":\"https:\\\/\\\/autorival.ro\\\/vw\\\/\"},{\"@type\":\"ListItem\",\"position\":3,\"name\":\"Disc frana VW GOLF VI (5K1) Blue E-Motion electric 88 cai ABS 17522\"}]},{\"@type\":\"WebSite\",\"@id\":\"https:\\\/\\\/autorival.ro\\\/vw\\\/#website\",\"url\":\"https:\\\/\\\/autorival.ro\\\/vw\\\/\",\"name\":\"VW\",\"description\":\"\",\"potentialAction\":[{\"@type\":\"SearchAction\",\"target\":{\"@type\":\"EntryPoint\",\"urlTemplate\":\"https:\\\/\\\/autorival.ro\\\/vw\\\/?s={search_term_string}\"},\"query-input\":{\"@type\":\"PropertyValueSpecification\",\"valueRequired\":true,\"valueName\":\"search_term_string\"}}],\"inLanguage\":\"en-US\"}]}<\/script>\n<!-- \/ Yoast SEO plugin. -->","yoast_head_json":{"title":"Disc frana VW GOLF VI (5K1) Blue E-Motion electric 88 cai ABS 17522 VW | ABS - Autorival","description":"\u26a1 Disc frana VW GOLF VI (5K1) Blue E-Motion electric 88 cai ABS 17522 pentru VW. \u2713 Cod: 17522 \u2713 Brand: ABS \u2713 \u00cen stoc \u2713 Livrare 24h \u2713 Garan\u021bie!","robots":{"index":"index","follow":"follow","max-snippet":"max-snippet:-1","max-image-preview":"max-image-preview:large","max-video-preview":"max-video-preview:-1"},"og_locale":"en_US","og_type":"article","og_title":"Disc frana VW GOLF VI (5K1) Blue E-Motion electric 88 cai ABS 17522 VW | ABS - Autorival","og_description":"\u26a1 Disc frana VW GOLF VI (5K1) Blue E-Motion electric 88 cai ABS 17522 pentru VW. \u2713 Cod: 17522 \u2713 Brand: ABS \u2713 \u00cen stoc \u2713 Livrare 24h \u2713 Garan\u021bie!","og_url":"https:\/\/autorival.ro\/vw\/produs\/disc-frana-vw-golf-vi-5k1-blue-e-motion-electric-88-cai-abs-17522\/","og_site_name":"VW","og_image":[{"width":600,"height":333,"url":"https:\/\/autorival.ro\/vw\/wp-content\/uploads\/sites\/5\/2026\/02\/17522.jpg","type":"image\/jpeg"}],"twitter_card":"summary_large_image","twitter_title":"Disc frana VW GOLF VI (5K1) Blue E-Motion electric 88 cai ABS 17522 VW | ABS - Autorival","twitter_description":"\u26a1 Disc frana VW GOLF VI (5K1) Blue E-Motion electric 88 cai ABS 17522 pentru VW. \u2713 Cod: 17522 \u2713 Brand: ABS \u2713 \u00cen stoc \u2713 Livrare 24h \u2713 Garan\u021bie!","schema":{"@context":"https:\/\/schema.org","@graph":[{"@type":"WebPage","@id":"https:\/\/autorival.ro\/vw\/produs\/disc-frana-vw-golf-vi-5k1-blue-e-motion-electric-88-cai-abs-17522\/","url":"https:\/\/autorival.ro\/vw\/produs\/disc-frana-vw-golf-vi-5k1-blue-e-motion-electric-88-cai-abs-17522\/","name":"Disc frana VW GOLF VI (5K1) Blue E-Motion electric 88 cai ABS 17522 VW | ABS - Autorival","isPartOf":{"@id":"https:\/\/autorival.ro\/vw\/#website"},"primaryImageOfPage":{"@id":"https:\/\/autorival.ro\/vw\/produs\/disc-frana-vw-golf-vi-5k1-blue-e-motion-electric-88-cai-abs-17522\/#primaryimage"},"image":{"@id":"https:\/\/autorival.ro\/vw\/produs\/disc-frana-vw-golf-vi-5k1-blue-e-motion-electric-88-cai-abs-17522\/#primaryimage"},"thumbnailUrl":"https:\/\/autorival.ro\/vw\/wp-content\/uploads\/sites\/5\/2026\/02\/17522.jpg","datePublished":"2026-02-06T23:44:32+00:00","description":"\u26a1 Disc frana VW GOLF VI (5K1) Blue E-Motion electric 88 cai ABS 17522 pentru VW. \u2713 Cod: 17522 \u2713 Brand: ABS \u2713 \u00cen stoc \u2713 Livrare 24h \u2713 Garan\u021bie!","breadcrumb":{"@id":"https:\/\/autorival.ro\/vw\/produs\/disc-frana-vw-golf-vi-5k1-blue-e-motion-electric-88-cai-abs-17522\/#breadcrumb"},"inLanguage":"en-US","potentialAction":[{"@type":"ReadAction","target":["https:\/\/autorival.ro\/vw\/produs\/disc-frana-vw-golf-vi-5k1-blue-e-motion-electric-88-cai-abs-17522\/"]}]},{"@type":"ImageObject","inLanguage":"en-US","@id":"https:\/\/autorival.ro\/vw\/produs\/disc-frana-vw-golf-vi-5k1-blue-e-motion-electric-88-cai-abs-17522\/#primaryimage","url":"https:\/\/autorival.ro\/vw\/wp-content\/uploads\/sites\/5\/2026\/02\/17522.jpg","contentUrl":"https:\/\/autorival.ro\/vw\/wp-content\/uploads\/sites\/5\/2026\/02\/17522.jpg","width":600,"height":333},{"@type":"BreadcrumbList","@id":"https:\/\/autorival.ro\/vw\/produs\/disc-frana-vw-golf-vi-5k1-blue-e-motion-electric-88-cai-abs-17522\/#breadcrumb","itemListElement":[{"@type":"ListItem","position":1,"name":"Prima pagin\u0103","item":"https:\/\/autorival.ro\/vw\/"},{"@type":"ListItem","position":2,"name":"Piese auto VW","item":"https:\/\/autorival.ro\/vw\/"},{"@type":"ListItem","position":3,"name":"Disc frana VW GOLF VI (5K1) Blue E-Motion electric 88 cai ABS 17522"}]},{"@type":"WebSite","@id":"https:\/\/autorival.ro\/vw\/#website","url":"https:\/\/autorival.ro\/vw\/","name":"VW","description":"","potentialAction":[{"@type":"SearchAction","target":{"@type":"EntryPoint","urlTemplate":"https:\/\/autorival.ro\/vw\/?s={search_term_string}"},"query-input":{"@type":"PropertyValueSpecification","valueRequired":true,"valueName":"search_term_string"}}],"inLanguage":"en-US"}]}},"_links":{"self":[{"href":"https:\/\/autorival.ro\/vw\/wp-json\/wp\/v2\/product\/2447850","targetHints":{"allow":["GET"]}}],"collection":[{"href":"https:\/\/autorival.ro\/vw\/wp-json\/wp\/v2\/product"}],"about":[{"href":"https:\/\/autorival.ro\/vw\/wp-json\/wp\/v2\/types\/product"}],"replies":[{"embeddable":true,"href":"https:\/\/autorival.ro\/vw\/wp-json\/wp\/v2\/comments?post=2447850"}],"wp:featuredmedia":[{"embeddable":true,"href":"https:\/\/autorival.ro\/vw\/wp-json\/wp\/v2\/media\/2447851"}],"wp:attachment":[{"href":"https:\/\/autorival.ro\/vw\/wp-json\/wp\/v2\/media?parent=2447850"}],"wp:term":[{"taxonomy":"product_brand","embeddable":true,"href":"https:\/\/autorival.ro\/vw\/wp-json\/wp\/v2\/product_brand?post=2447850"},{"taxonomy":"product_cat","embeddable":true,"href":"https:\/\/autorival.ro\/vw\/wp-json\/wp\/v2\/product_cat?post=2447850"},{"taxonomy":"product_tag","embeddable":true,"href":"https:\/\/autorival.ro\/vw\/wp-json\/wp\/v2\/product_tag?post=2447850"}],"curies":[{"name":"wp","href":"https:\/\/api.w.org\/{rel}","templated":true}]}}