{"id":2442526,"date":"2026-02-06T22:22:02","date_gmt":"2026-02-06T22:22:02","guid":{"rendered":"https:\/\/autorival.ro\/vw\/produs\/disc-frana-vw-crafter-30-50-platou-sasiu-2f_-2-0-tdi-diesel-140-cai-zimmermann-400-6478-20\/"},"modified":"2026-02-06T22:22:02","modified_gmt":"2026-02-06T22:22:02","slug":"disc-frana-vw-crafter-30-50-platou-sasiu-2f_-2-0-tdi-diesel-140-cai-zimmermann-400-6478-20","status":"publish","type":"product","link":"https:\/\/autorival.ro\/vw\/produs\/disc-frana-vw-crafter-30-50-platou-sasiu-2f_-2-0-tdi-diesel-140-cai-zimmermann-400-6478-20\/","title":{"rendered":"Disc frana VW CRAFTER 30-50 platou \/ sasiu (2F_) 2.0 TDI diesel 140 cai ZIMMERMANN 400.6478.20"},"content":{"rendered":"<p>Partea de montare: puntea spatept. numar PR: 0WFTip disc fr\u00e2na: ventilat interiorProcesare: continut ridicat de carbonSuprafata: acoperit (cu un strat protector)Diametru exterior [mm]: 303Grosime disc fr\u00e2na [mm]: 28\u00cenaltime [mm]: 93Janta, numar gauri: 6Asezare gauri \u00d8 [mm]: 145Diametru de centrare [mm]: 120Aprobare: ECE R90 APPROVEDTip inmatriculare: admis pentru vehiculele din clasa M1\/N1Grosime minima [mm]: 25Greutate [kg]: 10Asezare gauri\/numar gauri: 6\/6<\/p>\n","protected":false},"excerpt":{"rendered":"<p>Producator: ZIMMERMANN Cod producator: 400.6478.20<\/p>\n","protected":false},"featured_media":2442527,"comment_status":"open","ping_status":"closed","template":"","meta":[],"product_brand":[22608],"product_cat":[22650],"product_tag":[],"class_list":{"0":"post-2442526","1":"product","2":"type-product","3":"status-publish","4":"has-post-thumbnail","6":"product_brand-zimmermann","7":"product_cat-disc-frana-2f_-2-0-tdi-diesel-140","9":"first","10":"instock","11":"shipping-taxable","12":"purchasable","13":"product-type-simple"},"yoast_head":"<!-- This site is optimized with the Yoast SEO plugin v27.3 - https:\/\/yoast.com\/product\/yoast-seo-wordpress\/ -->\n<title>Disc frana VW CRAFTER 30-50 platou \/ sasiu (2F_) 2.0 TDI diesel 140 cai ZIMMERMANN 400.6478.20 VW | ZIMMERMANN - Autorival<\/title>\n<meta name=\"description\" content=\"\u26a1 Disc frana VW CRAFTER 30-50 platou \/ sasiu (2F_) 2.0 TDI diesel 140 cai ZIMMERMANN 400.6478.20 pentru VW. \u2713 Cod: 400 \u2713 Brand: ZIMMERMANN \u2713 \u00cen stoc \u2713 Livrare 24h \u2713 Garan\u021bie!\" \/>\n<meta name=\"robots\" content=\"index, follow, max-snippet:-1, max-image-preview:large, max-video-preview:-1\" \/>\n<meta property=\"og:locale\" content=\"en_US\" \/>\n<meta property=\"og:type\" content=\"article\" \/>\n<meta property=\"og:title\" content=\"Disc frana VW CRAFTER 30-50 platou \/ sasiu (2F_) 2.0 TDI diesel 140 cai ZIMMERMANN 400.6478.20 VW | ZIMMERMANN - Autorival\" \/>\n<meta property=\"og:description\" content=\"\u26a1 Disc frana VW CRAFTER 30-50 platou \/ sasiu (2F_) 2.0 TDI diesel 140 cai ZIMMERMANN 400.6478.20 pentru VW. \u2713 Cod: 400 \u2713 Brand: ZIMMERMANN \u2713 \u00cen stoc \u2713 Livrare 24h \u2713 Garan\u021bie!\" \/>\n<meta property=\"og:url\" content=\"https:\/\/autorival.ro\/vw\/produs\/disc-frana-vw-crafter-30-50-platou-sasiu-2f_-2-0-tdi-diesel-140-cai-zimmermann-400-6478-20\/\" \/>\n<meta property=\"og:site_name\" content=\"VW\" \/>\n<meta property=\"og:image\" content=\"https:\/\/autorival.ro\/vw\/wp-content\/uploads\/sites\/5\/2026\/02\/400.6478.20-1.jpg\" \/>\n\t<meta property=\"og:image:width\" content=\"386\" \/>\n\t<meta property=\"og:image:height\" content=\"398\" \/>\n\t<meta property=\"og:image:type\" content=\"image\/jpeg\" \/>\n<meta name=\"twitter:card\" content=\"summary_large_image\" \/>\n<meta name=\"twitter:title\" content=\"Disc frana VW CRAFTER 30-50 platou \/ sasiu (2F_) 2.0 TDI diesel 140 cai ZIMMERMANN 400.6478.20 VW | ZIMMERMANN - Autorival\" \/>\n<meta name=\"twitter:description\" content=\"\u26a1 Disc frana VW CRAFTER 30-50 platou \/ sasiu (2F_) 2.0 TDI diesel 140 cai ZIMMERMANN 400.6478.20 pentru VW. \u2713 Cod: 400 \u2713 Brand: ZIMMERMANN \u2713 \u00cen stoc \u2713 Livrare 24h \u2713 Garan\u021bie!\" \/>\n<script type=\"application\/ld+json\" class=\"yoast-schema-graph\">{\"@context\":\"https:\\\/\\\/schema.org\",\"@graph\":[{\"@type\":\"WebPage\",\"@id\":\"https:\\\/\\\/autorival.ro\\\/vw\\\/produs\\\/disc-frana-vw-crafter-30-50-platou-sasiu-2f_-2-0-tdi-diesel-140-cai-zimmermann-400-6478-20\\\/\",\"url\":\"https:\\\/\\\/autorival.ro\\\/vw\\\/produs\\\/disc-frana-vw-crafter-30-50-platou-sasiu-2f_-2-0-tdi-diesel-140-cai-zimmermann-400-6478-20\\\/\",\"name\":\"Disc frana VW CRAFTER 30-50 platou \\\/ sasiu (2F_) 2.0 TDI diesel 140 cai ZIMMERMANN 400.6478.20 VW | ZIMMERMANN - Autorival\",\"isPartOf\":{\"@id\":\"https:\\\/\\\/autorival.ro\\\/vw\\\/#website\"},\"primaryImageOfPage\":{\"@id\":\"https:\\\/\\\/autorival.ro\\\/vw\\\/produs\\\/disc-frana-vw-crafter-30-50-platou-sasiu-2f_-2-0-tdi-diesel-140-cai-zimmermann-400-6478-20\\\/#primaryimage\"},\"image\":{\"@id\":\"https:\\\/\\\/autorival.ro\\\/vw\\\/produs\\\/disc-frana-vw-crafter-30-50-platou-sasiu-2f_-2-0-tdi-diesel-140-cai-zimmermann-400-6478-20\\\/#primaryimage\"},\"thumbnailUrl\":\"https:\\\/\\\/autorival.ro\\\/vw\\\/wp-content\\\/uploads\\\/sites\\\/5\\\/2026\\\/02\\\/400.6478.20-1.jpg\",\"datePublished\":\"2026-02-06T22:22:02+00:00\",\"description\":\"\u26a1 Disc frana VW CRAFTER 30-50 platou \\\/ sasiu (2F_) 2.0 TDI diesel 140 cai ZIMMERMANN 400.6478.20 pentru VW. \u2713 Cod: 400 \u2713 Brand: ZIMMERMANN \u2713 \u00cen stoc \u2713 Livrare 24h \u2713 Garan\u021bie!\",\"breadcrumb\":{\"@id\":\"https:\\\/\\\/autorival.ro\\\/vw\\\/produs\\\/disc-frana-vw-crafter-30-50-platou-sasiu-2f_-2-0-tdi-diesel-140-cai-zimmermann-400-6478-20\\\/#breadcrumb\"},\"inLanguage\":\"en-US\",\"potentialAction\":[{\"@type\":\"ReadAction\",\"target\":[\"https:\\\/\\\/autorival.ro\\\/vw\\\/produs\\\/disc-frana-vw-crafter-30-50-platou-sasiu-2f_-2-0-tdi-diesel-140-cai-zimmermann-400-6478-20\\\/\"]}]},{\"@type\":\"ImageObject\",\"inLanguage\":\"en-US\",\"@id\":\"https:\\\/\\\/autorival.ro\\\/vw\\\/produs\\\/disc-frana-vw-crafter-30-50-platou-sasiu-2f_-2-0-tdi-diesel-140-cai-zimmermann-400-6478-20\\\/#primaryimage\",\"url\":\"https:\\\/\\\/autorival.ro\\\/vw\\\/wp-content\\\/uploads\\\/sites\\\/5\\\/2026\\\/02\\\/400.6478.20-1.jpg\",\"contentUrl\":\"https:\\\/\\\/autorival.ro\\\/vw\\\/wp-content\\\/uploads\\\/sites\\\/5\\\/2026\\\/02\\\/400.6478.20-1.jpg\",\"width\":386,\"height\":398},{\"@type\":\"BreadcrumbList\",\"@id\":\"https:\\\/\\\/autorival.ro\\\/vw\\\/produs\\\/disc-frana-vw-crafter-30-50-platou-sasiu-2f_-2-0-tdi-diesel-140-cai-zimmermann-400-6478-20\\\/#breadcrumb\",\"itemListElement\":[{\"@type\":\"ListItem\",\"position\":1,\"name\":\"Prima pagin\u0103\",\"item\":\"https:\\\/\\\/autorival.ro\\\/vw\\\/\"},{\"@type\":\"ListItem\",\"position\":2,\"name\":\"Piese auto VW\",\"item\":\"https:\\\/\\\/autorival.ro\\\/vw\\\/\"},{\"@type\":\"ListItem\",\"position\":3,\"name\":\"Disc frana VW CRAFTER 30-50 platou \\\/ sasiu (2F_) 2.0 TDI diesel 140 cai ZIMMERMANN 400.6478.20\"}]},{\"@type\":\"WebSite\",\"@id\":\"https:\\\/\\\/autorival.ro\\\/vw\\\/#website\",\"url\":\"https:\\\/\\\/autorival.ro\\\/vw\\\/\",\"name\":\"VW\",\"description\":\"\",\"potentialAction\":[{\"@type\":\"SearchAction\",\"target\":{\"@type\":\"EntryPoint\",\"urlTemplate\":\"https:\\\/\\\/autorival.ro\\\/vw\\\/?s={search_term_string}\"},\"query-input\":{\"@type\":\"PropertyValueSpecification\",\"valueRequired\":true,\"valueName\":\"search_term_string\"}}],\"inLanguage\":\"en-US\"}]}<\/script>\n<!-- \/ Yoast SEO plugin. -->","yoast_head_json":{"title":"Disc frana VW CRAFTER 30-50 platou \/ sasiu (2F_) 2.0 TDI diesel 140 cai ZIMMERMANN 400.6478.20 VW | ZIMMERMANN - Autorival","description":"\u26a1 Disc frana VW CRAFTER 30-50 platou \/ sasiu (2F_) 2.0 TDI diesel 140 cai ZIMMERMANN 400.6478.20 pentru VW. \u2713 Cod: 400 \u2713 Brand: ZIMMERMANN \u2713 \u00cen stoc \u2713 Livrare 24h \u2713 Garan\u021bie!","robots":{"index":"index","follow":"follow","max-snippet":"max-snippet:-1","max-image-preview":"max-image-preview:large","max-video-preview":"max-video-preview:-1"},"og_locale":"en_US","og_type":"article","og_title":"Disc frana VW CRAFTER 30-50 platou \/ sasiu (2F_) 2.0 TDI diesel 140 cai ZIMMERMANN 400.6478.20 VW | ZIMMERMANN - Autorival","og_description":"\u26a1 Disc frana VW CRAFTER 30-50 platou \/ sasiu (2F_) 2.0 TDI diesel 140 cai ZIMMERMANN 400.6478.20 pentru VW. \u2713 Cod: 400 \u2713 Brand: ZIMMERMANN \u2713 \u00cen stoc \u2713 Livrare 24h \u2713 Garan\u021bie!","og_url":"https:\/\/autorival.ro\/vw\/produs\/disc-frana-vw-crafter-30-50-platou-sasiu-2f_-2-0-tdi-diesel-140-cai-zimmermann-400-6478-20\/","og_site_name":"VW","og_image":[{"width":386,"height":398,"url":"https:\/\/autorival.ro\/vw\/wp-content\/uploads\/sites\/5\/2026\/02\/400.6478.20-1.jpg","type":"image\/jpeg"}],"twitter_card":"summary_large_image","twitter_title":"Disc frana VW CRAFTER 30-50 platou \/ sasiu (2F_) 2.0 TDI diesel 140 cai ZIMMERMANN 400.6478.20 VW | ZIMMERMANN - Autorival","twitter_description":"\u26a1 Disc frana VW CRAFTER 30-50 platou \/ sasiu (2F_) 2.0 TDI diesel 140 cai ZIMMERMANN 400.6478.20 pentru VW. \u2713 Cod: 400 \u2713 Brand: ZIMMERMANN \u2713 \u00cen stoc \u2713 Livrare 24h \u2713 Garan\u021bie!","schema":{"@context":"https:\/\/schema.org","@graph":[{"@type":"WebPage","@id":"https:\/\/autorival.ro\/vw\/produs\/disc-frana-vw-crafter-30-50-platou-sasiu-2f_-2-0-tdi-diesel-140-cai-zimmermann-400-6478-20\/","url":"https:\/\/autorival.ro\/vw\/produs\/disc-frana-vw-crafter-30-50-platou-sasiu-2f_-2-0-tdi-diesel-140-cai-zimmermann-400-6478-20\/","name":"Disc frana VW CRAFTER 30-50 platou \/ sasiu (2F_) 2.0 TDI diesel 140 cai ZIMMERMANN 400.6478.20 VW | ZIMMERMANN - Autorival","isPartOf":{"@id":"https:\/\/autorival.ro\/vw\/#website"},"primaryImageOfPage":{"@id":"https:\/\/autorival.ro\/vw\/produs\/disc-frana-vw-crafter-30-50-platou-sasiu-2f_-2-0-tdi-diesel-140-cai-zimmermann-400-6478-20\/#primaryimage"},"image":{"@id":"https:\/\/autorival.ro\/vw\/produs\/disc-frana-vw-crafter-30-50-platou-sasiu-2f_-2-0-tdi-diesel-140-cai-zimmermann-400-6478-20\/#primaryimage"},"thumbnailUrl":"https:\/\/autorival.ro\/vw\/wp-content\/uploads\/sites\/5\/2026\/02\/400.6478.20-1.jpg","datePublished":"2026-02-06T22:22:02+00:00","description":"\u26a1 Disc frana VW CRAFTER 30-50 platou \/ sasiu (2F_) 2.0 TDI diesel 140 cai ZIMMERMANN 400.6478.20 pentru VW. \u2713 Cod: 400 \u2713 Brand: ZIMMERMANN \u2713 \u00cen stoc \u2713 Livrare 24h \u2713 Garan\u021bie!","breadcrumb":{"@id":"https:\/\/autorival.ro\/vw\/produs\/disc-frana-vw-crafter-30-50-platou-sasiu-2f_-2-0-tdi-diesel-140-cai-zimmermann-400-6478-20\/#breadcrumb"},"inLanguage":"en-US","potentialAction":[{"@type":"ReadAction","target":["https:\/\/autorival.ro\/vw\/produs\/disc-frana-vw-crafter-30-50-platou-sasiu-2f_-2-0-tdi-diesel-140-cai-zimmermann-400-6478-20\/"]}]},{"@type":"ImageObject","inLanguage":"en-US","@id":"https:\/\/autorival.ro\/vw\/produs\/disc-frana-vw-crafter-30-50-platou-sasiu-2f_-2-0-tdi-diesel-140-cai-zimmermann-400-6478-20\/#primaryimage","url":"https:\/\/autorival.ro\/vw\/wp-content\/uploads\/sites\/5\/2026\/02\/400.6478.20-1.jpg","contentUrl":"https:\/\/autorival.ro\/vw\/wp-content\/uploads\/sites\/5\/2026\/02\/400.6478.20-1.jpg","width":386,"height":398},{"@type":"BreadcrumbList","@id":"https:\/\/autorival.ro\/vw\/produs\/disc-frana-vw-crafter-30-50-platou-sasiu-2f_-2-0-tdi-diesel-140-cai-zimmermann-400-6478-20\/#breadcrumb","itemListElement":[{"@type":"ListItem","position":1,"name":"Prima pagin\u0103","item":"https:\/\/autorival.ro\/vw\/"},{"@type":"ListItem","position":2,"name":"Piese auto VW","item":"https:\/\/autorival.ro\/vw\/"},{"@type":"ListItem","position":3,"name":"Disc frana VW CRAFTER 30-50 platou \/ sasiu (2F_) 2.0 TDI diesel 140 cai ZIMMERMANN 400.6478.20"}]},{"@type":"WebSite","@id":"https:\/\/autorival.ro\/vw\/#website","url":"https:\/\/autorival.ro\/vw\/","name":"VW","description":"","potentialAction":[{"@type":"SearchAction","target":{"@type":"EntryPoint","urlTemplate":"https:\/\/autorival.ro\/vw\/?s={search_term_string}"},"query-input":{"@type":"PropertyValueSpecification","valueRequired":true,"valueName":"search_term_string"}}],"inLanguage":"en-US"}]}},"_links":{"self":[{"href":"https:\/\/autorival.ro\/vw\/wp-json\/wp\/v2\/product\/2442526","targetHints":{"allow":["GET"]}}],"collection":[{"href":"https:\/\/autorival.ro\/vw\/wp-json\/wp\/v2\/product"}],"about":[{"href":"https:\/\/autorival.ro\/vw\/wp-json\/wp\/v2\/types\/product"}],"replies":[{"embeddable":true,"href":"https:\/\/autorival.ro\/vw\/wp-json\/wp\/v2\/comments?post=2442526"}],"wp:featuredmedia":[{"embeddable":true,"href":"https:\/\/autorival.ro\/vw\/wp-json\/wp\/v2\/media\/2442527"}],"wp:attachment":[{"href":"https:\/\/autorival.ro\/vw\/wp-json\/wp\/v2\/media?parent=2442526"}],"wp:term":[{"taxonomy":"product_brand","embeddable":true,"href":"https:\/\/autorival.ro\/vw\/wp-json\/wp\/v2\/product_brand?post=2442526"},{"taxonomy":"product_cat","embeddable":true,"href":"https:\/\/autorival.ro\/vw\/wp-json\/wp\/v2\/product_cat?post=2442526"},{"taxonomy":"product_tag","embeddable":true,"href":"https:\/\/autorival.ro\/vw\/wp-json\/wp\/v2\/product_tag?post=2442526"}],"curies":[{"name":"wp","href":"https:\/\/api.w.org\/{rel}","templated":true}]}}