{"id":2440438,"date":"2026-02-06T21:50:54","date_gmt":"2026-02-06T21:50:54","guid":{"rendered":"https:\/\/autorival.ro\/vw\/produs\/disc-frana-vw-caddy-iv-microbus-sab-saj-2-0-tdi-diesel-140-cai-don-pcd10062\/"},"modified":"2026-02-06T21:50:54","modified_gmt":"2026-02-06T21:50:54","slug":"disc-frana-vw-caddy-iv-microbus-sab-saj-2-0-tdi-diesel-140-cai-don-pcd10062","status":"publish","type":"product","link":"https:\/\/autorival.ro\/vw\/produs\/disc-frana-vw-caddy-iv-microbus-sab-saj-2-0-tdi-diesel-140-cai-don-pcd10062\/","title":{"rendered":"Disc frana VW CADDY IV microbus (SAB, SAJ) 2.0 TDI diesel 140 cai DON PCD10062"},"content":{"rendered":"<p>Partea de montare: punte fatapt. numar PR: 1ZETip disc fr\u00e2na: ventilat interiorDiametru exterior [mm]: 288Grosime disc fr\u00e2na [mm]: 24,9\u00cenaltime [mm]: 49,7Grosime minima [mm]: 22Suprafata: acoperit par\u021bialDiametru interior [mm]: 144Asezare gauri \u00d8 [mm]: 112Diametru de centrare [mm]: 65Asezare gauri\/numar gauri: 05\/10Diametru alezaj bol\u021b roat\u0103 [mm]: 15,3Articol completare\/Info suplimentar 2: fara butuc roata, fara rulment roata, fara suruburi de fixare roataLungime ambalaj [cm]: 31,5Latime ambalaj [cm]: 31,5Inaltime ambalaj [cm]: 12,2Greutate [kg]: 7,3<\/p>\n","protected":false},"excerpt":{"rendered":"<p>Producator: DON Cod producator: PCD10062<\/p>\n","protected":false},"featured_media":2440439,"comment_status":"open","ping_status":"closed","template":"","meta":[],"product_brand":[22613],"product_cat":[22638],"product_tag":[],"class_list":{"0":"post-2440438","1":"product","2":"type-product","3":"status-publish","4":"has-post-thumbnail","6":"product_brand-don","7":"product_cat-disc-frana-sab-saj-2-0-tdi-diesel-140","9":"first","10":"instock","11":"shipping-taxable","12":"purchasable","13":"product-type-simple"},"yoast_head":"<!-- This site is optimized with the Yoast SEO plugin v27.3 - https:\/\/yoast.com\/product\/yoast-seo-wordpress\/ -->\n<title>Disc frana VW CADDY IV microbus (SAB, SAJ) 2.0 TDI diesel 140 cai DON PCD10062 VW | DON - Autorival<\/title>\n<meta name=\"description\" content=\"\u26a1 Disc frana VW CADDY IV microbus (SAB, SAJ) 2.0 TDI diesel 140 cai DON PCD10062 pentru VW. \u2713 Cod: PCD10062 \u2713 Brand: DON \u2713 \u00cen stoc \u2713 Livrare 24h \u2713 Garan\u021bie!\" \/>\n<meta name=\"robots\" content=\"index, follow, max-snippet:-1, max-image-preview:large, max-video-preview:-1\" \/>\n<meta property=\"og:locale\" content=\"en_US\" \/>\n<meta property=\"og:type\" content=\"article\" \/>\n<meta property=\"og:title\" content=\"Disc frana VW CADDY IV microbus (SAB, SAJ) 2.0 TDI diesel 140 cai DON PCD10062 VW | DON - Autorival\" \/>\n<meta property=\"og:description\" content=\"\u26a1 Disc frana VW CADDY IV microbus (SAB, SAJ) 2.0 TDI diesel 140 cai DON PCD10062 pentru VW. \u2713 Cod: PCD10062 \u2713 Brand: DON \u2713 \u00cen stoc \u2713 Livrare 24h \u2713 Garan\u021bie!\" \/>\n<meta property=\"og:url\" content=\"https:\/\/autorival.ro\/vw\/produs\/disc-frana-vw-caddy-iv-microbus-sab-saj-2-0-tdi-diesel-140-cai-don-pcd10062\/\" \/>\n<meta property=\"og:site_name\" content=\"VW\" \/>\n<meta property=\"og:image\" content=\"https:\/\/autorival.ro\/vw\/wp-content\/uploads\/sites\/5\/2026\/02\/98200_1208_0_1-18.jpg\" \/>\n\t<meta property=\"og:image:width\" content=\"473\" \/>\n\t<meta property=\"og:image:height\" content=\"400\" \/>\n\t<meta property=\"og:image:type\" content=\"image\/jpeg\" \/>\n<meta name=\"twitter:card\" content=\"summary_large_image\" \/>\n<meta name=\"twitter:title\" content=\"Disc frana VW CADDY IV microbus (SAB, SAJ) 2.0 TDI diesel 140 cai DON PCD10062 VW | DON - Autorival\" \/>\n<meta name=\"twitter:description\" content=\"\u26a1 Disc frana VW CADDY IV microbus (SAB, SAJ) 2.0 TDI diesel 140 cai DON PCD10062 pentru VW. \u2713 Cod: PCD10062 \u2713 Brand: DON \u2713 \u00cen stoc \u2713 Livrare 24h \u2713 Garan\u021bie!\" \/>\n<script type=\"application\/ld+json\" class=\"yoast-schema-graph\">{\"@context\":\"https:\\\/\\\/schema.org\",\"@graph\":[{\"@type\":\"WebPage\",\"@id\":\"https:\\\/\\\/autorival.ro\\\/vw\\\/produs\\\/disc-frana-vw-caddy-iv-microbus-sab-saj-2-0-tdi-diesel-140-cai-don-pcd10062\\\/\",\"url\":\"https:\\\/\\\/autorival.ro\\\/vw\\\/produs\\\/disc-frana-vw-caddy-iv-microbus-sab-saj-2-0-tdi-diesel-140-cai-don-pcd10062\\\/\",\"name\":\"Disc frana VW CADDY IV microbus (SAB, SAJ) 2.0 TDI diesel 140 cai DON PCD10062 VW | DON - Autorival\",\"isPartOf\":{\"@id\":\"https:\\\/\\\/autorival.ro\\\/vw\\\/#website\"},\"primaryImageOfPage\":{\"@id\":\"https:\\\/\\\/autorival.ro\\\/vw\\\/produs\\\/disc-frana-vw-caddy-iv-microbus-sab-saj-2-0-tdi-diesel-140-cai-don-pcd10062\\\/#primaryimage\"},\"image\":{\"@id\":\"https:\\\/\\\/autorival.ro\\\/vw\\\/produs\\\/disc-frana-vw-caddy-iv-microbus-sab-saj-2-0-tdi-diesel-140-cai-don-pcd10062\\\/#primaryimage\"},\"thumbnailUrl\":\"https:\\\/\\\/autorival.ro\\\/vw\\\/wp-content\\\/uploads\\\/sites\\\/5\\\/2026\\\/02\\\/98200_1208_0_1-18.jpg\",\"datePublished\":\"2026-02-06T21:50:54+00:00\",\"description\":\"\u26a1 Disc frana VW CADDY IV microbus (SAB, SAJ) 2.0 TDI diesel 140 cai DON PCD10062 pentru VW. \u2713 Cod: PCD10062 \u2713 Brand: DON \u2713 \u00cen stoc \u2713 Livrare 24h \u2713 Garan\u021bie!\",\"breadcrumb\":{\"@id\":\"https:\\\/\\\/autorival.ro\\\/vw\\\/produs\\\/disc-frana-vw-caddy-iv-microbus-sab-saj-2-0-tdi-diesel-140-cai-don-pcd10062\\\/#breadcrumb\"},\"inLanguage\":\"en-US\",\"potentialAction\":[{\"@type\":\"ReadAction\",\"target\":[\"https:\\\/\\\/autorival.ro\\\/vw\\\/produs\\\/disc-frana-vw-caddy-iv-microbus-sab-saj-2-0-tdi-diesel-140-cai-don-pcd10062\\\/\"]}]},{\"@type\":\"ImageObject\",\"inLanguage\":\"en-US\",\"@id\":\"https:\\\/\\\/autorival.ro\\\/vw\\\/produs\\\/disc-frana-vw-caddy-iv-microbus-sab-saj-2-0-tdi-diesel-140-cai-don-pcd10062\\\/#primaryimage\",\"url\":\"https:\\\/\\\/autorival.ro\\\/vw\\\/wp-content\\\/uploads\\\/sites\\\/5\\\/2026\\\/02\\\/98200_1208_0_1-18.jpg\",\"contentUrl\":\"https:\\\/\\\/autorival.ro\\\/vw\\\/wp-content\\\/uploads\\\/sites\\\/5\\\/2026\\\/02\\\/98200_1208_0_1-18.jpg\",\"width\":473,\"height\":400},{\"@type\":\"BreadcrumbList\",\"@id\":\"https:\\\/\\\/autorival.ro\\\/vw\\\/produs\\\/disc-frana-vw-caddy-iv-microbus-sab-saj-2-0-tdi-diesel-140-cai-don-pcd10062\\\/#breadcrumb\",\"itemListElement\":[{\"@type\":\"ListItem\",\"position\":1,\"name\":\"Prima pagin\u0103\",\"item\":\"https:\\\/\\\/autorival.ro\\\/vw\\\/\"},{\"@type\":\"ListItem\",\"position\":2,\"name\":\"Piese auto VW\",\"item\":\"https:\\\/\\\/autorival.ro\\\/vw\\\/\"},{\"@type\":\"ListItem\",\"position\":3,\"name\":\"Disc frana VW CADDY IV microbus (SAB, SAJ) 2.0 TDI diesel 140 cai DON PCD10062\"}]},{\"@type\":\"WebSite\",\"@id\":\"https:\\\/\\\/autorival.ro\\\/vw\\\/#website\",\"url\":\"https:\\\/\\\/autorival.ro\\\/vw\\\/\",\"name\":\"VW\",\"description\":\"\",\"potentialAction\":[{\"@type\":\"SearchAction\",\"target\":{\"@type\":\"EntryPoint\",\"urlTemplate\":\"https:\\\/\\\/autorival.ro\\\/vw\\\/?s={search_term_string}\"},\"query-input\":{\"@type\":\"PropertyValueSpecification\",\"valueRequired\":true,\"valueName\":\"search_term_string\"}}],\"inLanguage\":\"en-US\"}]}<\/script>\n<!-- \/ Yoast SEO plugin. -->","yoast_head_json":{"title":"Disc frana VW CADDY IV microbus (SAB, SAJ) 2.0 TDI diesel 140 cai DON PCD10062 VW | DON - Autorival","description":"\u26a1 Disc frana VW CADDY IV microbus (SAB, SAJ) 2.0 TDI diesel 140 cai DON PCD10062 pentru VW. \u2713 Cod: PCD10062 \u2713 Brand: DON \u2713 \u00cen stoc \u2713 Livrare 24h \u2713 Garan\u021bie!","robots":{"index":"index","follow":"follow","max-snippet":"max-snippet:-1","max-image-preview":"max-image-preview:large","max-video-preview":"max-video-preview:-1"},"og_locale":"en_US","og_type":"article","og_title":"Disc frana VW CADDY IV microbus (SAB, SAJ) 2.0 TDI diesel 140 cai DON PCD10062 VW | DON - Autorival","og_description":"\u26a1 Disc frana VW CADDY IV microbus (SAB, SAJ) 2.0 TDI diesel 140 cai DON PCD10062 pentru VW. \u2713 Cod: PCD10062 \u2713 Brand: DON \u2713 \u00cen stoc \u2713 Livrare 24h \u2713 Garan\u021bie!","og_url":"https:\/\/autorival.ro\/vw\/produs\/disc-frana-vw-caddy-iv-microbus-sab-saj-2-0-tdi-diesel-140-cai-don-pcd10062\/","og_site_name":"VW","og_image":[{"width":473,"height":400,"url":"https:\/\/autorival.ro\/vw\/wp-content\/uploads\/sites\/5\/2026\/02\/98200_1208_0_1-18.jpg","type":"image\/jpeg"}],"twitter_card":"summary_large_image","twitter_title":"Disc frana VW CADDY IV microbus (SAB, SAJ) 2.0 TDI diesel 140 cai DON PCD10062 VW | DON - Autorival","twitter_description":"\u26a1 Disc frana VW CADDY IV microbus (SAB, SAJ) 2.0 TDI diesel 140 cai DON PCD10062 pentru VW. \u2713 Cod: PCD10062 \u2713 Brand: DON \u2713 \u00cen stoc \u2713 Livrare 24h \u2713 Garan\u021bie!","schema":{"@context":"https:\/\/schema.org","@graph":[{"@type":"WebPage","@id":"https:\/\/autorival.ro\/vw\/produs\/disc-frana-vw-caddy-iv-microbus-sab-saj-2-0-tdi-diesel-140-cai-don-pcd10062\/","url":"https:\/\/autorival.ro\/vw\/produs\/disc-frana-vw-caddy-iv-microbus-sab-saj-2-0-tdi-diesel-140-cai-don-pcd10062\/","name":"Disc frana VW CADDY IV microbus (SAB, SAJ) 2.0 TDI diesel 140 cai DON PCD10062 VW | DON - Autorival","isPartOf":{"@id":"https:\/\/autorival.ro\/vw\/#website"},"primaryImageOfPage":{"@id":"https:\/\/autorival.ro\/vw\/produs\/disc-frana-vw-caddy-iv-microbus-sab-saj-2-0-tdi-diesel-140-cai-don-pcd10062\/#primaryimage"},"image":{"@id":"https:\/\/autorival.ro\/vw\/produs\/disc-frana-vw-caddy-iv-microbus-sab-saj-2-0-tdi-diesel-140-cai-don-pcd10062\/#primaryimage"},"thumbnailUrl":"https:\/\/autorival.ro\/vw\/wp-content\/uploads\/sites\/5\/2026\/02\/98200_1208_0_1-18.jpg","datePublished":"2026-02-06T21:50:54+00:00","description":"\u26a1 Disc frana VW CADDY IV microbus (SAB, SAJ) 2.0 TDI diesel 140 cai DON PCD10062 pentru VW. \u2713 Cod: PCD10062 \u2713 Brand: DON \u2713 \u00cen stoc \u2713 Livrare 24h \u2713 Garan\u021bie!","breadcrumb":{"@id":"https:\/\/autorival.ro\/vw\/produs\/disc-frana-vw-caddy-iv-microbus-sab-saj-2-0-tdi-diesel-140-cai-don-pcd10062\/#breadcrumb"},"inLanguage":"en-US","potentialAction":[{"@type":"ReadAction","target":["https:\/\/autorival.ro\/vw\/produs\/disc-frana-vw-caddy-iv-microbus-sab-saj-2-0-tdi-diesel-140-cai-don-pcd10062\/"]}]},{"@type":"ImageObject","inLanguage":"en-US","@id":"https:\/\/autorival.ro\/vw\/produs\/disc-frana-vw-caddy-iv-microbus-sab-saj-2-0-tdi-diesel-140-cai-don-pcd10062\/#primaryimage","url":"https:\/\/autorival.ro\/vw\/wp-content\/uploads\/sites\/5\/2026\/02\/98200_1208_0_1-18.jpg","contentUrl":"https:\/\/autorival.ro\/vw\/wp-content\/uploads\/sites\/5\/2026\/02\/98200_1208_0_1-18.jpg","width":473,"height":400},{"@type":"BreadcrumbList","@id":"https:\/\/autorival.ro\/vw\/produs\/disc-frana-vw-caddy-iv-microbus-sab-saj-2-0-tdi-diesel-140-cai-don-pcd10062\/#breadcrumb","itemListElement":[{"@type":"ListItem","position":1,"name":"Prima pagin\u0103","item":"https:\/\/autorival.ro\/vw\/"},{"@type":"ListItem","position":2,"name":"Piese auto VW","item":"https:\/\/autorival.ro\/vw\/"},{"@type":"ListItem","position":3,"name":"Disc frana VW CADDY IV microbus (SAB, SAJ) 2.0 TDI diesel 140 cai DON PCD10062"}]},{"@type":"WebSite","@id":"https:\/\/autorival.ro\/vw\/#website","url":"https:\/\/autorival.ro\/vw\/","name":"VW","description":"","potentialAction":[{"@type":"SearchAction","target":{"@type":"EntryPoint","urlTemplate":"https:\/\/autorival.ro\/vw\/?s={search_term_string}"},"query-input":{"@type":"PropertyValueSpecification","valueRequired":true,"valueName":"search_term_string"}}],"inLanguage":"en-US"}]}},"_links":{"self":[{"href":"https:\/\/autorival.ro\/vw\/wp-json\/wp\/v2\/product\/2440438","targetHints":{"allow":["GET"]}}],"collection":[{"href":"https:\/\/autorival.ro\/vw\/wp-json\/wp\/v2\/product"}],"about":[{"href":"https:\/\/autorival.ro\/vw\/wp-json\/wp\/v2\/types\/product"}],"replies":[{"embeddable":true,"href":"https:\/\/autorival.ro\/vw\/wp-json\/wp\/v2\/comments?post=2440438"}],"wp:featuredmedia":[{"embeddable":true,"href":"https:\/\/autorival.ro\/vw\/wp-json\/wp\/v2\/media\/2440439"}],"wp:attachment":[{"href":"https:\/\/autorival.ro\/vw\/wp-json\/wp\/v2\/media?parent=2440438"}],"wp:term":[{"taxonomy":"product_brand","embeddable":true,"href":"https:\/\/autorival.ro\/vw\/wp-json\/wp\/v2\/product_brand?post=2440438"},{"taxonomy":"product_cat","embeddable":true,"href":"https:\/\/autorival.ro\/vw\/wp-json\/wp\/v2\/product_cat?post=2440438"},{"taxonomy":"product_tag","embeddable":true,"href":"https:\/\/autorival.ro\/vw\/wp-json\/wp\/v2\/product_tag?post=2440438"}],"curies":[{"name":"wp","href":"https:\/\/api.w.org\/{rel}","templated":true}]}}