{"id":2436438,"date":"2026-02-06T20:53:19","date_gmt":"2026-02-06T20:53:19","guid":{"rendered":"https:\/\/autorival.ro\/vw\/produs\/disc-frana-vw-arteon-shooting-brake-3h9-2-0-tsi-4motion-benzina-280-cai-trw-df4754\/"},"modified":"2026-02-06T20:53:19","modified_gmt":"2026-02-06T20:53:19","slug":"disc-frana-vw-arteon-shooting-brake-3h9-2-0-tsi-4motion-benzina-280-cai-trw-df4754","status":"publish","type":"product","link":"https:\/\/autorival.ro\/vw\/produs\/disc-frana-vw-arteon-shooting-brake-3h9-2-0-tsi-4motion-benzina-280-cai-trw-df4754\/","title":{"rendered":"Disc frana VW ARTEON SHOOTING BRAKE (3H9) 2.0 TSI 4motion benzina 280 cai TRW DF4754"},"content":{"rendered":"<p>Partea de montare: puntea spatept. numar PR: 1KZ, 2ER, 2EV, 1KFTip disc fr\u00e2na: ventilatDiametru exterior [mm]: 310\u00cenaltime [mm]: 48,3Diametru de centrare [mm]: 65Grosime disc fr\u00e2na [mm]: 22Grosime minima [mm]: 20Numar gauri: 9Asezare gauri \u00d8 [mm]: 112Dimensiune filet: 15,5Procesare: continut ridicat de carbonCuloare: negruSuprafata: lacuitAprobare: E190R-02C0185\/0588<\/p>\n","protected":false},"excerpt":{"rendered":"<p>Producator: TRW Cod producator: DF4754<\/p>\n","protected":false},"featured_media":2436439,"comment_status":"open","ping_status":"closed","template":"","meta":[],"product_brand":[1861],"product_cat":[22614],"product_tag":[],"class_list":{"0":"post-2436438","1":"product","2":"type-product","3":"status-publish","4":"has-post-thumbnail","6":"product_brand-trw","7":"product_cat-disc-frana-3h9-2-0-tsi-4motion-benzina-280","9":"first","10":"instock","11":"shipping-taxable","12":"purchasable","13":"product-type-simple"},"yoast_head":"<!-- This site is optimized with the Yoast SEO plugin v27.3 - https:\/\/yoast.com\/product\/yoast-seo-wordpress\/ -->\n<title>Disc frana VW ARTEON SHOOTING BRAKE (3H9) 2.0 TSI 4motion benzina 280 cai TRW DF4754 VW | TRW - Autorival<\/title>\n<meta name=\"description\" content=\"\u26a1 Disc frana VW ARTEON SHOOTING BRAKE (3H9) 2.0 TSI 4motion benzina 280 cai TRW DF4754 pentru VW. \u2713 Cod: DF4754 \u2713 Brand: TRW \u2713 \u00cen stoc \u2713 Livrare 24h \u2713 Garan\u021bie!\" \/>\n<meta name=\"robots\" content=\"index, follow, max-snippet:-1, max-image-preview:large, max-video-preview:-1\" \/>\n<meta property=\"og:locale\" content=\"en_US\" \/>\n<meta property=\"og:type\" content=\"article\" \/>\n<meta property=\"og:title\" content=\"Disc frana VW ARTEON SHOOTING BRAKE (3H9) 2.0 TSI 4motion benzina 280 cai TRW DF4754 VW | TRW - Autorival\" \/>\n<meta property=\"og:description\" content=\"\u26a1 Disc frana VW ARTEON SHOOTING BRAKE (3H9) 2.0 TSI 4motion benzina 280 cai TRW DF4754 pentru VW. \u2713 Cod: DF4754 \u2713 Brand: TRW \u2713 \u00cen stoc \u2713 Livrare 24h \u2713 Garan\u021bie!\" \/>\n<meta property=\"og:url\" content=\"https:\/\/autorival.ro\/vw\/produs\/disc-frana-vw-arteon-shooting-brake-3h9-2-0-tsi-4motion-benzina-280-cai-trw-df4754\/\" \/>\n<meta property=\"og:site_name\" content=\"VW\" \/>\n<meta property=\"og:image\" content=\"https:\/\/autorival.ro\/vw\/wp-content\/uploads\/sites\/5\/2026\/02\/0161df4754.jpg\" \/>\n\t<meta property=\"og:image:width\" content=\"600\" \/>\n\t<meta property=\"og:image:height\" content=\"392\" \/>\n\t<meta property=\"og:image:type\" content=\"image\/jpeg\" \/>\n<meta name=\"twitter:card\" content=\"summary_large_image\" \/>\n<meta name=\"twitter:title\" content=\"Disc frana VW ARTEON SHOOTING BRAKE (3H9) 2.0 TSI 4motion benzina 280 cai TRW DF4754 VW | TRW - Autorival\" \/>\n<meta name=\"twitter:description\" content=\"\u26a1 Disc frana VW ARTEON SHOOTING BRAKE (3H9) 2.0 TSI 4motion benzina 280 cai TRW DF4754 pentru VW. \u2713 Cod: DF4754 \u2713 Brand: TRW \u2713 \u00cen stoc \u2713 Livrare 24h \u2713 Garan\u021bie!\" \/>\n<script type=\"application\/ld+json\" class=\"yoast-schema-graph\">{\"@context\":\"https:\\\/\\\/schema.org\",\"@graph\":[{\"@type\":\"WebPage\",\"@id\":\"https:\\\/\\\/autorival.ro\\\/vw\\\/produs\\\/disc-frana-vw-arteon-shooting-brake-3h9-2-0-tsi-4motion-benzina-280-cai-trw-df4754\\\/\",\"url\":\"https:\\\/\\\/autorival.ro\\\/vw\\\/produs\\\/disc-frana-vw-arteon-shooting-brake-3h9-2-0-tsi-4motion-benzina-280-cai-trw-df4754\\\/\",\"name\":\"Disc frana VW ARTEON SHOOTING BRAKE (3H9) 2.0 TSI 4motion benzina 280 cai TRW DF4754 VW | TRW - Autorival\",\"isPartOf\":{\"@id\":\"https:\\\/\\\/autorival.ro\\\/vw\\\/#website\"},\"primaryImageOfPage\":{\"@id\":\"https:\\\/\\\/autorival.ro\\\/vw\\\/produs\\\/disc-frana-vw-arteon-shooting-brake-3h9-2-0-tsi-4motion-benzina-280-cai-trw-df4754\\\/#primaryimage\"},\"image\":{\"@id\":\"https:\\\/\\\/autorival.ro\\\/vw\\\/produs\\\/disc-frana-vw-arteon-shooting-brake-3h9-2-0-tsi-4motion-benzina-280-cai-trw-df4754\\\/#primaryimage\"},\"thumbnailUrl\":\"https:\\\/\\\/autorival.ro\\\/vw\\\/wp-content\\\/uploads\\\/sites\\\/5\\\/2026\\\/02\\\/0161df4754.jpg\",\"datePublished\":\"2026-02-06T20:53:19+00:00\",\"description\":\"\u26a1 Disc frana VW ARTEON SHOOTING BRAKE (3H9) 2.0 TSI 4motion benzina 280 cai TRW DF4754 pentru VW. \u2713 Cod: DF4754 \u2713 Brand: TRW \u2713 \u00cen stoc \u2713 Livrare 24h \u2713 Garan\u021bie!\",\"breadcrumb\":{\"@id\":\"https:\\\/\\\/autorival.ro\\\/vw\\\/produs\\\/disc-frana-vw-arteon-shooting-brake-3h9-2-0-tsi-4motion-benzina-280-cai-trw-df4754\\\/#breadcrumb\"},\"inLanguage\":\"en-US\",\"potentialAction\":[{\"@type\":\"ReadAction\",\"target\":[\"https:\\\/\\\/autorival.ro\\\/vw\\\/produs\\\/disc-frana-vw-arteon-shooting-brake-3h9-2-0-tsi-4motion-benzina-280-cai-trw-df4754\\\/\"]}]},{\"@type\":\"ImageObject\",\"inLanguage\":\"en-US\",\"@id\":\"https:\\\/\\\/autorival.ro\\\/vw\\\/produs\\\/disc-frana-vw-arteon-shooting-brake-3h9-2-0-tsi-4motion-benzina-280-cai-trw-df4754\\\/#primaryimage\",\"url\":\"https:\\\/\\\/autorival.ro\\\/vw\\\/wp-content\\\/uploads\\\/sites\\\/5\\\/2026\\\/02\\\/0161df4754.jpg\",\"contentUrl\":\"https:\\\/\\\/autorival.ro\\\/vw\\\/wp-content\\\/uploads\\\/sites\\\/5\\\/2026\\\/02\\\/0161df4754.jpg\",\"width\":600,\"height\":392},{\"@type\":\"BreadcrumbList\",\"@id\":\"https:\\\/\\\/autorival.ro\\\/vw\\\/produs\\\/disc-frana-vw-arteon-shooting-brake-3h9-2-0-tsi-4motion-benzina-280-cai-trw-df4754\\\/#breadcrumb\",\"itemListElement\":[{\"@type\":\"ListItem\",\"position\":1,\"name\":\"Prima pagin\u0103\",\"item\":\"https:\\\/\\\/autorival.ro\\\/vw\\\/\"},{\"@type\":\"ListItem\",\"position\":2,\"name\":\"Piese auto VW\",\"item\":\"https:\\\/\\\/autorival.ro\\\/vw\\\/\"},{\"@type\":\"ListItem\",\"position\":3,\"name\":\"Disc frana VW ARTEON SHOOTING BRAKE (3H9) 2.0 TSI 4motion benzina 280 cai TRW DF4754\"}]},{\"@type\":\"WebSite\",\"@id\":\"https:\\\/\\\/autorival.ro\\\/vw\\\/#website\",\"url\":\"https:\\\/\\\/autorival.ro\\\/vw\\\/\",\"name\":\"VW\",\"description\":\"\",\"potentialAction\":[{\"@type\":\"SearchAction\",\"target\":{\"@type\":\"EntryPoint\",\"urlTemplate\":\"https:\\\/\\\/autorival.ro\\\/vw\\\/?s={search_term_string}\"},\"query-input\":{\"@type\":\"PropertyValueSpecification\",\"valueRequired\":true,\"valueName\":\"search_term_string\"}}],\"inLanguage\":\"en-US\"}]}<\/script>\n<!-- \/ Yoast SEO plugin. -->","yoast_head_json":{"title":"Disc frana VW ARTEON SHOOTING BRAKE (3H9) 2.0 TSI 4motion benzina 280 cai TRW DF4754 VW | TRW - Autorival","description":"\u26a1 Disc frana VW ARTEON SHOOTING BRAKE (3H9) 2.0 TSI 4motion benzina 280 cai TRW DF4754 pentru VW. \u2713 Cod: DF4754 \u2713 Brand: TRW \u2713 \u00cen stoc \u2713 Livrare 24h \u2713 Garan\u021bie!","robots":{"index":"index","follow":"follow","max-snippet":"max-snippet:-1","max-image-preview":"max-image-preview:large","max-video-preview":"max-video-preview:-1"},"og_locale":"en_US","og_type":"article","og_title":"Disc frana VW ARTEON SHOOTING BRAKE (3H9) 2.0 TSI 4motion benzina 280 cai TRW DF4754 VW | TRW - Autorival","og_description":"\u26a1 Disc frana VW ARTEON SHOOTING BRAKE (3H9) 2.0 TSI 4motion benzina 280 cai TRW DF4754 pentru VW. \u2713 Cod: DF4754 \u2713 Brand: TRW \u2713 \u00cen stoc \u2713 Livrare 24h \u2713 Garan\u021bie!","og_url":"https:\/\/autorival.ro\/vw\/produs\/disc-frana-vw-arteon-shooting-brake-3h9-2-0-tsi-4motion-benzina-280-cai-trw-df4754\/","og_site_name":"VW","og_image":[{"width":600,"height":392,"url":"https:\/\/autorival.ro\/vw\/wp-content\/uploads\/sites\/5\/2026\/02\/0161df4754.jpg","type":"image\/jpeg"}],"twitter_card":"summary_large_image","twitter_title":"Disc frana VW ARTEON SHOOTING BRAKE (3H9) 2.0 TSI 4motion benzina 280 cai TRW DF4754 VW | TRW - Autorival","twitter_description":"\u26a1 Disc frana VW ARTEON SHOOTING BRAKE (3H9) 2.0 TSI 4motion benzina 280 cai TRW DF4754 pentru VW. \u2713 Cod: DF4754 \u2713 Brand: TRW \u2713 \u00cen stoc \u2713 Livrare 24h \u2713 Garan\u021bie!","schema":{"@context":"https:\/\/schema.org","@graph":[{"@type":"WebPage","@id":"https:\/\/autorival.ro\/vw\/produs\/disc-frana-vw-arteon-shooting-brake-3h9-2-0-tsi-4motion-benzina-280-cai-trw-df4754\/","url":"https:\/\/autorival.ro\/vw\/produs\/disc-frana-vw-arteon-shooting-brake-3h9-2-0-tsi-4motion-benzina-280-cai-trw-df4754\/","name":"Disc frana VW ARTEON SHOOTING BRAKE (3H9) 2.0 TSI 4motion benzina 280 cai TRW DF4754 VW | TRW - Autorival","isPartOf":{"@id":"https:\/\/autorival.ro\/vw\/#website"},"primaryImageOfPage":{"@id":"https:\/\/autorival.ro\/vw\/produs\/disc-frana-vw-arteon-shooting-brake-3h9-2-0-tsi-4motion-benzina-280-cai-trw-df4754\/#primaryimage"},"image":{"@id":"https:\/\/autorival.ro\/vw\/produs\/disc-frana-vw-arteon-shooting-brake-3h9-2-0-tsi-4motion-benzina-280-cai-trw-df4754\/#primaryimage"},"thumbnailUrl":"https:\/\/autorival.ro\/vw\/wp-content\/uploads\/sites\/5\/2026\/02\/0161df4754.jpg","datePublished":"2026-02-06T20:53:19+00:00","description":"\u26a1 Disc frana VW ARTEON SHOOTING BRAKE (3H9) 2.0 TSI 4motion benzina 280 cai TRW DF4754 pentru VW. \u2713 Cod: DF4754 \u2713 Brand: TRW \u2713 \u00cen stoc \u2713 Livrare 24h \u2713 Garan\u021bie!","breadcrumb":{"@id":"https:\/\/autorival.ro\/vw\/produs\/disc-frana-vw-arteon-shooting-brake-3h9-2-0-tsi-4motion-benzina-280-cai-trw-df4754\/#breadcrumb"},"inLanguage":"en-US","potentialAction":[{"@type":"ReadAction","target":["https:\/\/autorival.ro\/vw\/produs\/disc-frana-vw-arteon-shooting-brake-3h9-2-0-tsi-4motion-benzina-280-cai-trw-df4754\/"]}]},{"@type":"ImageObject","inLanguage":"en-US","@id":"https:\/\/autorival.ro\/vw\/produs\/disc-frana-vw-arteon-shooting-brake-3h9-2-0-tsi-4motion-benzina-280-cai-trw-df4754\/#primaryimage","url":"https:\/\/autorival.ro\/vw\/wp-content\/uploads\/sites\/5\/2026\/02\/0161df4754.jpg","contentUrl":"https:\/\/autorival.ro\/vw\/wp-content\/uploads\/sites\/5\/2026\/02\/0161df4754.jpg","width":600,"height":392},{"@type":"BreadcrumbList","@id":"https:\/\/autorival.ro\/vw\/produs\/disc-frana-vw-arteon-shooting-brake-3h9-2-0-tsi-4motion-benzina-280-cai-trw-df4754\/#breadcrumb","itemListElement":[{"@type":"ListItem","position":1,"name":"Prima pagin\u0103","item":"https:\/\/autorival.ro\/vw\/"},{"@type":"ListItem","position":2,"name":"Piese auto VW","item":"https:\/\/autorival.ro\/vw\/"},{"@type":"ListItem","position":3,"name":"Disc frana VW ARTEON SHOOTING BRAKE (3H9) 2.0 TSI 4motion benzina 280 cai TRW DF4754"}]},{"@type":"WebSite","@id":"https:\/\/autorival.ro\/vw\/#website","url":"https:\/\/autorival.ro\/vw\/","name":"VW","description":"","potentialAction":[{"@type":"SearchAction","target":{"@type":"EntryPoint","urlTemplate":"https:\/\/autorival.ro\/vw\/?s={search_term_string}"},"query-input":{"@type":"PropertyValueSpecification","valueRequired":true,"valueName":"search_term_string"}}],"inLanguage":"en-US"}]}},"_links":{"self":[{"href":"https:\/\/autorival.ro\/vw\/wp-json\/wp\/v2\/product\/2436438","targetHints":{"allow":["GET"]}}],"collection":[{"href":"https:\/\/autorival.ro\/vw\/wp-json\/wp\/v2\/product"}],"about":[{"href":"https:\/\/autorival.ro\/vw\/wp-json\/wp\/v2\/types\/product"}],"replies":[{"embeddable":true,"href":"https:\/\/autorival.ro\/vw\/wp-json\/wp\/v2\/comments?post=2436438"}],"wp:featuredmedia":[{"embeddable":true,"href":"https:\/\/autorival.ro\/vw\/wp-json\/wp\/v2\/media\/2436439"}],"wp:attachment":[{"href":"https:\/\/autorival.ro\/vw\/wp-json\/wp\/v2\/media?parent=2436438"}],"wp:term":[{"taxonomy":"product_brand","embeddable":true,"href":"https:\/\/autorival.ro\/vw\/wp-json\/wp\/v2\/product_brand?post=2436438"},{"taxonomy":"product_cat","embeddable":true,"href":"https:\/\/autorival.ro\/vw\/wp-json\/wp\/v2\/product_cat?post=2436438"},{"taxonomy":"product_tag","embeddable":true,"href":"https:\/\/autorival.ro\/vw\/wp-json\/wp\/v2\/product_tag?post=2436438"}],"curies":[{"name":"wp","href":"https:\/\/api.w.org\/{rel}","templated":true}]}}