{"id":2397212,"date":"2026-02-06T12:28:16","date_gmt":"2026-02-06T12:28:16","guid":{"rendered":"https:\/\/autorival.ro\/vw\/produs\/condensator-climatizare-vw-golf-sportsvan-vii-am1-an1-1-2-tsi-benzina-86-cai-nissens-940319\/"},"modified":"2026-02-06T12:28:16","modified_gmt":"2026-02-06T12:28:16","slug":"condensator-climatizare-vw-golf-sportsvan-vii-am1-an1-1-2-tsi-benzina-86-cai-nissens-940319","status":"publish","type":"product","link":"https:\/\/autorival.ro\/vw\/produs\/condensator-climatizare-vw-golf-sportsvan-vii-am1-an1-1-2-tsi-benzina-86-cai-nissens-940319\/","title":{"rendered":"Condensator climatizare VW GOLF SPORTSVAN VII (AM1, AN1) 1.2 TSI benzina 86 cai NISSENS 940319"},"content":{"rendered":"<p>Ad\u00e2ncimea plasei [mm]: 16Lungime plas\u0103 [mm]: 390L\u0103\u021bimea plasei [mm]: 575Proprietati chimice: rezistent la coroziuneDiametru admisie [mm]: 13,7Material: aluminiuArticol extins\/Informatii de extindere: cu umplutur\u0103 de azotDiametru evacuare [mm]: 11,8Agent frigorific: R 134aArticol completare\/Info suplimentar 2: cu uscator<\/p>\n","protected":false},"excerpt":{"rendered":"<p>Producator: NISSENS Cod producator: 940319<\/p>\n","protected":false},"featured_media":2397213,"comment_status":"open","ping_status":"closed","template":"","meta":[],"product_brand":[13897],"product_cat":[19853],"product_tag":[],"class_list":{"0":"post-2397212","1":"product","2":"type-product","3":"status-publish","4":"has-post-thumbnail","6":"product_brand-nissens","7":"product_cat-condensator-climatizare-am1-an1-1-2-tsi-benzina-86","9":"first","10":"instock","11":"shipping-taxable","12":"purchasable","13":"product-type-simple"},"yoast_head":"<!-- This site is optimized with the Yoast SEO plugin v27.3 - https:\/\/yoast.com\/product\/yoast-seo-wordpress\/ -->\n<title>Condensator climatizare VW GOLF SPORTSVAN VII (AM1, AN1) 1.2 TSI benzina 86 cai NISSENS 940319 VW | NISSENS - Autorival<\/title>\n<meta name=\"description\" content=\"\u26a1 Condensator climatizare VW GOLF SPORTSVAN VII (AM1, AN1) 1.2 TSI benzina 86 cai NISSENS 940319 pentru VW. \u2713 Cod: 940319 \u2713 Brand: NISSENS \u2713 \u00cen stoc \u2713 Livrare 24h \u2713 Garan\u021bie!\" \/>\n<meta name=\"robots\" content=\"index, follow, max-snippet:-1, max-image-preview:large, max-video-preview:-1\" \/>\n<meta property=\"og:locale\" content=\"en_US\" \/>\n<meta property=\"og:type\" content=\"article\" \/>\n<meta property=\"og:title\" content=\"Condensator climatizare VW GOLF SPORTSVAN VII (AM1, AN1) 1.2 TSI benzina 86 cai NISSENS 940319 VW | NISSENS - Autorival\" \/>\n<meta property=\"og:description\" content=\"\u26a1 Condensator climatizare VW GOLF SPORTSVAN VII (AM1, AN1) 1.2 TSI benzina 86 cai NISSENS 940319 pentru VW. \u2713 Cod: 940319 \u2713 Brand: NISSENS \u2713 \u00cen stoc \u2713 Livrare 24h \u2713 Garan\u021bie!\" \/>\n<meta property=\"og:url\" content=\"https:\/\/autorival.ro\/vw\/produs\/condensator-climatizare-vw-golf-sportsvan-vii-am1-an1-1-2-tsi-benzina-86-cai-nissens-940319\/\" \/>\n<meta property=\"og:site_name\" content=\"VW\" \/>\n<meta property=\"og:image\" content=\"https:\/\/autorival.ro\/vw\/wp-content\/uploads\/sites\/5\/2026\/02\/nis-940319-00-54.jpg\" \/>\n\t<meta property=\"og:image:width\" content=\"2000\" \/>\n\t<meta property=\"og:image:height\" content=\"1333\" \/>\n\t<meta property=\"og:image:type\" content=\"image\/jpeg\" \/>\n<meta name=\"twitter:card\" content=\"summary_large_image\" \/>\n<meta name=\"twitter:title\" content=\"Condensator climatizare VW GOLF SPORTSVAN VII (AM1, AN1) 1.2 TSI benzina 86 cai NISSENS 940319 VW | NISSENS - Autorival\" \/>\n<meta name=\"twitter:description\" content=\"\u26a1 Condensator climatizare VW GOLF SPORTSVAN VII (AM1, AN1) 1.2 TSI benzina 86 cai NISSENS 940319 pentru VW. \u2713 Cod: 940319 \u2713 Brand: NISSENS \u2713 \u00cen stoc \u2713 Livrare 24h \u2713 Garan\u021bie!\" \/>\n<script type=\"application\/ld+json\" class=\"yoast-schema-graph\">{\"@context\":\"https:\\\/\\\/schema.org\",\"@graph\":[{\"@type\":\"WebPage\",\"@id\":\"https:\\\/\\\/autorival.ro\\\/vw\\\/produs\\\/condensator-climatizare-vw-golf-sportsvan-vii-am1-an1-1-2-tsi-benzina-86-cai-nissens-940319\\\/\",\"url\":\"https:\\\/\\\/autorival.ro\\\/vw\\\/produs\\\/condensator-climatizare-vw-golf-sportsvan-vii-am1-an1-1-2-tsi-benzina-86-cai-nissens-940319\\\/\",\"name\":\"Condensator climatizare VW GOLF SPORTSVAN VII (AM1, AN1) 1.2 TSI benzina 86 cai NISSENS 940319 VW | NISSENS - Autorival\",\"isPartOf\":{\"@id\":\"https:\\\/\\\/autorival.ro\\\/vw\\\/#website\"},\"primaryImageOfPage\":{\"@id\":\"https:\\\/\\\/autorival.ro\\\/vw\\\/produs\\\/condensator-climatizare-vw-golf-sportsvan-vii-am1-an1-1-2-tsi-benzina-86-cai-nissens-940319\\\/#primaryimage\"},\"image\":{\"@id\":\"https:\\\/\\\/autorival.ro\\\/vw\\\/produs\\\/condensator-climatizare-vw-golf-sportsvan-vii-am1-an1-1-2-tsi-benzina-86-cai-nissens-940319\\\/#primaryimage\"},\"thumbnailUrl\":\"https:\\\/\\\/autorival.ro\\\/vw\\\/wp-content\\\/uploads\\\/sites\\\/5\\\/2026\\\/02\\\/nis-940319-00-54.jpg\",\"datePublished\":\"2026-02-06T12:28:16+00:00\",\"description\":\"\u26a1 Condensator climatizare VW GOLF SPORTSVAN VII (AM1, AN1) 1.2 TSI benzina 86 cai NISSENS 940319 pentru VW. \u2713 Cod: 940319 \u2713 Brand: NISSENS \u2713 \u00cen stoc \u2713 Livrare 24h \u2713 Garan\u021bie!\",\"breadcrumb\":{\"@id\":\"https:\\\/\\\/autorival.ro\\\/vw\\\/produs\\\/condensator-climatizare-vw-golf-sportsvan-vii-am1-an1-1-2-tsi-benzina-86-cai-nissens-940319\\\/#breadcrumb\"},\"inLanguage\":\"en-US\",\"potentialAction\":[{\"@type\":\"ReadAction\",\"target\":[\"https:\\\/\\\/autorival.ro\\\/vw\\\/produs\\\/condensator-climatizare-vw-golf-sportsvan-vii-am1-an1-1-2-tsi-benzina-86-cai-nissens-940319\\\/\"]}]},{\"@type\":\"ImageObject\",\"inLanguage\":\"en-US\",\"@id\":\"https:\\\/\\\/autorival.ro\\\/vw\\\/produs\\\/condensator-climatizare-vw-golf-sportsvan-vii-am1-an1-1-2-tsi-benzina-86-cai-nissens-940319\\\/#primaryimage\",\"url\":\"https:\\\/\\\/autorival.ro\\\/vw\\\/wp-content\\\/uploads\\\/sites\\\/5\\\/2026\\\/02\\\/nis-940319-00-54.jpg\",\"contentUrl\":\"https:\\\/\\\/autorival.ro\\\/vw\\\/wp-content\\\/uploads\\\/sites\\\/5\\\/2026\\\/02\\\/nis-940319-00-54.jpg\",\"width\":2000,\"height\":1333},{\"@type\":\"BreadcrumbList\",\"@id\":\"https:\\\/\\\/autorival.ro\\\/vw\\\/produs\\\/condensator-climatizare-vw-golf-sportsvan-vii-am1-an1-1-2-tsi-benzina-86-cai-nissens-940319\\\/#breadcrumb\",\"itemListElement\":[{\"@type\":\"ListItem\",\"position\":1,\"name\":\"Prima pagin\u0103\",\"item\":\"https:\\\/\\\/autorival.ro\\\/vw\\\/\"},{\"@type\":\"ListItem\",\"position\":2,\"name\":\"Piese auto VW\",\"item\":\"https:\\\/\\\/autorival.ro\\\/vw\\\/\"},{\"@type\":\"ListItem\",\"position\":3,\"name\":\"Condensator climatizare VW GOLF SPORTSVAN VII (AM1, AN1) 1.2 TSI benzina 86 cai NISSENS 940319\"}]},{\"@type\":\"WebSite\",\"@id\":\"https:\\\/\\\/autorival.ro\\\/vw\\\/#website\",\"url\":\"https:\\\/\\\/autorival.ro\\\/vw\\\/\",\"name\":\"VW\",\"description\":\"\",\"potentialAction\":[{\"@type\":\"SearchAction\",\"target\":{\"@type\":\"EntryPoint\",\"urlTemplate\":\"https:\\\/\\\/autorival.ro\\\/vw\\\/?s={search_term_string}\"},\"query-input\":{\"@type\":\"PropertyValueSpecification\",\"valueRequired\":true,\"valueName\":\"search_term_string\"}}],\"inLanguage\":\"en-US\"}]}<\/script>\n<!-- \/ Yoast SEO plugin. -->","yoast_head_json":{"title":"Condensator climatizare VW GOLF SPORTSVAN VII (AM1, AN1) 1.2 TSI benzina 86 cai NISSENS 940319 VW | NISSENS - Autorival","description":"\u26a1 Condensator climatizare VW GOLF SPORTSVAN VII (AM1, AN1) 1.2 TSI benzina 86 cai NISSENS 940319 pentru VW. \u2713 Cod: 940319 \u2713 Brand: NISSENS \u2713 \u00cen stoc \u2713 Livrare 24h \u2713 Garan\u021bie!","robots":{"index":"index","follow":"follow","max-snippet":"max-snippet:-1","max-image-preview":"max-image-preview:large","max-video-preview":"max-video-preview:-1"},"og_locale":"en_US","og_type":"article","og_title":"Condensator climatizare VW GOLF SPORTSVAN VII (AM1, AN1) 1.2 TSI benzina 86 cai NISSENS 940319 VW | NISSENS - Autorival","og_description":"\u26a1 Condensator climatizare VW GOLF SPORTSVAN VII (AM1, AN1) 1.2 TSI benzina 86 cai NISSENS 940319 pentru VW. \u2713 Cod: 940319 \u2713 Brand: NISSENS \u2713 \u00cen stoc \u2713 Livrare 24h \u2713 Garan\u021bie!","og_url":"https:\/\/autorival.ro\/vw\/produs\/condensator-climatizare-vw-golf-sportsvan-vii-am1-an1-1-2-tsi-benzina-86-cai-nissens-940319\/","og_site_name":"VW","og_image":[{"width":2000,"height":1333,"url":"https:\/\/autorival.ro\/vw\/wp-content\/uploads\/sites\/5\/2026\/02\/nis-940319-00-54.jpg","type":"image\/jpeg"}],"twitter_card":"summary_large_image","twitter_title":"Condensator climatizare VW GOLF SPORTSVAN VII (AM1, AN1) 1.2 TSI benzina 86 cai NISSENS 940319 VW | NISSENS - Autorival","twitter_description":"\u26a1 Condensator climatizare VW GOLF SPORTSVAN VII (AM1, AN1) 1.2 TSI benzina 86 cai NISSENS 940319 pentru VW. \u2713 Cod: 940319 \u2713 Brand: NISSENS \u2713 \u00cen stoc \u2713 Livrare 24h \u2713 Garan\u021bie!","schema":{"@context":"https:\/\/schema.org","@graph":[{"@type":"WebPage","@id":"https:\/\/autorival.ro\/vw\/produs\/condensator-climatizare-vw-golf-sportsvan-vii-am1-an1-1-2-tsi-benzina-86-cai-nissens-940319\/","url":"https:\/\/autorival.ro\/vw\/produs\/condensator-climatizare-vw-golf-sportsvan-vii-am1-an1-1-2-tsi-benzina-86-cai-nissens-940319\/","name":"Condensator climatizare VW GOLF SPORTSVAN VII (AM1, AN1) 1.2 TSI benzina 86 cai NISSENS 940319 VW | NISSENS - Autorival","isPartOf":{"@id":"https:\/\/autorival.ro\/vw\/#website"},"primaryImageOfPage":{"@id":"https:\/\/autorival.ro\/vw\/produs\/condensator-climatizare-vw-golf-sportsvan-vii-am1-an1-1-2-tsi-benzina-86-cai-nissens-940319\/#primaryimage"},"image":{"@id":"https:\/\/autorival.ro\/vw\/produs\/condensator-climatizare-vw-golf-sportsvan-vii-am1-an1-1-2-tsi-benzina-86-cai-nissens-940319\/#primaryimage"},"thumbnailUrl":"https:\/\/autorival.ro\/vw\/wp-content\/uploads\/sites\/5\/2026\/02\/nis-940319-00-54.jpg","datePublished":"2026-02-06T12:28:16+00:00","description":"\u26a1 Condensator climatizare VW GOLF SPORTSVAN VII (AM1, AN1) 1.2 TSI benzina 86 cai NISSENS 940319 pentru VW. \u2713 Cod: 940319 \u2713 Brand: NISSENS \u2713 \u00cen stoc \u2713 Livrare 24h \u2713 Garan\u021bie!","breadcrumb":{"@id":"https:\/\/autorival.ro\/vw\/produs\/condensator-climatizare-vw-golf-sportsvan-vii-am1-an1-1-2-tsi-benzina-86-cai-nissens-940319\/#breadcrumb"},"inLanguage":"en-US","potentialAction":[{"@type":"ReadAction","target":["https:\/\/autorival.ro\/vw\/produs\/condensator-climatizare-vw-golf-sportsvan-vii-am1-an1-1-2-tsi-benzina-86-cai-nissens-940319\/"]}]},{"@type":"ImageObject","inLanguage":"en-US","@id":"https:\/\/autorival.ro\/vw\/produs\/condensator-climatizare-vw-golf-sportsvan-vii-am1-an1-1-2-tsi-benzina-86-cai-nissens-940319\/#primaryimage","url":"https:\/\/autorival.ro\/vw\/wp-content\/uploads\/sites\/5\/2026\/02\/nis-940319-00-54.jpg","contentUrl":"https:\/\/autorival.ro\/vw\/wp-content\/uploads\/sites\/5\/2026\/02\/nis-940319-00-54.jpg","width":2000,"height":1333},{"@type":"BreadcrumbList","@id":"https:\/\/autorival.ro\/vw\/produs\/condensator-climatizare-vw-golf-sportsvan-vii-am1-an1-1-2-tsi-benzina-86-cai-nissens-940319\/#breadcrumb","itemListElement":[{"@type":"ListItem","position":1,"name":"Prima pagin\u0103","item":"https:\/\/autorival.ro\/vw\/"},{"@type":"ListItem","position":2,"name":"Piese auto VW","item":"https:\/\/autorival.ro\/vw\/"},{"@type":"ListItem","position":3,"name":"Condensator climatizare VW GOLF SPORTSVAN VII (AM1, AN1) 1.2 TSI benzina 86 cai NISSENS 940319"}]},{"@type":"WebSite","@id":"https:\/\/autorival.ro\/vw\/#website","url":"https:\/\/autorival.ro\/vw\/","name":"VW","description":"","potentialAction":[{"@type":"SearchAction","target":{"@type":"EntryPoint","urlTemplate":"https:\/\/autorival.ro\/vw\/?s={search_term_string}"},"query-input":{"@type":"PropertyValueSpecification","valueRequired":true,"valueName":"search_term_string"}}],"inLanguage":"en-US"}]}},"_links":{"self":[{"href":"https:\/\/autorival.ro\/vw\/wp-json\/wp\/v2\/product\/2397212","targetHints":{"allow":["GET"]}}],"collection":[{"href":"https:\/\/autorival.ro\/vw\/wp-json\/wp\/v2\/product"}],"about":[{"href":"https:\/\/autorival.ro\/vw\/wp-json\/wp\/v2\/types\/product"}],"replies":[{"embeddable":true,"href":"https:\/\/autorival.ro\/vw\/wp-json\/wp\/v2\/comments?post=2397212"}],"wp:featuredmedia":[{"embeddable":true,"href":"https:\/\/autorival.ro\/vw\/wp-json\/wp\/v2\/media\/2397213"}],"wp:attachment":[{"href":"https:\/\/autorival.ro\/vw\/wp-json\/wp\/v2\/media?parent=2397212"}],"wp:term":[{"taxonomy":"product_brand","embeddable":true,"href":"https:\/\/autorival.ro\/vw\/wp-json\/wp\/v2\/product_brand?post=2397212"},{"taxonomy":"product_cat","embeddable":true,"href":"https:\/\/autorival.ro\/vw\/wp-json\/wp\/v2\/product_cat?post=2397212"},{"taxonomy":"product_tag","embeddable":true,"href":"https:\/\/autorival.ro\/vw\/wp-json\/wp\/v2\/product_tag?post=2397212"}],"curies":[{"name":"wp","href":"https:\/\/api.w.org\/{rel}","templated":true}]}}