{"id":2380272,"date":"2026-02-01T07:17:08","date_gmt":"2026-02-01T07:17:08","guid":{"rendered":"https:\/\/autorival.ro\/vw\/produs\/comutator-macara-geam-vw-golf-vii-5g1-bq1-be1-be2-2-0-r-4motion-benzina-290-cai-metzger-0916961\/"},"modified":"2026-02-01T07:17:08","modified_gmt":"2026-02-01T07:17:08","slug":"comutator-macara-geam-vw-golf-vii-5g1-bq1-be1-be2-2-0-r-4motion-benzina-290-cai-metzger-0916961","status":"publish","type":"product","link":"https:\/\/autorival.ro\/vw\/produs\/comutator-macara-geam-vw-golf-vii-5g1-bq1-be1-be2-2-0-r-4motion-benzina-290-cai-metzger-0916961\/","title":{"rendered":"Comutator macara geam VW GOLF VII (5G1, BQ1, BE1, BE2) 2.0 R 4motion benzina 290 cai METZGER 0916961"},"content":{"rendered":"<p>Partea de montare: pe partea soferului, fatapentru num\u0103r PR combinat: QJ0+4R4Culoare carcasa: negruCuloare stecher: negruNumar butoane de operare: 5Num\u0103rul conexiunilor cu muf\u0103: 8Echipament vehicul: pentru vehicule cu geamuri electrice fata si spateCod culoare: WHS<\/p>\n","protected":false},"excerpt":{"rendered":"<p>Producator: METZGER Cod producator: 0916961<\/p>\n","protected":false},"featured_media":2380273,"comment_status":"open","ping_status":"closed","template":"","meta":[],"product_brand":[1975],"product_cat":[19153],"product_tag":[],"class_list":{"0":"post-2380272","1":"product","2":"type-product","3":"status-publish","4":"has-post-thumbnail","6":"product_brand-metzger","7":"product_cat-comutator-macara-geam-5g1-bq1-be1-be2-2-0-r-4motion-benzina-290","9":"first","10":"instock","11":"shipping-taxable","12":"purchasable","13":"product-type-simple"},"yoast_head":"<!-- This site is optimized with the Yoast SEO plugin v27.3 - https:\/\/yoast.com\/product\/yoast-seo-wordpress\/ -->\n<title>Comutator macara geam VW GOLF VII (5G1, BQ1, BE1, BE2) 2.0 R 4motion benzina 290 cai METZGER 0916961 VW | METZGER - Autorival<\/title>\n<meta name=\"description\" content=\"\u26a1 Comutator macara geam VW GOLF VII (5G1, BQ1, BE1, BE2) 2.0 R 4motion benzina 290 cai METZGER 0916961 pentru VW. \u2713 Cod: 0916961 \u2713 Brand: METZGER \u2713 \u00cen stoc \u2713 Livrare 24h \u2713 Garan\u021bie!\" \/>\n<meta name=\"robots\" content=\"index, follow, max-snippet:-1, max-image-preview:large, max-video-preview:-1\" \/>\n<meta property=\"og:locale\" content=\"en_US\" \/>\n<meta property=\"og:type\" content=\"article\" \/>\n<meta property=\"og:title\" content=\"Comutator macara geam VW GOLF VII (5G1, BQ1, BE1, BE2) 2.0 R 4motion benzina 290 cai METZGER 0916961 VW | METZGER - Autorival\" \/>\n<meta property=\"og:description\" content=\"\u26a1 Comutator macara geam VW GOLF VII (5G1, BQ1, BE1, BE2) 2.0 R 4motion benzina 290 cai METZGER 0916961 pentru VW. \u2713 Cod: 0916961 \u2713 Brand: METZGER \u2713 \u00cen stoc \u2713 Livrare 24h \u2713 Garan\u021bie!\" \/>\n<meta property=\"og:url\" content=\"https:\/\/autorival.ro\/vw\/produs\/comutator-macara-geam-vw-golf-vii-5g1-bq1-be1-be2-2-0-r-4motion-benzina-290-cai-metzger-0916961\/\" \/>\n<meta property=\"og:site_name\" content=\"VW\" \/>\n<meta property=\"og:image\" content=\"https:\/\/autorival.ro\/vw\/wp-content\/uploads\/sites\/5\/2026\/02\/0916961_1-60.jpg\" \/>\n\t<meta property=\"og:image:width\" content=\"900\" \/>\n\t<meta property=\"og:image:height\" content=\"600\" \/>\n\t<meta property=\"og:image:type\" content=\"image\/jpeg\" \/>\n<meta name=\"twitter:card\" content=\"summary_large_image\" \/>\n<meta name=\"twitter:title\" content=\"Comutator macara geam VW GOLF VII (5G1, BQ1, BE1, BE2) 2.0 R 4motion benzina 290 cai METZGER 0916961 VW | METZGER - Autorival\" \/>\n<meta name=\"twitter:description\" content=\"\u26a1 Comutator macara geam VW GOLF VII (5G1, BQ1, BE1, BE2) 2.0 R 4motion benzina 290 cai METZGER 0916961 pentru VW. \u2713 Cod: 0916961 \u2713 Brand: METZGER \u2713 \u00cen stoc \u2713 Livrare 24h \u2713 Garan\u021bie!\" \/>\n<script type=\"application\/ld+json\" class=\"yoast-schema-graph\">{\"@context\":\"https:\\\/\\\/schema.org\",\"@graph\":[{\"@type\":\"WebPage\",\"@id\":\"https:\\\/\\\/autorival.ro\\\/vw\\\/produs\\\/comutator-macara-geam-vw-golf-vii-5g1-bq1-be1-be2-2-0-r-4motion-benzina-290-cai-metzger-0916961\\\/\",\"url\":\"https:\\\/\\\/autorival.ro\\\/vw\\\/produs\\\/comutator-macara-geam-vw-golf-vii-5g1-bq1-be1-be2-2-0-r-4motion-benzina-290-cai-metzger-0916961\\\/\",\"name\":\"Comutator macara geam VW GOLF VII (5G1, BQ1, BE1, BE2) 2.0 R 4motion benzina 290 cai METZGER 0916961 VW | METZGER - Autorival\",\"isPartOf\":{\"@id\":\"https:\\\/\\\/autorival.ro\\\/vw\\\/#website\"},\"primaryImageOfPage\":{\"@id\":\"https:\\\/\\\/autorival.ro\\\/vw\\\/produs\\\/comutator-macara-geam-vw-golf-vii-5g1-bq1-be1-be2-2-0-r-4motion-benzina-290-cai-metzger-0916961\\\/#primaryimage\"},\"image\":{\"@id\":\"https:\\\/\\\/autorival.ro\\\/vw\\\/produs\\\/comutator-macara-geam-vw-golf-vii-5g1-bq1-be1-be2-2-0-r-4motion-benzina-290-cai-metzger-0916961\\\/#primaryimage\"},\"thumbnailUrl\":\"https:\\\/\\\/autorival.ro\\\/vw\\\/wp-content\\\/uploads\\\/sites\\\/5\\\/2026\\\/02\\\/0916961_1-60.jpg\",\"datePublished\":\"2026-02-01T07:17:08+00:00\",\"description\":\"\u26a1 Comutator macara geam VW GOLF VII (5G1, BQ1, BE1, BE2) 2.0 R 4motion benzina 290 cai METZGER 0916961 pentru VW. \u2713 Cod: 0916961 \u2713 Brand: METZGER \u2713 \u00cen stoc \u2713 Livrare 24h \u2713 Garan\u021bie!\",\"breadcrumb\":{\"@id\":\"https:\\\/\\\/autorival.ro\\\/vw\\\/produs\\\/comutator-macara-geam-vw-golf-vii-5g1-bq1-be1-be2-2-0-r-4motion-benzina-290-cai-metzger-0916961\\\/#breadcrumb\"},\"inLanguage\":\"en-US\",\"potentialAction\":[{\"@type\":\"ReadAction\",\"target\":[\"https:\\\/\\\/autorival.ro\\\/vw\\\/produs\\\/comutator-macara-geam-vw-golf-vii-5g1-bq1-be1-be2-2-0-r-4motion-benzina-290-cai-metzger-0916961\\\/\"]}]},{\"@type\":\"ImageObject\",\"inLanguage\":\"en-US\",\"@id\":\"https:\\\/\\\/autorival.ro\\\/vw\\\/produs\\\/comutator-macara-geam-vw-golf-vii-5g1-bq1-be1-be2-2-0-r-4motion-benzina-290-cai-metzger-0916961\\\/#primaryimage\",\"url\":\"https:\\\/\\\/autorival.ro\\\/vw\\\/wp-content\\\/uploads\\\/sites\\\/5\\\/2026\\\/02\\\/0916961_1-60.jpg\",\"contentUrl\":\"https:\\\/\\\/autorival.ro\\\/vw\\\/wp-content\\\/uploads\\\/sites\\\/5\\\/2026\\\/02\\\/0916961_1-60.jpg\",\"width\":900,\"height\":600},{\"@type\":\"BreadcrumbList\",\"@id\":\"https:\\\/\\\/autorival.ro\\\/vw\\\/produs\\\/comutator-macara-geam-vw-golf-vii-5g1-bq1-be1-be2-2-0-r-4motion-benzina-290-cai-metzger-0916961\\\/#breadcrumb\",\"itemListElement\":[{\"@type\":\"ListItem\",\"position\":1,\"name\":\"Prima pagin\u0103\",\"item\":\"https:\\\/\\\/autorival.ro\\\/vw\\\/\"},{\"@type\":\"ListItem\",\"position\":2,\"name\":\"Piese auto VW\",\"item\":\"https:\\\/\\\/autorival.ro\\\/vw\\\/\"},{\"@type\":\"ListItem\",\"position\":3,\"name\":\"Comutator macara geam VW GOLF VII (5G1, BQ1, BE1, BE2) 2.0 R 4motion benzina 290 cai METZGER 0916961\"}]},{\"@type\":\"WebSite\",\"@id\":\"https:\\\/\\\/autorival.ro\\\/vw\\\/#website\",\"url\":\"https:\\\/\\\/autorival.ro\\\/vw\\\/\",\"name\":\"VW\",\"description\":\"\",\"potentialAction\":[{\"@type\":\"SearchAction\",\"target\":{\"@type\":\"EntryPoint\",\"urlTemplate\":\"https:\\\/\\\/autorival.ro\\\/vw\\\/?s={search_term_string}\"},\"query-input\":{\"@type\":\"PropertyValueSpecification\",\"valueRequired\":true,\"valueName\":\"search_term_string\"}}],\"inLanguage\":\"en-US\"}]}<\/script>\n<!-- \/ Yoast SEO plugin. -->","yoast_head_json":{"title":"Comutator macara geam VW GOLF VII (5G1, BQ1, BE1, BE2) 2.0 R 4motion benzina 290 cai METZGER 0916961 VW | METZGER - Autorival","description":"\u26a1 Comutator macara geam VW GOLF VII (5G1, BQ1, BE1, BE2) 2.0 R 4motion benzina 290 cai METZGER 0916961 pentru VW. \u2713 Cod: 0916961 \u2713 Brand: METZGER \u2713 \u00cen stoc \u2713 Livrare 24h \u2713 Garan\u021bie!","robots":{"index":"index","follow":"follow","max-snippet":"max-snippet:-1","max-image-preview":"max-image-preview:large","max-video-preview":"max-video-preview:-1"},"og_locale":"en_US","og_type":"article","og_title":"Comutator macara geam VW GOLF VII (5G1, BQ1, BE1, BE2) 2.0 R 4motion benzina 290 cai METZGER 0916961 VW | METZGER - Autorival","og_description":"\u26a1 Comutator macara geam VW GOLF VII (5G1, BQ1, BE1, BE2) 2.0 R 4motion benzina 290 cai METZGER 0916961 pentru VW. \u2713 Cod: 0916961 \u2713 Brand: METZGER \u2713 \u00cen stoc \u2713 Livrare 24h \u2713 Garan\u021bie!","og_url":"https:\/\/autorival.ro\/vw\/produs\/comutator-macara-geam-vw-golf-vii-5g1-bq1-be1-be2-2-0-r-4motion-benzina-290-cai-metzger-0916961\/","og_site_name":"VW","og_image":[{"width":900,"height":600,"url":"https:\/\/autorival.ro\/vw\/wp-content\/uploads\/sites\/5\/2026\/02\/0916961_1-60.jpg","type":"image\/jpeg"}],"twitter_card":"summary_large_image","twitter_title":"Comutator macara geam VW GOLF VII (5G1, BQ1, BE1, BE2) 2.0 R 4motion benzina 290 cai METZGER 0916961 VW | METZGER - Autorival","twitter_description":"\u26a1 Comutator macara geam VW GOLF VII (5G1, BQ1, BE1, BE2) 2.0 R 4motion benzina 290 cai METZGER 0916961 pentru VW. \u2713 Cod: 0916961 \u2713 Brand: METZGER \u2713 \u00cen stoc \u2713 Livrare 24h \u2713 Garan\u021bie!","schema":{"@context":"https:\/\/schema.org","@graph":[{"@type":"WebPage","@id":"https:\/\/autorival.ro\/vw\/produs\/comutator-macara-geam-vw-golf-vii-5g1-bq1-be1-be2-2-0-r-4motion-benzina-290-cai-metzger-0916961\/","url":"https:\/\/autorival.ro\/vw\/produs\/comutator-macara-geam-vw-golf-vii-5g1-bq1-be1-be2-2-0-r-4motion-benzina-290-cai-metzger-0916961\/","name":"Comutator macara geam VW GOLF VII (5G1, BQ1, BE1, BE2) 2.0 R 4motion benzina 290 cai METZGER 0916961 VW | METZGER - Autorival","isPartOf":{"@id":"https:\/\/autorival.ro\/vw\/#website"},"primaryImageOfPage":{"@id":"https:\/\/autorival.ro\/vw\/produs\/comutator-macara-geam-vw-golf-vii-5g1-bq1-be1-be2-2-0-r-4motion-benzina-290-cai-metzger-0916961\/#primaryimage"},"image":{"@id":"https:\/\/autorival.ro\/vw\/produs\/comutator-macara-geam-vw-golf-vii-5g1-bq1-be1-be2-2-0-r-4motion-benzina-290-cai-metzger-0916961\/#primaryimage"},"thumbnailUrl":"https:\/\/autorival.ro\/vw\/wp-content\/uploads\/sites\/5\/2026\/02\/0916961_1-60.jpg","datePublished":"2026-02-01T07:17:08+00:00","description":"\u26a1 Comutator macara geam VW GOLF VII (5G1, BQ1, BE1, BE2) 2.0 R 4motion benzina 290 cai METZGER 0916961 pentru VW. \u2713 Cod: 0916961 \u2713 Brand: METZGER \u2713 \u00cen stoc \u2713 Livrare 24h \u2713 Garan\u021bie!","breadcrumb":{"@id":"https:\/\/autorival.ro\/vw\/produs\/comutator-macara-geam-vw-golf-vii-5g1-bq1-be1-be2-2-0-r-4motion-benzina-290-cai-metzger-0916961\/#breadcrumb"},"inLanguage":"en-US","potentialAction":[{"@type":"ReadAction","target":["https:\/\/autorival.ro\/vw\/produs\/comutator-macara-geam-vw-golf-vii-5g1-bq1-be1-be2-2-0-r-4motion-benzina-290-cai-metzger-0916961\/"]}]},{"@type":"ImageObject","inLanguage":"en-US","@id":"https:\/\/autorival.ro\/vw\/produs\/comutator-macara-geam-vw-golf-vii-5g1-bq1-be1-be2-2-0-r-4motion-benzina-290-cai-metzger-0916961\/#primaryimage","url":"https:\/\/autorival.ro\/vw\/wp-content\/uploads\/sites\/5\/2026\/02\/0916961_1-60.jpg","contentUrl":"https:\/\/autorival.ro\/vw\/wp-content\/uploads\/sites\/5\/2026\/02\/0916961_1-60.jpg","width":900,"height":600},{"@type":"BreadcrumbList","@id":"https:\/\/autorival.ro\/vw\/produs\/comutator-macara-geam-vw-golf-vii-5g1-bq1-be1-be2-2-0-r-4motion-benzina-290-cai-metzger-0916961\/#breadcrumb","itemListElement":[{"@type":"ListItem","position":1,"name":"Prima pagin\u0103","item":"https:\/\/autorival.ro\/vw\/"},{"@type":"ListItem","position":2,"name":"Piese auto VW","item":"https:\/\/autorival.ro\/vw\/"},{"@type":"ListItem","position":3,"name":"Comutator macara geam VW GOLF VII (5G1, BQ1, BE1, BE2) 2.0 R 4motion benzina 290 cai METZGER 0916961"}]},{"@type":"WebSite","@id":"https:\/\/autorival.ro\/vw\/#website","url":"https:\/\/autorival.ro\/vw\/","name":"VW","description":"","potentialAction":[{"@type":"SearchAction","target":{"@type":"EntryPoint","urlTemplate":"https:\/\/autorival.ro\/vw\/?s={search_term_string}"},"query-input":{"@type":"PropertyValueSpecification","valueRequired":true,"valueName":"search_term_string"}}],"inLanguage":"en-US"}]}},"_links":{"self":[{"href":"https:\/\/autorival.ro\/vw\/wp-json\/wp\/v2\/product\/2380272","targetHints":{"allow":["GET"]}}],"collection":[{"href":"https:\/\/autorival.ro\/vw\/wp-json\/wp\/v2\/product"}],"about":[{"href":"https:\/\/autorival.ro\/vw\/wp-json\/wp\/v2\/types\/product"}],"replies":[{"embeddable":true,"href":"https:\/\/autorival.ro\/vw\/wp-json\/wp\/v2\/comments?post=2380272"}],"wp:featuredmedia":[{"embeddable":true,"href":"https:\/\/autorival.ro\/vw\/wp-json\/wp\/v2\/media\/2380273"}],"wp:attachment":[{"href":"https:\/\/autorival.ro\/vw\/wp-json\/wp\/v2\/media?parent=2380272"}],"wp:term":[{"taxonomy":"product_brand","embeddable":true,"href":"https:\/\/autorival.ro\/vw\/wp-json\/wp\/v2\/product_brand?post=2380272"},{"taxonomy":"product_cat","embeddable":true,"href":"https:\/\/autorival.ro\/vw\/wp-json\/wp\/v2\/product_cat?post=2380272"},{"taxonomy":"product_tag","embeddable":true,"href":"https:\/\/autorival.ro\/vw\/wp-json\/wp\/v2\/product_tag?post=2380272"}],"curies":[{"name":"wp","href":"https:\/\/api.w.org\/{rel}","templated":true}]}}