{"id":2101437,"date":"2026-01-22T17:08:23","date_gmt":"2026-01-22T17:08:23","guid":{"rendered":"https:\/\/autorival.ro\/vw\/produs\/brat-suspensie-roata-vw-caddy-alltrack-microbus-sab-1-4-tsi-benzina-131-cai-meyle-116-050-0306-hd\/"},"modified":"2026-01-22T17:08:23","modified_gmt":"2026-01-22T17:08:23","slug":"brat-suspensie-roata-vw-caddy-alltrack-microbus-sab-1-4-tsi-benzina-131-cai-meyle-116-050-0306-hd","status":"publish","type":"product","link":"https:\/\/autorival.ro\/vw\/produs\/brat-suspensie-roata-vw-caddy-alltrack-microbus-sab-1-4-tsi-benzina-131-cai-meyle-116-050-0306-hd\/","title":{"rendered":"Brat suspensie roata VW CADDY ALLTRACK microbus (SAB) 1.4 TSI benzina 131 cai MEYLE 116 050 0306\/HD"},"content":{"rendered":"<p>pt. numar PR: IM1Partea de montare: exterior, partea de jos, Axa fata dreaptaTip legatura: brat suspensieArticol completare\/Info suplimentar 2: cu articulatie de sarcina\/ghidareMaterial: aluminiuA se schimba numai \u00een perechiModel ranforsatcu eticheta ecologic\u0103: Amprent\u0103 de carbon neutr\u0103Numar bucati necesare: 1Numar articol par: 116 050 0305\/HD<\/p>\n","protected":false},"excerpt":{"rendered":"<p>Producator: MEYLE Cod producator: 116 050 0306\/HD<\/p>\n","protected":false},"featured_media":2101438,"comment_status":"open","ping_status":"closed","template":"","meta":[],"product_brand":[1707],"product_cat":[7934],"product_tag":[],"class_list":{"0":"post-2101437","1":"product","2":"type-product","3":"status-publish","4":"has-post-thumbnail","6":"product_brand-meyle","7":"product_cat-brat-suspensie-roata-sab-1-4-tsi-benzina-131","9":"first","10":"instock","11":"shipping-taxable","12":"purchasable","13":"product-type-simple"},"yoast_head":"<!-- This site is optimized with the Yoast SEO plugin v27.3 - https:\/\/yoast.com\/product\/yoast-seo-wordpress\/ -->\n<title>Brat suspensie roata VW CADDY ALLTRACK microbus (SAB) 1.4 TSI benzina 131 cai MEYLE 116 050 0306\/HD VW | MEYLE - Autorival<\/title>\n<meta name=\"description\" content=\"\u26a1 Brat suspensie roata VW CADDY ALLTRACK microbus (SAB) 1.4 TSI benzina 131 cai MEYLE 116 050 0306\/HD pentru VW. \u2713 Cod: 116 \u2713 Brand: MEYLE \u2713 \u00cen stoc \u2713 Livrare 24h \u2713 Garan\u021bie!\" \/>\n<meta name=\"robots\" content=\"index, follow, max-snippet:-1, max-image-preview:large, max-video-preview:-1\" \/>\n<meta property=\"og:locale\" content=\"en_US\" \/>\n<meta property=\"og:type\" content=\"article\" \/>\n<meta property=\"og:title\" content=\"Brat suspensie roata VW CADDY ALLTRACK microbus (SAB) 1.4 TSI benzina 131 cai MEYLE 116 050 0306\/HD VW | MEYLE - Autorival\" \/>\n<meta property=\"og:description\" content=\"\u26a1 Brat suspensie roata VW CADDY ALLTRACK microbus (SAB) 1.4 TSI benzina 131 cai MEYLE 116 050 0306\/HD pentru VW. \u2713 Cod: 116 \u2713 Brand: MEYLE \u2713 \u00cen stoc \u2713 Livrare 24h \u2713 Garan\u021bie!\" \/>\n<meta property=\"og:url\" content=\"https:\/\/autorival.ro\/vw\/produs\/brat-suspensie-roata-vw-caddy-alltrack-microbus-sab-1-4-tsi-benzina-131-cai-meyle-116-050-0306-hd\/\" \/>\n<meta property=\"og:site_name\" content=\"VW\" \/>\n<meta property=\"og:image\" content=\"https:\/\/autorival.ro\/vw\/wp-content\/uploads\/sites\/5\/2026\/01\/fs_1160500306hd_1-15.jpg\" \/>\n\t<meta property=\"og:image:width\" content=\"600\" \/>\n\t<meta property=\"og:image:height\" content=\"400\" \/>\n\t<meta property=\"og:image:type\" content=\"image\/jpeg\" \/>\n<meta name=\"twitter:card\" content=\"summary_large_image\" \/>\n<meta name=\"twitter:title\" content=\"Brat suspensie roata VW CADDY ALLTRACK microbus (SAB) 1.4 TSI benzina 131 cai MEYLE 116 050 0306\/HD VW | MEYLE - Autorival\" \/>\n<meta name=\"twitter:description\" content=\"\u26a1 Brat suspensie roata VW CADDY ALLTRACK microbus (SAB) 1.4 TSI benzina 131 cai MEYLE 116 050 0306\/HD pentru VW. \u2713 Cod: 116 \u2713 Brand: MEYLE \u2713 \u00cen stoc \u2713 Livrare 24h \u2713 Garan\u021bie!\" \/>\n<script type=\"application\/ld+json\" class=\"yoast-schema-graph\">{\"@context\":\"https:\\\/\\\/schema.org\",\"@graph\":[{\"@type\":\"WebPage\",\"@id\":\"https:\\\/\\\/autorival.ro\\\/vw\\\/produs\\\/brat-suspensie-roata-vw-caddy-alltrack-microbus-sab-1-4-tsi-benzina-131-cai-meyle-116-050-0306-hd\\\/\",\"url\":\"https:\\\/\\\/autorival.ro\\\/vw\\\/produs\\\/brat-suspensie-roata-vw-caddy-alltrack-microbus-sab-1-4-tsi-benzina-131-cai-meyle-116-050-0306-hd\\\/\",\"name\":\"Brat suspensie roata VW CADDY ALLTRACK microbus (SAB) 1.4 TSI benzina 131 cai MEYLE 116 050 0306\\\/HD VW | MEYLE - Autorival\",\"isPartOf\":{\"@id\":\"https:\\\/\\\/autorival.ro\\\/vw\\\/#website\"},\"primaryImageOfPage\":{\"@id\":\"https:\\\/\\\/autorival.ro\\\/vw\\\/produs\\\/brat-suspensie-roata-vw-caddy-alltrack-microbus-sab-1-4-tsi-benzina-131-cai-meyle-116-050-0306-hd\\\/#primaryimage\"},\"image\":{\"@id\":\"https:\\\/\\\/autorival.ro\\\/vw\\\/produs\\\/brat-suspensie-roata-vw-caddy-alltrack-microbus-sab-1-4-tsi-benzina-131-cai-meyle-116-050-0306-hd\\\/#primaryimage\"},\"thumbnailUrl\":\"https:\\\/\\\/autorival.ro\\\/vw\\\/wp-content\\\/uploads\\\/sites\\\/5\\\/2026\\\/01\\\/fs_1160500306hd_1-15.jpg\",\"datePublished\":\"2026-01-22T17:08:23+00:00\",\"description\":\"\u26a1 Brat suspensie roata VW CADDY ALLTRACK microbus (SAB) 1.4 TSI benzina 131 cai MEYLE 116 050 0306\\\/HD pentru VW. \u2713 Cod: 116 \u2713 Brand: MEYLE \u2713 \u00cen stoc \u2713 Livrare 24h \u2713 Garan\u021bie!\",\"breadcrumb\":{\"@id\":\"https:\\\/\\\/autorival.ro\\\/vw\\\/produs\\\/brat-suspensie-roata-vw-caddy-alltrack-microbus-sab-1-4-tsi-benzina-131-cai-meyle-116-050-0306-hd\\\/#breadcrumb\"},\"inLanguage\":\"en-US\",\"potentialAction\":[{\"@type\":\"ReadAction\",\"target\":[\"https:\\\/\\\/autorival.ro\\\/vw\\\/produs\\\/brat-suspensie-roata-vw-caddy-alltrack-microbus-sab-1-4-tsi-benzina-131-cai-meyle-116-050-0306-hd\\\/\"]}]},{\"@type\":\"ImageObject\",\"inLanguage\":\"en-US\",\"@id\":\"https:\\\/\\\/autorival.ro\\\/vw\\\/produs\\\/brat-suspensie-roata-vw-caddy-alltrack-microbus-sab-1-4-tsi-benzina-131-cai-meyle-116-050-0306-hd\\\/#primaryimage\",\"url\":\"https:\\\/\\\/autorival.ro\\\/vw\\\/wp-content\\\/uploads\\\/sites\\\/5\\\/2026\\\/01\\\/fs_1160500306hd_1-15.jpg\",\"contentUrl\":\"https:\\\/\\\/autorival.ro\\\/vw\\\/wp-content\\\/uploads\\\/sites\\\/5\\\/2026\\\/01\\\/fs_1160500306hd_1-15.jpg\",\"width\":600,\"height\":400},{\"@type\":\"BreadcrumbList\",\"@id\":\"https:\\\/\\\/autorival.ro\\\/vw\\\/produs\\\/brat-suspensie-roata-vw-caddy-alltrack-microbus-sab-1-4-tsi-benzina-131-cai-meyle-116-050-0306-hd\\\/#breadcrumb\",\"itemListElement\":[{\"@type\":\"ListItem\",\"position\":1,\"name\":\"Prima pagin\u0103\",\"item\":\"https:\\\/\\\/autorival.ro\\\/vw\\\/\"},{\"@type\":\"ListItem\",\"position\":2,\"name\":\"Piese auto VW\",\"item\":\"https:\\\/\\\/autorival.ro\\\/vw\\\/\"},{\"@type\":\"ListItem\",\"position\":3,\"name\":\"Brat suspensie roata VW CADDY ALLTRACK microbus (SAB) 1.4 TSI benzina 131 cai MEYLE 116 050 0306\\\/HD\"}]},{\"@type\":\"WebSite\",\"@id\":\"https:\\\/\\\/autorival.ro\\\/vw\\\/#website\",\"url\":\"https:\\\/\\\/autorival.ro\\\/vw\\\/\",\"name\":\"VW\",\"description\":\"\",\"potentialAction\":[{\"@type\":\"SearchAction\",\"target\":{\"@type\":\"EntryPoint\",\"urlTemplate\":\"https:\\\/\\\/autorival.ro\\\/vw\\\/?s={search_term_string}\"},\"query-input\":{\"@type\":\"PropertyValueSpecification\",\"valueRequired\":true,\"valueName\":\"search_term_string\"}}],\"inLanguage\":\"en-US\"}]}<\/script>\n<!-- \/ Yoast SEO plugin. -->","yoast_head_json":{"title":"Brat suspensie roata VW CADDY ALLTRACK microbus (SAB) 1.4 TSI benzina 131 cai MEYLE 116 050 0306\/HD VW | MEYLE - Autorival","description":"\u26a1 Brat suspensie roata VW CADDY ALLTRACK microbus (SAB) 1.4 TSI benzina 131 cai MEYLE 116 050 0306\/HD pentru VW. \u2713 Cod: 116 \u2713 Brand: MEYLE \u2713 \u00cen stoc \u2713 Livrare 24h \u2713 Garan\u021bie!","robots":{"index":"index","follow":"follow","max-snippet":"max-snippet:-1","max-image-preview":"max-image-preview:large","max-video-preview":"max-video-preview:-1"},"og_locale":"en_US","og_type":"article","og_title":"Brat suspensie roata VW CADDY ALLTRACK microbus (SAB) 1.4 TSI benzina 131 cai MEYLE 116 050 0306\/HD VW | MEYLE - Autorival","og_description":"\u26a1 Brat suspensie roata VW CADDY ALLTRACK microbus (SAB) 1.4 TSI benzina 131 cai MEYLE 116 050 0306\/HD pentru VW. \u2713 Cod: 116 \u2713 Brand: MEYLE \u2713 \u00cen stoc \u2713 Livrare 24h \u2713 Garan\u021bie!","og_url":"https:\/\/autorival.ro\/vw\/produs\/brat-suspensie-roata-vw-caddy-alltrack-microbus-sab-1-4-tsi-benzina-131-cai-meyle-116-050-0306-hd\/","og_site_name":"VW","og_image":[{"width":600,"height":400,"url":"https:\/\/autorival.ro\/vw\/wp-content\/uploads\/sites\/5\/2026\/01\/fs_1160500306hd_1-15.jpg","type":"image\/jpeg"}],"twitter_card":"summary_large_image","twitter_title":"Brat suspensie roata VW CADDY ALLTRACK microbus (SAB) 1.4 TSI benzina 131 cai MEYLE 116 050 0306\/HD VW | MEYLE - Autorival","twitter_description":"\u26a1 Brat suspensie roata VW CADDY ALLTRACK microbus (SAB) 1.4 TSI benzina 131 cai MEYLE 116 050 0306\/HD pentru VW. \u2713 Cod: 116 \u2713 Brand: MEYLE \u2713 \u00cen stoc \u2713 Livrare 24h \u2713 Garan\u021bie!","schema":{"@context":"https:\/\/schema.org","@graph":[{"@type":"WebPage","@id":"https:\/\/autorival.ro\/vw\/produs\/brat-suspensie-roata-vw-caddy-alltrack-microbus-sab-1-4-tsi-benzina-131-cai-meyle-116-050-0306-hd\/","url":"https:\/\/autorival.ro\/vw\/produs\/brat-suspensie-roata-vw-caddy-alltrack-microbus-sab-1-4-tsi-benzina-131-cai-meyle-116-050-0306-hd\/","name":"Brat suspensie roata VW CADDY ALLTRACK microbus (SAB) 1.4 TSI benzina 131 cai MEYLE 116 050 0306\/HD VW | MEYLE - Autorival","isPartOf":{"@id":"https:\/\/autorival.ro\/vw\/#website"},"primaryImageOfPage":{"@id":"https:\/\/autorival.ro\/vw\/produs\/brat-suspensie-roata-vw-caddy-alltrack-microbus-sab-1-4-tsi-benzina-131-cai-meyle-116-050-0306-hd\/#primaryimage"},"image":{"@id":"https:\/\/autorival.ro\/vw\/produs\/brat-suspensie-roata-vw-caddy-alltrack-microbus-sab-1-4-tsi-benzina-131-cai-meyle-116-050-0306-hd\/#primaryimage"},"thumbnailUrl":"https:\/\/autorival.ro\/vw\/wp-content\/uploads\/sites\/5\/2026\/01\/fs_1160500306hd_1-15.jpg","datePublished":"2026-01-22T17:08:23+00:00","description":"\u26a1 Brat suspensie roata VW CADDY ALLTRACK microbus (SAB) 1.4 TSI benzina 131 cai MEYLE 116 050 0306\/HD pentru VW. \u2713 Cod: 116 \u2713 Brand: MEYLE \u2713 \u00cen stoc \u2713 Livrare 24h \u2713 Garan\u021bie!","breadcrumb":{"@id":"https:\/\/autorival.ro\/vw\/produs\/brat-suspensie-roata-vw-caddy-alltrack-microbus-sab-1-4-tsi-benzina-131-cai-meyle-116-050-0306-hd\/#breadcrumb"},"inLanguage":"en-US","potentialAction":[{"@type":"ReadAction","target":["https:\/\/autorival.ro\/vw\/produs\/brat-suspensie-roata-vw-caddy-alltrack-microbus-sab-1-4-tsi-benzina-131-cai-meyle-116-050-0306-hd\/"]}]},{"@type":"ImageObject","inLanguage":"en-US","@id":"https:\/\/autorival.ro\/vw\/produs\/brat-suspensie-roata-vw-caddy-alltrack-microbus-sab-1-4-tsi-benzina-131-cai-meyle-116-050-0306-hd\/#primaryimage","url":"https:\/\/autorival.ro\/vw\/wp-content\/uploads\/sites\/5\/2026\/01\/fs_1160500306hd_1-15.jpg","contentUrl":"https:\/\/autorival.ro\/vw\/wp-content\/uploads\/sites\/5\/2026\/01\/fs_1160500306hd_1-15.jpg","width":600,"height":400},{"@type":"BreadcrumbList","@id":"https:\/\/autorival.ro\/vw\/produs\/brat-suspensie-roata-vw-caddy-alltrack-microbus-sab-1-4-tsi-benzina-131-cai-meyle-116-050-0306-hd\/#breadcrumb","itemListElement":[{"@type":"ListItem","position":1,"name":"Prima pagin\u0103","item":"https:\/\/autorival.ro\/vw\/"},{"@type":"ListItem","position":2,"name":"Piese auto VW","item":"https:\/\/autorival.ro\/vw\/"},{"@type":"ListItem","position":3,"name":"Brat suspensie roata VW CADDY ALLTRACK microbus (SAB) 1.4 TSI benzina 131 cai MEYLE 116 050 0306\/HD"}]},{"@type":"WebSite","@id":"https:\/\/autorival.ro\/vw\/#website","url":"https:\/\/autorival.ro\/vw\/","name":"VW","description":"","potentialAction":[{"@type":"SearchAction","target":{"@type":"EntryPoint","urlTemplate":"https:\/\/autorival.ro\/vw\/?s={search_term_string}"},"query-input":{"@type":"PropertyValueSpecification","valueRequired":true,"valueName":"search_term_string"}}],"inLanguage":"en-US"}]}},"_links":{"self":[{"href":"https:\/\/autorival.ro\/vw\/wp-json\/wp\/v2\/product\/2101437","targetHints":{"allow":["GET"]}}],"collection":[{"href":"https:\/\/autorival.ro\/vw\/wp-json\/wp\/v2\/product"}],"about":[{"href":"https:\/\/autorival.ro\/vw\/wp-json\/wp\/v2\/types\/product"}],"replies":[{"embeddable":true,"href":"https:\/\/autorival.ro\/vw\/wp-json\/wp\/v2\/comments?post=2101437"}],"wp:featuredmedia":[{"embeddable":true,"href":"https:\/\/autorival.ro\/vw\/wp-json\/wp\/v2\/media\/2101438"}],"wp:attachment":[{"href":"https:\/\/autorival.ro\/vw\/wp-json\/wp\/v2\/media?parent=2101437"}],"wp:term":[{"taxonomy":"product_brand","embeddable":true,"href":"https:\/\/autorival.ro\/vw\/wp-json\/wp\/v2\/product_brand?post=2101437"},{"taxonomy":"product_cat","embeddable":true,"href":"https:\/\/autorival.ro\/vw\/wp-json\/wp\/v2\/product_cat?post=2101437"},{"taxonomy":"product_tag","embeddable":true,"href":"https:\/\/autorival.ro\/vw\/wp-json\/wp\/v2\/product_tag?post=2101437"}],"curies":[{"name":"wp","href":"https:\/\/api.w.org\/{rel}","templated":true}]}}