{"id":1938286,"date":"2026-01-19T22:15:15","date_gmt":"2026-01-19T22:15:15","guid":{"rendered":"https:\/\/autorival.ro\/vw\/produs\/bara-directie-vw-caddy-iv-microbus-sab-saj-1-4-tsi-benzina-131-cai-meyle-116-030-0046-hd\/"},"modified":"2026-01-19T22:15:15","modified_gmt":"2026-01-19T22:15:15","slug":"bara-directie-vw-caddy-iv-microbus-sab-saj-1-4-tsi-benzina-131-cai-meyle-116-030-0046-hd","status":"publish","type":"product","link":"https:\/\/autorival.ro\/vw\/produs\/bara-directie-vw-caddy-iv-microbus-sab-saj-1-4-tsi-benzina-131-cai-meyle-116-030-0046-hd\/","title":{"rendered":"Bara directie VW CADDY IV microbus (SAB, SAJ) 1.4 TSI benzina 131 cai MEYLE 116 030 0046\/HD"},"content":{"rendered":"<p>Partea de montare: Axa fata dreaptaDimensiune filet 1: M12X1,5Dimensiune filet 2: M16X1,5Model ranforsat\u00eenlocuire \u00een pereche recomandat\u0103Numar bucati necesare: 1Numar articol par: 116 030 0045\/HD<\/p>\n","protected":false},"excerpt":{"rendered":"<p>Producator: MEYLE Cod producator: 116 030 0046\/HD<\/p>\n","protected":false},"featured_media":1938287,"comment_status":"open","ping_status":"closed","template":"","meta":[],"product_brand":[1707],"product_cat":[5348],"product_tag":[],"class_list":{"0":"post-1938286","1":"product","2":"type-product","3":"status-publish","4":"has-post-thumbnail","6":"product_brand-meyle","7":"product_cat-bara-directie-sab-saj-1-4-tsi-benzina-131","9":"first","10":"instock","11":"shipping-taxable","12":"purchasable","13":"product-type-simple"},"yoast_head":"<!-- This site is optimized with the Yoast SEO plugin v27.3 - https:\/\/yoast.com\/product\/yoast-seo-wordpress\/ -->\n<title>Bara directie VW CADDY IV microbus (SAB, SAJ) 1.4 TSI benzina 131 cai MEYLE 116 030 0046\/HD VW | MEYLE - Autorival<\/title>\n<meta name=\"description\" content=\"\u26a1 Bara directie VW CADDY IV microbus (SAB, SAJ) 1.4 TSI benzina 131 cai MEYLE 116 030 0046\/HD pentru VW. \u2713 Cod: 116 \u2713 Brand: MEYLE \u2713 \u00cen stoc \u2713 Livrare 24h \u2713 Garan\u021bie!\" \/>\n<meta name=\"robots\" content=\"index, follow, max-snippet:-1, max-image-preview:large, max-video-preview:-1\" \/>\n<meta property=\"og:locale\" content=\"en_US\" \/>\n<meta property=\"og:type\" content=\"article\" \/>\n<meta property=\"og:title\" content=\"Bara directie VW CADDY IV microbus (SAB, SAJ) 1.4 TSI benzina 131 cai MEYLE 116 030 0046\/HD VW | MEYLE - Autorival\" \/>\n<meta property=\"og:description\" content=\"\u26a1 Bara directie VW CADDY IV microbus (SAB, SAJ) 1.4 TSI benzina 131 cai MEYLE 116 030 0046\/HD pentru VW. \u2713 Cod: 116 \u2713 Brand: MEYLE \u2713 \u00cen stoc \u2713 Livrare 24h \u2713 Garan\u021bie!\" \/>\n<meta property=\"og:url\" content=\"https:\/\/autorival.ro\/vw\/produs\/bara-directie-vw-caddy-iv-microbus-sab-saj-1-4-tsi-benzina-131-cai-meyle-116-030-0046-hd\/\" \/>\n<meta property=\"og:site_name\" content=\"VW\" \/>\n<meta property=\"og:image\" content=\"https:\/\/autorival.ro\/vw\/wp-content\/uploads\/sites\/5\/2026\/01\/fs_1160300046hd_1-53.jpg\" \/>\n\t<meta property=\"og:image:width\" content=\"600\" \/>\n\t<meta property=\"og:image:height\" content=\"400\" \/>\n\t<meta property=\"og:image:type\" content=\"image\/jpeg\" \/>\n<meta name=\"twitter:card\" content=\"summary_large_image\" \/>\n<meta name=\"twitter:title\" content=\"Bara directie VW CADDY IV microbus (SAB, SAJ) 1.4 TSI benzina 131 cai MEYLE 116 030 0046\/HD VW | MEYLE - Autorival\" \/>\n<meta name=\"twitter:description\" content=\"\u26a1 Bara directie VW CADDY IV microbus (SAB, SAJ) 1.4 TSI benzina 131 cai MEYLE 116 030 0046\/HD pentru VW. \u2713 Cod: 116 \u2713 Brand: MEYLE \u2713 \u00cen stoc \u2713 Livrare 24h \u2713 Garan\u021bie!\" \/>\n<script type=\"application\/ld+json\" class=\"yoast-schema-graph\">{\"@context\":\"https:\\\/\\\/schema.org\",\"@graph\":[{\"@type\":\"WebPage\",\"@id\":\"https:\\\/\\\/autorival.ro\\\/vw\\\/produs\\\/bara-directie-vw-caddy-iv-microbus-sab-saj-1-4-tsi-benzina-131-cai-meyle-116-030-0046-hd\\\/\",\"url\":\"https:\\\/\\\/autorival.ro\\\/vw\\\/produs\\\/bara-directie-vw-caddy-iv-microbus-sab-saj-1-4-tsi-benzina-131-cai-meyle-116-030-0046-hd\\\/\",\"name\":\"Bara directie VW CADDY IV microbus (SAB, SAJ) 1.4 TSI benzina 131 cai MEYLE 116 030 0046\\\/HD VW | MEYLE - Autorival\",\"isPartOf\":{\"@id\":\"https:\\\/\\\/autorival.ro\\\/vw\\\/#website\"},\"primaryImageOfPage\":{\"@id\":\"https:\\\/\\\/autorival.ro\\\/vw\\\/produs\\\/bara-directie-vw-caddy-iv-microbus-sab-saj-1-4-tsi-benzina-131-cai-meyle-116-030-0046-hd\\\/#primaryimage\"},\"image\":{\"@id\":\"https:\\\/\\\/autorival.ro\\\/vw\\\/produs\\\/bara-directie-vw-caddy-iv-microbus-sab-saj-1-4-tsi-benzina-131-cai-meyle-116-030-0046-hd\\\/#primaryimage\"},\"thumbnailUrl\":\"https:\\\/\\\/autorival.ro\\\/vw\\\/wp-content\\\/uploads\\\/sites\\\/5\\\/2026\\\/01\\\/fs_1160300046hd_1-53.jpg\",\"datePublished\":\"2026-01-19T22:15:15+00:00\",\"description\":\"\u26a1 Bara directie VW CADDY IV microbus (SAB, SAJ) 1.4 TSI benzina 131 cai MEYLE 116 030 0046\\\/HD pentru VW. \u2713 Cod: 116 \u2713 Brand: MEYLE \u2713 \u00cen stoc \u2713 Livrare 24h \u2713 Garan\u021bie!\",\"breadcrumb\":{\"@id\":\"https:\\\/\\\/autorival.ro\\\/vw\\\/produs\\\/bara-directie-vw-caddy-iv-microbus-sab-saj-1-4-tsi-benzina-131-cai-meyle-116-030-0046-hd\\\/#breadcrumb\"},\"inLanguage\":\"en-US\",\"potentialAction\":[{\"@type\":\"ReadAction\",\"target\":[\"https:\\\/\\\/autorival.ro\\\/vw\\\/produs\\\/bara-directie-vw-caddy-iv-microbus-sab-saj-1-4-tsi-benzina-131-cai-meyle-116-030-0046-hd\\\/\"]}]},{\"@type\":\"ImageObject\",\"inLanguage\":\"en-US\",\"@id\":\"https:\\\/\\\/autorival.ro\\\/vw\\\/produs\\\/bara-directie-vw-caddy-iv-microbus-sab-saj-1-4-tsi-benzina-131-cai-meyle-116-030-0046-hd\\\/#primaryimage\",\"url\":\"https:\\\/\\\/autorival.ro\\\/vw\\\/wp-content\\\/uploads\\\/sites\\\/5\\\/2026\\\/01\\\/fs_1160300046hd_1-53.jpg\",\"contentUrl\":\"https:\\\/\\\/autorival.ro\\\/vw\\\/wp-content\\\/uploads\\\/sites\\\/5\\\/2026\\\/01\\\/fs_1160300046hd_1-53.jpg\",\"width\":600,\"height\":400},{\"@type\":\"BreadcrumbList\",\"@id\":\"https:\\\/\\\/autorival.ro\\\/vw\\\/produs\\\/bara-directie-vw-caddy-iv-microbus-sab-saj-1-4-tsi-benzina-131-cai-meyle-116-030-0046-hd\\\/#breadcrumb\",\"itemListElement\":[{\"@type\":\"ListItem\",\"position\":1,\"name\":\"Prima pagin\u0103\",\"item\":\"https:\\\/\\\/autorival.ro\\\/vw\\\/\"},{\"@type\":\"ListItem\",\"position\":2,\"name\":\"Piese auto VW\",\"item\":\"https:\\\/\\\/autorival.ro\\\/vw\\\/\"},{\"@type\":\"ListItem\",\"position\":3,\"name\":\"Bara directie VW CADDY IV microbus (SAB, SAJ) 1.4 TSI benzina 131 cai MEYLE 116 030 0046\\\/HD\"}]},{\"@type\":\"WebSite\",\"@id\":\"https:\\\/\\\/autorival.ro\\\/vw\\\/#website\",\"url\":\"https:\\\/\\\/autorival.ro\\\/vw\\\/\",\"name\":\"VW\",\"description\":\"\",\"potentialAction\":[{\"@type\":\"SearchAction\",\"target\":{\"@type\":\"EntryPoint\",\"urlTemplate\":\"https:\\\/\\\/autorival.ro\\\/vw\\\/?s={search_term_string}\"},\"query-input\":{\"@type\":\"PropertyValueSpecification\",\"valueRequired\":true,\"valueName\":\"search_term_string\"}}],\"inLanguage\":\"en-US\"}]}<\/script>\n<!-- \/ Yoast SEO plugin. -->","yoast_head_json":{"title":"Bara directie VW CADDY IV microbus (SAB, SAJ) 1.4 TSI benzina 131 cai MEYLE 116 030 0046\/HD VW | MEYLE - Autorival","description":"\u26a1 Bara directie VW CADDY IV microbus (SAB, SAJ) 1.4 TSI benzina 131 cai MEYLE 116 030 0046\/HD pentru VW. \u2713 Cod: 116 \u2713 Brand: MEYLE \u2713 \u00cen stoc \u2713 Livrare 24h \u2713 Garan\u021bie!","robots":{"index":"index","follow":"follow","max-snippet":"max-snippet:-1","max-image-preview":"max-image-preview:large","max-video-preview":"max-video-preview:-1"},"og_locale":"en_US","og_type":"article","og_title":"Bara directie VW CADDY IV microbus (SAB, SAJ) 1.4 TSI benzina 131 cai MEYLE 116 030 0046\/HD VW | MEYLE - Autorival","og_description":"\u26a1 Bara directie VW CADDY IV microbus (SAB, SAJ) 1.4 TSI benzina 131 cai MEYLE 116 030 0046\/HD pentru VW. \u2713 Cod: 116 \u2713 Brand: MEYLE \u2713 \u00cen stoc \u2713 Livrare 24h \u2713 Garan\u021bie!","og_url":"https:\/\/autorival.ro\/vw\/produs\/bara-directie-vw-caddy-iv-microbus-sab-saj-1-4-tsi-benzina-131-cai-meyle-116-030-0046-hd\/","og_site_name":"VW","og_image":[{"width":600,"height":400,"url":"https:\/\/autorival.ro\/vw\/wp-content\/uploads\/sites\/5\/2026\/01\/fs_1160300046hd_1-53.jpg","type":"image\/jpeg"}],"twitter_card":"summary_large_image","twitter_title":"Bara directie VW CADDY IV microbus (SAB, SAJ) 1.4 TSI benzina 131 cai MEYLE 116 030 0046\/HD VW | MEYLE - Autorival","twitter_description":"\u26a1 Bara directie VW CADDY IV microbus (SAB, SAJ) 1.4 TSI benzina 131 cai MEYLE 116 030 0046\/HD pentru VW. \u2713 Cod: 116 \u2713 Brand: MEYLE \u2713 \u00cen stoc \u2713 Livrare 24h \u2713 Garan\u021bie!","schema":{"@context":"https:\/\/schema.org","@graph":[{"@type":"WebPage","@id":"https:\/\/autorival.ro\/vw\/produs\/bara-directie-vw-caddy-iv-microbus-sab-saj-1-4-tsi-benzina-131-cai-meyle-116-030-0046-hd\/","url":"https:\/\/autorival.ro\/vw\/produs\/bara-directie-vw-caddy-iv-microbus-sab-saj-1-4-tsi-benzina-131-cai-meyle-116-030-0046-hd\/","name":"Bara directie VW CADDY IV microbus (SAB, SAJ) 1.4 TSI benzina 131 cai MEYLE 116 030 0046\/HD VW | MEYLE - Autorival","isPartOf":{"@id":"https:\/\/autorival.ro\/vw\/#website"},"primaryImageOfPage":{"@id":"https:\/\/autorival.ro\/vw\/produs\/bara-directie-vw-caddy-iv-microbus-sab-saj-1-4-tsi-benzina-131-cai-meyle-116-030-0046-hd\/#primaryimage"},"image":{"@id":"https:\/\/autorival.ro\/vw\/produs\/bara-directie-vw-caddy-iv-microbus-sab-saj-1-4-tsi-benzina-131-cai-meyle-116-030-0046-hd\/#primaryimage"},"thumbnailUrl":"https:\/\/autorival.ro\/vw\/wp-content\/uploads\/sites\/5\/2026\/01\/fs_1160300046hd_1-53.jpg","datePublished":"2026-01-19T22:15:15+00:00","description":"\u26a1 Bara directie VW CADDY IV microbus (SAB, SAJ) 1.4 TSI benzina 131 cai MEYLE 116 030 0046\/HD pentru VW. \u2713 Cod: 116 \u2713 Brand: MEYLE \u2713 \u00cen stoc \u2713 Livrare 24h \u2713 Garan\u021bie!","breadcrumb":{"@id":"https:\/\/autorival.ro\/vw\/produs\/bara-directie-vw-caddy-iv-microbus-sab-saj-1-4-tsi-benzina-131-cai-meyle-116-030-0046-hd\/#breadcrumb"},"inLanguage":"en-US","potentialAction":[{"@type":"ReadAction","target":["https:\/\/autorival.ro\/vw\/produs\/bara-directie-vw-caddy-iv-microbus-sab-saj-1-4-tsi-benzina-131-cai-meyle-116-030-0046-hd\/"]}]},{"@type":"ImageObject","inLanguage":"en-US","@id":"https:\/\/autorival.ro\/vw\/produs\/bara-directie-vw-caddy-iv-microbus-sab-saj-1-4-tsi-benzina-131-cai-meyle-116-030-0046-hd\/#primaryimage","url":"https:\/\/autorival.ro\/vw\/wp-content\/uploads\/sites\/5\/2026\/01\/fs_1160300046hd_1-53.jpg","contentUrl":"https:\/\/autorival.ro\/vw\/wp-content\/uploads\/sites\/5\/2026\/01\/fs_1160300046hd_1-53.jpg","width":600,"height":400},{"@type":"BreadcrumbList","@id":"https:\/\/autorival.ro\/vw\/produs\/bara-directie-vw-caddy-iv-microbus-sab-saj-1-4-tsi-benzina-131-cai-meyle-116-030-0046-hd\/#breadcrumb","itemListElement":[{"@type":"ListItem","position":1,"name":"Prima pagin\u0103","item":"https:\/\/autorival.ro\/vw\/"},{"@type":"ListItem","position":2,"name":"Piese auto VW","item":"https:\/\/autorival.ro\/vw\/"},{"@type":"ListItem","position":3,"name":"Bara directie VW CADDY IV microbus (SAB, SAJ) 1.4 TSI benzina 131 cai MEYLE 116 030 0046\/HD"}]},{"@type":"WebSite","@id":"https:\/\/autorival.ro\/vw\/#website","url":"https:\/\/autorival.ro\/vw\/","name":"VW","description":"","potentialAction":[{"@type":"SearchAction","target":{"@type":"EntryPoint","urlTemplate":"https:\/\/autorival.ro\/vw\/?s={search_term_string}"},"query-input":{"@type":"PropertyValueSpecification","valueRequired":true,"valueName":"search_term_string"}}],"inLanguage":"en-US"}]}},"_links":{"self":[{"href":"https:\/\/autorival.ro\/vw\/wp-json\/wp\/v2\/product\/1938286","targetHints":{"allow":["GET"]}}],"collection":[{"href":"https:\/\/autorival.ro\/vw\/wp-json\/wp\/v2\/product"}],"about":[{"href":"https:\/\/autorival.ro\/vw\/wp-json\/wp\/v2\/types\/product"}],"replies":[{"embeddable":true,"href":"https:\/\/autorival.ro\/vw\/wp-json\/wp\/v2\/comments?post=1938286"}],"wp:featuredmedia":[{"embeddable":true,"href":"https:\/\/autorival.ro\/vw\/wp-json\/wp\/v2\/media\/1938287"}],"wp:attachment":[{"href":"https:\/\/autorival.ro\/vw\/wp-json\/wp\/v2\/media?parent=1938286"}],"wp:term":[{"taxonomy":"product_brand","embeddable":true,"href":"https:\/\/autorival.ro\/vw\/wp-json\/wp\/v2\/product_brand?post=1938286"},{"taxonomy":"product_cat","embeddable":true,"href":"https:\/\/autorival.ro\/vw\/wp-json\/wp\/v2\/product_cat?post=1938286"},{"taxonomy":"product_tag","embeddable":true,"href":"https:\/\/autorival.ro\/vw\/wp-json\/wp\/v2\/product_tag?post=1938286"}],"curies":[{"name":"wp","href":"https:\/\/api.w.org\/{rel}","templated":true}]}}