{"id":1817700,"date":"2026-01-19T07:33:18","date_gmt":"2026-01-19T07:33:18","guid":{"rendered":"https:\/\/autorival.ro\/vw\/produs\/alternator-vw-caddy-iv-autoutilitara-limuzina-spatioasa-saa-sah-2-0-tdi-4motion-diesel-110-cai-as-pl-a0321\/"},"modified":"2026-01-19T07:33:18","modified_gmt":"2026-01-19T07:33:18","slug":"alternator-vw-caddy-iv-autoutilitara-limuzina-spatioasa-saa-sah-2-0-tdi-4motion-diesel-110-cai-as-pl-a0321","status":"publish","type":"product","link":"https:\/\/autorival.ro\/vw\/produs\/alternator-vw-caddy-iv-autoutilitara-limuzina-spatioasa-saa-sah-2-0-tdi-4motion-diesel-110-cai-as-pl-a0321\/","title":{"rendered":"Alternator VW CADDY IV Autoutilitara\/limuzina spatioasa (SAA, SAH) 2.0 TDI 4motion diesel 110 cai AS-PL A0321"},"content":{"rendered":"<p>Restrictiile producatorului: BOSCHTensiune [V]: 12Curent de incarcare generator [A]: 180Role: cu rola curea cu cuplaj unisensVersiune: 0124625010Calitate: STANDARD LINEPies\u0103 nou\u0103 f\u0103r\u0103 gaj<\/p>\n","protected":false},"excerpt":{"rendered":"<p>Producator: AS-PL Cod producator: A0321<\/p>\n","protected":false},"featured_media":1817701,"comment_status":"open","ping_status":"closed","template":"","meta":[],"product_brand":[1403],"product_cat":[1489],"product_tag":[],"class_list":{"0":"post-1817700","1":"product","2":"type-product","3":"status-publish","4":"has-post-thumbnail","6":"product_brand-as-pl","7":"product_cat-alternator-saa-sah-2-0-tdi-4motion-diesel-110","9":"first","10":"instock","11":"shipping-taxable","12":"purchasable","13":"product-type-simple"},"yoast_head":"<!-- This site is optimized with the Yoast SEO plugin v27.3 - https:\/\/yoast.com\/product\/yoast-seo-wordpress\/ -->\n<title>Alternator VW CADDY IV Autoutilitara\/limuzina spatioasa (SAA, SAH) 2.0 TDI 4motion diesel 110 cai AS-PL A0321 VW | AS-PL - Autorival<\/title>\n<meta name=\"description\" content=\"\u26a1 Alternator VW CADDY IV Autoutilitara\/limuzina spatioasa (SAA, SAH) 2.0 TDI 4motion diesel 110 cai AS-PL A0321 pentru VW. \u2713 Cod: A0321 \u2713 Brand: AS-PL \u2713 \u00cen stoc \u2713 Livrare 24h \u2713 Garan\u021bie!\" \/>\n<meta name=\"robots\" content=\"index, follow, max-snippet:-1, max-image-preview:large, max-video-preview:-1\" \/>\n<meta property=\"og:locale\" content=\"en_US\" \/>\n<meta property=\"og:type\" content=\"article\" \/>\n<meta property=\"og:title\" content=\"Alternator VW CADDY IV Autoutilitara\/limuzina spatioasa (SAA, SAH) 2.0 TDI 4motion diesel 110 cai AS-PL A0321 VW | AS-PL - Autorival\" \/>\n<meta property=\"og:description\" content=\"\u26a1 Alternator VW CADDY IV Autoutilitara\/limuzina spatioasa (SAA, SAH) 2.0 TDI 4motion diesel 110 cai AS-PL A0321 pentru VW. \u2713 Cod: A0321 \u2713 Brand: AS-PL \u2713 \u00cen stoc \u2713 Livrare 24h \u2713 Garan\u021bie!\" \/>\n<meta property=\"og:url\" content=\"https:\/\/autorival.ro\/vw\/produs\/alternator-vw-caddy-iv-autoutilitara-limuzina-spatioasa-saa-sah-2-0-tdi-4motion-diesel-110-cai-as-pl-a0321\/\" \/>\n<meta property=\"og:site_name\" content=\"VW\" \/>\n<meta property=\"og:image\" content=\"https:\/\/autorival.ro\/vw\/wp-content\/uploads\/sites\/5\/2026\/01\/264398-11.jpg\" \/>\n\t<meta property=\"og:image:width\" content=\"1080\" \/>\n\t<meta property=\"og:image:height\" content=\"810\" \/>\n\t<meta property=\"og:image:type\" content=\"image\/jpeg\" \/>\n<meta name=\"twitter:card\" content=\"summary_large_image\" \/>\n<meta name=\"twitter:title\" content=\"Alternator VW CADDY IV Autoutilitara\/limuzina spatioasa (SAA, SAH) 2.0 TDI 4motion diesel 110 cai AS-PL A0321 VW | AS-PL - Autorival\" \/>\n<meta name=\"twitter:description\" content=\"\u26a1 Alternator VW CADDY IV Autoutilitara\/limuzina spatioasa (SAA, SAH) 2.0 TDI 4motion diesel 110 cai AS-PL A0321 pentru VW. \u2713 Cod: A0321 \u2713 Brand: AS-PL \u2713 \u00cen stoc \u2713 Livrare 24h \u2713 Garan\u021bie!\" \/>\n<script type=\"application\/ld+json\" class=\"yoast-schema-graph\">{\"@context\":\"https:\\\/\\\/schema.org\",\"@graph\":[{\"@type\":\"WebPage\",\"@id\":\"https:\\\/\\\/autorival.ro\\\/vw\\\/produs\\\/alternator-vw-caddy-iv-autoutilitara-limuzina-spatioasa-saa-sah-2-0-tdi-4motion-diesel-110-cai-as-pl-a0321\\\/\",\"url\":\"https:\\\/\\\/autorival.ro\\\/vw\\\/produs\\\/alternator-vw-caddy-iv-autoutilitara-limuzina-spatioasa-saa-sah-2-0-tdi-4motion-diesel-110-cai-as-pl-a0321\\\/\",\"name\":\"Alternator VW CADDY IV Autoutilitara\\\/limuzina spatioasa (SAA, SAH) 2.0 TDI 4motion diesel 110 cai AS-PL A0321 VW | AS-PL - Autorival\",\"isPartOf\":{\"@id\":\"https:\\\/\\\/autorival.ro\\\/vw\\\/#website\"},\"primaryImageOfPage\":{\"@id\":\"https:\\\/\\\/autorival.ro\\\/vw\\\/produs\\\/alternator-vw-caddy-iv-autoutilitara-limuzina-spatioasa-saa-sah-2-0-tdi-4motion-diesel-110-cai-as-pl-a0321\\\/#primaryimage\"},\"image\":{\"@id\":\"https:\\\/\\\/autorival.ro\\\/vw\\\/produs\\\/alternator-vw-caddy-iv-autoutilitara-limuzina-spatioasa-saa-sah-2-0-tdi-4motion-diesel-110-cai-as-pl-a0321\\\/#primaryimage\"},\"thumbnailUrl\":\"https:\\\/\\\/autorival.ro\\\/vw\\\/wp-content\\\/uploads\\\/sites\\\/5\\\/2026\\\/01\\\/264398-11.jpg\",\"datePublished\":\"2026-01-19T07:33:18+00:00\",\"description\":\"\u26a1 Alternator VW CADDY IV Autoutilitara\\\/limuzina spatioasa (SAA, SAH) 2.0 TDI 4motion diesel 110 cai AS-PL A0321 pentru VW. \u2713 Cod: A0321 \u2713 Brand: AS-PL \u2713 \u00cen stoc \u2713 Livrare 24h \u2713 Garan\u021bie!\",\"breadcrumb\":{\"@id\":\"https:\\\/\\\/autorival.ro\\\/vw\\\/produs\\\/alternator-vw-caddy-iv-autoutilitara-limuzina-spatioasa-saa-sah-2-0-tdi-4motion-diesel-110-cai-as-pl-a0321\\\/#breadcrumb\"},\"inLanguage\":\"en-US\",\"potentialAction\":[{\"@type\":\"ReadAction\",\"target\":[\"https:\\\/\\\/autorival.ro\\\/vw\\\/produs\\\/alternator-vw-caddy-iv-autoutilitara-limuzina-spatioasa-saa-sah-2-0-tdi-4motion-diesel-110-cai-as-pl-a0321\\\/\"]}]},{\"@type\":\"ImageObject\",\"inLanguage\":\"en-US\",\"@id\":\"https:\\\/\\\/autorival.ro\\\/vw\\\/produs\\\/alternator-vw-caddy-iv-autoutilitara-limuzina-spatioasa-saa-sah-2-0-tdi-4motion-diesel-110-cai-as-pl-a0321\\\/#primaryimage\",\"url\":\"https:\\\/\\\/autorival.ro\\\/vw\\\/wp-content\\\/uploads\\\/sites\\\/5\\\/2026\\\/01\\\/264398-11.jpg\",\"contentUrl\":\"https:\\\/\\\/autorival.ro\\\/vw\\\/wp-content\\\/uploads\\\/sites\\\/5\\\/2026\\\/01\\\/264398-11.jpg\",\"width\":1080,\"height\":810},{\"@type\":\"BreadcrumbList\",\"@id\":\"https:\\\/\\\/autorival.ro\\\/vw\\\/produs\\\/alternator-vw-caddy-iv-autoutilitara-limuzina-spatioasa-saa-sah-2-0-tdi-4motion-diesel-110-cai-as-pl-a0321\\\/#breadcrumb\",\"itemListElement\":[{\"@type\":\"ListItem\",\"position\":1,\"name\":\"Prima pagin\u0103\",\"item\":\"https:\\\/\\\/autorival.ro\\\/vw\\\/\"},{\"@type\":\"ListItem\",\"position\":2,\"name\":\"Piese auto VW\",\"item\":\"https:\\\/\\\/autorival.ro\\\/vw\\\/\"},{\"@type\":\"ListItem\",\"position\":3,\"name\":\"Alternator VW CADDY IV Autoutilitara\\\/limuzina spatioasa (SAA, SAH) 2.0 TDI 4motion diesel 110 cai AS-PL A0321\"}]},{\"@type\":\"WebSite\",\"@id\":\"https:\\\/\\\/autorival.ro\\\/vw\\\/#website\",\"url\":\"https:\\\/\\\/autorival.ro\\\/vw\\\/\",\"name\":\"VW\",\"description\":\"\",\"potentialAction\":[{\"@type\":\"SearchAction\",\"target\":{\"@type\":\"EntryPoint\",\"urlTemplate\":\"https:\\\/\\\/autorival.ro\\\/vw\\\/?s={search_term_string}\"},\"query-input\":{\"@type\":\"PropertyValueSpecification\",\"valueRequired\":true,\"valueName\":\"search_term_string\"}}],\"inLanguage\":\"en-US\"}]}<\/script>\n<!-- \/ Yoast SEO plugin. -->","yoast_head_json":{"title":"Alternator VW CADDY IV Autoutilitara\/limuzina spatioasa (SAA, SAH) 2.0 TDI 4motion diesel 110 cai AS-PL A0321 VW | AS-PL - Autorival","description":"\u26a1 Alternator VW CADDY IV Autoutilitara\/limuzina spatioasa (SAA, SAH) 2.0 TDI 4motion diesel 110 cai AS-PL A0321 pentru VW. \u2713 Cod: A0321 \u2713 Brand: AS-PL \u2713 \u00cen stoc \u2713 Livrare 24h \u2713 Garan\u021bie!","robots":{"index":"index","follow":"follow","max-snippet":"max-snippet:-1","max-image-preview":"max-image-preview:large","max-video-preview":"max-video-preview:-1"},"og_locale":"en_US","og_type":"article","og_title":"Alternator VW CADDY IV Autoutilitara\/limuzina spatioasa (SAA, SAH) 2.0 TDI 4motion diesel 110 cai AS-PL A0321 VW | AS-PL - Autorival","og_description":"\u26a1 Alternator VW CADDY IV Autoutilitara\/limuzina spatioasa (SAA, SAH) 2.0 TDI 4motion diesel 110 cai AS-PL A0321 pentru VW. \u2713 Cod: A0321 \u2713 Brand: AS-PL \u2713 \u00cen stoc \u2713 Livrare 24h \u2713 Garan\u021bie!","og_url":"https:\/\/autorival.ro\/vw\/produs\/alternator-vw-caddy-iv-autoutilitara-limuzina-spatioasa-saa-sah-2-0-tdi-4motion-diesel-110-cai-as-pl-a0321\/","og_site_name":"VW","og_image":[{"width":1080,"height":810,"url":"https:\/\/autorival.ro\/vw\/wp-content\/uploads\/sites\/5\/2026\/01\/264398-11.jpg","type":"image\/jpeg"}],"twitter_card":"summary_large_image","twitter_title":"Alternator VW CADDY IV Autoutilitara\/limuzina spatioasa (SAA, SAH) 2.0 TDI 4motion diesel 110 cai AS-PL A0321 VW | AS-PL - Autorival","twitter_description":"\u26a1 Alternator VW CADDY IV Autoutilitara\/limuzina spatioasa (SAA, SAH) 2.0 TDI 4motion diesel 110 cai AS-PL A0321 pentru VW. \u2713 Cod: A0321 \u2713 Brand: AS-PL \u2713 \u00cen stoc \u2713 Livrare 24h \u2713 Garan\u021bie!","schema":{"@context":"https:\/\/schema.org","@graph":[{"@type":"WebPage","@id":"https:\/\/autorival.ro\/vw\/produs\/alternator-vw-caddy-iv-autoutilitara-limuzina-spatioasa-saa-sah-2-0-tdi-4motion-diesel-110-cai-as-pl-a0321\/","url":"https:\/\/autorival.ro\/vw\/produs\/alternator-vw-caddy-iv-autoutilitara-limuzina-spatioasa-saa-sah-2-0-tdi-4motion-diesel-110-cai-as-pl-a0321\/","name":"Alternator VW CADDY IV Autoutilitara\/limuzina spatioasa (SAA, SAH) 2.0 TDI 4motion diesel 110 cai AS-PL A0321 VW | AS-PL - Autorival","isPartOf":{"@id":"https:\/\/autorival.ro\/vw\/#website"},"primaryImageOfPage":{"@id":"https:\/\/autorival.ro\/vw\/produs\/alternator-vw-caddy-iv-autoutilitara-limuzina-spatioasa-saa-sah-2-0-tdi-4motion-diesel-110-cai-as-pl-a0321\/#primaryimage"},"image":{"@id":"https:\/\/autorival.ro\/vw\/produs\/alternator-vw-caddy-iv-autoutilitara-limuzina-spatioasa-saa-sah-2-0-tdi-4motion-diesel-110-cai-as-pl-a0321\/#primaryimage"},"thumbnailUrl":"https:\/\/autorival.ro\/vw\/wp-content\/uploads\/sites\/5\/2026\/01\/264398-11.jpg","datePublished":"2026-01-19T07:33:18+00:00","description":"\u26a1 Alternator VW CADDY IV Autoutilitara\/limuzina spatioasa (SAA, SAH) 2.0 TDI 4motion diesel 110 cai AS-PL A0321 pentru VW. \u2713 Cod: A0321 \u2713 Brand: AS-PL \u2713 \u00cen stoc \u2713 Livrare 24h \u2713 Garan\u021bie!","breadcrumb":{"@id":"https:\/\/autorival.ro\/vw\/produs\/alternator-vw-caddy-iv-autoutilitara-limuzina-spatioasa-saa-sah-2-0-tdi-4motion-diesel-110-cai-as-pl-a0321\/#breadcrumb"},"inLanguage":"en-US","potentialAction":[{"@type":"ReadAction","target":["https:\/\/autorival.ro\/vw\/produs\/alternator-vw-caddy-iv-autoutilitara-limuzina-spatioasa-saa-sah-2-0-tdi-4motion-diesel-110-cai-as-pl-a0321\/"]}]},{"@type":"ImageObject","inLanguage":"en-US","@id":"https:\/\/autorival.ro\/vw\/produs\/alternator-vw-caddy-iv-autoutilitara-limuzina-spatioasa-saa-sah-2-0-tdi-4motion-diesel-110-cai-as-pl-a0321\/#primaryimage","url":"https:\/\/autorival.ro\/vw\/wp-content\/uploads\/sites\/5\/2026\/01\/264398-11.jpg","contentUrl":"https:\/\/autorival.ro\/vw\/wp-content\/uploads\/sites\/5\/2026\/01\/264398-11.jpg","width":1080,"height":810},{"@type":"BreadcrumbList","@id":"https:\/\/autorival.ro\/vw\/produs\/alternator-vw-caddy-iv-autoutilitara-limuzina-spatioasa-saa-sah-2-0-tdi-4motion-diesel-110-cai-as-pl-a0321\/#breadcrumb","itemListElement":[{"@type":"ListItem","position":1,"name":"Prima pagin\u0103","item":"https:\/\/autorival.ro\/vw\/"},{"@type":"ListItem","position":2,"name":"Piese auto VW","item":"https:\/\/autorival.ro\/vw\/"},{"@type":"ListItem","position":3,"name":"Alternator VW CADDY IV Autoutilitara\/limuzina spatioasa (SAA, SAH) 2.0 TDI 4motion diesel 110 cai AS-PL A0321"}]},{"@type":"WebSite","@id":"https:\/\/autorival.ro\/vw\/#website","url":"https:\/\/autorival.ro\/vw\/","name":"VW","description":"","potentialAction":[{"@type":"SearchAction","target":{"@type":"EntryPoint","urlTemplate":"https:\/\/autorival.ro\/vw\/?s={search_term_string}"},"query-input":{"@type":"PropertyValueSpecification","valueRequired":true,"valueName":"search_term_string"}}],"inLanguage":"en-US"}]}},"_links":{"self":[{"href":"https:\/\/autorival.ro\/vw\/wp-json\/wp\/v2\/product\/1817700","targetHints":{"allow":["GET"]}}],"collection":[{"href":"https:\/\/autorival.ro\/vw\/wp-json\/wp\/v2\/product"}],"about":[{"href":"https:\/\/autorival.ro\/vw\/wp-json\/wp\/v2\/types\/product"}],"replies":[{"embeddable":true,"href":"https:\/\/autorival.ro\/vw\/wp-json\/wp\/v2\/comments?post=1817700"}],"wp:featuredmedia":[{"embeddable":true,"href":"https:\/\/autorival.ro\/vw\/wp-json\/wp\/v2\/media\/1817701"}],"wp:attachment":[{"href":"https:\/\/autorival.ro\/vw\/wp-json\/wp\/v2\/media?parent=1817700"}],"wp:term":[{"taxonomy":"product_brand","embeddable":true,"href":"https:\/\/autorival.ro\/vw\/wp-json\/wp\/v2\/product_brand?post=1817700"},{"taxonomy":"product_cat","embeddable":true,"href":"https:\/\/autorival.ro\/vw\/wp-json\/wp\/v2\/product_cat?post=1817700"},{"taxonomy":"product_tag","embeddable":true,"href":"https:\/\/autorival.ro\/vw\/wp-json\/wp\/v2\/product_tag?post=1817700"}],"curies":[{"name":"wp","href":"https:\/\/api.w.org\/{rel}","templated":true}]}}