{"id":1814582,"date":"2026-01-19T07:21:16","date_gmt":"2026-01-19T07:21:16","guid":{"rendered":"https:\/\/autorival.ro\/vw\/produs\/alternator-vw-arteon-shooting-brake-3h9-2-0-tsi-4motion-benzina-272-cai-hella-8el-015-630-041\/"},"modified":"2026-01-19T07:21:16","modified_gmt":"2026-01-19T07:21:16","slug":"alternator-vw-arteon-shooting-brake-3h9-2-0-tsi-4motion-benzina-272-cai-hella-8el-015-630-041","status":"publish","type":"product","link":"https:\/\/autorival.ro\/vw\/produs\/alternator-vw-arteon-shooting-brake-3h9-2-0-tsi-4motion-benzina-272-cai-hella-8el-015-630-041\/","title":{"rendered":"Alternator VW ARTEON SHOOTING BRAKE (3H9) 2.0 TSi 4motion benzina 272 cai HELLA 8EL 015 630-041"},"content":{"rendered":"<p>Restrictiile producatorului: VALEONumar motor TECDOC: 36586Pies\u0103 nou\u0103 f\u0103r\u0103 gajTensiune [V]: 14Curent de incarcare generator [A]: 140Role: cu rola curea cu cuplaj unisensFulie curea \u00d8 [mm]: 56Numar de striatii: 6Returnarea pieselor vechi nu este necesaraMontarea\/demontarea de personal de specialitate necesar\u0103!<\/p>\n","protected":false},"excerpt":{"rendered":"<p>Producator: HELLA Cod producator: 8EL 015 630-041<\/p>\n","protected":false},"featured_media":1814583,"comment_status":"open","ping_status":"closed","template":"","meta":[],"product_brand":[1409],"product_cat":[1445],"product_tag":[],"class_list":{"0":"post-1814582","1":"product","2":"type-product","3":"status-publish","4":"has-post-thumbnail","6":"product_brand-hella","7":"product_cat-alternator-3h9-2-0-tsi-4motion-benzina-272","9":"first","10":"instock","11":"shipping-taxable","12":"purchasable","13":"product-type-simple"},"yoast_head":"<!-- This site is optimized with the Yoast SEO plugin v27.3 - https:\/\/yoast.com\/product\/yoast-seo-wordpress\/ -->\n<title>Alternator VW ARTEON SHOOTING BRAKE (3H9) 2.0 TSi 4motion benzina 272 cai HELLA 8EL 015 630-041 VW | HELLA - Autorival<\/title>\n<meta name=\"description\" content=\"\u26a1 Alternator VW ARTEON SHOOTING BRAKE (3H9) 2.0 TSi 4motion benzina 272 cai HELLA 8EL 015 630-041 pentru VW. \u2713 Cod: 8EL \u2713 Brand: HELLA \u2713 \u00cen stoc \u2713 Livrare 24h \u2713 Garan\u021bie!\" \/>\n<meta name=\"robots\" content=\"index, follow, max-snippet:-1, max-image-preview:large, max-video-preview:-1\" \/>\n<meta property=\"og:locale\" content=\"en_US\" \/>\n<meta property=\"og:type\" content=\"article\" \/>\n<meta property=\"og:title\" content=\"Alternator VW ARTEON SHOOTING BRAKE (3H9) 2.0 TSi 4motion benzina 272 cai HELLA 8EL 015 630-041 VW | HELLA - Autorival\" \/>\n<meta property=\"og:description\" content=\"\u26a1 Alternator VW ARTEON SHOOTING BRAKE (3H9) 2.0 TSi 4motion benzina 272 cai HELLA 8EL 015 630-041 pentru VW. \u2713 Cod: 8EL \u2713 Brand: HELLA \u2713 \u00cen stoc \u2713 Livrare 24h \u2713 Garan\u021bie!\" \/>\n<meta property=\"og:url\" content=\"https:\/\/autorival.ro\/vw\/produs\/alternator-vw-arteon-shooting-brake-3h9-2-0-tsi-4motion-benzina-272-cai-hella-8el-015-630-041\/\" \/>\n<meta property=\"og:site_name\" content=\"VW\" \/>\n<meta property=\"og:image\" content=\"https:\/\/autorival.ro\/vw\/wp-content\/uploads\/sites\/5\/2026\/01\/8el_015_630-041-4.jpg\" \/>\n\t<meta property=\"og:image:width\" content=\"410\" \/>\n\t<meta property=\"og:image:height\" content=\"400\" \/>\n\t<meta property=\"og:image:type\" content=\"image\/jpeg\" \/>\n<meta name=\"twitter:card\" content=\"summary_large_image\" \/>\n<meta name=\"twitter:title\" content=\"Alternator VW ARTEON SHOOTING BRAKE (3H9) 2.0 TSi 4motion benzina 272 cai HELLA 8EL 015 630-041 VW | HELLA - Autorival\" \/>\n<meta name=\"twitter:description\" content=\"\u26a1 Alternator VW ARTEON SHOOTING BRAKE (3H9) 2.0 TSi 4motion benzina 272 cai HELLA 8EL 015 630-041 pentru VW. \u2713 Cod: 8EL \u2713 Brand: HELLA \u2713 \u00cen stoc \u2713 Livrare 24h \u2713 Garan\u021bie!\" \/>\n<script type=\"application\/ld+json\" class=\"yoast-schema-graph\">{\"@context\":\"https:\\\/\\\/schema.org\",\"@graph\":[{\"@type\":\"WebPage\",\"@id\":\"https:\\\/\\\/autorival.ro\\\/vw\\\/produs\\\/alternator-vw-arteon-shooting-brake-3h9-2-0-tsi-4motion-benzina-272-cai-hella-8el-015-630-041\\\/\",\"url\":\"https:\\\/\\\/autorival.ro\\\/vw\\\/produs\\\/alternator-vw-arteon-shooting-brake-3h9-2-0-tsi-4motion-benzina-272-cai-hella-8el-015-630-041\\\/\",\"name\":\"Alternator VW ARTEON SHOOTING BRAKE (3H9) 2.0 TSi 4motion benzina 272 cai HELLA 8EL 015 630-041 VW | HELLA - Autorival\",\"isPartOf\":{\"@id\":\"https:\\\/\\\/autorival.ro\\\/vw\\\/#website\"},\"primaryImageOfPage\":{\"@id\":\"https:\\\/\\\/autorival.ro\\\/vw\\\/produs\\\/alternator-vw-arteon-shooting-brake-3h9-2-0-tsi-4motion-benzina-272-cai-hella-8el-015-630-041\\\/#primaryimage\"},\"image\":{\"@id\":\"https:\\\/\\\/autorival.ro\\\/vw\\\/produs\\\/alternator-vw-arteon-shooting-brake-3h9-2-0-tsi-4motion-benzina-272-cai-hella-8el-015-630-041\\\/#primaryimage\"},\"thumbnailUrl\":\"https:\\\/\\\/autorival.ro\\\/vw\\\/wp-content\\\/uploads\\\/sites\\\/5\\\/2026\\\/01\\\/8el_015_630-041-4.jpg\",\"datePublished\":\"2026-01-19T07:21:16+00:00\",\"description\":\"\u26a1 Alternator VW ARTEON SHOOTING BRAKE (3H9) 2.0 TSi 4motion benzina 272 cai HELLA 8EL 015 630-041 pentru VW. \u2713 Cod: 8EL \u2713 Brand: HELLA \u2713 \u00cen stoc \u2713 Livrare 24h \u2713 Garan\u021bie!\",\"breadcrumb\":{\"@id\":\"https:\\\/\\\/autorival.ro\\\/vw\\\/produs\\\/alternator-vw-arteon-shooting-brake-3h9-2-0-tsi-4motion-benzina-272-cai-hella-8el-015-630-041\\\/#breadcrumb\"},\"inLanguage\":\"en-US\",\"potentialAction\":[{\"@type\":\"ReadAction\",\"target\":[\"https:\\\/\\\/autorival.ro\\\/vw\\\/produs\\\/alternator-vw-arteon-shooting-brake-3h9-2-0-tsi-4motion-benzina-272-cai-hella-8el-015-630-041\\\/\"]}]},{\"@type\":\"ImageObject\",\"inLanguage\":\"en-US\",\"@id\":\"https:\\\/\\\/autorival.ro\\\/vw\\\/produs\\\/alternator-vw-arteon-shooting-brake-3h9-2-0-tsi-4motion-benzina-272-cai-hella-8el-015-630-041\\\/#primaryimage\",\"url\":\"https:\\\/\\\/autorival.ro\\\/vw\\\/wp-content\\\/uploads\\\/sites\\\/5\\\/2026\\\/01\\\/8el_015_630-041-4.jpg\",\"contentUrl\":\"https:\\\/\\\/autorival.ro\\\/vw\\\/wp-content\\\/uploads\\\/sites\\\/5\\\/2026\\\/01\\\/8el_015_630-041-4.jpg\",\"width\":410,\"height\":400},{\"@type\":\"BreadcrumbList\",\"@id\":\"https:\\\/\\\/autorival.ro\\\/vw\\\/produs\\\/alternator-vw-arteon-shooting-brake-3h9-2-0-tsi-4motion-benzina-272-cai-hella-8el-015-630-041\\\/#breadcrumb\",\"itemListElement\":[{\"@type\":\"ListItem\",\"position\":1,\"name\":\"Prima pagin\u0103\",\"item\":\"https:\\\/\\\/autorival.ro\\\/vw\\\/\"},{\"@type\":\"ListItem\",\"position\":2,\"name\":\"Piese auto VW\",\"item\":\"https:\\\/\\\/autorival.ro\\\/vw\\\/\"},{\"@type\":\"ListItem\",\"position\":3,\"name\":\"Alternator VW ARTEON SHOOTING BRAKE (3H9) 2.0 TSi 4motion benzina 272 cai HELLA 8EL 015 630-041\"}]},{\"@type\":\"WebSite\",\"@id\":\"https:\\\/\\\/autorival.ro\\\/vw\\\/#website\",\"url\":\"https:\\\/\\\/autorival.ro\\\/vw\\\/\",\"name\":\"VW\",\"description\":\"\",\"potentialAction\":[{\"@type\":\"SearchAction\",\"target\":{\"@type\":\"EntryPoint\",\"urlTemplate\":\"https:\\\/\\\/autorival.ro\\\/vw\\\/?s={search_term_string}\"},\"query-input\":{\"@type\":\"PropertyValueSpecification\",\"valueRequired\":true,\"valueName\":\"search_term_string\"}}],\"inLanguage\":\"en-US\"}]}<\/script>\n<!-- \/ Yoast SEO plugin. -->","yoast_head_json":{"title":"Alternator VW ARTEON SHOOTING BRAKE (3H9) 2.0 TSi 4motion benzina 272 cai HELLA 8EL 015 630-041 VW | HELLA - Autorival","description":"\u26a1 Alternator VW ARTEON SHOOTING BRAKE (3H9) 2.0 TSi 4motion benzina 272 cai HELLA 8EL 015 630-041 pentru VW. \u2713 Cod: 8EL \u2713 Brand: HELLA \u2713 \u00cen stoc \u2713 Livrare 24h \u2713 Garan\u021bie!","robots":{"index":"index","follow":"follow","max-snippet":"max-snippet:-1","max-image-preview":"max-image-preview:large","max-video-preview":"max-video-preview:-1"},"og_locale":"en_US","og_type":"article","og_title":"Alternator VW ARTEON SHOOTING BRAKE (3H9) 2.0 TSi 4motion benzina 272 cai HELLA 8EL 015 630-041 VW | HELLA - Autorival","og_description":"\u26a1 Alternator VW ARTEON SHOOTING BRAKE (3H9) 2.0 TSi 4motion benzina 272 cai HELLA 8EL 015 630-041 pentru VW. \u2713 Cod: 8EL \u2713 Brand: HELLA \u2713 \u00cen stoc \u2713 Livrare 24h \u2713 Garan\u021bie!","og_url":"https:\/\/autorival.ro\/vw\/produs\/alternator-vw-arteon-shooting-brake-3h9-2-0-tsi-4motion-benzina-272-cai-hella-8el-015-630-041\/","og_site_name":"VW","og_image":[{"width":410,"height":400,"url":"https:\/\/autorival.ro\/vw\/wp-content\/uploads\/sites\/5\/2026\/01\/8el_015_630-041-4.jpg","type":"image\/jpeg"}],"twitter_card":"summary_large_image","twitter_title":"Alternator VW ARTEON SHOOTING BRAKE (3H9) 2.0 TSi 4motion benzina 272 cai HELLA 8EL 015 630-041 VW | HELLA - Autorival","twitter_description":"\u26a1 Alternator VW ARTEON SHOOTING BRAKE (3H9) 2.0 TSi 4motion benzina 272 cai HELLA 8EL 015 630-041 pentru VW. \u2713 Cod: 8EL \u2713 Brand: HELLA \u2713 \u00cen stoc \u2713 Livrare 24h \u2713 Garan\u021bie!","schema":{"@context":"https:\/\/schema.org","@graph":[{"@type":"WebPage","@id":"https:\/\/autorival.ro\/vw\/produs\/alternator-vw-arteon-shooting-brake-3h9-2-0-tsi-4motion-benzina-272-cai-hella-8el-015-630-041\/","url":"https:\/\/autorival.ro\/vw\/produs\/alternator-vw-arteon-shooting-brake-3h9-2-0-tsi-4motion-benzina-272-cai-hella-8el-015-630-041\/","name":"Alternator VW ARTEON SHOOTING BRAKE (3H9) 2.0 TSi 4motion benzina 272 cai HELLA 8EL 015 630-041 VW | HELLA - Autorival","isPartOf":{"@id":"https:\/\/autorival.ro\/vw\/#website"},"primaryImageOfPage":{"@id":"https:\/\/autorival.ro\/vw\/produs\/alternator-vw-arteon-shooting-brake-3h9-2-0-tsi-4motion-benzina-272-cai-hella-8el-015-630-041\/#primaryimage"},"image":{"@id":"https:\/\/autorival.ro\/vw\/produs\/alternator-vw-arteon-shooting-brake-3h9-2-0-tsi-4motion-benzina-272-cai-hella-8el-015-630-041\/#primaryimage"},"thumbnailUrl":"https:\/\/autorival.ro\/vw\/wp-content\/uploads\/sites\/5\/2026\/01\/8el_015_630-041-4.jpg","datePublished":"2026-01-19T07:21:16+00:00","description":"\u26a1 Alternator VW ARTEON SHOOTING BRAKE (3H9) 2.0 TSi 4motion benzina 272 cai HELLA 8EL 015 630-041 pentru VW. \u2713 Cod: 8EL \u2713 Brand: HELLA \u2713 \u00cen stoc \u2713 Livrare 24h \u2713 Garan\u021bie!","breadcrumb":{"@id":"https:\/\/autorival.ro\/vw\/produs\/alternator-vw-arteon-shooting-brake-3h9-2-0-tsi-4motion-benzina-272-cai-hella-8el-015-630-041\/#breadcrumb"},"inLanguage":"en-US","potentialAction":[{"@type":"ReadAction","target":["https:\/\/autorival.ro\/vw\/produs\/alternator-vw-arteon-shooting-brake-3h9-2-0-tsi-4motion-benzina-272-cai-hella-8el-015-630-041\/"]}]},{"@type":"ImageObject","inLanguage":"en-US","@id":"https:\/\/autorival.ro\/vw\/produs\/alternator-vw-arteon-shooting-brake-3h9-2-0-tsi-4motion-benzina-272-cai-hella-8el-015-630-041\/#primaryimage","url":"https:\/\/autorival.ro\/vw\/wp-content\/uploads\/sites\/5\/2026\/01\/8el_015_630-041-4.jpg","contentUrl":"https:\/\/autorival.ro\/vw\/wp-content\/uploads\/sites\/5\/2026\/01\/8el_015_630-041-4.jpg","width":410,"height":400},{"@type":"BreadcrumbList","@id":"https:\/\/autorival.ro\/vw\/produs\/alternator-vw-arteon-shooting-brake-3h9-2-0-tsi-4motion-benzina-272-cai-hella-8el-015-630-041\/#breadcrumb","itemListElement":[{"@type":"ListItem","position":1,"name":"Prima pagin\u0103","item":"https:\/\/autorival.ro\/vw\/"},{"@type":"ListItem","position":2,"name":"Piese auto VW","item":"https:\/\/autorival.ro\/vw\/"},{"@type":"ListItem","position":3,"name":"Alternator VW ARTEON SHOOTING BRAKE (3H9) 2.0 TSi 4motion benzina 272 cai HELLA 8EL 015 630-041"}]},{"@type":"WebSite","@id":"https:\/\/autorival.ro\/vw\/#website","url":"https:\/\/autorival.ro\/vw\/","name":"VW","description":"","potentialAction":[{"@type":"SearchAction","target":{"@type":"EntryPoint","urlTemplate":"https:\/\/autorival.ro\/vw\/?s={search_term_string}"},"query-input":{"@type":"PropertyValueSpecification","valueRequired":true,"valueName":"search_term_string"}}],"inLanguage":"en-US"}]}},"_links":{"self":[{"href":"https:\/\/autorival.ro\/vw\/wp-json\/wp\/v2\/product\/1814582","targetHints":{"allow":["GET"]}}],"collection":[{"href":"https:\/\/autorival.ro\/vw\/wp-json\/wp\/v2\/product"}],"about":[{"href":"https:\/\/autorival.ro\/vw\/wp-json\/wp\/v2\/types\/product"}],"replies":[{"embeddable":true,"href":"https:\/\/autorival.ro\/vw\/wp-json\/wp\/v2\/comments?post=1814582"}],"wp:featuredmedia":[{"embeddable":true,"href":"https:\/\/autorival.ro\/vw\/wp-json\/wp\/v2\/media\/1814583"}],"wp:attachment":[{"href":"https:\/\/autorival.ro\/vw\/wp-json\/wp\/v2\/media?parent=1814582"}],"wp:term":[{"taxonomy":"product_brand","embeddable":true,"href":"https:\/\/autorival.ro\/vw\/wp-json\/wp\/v2\/product_brand?post=1814582"},{"taxonomy":"product_cat","embeddable":true,"href":"https:\/\/autorival.ro\/vw\/wp-json\/wp\/v2\/product_cat?post=1814582"},{"taxonomy":"product_tag","embeddable":true,"href":"https:\/\/autorival.ro\/vw\/wp-json\/wp\/v2\/product_tag?post=1814582"}],"curies":[{"name":"wp","href":"https:\/\/api.w.org\/{rel}","templated":true}]}}