{"id":79816,"date":"2025-07-25T10:09:59","date_gmt":"2025-07-25T10:09:59","guid":{"rendered":"https:\/\/autorival.ro\/volvo\/product\/bieleta-directie-volvo-fm10-fm-10-360-diesel-360-cai-lemforder-19663-01\/"},"modified":"2025-07-25T10:09:59","modified_gmt":"2025-07-25T10:09:59","slug":"bieleta-directie-volvo-fm10-fm-10-360-diesel-360-cai-lemforder-19663-01","status":"publish","type":"product","link":"https:\/\/autorival.ro\/volvo\/product\/bieleta-directie-volvo-fm10-fm-10-360-diesel-360-cai-lemforder-19663-01\/","title":{"rendered":"Bieleta directie VOLVO FM10 FM 10\/360 diesel 360 cai LEMFORDER 19663 01"},"content":{"rendered":"<p>Partea de montare: coloana de directie la 1.a AFVehicul cu volan pe st\u00e2nga\/dreapta: pentru vehicule cu volan pe stangaSepararea blocurilorosie: 1.a AFTip consctructiv arc: arc foiCod motor: TD122FSVarianta de tata: BraziliaSerie \u0219asiu (VIN) \u00eencep\u00e2nd cu: E670784Echipament vehicul: pentru autovehicule cu butuc de roat\u0103 umplut cu uleipentru inaltime sasiu (vehicul neancarcat) [mm]: 850, 1010Tip caroserie: Caroserie joasa, Caroserie inaltaBara\/bieleta: bielaReglabil: reglabil intr-o parte ->Lungime [mm]: 861 ->Dimensiune conus [mm]: 28,6 ->Diametrul \u021bevii [mm]: 52Articol extins\/Informatii de extindere: cu acceasorii<\/p>\n","protected":false},"excerpt":{"rendered":"<p>Producator: LEMFORDER Cod producator: 19663 01<\/p>\n","protected":false},"featured_media":79817,"comment_status":"open","ping_status":"closed","template":"","meta":[],"product_brand":[3955],"product_cat":[5330],"product_tag":[78084,77985,77647,77680,78059,77628],"class_list":{"0":"post-79816","1":"product","2":"type-product","3":"status-publish","4":"has-post-thumbnail","6":"product_brand-lemforder","7":"product_cat-bieleta-directie-fm-10-360-diesel-360","8":"product_tag-bieleta","9":"product_tag-directie","10":"product_tag-fm","11":"product_tag-fm10","12":"product_tag-lemforder","13":"product_tag-volvo","15":"first","16":"instock","17":"shipping-taxable","18":"purchasable","19":"product-type-simple"},"yoast_head":"<!-- This site is optimized with the Yoast SEO plugin v27.3 - https:\/\/yoast.com\/product\/yoast-seo-wordpress\/ -->\n<title>Bieleta directie VOLVO FM10 FM 10\/360 diesel 360 cai LEMFORDER 19663 01 VOLVO | LEMFORDER - Autorival<\/title>\n<meta name=\"description\" content=\"\u26a1 Bieleta directie VOLVO FM10 FM 10\/360 diesel 360 cai LEMFORDER 19663 01 pentru VOLVO. \u2713 Cod: 19663 \u2713 Brand: LEMFORDER \u2713 \u00cen stoc \u2713 Livrare 24h \u2713 Garan\u021bie!\" \/>\n<meta name=\"robots\" content=\"index, follow, max-snippet:-1, max-image-preview:large, max-video-preview:-1\" \/>\n<meta property=\"og:locale\" content=\"en_US\" \/>\n<meta property=\"og:type\" content=\"article\" \/>\n<meta property=\"og:title\" content=\"Bieleta directie VOLVO FM10 FM 10\/360 diesel 360 cai LEMFORDER 19663 01 VOLVO | LEMFORDER - Autorival\" \/>\n<meta property=\"og:description\" content=\"\u26a1 Bieleta directie VOLVO FM10 FM 10\/360 diesel 360 cai LEMFORDER 19663 01 pentru VOLVO. \u2713 Cod: 19663 \u2713 Brand: LEMFORDER \u2713 \u00cen stoc \u2713 Livrare 24h \u2713 Garan\u021bie!\" \/>\n<meta property=\"og:url\" content=\"https:\/\/autorival.ro\/volvo\/product\/bieleta-directie-volvo-fm10-fm-10-360-diesel-360-cai-lemforder-19663-01\/\" \/>\n<meta property=\"og:site_name\" content=\"VOLVO\" \/>\n<meta property=\"og:image\" content=\"https:\/\/autorival.ro\/volvo\/wp-content\/uploads\/sites\/20\/2025\/07\/00351966301-11.jpg\" \/>\n\t<meta property=\"og:image:width\" content=\"600\" \/>\n\t<meta property=\"og:image:height\" content=\"415\" \/>\n\t<meta property=\"og:image:type\" content=\"image\/jpeg\" \/>\n<meta name=\"twitter:card\" content=\"summary_large_image\" \/>\n<meta name=\"twitter:title\" content=\"Bieleta directie VOLVO FM10 FM 10\/360 diesel 360 cai LEMFORDER 19663 01 VOLVO | LEMFORDER - Autorival\" \/>\n<meta name=\"twitter:description\" content=\"\u26a1 Bieleta directie VOLVO FM10 FM 10\/360 diesel 360 cai LEMFORDER 19663 01 pentru VOLVO. \u2713 Cod: 19663 \u2713 Brand: LEMFORDER \u2713 \u00cen stoc \u2713 Livrare 24h \u2713 Garan\u021bie!\" \/>\n<script type=\"application\/ld+json\" class=\"yoast-schema-graph\">{\"@context\":\"https:\\\/\\\/schema.org\",\"@graph\":[{\"@type\":\"WebPage\",\"@id\":\"https:\\\/\\\/autorival.ro\\\/volvo\\\/product\\\/bieleta-directie-volvo-fm10-fm-10-360-diesel-360-cai-lemforder-19663-01\\\/\",\"url\":\"https:\\\/\\\/autorival.ro\\\/volvo\\\/product\\\/bieleta-directie-volvo-fm10-fm-10-360-diesel-360-cai-lemforder-19663-01\\\/\",\"name\":\"Bieleta directie VOLVO FM10 FM 10\\\/360 diesel 360 cai LEMFORDER 19663 01 VOLVO | LEMFORDER - Autorival\",\"isPartOf\":{\"@id\":\"https:\\\/\\\/autorival.ro\\\/volvo\\\/#website\"},\"primaryImageOfPage\":{\"@id\":\"https:\\\/\\\/autorival.ro\\\/volvo\\\/product\\\/bieleta-directie-volvo-fm10-fm-10-360-diesel-360-cai-lemforder-19663-01\\\/#primaryimage\"},\"image\":{\"@id\":\"https:\\\/\\\/autorival.ro\\\/volvo\\\/product\\\/bieleta-directie-volvo-fm10-fm-10-360-diesel-360-cai-lemforder-19663-01\\\/#primaryimage\"},\"thumbnailUrl\":\"https:\\\/\\\/autorival.ro\\\/volvo\\\/wp-content\\\/uploads\\\/sites\\\/20\\\/2025\\\/07\\\/00351966301-11.jpg\",\"datePublished\":\"2025-07-25T10:09:59+00:00\",\"description\":\"\u26a1 Bieleta directie VOLVO FM10 FM 10\\\/360 diesel 360 cai LEMFORDER 19663 01 pentru VOLVO. \u2713 Cod: 19663 \u2713 Brand: LEMFORDER \u2713 \u00cen stoc \u2713 Livrare 24h \u2713 Garan\u021bie!\",\"breadcrumb\":{\"@id\":\"https:\\\/\\\/autorival.ro\\\/volvo\\\/product\\\/bieleta-directie-volvo-fm10-fm-10-360-diesel-360-cai-lemforder-19663-01\\\/#breadcrumb\"},\"inLanguage\":\"en-US\",\"potentialAction\":[{\"@type\":\"ReadAction\",\"target\":[\"https:\\\/\\\/autorival.ro\\\/volvo\\\/product\\\/bieleta-directie-volvo-fm10-fm-10-360-diesel-360-cai-lemforder-19663-01\\\/\"]}]},{\"@type\":\"ImageObject\",\"inLanguage\":\"en-US\",\"@id\":\"https:\\\/\\\/autorival.ro\\\/volvo\\\/product\\\/bieleta-directie-volvo-fm10-fm-10-360-diesel-360-cai-lemforder-19663-01\\\/#primaryimage\",\"url\":\"https:\\\/\\\/autorival.ro\\\/volvo\\\/wp-content\\\/uploads\\\/sites\\\/20\\\/2025\\\/07\\\/00351966301-11.jpg\",\"contentUrl\":\"https:\\\/\\\/autorival.ro\\\/volvo\\\/wp-content\\\/uploads\\\/sites\\\/20\\\/2025\\\/07\\\/00351966301-11.jpg\",\"width\":600,\"height\":415},{\"@type\":\"BreadcrumbList\",\"@id\":\"https:\\\/\\\/autorival.ro\\\/volvo\\\/product\\\/bieleta-directie-volvo-fm10-fm-10-360-diesel-360-cai-lemforder-19663-01\\\/#breadcrumb\",\"itemListElement\":[{\"@type\":\"ListItem\",\"position\":1,\"name\":\"Prima pagin\u0103\",\"item\":\"https:\\\/\\\/autorival.ro\\\/volvo\\\/\"},{\"@type\":\"ListItem\",\"position\":2,\"name\":\"Piese auto VOLVO\",\"item\":\"https:\\\/\\\/autorival.ro\\\/volvo\\\/\"},{\"@type\":\"ListItem\",\"position\":3,\"name\":\"Bieleta directie VOLVO FM10 FM 10\\\/360 diesel 360 cai LEMFORDER 19663 01\"}]},{\"@type\":\"WebSite\",\"@id\":\"https:\\\/\\\/autorival.ro\\\/volvo\\\/#website\",\"url\":\"https:\\\/\\\/autorival.ro\\\/volvo\\\/\",\"name\":\"VOLVO\",\"description\":\"\",\"potentialAction\":[{\"@type\":\"SearchAction\",\"target\":{\"@type\":\"EntryPoint\",\"urlTemplate\":\"https:\\\/\\\/autorival.ro\\\/volvo\\\/?s={search_term_string}\"},\"query-input\":{\"@type\":\"PropertyValueSpecification\",\"valueRequired\":true,\"valueName\":\"search_term_string\"}}],\"inLanguage\":\"en-US\"}]}<\/script>\n<!-- \/ Yoast SEO plugin. -->","yoast_head_json":{"title":"Bieleta directie VOLVO FM10 FM 10\/360 diesel 360 cai LEMFORDER 19663 01 VOLVO | LEMFORDER - Autorival","description":"\u26a1 Bieleta directie VOLVO FM10 FM 10\/360 diesel 360 cai LEMFORDER 19663 01 pentru VOLVO. \u2713 Cod: 19663 \u2713 Brand: LEMFORDER \u2713 \u00cen stoc \u2713 Livrare 24h \u2713 Garan\u021bie!","robots":{"index":"index","follow":"follow","max-snippet":"max-snippet:-1","max-image-preview":"max-image-preview:large","max-video-preview":"max-video-preview:-1"},"og_locale":"en_US","og_type":"article","og_title":"Bieleta directie VOLVO FM10 FM 10\/360 diesel 360 cai LEMFORDER 19663 01 VOLVO | LEMFORDER - Autorival","og_description":"\u26a1 Bieleta directie VOLVO FM10 FM 10\/360 diesel 360 cai LEMFORDER 19663 01 pentru VOLVO. \u2713 Cod: 19663 \u2713 Brand: LEMFORDER \u2713 \u00cen stoc \u2713 Livrare 24h \u2713 Garan\u021bie!","og_url":"https:\/\/autorival.ro\/volvo\/product\/bieleta-directie-volvo-fm10-fm-10-360-diesel-360-cai-lemforder-19663-01\/","og_site_name":"VOLVO","og_image":[{"width":600,"height":415,"url":"https:\/\/autorival.ro\/volvo\/wp-content\/uploads\/sites\/20\/2025\/07\/00351966301-11.jpg","type":"image\/jpeg"}],"twitter_card":"summary_large_image","twitter_title":"Bieleta directie VOLVO FM10 FM 10\/360 diesel 360 cai LEMFORDER 19663 01 VOLVO | LEMFORDER - Autorival","twitter_description":"\u26a1 Bieleta directie VOLVO FM10 FM 10\/360 diesel 360 cai LEMFORDER 19663 01 pentru VOLVO. \u2713 Cod: 19663 \u2713 Brand: LEMFORDER \u2713 \u00cen stoc \u2713 Livrare 24h \u2713 Garan\u021bie!","schema":{"@context":"https:\/\/schema.org","@graph":[{"@type":"WebPage","@id":"https:\/\/autorival.ro\/volvo\/product\/bieleta-directie-volvo-fm10-fm-10-360-diesel-360-cai-lemforder-19663-01\/","url":"https:\/\/autorival.ro\/volvo\/product\/bieleta-directie-volvo-fm10-fm-10-360-diesel-360-cai-lemforder-19663-01\/","name":"Bieleta directie VOLVO FM10 FM 10\/360 diesel 360 cai LEMFORDER 19663 01 VOLVO | LEMFORDER - Autorival","isPartOf":{"@id":"https:\/\/autorival.ro\/volvo\/#website"},"primaryImageOfPage":{"@id":"https:\/\/autorival.ro\/volvo\/product\/bieleta-directie-volvo-fm10-fm-10-360-diesel-360-cai-lemforder-19663-01\/#primaryimage"},"image":{"@id":"https:\/\/autorival.ro\/volvo\/product\/bieleta-directie-volvo-fm10-fm-10-360-diesel-360-cai-lemforder-19663-01\/#primaryimage"},"thumbnailUrl":"https:\/\/autorival.ro\/volvo\/wp-content\/uploads\/sites\/20\/2025\/07\/00351966301-11.jpg","datePublished":"2025-07-25T10:09:59+00:00","description":"\u26a1 Bieleta directie VOLVO FM10 FM 10\/360 diesel 360 cai LEMFORDER 19663 01 pentru VOLVO. \u2713 Cod: 19663 \u2713 Brand: LEMFORDER \u2713 \u00cen stoc \u2713 Livrare 24h \u2713 Garan\u021bie!","breadcrumb":{"@id":"https:\/\/autorival.ro\/volvo\/product\/bieleta-directie-volvo-fm10-fm-10-360-diesel-360-cai-lemforder-19663-01\/#breadcrumb"},"inLanguage":"en-US","potentialAction":[{"@type":"ReadAction","target":["https:\/\/autorival.ro\/volvo\/product\/bieleta-directie-volvo-fm10-fm-10-360-diesel-360-cai-lemforder-19663-01\/"]}]},{"@type":"ImageObject","inLanguage":"en-US","@id":"https:\/\/autorival.ro\/volvo\/product\/bieleta-directie-volvo-fm10-fm-10-360-diesel-360-cai-lemforder-19663-01\/#primaryimage","url":"https:\/\/autorival.ro\/volvo\/wp-content\/uploads\/sites\/20\/2025\/07\/00351966301-11.jpg","contentUrl":"https:\/\/autorival.ro\/volvo\/wp-content\/uploads\/sites\/20\/2025\/07\/00351966301-11.jpg","width":600,"height":415},{"@type":"BreadcrumbList","@id":"https:\/\/autorival.ro\/volvo\/product\/bieleta-directie-volvo-fm10-fm-10-360-diesel-360-cai-lemforder-19663-01\/#breadcrumb","itemListElement":[{"@type":"ListItem","position":1,"name":"Prima pagin\u0103","item":"https:\/\/autorival.ro\/volvo\/"},{"@type":"ListItem","position":2,"name":"Piese auto VOLVO","item":"https:\/\/autorival.ro\/volvo\/"},{"@type":"ListItem","position":3,"name":"Bieleta directie VOLVO FM10 FM 10\/360 diesel 360 cai LEMFORDER 19663 01"}]},{"@type":"WebSite","@id":"https:\/\/autorival.ro\/volvo\/#website","url":"https:\/\/autorival.ro\/volvo\/","name":"VOLVO","description":"","potentialAction":[{"@type":"SearchAction","target":{"@type":"EntryPoint","urlTemplate":"https:\/\/autorival.ro\/volvo\/?s={search_term_string}"},"query-input":{"@type":"PropertyValueSpecification","valueRequired":true,"valueName":"search_term_string"}}],"inLanguage":"en-US"}]}},"_links":{"self":[{"href":"https:\/\/autorival.ro\/volvo\/wp-json\/wp\/v2\/product\/79816","targetHints":{"allow":["GET"]}}],"collection":[{"href":"https:\/\/autorival.ro\/volvo\/wp-json\/wp\/v2\/product"}],"about":[{"href":"https:\/\/autorival.ro\/volvo\/wp-json\/wp\/v2\/types\/product"}],"replies":[{"embeddable":true,"href":"https:\/\/autorival.ro\/volvo\/wp-json\/wp\/v2\/comments?post=79816"}],"wp:featuredmedia":[{"embeddable":true,"href":"https:\/\/autorival.ro\/volvo\/wp-json\/wp\/v2\/media\/79817"}],"wp:attachment":[{"href":"https:\/\/autorival.ro\/volvo\/wp-json\/wp\/v2\/media?parent=79816"}],"wp:term":[{"taxonomy":"product_brand","embeddable":true,"href":"https:\/\/autorival.ro\/volvo\/wp-json\/wp\/v2\/product_brand?post=79816"},{"taxonomy":"product_cat","embeddable":true,"href":"https:\/\/autorival.ro\/volvo\/wp-json\/wp\/v2\/product_cat?post=79816"},{"taxonomy":"product_tag","embeddable":true,"href":"https:\/\/autorival.ro\/volvo\/wp-json\/wp\/v2\/product_tag?post=79816"}],"curies":[{"name":"wp","href":"https:\/\/api.w.org\/{rel}","templated":true}]}}