{"id":59274,"date":"2025-07-25T08:33:52","date_gmt":"2025-07-25T08:33:52","guid":{"rendered":"https:\/\/autorival.ro\/volvo\/product\/bec-semnalizator-volvo-fl-ii-fl-300-18-diesel-300-cai-maxgear-78-0057set\/"},"modified":"2025-07-25T08:33:52","modified_gmt":"2025-07-25T08:33:52","slug":"bec-semnalizator-volvo-fl-ii-fl-300-18-diesel-300-cai-maxgear-78-0057set","status":"publish","type":"product","link":"https:\/\/autorival.ro\/volvo\/product\/bec-semnalizator-volvo-fl-ii-fl-300-18-diesel-300-cai-maxgear-78-0057set\/","title":{"rendered":"Bec semnalizator VOLVO FL II FL 300-18 diesel 300 cai MAXGEAR 78-0057SET"},"content":{"rendered":"<p>TIp lampa: R5W, Lamp\u0103 sferic\u0103Tensiune [V]: 24Putere nominal\u0103 [W]: 5Calitate: 10Variant\u0103 de execu\u021bie soclu lamp\u0103 incandescent\u0103: BA15s<\/p>\n","protected":false},"excerpt":{"rendered":"<p>Producator: MAXGEAR Cod producator: 78-0057SET<\/p>\n","protected":false},"featured_media":59275,"comment_status":"open","ping_status":"closed","template":"","meta":[],"product_brand":[1070],"product_cat":[4473],"product_tag":[78061,77639,77630,77890,78081,77628],"class_list":{"0":"post-59274","1":"product","2":"type-product","3":"status-publish","4":"has-post-thumbnail","6":"product_brand-maxgear","7":"product_cat-bec-semnalizator-ii-fl-300-18-diesel-300","8":"product_tag-bec","9":"product_tag-fl","10":"product_tag-ii","11":"product_tag-maxgear","12":"product_tag-semnalizator","13":"product_tag-volvo","15":"first","16":"instock","17":"shipping-taxable","18":"purchasable","19":"product-type-simple"},"yoast_head":"<!-- This site is optimized with the Yoast SEO plugin v27.3 - https:\/\/yoast.com\/product\/yoast-seo-wordpress\/ -->\n<title>Bec semnalizator VOLVO FL II FL 300-18 diesel 300 cai MAXGEAR 78-0057SET VOLVO | MAXGEAR - Autorival<\/title>\n<meta name=\"description\" content=\"\u26a1 Bec semnalizator VOLVO FL II FL 300-18 diesel 300 cai MAXGEAR 78-0057SET pentru VOLVO. \u2713 Cod: 78-0057SET \u2713 Brand: MAXGEAR \u2713 \u00cen stoc \u2713 Livrare 24h \u2713 Garan\u021bie!\" \/>\n<meta name=\"robots\" content=\"index, follow, max-snippet:-1, max-image-preview:large, max-video-preview:-1\" \/>\n<meta property=\"og:locale\" content=\"en_US\" \/>\n<meta property=\"og:type\" content=\"article\" \/>\n<meta property=\"og:title\" content=\"Bec semnalizator VOLVO FL II FL 300-18 diesel 300 cai MAXGEAR 78-0057SET VOLVO | MAXGEAR - Autorival\" \/>\n<meta property=\"og:description\" content=\"\u26a1 Bec semnalizator VOLVO FL II FL 300-18 diesel 300 cai MAXGEAR 78-0057SET pentru VOLVO. \u2713 Cod: 78-0057SET \u2713 Brand: MAXGEAR \u2713 \u00cen stoc \u2713 Livrare 24h \u2713 Garan\u021bie!\" \/>\n<meta property=\"og:url\" content=\"https:\/\/autorival.ro\/volvo\/product\/bec-semnalizator-volvo-fl-ii-fl-300-18-diesel-300-cai-maxgear-78-0057set\/\" \/>\n<meta property=\"og:site_name\" content=\"VOLVO\" \/>\n<meta property=\"og:image\" content=\"https:\/\/autorival.ro\/volvo\/wp-content\/uploads\/sites\/20\/2025\/07\/5901619531556_large-16.jpg\" \/>\n\t<meta property=\"og:image:width\" content=\"600\" \/>\n\t<meta property=\"og:image:height\" content=\"400\" \/>\n\t<meta property=\"og:image:type\" content=\"image\/jpeg\" \/>\n<meta name=\"twitter:card\" content=\"summary_large_image\" \/>\n<meta name=\"twitter:title\" content=\"Bec semnalizator VOLVO FL II FL 300-18 diesel 300 cai MAXGEAR 78-0057SET VOLVO | MAXGEAR - Autorival\" \/>\n<meta name=\"twitter:description\" content=\"\u26a1 Bec semnalizator VOLVO FL II FL 300-18 diesel 300 cai MAXGEAR 78-0057SET pentru VOLVO. \u2713 Cod: 78-0057SET \u2713 Brand: MAXGEAR \u2713 \u00cen stoc \u2713 Livrare 24h \u2713 Garan\u021bie!\" \/>\n<script type=\"application\/ld+json\" class=\"yoast-schema-graph\">{\"@context\":\"https:\\\/\\\/schema.org\",\"@graph\":[{\"@type\":\"WebPage\",\"@id\":\"https:\\\/\\\/autorival.ro\\\/volvo\\\/product\\\/bec-semnalizator-volvo-fl-ii-fl-300-18-diesel-300-cai-maxgear-78-0057set\\\/\",\"url\":\"https:\\\/\\\/autorival.ro\\\/volvo\\\/product\\\/bec-semnalizator-volvo-fl-ii-fl-300-18-diesel-300-cai-maxgear-78-0057set\\\/\",\"name\":\"Bec semnalizator VOLVO FL II FL 300-18 diesel 300 cai MAXGEAR 78-0057SET VOLVO | MAXGEAR - Autorival\",\"isPartOf\":{\"@id\":\"https:\\\/\\\/autorival.ro\\\/volvo\\\/#website\"},\"primaryImageOfPage\":{\"@id\":\"https:\\\/\\\/autorival.ro\\\/volvo\\\/product\\\/bec-semnalizator-volvo-fl-ii-fl-300-18-diesel-300-cai-maxgear-78-0057set\\\/#primaryimage\"},\"image\":{\"@id\":\"https:\\\/\\\/autorival.ro\\\/volvo\\\/product\\\/bec-semnalizator-volvo-fl-ii-fl-300-18-diesel-300-cai-maxgear-78-0057set\\\/#primaryimage\"},\"thumbnailUrl\":\"https:\\\/\\\/autorival.ro\\\/volvo\\\/wp-content\\\/uploads\\\/sites\\\/20\\\/2025\\\/07\\\/5901619531556_large-16.jpg\",\"datePublished\":\"2025-07-25T08:33:52+00:00\",\"description\":\"\u26a1 Bec semnalizator VOLVO FL II FL 300-18 diesel 300 cai MAXGEAR 78-0057SET pentru VOLVO. \u2713 Cod: 78-0057SET \u2713 Brand: MAXGEAR \u2713 \u00cen stoc \u2713 Livrare 24h \u2713 Garan\u021bie!\",\"breadcrumb\":{\"@id\":\"https:\\\/\\\/autorival.ro\\\/volvo\\\/product\\\/bec-semnalizator-volvo-fl-ii-fl-300-18-diesel-300-cai-maxgear-78-0057set\\\/#breadcrumb\"},\"inLanguage\":\"en-US\",\"potentialAction\":[{\"@type\":\"ReadAction\",\"target\":[\"https:\\\/\\\/autorival.ro\\\/volvo\\\/product\\\/bec-semnalizator-volvo-fl-ii-fl-300-18-diesel-300-cai-maxgear-78-0057set\\\/\"]}]},{\"@type\":\"ImageObject\",\"inLanguage\":\"en-US\",\"@id\":\"https:\\\/\\\/autorival.ro\\\/volvo\\\/product\\\/bec-semnalizator-volvo-fl-ii-fl-300-18-diesel-300-cai-maxgear-78-0057set\\\/#primaryimage\",\"url\":\"https:\\\/\\\/autorival.ro\\\/volvo\\\/wp-content\\\/uploads\\\/sites\\\/20\\\/2025\\\/07\\\/5901619531556_large-16.jpg\",\"contentUrl\":\"https:\\\/\\\/autorival.ro\\\/volvo\\\/wp-content\\\/uploads\\\/sites\\\/20\\\/2025\\\/07\\\/5901619531556_large-16.jpg\",\"width\":600,\"height\":400},{\"@type\":\"BreadcrumbList\",\"@id\":\"https:\\\/\\\/autorival.ro\\\/volvo\\\/product\\\/bec-semnalizator-volvo-fl-ii-fl-300-18-diesel-300-cai-maxgear-78-0057set\\\/#breadcrumb\",\"itemListElement\":[{\"@type\":\"ListItem\",\"position\":1,\"name\":\"Prima pagin\u0103\",\"item\":\"https:\\\/\\\/autorival.ro\\\/volvo\\\/\"},{\"@type\":\"ListItem\",\"position\":2,\"name\":\"Piese auto VOLVO\",\"item\":\"https:\\\/\\\/autorival.ro\\\/volvo\\\/\"},{\"@type\":\"ListItem\",\"position\":3,\"name\":\"Bec semnalizator VOLVO FL II FL 300-18 diesel 300 cai MAXGEAR 78-0057SET\"}]},{\"@type\":\"WebSite\",\"@id\":\"https:\\\/\\\/autorival.ro\\\/volvo\\\/#website\",\"url\":\"https:\\\/\\\/autorival.ro\\\/volvo\\\/\",\"name\":\"VOLVO\",\"description\":\"\",\"potentialAction\":[{\"@type\":\"SearchAction\",\"target\":{\"@type\":\"EntryPoint\",\"urlTemplate\":\"https:\\\/\\\/autorival.ro\\\/volvo\\\/?s={search_term_string}\"},\"query-input\":{\"@type\":\"PropertyValueSpecification\",\"valueRequired\":true,\"valueName\":\"search_term_string\"}}],\"inLanguage\":\"en-US\"}]}<\/script>\n<!-- \/ Yoast SEO plugin. -->","yoast_head_json":{"title":"Bec semnalizator VOLVO FL II FL 300-18 diesel 300 cai MAXGEAR 78-0057SET VOLVO | MAXGEAR - Autorival","description":"\u26a1 Bec semnalizator VOLVO FL II FL 300-18 diesel 300 cai MAXGEAR 78-0057SET pentru VOLVO. \u2713 Cod: 78-0057SET \u2713 Brand: MAXGEAR \u2713 \u00cen stoc \u2713 Livrare 24h \u2713 Garan\u021bie!","robots":{"index":"index","follow":"follow","max-snippet":"max-snippet:-1","max-image-preview":"max-image-preview:large","max-video-preview":"max-video-preview:-1"},"og_locale":"en_US","og_type":"article","og_title":"Bec semnalizator VOLVO FL II FL 300-18 diesel 300 cai MAXGEAR 78-0057SET VOLVO | MAXGEAR - Autorival","og_description":"\u26a1 Bec semnalizator VOLVO FL II FL 300-18 diesel 300 cai MAXGEAR 78-0057SET pentru VOLVO. \u2713 Cod: 78-0057SET \u2713 Brand: MAXGEAR \u2713 \u00cen stoc \u2713 Livrare 24h \u2713 Garan\u021bie!","og_url":"https:\/\/autorival.ro\/volvo\/product\/bec-semnalizator-volvo-fl-ii-fl-300-18-diesel-300-cai-maxgear-78-0057set\/","og_site_name":"VOLVO","og_image":[{"width":600,"height":400,"url":"https:\/\/autorival.ro\/volvo\/wp-content\/uploads\/sites\/20\/2025\/07\/5901619531556_large-16.jpg","type":"image\/jpeg"}],"twitter_card":"summary_large_image","twitter_title":"Bec semnalizator VOLVO FL II FL 300-18 diesel 300 cai MAXGEAR 78-0057SET VOLVO | MAXGEAR - Autorival","twitter_description":"\u26a1 Bec semnalizator VOLVO FL II FL 300-18 diesel 300 cai MAXGEAR 78-0057SET pentru VOLVO. \u2713 Cod: 78-0057SET \u2713 Brand: MAXGEAR \u2713 \u00cen stoc \u2713 Livrare 24h \u2713 Garan\u021bie!","schema":{"@context":"https:\/\/schema.org","@graph":[{"@type":"WebPage","@id":"https:\/\/autorival.ro\/volvo\/product\/bec-semnalizator-volvo-fl-ii-fl-300-18-diesel-300-cai-maxgear-78-0057set\/","url":"https:\/\/autorival.ro\/volvo\/product\/bec-semnalizator-volvo-fl-ii-fl-300-18-diesel-300-cai-maxgear-78-0057set\/","name":"Bec semnalizator VOLVO FL II FL 300-18 diesel 300 cai MAXGEAR 78-0057SET VOLVO | MAXGEAR - Autorival","isPartOf":{"@id":"https:\/\/autorival.ro\/volvo\/#website"},"primaryImageOfPage":{"@id":"https:\/\/autorival.ro\/volvo\/product\/bec-semnalizator-volvo-fl-ii-fl-300-18-diesel-300-cai-maxgear-78-0057set\/#primaryimage"},"image":{"@id":"https:\/\/autorival.ro\/volvo\/product\/bec-semnalizator-volvo-fl-ii-fl-300-18-diesel-300-cai-maxgear-78-0057set\/#primaryimage"},"thumbnailUrl":"https:\/\/autorival.ro\/volvo\/wp-content\/uploads\/sites\/20\/2025\/07\/5901619531556_large-16.jpg","datePublished":"2025-07-25T08:33:52+00:00","description":"\u26a1 Bec semnalizator VOLVO FL II FL 300-18 diesel 300 cai MAXGEAR 78-0057SET pentru VOLVO. \u2713 Cod: 78-0057SET \u2713 Brand: MAXGEAR \u2713 \u00cen stoc \u2713 Livrare 24h \u2713 Garan\u021bie!","breadcrumb":{"@id":"https:\/\/autorival.ro\/volvo\/product\/bec-semnalizator-volvo-fl-ii-fl-300-18-diesel-300-cai-maxgear-78-0057set\/#breadcrumb"},"inLanguage":"en-US","potentialAction":[{"@type":"ReadAction","target":["https:\/\/autorival.ro\/volvo\/product\/bec-semnalizator-volvo-fl-ii-fl-300-18-diesel-300-cai-maxgear-78-0057set\/"]}]},{"@type":"ImageObject","inLanguage":"en-US","@id":"https:\/\/autorival.ro\/volvo\/product\/bec-semnalizator-volvo-fl-ii-fl-300-18-diesel-300-cai-maxgear-78-0057set\/#primaryimage","url":"https:\/\/autorival.ro\/volvo\/wp-content\/uploads\/sites\/20\/2025\/07\/5901619531556_large-16.jpg","contentUrl":"https:\/\/autorival.ro\/volvo\/wp-content\/uploads\/sites\/20\/2025\/07\/5901619531556_large-16.jpg","width":600,"height":400},{"@type":"BreadcrumbList","@id":"https:\/\/autorival.ro\/volvo\/product\/bec-semnalizator-volvo-fl-ii-fl-300-18-diesel-300-cai-maxgear-78-0057set\/#breadcrumb","itemListElement":[{"@type":"ListItem","position":1,"name":"Prima pagin\u0103","item":"https:\/\/autorival.ro\/volvo\/"},{"@type":"ListItem","position":2,"name":"Piese auto VOLVO","item":"https:\/\/autorival.ro\/volvo\/"},{"@type":"ListItem","position":3,"name":"Bec semnalizator VOLVO FL II FL 300-18 diesel 300 cai MAXGEAR 78-0057SET"}]},{"@type":"WebSite","@id":"https:\/\/autorival.ro\/volvo\/#website","url":"https:\/\/autorival.ro\/volvo\/","name":"VOLVO","description":"","potentialAction":[{"@type":"SearchAction","target":{"@type":"EntryPoint","urlTemplate":"https:\/\/autorival.ro\/volvo\/?s={search_term_string}"},"query-input":{"@type":"PropertyValueSpecification","valueRequired":true,"valueName":"search_term_string"}}],"inLanguage":"en-US"}]}},"_links":{"self":[{"href":"https:\/\/autorival.ro\/volvo\/wp-json\/wp\/v2\/product\/59274","targetHints":{"allow":["GET"]}}],"collection":[{"href":"https:\/\/autorival.ro\/volvo\/wp-json\/wp\/v2\/product"}],"about":[{"href":"https:\/\/autorival.ro\/volvo\/wp-json\/wp\/v2\/types\/product"}],"replies":[{"embeddable":true,"href":"https:\/\/autorival.ro\/volvo\/wp-json\/wp\/v2\/comments?post=59274"}],"wp:featuredmedia":[{"embeddable":true,"href":"https:\/\/autorival.ro\/volvo\/wp-json\/wp\/v2\/media\/59275"}],"wp:attachment":[{"href":"https:\/\/autorival.ro\/volvo\/wp-json\/wp\/v2\/media?parent=59274"}],"wp:term":[{"taxonomy":"product_brand","embeddable":true,"href":"https:\/\/autorival.ro\/volvo\/wp-json\/wp\/v2\/product_brand?post=59274"},{"taxonomy":"product_cat","embeddable":true,"href":"https:\/\/autorival.ro\/volvo\/wp-json\/wp\/v2\/product_cat?post=59274"},{"taxonomy":"product_tag","embeddable":true,"href":"https:\/\/autorival.ro\/volvo\/wp-json\/wp\/v2\/product_tag?post=59274"}],"curies":[{"name":"wp","href":"https:\/\/api.w.org\/{rel}","templated":true}]}}