{"id":59148,"date":"2025-07-25T08:33:23","date_gmt":"2025-07-25T08:33:23","guid":{"rendered":"https:\/\/autorival.ro\/volvo\/product\/bec-semnalizator-volvo-fl-ii-fl-300-13-diesel-300-cai-philips-13961b2\/"},"modified":"2025-07-25T08:33:23","modified_gmt":"2025-07-25T08:33:23","slug":"bec-semnalizator-volvo-fl-ii-fl-300-13-diesel-300-cai-philips-13961b2","status":"publish","type":"product","link":"https:\/\/autorival.ro\/volvo\/product\/bec-semnalizator-volvo-fl-ii-fl-300-13-diesel-300-cai-philips-13961b2\/","title":{"rendered":"Bec semnalizator VOLVO FL II FL 300-13 diesel 300 cai PHILIPS 13961B2"},"content":{"rendered":"<p>Echipament vehicul: pentru vehicule f\u0103r\u0103 lumin\u0103 de circulat ziua (LED)Partea de montare: fataTIp lampa: W5W, Bec cu soclu din sticl\u0103Tensiune [V]: 24Putere nominal\u0103 [W]: 5Variant\u0103 de execu\u021bie soclu lamp\u0103 incandescent\u0103: W2.1&#215;9.5d<\/p>\n","protected":false},"excerpt":{"rendered":"<p>Producator: PHILIPS Cod producator: 13961B2<\/p>\n","protected":false},"featured_media":59149,"comment_status":"open","ping_status":"closed","template":"","meta":[],"product_brand":[4363],"product_cat":[4469],"product_tag":[78061,77639,77630,78073,78081,77628],"class_list":{"0":"post-59148","1":"product","2":"type-product","3":"status-publish","4":"has-post-thumbnail","6":"product_brand-philips","7":"product_cat-bec-semnalizator-ii-fl-300-13-diesel-300","8":"product_tag-bec","9":"product_tag-fl","10":"product_tag-ii","11":"product_tag-philips","12":"product_tag-semnalizator","13":"product_tag-volvo","15":"first","16":"instock","17":"shipping-taxable","18":"purchasable","19":"product-type-simple"},"yoast_head":"<!-- This site is optimized with the Yoast SEO plugin v27.3 - https:\/\/yoast.com\/product\/yoast-seo-wordpress\/ -->\n<title>Bec semnalizator VOLVO FL II FL 300-13 diesel 300 cai PHILIPS 13961B2 VOLVO | PHILIPS - Autorival<\/title>\n<meta name=\"description\" content=\"\u26a1 Bec semnalizator VOLVO FL II FL 300-13 diesel 300 cai PHILIPS 13961B2 pentru VOLVO. \u2713 Cod: 13961B2 \u2713 Brand: PHILIPS \u2713 \u00cen stoc \u2713 Livrare 24h \u2713 Garan\u021bie!\" \/>\n<meta name=\"robots\" content=\"index, follow, max-snippet:-1, max-image-preview:large, max-video-preview:-1\" \/>\n<meta property=\"og:locale\" content=\"en_US\" \/>\n<meta property=\"og:type\" content=\"article\" \/>\n<meta property=\"og:title\" content=\"Bec semnalizator VOLVO FL II FL 300-13 diesel 300 cai PHILIPS 13961B2 VOLVO | PHILIPS - Autorival\" \/>\n<meta property=\"og:description\" content=\"\u26a1 Bec semnalizator VOLVO FL II FL 300-13 diesel 300 cai PHILIPS 13961B2 pentru VOLVO. \u2713 Cod: 13961B2 \u2713 Brand: PHILIPS \u2713 \u00cen stoc \u2713 Livrare 24h \u2713 Garan\u021bie!\" \/>\n<meta property=\"og:url\" content=\"https:\/\/autorival.ro\/volvo\/product\/bec-semnalizator-volvo-fl-ii-fl-300-13-diesel-300-cai-philips-13961b2\/\" \/>\n<meta property=\"og:site_name\" content=\"VOLVO\" \/>\n<meta property=\"og:image\" content=\"https:\/\/autorival.ro\/volvo\/wp-content\/uploads\/sites\/20\/2025\/07\/13961b2-12.jpg\" \/>\n\t<meta property=\"og:image:width\" content=\"222\" \/>\n\t<meta property=\"og:image:height\" content=\"400\" \/>\n\t<meta property=\"og:image:type\" content=\"image\/jpeg\" \/>\n<meta name=\"twitter:card\" content=\"summary_large_image\" \/>\n<meta name=\"twitter:title\" content=\"Bec semnalizator VOLVO FL II FL 300-13 diesel 300 cai PHILIPS 13961B2 VOLVO | PHILIPS - Autorival\" \/>\n<meta name=\"twitter:description\" content=\"\u26a1 Bec semnalizator VOLVO FL II FL 300-13 diesel 300 cai PHILIPS 13961B2 pentru VOLVO. \u2713 Cod: 13961B2 \u2713 Brand: PHILIPS \u2713 \u00cen stoc \u2713 Livrare 24h \u2713 Garan\u021bie!\" \/>\n<script type=\"application\/ld+json\" class=\"yoast-schema-graph\">{\"@context\":\"https:\\\/\\\/schema.org\",\"@graph\":[{\"@type\":\"WebPage\",\"@id\":\"https:\\\/\\\/autorival.ro\\\/volvo\\\/product\\\/bec-semnalizator-volvo-fl-ii-fl-300-13-diesel-300-cai-philips-13961b2\\\/\",\"url\":\"https:\\\/\\\/autorival.ro\\\/volvo\\\/product\\\/bec-semnalizator-volvo-fl-ii-fl-300-13-diesel-300-cai-philips-13961b2\\\/\",\"name\":\"Bec semnalizator VOLVO FL II FL 300-13 diesel 300 cai PHILIPS 13961B2 VOLVO | PHILIPS - Autorival\",\"isPartOf\":{\"@id\":\"https:\\\/\\\/autorival.ro\\\/volvo\\\/#website\"},\"primaryImageOfPage\":{\"@id\":\"https:\\\/\\\/autorival.ro\\\/volvo\\\/product\\\/bec-semnalizator-volvo-fl-ii-fl-300-13-diesel-300-cai-philips-13961b2\\\/#primaryimage\"},\"image\":{\"@id\":\"https:\\\/\\\/autorival.ro\\\/volvo\\\/product\\\/bec-semnalizator-volvo-fl-ii-fl-300-13-diesel-300-cai-philips-13961b2\\\/#primaryimage\"},\"thumbnailUrl\":\"https:\\\/\\\/autorival.ro\\\/volvo\\\/wp-content\\\/uploads\\\/sites\\\/20\\\/2025\\\/07\\\/13961b2-12.jpg\",\"datePublished\":\"2025-07-25T08:33:23+00:00\",\"description\":\"\u26a1 Bec semnalizator VOLVO FL II FL 300-13 diesel 300 cai PHILIPS 13961B2 pentru VOLVO. \u2713 Cod: 13961B2 \u2713 Brand: PHILIPS \u2713 \u00cen stoc \u2713 Livrare 24h \u2713 Garan\u021bie!\",\"breadcrumb\":{\"@id\":\"https:\\\/\\\/autorival.ro\\\/volvo\\\/product\\\/bec-semnalizator-volvo-fl-ii-fl-300-13-diesel-300-cai-philips-13961b2\\\/#breadcrumb\"},\"inLanguage\":\"en-US\",\"potentialAction\":[{\"@type\":\"ReadAction\",\"target\":[\"https:\\\/\\\/autorival.ro\\\/volvo\\\/product\\\/bec-semnalizator-volvo-fl-ii-fl-300-13-diesel-300-cai-philips-13961b2\\\/\"]}]},{\"@type\":\"ImageObject\",\"inLanguage\":\"en-US\",\"@id\":\"https:\\\/\\\/autorival.ro\\\/volvo\\\/product\\\/bec-semnalizator-volvo-fl-ii-fl-300-13-diesel-300-cai-philips-13961b2\\\/#primaryimage\",\"url\":\"https:\\\/\\\/autorival.ro\\\/volvo\\\/wp-content\\\/uploads\\\/sites\\\/20\\\/2025\\\/07\\\/13961b2-12.jpg\",\"contentUrl\":\"https:\\\/\\\/autorival.ro\\\/volvo\\\/wp-content\\\/uploads\\\/sites\\\/20\\\/2025\\\/07\\\/13961b2-12.jpg\",\"width\":222,\"height\":400},{\"@type\":\"BreadcrumbList\",\"@id\":\"https:\\\/\\\/autorival.ro\\\/volvo\\\/product\\\/bec-semnalizator-volvo-fl-ii-fl-300-13-diesel-300-cai-philips-13961b2\\\/#breadcrumb\",\"itemListElement\":[{\"@type\":\"ListItem\",\"position\":1,\"name\":\"Prima pagin\u0103\",\"item\":\"https:\\\/\\\/autorival.ro\\\/volvo\\\/\"},{\"@type\":\"ListItem\",\"position\":2,\"name\":\"Piese auto VOLVO\",\"item\":\"https:\\\/\\\/autorival.ro\\\/volvo\\\/\"},{\"@type\":\"ListItem\",\"position\":3,\"name\":\"Bec semnalizator VOLVO FL II FL 300-13 diesel 300 cai PHILIPS 13961B2\"}]},{\"@type\":\"WebSite\",\"@id\":\"https:\\\/\\\/autorival.ro\\\/volvo\\\/#website\",\"url\":\"https:\\\/\\\/autorival.ro\\\/volvo\\\/\",\"name\":\"VOLVO\",\"description\":\"\",\"potentialAction\":[{\"@type\":\"SearchAction\",\"target\":{\"@type\":\"EntryPoint\",\"urlTemplate\":\"https:\\\/\\\/autorival.ro\\\/volvo\\\/?s={search_term_string}\"},\"query-input\":{\"@type\":\"PropertyValueSpecification\",\"valueRequired\":true,\"valueName\":\"search_term_string\"}}],\"inLanguage\":\"en-US\"}]}<\/script>\n<!-- \/ Yoast SEO plugin. -->","yoast_head_json":{"title":"Bec semnalizator VOLVO FL II FL 300-13 diesel 300 cai PHILIPS 13961B2 VOLVO | PHILIPS - Autorival","description":"\u26a1 Bec semnalizator VOLVO FL II FL 300-13 diesel 300 cai PHILIPS 13961B2 pentru VOLVO. \u2713 Cod: 13961B2 \u2713 Brand: PHILIPS \u2713 \u00cen stoc \u2713 Livrare 24h \u2713 Garan\u021bie!","robots":{"index":"index","follow":"follow","max-snippet":"max-snippet:-1","max-image-preview":"max-image-preview:large","max-video-preview":"max-video-preview:-1"},"og_locale":"en_US","og_type":"article","og_title":"Bec semnalizator VOLVO FL II FL 300-13 diesel 300 cai PHILIPS 13961B2 VOLVO | PHILIPS - Autorival","og_description":"\u26a1 Bec semnalizator VOLVO FL II FL 300-13 diesel 300 cai PHILIPS 13961B2 pentru VOLVO. \u2713 Cod: 13961B2 \u2713 Brand: PHILIPS \u2713 \u00cen stoc \u2713 Livrare 24h \u2713 Garan\u021bie!","og_url":"https:\/\/autorival.ro\/volvo\/product\/bec-semnalizator-volvo-fl-ii-fl-300-13-diesel-300-cai-philips-13961b2\/","og_site_name":"VOLVO","og_image":[{"width":222,"height":400,"url":"https:\/\/autorival.ro\/volvo\/wp-content\/uploads\/sites\/20\/2025\/07\/13961b2-12.jpg","type":"image\/jpeg"}],"twitter_card":"summary_large_image","twitter_title":"Bec semnalizator VOLVO FL II FL 300-13 diesel 300 cai PHILIPS 13961B2 VOLVO | PHILIPS - Autorival","twitter_description":"\u26a1 Bec semnalizator VOLVO FL II FL 300-13 diesel 300 cai PHILIPS 13961B2 pentru VOLVO. \u2713 Cod: 13961B2 \u2713 Brand: PHILIPS \u2713 \u00cen stoc \u2713 Livrare 24h \u2713 Garan\u021bie!","schema":{"@context":"https:\/\/schema.org","@graph":[{"@type":"WebPage","@id":"https:\/\/autorival.ro\/volvo\/product\/bec-semnalizator-volvo-fl-ii-fl-300-13-diesel-300-cai-philips-13961b2\/","url":"https:\/\/autorival.ro\/volvo\/product\/bec-semnalizator-volvo-fl-ii-fl-300-13-diesel-300-cai-philips-13961b2\/","name":"Bec semnalizator VOLVO FL II FL 300-13 diesel 300 cai PHILIPS 13961B2 VOLVO | PHILIPS - Autorival","isPartOf":{"@id":"https:\/\/autorival.ro\/volvo\/#website"},"primaryImageOfPage":{"@id":"https:\/\/autorival.ro\/volvo\/product\/bec-semnalizator-volvo-fl-ii-fl-300-13-diesel-300-cai-philips-13961b2\/#primaryimage"},"image":{"@id":"https:\/\/autorival.ro\/volvo\/product\/bec-semnalizator-volvo-fl-ii-fl-300-13-diesel-300-cai-philips-13961b2\/#primaryimage"},"thumbnailUrl":"https:\/\/autorival.ro\/volvo\/wp-content\/uploads\/sites\/20\/2025\/07\/13961b2-12.jpg","datePublished":"2025-07-25T08:33:23+00:00","description":"\u26a1 Bec semnalizator VOLVO FL II FL 300-13 diesel 300 cai PHILIPS 13961B2 pentru VOLVO. \u2713 Cod: 13961B2 \u2713 Brand: PHILIPS \u2713 \u00cen stoc \u2713 Livrare 24h \u2713 Garan\u021bie!","breadcrumb":{"@id":"https:\/\/autorival.ro\/volvo\/product\/bec-semnalizator-volvo-fl-ii-fl-300-13-diesel-300-cai-philips-13961b2\/#breadcrumb"},"inLanguage":"en-US","potentialAction":[{"@type":"ReadAction","target":["https:\/\/autorival.ro\/volvo\/product\/bec-semnalizator-volvo-fl-ii-fl-300-13-diesel-300-cai-philips-13961b2\/"]}]},{"@type":"ImageObject","inLanguage":"en-US","@id":"https:\/\/autorival.ro\/volvo\/product\/bec-semnalizator-volvo-fl-ii-fl-300-13-diesel-300-cai-philips-13961b2\/#primaryimage","url":"https:\/\/autorival.ro\/volvo\/wp-content\/uploads\/sites\/20\/2025\/07\/13961b2-12.jpg","contentUrl":"https:\/\/autorival.ro\/volvo\/wp-content\/uploads\/sites\/20\/2025\/07\/13961b2-12.jpg","width":222,"height":400},{"@type":"BreadcrumbList","@id":"https:\/\/autorival.ro\/volvo\/product\/bec-semnalizator-volvo-fl-ii-fl-300-13-diesel-300-cai-philips-13961b2\/#breadcrumb","itemListElement":[{"@type":"ListItem","position":1,"name":"Prima pagin\u0103","item":"https:\/\/autorival.ro\/volvo\/"},{"@type":"ListItem","position":2,"name":"Piese auto VOLVO","item":"https:\/\/autorival.ro\/volvo\/"},{"@type":"ListItem","position":3,"name":"Bec semnalizator VOLVO FL II FL 300-13 diesel 300 cai PHILIPS 13961B2"}]},{"@type":"WebSite","@id":"https:\/\/autorival.ro\/volvo\/#website","url":"https:\/\/autorival.ro\/volvo\/","name":"VOLVO","description":"","potentialAction":[{"@type":"SearchAction","target":{"@type":"EntryPoint","urlTemplate":"https:\/\/autorival.ro\/volvo\/?s={search_term_string}"},"query-input":{"@type":"PropertyValueSpecification","valueRequired":true,"valueName":"search_term_string"}}],"inLanguage":"en-US"}]}},"_links":{"self":[{"href":"https:\/\/autorival.ro\/volvo\/wp-json\/wp\/v2\/product\/59148","targetHints":{"allow":["GET"]}}],"collection":[{"href":"https:\/\/autorival.ro\/volvo\/wp-json\/wp\/v2\/product"}],"about":[{"href":"https:\/\/autorival.ro\/volvo\/wp-json\/wp\/v2\/types\/product"}],"replies":[{"embeddable":true,"href":"https:\/\/autorival.ro\/volvo\/wp-json\/wp\/v2\/comments?post=59148"}],"wp:featuredmedia":[{"embeddable":true,"href":"https:\/\/autorival.ro\/volvo\/wp-json\/wp\/v2\/media\/59149"}],"wp:attachment":[{"href":"https:\/\/autorival.ro\/volvo\/wp-json\/wp\/v2\/media?parent=59148"}],"wp:term":[{"taxonomy":"product_brand","embeddable":true,"href":"https:\/\/autorival.ro\/volvo\/wp-json\/wp\/v2\/product_brand?post=59148"},{"taxonomy":"product_cat","embeddable":true,"href":"https:\/\/autorival.ro\/volvo\/wp-json\/wp\/v2\/product_cat?post=59148"},{"taxonomy":"product_tag","embeddable":true,"href":"https:\/\/autorival.ro\/volvo\/wp-json\/wp\/v2\/product_tag?post=59148"}],"curies":[{"name":"wp","href":"https:\/\/api.w.org\/{rel}","templated":true}]}}