{"id":563760,"date":"2025-08-01T18:00:49","date_gmt":"2025-08-01T18:00:49","guid":{"rendered":"https:\/\/autorival.ro\/volvo\/product\/set-reparatie-etrier-volvo-c30-533-t5-benzina-230-cai-metzger-114-0008\/"},"modified":"2025-08-01T18:00:49","modified_gmt":"2025-08-01T18:00:49","slug":"set-reparatie-etrier-volvo-c30-533-t5-benzina-230-cai-metzger-114-0008","status":"publish","type":"product","link":"https:\/\/autorival.ro\/volvo\/product\/set-reparatie-etrier-volvo-c30-533-t5-benzina-230-cai-metzger-114-0008\/","title":{"rendered":"Set reparatie etrier VOLVO C30 (533) T5 benzina 230 cai METZGER 114-0008"},"content":{"rendered":"<p>Partea de montare: puntea spateAn fabricatie de la: 200706Sistem de fr\u00e2nare: ATEpentru grosime disc frana [mm]: 11Tip etrier fr\u00e2na: Etrier de fr\u00e2n\u0103 (1 piston)Serie \u0219asiu (VIN) \u00eencep\u00e2nd cu: 146105Serie \u0219asiu (VIN)p\u00e2n\u0103 la: 146104 ->Diametru [mm]: 38Articol extins\/Informatii de extindere: fara piston<\/p>\n","protected":false},"excerpt":{"rendered":"<p>Producator: METZGER Cod producator: 114-0008<\/p>\n","protected":false},"featured_media":563761,"comment_status":"open","ping_status":"closed","template":"","meta":[],"product_brand":[2187],"product_cat":[60907],"product_tag":[77652,77651,78002,77979,78329,78882,77628],"class_list":{"0":"post-563760","1":"product","2":"type-product","3":"status-publish","4":"has-post-thumbnail","6":"product_brand-metzger","7":"product_cat-set-reparatie-etrier-533-t5-benzina-230","8":"product_tag-77652","9":"product_tag-c30","10":"product_tag-etrier","11":"product_tag-metzger","12":"product_tag-reparatie","13":"product_tag-set","14":"product_tag-volvo","16":"first","17":"instock","18":"shipping-taxable","19":"purchasable","20":"product-type-simple"},"yoast_head":"<!-- This site is optimized with the Yoast SEO plugin v27.3 - https:\/\/yoast.com\/product\/yoast-seo-wordpress\/ -->\n<title>Set reparatie etrier VOLVO C30 (533) T5 benzina 230 cai METZGER 114-0008 VOLVO | METZGER - Autorival<\/title>\n<meta name=\"description\" content=\"\u26a1 Set reparatie etrier VOLVO C30 (533) T5 benzina 230 cai METZGER 114-0008 pentru VOLVO. \u2713 Cod: 114-0008 \u2713 Brand: METZGER \u2713 \u00cen stoc \u2713 Livrare 24h \u2713 Garan\u021bie!\" \/>\n<meta name=\"robots\" content=\"index, follow, max-snippet:-1, max-image-preview:large, max-video-preview:-1\" \/>\n<meta property=\"og:locale\" content=\"en_US\" \/>\n<meta property=\"og:type\" content=\"article\" \/>\n<meta property=\"og:title\" content=\"Set reparatie etrier VOLVO C30 (533) T5 benzina 230 cai METZGER 114-0008 VOLVO | METZGER - Autorival\" \/>\n<meta property=\"og:description\" content=\"\u26a1 Set reparatie etrier VOLVO C30 (533) T5 benzina 230 cai METZGER 114-0008 pentru VOLVO. \u2713 Cod: 114-0008 \u2713 Brand: METZGER \u2713 \u00cen stoc \u2713 Livrare 24h \u2713 Garan\u021bie!\" \/>\n<meta property=\"og:url\" content=\"https:\/\/autorival.ro\/volvo\/product\/set-reparatie-etrier-volvo-c30-533-t5-benzina-230-cai-metzger-114-0008\/\" \/>\n<meta property=\"og:site_name\" content=\"VOLVO\" \/>\n<meta property=\"og:image\" content=\"https:\/\/autorival.ro\/volvo\/wp-content\/uploads\/sites\/20\/2025\/08\/114-0008201-3.jpg\" \/>\n\t<meta property=\"og:image:width\" content=\"599\" \/>\n\t<meta property=\"og:image:height\" content=\"399\" \/>\n\t<meta property=\"og:image:type\" content=\"image\/jpeg\" \/>\n<meta name=\"twitter:card\" content=\"summary_large_image\" \/>\n<meta name=\"twitter:title\" content=\"Set reparatie etrier VOLVO C30 (533) T5 benzina 230 cai METZGER 114-0008 VOLVO | METZGER - Autorival\" \/>\n<meta name=\"twitter:description\" content=\"\u26a1 Set reparatie etrier VOLVO C30 (533) T5 benzina 230 cai METZGER 114-0008 pentru VOLVO. \u2713 Cod: 114-0008 \u2713 Brand: METZGER \u2713 \u00cen stoc \u2713 Livrare 24h \u2713 Garan\u021bie!\" \/>\n<script type=\"application\/ld+json\" class=\"yoast-schema-graph\">{\"@context\":\"https:\\\/\\\/schema.org\",\"@graph\":[{\"@type\":\"WebPage\",\"@id\":\"https:\\\/\\\/autorival.ro\\\/volvo\\\/product\\\/set-reparatie-etrier-volvo-c30-533-t5-benzina-230-cai-metzger-114-0008\\\/\",\"url\":\"https:\\\/\\\/autorival.ro\\\/volvo\\\/product\\\/set-reparatie-etrier-volvo-c30-533-t5-benzina-230-cai-metzger-114-0008\\\/\",\"name\":\"Set reparatie etrier VOLVO C30 (533) T5 benzina 230 cai METZGER 114-0008 VOLVO | METZGER - Autorival\",\"isPartOf\":{\"@id\":\"https:\\\/\\\/autorival.ro\\\/volvo\\\/#website\"},\"primaryImageOfPage\":{\"@id\":\"https:\\\/\\\/autorival.ro\\\/volvo\\\/product\\\/set-reparatie-etrier-volvo-c30-533-t5-benzina-230-cai-metzger-114-0008\\\/#primaryimage\"},\"image\":{\"@id\":\"https:\\\/\\\/autorival.ro\\\/volvo\\\/product\\\/set-reparatie-etrier-volvo-c30-533-t5-benzina-230-cai-metzger-114-0008\\\/#primaryimage\"},\"thumbnailUrl\":\"https:\\\/\\\/autorival.ro\\\/volvo\\\/wp-content\\\/uploads\\\/sites\\\/20\\\/2025\\\/08\\\/114-0008201-3.jpg\",\"datePublished\":\"2025-08-01T18:00:49+00:00\",\"description\":\"\u26a1 Set reparatie etrier VOLVO C30 (533) T5 benzina 230 cai METZGER 114-0008 pentru VOLVO. \u2713 Cod: 114-0008 \u2713 Brand: METZGER \u2713 \u00cen stoc \u2713 Livrare 24h \u2713 Garan\u021bie!\",\"breadcrumb\":{\"@id\":\"https:\\\/\\\/autorival.ro\\\/volvo\\\/product\\\/set-reparatie-etrier-volvo-c30-533-t5-benzina-230-cai-metzger-114-0008\\\/#breadcrumb\"},\"inLanguage\":\"en-US\",\"potentialAction\":[{\"@type\":\"ReadAction\",\"target\":[\"https:\\\/\\\/autorival.ro\\\/volvo\\\/product\\\/set-reparatie-etrier-volvo-c30-533-t5-benzina-230-cai-metzger-114-0008\\\/\"]}]},{\"@type\":\"ImageObject\",\"inLanguage\":\"en-US\",\"@id\":\"https:\\\/\\\/autorival.ro\\\/volvo\\\/product\\\/set-reparatie-etrier-volvo-c30-533-t5-benzina-230-cai-metzger-114-0008\\\/#primaryimage\",\"url\":\"https:\\\/\\\/autorival.ro\\\/volvo\\\/wp-content\\\/uploads\\\/sites\\\/20\\\/2025\\\/08\\\/114-0008201-3.jpg\",\"contentUrl\":\"https:\\\/\\\/autorival.ro\\\/volvo\\\/wp-content\\\/uploads\\\/sites\\\/20\\\/2025\\\/08\\\/114-0008201-3.jpg\",\"width\":599,\"height\":399},{\"@type\":\"BreadcrumbList\",\"@id\":\"https:\\\/\\\/autorival.ro\\\/volvo\\\/product\\\/set-reparatie-etrier-volvo-c30-533-t5-benzina-230-cai-metzger-114-0008\\\/#breadcrumb\",\"itemListElement\":[{\"@type\":\"ListItem\",\"position\":1,\"name\":\"Prima pagin\u0103\",\"item\":\"https:\\\/\\\/autorival.ro\\\/volvo\\\/\"},{\"@type\":\"ListItem\",\"position\":2,\"name\":\"Piese auto VOLVO\",\"item\":\"https:\\\/\\\/autorival.ro\\\/volvo\\\/\"},{\"@type\":\"ListItem\",\"position\":3,\"name\":\"Set reparatie etrier VOLVO C30 (533) T5 benzina 230 cai METZGER 114-0008\"}]},{\"@type\":\"WebSite\",\"@id\":\"https:\\\/\\\/autorival.ro\\\/volvo\\\/#website\",\"url\":\"https:\\\/\\\/autorival.ro\\\/volvo\\\/\",\"name\":\"VOLVO\",\"description\":\"\",\"potentialAction\":[{\"@type\":\"SearchAction\",\"target\":{\"@type\":\"EntryPoint\",\"urlTemplate\":\"https:\\\/\\\/autorival.ro\\\/volvo\\\/?s={search_term_string}\"},\"query-input\":{\"@type\":\"PropertyValueSpecification\",\"valueRequired\":true,\"valueName\":\"search_term_string\"}}],\"inLanguage\":\"en-US\"}]}<\/script>\n<!-- \/ Yoast SEO plugin. -->","yoast_head_json":{"title":"Set reparatie etrier VOLVO C30 (533) T5 benzina 230 cai METZGER 114-0008 VOLVO | METZGER - Autorival","description":"\u26a1 Set reparatie etrier VOLVO C30 (533) T5 benzina 230 cai METZGER 114-0008 pentru VOLVO. \u2713 Cod: 114-0008 \u2713 Brand: METZGER \u2713 \u00cen stoc \u2713 Livrare 24h \u2713 Garan\u021bie!","robots":{"index":"index","follow":"follow","max-snippet":"max-snippet:-1","max-image-preview":"max-image-preview:large","max-video-preview":"max-video-preview:-1"},"og_locale":"en_US","og_type":"article","og_title":"Set reparatie etrier VOLVO C30 (533) T5 benzina 230 cai METZGER 114-0008 VOLVO | METZGER - Autorival","og_description":"\u26a1 Set reparatie etrier VOLVO C30 (533) T5 benzina 230 cai METZGER 114-0008 pentru VOLVO. \u2713 Cod: 114-0008 \u2713 Brand: METZGER \u2713 \u00cen stoc \u2713 Livrare 24h \u2713 Garan\u021bie!","og_url":"https:\/\/autorival.ro\/volvo\/product\/set-reparatie-etrier-volvo-c30-533-t5-benzina-230-cai-metzger-114-0008\/","og_site_name":"VOLVO","og_image":[{"width":599,"height":399,"url":"https:\/\/autorival.ro\/volvo\/wp-content\/uploads\/sites\/20\/2025\/08\/114-0008201-3.jpg","type":"image\/jpeg"}],"twitter_card":"summary_large_image","twitter_title":"Set reparatie etrier VOLVO C30 (533) T5 benzina 230 cai METZGER 114-0008 VOLVO | METZGER - Autorival","twitter_description":"\u26a1 Set reparatie etrier VOLVO C30 (533) T5 benzina 230 cai METZGER 114-0008 pentru VOLVO. \u2713 Cod: 114-0008 \u2713 Brand: METZGER \u2713 \u00cen stoc \u2713 Livrare 24h \u2713 Garan\u021bie!","schema":{"@context":"https:\/\/schema.org","@graph":[{"@type":"WebPage","@id":"https:\/\/autorival.ro\/volvo\/product\/set-reparatie-etrier-volvo-c30-533-t5-benzina-230-cai-metzger-114-0008\/","url":"https:\/\/autorival.ro\/volvo\/product\/set-reparatie-etrier-volvo-c30-533-t5-benzina-230-cai-metzger-114-0008\/","name":"Set reparatie etrier VOLVO C30 (533) T5 benzina 230 cai METZGER 114-0008 VOLVO | METZGER - Autorival","isPartOf":{"@id":"https:\/\/autorival.ro\/volvo\/#website"},"primaryImageOfPage":{"@id":"https:\/\/autorival.ro\/volvo\/product\/set-reparatie-etrier-volvo-c30-533-t5-benzina-230-cai-metzger-114-0008\/#primaryimage"},"image":{"@id":"https:\/\/autorival.ro\/volvo\/product\/set-reparatie-etrier-volvo-c30-533-t5-benzina-230-cai-metzger-114-0008\/#primaryimage"},"thumbnailUrl":"https:\/\/autorival.ro\/volvo\/wp-content\/uploads\/sites\/20\/2025\/08\/114-0008201-3.jpg","datePublished":"2025-08-01T18:00:49+00:00","description":"\u26a1 Set reparatie etrier VOLVO C30 (533) T5 benzina 230 cai METZGER 114-0008 pentru VOLVO. \u2713 Cod: 114-0008 \u2713 Brand: METZGER \u2713 \u00cen stoc \u2713 Livrare 24h \u2713 Garan\u021bie!","breadcrumb":{"@id":"https:\/\/autorival.ro\/volvo\/product\/set-reparatie-etrier-volvo-c30-533-t5-benzina-230-cai-metzger-114-0008\/#breadcrumb"},"inLanguage":"en-US","potentialAction":[{"@type":"ReadAction","target":["https:\/\/autorival.ro\/volvo\/product\/set-reparatie-etrier-volvo-c30-533-t5-benzina-230-cai-metzger-114-0008\/"]}]},{"@type":"ImageObject","inLanguage":"en-US","@id":"https:\/\/autorival.ro\/volvo\/product\/set-reparatie-etrier-volvo-c30-533-t5-benzina-230-cai-metzger-114-0008\/#primaryimage","url":"https:\/\/autorival.ro\/volvo\/wp-content\/uploads\/sites\/20\/2025\/08\/114-0008201-3.jpg","contentUrl":"https:\/\/autorival.ro\/volvo\/wp-content\/uploads\/sites\/20\/2025\/08\/114-0008201-3.jpg","width":599,"height":399},{"@type":"BreadcrumbList","@id":"https:\/\/autorival.ro\/volvo\/product\/set-reparatie-etrier-volvo-c30-533-t5-benzina-230-cai-metzger-114-0008\/#breadcrumb","itemListElement":[{"@type":"ListItem","position":1,"name":"Prima pagin\u0103","item":"https:\/\/autorival.ro\/volvo\/"},{"@type":"ListItem","position":2,"name":"Piese auto VOLVO","item":"https:\/\/autorival.ro\/volvo\/"},{"@type":"ListItem","position":3,"name":"Set reparatie etrier VOLVO C30 (533) T5 benzina 230 cai METZGER 114-0008"}]},{"@type":"WebSite","@id":"https:\/\/autorival.ro\/volvo\/#website","url":"https:\/\/autorival.ro\/volvo\/","name":"VOLVO","description":"","potentialAction":[{"@type":"SearchAction","target":{"@type":"EntryPoint","urlTemplate":"https:\/\/autorival.ro\/volvo\/?s={search_term_string}"},"query-input":{"@type":"PropertyValueSpecification","valueRequired":true,"valueName":"search_term_string"}}],"inLanguage":"en-US"}]}},"_links":{"self":[{"href":"https:\/\/autorival.ro\/volvo\/wp-json\/wp\/v2\/product\/563760","targetHints":{"allow":["GET"]}}],"collection":[{"href":"https:\/\/autorival.ro\/volvo\/wp-json\/wp\/v2\/product"}],"about":[{"href":"https:\/\/autorival.ro\/volvo\/wp-json\/wp\/v2\/types\/product"}],"replies":[{"embeddable":true,"href":"https:\/\/autorival.ro\/volvo\/wp-json\/wp\/v2\/comments?post=563760"}],"wp:featuredmedia":[{"embeddable":true,"href":"https:\/\/autorival.ro\/volvo\/wp-json\/wp\/v2\/media\/563761"}],"wp:attachment":[{"href":"https:\/\/autorival.ro\/volvo\/wp-json\/wp\/v2\/media?parent=563760"}],"wp:term":[{"taxonomy":"product_brand","embeddable":true,"href":"https:\/\/autorival.ro\/volvo\/wp-json\/wp\/v2\/product_brand?post=563760"},{"taxonomy":"product_cat","embeddable":true,"href":"https:\/\/autorival.ro\/volvo\/wp-json\/wp\/v2\/product_cat?post=563760"},{"taxonomy":"product_tag","embeddable":true,"href":"https:\/\/autorival.ro\/volvo\/wp-json\/wp\/v2\/product_tag?post=563760"}],"curies":[{"name":"wp","href":"https:\/\/api.w.org\/{rel}","templated":true}]}}