{"id":498210,"date":"2025-07-31T23:32:43","date_gmt":"2025-07-31T23:32:43","guid":{"rendered":"https:\/\/autorival.ro\/volvo\/product\/senzor-nox-injectie-aditiv-volvo-fh16-fh-16-600-diesel-600-cai-as-pl-nox9103\/"},"modified":"2025-07-31T23:32:43","modified_gmt":"2025-07-31T23:32:43","slug":"senzor-nox-injectie-aditiv-volvo-fh16-fh-16-600-diesel-600-cai-as-pl-nox9103","status":"publish","type":"product","link":"https:\/\/autorival.ro\/volvo\/product\/senzor-nox-injectie-aditiv-volvo-fh16-fh-16-600-diesel-600-cai-as-pl-nox9103\/","title":{"rendered":"Senzor NOx injectie aditiv VOLVO FH16 FH 16\/600 diesel 600 cai AS-PL NOX9103"},"content":{"rendered":"<p>Restrictiile producatorului: CONTINENTALTensiune [V]: 24 ->Lungime 1 [mm]: 650Versiune: 22219283Calitate: STANDARD LINEPies\u0103 nou\u0103 f\u0103r\u0103 gaj<\/p>\n","protected":false},"excerpt":{"rendered":"<p>Producator: AS-PL Cod producator: NOX9103<\/p>\n","protected":false},"featured_media":498211,"comment_status":"open","ping_status":"closed","template":"","meta":[],"product_brand":[659],"product_cat":[50831],"product_tag":[77687,77629,78992,78993,78340,77628],"class_list":{"0":"post-498210","1":"product","2":"type-product","3":"status-publish","4":"has-post-thumbnail","6":"product_brand-as-pl","7":"product_cat-senzor-nox-injectie-aditiv-fh-16-600-diesel-600","8":"product_tag-as","9":"product_tag-fh","10":"product_tag-no","11":"product_tag-nox","12":"product_tag-senzor","13":"product_tag-volvo","15":"first","16":"instock","17":"shipping-taxable","18":"purchasable","19":"product-type-simple"},"yoast_head":"<!-- This site is optimized with the Yoast SEO plugin v27.3 - https:\/\/yoast.com\/product\/yoast-seo-wordpress\/ -->\n<title>Senzor NOx injectie aditiv VOLVO FH16 FH 16\/600 diesel 600 cai AS-PL NOX9103 VOLVO | AS-PL - Autorival<\/title>\n<meta name=\"description\" content=\"\u26a1 Senzor NOx injectie aditiv VOLVO FH16 FH 16\/600 diesel 600 cai AS-PL NOX9103 pentru VOLVO. \u2713 Cod: NOX9103 \u2713 Brand: AS-PL \u2713 \u00cen stoc \u2713 Livrare 24h \u2713 Garan\u021bie!\" \/>\n<meta name=\"robots\" content=\"index, follow, max-snippet:-1, max-image-preview:large, max-video-preview:-1\" \/>\n<meta property=\"og:locale\" content=\"en_US\" \/>\n<meta property=\"og:type\" content=\"article\" \/>\n<meta property=\"og:title\" content=\"Senzor NOx injectie aditiv VOLVO FH16 FH 16\/600 diesel 600 cai AS-PL NOX9103 VOLVO | AS-PL - Autorival\" \/>\n<meta property=\"og:description\" content=\"\u26a1 Senzor NOx injectie aditiv VOLVO FH16 FH 16\/600 diesel 600 cai AS-PL NOX9103 pentru VOLVO. \u2713 Cod: NOX9103 \u2713 Brand: AS-PL \u2713 \u00cen stoc \u2713 Livrare 24h \u2713 Garan\u021bie!\" \/>\n<meta property=\"og:url\" content=\"https:\/\/autorival.ro\/volvo\/product\/senzor-nox-injectie-aditiv-volvo-fh16-fh-16-600-diesel-600-cai-as-pl-nox9103\/\" \/>\n<meta property=\"og:site_name\" content=\"VOLVO\" \/>\n<meta property=\"og:image\" content=\"https:\/\/autorival.ro\/volvo\/wp-content\/uploads\/sites\/20\/2025\/07\/292338-3.jpg\" \/>\n\t<meta property=\"og:image:width\" content=\"1080\" \/>\n\t<meta property=\"og:image:height\" content=\"810\" \/>\n\t<meta property=\"og:image:type\" content=\"image\/jpeg\" \/>\n<meta name=\"twitter:card\" content=\"summary_large_image\" \/>\n<meta name=\"twitter:title\" content=\"Senzor NOx injectie aditiv VOLVO FH16 FH 16\/600 diesel 600 cai AS-PL NOX9103 VOLVO | AS-PL - Autorival\" \/>\n<meta name=\"twitter:description\" content=\"\u26a1 Senzor NOx injectie aditiv VOLVO FH16 FH 16\/600 diesel 600 cai AS-PL NOX9103 pentru VOLVO. \u2713 Cod: NOX9103 \u2713 Brand: AS-PL \u2713 \u00cen stoc \u2713 Livrare 24h \u2713 Garan\u021bie!\" \/>\n<script type=\"application\/ld+json\" class=\"yoast-schema-graph\">{\"@context\":\"https:\\\/\\\/schema.org\",\"@graph\":[{\"@type\":\"WebPage\",\"@id\":\"https:\\\/\\\/autorival.ro\\\/volvo\\\/product\\\/senzor-nox-injectie-aditiv-volvo-fh16-fh-16-600-diesel-600-cai-as-pl-nox9103\\\/\",\"url\":\"https:\\\/\\\/autorival.ro\\\/volvo\\\/product\\\/senzor-nox-injectie-aditiv-volvo-fh16-fh-16-600-diesel-600-cai-as-pl-nox9103\\\/\",\"name\":\"Senzor NOx injectie aditiv VOLVO FH16 FH 16\\\/600 diesel 600 cai AS-PL NOX9103 VOLVO | AS-PL - Autorival\",\"isPartOf\":{\"@id\":\"https:\\\/\\\/autorival.ro\\\/volvo\\\/#website\"},\"primaryImageOfPage\":{\"@id\":\"https:\\\/\\\/autorival.ro\\\/volvo\\\/product\\\/senzor-nox-injectie-aditiv-volvo-fh16-fh-16-600-diesel-600-cai-as-pl-nox9103\\\/#primaryimage\"},\"image\":{\"@id\":\"https:\\\/\\\/autorival.ro\\\/volvo\\\/product\\\/senzor-nox-injectie-aditiv-volvo-fh16-fh-16-600-diesel-600-cai-as-pl-nox9103\\\/#primaryimage\"},\"thumbnailUrl\":\"https:\\\/\\\/autorival.ro\\\/volvo\\\/wp-content\\\/uploads\\\/sites\\\/20\\\/2025\\\/07\\\/292338-3.jpg\",\"datePublished\":\"2025-07-31T23:32:43+00:00\",\"description\":\"\u26a1 Senzor NOx injectie aditiv VOLVO FH16 FH 16\\\/600 diesel 600 cai AS-PL NOX9103 pentru VOLVO. \u2713 Cod: NOX9103 \u2713 Brand: AS-PL \u2713 \u00cen stoc \u2713 Livrare 24h \u2713 Garan\u021bie!\",\"breadcrumb\":{\"@id\":\"https:\\\/\\\/autorival.ro\\\/volvo\\\/product\\\/senzor-nox-injectie-aditiv-volvo-fh16-fh-16-600-diesel-600-cai-as-pl-nox9103\\\/#breadcrumb\"},\"inLanguage\":\"en-US\",\"potentialAction\":[{\"@type\":\"ReadAction\",\"target\":[\"https:\\\/\\\/autorival.ro\\\/volvo\\\/product\\\/senzor-nox-injectie-aditiv-volvo-fh16-fh-16-600-diesel-600-cai-as-pl-nox9103\\\/\"]}]},{\"@type\":\"ImageObject\",\"inLanguage\":\"en-US\",\"@id\":\"https:\\\/\\\/autorival.ro\\\/volvo\\\/product\\\/senzor-nox-injectie-aditiv-volvo-fh16-fh-16-600-diesel-600-cai-as-pl-nox9103\\\/#primaryimage\",\"url\":\"https:\\\/\\\/autorival.ro\\\/volvo\\\/wp-content\\\/uploads\\\/sites\\\/20\\\/2025\\\/07\\\/292338-3.jpg\",\"contentUrl\":\"https:\\\/\\\/autorival.ro\\\/volvo\\\/wp-content\\\/uploads\\\/sites\\\/20\\\/2025\\\/07\\\/292338-3.jpg\",\"width\":1080,\"height\":810},{\"@type\":\"BreadcrumbList\",\"@id\":\"https:\\\/\\\/autorival.ro\\\/volvo\\\/product\\\/senzor-nox-injectie-aditiv-volvo-fh16-fh-16-600-diesel-600-cai-as-pl-nox9103\\\/#breadcrumb\",\"itemListElement\":[{\"@type\":\"ListItem\",\"position\":1,\"name\":\"Prima pagin\u0103\",\"item\":\"https:\\\/\\\/autorival.ro\\\/volvo\\\/\"},{\"@type\":\"ListItem\",\"position\":2,\"name\":\"Piese auto VOLVO\",\"item\":\"https:\\\/\\\/autorival.ro\\\/volvo\\\/\"},{\"@type\":\"ListItem\",\"position\":3,\"name\":\"Senzor NOx injectie aditiv VOLVO FH16 FH 16\\\/600 diesel 600 cai AS-PL NOX9103\"}]},{\"@type\":\"WebSite\",\"@id\":\"https:\\\/\\\/autorival.ro\\\/volvo\\\/#website\",\"url\":\"https:\\\/\\\/autorival.ro\\\/volvo\\\/\",\"name\":\"VOLVO\",\"description\":\"\",\"potentialAction\":[{\"@type\":\"SearchAction\",\"target\":{\"@type\":\"EntryPoint\",\"urlTemplate\":\"https:\\\/\\\/autorival.ro\\\/volvo\\\/?s={search_term_string}\"},\"query-input\":{\"@type\":\"PropertyValueSpecification\",\"valueRequired\":true,\"valueName\":\"search_term_string\"}}],\"inLanguage\":\"en-US\"}]}<\/script>\n<!-- \/ Yoast SEO plugin. -->","yoast_head_json":{"title":"Senzor NOx injectie aditiv VOLVO FH16 FH 16\/600 diesel 600 cai AS-PL NOX9103 VOLVO | AS-PL - Autorival","description":"\u26a1 Senzor NOx injectie aditiv VOLVO FH16 FH 16\/600 diesel 600 cai AS-PL NOX9103 pentru VOLVO. \u2713 Cod: NOX9103 \u2713 Brand: AS-PL \u2713 \u00cen stoc \u2713 Livrare 24h \u2713 Garan\u021bie!","robots":{"index":"index","follow":"follow","max-snippet":"max-snippet:-1","max-image-preview":"max-image-preview:large","max-video-preview":"max-video-preview:-1"},"og_locale":"en_US","og_type":"article","og_title":"Senzor NOx injectie aditiv VOLVO FH16 FH 16\/600 diesel 600 cai AS-PL NOX9103 VOLVO | AS-PL - Autorival","og_description":"\u26a1 Senzor NOx injectie aditiv VOLVO FH16 FH 16\/600 diesel 600 cai AS-PL NOX9103 pentru VOLVO. \u2713 Cod: NOX9103 \u2713 Brand: AS-PL \u2713 \u00cen stoc \u2713 Livrare 24h \u2713 Garan\u021bie!","og_url":"https:\/\/autorival.ro\/volvo\/product\/senzor-nox-injectie-aditiv-volvo-fh16-fh-16-600-diesel-600-cai-as-pl-nox9103\/","og_site_name":"VOLVO","og_image":[{"width":1080,"height":810,"url":"https:\/\/autorival.ro\/volvo\/wp-content\/uploads\/sites\/20\/2025\/07\/292338-3.jpg","type":"image\/jpeg"}],"twitter_card":"summary_large_image","twitter_title":"Senzor NOx injectie aditiv VOLVO FH16 FH 16\/600 diesel 600 cai AS-PL NOX9103 VOLVO | AS-PL - Autorival","twitter_description":"\u26a1 Senzor NOx injectie aditiv VOLVO FH16 FH 16\/600 diesel 600 cai AS-PL NOX9103 pentru VOLVO. \u2713 Cod: NOX9103 \u2713 Brand: AS-PL \u2713 \u00cen stoc \u2713 Livrare 24h \u2713 Garan\u021bie!","schema":{"@context":"https:\/\/schema.org","@graph":[{"@type":"WebPage","@id":"https:\/\/autorival.ro\/volvo\/product\/senzor-nox-injectie-aditiv-volvo-fh16-fh-16-600-diesel-600-cai-as-pl-nox9103\/","url":"https:\/\/autorival.ro\/volvo\/product\/senzor-nox-injectie-aditiv-volvo-fh16-fh-16-600-diesel-600-cai-as-pl-nox9103\/","name":"Senzor NOx injectie aditiv VOLVO FH16 FH 16\/600 diesel 600 cai AS-PL NOX9103 VOLVO | AS-PL - Autorival","isPartOf":{"@id":"https:\/\/autorival.ro\/volvo\/#website"},"primaryImageOfPage":{"@id":"https:\/\/autorival.ro\/volvo\/product\/senzor-nox-injectie-aditiv-volvo-fh16-fh-16-600-diesel-600-cai-as-pl-nox9103\/#primaryimage"},"image":{"@id":"https:\/\/autorival.ro\/volvo\/product\/senzor-nox-injectie-aditiv-volvo-fh16-fh-16-600-diesel-600-cai-as-pl-nox9103\/#primaryimage"},"thumbnailUrl":"https:\/\/autorival.ro\/volvo\/wp-content\/uploads\/sites\/20\/2025\/07\/292338-3.jpg","datePublished":"2025-07-31T23:32:43+00:00","description":"\u26a1 Senzor NOx injectie aditiv VOLVO FH16 FH 16\/600 diesel 600 cai AS-PL NOX9103 pentru VOLVO. \u2713 Cod: NOX9103 \u2713 Brand: AS-PL \u2713 \u00cen stoc \u2713 Livrare 24h \u2713 Garan\u021bie!","breadcrumb":{"@id":"https:\/\/autorival.ro\/volvo\/product\/senzor-nox-injectie-aditiv-volvo-fh16-fh-16-600-diesel-600-cai-as-pl-nox9103\/#breadcrumb"},"inLanguage":"en-US","potentialAction":[{"@type":"ReadAction","target":["https:\/\/autorival.ro\/volvo\/product\/senzor-nox-injectie-aditiv-volvo-fh16-fh-16-600-diesel-600-cai-as-pl-nox9103\/"]}]},{"@type":"ImageObject","inLanguage":"en-US","@id":"https:\/\/autorival.ro\/volvo\/product\/senzor-nox-injectie-aditiv-volvo-fh16-fh-16-600-diesel-600-cai-as-pl-nox9103\/#primaryimage","url":"https:\/\/autorival.ro\/volvo\/wp-content\/uploads\/sites\/20\/2025\/07\/292338-3.jpg","contentUrl":"https:\/\/autorival.ro\/volvo\/wp-content\/uploads\/sites\/20\/2025\/07\/292338-3.jpg","width":1080,"height":810},{"@type":"BreadcrumbList","@id":"https:\/\/autorival.ro\/volvo\/product\/senzor-nox-injectie-aditiv-volvo-fh16-fh-16-600-diesel-600-cai-as-pl-nox9103\/#breadcrumb","itemListElement":[{"@type":"ListItem","position":1,"name":"Prima pagin\u0103","item":"https:\/\/autorival.ro\/volvo\/"},{"@type":"ListItem","position":2,"name":"Piese auto VOLVO","item":"https:\/\/autorival.ro\/volvo\/"},{"@type":"ListItem","position":3,"name":"Senzor NOx injectie aditiv VOLVO FH16 FH 16\/600 diesel 600 cai AS-PL NOX9103"}]},{"@type":"WebSite","@id":"https:\/\/autorival.ro\/volvo\/#website","url":"https:\/\/autorival.ro\/volvo\/","name":"VOLVO","description":"","potentialAction":[{"@type":"SearchAction","target":{"@type":"EntryPoint","urlTemplate":"https:\/\/autorival.ro\/volvo\/?s={search_term_string}"},"query-input":{"@type":"PropertyValueSpecification","valueRequired":true,"valueName":"search_term_string"}}],"inLanguage":"en-US"}]}},"_links":{"self":[{"href":"https:\/\/autorival.ro\/volvo\/wp-json\/wp\/v2\/product\/498210","targetHints":{"allow":["GET"]}}],"collection":[{"href":"https:\/\/autorival.ro\/volvo\/wp-json\/wp\/v2\/product"}],"about":[{"href":"https:\/\/autorival.ro\/volvo\/wp-json\/wp\/v2\/types\/product"}],"replies":[{"embeddable":true,"href":"https:\/\/autorival.ro\/volvo\/wp-json\/wp\/v2\/comments?post=498210"}],"wp:featuredmedia":[{"embeddable":true,"href":"https:\/\/autorival.ro\/volvo\/wp-json\/wp\/v2\/media\/498211"}],"wp:attachment":[{"href":"https:\/\/autorival.ro\/volvo\/wp-json\/wp\/v2\/media?parent=498210"}],"wp:term":[{"taxonomy":"product_brand","embeddable":true,"href":"https:\/\/autorival.ro\/volvo\/wp-json\/wp\/v2\/product_brand?post=498210"},{"taxonomy":"product_cat","embeddable":true,"href":"https:\/\/autorival.ro\/volvo\/wp-json\/wp\/v2\/product_cat?post=498210"},{"taxonomy":"product_tag","embeddable":true,"href":"https:\/\/autorival.ro\/volvo\/wp-json\/wp\/v2\/product_tag?post=498210"}],"curies":[{"name":"wp","href":"https:\/\/api.w.org\/{rel}","templated":true}]}}