{"id":42602,"date":"2025-07-25T07:34:40","date_gmt":"2025-07-25T07:34:40","guid":{"rendered":"https:\/\/autorival.ro\/volvo\/product\/bara-directie-volvo-fh-400-diesel-400-cai-trw-jtr4332\/"},"modified":"2025-07-25T07:34:40","modified_gmt":"2025-07-25T07:34:40","slug":"bara-directie-volvo-fh-400-diesel-400-cai-trw-jtr4332","status":"publish","type":"product","link":"https:\/\/autorival.ro\/volvo\/product\/bara-directie-volvo-fh-400-diesel-400-cai-trw-jtr4332\/","title":{"rendered":"Bara directie VOLVO FH 400 diesel 400 cai TRW JTR4332"},"content":{"rendered":"<p>Partea de montare: punte fataTip sistem arcuri: pentru suspensie arcuri cu foiSarcina pe punte (t): 6,7, 7,1, 8Echipament vehicul: pentru autovehicule cu cadru jos, pentru vehicule cu garda la sol redus\u0103\u00cen\u0103l\u021bime de deplasare de la [mm]: 136, 146\u00cen\u0103l\u021bime de deplasare p\u00e2n\u0103 la [mm]: 145, 155Bara\/bieleta: bieletaReglabil: reglabil intr-o parte ->Lungime [mm]: 1678 ->Dimensiune conus [mm]: 32 ->Diametrul \u021bevii [mm]: 50Articol extins\/Informatii de extindere: cu acceasorii<\/p>\n","protected":false},"excerpt":{"rendered":"<p>Producator: TRW Cod producator: JTR4332<\/p>\n","protected":false},"featured_media":42603,"comment_status":"open","ping_status":"closed","template":"","meta":[],"product_brand":[1078],"product_cat":[3954],"product_tag":[77720,77634,77985,77629,78060,77899,77628],"class_list":{"0":"post-42602","1":"product","2":"type-product","3":"status-publish","4":"has-post-thumbnail","6":"product_brand-trw","7":"product_cat-bara-directie-400-diesel-400","8":"product_tag-77720","9":"product_tag-bara","10":"product_tag-directie","11":"product_tag-fh","12":"product_tag-jtr","13":"product_tag-trw","14":"product_tag-volvo","16":"first","17":"instock","18":"shipping-taxable","19":"purchasable","20":"product-type-simple"},"yoast_head":"<!-- This site is optimized with the Yoast SEO plugin v27.5 - https:\/\/yoast.com\/product\/yoast-seo-wordpress\/ -->\n<title>Bara directie VOLVO FH 400 diesel 400 cai TRW JTR4332 VOLVO | TRW - Autorival<\/title>\n<meta name=\"description\" content=\"\u26a1 Bara directie VOLVO FH 400 diesel 400 cai TRW JTR4332 pentru VOLVO. \u2713 Cod: JTR4332 \u2713 Brand: TRW \u2713 \u00cen stoc \u2713 Livrare 24h \u2713 Garan\u021bie!\" \/>\n<meta name=\"robots\" content=\"index, follow, max-snippet:-1, max-image-preview:large, max-video-preview:-1\" \/>\n<meta property=\"og:locale\" content=\"en_US\" \/>\n<meta property=\"og:type\" content=\"article\" \/>\n<meta property=\"og:title\" content=\"Bara directie VOLVO FH 400 diesel 400 cai TRW JTR4332 VOLVO | TRW - Autorival\" \/>\n<meta property=\"og:description\" content=\"\u26a1 Bara directie VOLVO FH 400 diesel 400 cai TRW JTR4332 pentru VOLVO. \u2713 Cod: JTR4332 \u2713 Brand: TRW \u2713 \u00cen stoc \u2713 Livrare 24h \u2713 Garan\u021bie!\" \/>\n<meta property=\"og:url\" content=\"https:\/\/autorival.ro\/volvo\/product\/bara-directie-volvo-fh-400-diesel-400-cai-trw-jtr4332\/\" \/>\n<meta property=\"og:site_name\" content=\"VOLVO\" \/>\n<meta property=\"og:image\" content=\"https:\/\/autorival.ro\/volvo\/wp-content\/uploads\/sites\/20\/2025\/07\/0161jtr4332.jpg\" \/>\n\t<meta property=\"og:image:width\" content=\"593\" \/>\n\t<meta property=\"og:image:height\" content=\"74\" \/>\n\t<meta property=\"og:image:type\" content=\"image\/jpeg\" \/>\n<meta name=\"twitter:card\" content=\"summary_large_image\" \/>\n<meta name=\"twitter:title\" content=\"Bara directie VOLVO FH 400 diesel 400 cai TRW JTR4332 VOLVO | TRW - Autorival\" \/>\n<meta name=\"twitter:description\" content=\"\u26a1 Bara directie VOLVO FH 400 diesel 400 cai TRW JTR4332 pentru VOLVO. \u2713 Cod: JTR4332 \u2713 Brand: TRW \u2713 \u00cen stoc \u2713 Livrare 24h \u2713 Garan\u021bie!\" \/>\n<script type=\"application\/ld+json\" class=\"yoast-schema-graph\">{\"@context\":\"https:\\\/\\\/schema.org\",\"@graph\":[{\"@type\":\"WebPage\",\"@id\":\"https:\\\/\\\/autorival.ro\\\/volvo\\\/product\\\/bara-directie-volvo-fh-400-diesel-400-cai-trw-jtr4332\\\/\",\"url\":\"https:\\\/\\\/autorival.ro\\\/volvo\\\/product\\\/bara-directie-volvo-fh-400-diesel-400-cai-trw-jtr4332\\\/\",\"name\":\"Bara directie VOLVO FH 400 diesel 400 cai TRW JTR4332 VOLVO | TRW - Autorival\",\"isPartOf\":{\"@id\":\"https:\\\/\\\/autorival.ro\\\/volvo\\\/#website\"},\"primaryImageOfPage\":{\"@id\":\"https:\\\/\\\/autorival.ro\\\/volvo\\\/product\\\/bara-directie-volvo-fh-400-diesel-400-cai-trw-jtr4332\\\/#primaryimage\"},\"image\":{\"@id\":\"https:\\\/\\\/autorival.ro\\\/volvo\\\/product\\\/bara-directie-volvo-fh-400-diesel-400-cai-trw-jtr4332\\\/#primaryimage\"},\"thumbnailUrl\":\"https:\\\/\\\/autorival.ro\\\/volvo\\\/wp-content\\\/uploads\\\/sites\\\/20\\\/2025\\\/07\\\/0161jtr4332.jpg\",\"datePublished\":\"2025-07-25T07:34:40+00:00\",\"description\":\"\u26a1 Bara directie VOLVO FH 400 diesel 400 cai TRW JTR4332 pentru VOLVO. \u2713 Cod: JTR4332 \u2713 Brand: TRW \u2713 \u00cen stoc \u2713 Livrare 24h \u2713 Garan\u021bie!\",\"breadcrumb\":{\"@id\":\"https:\\\/\\\/autorival.ro\\\/volvo\\\/product\\\/bara-directie-volvo-fh-400-diesel-400-cai-trw-jtr4332\\\/#breadcrumb\"},\"inLanguage\":\"en-US\",\"potentialAction\":[{\"@type\":\"ReadAction\",\"target\":[\"https:\\\/\\\/autorival.ro\\\/volvo\\\/product\\\/bara-directie-volvo-fh-400-diesel-400-cai-trw-jtr4332\\\/\"]}]},{\"@type\":\"ImageObject\",\"inLanguage\":\"en-US\",\"@id\":\"https:\\\/\\\/autorival.ro\\\/volvo\\\/product\\\/bara-directie-volvo-fh-400-diesel-400-cai-trw-jtr4332\\\/#primaryimage\",\"url\":\"https:\\\/\\\/autorival.ro\\\/volvo\\\/wp-content\\\/uploads\\\/sites\\\/20\\\/2025\\\/07\\\/0161jtr4332.jpg\",\"contentUrl\":\"https:\\\/\\\/autorival.ro\\\/volvo\\\/wp-content\\\/uploads\\\/sites\\\/20\\\/2025\\\/07\\\/0161jtr4332.jpg\",\"width\":593,\"height\":74},{\"@type\":\"BreadcrumbList\",\"@id\":\"https:\\\/\\\/autorival.ro\\\/volvo\\\/product\\\/bara-directie-volvo-fh-400-diesel-400-cai-trw-jtr4332\\\/#breadcrumb\",\"itemListElement\":[{\"@type\":\"ListItem\",\"position\":1,\"name\":\"Prima pagin\u0103\",\"item\":\"https:\\\/\\\/autorival.ro\\\/volvo\\\/\"},{\"@type\":\"ListItem\",\"position\":2,\"name\":\"Piese auto VOLVO\",\"item\":\"https:\\\/\\\/autorival.ro\\\/volvo\\\/\"},{\"@type\":\"ListItem\",\"position\":3,\"name\":\"Bara directie VOLVO FH 400 diesel 400 cai TRW JTR4332\"}]},{\"@type\":\"WebSite\",\"@id\":\"https:\\\/\\\/autorival.ro\\\/volvo\\\/#website\",\"url\":\"https:\\\/\\\/autorival.ro\\\/volvo\\\/\",\"name\":\"VOLVO\",\"description\":\"\",\"potentialAction\":[{\"@type\":\"SearchAction\",\"target\":{\"@type\":\"EntryPoint\",\"urlTemplate\":\"https:\\\/\\\/autorival.ro\\\/volvo\\\/?s={search_term_string}\"},\"query-input\":{\"@type\":\"PropertyValueSpecification\",\"valueRequired\":true,\"valueName\":\"search_term_string\"}}],\"inLanguage\":\"en-US\"}]}<\/script>\n<!-- \/ Yoast SEO plugin. -->","yoast_head_json":{"title":"Bara directie VOLVO FH 400 diesel 400 cai TRW JTR4332 VOLVO | TRW - Autorival","description":"\u26a1 Bara directie VOLVO FH 400 diesel 400 cai TRW JTR4332 pentru VOLVO. \u2713 Cod: JTR4332 \u2713 Brand: TRW \u2713 \u00cen stoc \u2713 Livrare 24h \u2713 Garan\u021bie!","robots":{"index":"index","follow":"follow","max-snippet":"max-snippet:-1","max-image-preview":"max-image-preview:large","max-video-preview":"max-video-preview:-1"},"og_locale":"en_US","og_type":"article","og_title":"Bara directie VOLVO FH 400 diesel 400 cai TRW JTR4332 VOLVO | TRW - Autorival","og_description":"\u26a1 Bara directie VOLVO FH 400 diesel 400 cai TRW JTR4332 pentru VOLVO. \u2713 Cod: JTR4332 \u2713 Brand: TRW \u2713 \u00cen stoc \u2713 Livrare 24h \u2713 Garan\u021bie!","og_url":"https:\/\/autorival.ro\/volvo\/product\/bara-directie-volvo-fh-400-diesel-400-cai-trw-jtr4332\/","og_site_name":"VOLVO","og_image":[{"width":593,"height":74,"url":"https:\/\/autorival.ro\/volvo\/wp-content\/uploads\/sites\/20\/2025\/07\/0161jtr4332.jpg","type":"image\/jpeg"}],"twitter_card":"summary_large_image","twitter_title":"Bara directie VOLVO FH 400 diesel 400 cai TRW JTR4332 VOLVO | TRW - Autorival","twitter_description":"\u26a1 Bara directie VOLVO FH 400 diesel 400 cai TRW JTR4332 pentru VOLVO. \u2713 Cod: JTR4332 \u2713 Brand: TRW \u2713 \u00cen stoc \u2713 Livrare 24h \u2713 Garan\u021bie!","schema":{"@context":"https:\/\/schema.org","@graph":[{"@type":"WebPage","@id":"https:\/\/autorival.ro\/volvo\/product\/bara-directie-volvo-fh-400-diesel-400-cai-trw-jtr4332\/","url":"https:\/\/autorival.ro\/volvo\/product\/bara-directie-volvo-fh-400-diesel-400-cai-trw-jtr4332\/","name":"Bara directie VOLVO FH 400 diesel 400 cai TRW JTR4332 VOLVO | TRW - Autorival","isPartOf":{"@id":"https:\/\/autorival.ro\/volvo\/#website"},"primaryImageOfPage":{"@id":"https:\/\/autorival.ro\/volvo\/product\/bara-directie-volvo-fh-400-diesel-400-cai-trw-jtr4332\/#primaryimage"},"image":{"@id":"https:\/\/autorival.ro\/volvo\/product\/bara-directie-volvo-fh-400-diesel-400-cai-trw-jtr4332\/#primaryimage"},"thumbnailUrl":"https:\/\/autorival.ro\/volvo\/wp-content\/uploads\/sites\/20\/2025\/07\/0161jtr4332.jpg","datePublished":"2025-07-25T07:34:40+00:00","description":"\u26a1 Bara directie VOLVO FH 400 diesel 400 cai TRW JTR4332 pentru VOLVO. \u2713 Cod: JTR4332 \u2713 Brand: TRW \u2713 \u00cen stoc \u2713 Livrare 24h \u2713 Garan\u021bie!","breadcrumb":{"@id":"https:\/\/autorival.ro\/volvo\/product\/bara-directie-volvo-fh-400-diesel-400-cai-trw-jtr4332\/#breadcrumb"},"inLanguage":"en-US","potentialAction":[{"@type":"ReadAction","target":["https:\/\/autorival.ro\/volvo\/product\/bara-directie-volvo-fh-400-diesel-400-cai-trw-jtr4332\/"]}]},{"@type":"ImageObject","inLanguage":"en-US","@id":"https:\/\/autorival.ro\/volvo\/product\/bara-directie-volvo-fh-400-diesel-400-cai-trw-jtr4332\/#primaryimage","url":"https:\/\/autorival.ro\/volvo\/wp-content\/uploads\/sites\/20\/2025\/07\/0161jtr4332.jpg","contentUrl":"https:\/\/autorival.ro\/volvo\/wp-content\/uploads\/sites\/20\/2025\/07\/0161jtr4332.jpg","width":593,"height":74},{"@type":"BreadcrumbList","@id":"https:\/\/autorival.ro\/volvo\/product\/bara-directie-volvo-fh-400-diesel-400-cai-trw-jtr4332\/#breadcrumb","itemListElement":[{"@type":"ListItem","position":1,"name":"Prima pagin\u0103","item":"https:\/\/autorival.ro\/volvo\/"},{"@type":"ListItem","position":2,"name":"Piese auto VOLVO","item":"https:\/\/autorival.ro\/volvo\/"},{"@type":"ListItem","position":3,"name":"Bara directie VOLVO FH 400 diesel 400 cai TRW JTR4332"}]},{"@type":"WebSite","@id":"https:\/\/autorival.ro\/volvo\/#website","url":"https:\/\/autorival.ro\/volvo\/","name":"VOLVO","description":"","potentialAction":[{"@type":"SearchAction","target":{"@type":"EntryPoint","urlTemplate":"https:\/\/autorival.ro\/volvo\/?s={search_term_string}"},"query-input":{"@type":"PropertyValueSpecification","valueRequired":true,"valueName":"search_term_string"}}],"inLanguage":"en-US"}]}},"_links":{"self":[{"href":"https:\/\/autorival.ro\/volvo\/wp-json\/wp\/v2\/product\/42602","targetHints":{"allow":["GET"]}}],"collection":[{"href":"https:\/\/autorival.ro\/volvo\/wp-json\/wp\/v2\/product"}],"about":[{"href":"https:\/\/autorival.ro\/volvo\/wp-json\/wp\/v2\/types\/product"}],"replies":[{"embeddable":true,"href":"https:\/\/autorival.ro\/volvo\/wp-json\/wp\/v2\/comments?post=42602"}],"wp:featuredmedia":[{"embeddable":true,"href":"https:\/\/autorival.ro\/volvo\/wp-json\/wp\/v2\/media\/42603"}],"wp:attachment":[{"href":"https:\/\/autorival.ro\/volvo\/wp-json\/wp\/v2\/media?parent=42602"}],"wp:term":[{"taxonomy":"product_brand","embeddable":true,"href":"https:\/\/autorival.ro\/volvo\/wp-json\/wp\/v2\/product_brand?post=42602"},{"taxonomy":"product_cat","embeddable":true,"href":"https:\/\/autorival.ro\/volvo\/wp-json\/wp\/v2\/product_cat?post=42602"},{"taxonomy":"product_tag","embeddable":true,"href":"https:\/\/autorival.ro\/volvo\/wp-json\/wp\/v2\/product_tag?post=42602"}],"curies":[{"name":"wp","href":"https:\/\/api.w.org\/{rel}","templated":true}]}}