{"id":408856,"date":"2025-07-29T09:52:02","date_gmt":"2025-07-29T09:52:02","guid":{"rendered":"https:\/\/autorival.ro\/volvo\/product\/legaturi-stergator-parbriz-volvo-c30-533-d5-diesel-163-cai-metzger-2190895\/"},"modified":"2025-07-29T09:52:02","modified_gmt":"2025-07-29T09:52:02","slug":"legaturi-stergator-parbriz-volvo-c30-533-d5-diesel-163-cai-metzger-2190895","status":"publish","type":"product","link":"https:\/\/autorival.ro\/volvo\/product\/legaturi-stergator-parbriz-volvo-c30-533-d5-diesel-163-cai-metzger-2190895\/","title":{"rendered":"Legaturi stergator parbriz VOLVO C30 (533) D5 diesel 163 cai METZGER 2190895"},"content":{"rendered":"<p>Serie \u0219asiu (VIN)p\u00e2n\u0103 la: 299999Partea de montare: fataVehicul cu volan pe st\u00e2nga\/dreapta: pentru vehicule cu volan pe stangaArticol extins\/Informatii de extindere: fara motor electric<\/p>\n","protected":false},"excerpt":{"rendered":"<p>Producator: METZGER Cod producator: 2190895<\/p>\n","protected":false},"featured_media":408857,"comment_status":"open","ping_status":"closed","template":"","meta":[],"product_brand":[2187],"product_cat":[39337],"product_tag":[77652,77651,78797,77979,78171,78170,77628],"class_list":{"0":"post-408856","1":"product","2":"type-product","3":"status-publish","4":"has-post-thumbnail","6":"product_brand-metzger","7":"product_cat-legaturi-stergator-parbriz-533-d5-diesel-163","8":"product_tag-77652","9":"product_tag-c30","10":"product_tag-legaturi","11":"product_tag-metzger","12":"product_tag-parbriz","13":"product_tag-stergator","14":"product_tag-volvo","16":"first","17":"instock","18":"shipping-taxable","19":"purchasable","20":"product-type-simple"},"yoast_head":"<!-- This site is optimized with the Yoast SEO plugin v27.3 - https:\/\/yoast.com\/product\/yoast-seo-wordpress\/ -->\n<title>Legaturi stergator parbriz VOLVO C30 (533) D5 diesel 163 cai METZGER 2190895 VOLVO | METZGER - Autorival<\/title>\n<meta name=\"description\" content=\"\u26a1 Legaturi stergator parbriz VOLVO C30 (533) D5 diesel 163 cai METZGER 2190895 pentru VOLVO. \u2713 Cod: 2190895 \u2713 Brand: METZGER \u2713 \u00cen stoc \u2713 Livrare 24h \u2713 Garan\u021bie!\" \/>\n<meta name=\"robots\" content=\"index, follow, max-snippet:-1, max-image-preview:large, max-video-preview:-1\" \/>\n<meta property=\"og:locale\" content=\"en_US\" \/>\n<meta property=\"og:type\" content=\"article\" \/>\n<meta property=\"og:title\" content=\"Legaturi stergator parbriz VOLVO C30 (533) D5 diesel 163 cai METZGER 2190895 VOLVO | METZGER - Autorival\" \/>\n<meta property=\"og:description\" content=\"\u26a1 Legaturi stergator parbriz VOLVO C30 (533) D5 diesel 163 cai METZGER 2190895 pentru VOLVO. \u2713 Cod: 2190895 \u2713 Brand: METZGER \u2713 \u00cen stoc \u2713 Livrare 24h \u2713 Garan\u021bie!\" \/>\n<meta property=\"og:url\" content=\"https:\/\/autorival.ro\/volvo\/product\/legaturi-stergator-parbriz-volvo-c30-533-d5-diesel-163-cai-metzger-2190895\/\" \/>\n<meta property=\"og:site_name\" content=\"VOLVO\" \/>\n<meta property=\"og:image\" content=\"https:\/\/autorival.ro\/volvo\/wp-content\/uploads\/sites\/20\/2025\/07\/2190895-11.jpg\" \/>\n\t<meta property=\"og:image:width\" content=\"599\" \/>\n\t<meta property=\"og:image:height\" content=\"399\" \/>\n\t<meta property=\"og:image:type\" content=\"image\/jpeg\" \/>\n<meta name=\"twitter:card\" content=\"summary_large_image\" \/>\n<meta name=\"twitter:title\" content=\"Legaturi stergator parbriz VOLVO C30 (533) D5 diesel 163 cai METZGER 2190895 VOLVO | METZGER - Autorival\" \/>\n<meta name=\"twitter:description\" content=\"\u26a1 Legaturi stergator parbriz VOLVO C30 (533) D5 diesel 163 cai METZGER 2190895 pentru VOLVO. \u2713 Cod: 2190895 \u2713 Brand: METZGER \u2713 \u00cen stoc \u2713 Livrare 24h \u2713 Garan\u021bie!\" \/>\n<script type=\"application\/ld+json\" class=\"yoast-schema-graph\">{\"@context\":\"https:\\\/\\\/schema.org\",\"@graph\":[{\"@type\":\"WebPage\",\"@id\":\"https:\\\/\\\/autorival.ro\\\/volvo\\\/product\\\/legaturi-stergator-parbriz-volvo-c30-533-d5-diesel-163-cai-metzger-2190895\\\/\",\"url\":\"https:\\\/\\\/autorival.ro\\\/volvo\\\/product\\\/legaturi-stergator-parbriz-volvo-c30-533-d5-diesel-163-cai-metzger-2190895\\\/\",\"name\":\"Legaturi stergator parbriz VOLVO C30 (533) D5 diesel 163 cai METZGER 2190895 VOLVO | METZGER - Autorival\",\"isPartOf\":{\"@id\":\"https:\\\/\\\/autorival.ro\\\/volvo\\\/#website\"},\"primaryImageOfPage\":{\"@id\":\"https:\\\/\\\/autorival.ro\\\/volvo\\\/product\\\/legaturi-stergator-parbriz-volvo-c30-533-d5-diesel-163-cai-metzger-2190895\\\/#primaryimage\"},\"image\":{\"@id\":\"https:\\\/\\\/autorival.ro\\\/volvo\\\/product\\\/legaturi-stergator-parbriz-volvo-c30-533-d5-diesel-163-cai-metzger-2190895\\\/#primaryimage\"},\"thumbnailUrl\":\"https:\\\/\\\/autorival.ro\\\/volvo\\\/wp-content\\\/uploads\\\/sites\\\/20\\\/2025\\\/07\\\/2190895-11.jpg\",\"datePublished\":\"2025-07-29T09:52:02+00:00\",\"description\":\"\u26a1 Legaturi stergator parbriz VOLVO C30 (533) D5 diesel 163 cai METZGER 2190895 pentru VOLVO. \u2713 Cod: 2190895 \u2713 Brand: METZGER \u2713 \u00cen stoc \u2713 Livrare 24h \u2713 Garan\u021bie!\",\"breadcrumb\":{\"@id\":\"https:\\\/\\\/autorival.ro\\\/volvo\\\/product\\\/legaturi-stergator-parbriz-volvo-c30-533-d5-diesel-163-cai-metzger-2190895\\\/#breadcrumb\"},\"inLanguage\":\"en-US\",\"potentialAction\":[{\"@type\":\"ReadAction\",\"target\":[\"https:\\\/\\\/autorival.ro\\\/volvo\\\/product\\\/legaturi-stergator-parbriz-volvo-c30-533-d5-diesel-163-cai-metzger-2190895\\\/\"]}]},{\"@type\":\"ImageObject\",\"inLanguage\":\"en-US\",\"@id\":\"https:\\\/\\\/autorival.ro\\\/volvo\\\/product\\\/legaturi-stergator-parbriz-volvo-c30-533-d5-diesel-163-cai-metzger-2190895\\\/#primaryimage\",\"url\":\"https:\\\/\\\/autorival.ro\\\/volvo\\\/wp-content\\\/uploads\\\/sites\\\/20\\\/2025\\\/07\\\/2190895-11.jpg\",\"contentUrl\":\"https:\\\/\\\/autorival.ro\\\/volvo\\\/wp-content\\\/uploads\\\/sites\\\/20\\\/2025\\\/07\\\/2190895-11.jpg\",\"width\":599,\"height\":399},{\"@type\":\"BreadcrumbList\",\"@id\":\"https:\\\/\\\/autorival.ro\\\/volvo\\\/product\\\/legaturi-stergator-parbriz-volvo-c30-533-d5-diesel-163-cai-metzger-2190895\\\/#breadcrumb\",\"itemListElement\":[{\"@type\":\"ListItem\",\"position\":1,\"name\":\"Prima pagin\u0103\",\"item\":\"https:\\\/\\\/autorival.ro\\\/volvo\\\/\"},{\"@type\":\"ListItem\",\"position\":2,\"name\":\"Piese auto VOLVO\",\"item\":\"https:\\\/\\\/autorival.ro\\\/volvo\\\/\"},{\"@type\":\"ListItem\",\"position\":3,\"name\":\"Legaturi stergator parbriz VOLVO C30 (533) D5 diesel 163 cai METZGER 2190895\"}]},{\"@type\":\"WebSite\",\"@id\":\"https:\\\/\\\/autorival.ro\\\/volvo\\\/#website\",\"url\":\"https:\\\/\\\/autorival.ro\\\/volvo\\\/\",\"name\":\"VOLVO\",\"description\":\"\",\"potentialAction\":[{\"@type\":\"SearchAction\",\"target\":{\"@type\":\"EntryPoint\",\"urlTemplate\":\"https:\\\/\\\/autorival.ro\\\/volvo\\\/?s={search_term_string}\"},\"query-input\":{\"@type\":\"PropertyValueSpecification\",\"valueRequired\":true,\"valueName\":\"search_term_string\"}}],\"inLanguage\":\"en-US\"}]}<\/script>\n<!-- \/ Yoast SEO plugin. -->","yoast_head_json":{"title":"Legaturi stergator parbriz VOLVO C30 (533) D5 diesel 163 cai METZGER 2190895 VOLVO | METZGER - Autorival","description":"\u26a1 Legaturi stergator parbriz VOLVO C30 (533) D5 diesel 163 cai METZGER 2190895 pentru VOLVO. \u2713 Cod: 2190895 \u2713 Brand: METZGER \u2713 \u00cen stoc \u2713 Livrare 24h \u2713 Garan\u021bie!","robots":{"index":"index","follow":"follow","max-snippet":"max-snippet:-1","max-image-preview":"max-image-preview:large","max-video-preview":"max-video-preview:-1"},"og_locale":"en_US","og_type":"article","og_title":"Legaturi stergator parbriz VOLVO C30 (533) D5 diesel 163 cai METZGER 2190895 VOLVO | METZGER - Autorival","og_description":"\u26a1 Legaturi stergator parbriz VOLVO C30 (533) D5 diesel 163 cai METZGER 2190895 pentru VOLVO. \u2713 Cod: 2190895 \u2713 Brand: METZGER \u2713 \u00cen stoc \u2713 Livrare 24h \u2713 Garan\u021bie!","og_url":"https:\/\/autorival.ro\/volvo\/product\/legaturi-stergator-parbriz-volvo-c30-533-d5-diesel-163-cai-metzger-2190895\/","og_site_name":"VOLVO","og_image":[{"width":599,"height":399,"url":"https:\/\/autorival.ro\/volvo\/wp-content\/uploads\/sites\/20\/2025\/07\/2190895-11.jpg","type":"image\/jpeg"}],"twitter_card":"summary_large_image","twitter_title":"Legaturi stergator parbriz VOLVO C30 (533) D5 diesel 163 cai METZGER 2190895 VOLVO | METZGER - Autorival","twitter_description":"\u26a1 Legaturi stergator parbriz VOLVO C30 (533) D5 diesel 163 cai METZGER 2190895 pentru VOLVO. \u2713 Cod: 2190895 \u2713 Brand: METZGER \u2713 \u00cen stoc \u2713 Livrare 24h \u2713 Garan\u021bie!","schema":{"@context":"https:\/\/schema.org","@graph":[{"@type":"WebPage","@id":"https:\/\/autorival.ro\/volvo\/product\/legaturi-stergator-parbriz-volvo-c30-533-d5-diesel-163-cai-metzger-2190895\/","url":"https:\/\/autorival.ro\/volvo\/product\/legaturi-stergator-parbriz-volvo-c30-533-d5-diesel-163-cai-metzger-2190895\/","name":"Legaturi stergator parbriz VOLVO C30 (533) D5 diesel 163 cai METZGER 2190895 VOLVO | METZGER - Autorival","isPartOf":{"@id":"https:\/\/autorival.ro\/volvo\/#website"},"primaryImageOfPage":{"@id":"https:\/\/autorival.ro\/volvo\/product\/legaturi-stergator-parbriz-volvo-c30-533-d5-diesel-163-cai-metzger-2190895\/#primaryimage"},"image":{"@id":"https:\/\/autorival.ro\/volvo\/product\/legaturi-stergator-parbriz-volvo-c30-533-d5-diesel-163-cai-metzger-2190895\/#primaryimage"},"thumbnailUrl":"https:\/\/autorival.ro\/volvo\/wp-content\/uploads\/sites\/20\/2025\/07\/2190895-11.jpg","datePublished":"2025-07-29T09:52:02+00:00","description":"\u26a1 Legaturi stergator parbriz VOLVO C30 (533) D5 diesel 163 cai METZGER 2190895 pentru VOLVO. \u2713 Cod: 2190895 \u2713 Brand: METZGER \u2713 \u00cen stoc \u2713 Livrare 24h \u2713 Garan\u021bie!","breadcrumb":{"@id":"https:\/\/autorival.ro\/volvo\/product\/legaturi-stergator-parbriz-volvo-c30-533-d5-diesel-163-cai-metzger-2190895\/#breadcrumb"},"inLanguage":"en-US","potentialAction":[{"@type":"ReadAction","target":["https:\/\/autorival.ro\/volvo\/product\/legaturi-stergator-parbriz-volvo-c30-533-d5-diesel-163-cai-metzger-2190895\/"]}]},{"@type":"ImageObject","inLanguage":"en-US","@id":"https:\/\/autorival.ro\/volvo\/product\/legaturi-stergator-parbriz-volvo-c30-533-d5-diesel-163-cai-metzger-2190895\/#primaryimage","url":"https:\/\/autorival.ro\/volvo\/wp-content\/uploads\/sites\/20\/2025\/07\/2190895-11.jpg","contentUrl":"https:\/\/autorival.ro\/volvo\/wp-content\/uploads\/sites\/20\/2025\/07\/2190895-11.jpg","width":599,"height":399},{"@type":"BreadcrumbList","@id":"https:\/\/autorival.ro\/volvo\/product\/legaturi-stergator-parbriz-volvo-c30-533-d5-diesel-163-cai-metzger-2190895\/#breadcrumb","itemListElement":[{"@type":"ListItem","position":1,"name":"Prima pagin\u0103","item":"https:\/\/autorival.ro\/volvo\/"},{"@type":"ListItem","position":2,"name":"Piese auto VOLVO","item":"https:\/\/autorival.ro\/volvo\/"},{"@type":"ListItem","position":3,"name":"Legaturi stergator parbriz VOLVO C30 (533) D5 diesel 163 cai METZGER 2190895"}]},{"@type":"WebSite","@id":"https:\/\/autorival.ro\/volvo\/#website","url":"https:\/\/autorival.ro\/volvo\/","name":"VOLVO","description":"","potentialAction":[{"@type":"SearchAction","target":{"@type":"EntryPoint","urlTemplate":"https:\/\/autorival.ro\/volvo\/?s={search_term_string}"},"query-input":{"@type":"PropertyValueSpecification","valueRequired":true,"valueName":"search_term_string"}}],"inLanguage":"en-US"}]}},"_links":{"self":[{"href":"https:\/\/autorival.ro\/volvo\/wp-json\/wp\/v2\/product\/408856","targetHints":{"allow":["GET"]}}],"collection":[{"href":"https:\/\/autorival.ro\/volvo\/wp-json\/wp\/v2\/product"}],"about":[{"href":"https:\/\/autorival.ro\/volvo\/wp-json\/wp\/v2\/types\/product"}],"replies":[{"embeddable":true,"href":"https:\/\/autorival.ro\/volvo\/wp-json\/wp\/v2\/comments?post=408856"}],"wp:featuredmedia":[{"embeddable":true,"href":"https:\/\/autorival.ro\/volvo\/wp-json\/wp\/v2\/media\/408857"}],"wp:attachment":[{"href":"https:\/\/autorival.ro\/volvo\/wp-json\/wp\/v2\/media?parent=408856"}],"wp:term":[{"taxonomy":"product_brand","embeddable":true,"href":"https:\/\/autorival.ro\/volvo\/wp-json\/wp\/v2\/product_brand?post=408856"},{"taxonomy":"product_cat","embeddable":true,"href":"https:\/\/autorival.ro\/volvo\/wp-json\/wp\/v2\/product_cat?post=408856"},{"taxonomy":"product_tag","embeddable":true,"href":"https:\/\/autorival.ro\/volvo\/wp-json\/wp\/v2\/product_tag?post=408856"}],"curies":[{"name":"wp","href":"https:\/\/api.w.org\/{rel}","templated":true}]}}