{"id":406124,"date":"2025-07-29T08:23:32","date_gmt":"2025-07-29T08:23:32","guid":{"rendered":"https:\/\/autorival.ro\/volvo\/product\/lamela-stergator-volvo-fl-ii-fl-300-18-diesel-300-cai-swf-133601\/"},"modified":"2025-07-29T08:23:32","modified_gmt":"2025-07-29T08:23:32","slug":"lamela-stergator-volvo-fl-ii-fl-300-18-diesel-300-cai-swf-133601","status":"publish","type":"product","link":"https:\/\/autorival.ro\/volvo\/product\/lamela-stergator-volvo-fl-ii-fl-300-18-diesel-300-cai-swf-133601\/","title":{"rendered":"Lamela stergator VOLVO FL II FL 300-18 diesel 300 cai SWF 133601"},"content":{"rendered":"<p>Partea de montare: fataVehicul cu volan pe st\u00e2nga\/dreapta: pentru vehicule cu volan pe stangaEchipare stergator: Lama stergator lata, Lamel\u0103 \u0219terg\u0103tor cu avertizare vizual\u0103 de uzur\u0103Calitate: 1 ->Lungime [mm]: 600 ->Lungime [inch]: 24Styling: cu spoilerArticol completare\/Info suplimentar 2: cu duza de spalare integrata<\/p>\n","protected":false},"excerpt":{"rendered":"<p>Producator: SWF Cod producator: 133601<\/p>\n","protected":false},"featured_media":406125,"comment_status":"open","ping_status":"closed","template":"","meta":[],"product_brand":[38846],"product_cat":[39034],"product_tag":[77639,77630,78786,78170,78785,77628],"class_list":{"0":"post-406124","1":"product","2":"type-product","3":"status-publish","4":"has-post-thumbnail","6":"product_brand-swf","7":"product_cat-lamela-stergator-ii-fl-300-18-diesel-300","8":"product_tag-fl","9":"product_tag-ii","10":"product_tag-lamela","11":"product_tag-stergator","12":"product_tag-swf","13":"product_tag-volvo","15":"first","16":"instock","17":"shipping-taxable","18":"purchasable","19":"product-type-simple"},"yoast_head":"<!-- This site is optimized with the Yoast SEO plugin v27.3 - https:\/\/yoast.com\/product\/yoast-seo-wordpress\/ -->\n<title>Lamela stergator VOLVO FL II FL 300-18 diesel 300 cai SWF 133601 VOLVO | SWF - Autorival<\/title>\n<meta name=\"description\" content=\"\u26a1 Lamela stergator VOLVO FL II FL 300-18 diesel 300 cai SWF 133601 pentru VOLVO. \u2713 Cod: 133601 \u2713 Brand: SWF \u2713 \u00cen stoc \u2713 Livrare 24h \u2713 Garan\u021bie!\" \/>\n<meta name=\"robots\" content=\"index, follow, max-snippet:-1, max-image-preview:large, max-video-preview:-1\" \/>\n<meta property=\"og:locale\" content=\"en_US\" \/>\n<meta property=\"og:type\" content=\"article\" \/>\n<meta property=\"og:title\" content=\"Lamela stergator VOLVO FL II FL 300-18 diesel 300 cai SWF 133601 VOLVO | SWF - Autorival\" \/>\n<meta property=\"og:description\" content=\"\u26a1 Lamela stergator VOLVO FL II FL 300-18 diesel 300 cai SWF 133601 pentru VOLVO. \u2713 Cod: 133601 \u2713 Brand: SWF \u2713 \u00cen stoc \u2713 Livrare 24h \u2713 Garan\u021bie!\" \/>\n<meta property=\"og:url\" content=\"https:\/\/autorival.ro\/volvo\/product\/lamela-stergator-volvo-fl-ii-fl-300-18-diesel-300-cai-swf-133601\/\" \/>\n<meta property=\"og:site_name\" content=\"VOLVO\" \/>\n<meta property=\"og:image\" content=\"https:\/\/autorival.ro\/volvo\/wp-content\/uploads\/sites\/20\/2025\/07\/wiper20blade_133601_50-25.jpg\" \/>\n\t<meta property=\"og:image:width\" content=\"1200\" \/>\n\t<meta property=\"og:image:height\" content=\"849\" \/>\n\t<meta property=\"og:image:type\" content=\"image\/jpeg\" \/>\n<meta name=\"twitter:card\" content=\"summary_large_image\" \/>\n<meta name=\"twitter:title\" content=\"Lamela stergator VOLVO FL II FL 300-18 diesel 300 cai SWF 133601 VOLVO | SWF - Autorival\" \/>\n<meta name=\"twitter:description\" content=\"\u26a1 Lamela stergator VOLVO FL II FL 300-18 diesel 300 cai SWF 133601 pentru VOLVO. \u2713 Cod: 133601 \u2713 Brand: SWF \u2713 \u00cen stoc \u2713 Livrare 24h \u2713 Garan\u021bie!\" \/>\n<script type=\"application\/ld+json\" class=\"yoast-schema-graph\">{\"@context\":\"https:\\\/\\\/schema.org\",\"@graph\":[{\"@type\":\"WebPage\",\"@id\":\"https:\\\/\\\/autorival.ro\\\/volvo\\\/product\\\/lamela-stergator-volvo-fl-ii-fl-300-18-diesel-300-cai-swf-133601\\\/\",\"url\":\"https:\\\/\\\/autorival.ro\\\/volvo\\\/product\\\/lamela-stergator-volvo-fl-ii-fl-300-18-diesel-300-cai-swf-133601\\\/\",\"name\":\"Lamela stergator VOLVO FL II FL 300-18 diesel 300 cai SWF 133601 VOLVO | SWF - Autorival\",\"isPartOf\":{\"@id\":\"https:\\\/\\\/autorival.ro\\\/volvo\\\/#website\"},\"primaryImageOfPage\":{\"@id\":\"https:\\\/\\\/autorival.ro\\\/volvo\\\/product\\\/lamela-stergator-volvo-fl-ii-fl-300-18-diesel-300-cai-swf-133601\\\/#primaryimage\"},\"image\":{\"@id\":\"https:\\\/\\\/autorival.ro\\\/volvo\\\/product\\\/lamela-stergator-volvo-fl-ii-fl-300-18-diesel-300-cai-swf-133601\\\/#primaryimage\"},\"thumbnailUrl\":\"https:\\\/\\\/autorival.ro\\\/volvo\\\/wp-content\\\/uploads\\\/sites\\\/20\\\/2025\\\/07\\\/wiper20blade_133601_50-25.jpg\",\"datePublished\":\"2025-07-29T08:23:32+00:00\",\"description\":\"\u26a1 Lamela stergator VOLVO FL II FL 300-18 diesel 300 cai SWF 133601 pentru VOLVO. \u2713 Cod: 133601 \u2713 Brand: SWF \u2713 \u00cen stoc \u2713 Livrare 24h \u2713 Garan\u021bie!\",\"breadcrumb\":{\"@id\":\"https:\\\/\\\/autorival.ro\\\/volvo\\\/product\\\/lamela-stergator-volvo-fl-ii-fl-300-18-diesel-300-cai-swf-133601\\\/#breadcrumb\"},\"inLanguage\":\"en-US\",\"potentialAction\":[{\"@type\":\"ReadAction\",\"target\":[\"https:\\\/\\\/autorival.ro\\\/volvo\\\/product\\\/lamela-stergator-volvo-fl-ii-fl-300-18-diesel-300-cai-swf-133601\\\/\"]}]},{\"@type\":\"ImageObject\",\"inLanguage\":\"en-US\",\"@id\":\"https:\\\/\\\/autorival.ro\\\/volvo\\\/product\\\/lamela-stergator-volvo-fl-ii-fl-300-18-diesel-300-cai-swf-133601\\\/#primaryimage\",\"url\":\"https:\\\/\\\/autorival.ro\\\/volvo\\\/wp-content\\\/uploads\\\/sites\\\/20\\\/2025\\\/07\\\/wiper20blade_133601_50-25.jpg\",\"contentUrl\":\"https:\\\/\\\/autorival.ro\\\/volvo\\\/wp-content\\\/uploads\\\/sites\\\/20\\\/2025\\\/07\\\/wiper20blade_133601_50-25.jpg\",\"width\":1200,\"height\":849},{\"@type\":\"BreadcrumbList\",\"@id\":\"https:\\\/\\\/autorival.ro\\\/volvo\\\/product\\\/lamela-stergator-volvo-fl-ii-fl-300-18-diesel-300-cai-swf-133601\\\/#breadcrumb\",\"itemListElement\":[{\"@type\":\"ListItem\",\"position\":1,\"name\":\"Prima pagin\u0103\",\"item\":\"https:\\\/\\\/autorival.ro\\\/volvo\\\/\"},{\"@type\":\"ListItem\",\"position\":2,\"name\":\"Piese auto VOLVO\",\"item\":\"https:\\\/\\\/autorival.ro\\\/volvo\\\/\"},{\"@type\":\"ListItem\",\"position\":3,\"name\":\"Lamela stergator VOLVO FL II FL 300-18 diesel 300 cai SWF 133601\"}]},{\"@type\":\"WebSite\",\"@id\":\"https:\\\/\\\/autorival.ro\\\/volvo\\\/#website\",\"url\":\"https:\\\/\\\/autorival.ro\\\/volvo\\\/\",\"name\":\"VOLVO\",\"description\":\"\",\"potentialAction\":[{\"@type\":\"SearchAction\",\"target\":{\"@type\":\"EntryPoint\",\"urlTemplate\":\"https:\\\/\\\/autorival.ro\\\/volvo\\\/?s={search_term_string}\"},\"query-input\":{\"@type\":\"PropertyValueSpecification\",\"valueRequired\":true,\"valueName\":\"search_term_string\"}}],\"inLanguage\":\"en-US\"}]}<\/script>\n<!-- \/ Yoast SEO plugin. -->","yoast_head_json":{"title":"Lamela stergator VOLVO FL II FL 300-18 diesel 300 cai SWF 133601 VOLVO | SWF - Autorival","description":"\u26a1 Lamela stergator VOLVO FL II FL 300-18 diesel 300 cai SWF 133601 pentru VOLVO. \u2713 Cod: 133601 \u2713 Brand: SWF \u2713 \u00cen stoc \u2713 Livrare 24h \u2713 Garan\u021bie!","robots":{"index":"index","follow":"follow","max-snippet":"max-snippet:-1","max-image-preview":"max-image-preview:large","max-video-preview":"max-video-preview:-1"},"og_locale":"en_US","og_type":"article","og_title":"Lamela stergator VOLVO FL II FL 300-18 diesel 300 cai SWF 133601 VOLVO | SWF - Autorival","og_description":"\u26a1 Lamela stergator VOLVO FL II FL 300-18 diesel 300 cai SWF 133601 pentru VOLVO. \u2713 Cod: 133601 \u2713 Brand: SWF \u2713 \u00cen stoc \u2713 Livrare 24h \u2713 Garan\u021bie!","og_url":"https:\/\/autorival.ro\/volvo\/product\/lamela-stergator-volvo-fl-ii-fl-300-18-diesel-300-cai-swf-133601\/","og_site_name":"VOLVO","og_image":[{"width":1200,"height":849,"url":"https:\/\/autorival.ro\/volvo\/wp-content\/uploads\/sites\/20\/2025\/07\/wiper20blade_133601_50-25.jpg","type":"image\/jpeg"}],"twitter_card":"summary_large_image","twitter_title":"Lamela stergator VOLVO FL II FL 300-18 diesel 300 cai SWF 133601 VOLVO | SWF - Autorival","twitter_description":"\u26a1 Lamela stergator VOLVO FL II FL 300-18 diesel 300 cai SWF 133601 pentru VOLVO. \u2713 Cod: 133601 \u2713 Brand: SWF \u2713 \u00cen stoc \u2713 Livrare 24h \u2713 Garan\u021bie!","schema":{"@context":"https:\/\/schema.org","@graph":[{"@type":"WebPage","@id":"https:\/\/autorival.ro\/volvo\/product\/lamela-stergator-volvo-fl-ii-fl-300-18-diesel-300-cai-swf-133601\/","url":"https:\/\/autorival.ro\/volvo\/product\/lamela-stergator-volvo-fl-ii-fl-300-18-diesel-300-cai-swf-133601\/","name":"Lamela stergator VOLVO FL II FL 300-18 diesel 300 cai SWF 133601 VOLVO | SWF - Autorival","isPartOf":{"@id":"https:\/\/autorival.ro\/volvo\/#website"},"primaryImageOfPage":{"@id":"https:\/\/autorival.ro\/volvo\/product\/lamela-stergator-volvo-fl-ii-fl-300-18-diesel-300-cai-swf-133601\/#primaryimage"},"image":{"@id":"https:\/\/autorival.ro\/volvo\/product\/lamela-stergator-volvo-fl-ii-fl-300-18-diesel-300-cai-swf-133601\/#primaryimage"},"thumbnailUrl":"https:\/\/autorival.ro\/volvo\/wp-content\/uploads\/sites\/20\/2025\/07\/wiper20blade_133601_50-25.jpg","datePublished":"2025-07-29T08:23:32+00:00","description":"\u26a1 Lamela stergator VOLVO FL II FL 300-18 diesel 300 cai SWF 133601 pentru VOLVO. \u2713 Cod: 133601 \u2713 Brand: SWF \u2713 \u00cen stoc \u2713 Livrare 24h \u2713 Garan\u021bie!","breadcrumb":{"@id":"https:\/\/autorival.ro\/volvo\/product\/lamela-stergator-volvo-fl-ii-fl-300-18-diesel-300-cai-swf-133601\/#breadcrumb"},"inLanguage":"en-US","potentialAction":[{"@type":"ReadAction","target":["https:\/\/autorival.ro\/volvo\/product\/lamela-stergator-volvo-fl-ii-fl-300-18-diesel-300-cai-swf-133601\/"]}]},{"@type":"ImageObject","inLanguage":"en-US","@id":"https:\/\/autorival.ro\/volvo\/product\/lamela-stergator-volvo-fl-ii-fl-300-18-diesel-300-cai-swf-133601\/#primaryimage","url":"https:\/\/autorival.ro\/volvo\/wp-content\/uploads\/sites\/20\/2025\/07\/wiper20blade_133601_50-25.jpg","contentUrl":"https:\/\/autorival.ro\/volvo\/wp-content\/uploads\/sites\/20\/2025\/07\/wiper20blade_133601_50-25.jpg","width":1200,"height":849},{"@type":"BreadcrumbList","@id":"https:\/\/autorival.ro\/volvo\/product\/lamela-stergator-volvo-fl-ii-fl-300-18-diesel-300-cai-swf-133601\/#breadcrumb","itemListElement":[{"@type":"ListItem","position":1,"name":"Prima pagin\u0103","item":"https:\/\/autorival.ro\/volvo\/"},{"@type":"ListItem","position":2,"name":"Piese auto VOLVO","item":"https:\/\/autorival.ro\/volvo\/"},{"@type":"ListItem","position":3,"name":"Lamela stergator VOLVO FL II FL 300-18 diesel 300 cai SWF 133601"}]},{"@type":"WebSite","@id":"https:\/\/autorival.ro\/volvo\/#website","url":"https:\/\/autorival.ro\/volvo\/","name":"VOLVO","description":"","potentialAction":[{"@type":"SearchAction","target":{"@type":"EntryPoint","urlTemplate":"https:\/\/autorival.ro\/volvo\/?s={search_term_string}"},"query-input":{"@type":"PropertyValueSpecification","valueRequired":true,"valueName":"search_term_string"}}],"inLanguage":"en-US"}]}},"_links":{"self":[{"href":"https:\/\/autorival.ro\/volvo\/wp-json\/wp\/v2\/product\/406124","targetHints":{"allow":["GET"]}}],"collection":[{"href":"https:\/\/autorival.ro\/volvo\/wp-json\/wp\/v2\/product"}],"about":[{"href":"https:\/\/autorival.ro\/volvo\/wp-json\/wp\/v2\/types\/product"}],"replies":[{"embeddable":true,"href":"https:\/\/autorival.ro\/volvo\/wp-json\/wp\/v2\/comments?post=406124"}],"wp:featuredmedia":[{"embeddable":true,"href":"https:\/\/autorival.ro\/volvo\/wp-json\/wp\/v2\/media\/406125"}],"wp:attachment":[{"href":"https:\/\/autorival.ro\/volvo\/wp-json\/wp\/v2\/media?parent=406124"}],"wp:term":[{"taxonomy":"product_brand","embeddable":true,"href":"https:\/\/autorival.ro\/volvo\/wp-json\/wp\/v2\/product_brand?post=406124"},{"taxonomy":"product_cat","embeddable":true,"href":"https:\/\/autorival.ro\/volvo\/wp-json\/wp\/v2\/product_cat?post=406124"},{"taxonomy":"product_tag","embeddable":true,"href":"https:\/\/autorival.ro\/volvo\/wp-json\/wp\/v2\/product_tag?post=406124"}],"curies":[{"name":"wp","href":"https:\/\/api.w.org\/{rel}","templated":true}]}}