{"id":399664,"date":"2025-07-29T05:08:45","date_gmt":"2025-07-29T05:08:45","guid":{"rendered":"https:\/\/autorival.ro\/volvo\/product\/kit-distributie-volvo-c30-533-d2-diesel-115-cai-oe-peugeot-1635067180\/"},"modified":"2025-07-29T05:08:45","modified_gmt":"2025-07-29T05:08:45","slug":"kit-distributie-volvo-c30-533-d2-diesel-115-cai-oe-peugeot-1635067180","status":"publish","type":"product","link":"https:\/\/autorival.ro\/volvo\/product\/kit-distributie-volvo-c30-533-d2-diesel-115-cai-oe-peugeot-1635067180\/","title":{"rendered":"Kit distributie VOLVO C30 (533) D2 diesel 115 cai OE PEUGEOT 1635067180"},"content":{"rendered":"<p>Numarul de curele: 1contine role: 2Numar dinti: 141 ->Latime [mm]: 25,4 ->Diametru rola \u00eentinz\u0103toare [mm]: 60 ->Diametru rol\u0103 de \u00eentoarcere\/ghidare [mm]: 61Pentru componente vezi lista acestorapt. cod original (OE): 16 087 474 80, 1 787 857<\/p>\n","protected":false},"excerpt":{"rendered":"<p>Producator: OE PEUGEOT Cod producator: 1635067180<\/p>\n","protected":false},"featured_media":399665,"comment_status":"open","ping_status":"closed","template":"","meta":[],"product_brand":[3451],"product_cat":[38378],"product_tag":[77652,77651,78440,78515,77916,78053,77628],"class_list":{"0":"post-399664","1":"product","2":"type-product","3":"status-publish","4":"has-post-thumbnail","6":"product_brand-oe-peugeot","7":"product_cat-kit-distributie-533-d2-diesel-115","8":"product_tag-77652","9":"product_tag-c30","10":"product_tag-distributie","11":"product_tag-kit","12":"product_tag-oe","13":"product_tag-peugeot","14":"product_tag-volvo","16":"first","17":"instock","18":"shipping-taxable","19":"purchasable","20":"product-type-simple"},"yoast_head":"<!-- This site is optimized with the Yoast SEO plugin v27.5 - https:\/\/yoast.com\/product\/yoast-seo-wordpress\/ -->\n<title>Kit distributie VOLVO C30 (533) D2 diesel 115 cai OE PEUGEOT 1635067180 VOLVO | OE - Autorival<\/title>\n<meta name=\"description\" content=\"\u26a1 Kit distributie VOLVO C30 (533) D2 diesel 115 cai OE PEUGEOT 1635067180 pentru VOLVO. \u2713 Cod: 1635067180 \u2713 Brand: OE \u2713 \u00cen stoc \u2713 Livrare 24h \u2713 Garan\u021bie!\" \/>\n<meta name=\"robots\" content=\"index, follow, max-snippet:-1, max-image-preview:large, max-video-preview:-1\" \/>\n<meta property=\"og:locale\" content=\"en_US\" \/>\n<meta property=\"og:type\" content=\"article\" \/>\n<meta property=\"og:title\" content=\"Kit distributie VOLVO C30 (533) D2 diesel 115 cai OE PEUGEOT 1635067180 VOLVO | OE - Autorival\" \/>\n<meta property=\"og:description\" content=\"\u26a1 Kit distributie VOLVO C30 (533) D2 diesel 115 cai OE PEUGEOT 1635067180 pentru VOLVO. \u2713 Cod: 1635067180 \u2713 Brand: OE \u2713 \u00cen stoc \u2713 Livrare 24h \u2713 Garan\u021bie!\" \/>\n<meta property=\"og:url\" content=\"https:\/\/autorival.ro\/volvo\/product\/kit-distributie-volvo-c30-533-d2-diesel-115-cai-oe-peugeot-1635067180\/\" \/>\n<meta property=\"og:site_name\" content=\"VOLVO\" \/>\n<meta property=\"og:image\" content=\"https:\/\/autorival.ro\/volvo\/wp-content\/uploads\/sites\/20\/2025\/07\/OE20PEUGEOT-28.png\" \/>\n\t<meta property=\"og:image:width\" content=\"1280\" \/>\n\t<meta property=\"og:image:height\" content=\"902\" \/>\n\t<meta property=\"og:image:type\" content=\"image\/png\" \/>\n<meta name=\"twitter:card\" content=\"summary_large_image\" \/>\n<meta name=\"twitter:title\" content=\"Kit distributie VOLVO C30 (533) D2 diesel 115 cai OE PEUGEOT 1635067180 VOLVO | OE - Autorival\" \/>\n<meta name=\"twitter:description\" content=\"\u26a1 Kit distributie VOLVO C30 (533) D2 diesel 115 cai OE PEUGEOT 1635067180 pentru VOLVO. \u2713 Cod: 1635067180 \u2713 Brand: OE \u2713 \u00cen stoc \u2713 Livrare 24h \u2713 Garan\u021bie!\" \/>\n<script type=\"application\/ld+json\" class=\"yoast-schema-graph\">{\"@context\":\"https:\\\/\\\/schema.org\",\"@graph\":[{\"@type\":\"WebPage\",\"@id\":\"https:\\\/\\\/autorival.ro\\\/volvo\\\/product\\\/kit-distributie-volvo-c30-533-d2-diesel-115-cai-oe-peugeot-1635067180\\\/\",\"url\":\"https:\\\/\\\/autorival.ro\\\/volvo\\\/product\\\/kit-distributie-volvo-c30-533-d2-diesel-115-cai-oe-peugeot-1635067180\\\/\",\"name\":\"Kit distributie VOLVO C30 (533) D2 diesel 115 cai OE PEUGEOT 1635067180 VOLVO | OE - Autorival\",\"isPartOf\":{\"@id\":\"https:\\\/\\\/autorival.ro\\\/volvo\\\/#website\"},\"primaryImageOfPage\":{\"@id\":\"https:\\\/\\\/autorival.ro\\\/volvo\\\/product\\\/kit-distributie-volvo-c30-533-d2-diesel-115-cai-oe-peugeot-1635067180\\\/#primaryimage\"},\"image\":{\"@id\":\"https:\\\/\\\/autorival.ro\\\/volvo\\\/product\\\/kit-distributie-volvo-c30-533-d2-diesel-115-cai-oe-peugeot-1635067180\\\/#primaryimage\"},\"thumbnailUrl\":\"https:\\\/\\\/autorival.ro\\\/volvo\\\/wp-content\\\/uploads\\\/sites\\\/20\\\/2025\\\/07\\\/OE20PEUGEOT-28.png\",\"datePublished\":\"2025-07-29T05:08:45+00:00\",\"description\":\"\u26a1 Kit distributie VOLVO C30 (533) D2 diesel 115 cai OE PEUGEOT 1635067180 pentru VOLVO. \u2713 Cod: 1635067180 \u2713 Brand: OE \u2713 \u00cen stoc \u2713 Livrare 24h \u2713 Garan\u021bie!\",\"breadcrumb\":{\"@id\":\"https:\\\/\\\/autorival.ro\\\/volvo\\\/product\\\/kit-distributie-volvo-c30-533-d2-diesel-115-cai-oe-peugeot-1635067180\\\/#breadcrumb\"},\"inLanguage\":\"en-US\",\"potentialAction\":[{\"@type\":\"ReadAction\",\"target\":[\"https:\\\/\\\/autorival.ro\\\/volvo\\\/product\\\/kit-distributie-volvo-c30-533-d2-diesel-115-cai-oe-peugeot-1635067180\\\/\"]}]},{\"@type\":\"ImageObject\",\"inLanguage\":\"en-US\",\"@id\":\"https:\\\/\\\/autorival.ro\\\/volvo\\\/product\\\/kit-distributie-volvo-c30-533-d2-diesel-115-cai-oe-peugeot-1635067180\\\/#primaryimage\",\"url\":\"https:\\\/\\\/autorival.ro\\\/volvo\\\/wp-content\\\/uploads\\\/sites\\\/20\\\/2025\\\/07\\\/OE20PEUGEOT-28.png\",\"contentUrl\":\"https:\\\/\\\/autorival.ro\\\/volvo\\\/wp-content\\\/uploads\\\/sites\\\/20\\\/2025\\\/07\\\/OE20PEUGEOT-28.png\",\"width\":1280,\"height\":902},{\"@type\":\"BreadcrumbList\",\"@id\":\"https:\\\/\\\/autorival.ro\\\/volvo\\\/product\\\/kit-distributie-volvo-c30-533-d2-diesel-115-cai-oe-peugeot-1635067180\\\/#breadcrumb\",\"itemListElement\":[{\"@type\":\"ListItem\",\"position\":1,\"name\":\"Prima pagin\u0103\",\"item\":\"https:\\\/\\\/autorival.ro\\\/volvo\\\/\"},{\"@type\":\"ListItem\",\"position\":2,\"name\":\"Piese auto VOLVO\",\"item\":\"https:\\\/\\\/autorival.ro\\\/volvo\\\/\"},{\"@type\":\"ListItem\",\"position\":3,\"name\":\"Kit distributie VOLVO C30 (533) D2 diesel 115 cai OE PEUGEOT 1635067180\"}]},{\"@type\":\"WebSite\",\"@id\":\"https:\\\/\\\/autorival.ro\\\/volvo\\\/#website\",\"url\":\"https:\\\/\\\/autorival.ro\\\/volvo\\\/\",\"name\":\"VOLVO\",\"description\":\"\",\"potentialAction\":[{\"@type\":\"SearchAction\",\"target\":{\"@type\":\"EntryPoint\",\"urlTemplate\":\"https:\\\/\\\/autorival.ro\\\/volvo\\\/?s={search_term_string}\"},\"query-input\":{\"@type\":\"PropertyValueSpecification\",\"valueRequired\":true,\"valueName\":\"search_term_string\"}}],\"inLanguage\":\"en-US\"}]}<\/script>\n<!-- \/ Yoast SEO plugin. -->","yoast_head_json":{"title":"Kit distributie VOLVO C30 (533) D2 diesel 115 cai OE PEUGEOT 1635067180 VOLVO | OE - Autorival","description":"\u26a1 Kit distributie VOLVO C30 (533) D2 diesel 115 cai OE PEUGEOT 1635067180 pentru VOLVO. \u2713 Cod: 1635067180 \u2713 Brand: OE \u2713 \u00cen stoc \u2713 Livrare 24h \u2713 Garan\u021bie!","robots":{"index":"index","follow":"follow","max-snippet":"max-snippet:-1","max-image-preview":"max-image-preview:large","max-video-preview":"max-video-preview:-1"},"og_locale":"en_US","og_type":"article","og_title":"Kit distributie VOLVO C30 (533) D2 diesel 115 cai OE PEUGEOT 1635067180 VOLVO | OE - Autorival","og_description":"\u26a1 Kit distributie VOLVO C30 (533) D2 diesel 115 cai OE PEUGEOT 1635067180 pentru VOLVO. \u2713 Cod: 1635067180 \u2713 Brand: OE \u2713 \u00cen stoc \u2713 Livrare 24h \u2713 Garan\u021bie!","og_url":"https:\/\/autorival.ro\/volvo\/product\/kit-distributie-volvo-c30-533-d2-diesel-115-cai-oe-peugeot-1635067180\/","og_site_name":"VOLVO","og_image":[{"width":1280,"height":902,"url":"https:\/\/autorival.ro\/volvo\/wp-content\/uploads\/sites\/20\/2025\/07\/OE20PEUGEOT-28.png","type":"image\/png"}],"twitter_card":"summary_large_image","twitter_title":"Kit distributie VOLVO C30 (533) D2 diesel 115 cai OE PEUGEOT 1635067180 VOLVO | OE - Autorival","twitter_description":"\u26a1 Kit distributie VOLVO C30 (533) D2 diesel 115 cai OE PEUGEOT 1635067180 pentru VOLVO. \u2713 Cod: 1635067180 \u2713 Brand: OE \u2713 \u00cen stoc \u2713 Livrare 24h \u2713 Garan\u021bie!","schema":{"@context":"https:\/\/schema.org","@graph":[{"@type":"WebPage","@id":"https:\/\/autorival.ro\/volvo\/product\/kit-distributie-volvo-c30-533-d2-diesel-115-cai-oe-peugeot-1635067180\/","url":"https:\/\/autorival.ro\/volvo\/product\/kit-distributie-volvo-c30-533-d2-diesel-115-cai-oe-peugeot-1635067180\/","name":"Kit distributie VOLVO C30 (533) D2 diesel 115 cai OE PEUGEOT 1635067180 VOLVO | OE - Autorival","isPartOf":{"@id":"https:\/\/autorival.ro\/volvo\/#website"},"primaryImageOfPage":{"@id":"https:\/\/autorival.ro\/volvo\/product\/kit-distributie-volvo-c30-533-d2-diesel-115-cai-oe-peugeot-1635067180\/#primaryimage"},"image":{"@id":"https:\/\/autorival.ro\/volvo\/product\/kit-distributie-volvo-c30-533-d2-diesel-115-cai-oe-peugeot-1635067180\/#primaryimage"},"thumbnailUrl":"https:\/\/autorival.ro\/volvo\/wp-content\/uploads\/sites\/20\/2025\/07\/OE20PEUGEOT-28.png","datePublished":"2025-07-29T05:08:45+00:00","description":"\u26a1 Kit distributie VOLVO C30 (533) D2 diesel 115 cai OE PEUGEOT 1635067180 pentru VOLVO. \u2713 Cod: 1635067180 \u2713 Brand: OE \u2713 \u00cen stoc \u2713 Livrare 24h \u2713 Garan\u021bie!","breadcrumb":{"@id":"https:\/\/autorival.ro\/volvo\/product\/kit-distributie-volvo-c30-533-d2-diesel-115-cai-oe-peugeot-1635067180\/#breadcrumb"},"inLanguage":"en-US","potentialAction":[{"@type":"ReadAction","target":["https:\/\/autorival.ro\/volvo\/product\/kit-distributie-volvo-c30-533-d2-diesel-115-cai-oe-peugeot-1635067180\/"]}]},{"@type":"ImageObject","inLanguage":"en-US","@id":"https:\/\/autorival.ro\/volvo\/product\/kit-distributie-volvo-c30-533-d2-diesel-115-cai-oe-peugeot-1635067180\/#primaryimage","url":"https:\/\/autorival.ro\/volvo\/wp-content\/uploads\/sites\/20\/2025\/07\/OE20PEUGEOT-28.png","contentUrl":"https:\/\/autorival.ro\/volvo\/wp-content\/uploads\/sites\/20\/2025\/07\/OE20PEUGEOT-28.png","width":1280,"height":902},{"@type":"BreadcrumbList","@id":"https:\/\/autorival.ro\/volvo\/product\/kit-distributie-volvo-c30-533-d2-diesel-115-cai-oe-peugeot-1635067180\/#breadcrumb","itemListElement":[{"@type":"ListItem","position":1,"name":"Prima pagin\u0103","item":"https:\/\/autorival.ro\/volvo\/"},{"@type":"ListItem","position":2,"name":"Piese auto VOLVO","item":"https:\/\/autorival.ro\/volvo\/"},{"@type":"ListItem","position":3,"name":"Kit distributie VOLVO C30 (533) D2 diesel 115 cai OE PEUGEOT 1635067180"}]},{"@type":"WebSite","@id":"https:\/\/autorival.ro\/volvo\/#website","url":"https:\/\/autorival.ro\/volvo\/","name":"VOLVO","description":"","potentialAction":[{"@type":"SearchAction","target":{"@type":"EntryPoint","urlTemplate":"https:\/\/autorival.ro\/volvo\/?s={search_term_string}"},"query-input":{"@type":"PropertyValueSpecification","valueRequired":true,"valueName":"search_term_string"}}],"inLanguage":"en-US"}]}},"_links":{"self":[{"href":"https:\/\/autorival.ro\/volvo\/wp-json\/wp\/v2\/product\/399664","targetHints":{"allow":["GET"]}}],"collection":[{"href":"https:\/\/autorival.ro\/volvo\/wp-json\/wp\/v2\/product"}],"about":[{"href":"https:\/\/autorival.ro\/volvo\/wp-json\/wp\/v2\/types\/product"}],"replies":[{"embeddable":true,"href":"https:\/\/autorival.ro\/volvo\/wp-json\/wp\/v2\/comments?post=399664"}],"wp:featuredmedia":[{"embeddable":true,"href":"https:\/\/autorival.ro\/volvo\/wp-json\/wp\/v2\/media\/399665"}],"wp:attachment":[{"href":"https:\/\/autorival.ro\/volvo\/wp-json\/wp\/v2\/media?parent=399664"}],"wp:term":[{"taxonomy":"product_brand","embeddable":true,"href":"https:\/\/autorival.ro\/volvo\/wp-json\/wp\/v2\/product_brand?post=399664"},{"taxonomy":"product_cat","embeddable":true,"href":"https:\/\/autorival.ro\/volvo\/wp-json\/wp\/v2\/product_cat?post=399664"},{"taxonomy":"product_tag","embeddable":true,"href":"https:\/\/autorival.ro\/volvo\/wp-json\/wp\/v2\/product_tag?post=399664"}],"curies":[{"name":"wp","href":"https:\/\/api.w.org\/{rel}","templated":true}]}}