{"id":393398,"date":"2025-07-29T02:07:53","date_gmt":"2025-07-29T02:07:53","guid":{"rendered":"https:\/\/autorival.ro\/volvo\/product\/intrerupator-multifunctional-volvo-fh-500-diesel-500-cai-febi-bilstein-44677\/"},"modified":"2025-07-29T02:07:53","modified_gmt":"2025-07-29T02:07:53","slug":"intrerupator-multifunctional-volvo-fh-500-diesel-500-cai-febi-bilstein-44677","status":"publish","type":"product","link":"https:\/\/autorival.ro\/volvo\/product\/intrerupator-multifunctional-volvo-fh-500-diesel-500-cai-febi-bilstein-44677\/","title":{"rendered":"Intrerupator multifunctional VOLVO FH 500 diesel 500 cai FEBI BILSTEIN 44677"},"content":{"rendered":"<p>Nr. de cuplaje: 15Partea de montare: pe partea soferuluiFunctie comutator combinat: Macara geam, Reglarea oglinzilor, \u00cenc\u0103lzire oglind\u0103 Pornit\/Oprit ->Greutate [kg]: 0,105pt. cod original (OE): 22566508<\/p>\n","protected":false},"excerpt":{"rendered":"<p>Producator: FEBI BILSTEIN Cod producator: 44677<\/p>\n","protected":false},"featured_media":393399,"comment_status":"open","ping_status":"closed","template":"","meta":[],"product_brand":[293],"product_cat":[38024],"product_tag":[77727,77659,77658,77629,78766,78336,77628],"class_list":{"0":"post-393398","1":"product","2":"type-product","3":"status-publish","4":"has-post-thumbnail","6":"product_brand-febi-bilstein","7":"product_cat-intrerupator-multifunctional-500-diesel-500","8":"product_tag-77727","9":"product_tag-bilstein","10":"product_tag-febi","11":"product_tag-fh","12":"product_tag-intrerupator","13":"product_tag-multifunctional","14":"product_tag-volvo","16":"first","17":"instock","18":"shipping-taxable","19":"purchasable","20":"product-type-simple"},"yoast_head":"<!-- This site is optimized with the Yoast SEO plugin v27.3 - https:\/\/yoast.com\/product\/yoast-seo-wordpress\/ -->\n<title>Intrerupator multifunctional VOLVO FH 500 diesel 500 cai FEBI BILSTEIN 44677 VOLVO | FEBI - Autorival<\/title>\n<meta name=\"description\" content=\"\u26a1 Intrerupator multifunctional VOLVO FH 500 diesel 500 cai FEBI BILSTEIN 44677 pentru VOLVO. \u2713 Cod: 44677 \u2713 Brand: FEBI \u2713 \u00cen stoc \u2713 Livrare 24h \u2713 Garan\u021bie!\" \/>\n<meta name=\"robots\" content=\"index, follow, max-snippet:-1, max-image-preview:large, max-video-preview:-1\" \/>\n<meta property=\"og:locale\" content=\"en_US\" \/>\n<meta property=\"og:type\" content=\"article\" \/>\n<meta property=\"og:title\" content=\"Intrerupator multifunctional VOLVO FH 500 diesel 500 cai FEBI BILSTEIN 44677 VOLVO | FEBI - Autorival\" \/>\n<meta property=\"og:description\" content=\"\u26a1 Intrerupator multifunctional VOLVO FH 500 diesel 500 cai FEBI BILSTEIN 44677 pentru VOLVO. \u2713 Cod: 44677 \u2713 Brand: FEBI \u2713 \u00cen stoc \u2713 Livrare 24h \u2713 Garan\u021bie!\" \/>\n<meta property=\"og:url\" content=\"https:\/\/autorival.ro\/volvo\/product\/intrerupator-multifunctional-volvo-fh-500-diesel-500-cai-febi-bilstein-44677\/\" \/>\n<meta property=\"og:site_name\" content=\"VOLVO\" \/>\n<meta property=\"og:image\" content=\"https:\/\/autorival.ro\/volvo\/wp-content\/uploads\/sites\/20\/2025\/07\/44677_1-6.jpg\" \/>\n\t<meta property=\"og:image:width\" content=\"495\" \/>\n\t<meta property=\"og:image:height\" content=\"400\" \/>\n\t<meta property=\"og:image:type\" content=\"image\/jpeg\" \/>\n<meta name=\"twitter:card\" content=\"summary_large_image\" \/>\n<meta name=\"twitter:title\" content=\"Intrerupator multifunctional VOLVO FH 500 diesel 500 cai FEBI BILSTEIN 44677 VOLVO | FEBI - Autorival\" \/>\n<meta name=\"twitter:description\" content=\"\u26a1 Intrerupator multifunctional VOLVO FH 500 diesel 500 cai FEBI BILSTEIN 44677 pentru VOLVO. \u2713 Cod: 44677 \u2713 Brand: FEBI \u2713 \u00cen stoc \u2713 Livrare 24h \u2713 Garan\u021bie!\" \/>\n<script type=\"application\/ld+json\" class=\"yoast-schema-graph\">{\"@context\":\"https:\\\/\\\/schema.org\",\"@graph\":[{\"@type\":\"WebPage\",\"@id\":\"https:\\\/\\\/autorival.ro\\\/volvo\\\/product\\\/intrerupator-multifunctional-volvo-fh-500-diesel-500-cai-febi-bilstein-44677\\\/\",\"url\":\"https:\\\/\\\/autorival.ro\\\/volvo\\\/product\\\/intrerupator-multifunctional-volvo-fh-500-diesel-500-cai-febi-bilstein-44677\\\/\",\"name\":\"Intrerupator multifunctional VOLVO FH 500 diesel 500 cai FEBI BILSTEIN 44677 VOLVO | FEBI - Autorival\",\"isPartOf\":{\"@id\":\"https:\\\/\\\/autorival.ro\\\/volvo\\\/#website\"},\"primaryImageOfPage\":{\"@id\":\"https:\\\/\\\/autorival.ro\\\/volvo\\\/product\\\/intrerupator-multifunctional-volvo-fh-500-diesel-500-cai-febi-bilstein-44677\\\/#primaryimage\"},\"image\":{\"@id\":\"https:\\\/\\\/autorival.ro\\\/volvo\\\/product\\\/intrerupator-multifunctional-volvo-fh-500-diesel-500-cai-febi-bilstein-44677\\\/#primaryimage\"},\"thumbnailUrl\":\"https:\\\/\\\/autorival.ro\\\/volvo\\\/wp-content\\\/uploads\\\/sites\\\/20\\\/2025\\\/07\\\/44677_1-6.jpg\",\"datePublished\":\"2025-07-29T02:07:53+00:00\",\"description\":\"\u26a1 Intrerupator multifunctional VOLVO FH 500 diesel 500 cai FEBI BILSTEIN 44677 pentru VOLVO. \u2713 Cod: 44677 \u2713 Brand: FEBI \u2713 \u00cen stoc \u2713 Livrare 24h \u2713 Garan\u021bie!\",\"breadcrumb\":{\"@id\":\"https:\\\/\\\/autorival.ro\\\/volvo\\\/product\\\/intrerupator-multifunctional-volvo-fh-500-diesel-500-cai-febi-bilstein-44677\\\/#breadcrumb\"},\"inLanguage\":\"en-US\",\"potentialAction\":[{\"@type\":\"ReadAction\",\"target\":[\"https:\\\/\\\/autorival.ro\\\/volvo\\\/product\\\/intrerupator-multifunctional-volvo-fh-500-diesel-500-cai-febi-bilstein-44677\\\/\"]}]},{\"@type\":\"ImageObject\",\"inLanguage\":\"en-US\",\"@id\":\"https:\\\/\\\/autorival.ro\\\/volvo\\\/product\\\/intrerupator-multifunctional-volvo-fh-500-diesel-500-cai-febi-bilstein-44677\\\/#primaryimage\",\"url\":\"https:\\\/\\\/autorival.ro\\\/volvo\\\/wp-content\\\/uploads\\\/sites\\\/20\\\/2025\\\/07\\\/44677_1-6.jpg\",\"contentUrl\":\"https:\\\/\\\/autorival.ro\\\/volvo\\\/wp-content\\\/uploads\\\/sites\\\/20\\\/2025\\\/07\\\/44677_1-6.jpg\",\"width\":495,\"height\":400},{\"@type\":\"BreadcrumbList\",\"@id\":\"https:\\\/\\\/autorival.ro\\\/volvo\\\/product\\\/intrerupator-multifunctional-volvo-fh-500-diesel-500-cai-febi-bilstein-44677\\\/#breadcrumb\",\"itemListElement\":[{\"@type\":\"ListItem\",\"position\":1,\"name\":\"Prima pagin\u0103\",\"item\":\"https:\\\/\\\/autorival.ro\\\/volvo\\\/\"},{\"@type\":\"ListItem\",\"position\":2,\"name\":\"Piese auto VOLVO\",\"item\":\"https:\\\/\\\/autorival.ro\\\/volvo\\\/\"},{\"@type\":\"ListItem\",\"position\":3,\"name\":\"Intrerupator multifunctional VOLVO FH 500 diesel 500 cai FEBI BILSTEIN 44677\"}]},{\"@type\":\"WebSite\",\"@id\":\"https:\\\/\\\/autorival.ro\\\/volvo\\\/#website\",\"url\":\"https:\\\/\\\/autorival.ro\\\/volvo\\\/\",\"name\":\"VOLVO\",\"description\":\"\",\"potentialAction\":[{\"@type\":\"SearchAction\",\"target\":{\"@type\":\"EntryPoint\",\"urlTemplate\":\"https:\\\/\\\/autorival.ro\\\/volvo\\\/?s={search_term_string}\"},\"query-input\":{\"@type\":\"PropertyValueSpecification\",\"valueRequired\":true,\"valueName\":\"search_term_string\"}}],\"inLanguage\":\"en-US\"}]}<\/script>\n<!-- \/ Yoast SEO plugin. -->","yoast_head_json":{"title":"Intrerupator multifunctional VOLVO FH 500 diesel 500 cai FEBI BILSTEIN 44677 VOLVO | FEBI - Autorival","description":"\u26a1 Intrerupator multifunctional VOLVO FH 500 diesel 500 cai FEBI BILSTEIN 44677 pentru VOLVO. \u2713 Cod: 44677 \u2713 Brand: FEBI \u2713 \u00cen stoc \u2713 Livrare 24h \u2713 Garan\u021bie!","robots":{"index":"index","follow":"follow","max-snippet":"max-snippet:-1","max-image-preview":"max-image-preview:large","max-video-preview":"max-video-preview:-1"},"og_locale":"en_US","og_type":"article","og_title":"Intrerupator multifunctional VOLVO FH 500 diesel 500 cai FEBI BILSTEIN 44677 VOLVO | FEBI - Autorival","og_description":"\u26a1 Intrerupator multifunctional VOLVO FH 500 diesel 500 cai FEBI BILSTEIN 44677 pentru VOLVO. \u2713 Cod: 44677 \u2713 Brand: FEBI \u2713 \u00cen stoc \u2713 Livrare 24h \u2713 Garan\u021bie!","og_url":"https:\/\/autorival.ro\/volvo\/product\/intrerupator-multifunctional-volvo-fh-500-diesel-500-cai-febi-bilstein-44677\/","og_site_name":"VOLVO","og_image":[{"width":495,"height":400,"url":"https:\/\/autorival.ro\/volvo\/wp-content\/uploads\/sites\/20\/2025\/07\/44677_1-6.jpg","type":"image\/jpeg"}],"twitter_card":"summary_large_image","twitter_title":"Intrerupator multifunctional VOLVO FH 500 diesel 500 cai FEBI BILSTEIN 44677 VOLVO | FEBI - Autorival","twitter_description":"\u26a1 Intrerupator multifunctional VOLVO FH 500 diesel 500 cai FEBI BILSTEIN 44677 pentru VOLVO. \u2713 Cod: 44677 \u2713 Brand: FEBI \u2713 \u00cen stoc \u2713 Livrare 24h \u2713 Garan\u021bie!","schema":{"@context":"https:\/\/schema.org","@graph":[{"@type":"WebPage","@id":"https:\/\/autorival.ro\/volvo\/product\/intrerupator-multifunctional-volvo-fh-500-diesel-500-cai-febi-bilstein-44677\/","url":"https:\/\/autorival.ro\/volvo\/product\/intrerupator-multifunctional-volvo-fh-500-diesel-500-cai-febi-bilstein-44677\/","name":"Intrerupator multifunctional VOLVO FH 500 diesel 500 cai FEBI BILSTEIN 44677 VOLVO | FEBI - Autorival","isPartOf":{"@id":"https:\/\/autorival.ro\/volvo\/#website"},"primaryImageOfPage":{"@id":"https:\/\/autorival.ro\/volvo\/product\/intrerupator-multifunctional-volvo-fh-500-diesel-500-cai-febi-bilstein-44677\/#primaryimage"},"image":{"@id":"https:\/\/autorival.ro\/volvo\/product\/intrerupator-multifunctional-volvo-fh-500-diesel-500-cai-febi-bilstein-44677\/#primaryimage"},"thumbnailUrl":"https:\/\/autorival.ro\/volvo\/wp-content\/uploads\/sites\/20\/2025\/07\/44677_1-6.jpg","datePublished":"2025-07-29T02:07:53+00:00","description":"\u26a1 Intrerupator multifunctional VOLVO FH 500 diesel 500 cai FEBI BILSTEIN 44677 pentru VOLVO. \u2713 Cod: 44677 \u2713 Brand: FEBI \u2713 \u00cen stoc \u2713 Livrare 24h \u2713 Garan\u021bie!","breadcrumb":{"@id":"https:\/\/autorival.ro\/volvo\/product\/intrerupator-multifunctional-volvo-fh-500-diesel-500-cai-febi-bilstein-44677\/#breadcrumb"},"inLanguage":"en-US","potentialAction":[{"@type":"ReadAction","target":["https:\/\/autorival.ro\/volvo\/product\/intrerupator-multifunctional-volvo-fh-500-diesel-500-cai-febi-bilstein-44677\/"]}]},{"@type":"ImageObject","inLanguage":"en-US","@id":"https:\/\/autorival.ro\/volvo\/product\/intrerupator-multifunctional-volvo-fh-500-diesel-500-cai-febi-bilstein-44677\/#primaryimage","url":"https:\/\/autorival.ro\/volvo\/wp-content\/uploads\/sites\/20\/2025\/07\/44677_1-6.jpg","contentUrl":"https:\/\/autorival.ro\/volvo\/wp-content\/uploads\/sites\/20\/2025\/07\/44677_1-6.jpg","width":495,"height":400},{"@type":"BreadcrumbList","@id":"https:\/\/autorival.ro\/volvo\/product\/intrerupator-multifunctional-volvo-fh-500-diesel-500-cai-febi-bilstein-44677\/#breadcrumb","itemListElement":[{"@type":"ListItem","position":1,"name":"Prima pagin\u0103","item":"https:\/\/autorival.ro\/volvo\/"},{"@type":"ListItem","position":2,"name":"Piese auto VOLVO","item":"https:\/\/autorival.ro\/volvo\/"},{"@type":"ListItem","position":3,"name":"Intrerupator multifunctional VOLVO FH 500 diesel 500 cai FEBI BILSTEIN 44677"}]},{"@type":"WebSite","@id":"https:\/\/autorival.ro\/volvo\/#website","url":"https:\/\/autorival.ro\/volvo\/","name":"VOLVO","description":"","potentialAction":[{"@type":"SearchAction","target":{"@type":"EntryPoint","urlTemplate":"https:\/\/autorival.ro\/volvo\/?s={search_term_string}"},"query-input":{"@type":"PropertyValueSpecification","valueRequired":true,"valueName":"search_term_string"}}],"inLanguage":"en-US"}]}},"_links":{"self":[{"href":"https:\/\/autorival.ro\/volvo\/wp-json\/wp\/v2\/product\/393398","targetHints":{"allow":["GET"]}}],"collection":[{"href":"https:\/\/autorival.ro\/volvo\/wp-json\/wp\/v2\/product"}],"about":[{"href":"https:\/\/autorival.ro\/volvo\/wp-json\/wp\/v2\/types\/product"}],"replies":[{"embeddable":true,"href":"https:\/\/autorival.ro\/volvo\/wp-json\/wp\/v2\/comments?post=393398"}],"wp:featuredmedia":[{"embeddable":true,"href":"https:\/\/autorival.ro\/volvo\/wp-json\/wp\/v2\/media\/393399"}],"wp:attachment":[{"href":"https:\/\/autorival.ro\/volvo\/wp-json\/wp\/v2\/media?parent=393398"}],"wp:term":[{"taxonomy":"product_brand","embeddable":true,"href":"https:\/\/autorival.ro\/volvo\/wp-json\/wp\/v2\/product_brand?post=393398"},{"taxonomy":"product_cat","embeddable":true,"href":"https:\/\/autorival.ro\/volvo\/wp-json\/wp\/v2\/product_cat?post=393398"},{"taxonomy":"product_tag","embeddable":true,"href":"https:\/\/autorival.ro\/volvo\/wp-json\/wp\/v2\/product_tag?post=393398"}],"curies":[{"name":"wp","href":"https:\/\/api.w.org\/{rel}","templated":true}]}}