{"id":390006,"date":"2025-07-29T00:32:37","date_gmt":"2025-07-29T00:32:37","guid":{"rendered":"https:\/\/autorival.ro\/volvo\/product\/intinzator-curea-transmisie-volvo-fm-fm-340-diesel-340-cai-dayco-apv2400\/"},"modified":"2025-07-29T00:32:37","modified_gmt":"2025-07-29T00:32:37","slug":"intinzator-curea-transmisie-volvo-fm-fm-340-diesel-340-cai-dayco-apv2400","status":"publish","type":"product","link":"https:\/\/autorival.ro\/volvo\/product\/intinzator-curea-transmisie-volvo-fm-fm-340-diesel-340-cai-dayco-apv2400\/","title":{"rendered":"Intinzator curea transmisie VOLVO FM FM 340 diesel 340 cai DAYCO APV2400"},"content":{"rendered":"<p>Agregate angrenate: AlternatorVariant\u0103 de echipare: TENSpt. cod original (OE): 21422767Fulie curea \u00d8 [mm]: 74,2\u00cenaltime 1 [mm]: 37,9\u00cenaltime 2 [mm]: 74,9 ->Greutate [kg]: 2,0<\/p>\n","protected":false},"excerpt":{"rendered":"<p>Producator: DAYCO Cod producator: APV2400<\/p>\n","protected":false},"featured_media":390007,"comment_status":"open","ping_status":"closed","template":"","meta":[],"product_brand":[4570],"product_cat":[37564],"product_tag":[78024,78764,78095,77647,78762,78258,77628],"class_list":{"0":"post-390006","1":"product","2":"type-product","3":"status-publish","4":"has-post-thumbnail","6":"product_brand-dayco","7":"product_cat-intinzator-curea-transmisie-fm-340-diesel-340","8":"product_tag-curea","9":"product_tag-apv","10":"product_tag-dayco","11":"product_tag-fm","12":"product_tag-intinzator","13":"product_tag-transmisie","14":"product_tag-volvo","16":"first","17":"instock","18":"shipping-taxable","19":"purchasable","20":"product-type-simple"},"yoast_head":"<!-- This site is optimized with the Yoast SEO plugin v27.3 - https:\/\/yoast.com\/product\/yoast-seo-wordpress\/ -->\n<title>Intinzator curea transmisie VOLVO FM FM 340 diesel 340 cai DAYCO APV2400 VOLVO | DAYCO - Autorival<\/title>\n<meta name=\"description\" content=\"\u26a1 Intinzator curea transmisie VOLVO FM FM 340 diesel 340 cai DAYCO APV2400 pentru VOLVO. \u2713 Cod: APV2400 \u2713 Brand: DAYCO \u2713 \u00cen stoc \u2713 Livrare 24h \u2713 Garan\u021bie!\" \/>\n<meta name=\"robots\" content=\"index, follow, max-snippet:-1, max-image-preview:large, max-video-preview:-1\" \/>\n<meta property=\"og:locale\" content=\"en_US\" \/>\n<meta property=\"og:type\" content=\"article\" \/>\n<meta property=\"og:title\" content=\"Intinzator curea transmisie VOLVO FM FM 340 diesel 340 cai DAYCO APV2400 VOLVO | DAYCO - Autorival\" \/>\n<meta property=\"og:description\" content=\"\u26a1 Intinzator curea transmisie VOLVO FM FM 340 diesel 340 cai DAYCO APV2400 pentru VOLVO. \u2713 Cod: APV2400 \u2713 Brand: DAYCO \u2713 \u00cen stoc \u2713 Livrare 24h \u2713 Garan\u021bie!\" \/>\n<meta property=\"og:url\" content=\"https:\/\/autorival.ro\/volvo\/product\/intinzator-curea-transmisie-volvo-fm-fm-340-diesel-340-cai-dayco-apv2400\/\" \/>\n<meta property=\"og:site_name\" content=\"VOLVO\" \/>\n<meta property=\"og:image\" content=\"https:\/\/autorival.ro\/volvo\/wp-content\/uploads\/sites\/20\/2025\/07\/apv2400-31.jpg\" \/>\n\t<meta property=\"og:image:width\" content=\"360\" \/>\n\t<meta property=\"og:image:height\" content=\"225\" \/>\n\t<meta property=\"og:image:type\" content=\"image\/jpeg\" \/>\n<meta name=\"twitter:card\" content=\"summary_large_image\" \/>\n<meta name=\"twitter:title\" content=\"Intinzator curea transmisie VOLVO FM FM 340 diesel 340 cai DAYCO APV2400 VOLVO | DAYCO - Autorival\" \/>\n<meta name=\"twitter:description\" content=\"\u26a1 Intinzator curea transmisie VOLVO FM FM 340 diesel 340 cai DAYCO APV2400 pentru VOLVO. \u2713 Cod: APV2400 \u2713 Brand: DAYCO \u2713 \u00cen stoc \u2713 Livrare 24h \u2713 Garan\u021bie!\" \/>\n<script type=\"application\/ld+json\" class=\"yoast-schema-graph\">{\"@context\":\"https:\\\/\\\/schema.org\",\"@graph\":[{\"@type\":\"WebPage\",\"@id\":\"https:\\\/\\\/autorival.ro\\\/volvo\\\/product\\\/intinzator-curea-transmisie-volvo-fm-fm-340-diesel-340-cai-dayco-apv2400\\\/\",\"url\":\"https:\\\/\\\/autorival.ro\\\/volvo\\\/product\\\/intinzator-curea-transmisie-volvo-fm-fm-340-diesel-340-cai-dayco-apv2400\\\/\",\"name\":\"Intinzator curea transmisie VOLVO FM FM 340 diesel 340 cai DAYCO APV2400 VOLVO | DAYCO - Autorival\",\"isPartOf\":{\"@id\":\"https:\\\/\\\/autorival.ro\\\/volvo\\\/#website\"},\"primaryImageOfPage\":{\"@id\":\"https:\\\/\\\/autorival.ro\\\/volvo\\\/product\\\/intinzator-curea-transmisie-volvo-fm-fm-340-diesel-340-cai-dayco-apv2400\\\/#primaryimage\"},\"image\":{\"@id\":\"https:\\\/\\\/autorival.ro\\\/volvo\\\/product\\\/intinzator-curea-transmisie-volvo-fm-fm-340-diesel-340-cai-dayco-apv2400\\\/#primaryimage\"},\"thumbnailUrl\":\"https:\\\/\\\/autorival.ro\\\/volvo\\\/wp-content\\\/uploads\\\/sites\\\/20\\\/2025\\\/07\\\/apv2400-31.jpg\",\"datePublished\":\"2025-07-29T00:32:37+00:00\",\"description\":\"\u26a1 Intinzator curea transmisie VOLVO FM FM 340 diesel 340 cai DAYCO APV2400 pentru VOLVO. \u2713 Cod: APV2400 \u2713 Brand: DAYCO \u2713 \u00cen stoc \u2713 Livrare 24h \u2713 Garan\u021bie!\",\"breadcrumb\":{\"@id\":\"https:\\\/\\\/autorival.ro\\\/volvo\\\/product\\\/intinzator-curea-transmisie-volvo-fm-fm-340-diesel-340-cai-dayco-apv2400\\\/#breadcrumb\"},\"inLanguage\":\"en-US\",\"potentialAction\":[{\"@type\":\"ReadAction\",\"target\":[\"https:\\\/\\\/autorival.ro\\\/volvo\\\/product\\\/intinzator-curea-transmisie-volvo-fm-fm-340-diesel-340-cai-dayco-apv2400\\\/\"]}]},{\"@type\":\"ImageObject\",\"inLanguage\":\"en-US\",\"@id\":\"https:\\\/\\\/autorival.ro\\\/volvo\\\/product\\\/intinzator-curea-transmisie-volvo-fm-fm-340-diesel-340-cai-dayco-apv2400\\\/#primaryimage\",\"url\":\"https:\\\/\\\/autorival.ro\\\/volvo\\\/wp-content\\\/uploads\\\/sites\\\/20\\\/2025\\\/07\\\/apv2400-31.jpg\",\"contentUrl\":\"https:\\\/\\\/autorival.ro\\\/volvo\\\/wp-content\\\/uploads\\\/sites\\\/20\\\/2025\\\/07\\\/apv2400-31.jpg\",\"width\":360,\"height\":225},{\"@type\":\"BreadcrumbList\",\"@id\":\"https:\\\/\\\/autorival.ro\\\/volvo\\\/product\\\/intinzator-curea-transmisie-volvo-fm-fm-340-diesel-340-cai-dayco-apv2400\\\/#breadcrumb\",\"itemListElement\":[{\"@type\":\"ListItem\",\"position\":1,\"name\":\"Prima pagin\u0103\",\"item\":\"https:\\\/\\\/autorival.ro\\\/volvo\\\/\"},{\"@type\":\"ListItem\",\"position\":2,\"name\":\"Piese auto VOLVO\",\"item\":\"https:\\\/\\\/autorival.ro\\\/volvo\\\/\"},{\"@type\":\"ListItem\",\"position\":3,\"name\":\"Intinzator curea transmisie VOLVO FM FM 340 diesel 340 cai DAYCO APV2400\"}]},{\"@type\":\"WebSite\",\"@id\":\"https:\\\/\\\/autorival.ro\\\/volvo\\\/#website\",\"url\":\"https:\\\/\\\/autorival.ro\\\/volvo\\\/\",\"name\":\"VOLVO\",\"description\":\"\",\"potentialAction\":[{\"@type\":\"SearchAction\",\"target\":{\"@type\":\"EntryPoint\",\"urlTemplate\":\"https:\\\/\\\/autorival.ro\\\/volvo\\\/?s={search_term_string}\"},\"query-input\":{\"@type\":\"PropertyValueSpecification\",\"valueRequired\":true,\"valueName\":\"search_term_string\"}}],\"inLanguage\":\"en-US\"}]}<\/script>\n<!-- \/ Yoast SEO plugin. -->","yoast_head_json":{"title":"Intinzator curea transmisie VOLVO FM FM 340 diesel 340 cai DAYCO APV2400 VOLVO | DAYCO - Autorival","description":"\u26a1 Intinzator curea transmisie VOLVO FM FM 340 diesel 340 cai DAYCO APV2400 pentru VOLVO. \u2713 Cod: APV2400 \u2713 Brand: DAYCO \u2713 \u00cen stoc \u2713 Livrare 24h \u2713 Garan\u021bie!","robots":{"index":"index","follow":"follow","max-snippet":"max-snippet:-1","max-image-preview":"max-image-preview:large","max-video-preview":"max-video-preview:-1"},"og_locale":"en_US","og_type":"article","og_title":"Intinzator curea transmisie VOLVO FM FM 340 diesel 340 cai DAYCO APV2400 VOLVO | DAYCO - Autorival","og_description":"\u26a1 Intinzator curea transmisie VOLVO FM FM 340 diesel 340 cai DAYCO APV2400 pentru VOLVO. \u2713 Cod: APV2400 \u2713 Brand: DAYCO \u2713 \u00cen stoc \u2713 Livrare 24h \u2713 Garan\u021bie!","og_url":"https:\/\/autorival.ro\/volvo\/product\/intinzator-curea-transmisie-volvo-fm-fm-340-diesel-340-cai-dayco-apv2400\/","og_site_name":"VOLVO","og_image":[{"width":360,"height":225,"url":"https:\/\/autorival.ro\/volvo\/wp-content\/uploads\/sites\/20\/2025\/07\/apv2400-31.jpg","type":"image\/jpeg"}],"twitter_card":"summary_large_image","twitter_title":"Intinzator curea transmisie VOLVO FM FM 340 diesel 340 cai DAYCO APV2400 VOLVO | DAYCO - Autorival","twitter_description":"\u26a1 Intinzator curea transmisie VOLVO FM FM 340 diesel 340 cai DAYCO APV2400 pentru VOLVO. \u2713 Cod: APV2400 \u2713 Brand: DAYCO \u2713 \u00cen stoc \u2713 Livrare 24h \u2713 Garan\u021bie!","schema":{"@context":"https:\/\/schema.org","@graph":[{"@type":"WebPage","@id":"https:\/\/autorival.ro\/volvo\/product\/intinzator-curea-transmisie-volvo-fm-fm-340-diesel-340-cai-dayco-apv2400\/","url":"https:\/\/autorival.ro\/volvo\/product\/intinzator-curea-transmisie-volvo-fm-fm-340-diesel-340-cai-dayco-apv2400\/","name":"Intinzator curea transmisie VOLVO FM FM 340 diesel 340 cai DAYCO APV2400 VOLVO | DAYCO - Autorival","isPartOf":{"@id":"https:\/\/autorival.ro\/volvo\/#website"},"primaryImageOfPage":{"@id":"https:\/\/autorival.ro\/volvo\/product\/intinzator-curea-transmisie-volvo-fm-fm-340-diesel-340-cai-dayco-apv2400\/#primaryimage"},"image":{"@id":"https:\/\/autorival.ro\/volvo\/product\/intinzator-curea-transmisie-volvo-fm-fm-340-diesel-340-cai-dayco-apv2400\/#primaryimage"},"thumbnailUrl":"https:\/\/autorival.ro\/volvo\/wp-content\/uploads\/sites\/20\/2025\/07\/apv2400-31.jpg","datePublished":"2025-07-29T00:32:37+00:00","description":"\u26a1 Intinzator curea transmisie VOLVO FM FM 340 diesel 340 cai DAYCO APV2400 pentru VOLVO. \u2713 Cod: APV2400 \u2713 Brand: DAYCO \u2713 \u00cen stoc \u2713 Livrare 24h \u2713 Garan\u021bie!","breadcrumb":{"@id":"https:\/\/autorival.ro\/volvo\/product\/intinzator-curea-transmisie-volvo-fm-fm-340-diesel-340-cai-dayco-apv2400\/#breadcrumb"},"inLanguage":"en-US","potentialAction":[{"@type":"ReadAction","target":["https:\/\/autorival.ro\/volvo\/product\/intinzator-curea-transmisie-volvo-fm-fm-340-diesel-340-cai-dayco-apv2400\/"]}]},{"@type":"ImageObject","inLanguage":"en-US","@id":"https:\/\/autorival.ro\/volvo\/product\/intinzator-curea-transmisie-volvo-fm-fm-340-diesel-340-cai-dayco-apv2400\/#primaryimage","url":"https:\/\/autorival.ro\/volvo\/wp-content\/uploads\/sites\/20\/2025\/07\/apv2400-31.jpg","contentUrl":"https:\/\/autorival.ro\/volvo\/wp-content\/uploads\/sites\/20\/2025\/07\/apv2400-31.jpg","width":360,"height":225},{"@type":"BreadcrumbList","@id":"https:\/\/autorival.ro\/volvo\/product\/intinzator-curea-transmisie-volvo-fm-fm-340-diesel-340-cai-dayco-apv2400\/#breadcrumb","itemListElement":[{"@type":"ListItem","position":1,"name":"Prima pagin\u0103","item":"https:\/\/autorival.ro\/volvo\/"},{"@type":"ListItem","position":2,"name":"Piese auto VOLVO","item":"https:\/\/autorival.ro\/volvo\/"},{"@type":"ListItem","position":3,"name":"Intinzator curea transmisie VOLVO FM FM 340 diesel 340 cai DAYCO APV2400"}]},{"@type":"WebSite","@id":"https:\/\/autorival.ro\/volvo\/#website","url":"https:\/\/autorival.ro\/volvo\/","name":"VOLVO","description":"","potentialAction":[{"@type":"SearchAction","target":{"@type":"EntryPoint","urlTemplate":"https:\/\/autorival.ro\/volvo\/?s={search_term_string}"},"query-input":{"@type":"PropertyValueSpecification","valueRequired":true,"valueName":"search_term_string"}}],"inLanguage":"en-US"}]}},"_links":{"self":[{"href":"https:\/\/autorival.ro\/volvo\/wp-json\/wp\/v2\/product\/390006","targetHints":{"allow":["GET"]}}],"collection":[{"href":"https:\/\/autorival.ro\/volvo\/wp-json\/wp\/v2\/product"}],"about":[{"href":"https:\/\/autorival.ro\/volvo\/wp-json\/wp\/v2\/types\/product"}],"replies":[{"embeddable":true,"href":"https:\/\/autorival.ro\/volvo\/wp-json\/wp\/v2\/comments?post=390006"}],"wp:featuredmedia":[{"embeddable":true,"href":"https:\/\/autorival.ro\/volvo\/wp-json\/wp\/v2\/media\/390007"}],"wp:attachment":[{"href":"https:\/\/autorival.ro\/volvo\/wp-json\/wp\/v2\/media?parent=390006"}],"wp:term":[{"taxonomy":"product_brand","embeddable":true,"href":"https:\/\/autorival.ro\/volvo\/wp-json\/wp\/v2\/product_brand?post=390006"},{"taxonomy":"product_cat","embeddable":true,"href":"https:\/\/autorival.ro\/volvo\/wp-json\/wp\/v2\/product_cat?post=390006"},{"taxonomy":"product_tag","embeddable":true,"href":"https:\/\/autorival.ro\/volvo\/wp-json\/wp\/v2\/product_tag?post=390006"}],"curies":[{"name":"wp","href":"https:\/\/api.w.org\/{rel}","templated":true}]}}