{"id":386336,"date":"2025-07-28T22:49:57","date_gmt":"2025-07-28T22:49:57","guid":{"rendered":"https:\/\/autorival.ro\/volvo\/product\/intercooler-compresor-volvo-fl-ii-fl-280-14-diesel-280-cai-mahle-original-ci-182-000p\/"},"modified":"2025-07-28T22:49:57","modified_gmt":"2025-07-28T22:49:57","slug":"intercooler-compresor-volvo-fl-ii-fl-280-14-diesel-280-cai-mahle-original-ci-182-000p","status":"publish","type":"product","link":"https:\/\/autorival.ro\/volvo\/product\/intercooler-compresor-volvo-fl-ii-fl-280-14-diesel-280-cai-mahle-original-ci-182-000p\/","title":{"rendered":"Intercooler compresor VOLVO FL II FL 280-14 diesel 280 cai MAHLE ORIGINAL CI 182 000P"},"content":{"rendered":"<p>Material element radiator: aluminiuVarianta radiator: Element radiator solderizatMaterial rezervor apa (radiator): plastic ->Lungime plas\u0103 [mm]: 720L\u0103\u021bimea plasei [mm]: 532Ad\u00e2ncimea plasei [mm]: 50Produc\u0103tor: MAHLE ->Greutate net\u0103 [g]: 10780 ->Lungime ambalaj [cm]: 118,5 ->Inaltime ambalaj [cm]: 30,00 ->Latime ambalaj [cm]: 98,50<\/p>\n","protected":false},"excerpt":{"rendered":"<p>Producator: MAHLE ORIGINAL Cod producator: CI 182 000P<\/p>\n","protected":false},"featured_media":386337,"comment_status":"open","ping_status":"closed","template":"","meta":[],"product_brand":[688],"product_cat":[37214],"product_tag":[78760,77639,77630,78759,77721,77722,77628],"class_list":{"0":"post-386336","1":"product","2":"type-product","3":"status-publish","4":"has-post-thumbnail","6":"product_brand-mahle-original","7":"product_cat-intercooler-compresor-ii-fl-280-14-diesel-280","8":"product_tag-ci","9":"product_tag-fl","10":"product_tag-ii","11":"product_tag-intercooler","12":"product_tag-mahle","13":"product_tag-original","14":"product_tag-volvo","16":"first","17":"instock","18":"shipping-taxable","19":"purchasable","20":"product-type-simple"},"yoast_head":"<!-- This site is optimized with the Yoast SEO plugin v27.3 - https:\/\/yoast.com\/product\/yoast-seo-wordpress\/ -->\n<title>Intercooler compresor VOLVO FL II FL 280-14 diesel 280 cai MAHLE ORIGINAL CI 182 000P VOLVO | MAHLE - Autorival<\/title>\n<meta name=\"description\" content=\"\u26a1 Intercooler compresor VOLVO FL II FL 280-14 diesel 280 cai MAHLE ORIGINAL CI 182 000P pentru VOLVO. \u2713 Cod: CI \u2713 Brand: MAHLE \u2713 \u00cen stoc \u2713 Livrare 24h \u2713 Garan\u021bie!\" \/>\n<meta name=\"robots\" content=\"index, follow, max-snippet:-1, max-image-preview:large, max-video-preview:-1\" \/>\n<meta property=\"og:locale\" content=\"en_US\" \/>\n<meta property=\"og:type\" content=\"article\" \/>\n<meta property=\"og:title\" content=\"Intercooler compresor VOLVO FL II FL 280-14 diesel 280 cai MAHLE ORIGINAL CI 182 000P VOLVO | MAHLE - Autorival\" \/>\n<meta property=\"og:description\" content=\"\u26a1 Intercooler compresor VOLVO FL II FL 280-14 diesel 280 cai MAHLE ORIGINAL CI 182 000P pentru VOLVO. \u2713 Cod: CI \u2713 Brand: MAHLE \u2713 \u00cen stoc \u2713 Livrare 24h \u2713 Garan\u021bie!\" \/>\n<meta property=\"og:url\" content=\"https:\/\/autorival.ro\/volvo\/product\/intercooler-compresor-volvo-fl-ii-fl-280-14-diesel-280-cai-mahle-original-ci-182-000p\/\" \/>\n<meta property=\"og:site_name\" content=\"VOLVO\" \/>\n<meta property=\"og:image\" content=\"https:\/\/autorival.ro\/volvo\/wp-content\/uploads\/sites\/20\/2025\/07\/299166730-12.jpg\" \/>\n\t<meta property=\"og:image:width\" content=\"600\" \/>\n\t<meta property=\"og:image:height\" content=\"472\" \/>\n\t<meta property=\"og:image:type\" content=\"image\/jpeg\" \/>\n<meta name=\"twitter:card\" content=\"summary_large_image\" \/>\n<meta name=\"twitter:title\" content=\"Intercooler compresor VOLVO FL II FL 280-14 diesel 280 cai MAHLE ORIGINAL CI 182 000P VOLVO | MAHLE - Autorival\" \/>\n<meta name=\"twitter:description\" content=\"\u26a1 Intercooler compresor VOLVO FL II FL 280-14 diesel 280 cai MAHLE ORIGINAL CI 182 000P pentru VOLVO. \u2713 Cod: CI \u2713 Brand: MAHLE \u2713 \u00cen stoc \u2713 Livrare 24h \u2713 Garan\u021bie!\" \/>\n<script type=\"application\/ld+json\" class=\"yoast-schema-graph\">{\"@context\":\"https:\\\/\\\/schema.org\",\"@graph\":[{\"@type\":\"WebPage\",\"@id\":\"https:\\\/\\\/autorival.ro\\\/volvo\\\/product\\\/intercooler-compresor-volvo-fl-ii-fl-280-14-diesel-280-cai-mahle-original-ci-182-000p\\\/\",\"url\":\"https:\\\/\\\/autorival.ro\\\/volvo\\\/product\\\/intercooler-compresor-volvo-fl-ii-fl-280-14-diesel-280-cai-mahle-original-ci-182-000p\\\/\",\"name\":\"Intercooler compresor VOLVO FL II FL 280-14 diesel 280 cai MAHLE ORIGINAL CI 182 000P VOLVO | MAHLE - Autorival\",\"isPartOf\":{\"@id\":\"https:\\\/\\\/autorival.ro\\\/volvo\\\/#website\"},\"primaryImageOfPage\":{\"@id\":\"https:\\\/\\\/autorival.ro\\\/volvo\\\/product\\\/intercooler-compresor-volvo-fl-ii-fl-280-14-diesel-280-cai-mahle-original-ci-182-000p\\\/#primaryimage\"},\"image\":{\"@id\":\"https:\\\/\\\/autorival.ro\\\/volvo\\\/product\\\/intercooler-compresor-volvo-fl-ii-fl-280-14-diesel-280-cai-mahle-original-ci-182-000p\\\/#primaryimage\"},\"thumbnailUrl\":\"https:\\\/\\\/autorival.ro\\\/volvo\\\/wp-content\\\/uploads\\\/sites\\\/20\\\/2025\\\/07\\\/299166730-12.jpg\",\"datePublished\":\"2025-07-28T22:49:57+00:00\",\"description\":\"\u26a1 Intercooler compresor VOLVO FL II FL 280-14 diesel 280 cai MAHLE ORIGINAL CI 182 000P pentru VOLVO. \u2713 Cod: CI \u2713 Brand: MAHLE \u2713 \u00cen stoc \u2713 Livrare 24h \u2713 Garan\u021bie!\",\"breadcrumb\":{\"@id\":\"https:\\\/\\\/autorival.ro\\\/volvo\\\/product\\\/intercooler-compresor-volvo-fl-ii-fl-280-14-diesel-280-cai-mahle-original-ci-182-000p\\\/#breadcrumb\"},\"inLanguage\":\"en-US\",\"potentialAction\":[{\"@type\":\"ReadAction\",\"target\":[\"https:\\\/\\\/autorival.ro\\\/volvo\\\/product\\\/intercooler-compresor-volvo-fl-ii-fl-280-14-diesel-280-cai-mahle-original-ci-182-000p\\\/\"]}]},{\"@type\":\"ImageObject\",\"inLanguage\":\"en-US\",\"@id\":\"https:\\\/\\\/autorival.ro\\\/volvo\\\/product\\\/intercooler-compresor-volvo-fl-ii-fl-280-14-diesel-280-cai-mahle-original-ci-182-000p\\\/#primaryimage\",\"url\":\"https:\\\/\\\/autorival.ro\\\/volvo\\\/wp-content\\\/uploads\\\/sites\\\/20\\\/2025\\\/07\\\/299166730-12.jpg\",\"contentUrl\":\"https:\\\/\\\/autorival.ro\\\/volvo\\\/wp-content\\\/uploads\\\/sites\\\/20\\\/2025\\\/07\\\/299166730-12.jpg\",\"width\":600,\"height\":472},{\"@type\":\"BreadcrumbList\",\"@id\":\"https:\\\/\\\/autorival.ro\\\/volvo\\\/product\\\/intercooler-compresor-volvo-fl-ii-fl-280-14-diesel-280-cai-mahle-original-ci-182-000p\\\/#breadcrumb\",\"itemListElement\":[{\"@type\":\"ListItem\",\"position\":1,\"name\":\"Prima pagin\u0103\",\"item\":\"https:\\\/\\\/autorival.ro\\\/volvo\\\/\"},{\"@type\":\"ListItem\",\"position\":2,\"name\":\"Piese auto VOLVO\",\"item\":\"https:\\\/\\\/autorival.ro\\\/volvo\\\/\"},{\"@type\":\"ListItem\",\"position\":3,\"name\":\"Intercooler compresor VOLVO FL II FL 280-14 diesel 280 cai MAHLE ORIGINAL CI 182 000P\"}]},{\"@type\":\"WebSite\",\"@id\":\"https:\\\/\\\/autorival.ro\\\/volvo\\\/#website\",\"url\":\"https:\\\/\\\/autorival.ro\\\/volvo\\\/\",\"name\":\"VOLVO\",\"description\":\"\",\"potentialAction\":[{\"@type\":\"SearchAction\",\"target\":{\"@type\":\"EntryPoint\",\"urlTemplate\":\"https:\\\/\\\/autorival.ro\\\/volvo\\\/?s={search_term_string}\"},\"query-input\":{\"@type\":\"PropertyValueSpecification\",\"valueRequired\":true,\"valueName\":\"search_term_string\"}}],\"inLanguage\":\"en-US\"}]}<\/script>\n<!-- \/ Yoast SEO plugin. -->","yoast_head_json":{"title":"Intercooler compresor VOLVO FL II FL 280-14 diesel 280 cai MAHLE ORIGINAL CI 182 000P VOLVO | MAHLE - Autorival","description":"\u26a1 Intercooler compresor VOLVO FL II FL 280-14 diesel 280 cai MAHLE ORIGINAL CI 182 000P pentru VOLVO. \u2713 Cod: CI \u2713 Brand: MAHLE \u2713 \u00cen stoc \u2713 Livrare 24h \u2713 Garan\u021bie!","robots":{"index":"index","follow":"follow","max-snippet":"max-snippet:-1","max-image-preview":"max-image-preview:large","max-video-preview":"max-video-preview:-1"},"og_locale":"en_US","og_type":"article","og_title":"Intercooler compresor VOLVO FL II FL 280-14 diesel 280 cai MAHLE ORIGINAL CI 182 000P VOLVO | MAHLE - Autorival","og_description":"\u26a1 Intercooler compresor VOLVO FL II FL 280-14 diesel 280 cai MAHLE ORIGINAL CI 182 000P pentru VOLVO. \u2713 Cod: CI \u2713 Brand: MAHLE \u2713 \u00cen stoc \u2713 Livrare 24h \u2713 Garan\u021bie!","og_url":"https:\/\/autorival.ro\/volvo\/product\/intercooler-compresor-volvo-fl-ii-fl-280-14-diesel-280-cai-mahle-original-ci-182-000p\/","og_site_name":"VOLVO","og_image":[{"width":600,"height":472,"url":"https:\/\/autorival.ro\/volvo\/wp-content\/uploads\/sites\/20\/2025\/07\/299166730-12.jpg","type":"image\/jpeg"}],"twitter_card":"summary_large_image","twitter_title":"Intercooler compresor VOLVO FL II FL 280-14 diesel 280 cai MAHLE ORIGINAL CI 182 000P VOLVO | MAHLE - Autorival","twitter_description":"\u26a1 Intercooler compresor VOLVO FL II FL 280-14 diesel 280 cai MAHLE ORIGINAL CI 182 000P pentru VOLVO. \u2713 Cod: CI \u2713 Brand: MAHLE \u2713 \u00cen stoc \u2713 Livrare 24h \u2713 Garan\u021bie!","schema":{"@context":"https:\/\/schema.org","@graph":[{"@type":"WebPage","@id":"https:\/\/autorival.ro\/volvo\/product\/intercooler-compresor-volvo-fl-ii-fl-280-14-diesel-280-cai-mahle-original-ci-182-000p\/","url":"https:\/\/autorival.ro\/volvo\/product\/intercooler-compresor-volvo-fl-ii-fl-280-14-diesel-280-cai-mahle-original-ci-182-000p\/","name":"Intercooler compresor VOLVO FL II FL 280-14 diesel 280 cai MAHLE ORIGINAL CI 182 000P VOLVO | MAHLE - Autorival","isPartOf":{"@id":"https:\/\/autorival.ro\/volvo\/#website"},"primaryImageOfPage":{"@id":"https:\/\/autorival.ro\/volvo\/product\/intercooler-compresor-volvo-fl-ii-fl-280-14-diesel-280-cai-mahle-original-ci-182-000p\/#primaryimage"},"image":{"@id":"https:\/\/autorival.ro\/volvo\/product\/intercooler-compresor-volvo-fl-ii-fl-280-14-diesel-280-cai-mahle-original-ci-182-000p\/#primaryimage"},"thumbnailUrl":"https:\/\/autorival.ro\/volvo\/wp-content\/uploads\/sites\/20\/2025\/07\/299166730-12.jpg","datePublished":"2025-07-28T22:49:57+00:00","description":"\u26a1 Intercooler compresor VOLVO FL II FL 280-14 diesel 280 cai MAHLE ORIGINAL CI 182 000P pentru VOLVO. \u2713 Cod: CI \u2713 Brand: MAHLE \u2713 \u00cen stoc \u2713 Livrare 24h \u2713 Garan\u021bie!","breadcrumb":{"@id":"https:\/\/autorival.ro\/volvo\/product\/intercooler-compresor-volvo-fl-ii-fl-280-14-diesel-280-cai-mahle-original-ci-182-000p\/#breadcrumb"},"inLanguage":"en-US","potentialAction":[{"@type":"ReadAction","target":["https:\/\/autorival.ro\/volvo\/product\/intercooler-compresor-volvo-fl-ii-fl-280-14-diesel-280-cai-mahle-original-ci-182-000p\/"]}]},{"@type":"ImageObject","inLanguage":"en-US","@id":"https:\/\/autorival.ro\/volvo\/product\/intercooler-compresor-volvo-fl-ii-fl-280-14-diesel-280-cai-mahle-original-ci-182-000p\/#primaryimage","url":"https:\/\/autorival.ro\/volvo\/wp-content\/uploads\/sites\/20\/2025\/07\/299166730-12.jpg","contentUrl":"https:\/\/autorival.ro\/volvo\/wp-content\/uploads\/sites\/20\/2025\/07\/299166730-12.jpg","width":600,"height":472},{"@type":"BreadcrumbList","@id":"https:\/\/autorival.ro\/volvo\/product\/intercooler-compresor-volvo-fl-ii-fl-280-14-diesel-280-cai-mahle-original-ci-182-000p\/#breadcrumb","itemListElement":[{"@type":"ListItem","position":1,"name":"Prima pagin\u0103","item":"https:\/\/autorival.ro\/volvo\/"},{"@type":"ListItem","position":2,"name":"Piese auto VOLVO","item":"https:\/\/autorival.ro\/volvo\/"},{"@type":"ListItem","position":3,"name":"Intercooler compresor VOLVO FL II FL 280-14 diesel 280 cai MAHLE ORIGINAL CI 182 000P"}]},{"@type":"WebSite","@id":"https:\/\/autorival.ro\/volvo\/#website","url":"https:\/\/autorival.ro\/volvo\/","name":"VOLVO","description":"","potentialAction":[{"@type":"SearchAction","target":{"@type":"EntryPoint","urlTemplate":"https:\/\/autorival.ro\/volvo\/?s={search_term_string}"},"query-input":{"@type":"PropertyValueSpecification","valueRequired":true,"valueName":"search_term_string"}}],"inLanguage":"en-US"}]}},"_links":{"self":[{"href":"https:\/\/autorival.ro\/volvo\/wp-json\/wp\/v2\/product\/386336","targetHints":{"allow":["GET"]}}],"collection":[{"href":"https:\/\/autorival.ro\/volvo\/wp-json\/wp\/v2\/product"}],"about":[{"href":"https:\/\/autorival.ro\/volvo\/wp-json\/wp\/v2\/types\/product"}],"replies":[{"embeddable":true,"href":"https:\/\/autorival.ro\/volvo\/wp-json\/wp\/v2\/comments?post=386336"}],"wp:featuredmedia":[{"embeddable":true,"href":"https:\/\/autorival.ro\/volvo\/wp-json\/wp\/v2\/media\/386337"}],"wp:attachment":[{"href":"https:\/\/autorival.ro\/volvo\/wp-json\/wp\/v2\/media?parent=386336"}],"wp:term":[{"taxonomy":"product_brand","embeddable":true,"href":"https:\/\/autorival.ro\/volvo\/wp-json\/wp\/v2\/product_brand?post=386336"},{"taxonomy":"product_cat","embeddable":true,"href":"https:\/\/autorival.ro\/volvo\/wp-json\/wp\/v2\/product_cat?post=386336"},{"taxonomy":"product_tag","embeddable":true,"href":"https:\/\/autorival.ro\/volvo\/wp-json\/wp\/v2\/product_tag?post=386336"}],"curies":[{"name":"wp","href":"https:\/\/api.w.org\/{rel}","templated":true}]}}