{"id":386206,"date":"2025-07-28T22:46:06","date_gmt":"2025-07-28T22:46:06","guid":{"rendered":"https:\/\/autorival.ro\/volvo\/product\/intercooler-compresor-volvo-fh16-iii-780-aero-diesel-780-cai-nissens-97082\/"},"modified":"2025-07-28T22:46:06","modified_gmt":"2025-07-28T22:46:06","slug":"intercooler-compresor-volvo-fh16-iii-780-aero-diesel-780-cai-nissens-97082","status":"publish","type":"product","link":"https:\/\/autorival.ro\/volvo\/product\/intercooler-compresor-volvo-fh16-iii-780-aero-diesel-780-cai-nissens-97082\/","title":{"rendered":"Intercooler compresor VOLVO FH16 III 780 AERO diesel 780 cai NISSENS 97082"},"content":{"rendered":"<p>Material element radiator: aluminiuTip racire: racit cu aerAd\u00e2ncimea plasei [mm]: 67 ->Lungime plas\u0103 [mm]: 1015L\u0103\u021bimea plasei [mm]: 894Material rezervor apa (radiator): aluminiuVarianta radiator: Element radiator solderizat<\/p>\n","protected":false},"excerpt":{"rendered":"<p>Producator: NISSENS Cod producator: 97082<\/p>\n","protected":false},"featured_media":386207,"comment_status":"open","ping_status":"closed","template":"","meta":[],"product_brand":[13716],"product_cat":[37149],"product_tag":[77733,77946,77629,77640,78759,78304,77628],"class_list":{"0":"post-386206","1":"product","2":"type-product","3":"status-publish","4":"has-post-thumbnail","6":"product_brand-nissens","7":"product_cat-intercooler-compresor-iii-780-aero-diesel-780","8":"product_tag-aero","9":"product_tag-compresor","10":"product_tag-fh","11":"product_tag-iii","12":"product_tag-intercooler","13":"product_tag-nissens","14":"product_tag-volvo","16":"first","17":"instock","18":"shipping-taxable","19":"purchasable","20":"product-type-simple"},"yoast_head":"<!-- This site is optimized with the Yoast SEO plugin v27.3 - https:\/\/yoast.com\/product\/yoast-seo-wordpress\/ -->\n<title>Intercooler compresor VOLVO FH16 III 780 AERO diesel 780 cai NISSENS 97082 VOLVO | NISSENS - Autorival<\/title>\n<meta name=\"description\" content=\"\u26a1 Intercooler compresor VOLVO FH16 III 780 AERO diesel 780 cai NISSENS 97082 pentru VOLVO. \u2713 Cod: 97082 \u2713 Brand: NISSENS \u2713 \u00cen stoc \u2713 Livrare 24h \u2713 Garan\u021bie!\" \/>\n<meta name=\"robots\" content=\"index, follow, max-snippet:-1, max-image-preview:large, max-video-preview:-1\" \/>\n<meta property=\"og:locale\" content=\"en_US\" \/>\n<meta property=\"og:type\" content=\"article\" \/>\n<meta property=\"og:title\" content=\"Intercooler compresor VOLVO FH16 III 780 AERO diesel 780 cai NISSENS 97082 VOLVO | NISSENS - Autorival\" \/>\n<meta property=\"og:description\" content=\"\u26a1 Intercooler compresor VOLVO FH16 III 780 AERO diesel 780 cai NISSENS 97082 pentru VOLVO. \u2713 Cod: 97082 \u2713 Brand: NISSENS \u2713 \u00cen stoc \u2713 Livrare 24h \u2713 Garan\u021bie!\" \/>\n<meta property=\"og:url\" content=\"https:\/\/autorival.ro\/volvo\/product\/intercooler-compresor-volvo-fh16-iii-780-aero-diesel-780-cai-nissens-97082\/\" \/>\n<meta property=\"og:site_name\" content=\"VOLVO\" \/>\n<meta property=\"og:image\" content=\"https:\/\/autorival.ro\/volvo\/wp-content\/uploads\/sites\/20\/2025\/07\/nissens_i97082-56.jpg\" \/>\n\t<meta property=\"og:image:width\" content=\"400\" \/>\n\t<meta property=\"og:image:height\" content=\"400\" \/>\n\t<meta property=\"og:image:type\" content=\"image\/jpeg\" \/>\n<meta name=\"twitter:card\" content=\"summary_large_image\" \/>\n<meta name=\"twitter:title\" content=\"Intercooler compresor VOLVO FH16 III 780 AERO diesel 780 cai NISSENS 97082 VOLVO | NISSENS - Autorival\" \/>\n<meta name=\"twitter:description\" content=\"\u26a1 Intercooler compresor VOLVO FH16 III 780 AERO diesel 780 cai NISSENS 97082 pentru VOLVO. \u2713 Cod: 97082 \u2713 Brand: NISSENS \u2713 \u00cen stoc \u2713 Livrare 24h \u2713 Garan\u021bie!\" \/>\n<script type=\"application\/ld+json\" class=\"yoast-schema-graph\">{\"@context\":\"https:\\\/\\\/schema.org\",\"@graph\":[{\"@type\":\"WebPage\",\"@id\":\"https:\\\/\\\/autorival.ro\\\/volvo\\\/product\\\/intercooler-compresor-volvo-fh16-iii-780-aero-diesel-780-cai-nissens-97082\\\/\",\"url\":\"https:\\\/\\\/autorival.ro\\\/volvo\\\/product\\\/intercooler-compresor-volvo-fh16-iii-780-aero-diesel-780-cai-nissens-97082\\\/\",\"name\":\"Intercooler compresor VOLVO FH16 III 780 AERO diesel 780 cai NISSENS 97082 VOLVO | NISSENS - Autorival\",\"isPartOf\":{\"@id\":\"https:\\\/\\\/autorival.ro\\\/volvo\\\/#website\"},\"primaryImageOfPage\":{\"@id\":\"https:\\\/\\\/autorival.ro\\\/volvo\\\/product\\\/intercooler-compresor-volvo-fh16-iii-780-aero-diesel-780-cai-nissens-97082\\\/#primaryimage\"},\"image\":{\"@id\":\"https:\\\/\\\/autorival.ro\\\/volvo\\\/product\\\/intercooler-compresor-volvo-fh16-iii-780-aero-diesel-780-cai-nissens-97082\\\/#primaryimage\"},\"thumbnailUrl\":\"https:\\\/\\\/autorival.ro\\\/volvo\\\/wp-content\\\/uploads\\\/sites\\\/20\\\/2025\\\/07\\\/nissens_i97082-56.jpg\",\"datePublished\":\"2025-07-28T22:46:06+00:00\",\"description\":\"\u26a1 Intercooler compresor VOLVO FH16 III 780 AERO diesel 780 cai NISSENS 97082 pentru VOLVO. \u2713 Cod: 97082 \u2713 Brand: NISSENS \u2713 \u00cen stoc \u2713 Livrare 24h \u2713 Garan\u021bie!\",\"breadcrumb\":{\"@id\":\"https:\\\/\\\/autorival.ro\\\/volvo\\\/product\\\/intercooler-compresor-volvo-fh16-iii-780-aero-diesel-780-cai-nissens-97082\\\/#breadcrumb\"},\"inLanguage\":\"en-US\",\"potentialAction\":[{\"@type\":\"ReadAction\",\"target\":[\"https:\\\/\\\/autorival.ro\\\/volvo\\\/product\\\/intercooler-compresor-volvo-fh16-iii-780-aero-diesel-780-cai-nissens-97082\\\/\"]}]},{\"@type\":\"ImageObject\",\"inLanguage\":\"en-US\",\"@id\":\"https:\\\/\\\/autorival.ro\\\/volvo\\\/product\\\/intercooler-compresor-volvo-fh16-iii-780-aero-diesel-780-cai-nissens-97082\\\/#primaryimage\",\"url\":\"https:\\\/\\\/autorival.ro\\\/volvo\\\/wp-content\\\/uploads\\\/sites\\\/20\\\/2025\\\/07\\\/nissens_i97082-56.jpg\",\"contentUrl\":\"https:\\\/\\\/autorival.ro\\\/volvo\\\/wp-content\\\/uploads\\\/sites\\\/20\\\/2025\\\/07\\\/nissens_i97082-56.jpg\",\"width\":400,\"height\":400},{\"@type\":\"BreadcrumbList\",\"@id\":\"https:\\\/\\\/autorival.ro\\\/volvo\\\/product\\\/intercooler-compresor-volvo-fh16-iii-780-aero-diesel-780-cai-nissens-97082\\\/#breadcrumb\",\"itemListElement\":[{\"@type\":\"ListItem\",\"position\":1,\"name\":\"Prima pagin\u0103\",\"item\":\"https:\\\/\\\/autorival.ro\\\/volvo\\\/\"},{\"@type\":\"ListItem\",\"position\":2,\"name\":\"Piese auto VOLVO\",\"item\":\"https:\\\/\\\/autorival.ro\\\/volvo\\\/\"},{\"@type\":\"ListItem\",\"position\":3,\"name\":\"Intercooler compresor VOLVO FH16 III 780 AERO diesel 780 cai NISSENS 97082\"}]},{\"@type\":\"WebSite\",\"@id\":\"https:\\\/\\\/autorival.ro\\\/volvo\\\/#website\",\"url\":\"https:\\\/\\\/autorival.ro\\\/volvo\\\/\",\"name\":\"VOLVO\",\"description\":\"\",\"potentialAction\":[{\"@type\":\"SearchAction\",\"target\":{\"@type\":\"EntryPoint\",\"urlTemplate\":\"https:\\\/\\\/autorival.ro\\\/volvo\\\/?s={search_term_string}\"},\"query-input\":{\"@type\":\"PropertyValueSpecification\",\"valueRequired\":true,\"valueName\":\"search_term_string\"}}],\"inLanguage\":\"en-US\"}]}<\/script>\n<!-- \/ Yoast SEO plugin. -->","yoast_head_json":{"title":"Intercooler compresor VOLVO FH16 III 780 AERO diesel 780 cai NISSENS 97082 VOLVO | NISSENS - Autorival","description":"\u26a1 Intercooler compresor VOLVO FH16 III 780 AERO diesel 780 cai NISSENS 97082 pentru VOLVO. \u2713 Cod: 97082 \u2713 Brand: NISSENS \u2713 \u00cen stoc \u2713 Livrare 24h \u2713 Garan\u021bie!","robots":{"index":"index","follow":"follow","max-snippet":"max-snippet:-1","max-image-preview":"max-image-preview:large","max-video-preview":"max-video-preview:-1"},"og_locale":"en_US","og_type":"article","og_title":"Intercooler compresor VOLVO FH16 III 780 AERO diesel 780 cai NISSENS 97082 VOLVO | NISSENS - Autorival","og_description":"\u26a1 Intercooler compresor VOLVO FH16 III 780 AERO diesel 780 cai NISSENS 97082 pentru VOLVO. \u2713 Cod: 97082 \u2713 Brand: NISSENS \u2713 \u00cen stoc \u2713 Livrare 24h \u2713 Garan\u021bie!","og_url":"https:\/\/autorival.ro\/volvo\/product\/intercooler-compresor-volvo-fh16-iii-780-aero-diesel-780-cai-nissens-97082\/","og_site_name":"VOLVO","og_image":[{"width":400,"height":400,"url":"https:\/\/autorival.ro\/volvo\/wp-content\/uploads\/sites\/20\/2025\/07\/nissens_i97082-56.jpg","type":"image\/jpeg"}],"twitter_card":"summary_large_image","twitter_title":"Intercooler compresor VOLVO FH16 III 780 AERO diesel 780 cai NISSENS 97082 VOLVO | NISSENS - Autorival","twitter_description":"\u26a1 Intercooler compresor VOLVO FH16 III 780 AERO diesel 780 cai NISSENS 97082 pentru VOLVO. \u2713 Cod: 97082 \u2713 Brand: NISSENS \u2713 \u00cen stoc \u2713 Livrare 24h \u2713 Garan\u021bie!","schema":{"@context":"https:\/\/schema.org","@graph":[{"@type":"WebPage","@id":"https:\/\/autorival.ro\/volvo\/product\/intercooler-compresor-volvo-fh16-iii-780-aero-diesel-780-cai-nissens-97082\/","url":"https:\/\/autorival.ro\/volvo\/product\/intercooler-compresor-volvo-fh16-iii-780-aero-diesel-780-cai-nissens-97082\/","name":"Intercooler compresor VOLVO FH16 III 780 AERO diesel 780 cai NISSENS 97082 VOLVO | NISSENS - Autorival","isPartOf":{"@id":"https:\/\/autorival.ro\/volvo\/#website"},"primaryImageOfPage":{"@id":"https:\/\/autorival.ro\/volvo\/product\/intercooler-compresor-volvo-fh16-iii-780-aero-diesel-780-cai-nissens-97082\/#primaryimage"},"image":{"@id":"https:\/\/autorival.ro\/volvo\/product\/intercooler-compresor-volvo-fh16-iii-780-aero-diesel-780-cai-nissens-97082\/#primaryimage"},"thumbnailUrl":"https:\/\/autorival.ro\/volvo\/wp-content\/uploads\/sites\/20\/2025\/07\/nissens_i97082-56.jpg","datePublished":"2025-07-28T22:46:06+00:00","description":"\u26a1 Intercooler compresor VOLVO FH16 III 780 AERO diesel 780 cai NISSENS 97082 pentru VOLVO. \u2713 Cod: 97082 \u2713 Brand: NISSENS \u2713 \u00cen stoc \u2713 Livrare 24h \u2713 Garan\u021bie!","breadcrumb":{"@id":"https:\/\/autorival.ro\/volvo\/product\/intercooler-compresor-volvo-fh16-iii-780-aero-diesel-780-cai-nissens-97082\/#breadcrumb"},"inLanguage":"en-US","potentialAction":[{"@type":"ReadAction","target":["https:\/\/autorival.ro\/volvo\/product\/intercooler-compresor-volvo-fh16-iii-780-aero-diesel-780-cai-nissens-97082\/"]}]},{"@type":"ImageObject","inLanguage":"en-US","@id":"https:\/\/autorival.ro\/volvo\/product\/intercooler-compresor-volvo-fh16-iii-780-aero-diesel-780-cai-nissens-97082\/#primaryimage","url":"https:\/\/autorival.ro\/volvo\/wp-content\/uploads\/sites\/20\/2025\/07\/nissens_i97082-56.jpg","contentUrl":"https:\/\/autorival.ro\/volvo\/wp-content\/uploads\/sites\/20\/2025\/07\/nissens_i97082-56.jpg","width":400,"height":400},{"@type":"BreadcrumbList","@id":"https:\/\/autorival.ro\/volvo\/product\/intercooler-compresor-volvo-fh16-iii-780-aero-diesel-780-cai-nissens-97082\/#breadcrumb","itemListElement":[{"@type":"ListItem","position":1,"name":"Prima pagin\u0103","item":"https:\/\/autorival.ro\/volvo\/"},{"@type":"ListItem","position":2,"name":"Piese auto VOLVO","item":"https:\/\/autorival.ro\/volvo\/"},{"@type":"ListItem","position":3,"name":"Intercooler compresor VOLVO FH16 III 780 AERO diesel 780 cai NISSENS 97082"}]},{"@type":"WebSite","@id":"https:\/\/autorival.ro\/volvo\/#website","url":"https:\/\/autorival.ro\/volvo\/","name":"VOLVO","description":"","potentialAction":[{"@type":"SearchAction","target":{"@type":"EntryPoint","urlTemplate":"https:\/\/autorival.ro\/volvo\/?s={search_term_string}"},"query-input":{"@type":"PropertyValueSpecification","valueRequired":true,"valueName":"search_term_string"}}],"inLanguage":"en-US"}]}},"_links":{"self":[{"href":"https:\/\/autorival.ro\/volvo\/wp-json\/wp\/v2\/product\/386206","targetHints":{"allow":["GET"]}}],"collection":[{"href":"https:\/\/autorival.ro\/volvo\/wp-json\/wp\/v2\/product"}],"about":[{"href":"https:\/\/autorival.ro\/volvo\/wp-json\/wp\/v2\/types\/product"}],"replies":[{"embeddable":true,"href":"https:\/\/autorival.ro\/volvo\/wp-json\/wp\/v2\/comments?post=386206"}],"wp:featuredmedia":[{"embeddable":true,"href":"https:\/\/autorival.ro\/volvo\/wp-json\/wp\/v2\/media\/386207"}],"wp:attachment":[{"href":"https:\/\/autorival.ro\/volvo\/wp-json\/wp\/v2\/media?parent=386206"}],"wp:term":[{"taxonomy":"product_brand","embeddable":true,"href":"https:\/\/autorival.ro\/volvo\/wp-json\/wp\/v2\/product_brand?post=386206"},{"taxonomy":"product_cat","embeddable":true,"href":"https:\/\/autorival.ro\/volvo\/wp-json\/wp\/v2\/product_cat?post=386206"},{"taxonomy":"product_tag","embeddable":true,"href":"https:\/\/autorival.ro\/volvo\/wp-json\/wp\/v2\/product_tag?post=386206"}],"curies":[{"name":"wp","href":"https:\/\/api.w.org\/{rel}","templated":true}]}}