{"id":372324,"date":"2025-07-28T16:14:11","date_gmt":"2025-07-28T16:14:11","guid":{"rendered":"https:\/\/autorival.ro\/volvo\/product\/incuietoare-usa-volvo-c30-533-d2-diesel-115-cai-aic-70347\/"},"modified":"2025-07-28T16:14:11","modified_gmt":"2025-07-28T16:14:11","slug":"incuietoare-usa-volvo-c30-533-d2-diesel-115-cai-aic-70347","status":"publish","type":"product","link":"https:\/\/autorival.ro\/volvo\/product\/incuietoare-usa-volvo-c30-533-d2-diesel-115-cai-aic-70347\/","title":{"rendered":"Incuietoare usa VOLVO C30 (533) D2 diesel 115 cai AIC 70347"},"content":{"rendered":"<p>Partea de montare: spate dreaptaNum\u0103rul conexiunilor cu muf\u0103: 10Numar articol par: 70346Sistem de \u00eenchidere: cu inchidere centralizataVehicul cu volan pe st\u00e2nga\/dreapta: pentru vehicule cu volan pe stanga, pentru vehicule cu volan pe dreaptaMod de operare: electric<\/p>\n","protected":false},"excerpt":{"rendered":"<p>Producator: AIC Cod producator: 70347<\/p>\n","protected":false},"featured_media":372325,"comment_status":"open","ping_status":"closed","template":"","meta":[],"product_brand":[6312],"product_cat":[34416],"product_tag":[77652,78172,77651,77670,78736,78057,77628],"class_list":{"0":"post-372324","1":"product","2":"type-product","3":"status-publish","4":"has-post-thumbnail","6":"product_brand-aic","7":"product_cat-incuietoare-usa-533-d2-diesel-115","8":"product_tag-77652","9":"product_tag-aic","10":"product_tag-c30","11":"product_tag-diesel","12":"product_tag-incuietoare","13":"product_tag-usa","14":"product_tag-volvo","16":"first","17":"instock","18":"shipping-taxable","19":"purchasable","20":"product-type-simple"},"yoast_head":"<!-- This site is optimized with the Yoast SEO plugin v27.3 - https:\/\/yoast.com\/product\/yoast-seo-wordpress\/ -->\n<title>Incuietoare usa VOLVO C30 (533) D2 diesel 115 cai AIC 70347 VOLVO | AIC - Autorival<\/title>\n<meta name=\"description\" content=\"\u26a1 Incuietoare usa VOLVO C30 (533) D2 diesel 115 cai AIC 70347 pentru VOLVO. \u2713 Cod: 70347 \u2713 Brand: AIC \u2713 \u00cen stoc \u2713 Livrare 24h \u2713 Garan\u021bie!\" \/>\n<meta name=\"robots\" content=\"index, follow, max-snippet:-1, max-image-preview:large, max-video-preview:-1\" \/>\n<meta property=\"og:locale\" content=\"en_US\" \/>\n<meta property=\"og:type\" content=\"article\" \/>\n<meta property=\"og:title\" content=\"Incuietoare usa VOLVO C30 (533) D2 diesel 115 cai AIC 70347 VOLVO | AIC - Autorival\" \/>\n<meta property=\"og:description\" content=\"\u26a1 Incuietoare usa VOLVO C30 (533) D2 diesel 115 cai AIC 70347 pentru VOLVO. \u2713 Cod: 70347 \u2713 Brand: AIC \u2713 \u00cen stoc \u2713 Livrare 24h \u2713 Garan\u021bie!\" \/>\n<meta property=\"og:url\" content=\"https:\/\/autorival.ro\/volvo\/product\/incuietoare-usa-volvo-c30-533-d2-diesel-115-cai-aic-70347\/\" \/>\n<meta property=\"og:site_name\" content=\"VOLVO\" \/>\n<meta property=\"og:image\" content=\"https:\/\/autorival.ro\/volvo\/wp-content\/uploads\/sites\/20\/2025\/07\/70347a-8.jpg\" \/>\n\t<meta property=\"og:image:width\" content=\"1000\" \/>\n\t<meta property=\"og:image:height\" content=\"667\" \/>\n\t<meta property=\"og:image:type\" content=\"image\/jpeg\" \/>\n<meta name=\"twitter:card\" content=\"summary_large_image\" \/>\n<meta name=\"twitter:title\" content=\"Incuietoare usa VOLVO C30 (533) D2 diesel 115 cai AIC 70347 VOLVO | AIC - Autorival\" \/>\n<meta name=\"twitter:description\" content=\"\u26a1 Incuietoare usa VOLVO C30 (533) D2 diesel 115 cai AIC 70347 pentru VOLVO. \u2713 Cod: 70347 \u2713 Brand: AIC \u2713 \u00cen stoc \u2713 Livrare 24h \u2713 Garan\u021bie!\" \/>\n<script type=\"application\/ld+json\" class=\"yoast-schema-graph\">{\"@context\":\"https:\\\/\\\/schema.org\",\"@graph\":[{\"@type\":\"WebPage\",\"@id\":\"https:\\\/\\\/autorival.ro\\\/volvo\\\/product\\\/incuietoare-usa-volvo-c30-533-d2-diesel-115-cai-aic-70347\\\/\",\"url\":\"https:\\\/\\\/autorival.ro\\\/volvo\\\/product\\\/incuietoare-usa-volvo-c30-533-d2-diesel-115-cai-aic-70347\\\/\",\"name\":\"Incuietoare usa VOLVO C30 (533) D2 diesel 115 cai AIC 70347 VOLVO | AIC - Autorival\",\"isPartOf\":{\"@id\":\"https:\\\/\\\/autorival.ro\\\/volvo\\\/#website\"},\"primaryImageOfPage\":{\"@id\":\"https:\\\/\\\/autorival.ro\\\/volvo\\\/product\\\/incuietoare-usa-volvo-c30-533-d2-diesel-115-cai-aic-70347\\\/#primaryimage\"},\"image\":{\"@id\":\"https:\\\/\\\/autorival.ro\\\/volvo\\\/product\\\/incuietoare-usa-volvo-c30-533-d2-diesel-115-cai-aic-70347\\\/#primaryimage\"},\"thumbnailUrl\":\"https:\\\/\\\/autorival.ro\\\/volvo\\\/wp-content\\\/uploads\\\/sites\\\/20\\\/2025\\\/07\\\/70347a-8.jpg\",\"datePublished\":\"2025-07-28T16:14:11+00:00\",\"description\":\"\u26a1 Incuietoare usa VOLVO C30 (533) D2 diesel 115 cai AIC 70347 pentru VOLVO. \u2713 Cod: 70347 \u2713 Brand: AIC \u2713 \u00cen stoc \u2713 Livrare 24h \u2713 Garan\u021bie!\",\"breadcrumb\":{\"@id\":\"https:\\\/\\\/autorival.ro\\\/volvo\\\/product\\\/incuietoare-usa-volvo-c30-533-d2-diesel-115-cai-aic-70347\\\/#breadcrumb\"},\"inLanguage\":\"en-US\",\"potentialAction\":[{\"@type\":\"ReadAction\",\"target\":[\"https:\\\/\\\/autorival.ro\\\/volvo\\\/product\\\/incuietoare-usa-volvo-c30-533-d2-diesel-115-cai-aic-70347\\\/\"]}]},{\"@type\":\"ImageObject\",\"inLanguage\":\"en-US\",\"@id\":\"https:\\\/\\\/autorival.ro\\\/volvo\\\/product\\\/incuietoare-usa-volvo-c30-533-d2-diesel-115-cai-aic-70347\\\/#primaryimage\",\"url\":\"https:\\\/\\\/autorival.ro\\\/volvo\\\/wp-content\\\/uploads\\\/sites\\\/20\\\/2025\\\/07\\\/70347a-8.jpg\",\"contentUrl\":\"https:\\\/\\\/autorival.ro\\\/volvo\\\/wp-content\\\/uploads\\\/sites\\\/20\\\/2025\\\/07\\\/70347a-8.jpg\",\"width\":1000,\"height\":667},{\"@type\":\"BreadcrumbList\",\"@id\":\"https:\\\/\\\/autorival.ro\\\/volvo\\\/product\\\/incuietoare-usa-volvo-c30-533-d2-diesel-115-cai-aic-70347\\\/#breadcrumb\",\"itemListElement\":[{\"@type\":\"ListItem\",\"position\":1,\"name\":\"Prima pagin\u0103\",\"item\":\"https:\\\/\\\/autorival.ro\\\/volvo\\\/\"},{\"@type\":\"ListItem\",\"position\":2,\"name\":\"Piese auto VOLVO\",\"item\":\"https:\\\/\\\/autorival.ro\\\/volvo\\\/\"},{\"@type\":\"ListItem\",\"position\":3,\"name\":\"Incuietoare usa VOLVO C30 (533) D2 diesel 115 cai AIC 70347\"}]},{\"@type\":\"WebSite\",\"@id\":\"https:\\\/\\\/autorival.ro\\\/volvo\\\/#website\",\"url\":\"https:\\\/\\\/autorival.ro\\\/volvo\\\/\",\"name\":\"VOLVO\",\"description\":\"\",\"potentialAction\":[{\"@type\":\"SearchAction\",\"target\":{\"@type\":\"EntryPoint\",\"urlTemplate\":\"https:\\\/\\\/autorival.ro\\\/volvo\\\/?s={search_term_string}\"},\"query-input\":{\"@type\":\"PropertyValueSpecification\",\"valueRequired\":true,\"valueName\":\"search_term_string\"}}],\"inLanguage\":\"en-US\"}]}<\/script>\n<!-- \/ Yoast SEO plugin. -->","yoast_head_json":{"title":"Incuietoare usa VOLVO C30 (533) D2 diesel 115 cai AIC 70347 VOLVO | AIC - Autorival","description":"\u26a1 Incuietoare usa VOLVO C30 (533) D2 diesel 115 cai AIC 70347 pentru VOLVO. \u2713 Cod: 70347 \u2713 Brand: AIC \u2713 \u00cen stoc \u2713 Livrare 24h \u2713 Garan\u021bie!","robots":{"index":"index","follow":"follow","max-snippet":"max-snippet:-1","max-image-preview":"max-image-preview:large","max-video-preview":"max-video-preview:-1"},"og_locale":"en_US","og_type":"article","og_title":"Incuietoare usa VOLVO C30 (533) D2 diesel 115 cai AIC 70347 VOLVO | AIC - Autorival","og_description":"\u26a1 Incuietoare usa VOLVO C30 (533) D2 diesel 115 cai AIC 70347 pentru VOLVO. \u2713 Cod: 70347 \u2713 Brand: AIC \u2713 \u00cen stoc \u2713 Livrare 24h \u2713 Garan\u021bie!","og_url":"https:\/\/autorival.ro\/volvo\/product\/incuietoare-usa-volvo-c30-533-d2-diesel-115-cai-aic-70347\/","og_site_name":"VOLVO","og_image":[{"width":1000,"height":667,"url":"https:\/\/autorival.ro\/volvo\/wp-content\/uploads\/sites\/20\/2025\/07\/70347a-8.jpg","type":"image\/jpeg"}],"twitter_card":"summary_large_image","twitter_title":"Incuietoare usa VOLVO C30 (533) D2 diesel 115 cai AIC 70347 VOLVO | AIC - Autorival","twitter_description":"\u26a1 Incuietoare usa VOLVO C30 (533) D2 diesel 115 cai AIC 70347 pentru VOLVO. \u2713 Cod: 70347 \u2713 Brand: AIC \u2713 \u00cen stoc \u2713 Livrare 24h \u2713 Garan\u021bie!","schema":{"@context":"https:\/\/schema.org","@graph":[{"@type":"WebPage","@id":"https:\/\/autorival.ro\/volvo\/product\/incuietoare-usa-volvo-c30-533-d2-diesel-115-cai-aic-70347\/","url":"https:\/\/autorival.ro\/volvo\/product\/incuietoare-usa-volvo-c30-533-d2-diesel-115-cai-aic-70347\/","name":"Incuietoare usa VOLVO C30 (533) D2 diesel 115 cai AIC 70347 VOLVO | AIC - Autorival","isPartOf":{"@id":"https:\/\/autorival.ro\/volvo\/#website"},"primaryImageOfPage":{"@id":"https:\/\/autorival.ro\/volvo\/product\/incuietoare-usa-volvo-c30-533-d2-diesel-115-cai-aic-70347\/#primaryimage"},"image":{"@id":"https:\/\/autorival.ro\/volvo\/product\/incuietoare-usa-volvo-c30-533-d2-diesel-115-cai-aic-70347\/#primaryimage"},"thumbnailUrl":"https:\/\/autorival.ro\/volvo\/wp-content\/uploads\/sites\/20\/2025\/07\/70347a-8.jpg","datePublished":"2025-07-28T16:14:11+00:00","description":"\u26a1 Incuietoare usa VOLVO C30 (533) D2 diesel 115 cai AIC 70347 pentru VOLVO. \u2713 Cod: 70347 \u2713 Brand: AIC \u2713 \u00cen stoc \u2713 Livrare 24h \u2713 Garan\u021bie!","breadcrumb":{"@id":"https:\/\/autorival.ro\/volvo\/product\/incuietoare-usa-volvo-c30-533-d2-diesel-115-cai-aic-70347\/#breadcrumb"},"inLanguage":"en-US","potentialAction":[{"@type":"ReadAction","target":["https:\/\/autorival.ro\/volvo\/product\/incuietoare-usa-volvo-c30-533-d2-diesel-115-cai-aic-70347\/"]}]},{"@type":"ImageObject","inLanguage":"en-US","@id":"https:\/\/autorival.ro\/volvo\/product\/incuietoare-usa-volvo-c30-533-d2-diesel-115-cai-aic-70347\/#primaryimage","url":"https:\/\/autorival.ro\/volvo\/wp-content\/uploads\/sites\/20\/2025\/07\/70347a-8.jpg","contentUrl":"https:\/\/autorival.ro\/volvo\/wp-content\/uploads\/sites\/20\/2025\/07\/70347a-8.jpg","width":1000,"height":667},{"@type":"BreadcrumbList","@id":"https:\/\/autorival.ro\/volvo\/product\/incuietoare-usa-volvo-c30-533-d2-diesel-115-cai-aic-70347\/#breadcrumb","itemListElement":[{"@type":"ListItem","position":1,"name":"Prima pagin\u0103","item":"https:\/\/autorival.ro\/volvo\/"},{"@type":"ListItem","position":2,"name":"Piese auto VOLVO","item":"https:\/\/autorival.ro\/volvo\/"},{"@type":"ListItem","position":3,"name":"Incuietoare usa VOLVO C30 (533) D2 diesel 115 cai AIC 70347"}]},{"@type":"WebSite","@id":"https:\/\/autorival.ro\/volvo\/#website","url":"https:\/\/autorival.ro\/volvo\/","name":"VOLVO","description":"","potentialAction":[{"@type":"SearchAction","target":{"@type":"EntryPoint","urlTemplate":"https:\/\/autorival.ro\/volvo\/?s={search_term_string}"},"query-input":{"@type":"PropertyValueSpecification","valueRequired":true,"valueName":"search_term_string"}}],"inLanguage":"en-US"}]}},"_links":{"self":[{"href":"https:\/\/autorival.ro\/volvo\/wp-json\/wp\/v2\/product\/372324","targetHints":{"allow":["GET"]}}],"collection":[{"href":"https:\/\/autorival.ro\/volvo\/wp-json\/wp\/v2\/product"}],"about":[{"href":"https:\/\/autorival.ro\/volvo\/wp-json\/wp\/v2\/types\/product"}],"replies":[{"embeddable":true,"href":"https:\/\/autorival.ro\/volvo\/wp-json\/wp\/v2\/comments?post=372324"}],"wp:featuredmedia":[{"embeddable":true,"href":"https:\/\/autorival.ro\/volvo\/wp-json\/wp\/v2\/media\/372325"}],"wp:attachment":[{"href":"https:\/\/autorival.ro\/volvo\/wp-json\/wp\/v2\/media?parent=372324"}],"wp:term":[{"taxonomy":"product_brand","embeddable":true,"href":"https:\/\/autorival.ro\/volvo\/wp-json\/wp\/v2\/product_brand?post=372324"},{"taxonomy":"product_cat","embeddable":true,"href":"https:\/\/autorival.ro\/volvo\/wp-json\/wp\/v2\/product_cat?post=372324"},{"taxonomy":"product_tag","embeddable":true,"href":"https:\/\/autorival.ro\/volvo\/wp-json\/wp\/v2\/product_tag?post=372324"}],"curies":[{"name":"wp","href":"https:\/\/api.w.org\/{rel}","templated":true}]}}