{"id":317038,"date":"2025-07-27T18:25:35","date_gmt":"2025-07-27T18:25:35","guid":{"rendered":"https:\/\/autorival.ro\/volvo\/product\/filtru-polen-volvo-c40-539-recharge-electric-238-cai-meyle-512-326-0007-pd\/"},"modified":"2025-07-27T18:25:35","modified_gmt":"2025-07-27T18:25:35","slug":"filtru-polen-volvo-c40-539-recharge-electric-238-cai-meyle-512-326-0007-pd","status":"publish","type":"product","link":"https:\/\/autorival.ro\/volvo\/product\/filtru-polen-volvo-c40-539-recharge-electric-238-cai-meyle-512-326-0007-pd\/","title":{"rendered":"Filtru polen VOLVO C40 (539) Recharge electric 238 cai MEYLE 512 326 0007\/PD"},"content":{"rendered":"<p>->Latime [mm]: 247Tip filtru: Filtru praf fin (PM 2.5), Efect de absorb\u021bie NOx, Filtru NOx, separare \u00eenalt\u0103 a prafului fin, cu efect antialergic, cu efect de aspirare, Insertie filtru, pentru conditii grele, Filtru carbon activ\u00cenaltime [mm]: 36 ->Lungime [mm]: 289<\/p>\n","protected":false},"excerpt":{"rendered":"<p>Producator: MEYLE Cod producator: 512 326 0007\/PD<\/p>\n","protected":false},"featured_media":317039,"comment_status":"open","ping_status":"closed","template":"","meta":[],"product_brand":[1071],"product_cat":[28307],"product_tag":[77906,77905,78288,77891,78620,77907,77628],"class_list":{"0":"post-317038","1":"product","2":"type-product","3":"status-publish","4":"has-post-thumbnail","6":"product_brand-meyle","7":"product_cat-filtru-polen-539-recharge-electric-238","8":"product_tag-77906","9":"product_tag-c40","10":"product_tag-filtru","11":"product_tag-meyle","12":"product_tag-polen","13":"product_tag-recharge","14":"product_tag-volvo","16":"first","17":"instock","18":"shipping-taxable","19":"purchasable","20":"product-type-simple"},"yoast_head":"<!-- This site is optimized with the Yoast SEO plugin v27.3 - https:\/\/yoast.com\/product\/yoast-seo-wordpress\/ -->\n<title>Filtru polen VOLVO C40 (539) Recharge electric 238 cai MEYLE 512 326 0007\/PD VOLVO | MEYLE - Autorival<\/title>\n<meta name=\"description\" content=\"\u26a1 Filtru polen VOLVO C40 (539) Recharge electric 238 cai MEYLE 512 326 0007\/PD pentru VOLVO. \u2713 Cod: 512 \u2713 Brand: MEYLE \u2713 \u00cen stoc \u2713 Livrare 24h \u2713 Garan\u021bie!\" \/>\n<meta name=\"robots\" content=\"index, follow, max-snippet:-1, max-image-preview:large, max-video-preview:-1\" \/>\n<meta property=\"og:locale\" content=\"en_US\" \/>\n<meta property=\"og:type\" content=\"article\" \/>\n<meta property=\"og:title\" content=\"Filtru polen VOLVO C40 (539) Recharge electric 238 cai MEYLE 512 326 0007\/PD VOLVO | MEYLE - Autorival\" \/>\n<meta property=\"og:description\" content=\"\u26a1 Filtru polen VOLVO C40 (539) Recharge electric 238 cai MEYLE 512 326 0007\/PD pentru VOLVO. \u2713 Cod: 512 \u2713 Brand: MEYLE \u2713 \u00cen stoc \u2713 Livrare 24h \u2713 Garan\u021bie!\" \/>\n<meta property=\"og:url\" content=\"https:\/\/autorival.ro\/volvo\/product\/filtru-polen-volvo-c40-539-recharge-electric-238-cai-meyle-512-326-0007-pd\/\" \/>\n<meta property=\"og:site_name\" content=\"VOLVO\" \/>\n<meta property=\"og:image\" content=\"https:\/\/autorival.ro\/volvo\/wp-content\/uploads\/sites\/20\/2025\/07\/fs_5123260007pd_1-2.jpg\" \/>\n\t<meta property=\"og:image:width\" content=\"600\" \/>\n\t<meta property=\"og:image:height\" content=\"400\" \/>\n\t<meta property=\"og:image:type\" content=\"image\/jpeg\" \/>\n<meta name=\"twitter:card\" content=\"summary_large_image\" \/>\n<meta name=\"twitter:title\" content=\"Filtru polen VOLVO C40 (539) Recharge electric 238 cai MEYLE 512 326 0007\/PD VOLVO | MEYLE - Autorival\" \/>\n<meta name=\"twitter:description\" content=\"\u26a1 Filtru polen VOLVO C40 (539) Recharge electric 238 cai MEYLE 512 326 0007\/PD pentru VOLVO. \u2713 Cod: 512 \u2713 Brand: MEYLE \u2713 \u00cen stoc \u2713 Livrare 24h \u2713 Garan\u021bie!\" \/>\n<script type=\"application\/ld+json\" class=\"yoast-schema-graph\">{\"@context\":\"https:\\\/\\\/schema.org\",\"@graph\":[{\"@type\":\"WebPage\",\"@id\":\"https:\\\/\\\/autorival.ro\\\/volvo\\\/product\\\/filtru-polen-volvo-c40-539-recharge-electric-238-cai-meyle-512-326-0007-pd\\\/\",\"url\":\"https:\\\/\\\/autorival.ro\\\/volvo\\\/product\\\/filtru-polen-volvo-c40-539-recharge-electric-238-cai-meyle-512-326-0007-pd\\\/\",\"name\":\"Filtru polen VOLVO C40 (539) Recharge electric 238 cai MEYLE 512 326 0007\\\/PD VOLVO | MEYLE - Autorival\",\"isPartOf\":{\"@id\":\"https:\\\/\\\/autorival.ro\\\/volvo\\\/#website\"},\"primaryImageOfPage\":{\"@id\":\"https:\\\/\\\/autorival.ro\\\/volvo\\\/product\\\/filtru-polen-volvo-c40-539-recharge-electric-238-cai-meyle-512-326-0007-pd\\\/#primaryimage\"},\"image\":{\"@id\":\"https:\\\/\\\/autorival.ro\\\/volvo\\\/product\\\/filtru-polen-volvo-c40-539-recharge-electric-238-cai-meyle-512-326-0007-pd\\\/#primaryimage\"},\"thumbnailUrl\":\"https:\\\/\\\/autorival.ro\\\/volvo\\\/wp-content\\\/uploads\\\/sites\\\/20\\\/2025\\\/07\\\/fs_5123260007pd_1-2.jpg\",\"datePublished\":\"2025-07-27T18:25:35+00:00\",\"description\":\"\u26a1 Filtru polen VOLVO C40 (539) Recharge electric 238 cai MEYLE 512 326 0007\\\/PD pentru VOLVO. \u2713 Cod: 512 \u2713 Brand: MEYLE \u2713 \u00cen stoc \u2713 Livrare 24h \u2713 Garan\u021bie!\",\"breadcrumb\":{\"@id\":\"https:\\\/\\\/autorival.ro\\\/volvo\\\/product\\\/filtru-polen-volvo-c40-539-recharge-electric-238-cai-meyle-512-326-0007-pd\\\/#breadcrumb\"},\"inLanguage\":\"en-US\",\"potentialAction\":[{\"@type\":\"ReadAction\",\"target\":[\"https:\\\/\\\/autorival.ro\\\/volvo\\\/product\\\/filtru-polen-volvo-c40-539-recharge-electric-238-cai-meyle-512-326-0007-pd\\\/\"]}]},{\"@type\":\"ImageObject\",\"inLanguage\":\"en-US\",\"@id\":\"https:\\\/\\\/autorival.ro\\\/volvo\\\/product\\\/filtru-polen-volvo-c40-539-recharge-electric-238-cai-meyle-512-326-0007-pd\\\/#primaryimage\",\"url\":\"https:\\\/\\\/autorival.ro\\\/volvo\\\/wp-content\\\/uploads\\\/sites\\\/20\\\/2025\\\/07\\\/fs_5123260007pd_1-2.jpg\",\"contentUrl\":\"https:\\\/\\\/autorival.ro\\\/volvo\\\/wp-content\\\/uploads\\\/sites\\\/20\\\/2025\\\/07\\\/fs_5123260007pd_1-2.jpg\",\"width\":600,\"height\":400},{\"@type\":\"BreadcrumbList\",\"@id\":\"https:\\\/\\\/autorival.ro\\\/volvo\\\/product\\\/filtru-polen-volvo-c40-539-recharge-electric-238-cai-meyle-512-326-0007-pd\\\/#breadcrumb\",\"itemListElement\":[{\"@type\":\"ListItem\",\"position\":1,\"name\":\"Prima pagin\u0103\",\"item\":\"https:\\\/\\\/autorival.ro\\\/volvo\\\/\"},{\"@type\":\"ListItem\",\"position\":2,\"name\":\"Piese auto VOLVO\",\"item\":\"https:\\\/\\\/autorival.ro\\\/volvo\\\/\"},{\"@type\":\"ListItem\",\"position\":3,\"name\":\"Filtru polen VOLVO C40 (539) Recharge electric 238 cai MEYLE 512 326 0007\\\/PD\"}]},{\"@type\":\"WebSite\",\"@id\":\"https:\\\/\\\/autorival.ro\\\/volvo\\\/#website\",\"url\":\"https:\\\/\\\/autorival.ro\\\/volvo\\\/\",\"name\":\"VOLVO\",\"description\":\"\",\"potentialAction\":[{\"@type\":\"SearchAction\",\"target\":{\"@type\":\"EntryPoint\",\"urlTemplate\":\"https:\\\/\\\/autorival.ro\\\/volvo\\\/?s={search_term_string}\"},\"query-input\":{\"@type\":\"PropertyValueSpecification\",\"valueRequired\":true,\"valueName\":\"search_term_string\"}}],\"inLanguage\":\"en-US\"}]}<\/script>\n<!-- \/ Yoast SEO plugin. -->","yoast_head_json":{"title":"Filtru polen VOLVO C40 (539) Recharge electric 238 cai MEYLE 512 326 0007\/PD VOLVO | MEYLE - Autorival","description":"\u26a1 Filtru polen VOLVO C40 (539) Recharge electric 238 cai MEYLE 512 326 0007\/PD pentru VOLVO. \u2713 Cod: 512 \u2713 Brand: MEYLE \u2713 \u00cen stoc \u2713 Livrare 24h \u2713 Garan\u021bie!","robots":{"index":"index","follow":"follow","max-snippet":"max-snippet:-1","max-image-preview":"max-image-preview:large","max-video-preview":"max-video-preview:-1"},"og_locale":"en_US","og_type":"article","og_title":"Filtru polen VOLVO C40 (539) Recharge electric 238 cai MEYLE 512 326 0007\/PD VOLVO | MEYLE - Autorival","og_description":"\u26a1 Filtru polen VOLVO C40 (539) Recharge electric 238 cai MEYLE 512 326 0007\/PD pentru VOLVO. \u2713 Cod: 512 \u2713 Brand: MEYLE \u2713 \u00cen stoc \u2713 Livrare 24h \u2713 Garan\u021bie!","og_url":"https:\/\/autorival.ro\/volvo\/product\/filtru-polen-volvo-c40-539-recharge-electric-238-cai-meyle-512-326-0007-pd\/","og_site_name":"VOLVO","og_image":[{"width":600,"height":400,"url":"https:\/\/autorival.ro\/volvo\/wp-content\/uploads\/sites\/20\/2025\/07\/fs_5123260007pd_1-2.jpg","type":"image\/jpeg"}],"twitter_card":"summary_large_image","twitter_title":"Filtru polen VOLVO C40 (539) Recharge electric 238 cai MEYLE 512 326 0007\/PD VOLVO | MEYLE - Autorival","twitter_description":"\u26a1 Filtru polen VOLVO C40 (539) Recharge electric 238 cai MEYLE 512 326 0007\/PD pentru VOLVO. \u2713 Cod: 512 \u2713 Brand: MEYLE \u2713 \u00cen stoc \u2713 Livrare 24h \u2713 Garan\u021bie!","schema":{"@context":"https:\/\/schema.org","@graph":[{"@type":"WebPage","@id":"https:\/\/autorival.ro\/volvo\/product\/filtru-polen-volvo-c40-539-recharge-electric-238-cai-meyle-512-326-0007-pd\/","url":"https:\/\/autorival.ro\/volvo\/product\/filtru-polen-volvo-c40-539-recharge-electric-238-cai-meyle-512-326-0007-pd\/","name":"Filtru polen VOLVO C40 (539) Recharge electric 238 cai MEYLE 512 326 0007\/PD VOLVO | MEYLE - Autorival","isPartOf":{"@id":"https:\/\/autorival.ro\/volvo\/#website"},"primaryImageOfPage":{"@id":"https:\/\/autorival.ro\/volvo\/product\/filtru-polen-volvo-c40-539-recharge-electric-238-cai-meyle-512-326-0007-pd\/#primaryimage"},"image":{"@id":"https:\/\/autorival.ro\/volvo\/product\/filtru-polen-volvo-c40-539-recharge-electric-238-cai-meyle-512-326-0007-pd\/#primaryimage"},"thumbnailUrl":"https:\/\/autorival.ro\/volvo\/wp-content\/uploads\/sites\/20\/2025\/07\/fs_5123260007pd_1-2.jpg","datePublished":"2025-07-27T18:25:35+00:00","description":"\u26a1 Filtru polen VOLVO C40 (539) Recharge electric 238 cai MEYLE 512 326 0007\/PD pentru VOLVO. \u2713 Cod: 512 \u2713 Brand: MEYLE \u2713 \u00cen stoc \u2713 Livrare 24h \u2713 Garan\u021bie!","breadcrumb":{"@id":"https:\/\/autorival.ro\/volvo\/product\/filtru-polen-volvo-c40-539-recharge-electric-238-cai-meyle-512-326-0007-pd\/#breadcrumb"},"inLanguage":"en-US","potentialAction":[{"@type":"ReadAction","target":["https:\/\/autorival.ro\/volvo\/product\/filtru-polen-volvo-c40-539-recharge-electric-238-cai-meyle-512-326-0007-pd\/"]}]},{"@type":"ImageObject","inLanguage":"en-US","@id":"https:\/\/autorival.ro\/volvo\/product\/filtru-polen-volvo-c40-539-recharge-electric-238-cai-meyle-512-326-0007-pd\/#primaryimage","url":"https:\/\/autorival.ro\/volvo\/wp-content\/uploads\/sites\/20\/2025\/07\/fs_5123260007pd_1-2.jpg","contentUrl":"https:\/\/autorival.ro\/volvo\/wp-content\/uploads\/sites\/20\/2025\/07\/fs_5123260007pd_1-2.jpg","width":600,"height":400},{"@type":"BreadcrumbList","@id":"https:\/\/autorival.ro\/volvo\/product\/filtru-polen-volvo-c40-539-recharge-electric-238-cai-meyle-512-326-0007-pd\/#breadcrumb","itemListElement":[{"@type":"ListItem","position":1,"name":"Prima pagin\u0103","item":"https:\/\/autorival.ro\/volvo\/"},{"@type":"ListItem","position":2,"name":"Piese auto VOLVO","item":"https:\/\/autorival.ro\/volvo\/"},{"@type":"ListItem","position":3,"name":"Filtru polen VOLVO C40 (539) Recharge electric 238 cai MEYLE 512 326 0007\/PD"}]},{"@type":"WebSite","@id":"https:\/\/autorival.ro\/volvo\/#website","url":"https:\/\/autorival.ro\/volvo\/","name":"VOLVO","description":"","potentialAction":[{"@type":"SearchAction","target":{"@type":"EntryPoint","urlTemplate":"https:\/\/autorival.ro\/volvo\/?s={search_term_string}"},"query-input":{"@type":"PropertyValueSpecification","valueRequired":true,"valueName":"search_term_string"}}],"inLanguage":"en-US"}]}},"_links":{"self":[{"href":"https:\/\/autorival.ro\/volvo\/wp-json\/wp\/v2\/product\/317038","targetHints":{"allow":["GET"]}}],"collection":[{"href":"https:\/\/autorival.ro\/volvo\/wp-json\/wp\/v2\/product"}],"about":[{"href":"https:\/\/autorival.ro\/volvo\/wp-json\/wp\/v2\/types\/product"}],"replies":[{"embeddable":true,"href":"https:\/\/autorival.ro\/volvo\/wp-json\/wp\/v2\/comments?post=317038"}],"wp:featuredmedia":[{"embeddable":true,"href":"https:\/\/autorival.ro\/volvo\/wp-json\/wp\/v2\/media\/317039"}],"wp:attachment":[{"href":"https:\/\/autorival.ro\/volvo\/wp-json\/wp\/v2\/media?parent=317038"}],"wp:term":[{"taxonomy":"product_brand","embeddable":true,"href":"https:\/\/autorival.ro\/volvo\/wp-json\/wp\/v2\/product_brand?post=317038"},{"taxonomy":"product_cat","embeddable":true,"href":"https:\/\/autorival.ro\/volvo\/wp-json\/wp\/v2\/product_cat?post=317038"},{"taxonomy":"product_tag","embeddable":true,"href":"https:\/\/autorival.ro\/volvo\/wp-json\/wp\/v2\/product_tag?post=317038"}],"curies":[{"name":"wp","href":"https:\/\/api.w.org\/{rel}","templated":true}]}}