{"id":2728,"date":"2025-07-25T05:51:40","date_gmt":"2025-07-25T05:51:40","guid":{"rendered":"https:\/\/autorival.ro\/volvo\/product\/alternator-volvo-fh-iii-460-lng-diesel-460-cai-as-pl-a0798s\/"},"modified":"2025-07-25T05:51:40","modified_gmt":"2025-07-25T05:51:40","slug":"alternator-volvo-fh-iii-460-lng-diesel-460-cai-as-pl-a0798s","status":"publish","type":"product","link":"https:\/\/autorival.ro\/volvo\/product\/alternator-volvo-fh-iii-460-lng-diesel-460-cai-as-pl-a0798s\/","title":{"rendered":"Alternator VOLVO FH III 460 LNG diesel 460 cai AS-PL A0798S"},"content":{"rendered":"<p>Restrictiile producatorului: BOSCHRole: cu rola cureaTensiune [V]: 24Curent de incarcare generator [A]: 120Versiune: 0124655085Calitate: STANDARD LINEPies\u0103 nou\u0103 f\u0103r\u0103 gaj<\/p>\n","protected":false},"excerpt":{"rendered":"<p>Producator: AS-PL Cod producator: A0798S<\/p>\n","protected":false},"featured_media":2729,"comment_status":"open","ping_status":"closed","template":"","meta":[],"product_brand":[659],"product_cat":[723],"product_tag":[77683,77687,77629,77640,77731,77628],"class_list":{"0":"post-2728","1":"product","2":"type-product","3":"status-publish","4":"has-post-thumbnail","6":"product_brand-as-pl","7":"product_cat-alternator-iii-460-lng-diesel-460","8":"product_tag-alternator","9":"product_tag-as","10":"product_tag-fh","11":"product_tag-iii","12":"product_tag-lng","13":"product_tag-volvo","15":"first","16":"instock","17":"shipping-taxable","18":"purchasable","19":"product-type-simple"},"yoast_head":"<!-- This site is optimized with the Yoast SEO plugin v27.3 - https:\/\/yoast.com\/product\/yoast-seo-wordpress\/ -->\n<title>Alternator VOLVO FH III 460 LNG diesel 460 cai AS-PL A0798S VOLVO | AS-PL - Autorival<\/title>\n<meta name=\"description\" content=\"\u26a1 Alternator VOLVO FH III 460 LNG diesel 460 cai AS-PL A0798S pentru VOLVO. \u2713 Cod: A0798S \u2713 Brand: AS-PL \u2713 \u00cen stoc \u2713 Livrare 24h \u2713 Garan\u021bie!\" \/>\n<meta name=\"robots\" content=\"index, follow, max-snippet:-1, max-image-preview:large, max-video-preview:-1\" \/>\n<meta property=\"og:locale\" content=\"en_US\" \/>\n<meta property=\"og:type\" content=\"article\" \/>\n<meta property=\"og:title\" content=\"Alternator VOLVO FH III 460 LNG diesel 460 cai AS-PL A0798S VOLVO | AS-PL - Autorival\" \/>\n<meta property=\"og:description\" content=\"\u26a1 Alternator VOLVO FH III 460 LNG diesel 460 cai AS-PL A0798S pentru VOLVO. \u2713 Cod: A0798S \u2713 Brand: AS-PL \u2713 \u00cen stoc \u2713 Livrare 24h \u2713 Garan\u021bie!\" \/>\n<meta property=\"og:url\" content=\"https:\/\/autorival.ro\/volvo\/product\/alternator-volvo-fh-iii-460-lng-diesel-460-cai-as-pl-a0798s\/\" \/>\n<meta property=\"og:site_name\" content=\"VOLVO\" \/>\n<meta property=\"og:image\" content=\"https:\/\/autorival.ro\/volvo\/wp-content\/uploads\/sites\/20\/2025\/07\/202565-13.jpg\" \/>\n\t<meta property=\"og:image:width\" content=\"1080\" \/>\n\t<meta property=\"og:image:height\" content=\"810\" \/>\n\t<meta property=\"og:image:type\" content=\"image\/jpeg\" \/>\n<meta name=\"twitter:card\" content=\"summary_large_image\" \/>\n<meta name=\"twitter:title\" content=\"Alternator VOLVO FH III 460 LNG diesel 460 cai AS-PL A0798S VOLVO | AS-PL - Autorival\" \/>\n<meta name=\"twitter:description\" content=\"\u26a1 Alternator VOLVO FH III 460 LNG diesel 460 cai AS-PL A0798S pentru VOLVO. \u2713 Cod: A0798S \u2713 Brand: AS-PL \u2713 \u00cen stoc \u2713 Livrare 24h \u2713 Garan\u021bie!\" \/>\n<script type=\"application\/ld+json\" class=\"yoast-schema-graph\">{\"@context\":\"https:\\\/\\\/schema.org\",\"@graph\":[{\"@type\":\"WebPage\",\"@id\":\"https:\\\/\\\/autorival.ro\\\/volvo\\\/product\\\/alternator-volvo-fh-iii-460-lng-diesel-460-cai-as-pl-a0798s\\\/\",\"url\":\"https:\\\/\\\/autorival.ro\\\/volvo\\\/product\\\/alternator-volvo-fh-iii-460-lng-diesel-460-cai-as-pl-a0798s\\\/\",\"name\":\"Alternator VOLVO FH III 460 LNG diesel 460 cai AS-PL A0798S VOLVO | AS-PL - Autorival\",\"isPartOf\":{\"@id\":\"https:\\\/\\\/autorival.ro\\\/volvo\\\/#website\"},\"primaryImageOfPage\":{\"@id\":\"https:\\\/\\\/autorival.ro\\\/volvo\\\/product\\\/alternator-volvo-fh-iii-460-lng-diesel-460-cai-as-pl-a0798s\\\/#primaryimage\"},\"image\":{\"@id\":\"https:\\\/\\\/autorival.ro\\\/volvo\\\/product\\\/alternator-volvo-fh-iii-460-lng-diesel-460-cai-as-pl-a0798s\\\/#primaryimage\"},\"thumbnailUrl\":\"https:\\\/\\\/autorival.ro\\\/volvo\\\/wp-content\\\/uploads\\\/sites\\\/20\\\/2025\\\/07\\\/202565-13.jpg\",\"datePublished\":\"2025-07-25T05:51:40+00:00\",\"description\":\"\u26a1 Alternator VOLVO FH III 460 LNG diesel 460 cai AS-PL A0798S pentru VOLVO. \u2713 Cod: A0798S \u2713 Brand: AS-PL \u2713 \u00cen stoc \u2713 Livrare 24h \u2713 Garan\u021bie!\",\"breadcrumb\":{\"@id\":\"https:\\\/\\\/autorival.ro\\\/volvo\\\/product\\\/alternator-volvo-fh-iii-460-lng-diesel-460-cai-as-pl-a0798s\\\/#breadcrumb\"},\"inLanguage\":\"en-US\",\"potentialAction\":[{\"@type\":\"ReadAction\",\"target\":[\"https:\\\/\\\/autorival.ro\\\/volvo\\\/product\\\/alternator-volvo-fh-iii-460-lng-diesel-460-cai-as-pl-a0798s\\\/\"]}]},{\"@type\":\"ImageObject\",\"inLanguage\":\"en-US\",\"@id\":\"https:\\\/\\\/autorival.ro\\\/volvo\\\/product\\\/alternator-volvo-fh-iii-460-lng-diesel-460-cai-as-pl-a0798s\\\/#primaryimage\",\"url\":\"https:\\\/\\\/autorival.ro\\\/volvo\\\/wp-content\\\/uploads\\\/sites\\\/20\\\/2025\\\/07\\\/202565-13.jpg\",\"contentUrl\":\"https:\\\/\\\/autorival.ro\\\/volvo\\\/wp-content\\\/uploads\\\/sites\\\/20\\\/2025\\\/07\\\/202565-13.jpg\",\"width\":1080,\"height\":810},{\"@type\":\"BreadcrumbList\",\"@id\":\"https:\\\/\\\/autorival.ro\\\/volvo\\\/product\\\/alternator-volvo-fh-iii-460-lng-diesel-460-cai-as-pl-a0798s\\\/#breadcrumb\",\"itemListElement\":[{\"@type\":\"ListItem\",\"position\":1,\"name\":\"Prima pagin\u0103\",\"item\":\"https:\\\/\\\/autorival.ro\\\/volvo\\\/\"},{\"@type\":\"ListItem\",\"position\":2,\"name\":\"Piese auto VOLVO\",\"item\":\"https:\\\/\\\/autorival.ro\\\/volvo\\\/\"},{\"@type\":\"ListItem\",\"position\":3,\"name\":\"Alternator VOLVO FH III 460 LNG diesel 460 cai AS-PL A0798S\"}]},{\"@type\":\"WebSite\",\"@id\":\"https:\\\/\\\/autorival.ro\\\/volvo\\\/#website\",\"url\":\"https:\\\/\\\/autorival.ro\\\/volvo\\\/\",\"name\":\"VOLVO\",\"description\":\"\",\"potentialAction\":[{\"@type\":\"SearchAction\",\"target\":{\"@type\":\"EntryPoint\",\"urlTemplate\":\"https:\\\/\\\/autorival.ro\\\/volvo\\\/?s={search_term_string}\"},\"query-input\":{\"@type\":\"PropertyValueSpecification\",\"valueRequired\":true,\"valueName\":\"search_term_string\"}}],\"inLanguage\":\"en-US\"}]}<\/script>\n<!-- \/ Yoast SEO plugin. -->","yoast_head_json":{"title":"Alternator VOLVO FH III 460 LNG diesel 460 cai AS-PL A0798S VOLVO | AS-PL - Autorival","description":"\u26a1 Alternator VOLVO FH III 460 LNG diesel 460 cai AS-PL A0798S pentru VOLVO. \u2713 Cod: A0798S \u2713 Brand: AS-PL \u2713 \u00cen stoc \u2713 Livrare 24h \u2713 Garan\u021bie!","robots":{"index":"index","follow":"follow","max-snippet":"max-snippet:-1","max-image-preview":"max-image-preview:large","max-video-preview":"max-video-preview:-1"},"og_locale":"en_US","og_type":"article","og_title":"Alternator VOLVO FH III 460 LNG diesel 460 cai AS-PL A0798S VOLVO | AS-PL - Autorival","og_description":"\u26a1 Alternator VOLVO FH III 460 LNG diesel 460 cai AS-PL A0798S pentru VOLVO. \u2713 Cod: A0798S \u2713 Brand: AS-PL \u2713 \u00cen stoc \u2713 Livrare 24h \u2713 Garan\u021bie!","og_url":"https:\/\/autorival.ro\/volvo\/product\/alternator-volvo-fh-iii-460-lng-diesel-460-cai-as-pl-a0798s\/","og_site_name":"VOLVO","og_image":[{"width":1080,"height":810,"url":"https:\/\/autorival.ro\/volvo\/wp-content\/uploads\/sites\/20\/2025\/07\/202565-13.jpg","type":"image\/jpeg"}],"twitter_card":"summary_large_image","twitter_title":"Alternator VOLVO FH III 460 LNG diesel 460 cai AS-PL A0798S VOLVO | AS-PL - Autorival","twitter_description":"\u26a1 Alternator VOLVO FH III 460 LNG diesel 460 cai AS-PL A0798S pentru VOLVO. \u2713 Cod: A0798S \u2713 Brand: AS-PL \u2713 \u00cen stoc \u2713 Livrare 24h \u2713 Garan\u021bie!","schema":{"@context":"https:\/\/schema.org","@graph":[{"@type":"WebPage","@id":"https:\/\/autorival.ro\/volvo\/product\/alternator-volvo-fh-iii-460-lng-diesel-460-cai-as-pl-a0798s\/","url":"https:\/\/autorival.ro\/volvo\/product\/alternator-volvo-fh-iii-460-lng-diesel-460-cai-as-pl-a0798s\/","name":"Alternator VOLVO FH III 460 LNG diesel 460 cai AS-PL A0798S VOLVO | AS-PL - Autorival","isPartOf":{"@id":"https:\/\/autorival.ro\/volvo\/#website"},"primaryImageOfPage":{"@id":"https:\/\/autorival.ro\/volvo\/product\/alternator-volvo-fh-iii-460-lng-diesel-460-cai-as-pl-a0798s\/#primaryimage"},"image":{"@id":"https:\/\/autorival.ro\/volvo\/product\/alternator-volvo-fh-iii-460-lng-diesel-460-cai-as-pl-a0798s\/#primaryimage"},"thumbnailUrl":"https:\/\/autorival.ro\/volvo\/wp-content\/uploads\/sites\/20\/2025\/07\/202565-13.jpg","datePublished":"2025-07-25T05:51:40+00:00","description":"\u26a1 Alternator VOLVO FH III 460 LNG diesel 460 cai AS-PL A0798S pentru VOLVO. \u2713 Cod: A0798S \u2713 Brand: AS-PL \u2713 \u00cen stoc \u2713 Livrare 24h \u2713 Garan\u021bie!","breadcrumb":{"@id":"https:\/\/autorival.ro\/volvo\/product\/alternator-volvo-fh-iii-460-lng-diesel-460-cai-as-pl-a0798s\/#breadcrumb"},"inLanguage":"en-US","potentialAction":[{"@type":"ReadAction","target":["https:\/\/autorival.ro\/volvo\/product\/alternator-volvo-fh-iii-460-lng-diesel-460-cai-as-pl-a0798s\/"]}]},{"@type":"ImageObject","inLanguage":"en-US","@id":"https:\/\/autorival.ro\/volvo\/product\/alternator-volvo-fh-iii-460-lng-diesel-460-cai-as-pl-a0798s\/#primaryimage","url":"https:\/\/autorival.ro\/volvo\/wp-content\/uploads\/sites\/20\/2025\/07\/202565-13.jpg","contentUrl":"https:\/\/autorival.ro\/volvo\/wp-content\/uploads\/sites\/20\/2025\/07\/202565-13.jpg","width":1080,"height":810},{"@type":"BreadcrumbList","@id":"https:\/\/autorival.ro\/volvo\/product\/alternator-volvo-fh-iii-460-lng-diesel-460-cai-as-pl-a0798s\/#breadcrumb","itemListElement":[{"@type":"ListItem","position":1,"name":"Prima pagin\u0103","item":"https:\/\/autorival.ro\/volvo\/"},{"@type":"ListItem","position":2,"name":"Piese auto VOLVO","item":"https:\/\/autorival.ro\/volvo\/"},{"@type":"ListItem","position":3,"name":"Alternator VOLVO FH III 460 LNG diesel 460 cai AS-PL A0798S"}]},{"@type":"WebSite","@id":"https:\/\/autorival.ro\/volvo\/#website","url":"https:\/\/autorival.ro\/volvo\/","name":"VOLVO","description":"","potentialAction":[{"@type":"SearchAction","target":{"@type":"EntryPoint","urlTemplate":"https:\/\/autorival.ro\/volvo\/?s={search_term_string}"},"query-input":{"@type":"PropertyValueSpecification","valueRequired":true,"valueName":"search_term_string"}}],"inLanguage":"en-US"}]}},"_links":{"self":[{"href":"https:\/\/autorival.ro\/volvo\/wp-json\/wp\/v2\/product\/2728","targetHints":{"allow":["GET"]}}],"collection":[{"href":"https:\/\/autorival.ro\/volvo\/wp-json\/wp\/v2\/product"}],"about":[{"href":"https:\/\/autorival.ro\/volvo\/wp-json\/wp\/v2\/types\/product"}],"replies":[{"embeddable":true,"href":"https:\/\/autorival.ro\/volvo\/wp-json\/wp\/v2\/comments?post=2728"}],"wp:featuredmedia":[{"embeddable":true,"href":"https:\/\/autorival.ro\/volvo\/wp-json\/wp\/v2\/media\/2729"}],"wp:attachment":[{"href":"https:\/\/autorival.ro\/volvo\/wp-json\/wp\/v2\/media?parent=2728"}],"wp:term":[{"taxonomy":"product_brand","embeddable":true,"href":"https:\/\/autorival.ro\/volvo\/wp-json\/wp\/v2\/product_brand?post=2728"},{"taxonomy":"product_cat","embeddable":true,"href":"https:\/\/autorival.ro\/volvo\/wp-json\/wp\/v2\/product_cat?post=2728"},{"taxonomy":"product_tag","embeddable":true,"href":"https:\/\/autorival.ro\/volvo\/wp-json\/wp\/v2\/product_tag?post=2728"}],"curies":[{"name":"wp","href":"https:\/\/api.w.org\/{rel}","templated":true}]}}