{"id":265808,"date":"2025-07-26T23:48:10","date_gmt":"2025-07-26T23:48:10","guid":{"rendered":"https:\/\/autorival.ro\/volvo\/product\/etrier-frana-volvo-c30-533-t5-benzina-220-cai-brembo-f-49-110\/"},"modified":"2025-07-26T23:48:10","modified_gmt":"2025-07-26T23:48:10","slug":"etrier-frana-volvo-c30-533-t5-benzina-220-cai-brembo-f-49-110","status":"publish","type":"product","link":"https:\/\/autorival.ro\/volvo\/product\/etrier-frana-volvo-c30-533-t5-benzina-220-cai-brembo-f-49-110\/","title":{"rendered":"Etrier frana VOLVO C30 (533) T5 benzina 220 cai BREMBO F 49 110"},"content":{"rendered":"<p>Partea de montare: Axa spate stanga, in spatele puntiiAn fabricatie pana la: 200705Serie \u0219asiu (VIN) \u00eencep\u00e2nd cu: 146105Tip etrier fr\u00e2na: Etrier de fr\u00e2n\u0103 (1 piston)Sistem de fr\u00e2nare: ATENumar articol par: F 49 111 ->Diametrul pistonului [mm]: 38Material: aluminiupentru diametru disc frana [mm]: 265 ->Grosime disc fr\u00e2na [mm]: 11<\/p>\n","protected":false},"excerpt":{"rendered":"<p>Producator: BREMBO Cod producator: F 49 110<\/p>\n","protected":false},"featured_media":265809,"comment_status":"open","ping_status":"closed","template":"","meta":[],"product_brand":[15572],"product_cat":[25442],"product_tag":[77652,77705,78337,77651,78002,77663,77628],"class_list":{"0":"post-265808","1":"product","2":"type-product","3":"status-publish","4":"has-post-thumbnail","6":"product_brand-brembo","7":"product_cat-etrier-frana-533-t5-benzina-220","8":"product_tag-77652","9":"product_tag-benzina","10":"product_tag-brembo","11":"product_tag-c30","12":"product_tag-etrier","13":"product_tag-frana","14":"product_tag-volvo","16":"first","17":"instock","18":"shipping-taxable","19":"purchasable","20":"product-type-simple"},"yoast_head":"<!-- This site is optimized with the Yoast SEO plugin v27.6 - https:\/\/yoast.com\/product\/yoast-seo-wordpress\/ -->\n<title>Etrier frana VOLVO C30 (533) T5 benzina 220 cai BREMBO F 49 110 VOLVO | BREMBO - Autorival<\/title>\n<meta name=\"description\" content=\"\u26a1 Etrier frana VOLVO C30 (533) T5 benzina 220 cai BREMBO F 49 110 pentru VOLVO. \u2713 Cod: F \u2713 Brand: BREMBO \u2713 \u00cen stoc \u2713 Livrare 24h \u2713 Garan\u021bie!\" \/>\n<meta name=\"robots\" content=\"index, follow, max-snippet:-1, max-image-preview:large, max-video-preview:-1\" \/>\n<meta property=\"og:locale\" content=\"en_US\" \/>\n<meta property=\"og:type\" content=\"article\" \/>\n<meta property=\"og:title\" content=\"Etrier frana VOLVO C30 (533) T5 benzina 220 cai BREMBO F 49 110 VOLVO | BREMBO - Autorival\" \/>\n<meta property=\"og:description\" content=\"\u26a1 Etrier frana VOLVO C30 (533) T5 benzina 220 cai BREMBO F 49 110 pentru VOLVO. \u2713 Cod: F \u2713 Brand: BREMBO \u2713 \u00cen stoc \u2713 Livrare 24h \u2713 Garan\u021bie!\" \/>\n<meta property=\"og:url\" content=\"https:\/\/autorival.ro\/volvo\/product\/etrier-frana-volvo-c30-533-t5-benzina-220-cai-brembo-f-49-110\/\" \/>\n<meta property=\"og:site_name\" content=\"VOLVO\" \/>\n<meta property=\"og:image\" content=\"https:\/\/autorival.ro\/volvo\/wp-content\/uploads\/sites\/20\/2025\/07\/f49110-2.jpg\" \/>\n\t<meta property=\"og:image:width\" content=\"600\" \/>\n\t<meta property=\"og:image:height\" content=\"288\" \/>\n\t<meta property=\"og:image:type\" content=\"image\/jpeg\" \/>\n<meta name=\"twitter:card\" content=\"summary_large_image\" \/>\n<meta name=\"twitter:title\" content=\"Etrier frana VOLVO C30 (533) T5 benzina 220 cai BREMBO F 49 110 VOLVO | BREMBO - Autorival\" \/>\n<meta name=\"twitter:description\" content=\"\u26a1 Etrier frana VOLVO C30 (533) T5 benzina 220 cai BREMBO F 49 110 pentru VOLVO. \u2713 Cod: F \u2713 Brand: BREMBO \u2713 \u00cen stoc \u2713 Livrare 24h \u2713 Garan\u021bie!\" \/>\n<script type=\"application\/ld+json\" class=\"yoast-schema-graph\">{\"@context\":\"https:\\\/\\\/schema.org\",\"@graph\":[{\"@type\":\"WebPage\",\"@id\":\"https:\\\/\\\/autorival.ro\\\/volvo\\\/product\\\/etrier-frana-volvo-c30-533-t5-benzina-220-cai-brembo-f-49-110\\\/\",\"url\":\"https:\\\/\\\/autorival.ro\\\/volvo\\\/product\\\/etrier-frana-volvo-c30-533-t5-benzina-220-cai-brembo-f-49-110\\\/\",\"name\":\"Etrier frana VOLVO C30 (533) T5 benzina 220 cai BREMBO F 49 110 VOLVO | BREMBO - Autorival\",\"isPartOf\":{\"@id\":\"https:\\\/\\\/autorival.ro\\\/volvo\\\/#website\"},\"primaryImageOfPage\":{\"@id\":\"https:\\\/\\\/autorival.ro\\\/volvo\\\/product\\\/etrier-frana-volvo-c30-533-t5-benzina-220-cai-brembo-f-49-110\\\/#primaryimage\"},\"image\":{\"@id\":\"https:\\\/\\\/autorival.ro\\\/volvo\\\/product\\\/etrier-frana-volvo-c30-533-t5-benzina-220-cai-brembo-f-49-110\\\/#primaryimage\"},\"thumbnailUrl\":\"https:\\\/\\\/autorival.ro\\\/volvo\\\/wp-content\\\/uploads\\\/sites\\\/20\\\/2025\\\/07\\\/f49110-2.jpg\",\"datePublished\":\"2025-07-26T23:48:10+00:00\",\"description\":\"\u26a1 Etrier frana VOLVO C30 (533) T5 benzina 220 cai BREMBO F 49 110 pentru VOLVO. \u2713 Cod: F \u2713 Brand: BREMBO \u2713 \u00cen stoc \u2713 Livrare 24h \u2713 Garan\u021bie!\",\"breadcrumb\":{\"@id\":\"https:\\\/\\\/autorival.ro\\\/volvo\\\/product\\\/etrier-frana-volvo-c30-533-t5-benzina-220-cai-brembo-f-49-110\\\/#breadcrumb\"},\"inLanguage\":\"en-US\",\"potentialAction\":[{\"@type\":\"ReadAction\",\"target\":[\"https:\\\/\\\/autorival.ro\\\/volvo\\\/product\\\/etrier-frana-volvo-c30-533-t5-benzina-220-cai-brembo-f-49-110\\\/\"]}]},{\"@type\":\"ImageObject\",\"inLanguage\":\"en-US\",\"@id\":\"https:\\\/\\\/autorival.ro\\\/volvo\\\/product\\\/etrier-frana-volvo-c30-533-t5-benzina-220-cai-brembo-f-49-110\\\/#primaryimage\",\"url\":\"https:\\\/\\\/autorival.ro\\\/volvo\\\/wp-content\\\/uploads\\\/sites\\\/20\\\/2025\\\/07\\\/f49110-2.jpg\",\"contentUrl\":\"https:\\\/\\\/autorival.ro\\\/volvo\\\/wp-content\\\/uploads\\\/sites\\\/20\\\/2025\\\/07\\\/f49110-2.jpg\",\"width\":600,\"height\":288},{\"@type\":\"BreadcrumbList\",\"@id\":\"https:\\\/\\\/autorival.ro\\\/volvo\\\/product\\\/etrier-frana-volvo-c30-533-t5-benzina-220-cai-brembo-f-49-110\\\/#breadcrumb\",\"itemListElement\":[{\"@type\":\"ListItem\",\"position\":1,\"name\":\"Prima pagin\u0103\",\"item\":\"https:\\\/\\\/autorival.ro\\\/volvo\\\/\"},{\"@type\":\"ListItem\",\"position\":2,\"name\":\"Piese auto VOLVO\",\"item\":\"https:\\\/\\\/autorival.ro\\\/volvo\\\/\"},{\"@type\":\"ListItem\",\"position\":3,\"name\":\"Etrier frana VOLVO C30 (533) T5 benzina 220 cai BREMBO F 49 110\"}]},{\"@type\":\"WebSite\",\"@id\":\"https:\\\/\\\/autorival.ro\\\/volvo\\\/#website\",\"url\":\"https:\\\/\\\/autorival.ro\\\/volvo\\\/\",\"name\":\"VOLVO\",\"description\":\"\",\"potentialAction\":[{\"@type\":\"SearchAction\",\"target\":{\"@type\":\"EntryPoint\",\"urlTemplate\":\"https:\\\/\\\/autorival.ro\\\/volvo\\\/?s={search_term_string}\"},\"query-input\":{\"@type\":\"PropertyValueSpecification\",\"valueRequired\":true,\"valueName\":\"search_term_string\"}}],\"inLanguage\":\"en-US\"}]}<\/script>\n<!-- \/ Yoast SEO plugin. -->","yoast_head_json":{"title":"Etrier frana VOLVO C30 (533) T5 benzina 220 cai BREMBO F 49 110 VOLVO | BREMBO - Autorival","description":"\u26a1 Etrier frana VOLVO C30 (533) T5 benzina 220 cai BREMBO F 49 110 pentru VOLVO. \u2713 Cod: F \u2713 Brand: BREMBO \u2713 \u00cen stoc \u2713 Livrare 24h \u2713 Garan\u021bie!","robots":{"index":"index","follow":"follow","max-snippet":"max-snippet:-1","max-image-preview":"max-image-preview:large","max-video-preview":"max-video-preview:-1"},"og_locale":"en_US","og_type":"article","og_title":"Etrier frana VOLVO C30 (533) T5 benzina 220 cai BREMBO F 49 110 VOLVO | BREMBO - Autorival","og_description":"\u26a1 Etrier frana VOLVO C30 (533) T5 benzina 220 cai BREMBO F 49 110 pentru VOLVO. \u2713 Cod: F \u2713 Brand: BREMBO \u2713 \u00cen stoc \u2713 Livrare 24h \u2713 Garan\u021bie!","og_url":"https:\/\/autorival.ro\/volvo\/product\/etrier-frana-volvo-c30-533-t5-benzina-220-cai-brembo-f-49-110\/","og_site_name":"VOLVO","og_image":[{"width":600,"height":288,"url":"https:\/\/autorival.ro\/volvo\/wp-content\/uploads\/sites\/20\/2025\/07\/f49110-2.jpg","type":"image\/jpeg"}],"twitter_card":"summary_large_image","twitter_title":"Etrier frana VOLVO C30 (533) T5 benzina 220 cai BREMBO F 49 110 VOLVO | BREMBO - Autorival","twitter_description":"\u26a1 Etrier frana VOLVO C30 (533) T5 benzina 220 cai BREMBO F 49 110 pentru VOLVO. \u2713 Cod: F \u2713 Brand: BREMBO \u2713 \u00cen stoc \u2713 Livrare 24h \u2713 Garan\u021bie!","schema":{"@context":"https:\/\/schema.org","@graph":[{"@type":"WebPage","@id":"https:\/\/autorival.ro\/volvo\/product\/etrier-frana-volvo-c30-533-t5-benzina-220-cai-brembo-f-49-110\/","url":"https:\/\/autorival.ro\/volvo\/product\/etrier-frana-volvo-c30-533-t5-benzina-220-cai-brembo-f-49-110\/","name":"Etrier frana VOLVO C30 (533) T5 benzina 220 cai BREMBO F 49 110 VOLVO | BREMBO - Autorival","isPartOf":{"@id":"https:\/\/autorival.ro\/volvo\/#website"},"primaryImageOfPage":{"@id":"https:\/\/autorival.ro\/volvo\/product\/etrier-frana-volvo-c30-533-t5-benzina-220-cai-brembo-f-49-110\/#primaryimage"},"image":{"@id":"https:\/\/autorival.ro\/volvo\/product\/etrier-frana-volvo-c30-533-t5-benzina-220-cai-brembo-f-49-110\/#primaryimage"},"thumbnailUrl":"https:\/\/autorival.ro\/volvo\/wp-content\/uploads\/sites\/20\/2025\/07\/f49110-2.jpg","datePublished":"2025-07-26T23:48:10+00:00","description":"\u26a1 Etrier frana VOLVO C30 (533) T5 benzina 220 cai BREMBO F 49 110 pentru VOLVO. \u2713 Cod: F \u2713 Brand: BREMBO \u2713 \u00cen stoc \u2713 Livrare 24h \u2713 Garan\u021bie!","breadcrumb":{"@id":"https:\/\/autorival.ro\/volvo\/product\/etrier-frana-volvo-c30-533-t5-benzina-220-cai-brembo-f-49-110\/#breadcrumb"},"inLanguage":"en-US","potentialAction":[{"@type":"ReadAction","target":["https:\/\/autorival.ro\/volvo\/product\/etrier-frana-volvo-c30-533-t5-benzina-220-cai-brembo-f-49-110\/"]}]},{"@type":"ImageObject","inLanguage":"en-US","@id":"https:\/\/autorival.ro\/volvo\/product\/etrier-frana-volvo-c30-533-t5-benzina-220-cai-brembo-f-49-110\/#primaryimage","url":"https:\/\/autorival.ro\/volvo\/wp-content\/uploads\/sites\/20\/2025\/07\/f49110-2.jpg","contentUrl":"https:\/\/autorival.ro\/volvo\/wp-content\/uploads\/sites\/20\/2025\/07\/f49110-2.jpg","width":600,"height":288},{"@type":"BreadcrumbList","@id":"https:\/\/autorival.ro\/volvo\/product\/etrier-frana-volvo-c30-533-t5-benzina-220-cai-brembo-f-49-110\/#breadcrumb","itemListElement":[{"@type":"ListItem","position":1,"name":"Prima pagin\u0103","item":"https:\/\/autorival.ro\/volvo\/"},{"@type":"ListItem","position":2,"name":"Piese auto VOLVO","item":"https:\/\/autorival.ro\/volvo\/"},{"@type":"ListItem","position":3,"name":"Etrier frana VOLVO C30 (533) T5 benzina 220 cai BREMBO F 49 110"}]},{"@type":"WebSite","@id":"https:\/\/autorival.ro\/volvo\/#website","url":"https:\/\/autorival.ro\/volvo\/","name":"VOLVO","description":"","potentialAction":[{"@type":"SearchAction","target":{"@type":"EntryPoint","urlTemplate":"https:\/\/autorival.ro\/volvo\/?s={search_term_string}"},"query-input":{"@type":"PropertyValueSpecification","valueRequired":true,"valueName":"search_term_string"}}],"inLanguage":"en-US"}]}},"_links":{"self":[{"href":"https:\/\/autorival.ro\/volvo\/wp-json\/wp\/v2\/product\/265808","targetHints":{"allow":["GET"]}}],"collection":[{"href":"https:\/\/autorival.ro\/volvo\/wp-json\/wp\/v2\/product"}],"about":[{"href":"https:\/\/autorival.ro\/volvo\/wp-json\/wp\/v2\/types\/product"}],"replies":[{"embeddable":true,"href":"https:\/\/autorival.ro\/volvo\/wp-json\/wp\/v2\/comments?post=265808"}],"wp:featuredmedia":[{"embeddable":true,"href":"https:\/\/autorival.ro\/volvo\/wp-json\/wp\/v2\/media\/265809"}],"wp:attachment":[{"href":"https:\/\/autorival.ro\/volvo\/wp-json\/wp\/v2\/media?parent=265808"}],"wp:term":[{"taxonomy":"product_brand","embeddable":true,"href":"https:\/\/autorival.ro\/volvo\/wp-json\/wp\/v2\/product_brand?post=265808"},{"taxonomy":"product_cat","embeddable":true,"href":"https:\/\/autorival.ro\/volvo\/wp-json\/wp\/v2\/product_cat?post=265808"},{"taxonomy":"product_tag","embeddable":true,"href":"https:\/\/autorival.ro\/volvo\/wp-json\/wp\/v2\/product_tag?post=265808"}],"curies":[{"name":"wp","href":"https:\/\/api.w.org\/{rel}","templated":true}]}}