{"id":238840,"date":"2025-07-26T15:30:03","date_gmt":"2025-07-26T15:30:03","guid":{"rendered":"https:\/\/autorival.ro\/volvo\/product\/disc-frana-volvo-fl-iii-fl-240-18-diesel-240-cai-brembo-09-9492-20\/"},"modified":"2025-07-26T15:30:03","modified_gmt":"2025-07-26T15:30:03","slug":"disc-frana-volvo-fl-iii-fl-240-18-diesel-240-cai-brembo-09-9492-20","status":"publish","type":"product","link":"https:\/\/autorival.ro\/volvo\/product\/disc-frana-volvo-fl-iii-fl-240-18-diesel-240-cai-brembo-09-9492-20\/","title":{"rendered":"Disc frana VOLVO FL III FL 240-18 diesel 240 cai BREMBO 09.9492.20"},"content":{"rendered":"<p>Partea de montare: punte fataTip disc fr\u00e2na: ventilat interior ->Grosime disc fr\u00e2na [mm]: 34Numar gauri: 10\u00cenaltime [mm]: 80 ->Diametru de centrare [mm]: 95 ->Diametru exterior [mm]: 330Procesare: continut ridicat de carbon ->Grosime minima [mm]: 28<\/p>\n","protected":false},"excerpt":{"rendered":"<p>Producator: BREMBO Cod producator: 09.9492.20<\/p>\n","protected":false},"featured_media":238841,"comment_status":"open","ping_status":"closed","template":"","meta":[],"product_brand":[15572],"product_cat":[22937],"product_tag":[78337,78462,77639,77663,77640,77628],"class_list":{"0":"post-238840","1":"product","2":"type-product","3":"status-publish","4":"has-post-thumbnail","6":"product_brand-brembo","7":"product_cat-disc-frana-iii-fl-240-18-diesel-240","8":"product_tag-brembo","9":"product_tag-disc","10":"product_tag-fl","11":"product_tag-frana","12":"product_tag-iii","13":"product_tag-volvo","15":"first","16":"instock","17":"shipping-taxable","18":"purchasable","19":"product-type-simple"},"yoast_head":"<!-- This site is optimized with the Yoast SEO plugin v27.3 - https:\/\/yoast.com\/product\/yoast-seo-wordpress\/ -->\n<title>Disc frana VOLVO FL III FL 240-18 diesel 240 cai BREMBO 09.9492.20 VOLVO | BREMBO - Autorival<\/title>\n<meta name=\"description\" content=\"\u26a1 Disc frana VOLVO FL III FL 240-18 diesel 240 cai BREMBO 09.9492.20 pentru VOLVO. \u2713 Cod: 09 \u2713 Brand: BREMBO \u2713 \u00cen stoc \u2713 Livrare 24h \u2713 Garan\u021bie!\" \/>\n<meta name=\"robots\" content=\"index, follow, max-snippet:-1, max-image-preview:large, max-video-preview:-1\" \/>\n<meta property=\"og:locale\" content=\"en_US\" \/>\n<meta property=\"og:type\" content=\"article\" \/>\n<meta property=\"og:title\" content=\"Disc frana VOLVO FL III FL 240-18 diesel 240 cai BREMBO 09.9492.20 VOLVO | BREMBO - Autorival\" \/>\n<meta property=\"og:description\" content=\"\u26a1 Disc frana VOLVO FL III FL 240-18 diesel 240 cai BREMBO 09.9492.20 pentru VOLVO. \u2713 Cod: 09 \u2713 Brand: BREMBO \u2713 \u00cen stoc \u2713 Livrare 24h \u2713 Garan\u021bie!\" \/>\n<meta property=\"og:url\" content=\"https:\/\/autorival.ro\/volvo\/product\/disc-frana-volvo-fl-iii-fl-240-18-diesel-240-cai-brembo-09-9492-20\/\" \/>\n<meta property=\"og:site_name\" content=\"VOLVO\" \/>\n<meta property=\"og:image\" content=\"https:\/\/autorival.ro\/volvo\/wp-content\/uploads\/sites\/20\/2025\/07\/09.9492.20-9.jpg\" \/>\n\t<meta property=\"og:image:width\" content=\"560\" \/>\n\t<meta property=\"og:image:height\" content=\"396\" \/>\n\t<meta property=\"og:image:type\" content=\"image\/jpeg\" \/>\n<meta name=\"twitter:card\" content=\"summary_large_image\" \/>\n<meta name=\"twitter:title\" content=\"Disc frana VOLVO FL III FL 240-18 diesel 240 cai BREMBO 09.9492.20 VOLVO | BREMBO - Autorival\" \/>\n<meta name=\"twitter:description\" content=\"\u26a1 Disc frana VOLVO FL III FL 240-18 diesel 240 cai BREMBO 09.9492.20 pentru VOLVO. \u2713 Cod: 09 \u2713 Brand: BREMBO \u2713 \u00cen stoc \u2713 Livrare 24h \u2713 Garan\u021bie!\" \/>\n<script type=\"application\/ld+json\" class=\"yoast-schema-graph\">{\"@context\":\"https:\\\/\\\/schema.org\",\"@graph\":[{\"@type\":\"WebPage\",\"@id\":\"https:\\\/\\\/autorival.ro\\\/volvo\\\/product\\\/disc-frana-volvo-fl-iii-fl-240-18-diesel-240-cai-brembo-09-9492-20\\\/\",\"url\":\"https:\\\/\\\/autorival.ro\\\/volvo\\\/product\\\/disc-frana-volvo-fl-iii-fl-240-18-diesel-240-cai-brembo-09-9492-20\\\/\",\"name\":\"Disc frana VOLVO FL III FL 240-18 diesel 240 cai BREMBO 09.9492.20 VOLVO | BREMBO - Autorival\",\"isPartOf\":{\"@id\":\"https:\\\/\\\/autorival.ro\\\/volvo\\\/#website\"},\"primaryImageOfPage\":{\"@id\":\"https:\\\/\\\/autorival.ro\\\/volvo\\\/product\\\/disc-frana-volvo-fl-iii-fl-240-18-diesel-240-cai-brembo-09-9492-20\\\/#primaryimage\"},\"image\":{\"@id\":\"https:\\\/\\\/autorival.ro\\\/volvo\\\/product\\\/disc-frana-volvo-fl-iii-fl-240-18-diesel-240-cai-brembo-09-9492-20\\\/#primaryimage\"},\"thumbnailUrl\":\"https:\\\/\\\/autorival.ro\\\/volvo\\\/wp-content\\\/uploads\\\/sites\\\/20\\\/2025\\\/07\\\/09.9492.20-9.jpg\",\"datePublished\":\"2025-07-26T15:30:03+00:00\",\"description\":\"\u26a1 Disc frana VOLVO FL III FL 240-18 diesel 240 cai BREMBO 09.9492.20 pentru VOLVO. \u2713 Cod: 09 \u2713 Brand: BREMBO \u2713 \u00cen stoc \u2713 Livrare 24h \u2713 Garan\u021bie!\",\"breadcrumb\":{\"@id\":\"https:\\\/\\\/autorival.ro\\\/volvo\\\/product\\\/disc-frana-volvo-fl-iii-fl-240-18-diesel-240-cai-brembo-09-9492-20\\\/#breadcrumb\"},\"inLanguage\":\"en-US\",\"potentialAction\":[{\"@type\":\"ReadAction\",\"target\":[\"https:\\\/\\\/autorival.ro\\\/volvo\\\/product\\\/disc-frana-volvo-fl-iii-fl-240-18-diesel-240-cai-brembo-09-9492-20\\\/\"]}]},{\"@type\":\"ImageObject\",\"inLanguage\":\"en-US\",\"@id\":\"https:\\\/\\\/autorival.ro\\\/volvo\\\/product\\\/disc-frana-volvo-fl-iii-fl-240-18-diesel-240-cai-brembo-09-9492-20\\\/#primaryimage\",\"url\":\"https:\\\/\\\/autorival.ro\\\/volvo\\\/wp-content\\\/uploads\\\/sites\\\/20\\\/2025\\\/07\\\/09.9492.20-9.jpg\",\"contentUrl\":\"https:\\\/\\\/autorival.ro\\\/volvo\\\/wp-content\\\/uploads\\\/sites\\\/20\\\/2025\\\/07\\\/09.9492.20-9.jpg\",\"width\":560,\"height\":396},{\"@type\":\"BreadcrumbList\",\"@id\":\"https:\\\/\\\/autorival.ro\\\/volvo\\\/product\\\/disc-frana-volvo-fl-iii-fl-240-18-diesel-240-cai-brembo-09-9492-20\\\/#breadcrumb\",\"itemListElement\":[{\"@type\":\"ListItem\",\"position\":1,\"name\":\"Prima pagin\u0103\",\"item\":\"https:\\\/\\\/autorival.ro\\\/volvo\\\/\"},{\"@type\":\"ListItem\",\"position\":2,\"name\":\"Piese auto VOLVO\",\"item\":\"https:\\\/\\\/autorival.ro\\\/volvo\\\/\"},{\"@type\":\"ListItem\",\"position\":3,\"name\":\"Disc frana VOLVO FL III FL 240-18 diesel 240 cai BREMBO 09.9492.20\"}]},{\"@type\":\"WebSite\",\"@id\":\"https:\\\/\\\/autorival.ro\\\/volvo\\\/#website\",\"url\":\"https:\\\/\\\/autorival.ro\\\/volvo\\\/\",\"name\":\"VOLVO\",\"description\":\"\",\"potentialAction\":[{\"@type\":\"SearchAction\",\"target\":{\"@type\":\"EntryPoint\",\"urlTemplate\":\"https:\\\/\\\/autorival.ro\\\/volvo\\\/?s={search_term_string}\"},\"query-input\":{\"@type\":\"PropertyValueSpecification\",\"valueRequired\":true,\"valueName\":\"search_term_string\"}}],\"inLanguage\":\"en-US\"}]}<\/script>\n<!-- \/ Yoast SEO plugin. -->","yoast_head_json":{"title":"Disc frana VOLVO FL III FL 240-18 diesel 240 cai BREMBO 09.9492.20 VOLVO | BREMBO - Autorival","description":"\u26a1 Disc frana VOLVO FL III FL 240-18 diesel 240 cai BREMBO 09.9492.20 pentru VOLVO. \u2713 Cod: 09 \u2713 Brand: BREMBO \u2713 \u00cen stoc \u2713 Livrare 24h \u2713 Garan\u021bie!","robots":{"index":"index","follow":"follow","max-snippet":"max-snippet:-1","max-image-preview":"max-image-preview:large","max-video-preview":"max-video-preview:-1"},"og_locale":"en_US","og_type":"article","og_title":"Disc frana VOLVO FL III FL 240-18 diesel 240 cai BREMBO 09.9492.20 VOLVO | BREMBO - Autorival","og_description":"\u26a1 Disc frana VOLVO FL III FL 240-18 diesel 240 cai BREMBO 09.9492.20 pentru VOLVO. \u2713 Cod: 09 \u2713 Brand: BREMBO \u2713 \u00cen stoc \u2713 Livrare 24h \u2713 Garan\u021bie!","og_url":"https:\/\/autorival.ro\/volvo\/product\/disc-frana-volvo-fl-iii-fl-240-18-diesel-240-cai-brembo-09-9492-20\/","og_site_name":"VOLVO","og_image":[{"width":560,"height":396,"url":"https:\/\/autorival.ro\/volvo\/wp-content\/uploads\/sites\/20\/2025\/07\/09.9492.20-9.jpg","type":"image\/jpeg"}],"twitter_card":"summary_large_image","twitter_title":"Disc frana VOLVO FL III FL 240-18 diesel 240 cai BREMBO 09.9492.20 VOLVO | BREMBO - Autorival","twitter_description":"\u26a1 Disc frana VOLVO FL III FL 240-18 diesel 240 cai BREMBO 09.9492.20 pentru VOLVO. \u2713 Cod: 09 \u2713 Brand: BREMBO \u2713 \u00cen stoc \u2713 Livrare 24h \u2713 Garan\u021bie!","schema":{"@context":"https:\/\/schema.org","@graph":[{"@type":"WebPage","@id":"https:\/\/autorival.ro\/volvo\/product\/disc-frana-volvo-fl-iii-fl-240-18-diesel-240-cai-brembo-09-9492-20\/","url":"https:\/\/autorival.ro\/volvo\/product\/disc-frana-volvo-fl-iii-fl-240-18-diesel-240-cai-brembo-09-9492-20\/","name":"Disc frana VOLVO FL III FL 240-18 diesel 240 cai BREMBO 09.9492.20 VOLVO | BREMBO - Autorival","isPartOf":{"@id":"https:\/\/autorival.ro\/volvo\/#website"},"primaryImageOfPage":{"@id":"https:\/\/autorival.ro\/volvo\/product\/disc-frana-volvo-fl-iii-fl-240-18-diesel-240-cai-brembo-09-9492-20\/#primaryimage"},"image":{"@id":"https:\/\/autorival.ro\/volvo\/product\/disc-frana-volvo-fl-iii-fl-240-18-diesel-240-cai-brembo-09-9492-20\/#primaryimage"},"thumbnailUrl":"https:\/\/autorival.ro\/volvo\/wp-content\/uploads\/sites\/20\/2025\/07\/09.9492.20-9.jpg","datePublished":"2025-07-26T15:30:03+00:00","description":"\u26a1 Disc frana VOLVO FL III FL 240-18 diesel 240 cai BREMBO 09.9492.20 pentru VOLVO. \u2713 Cod: 09 \u2713 Brand: BREMBO \u2713 \u00cen stoc \u2713 Livrare 24h \u2713 Garan\u021bie!","breadcrumb":{"@id":"https:\/\/autorival.ro\/volvo\/product\/disc-frana-volvo-fl-iii-fl-240-18-diesel-240-cai-brembo-09-9492-20\/#breadcrumb"},"inLanguage":"en-US","potentialAction":[{"@type":"ReadAction","target":["https:\/\/autorival.ro\/volvo\/product\/disc-frana-volvo-fl-iii-fl-240-18-diesel-240-cai-brembo-09-9492-20\/"]}]},{"@type":"ImageObject","inLanguage":"en-US","@id":"https:\/\/autorival.ro\/volvo\/product\/disc-frana-volvo-fl-iii-fl-240-18-diesel-240-cai-brembo-09-9492-20\/#primaryimage","url":"https:\/\/autorival.ro\/volvo\/wp-content\/uploads\/sites\/20\/2025\/07\/09.9492.20-9.jpg","contentUrl":"https:\/\/autorival.ro\/volvo\/wp-content\/uploads\/sites\/20\/2025\/07\/09.9492.20-9.jpg","width":560,"height":396},{"@type":"BreadcrumbList","@id":"https:\/\/autorival.ro\/volvo\/product\/disc-frana-volvo-fl-iii-fl-240-18-diesel-240-cai-brembo-09-9492-20\/#breadcrumb","itemListElement":[{"@type":"ListItem","position":1,"name":"Prima pagin\u0103","item":"https:\/\/autorival.ro\/volvo\/"},{"@type":"ListItem","position":2,"name":"Piese auto VOLVO","item":"https:\/\/autorival.ro\/volvo\/"},{"@type":"ListItem","position":3,"name":"Disc frana VOLVO FL III FL 240-18 diesel 240 cai BREMBO 09.9492.20"}]},{"@type":"WebSite","@id":"https:\/\/autorival.ro\/volvo\/#website","url":"https:\/\/autorival.ro\/volvo\/","name":"VOLVO","description":"","potentialAction":[{"@type":"SearchAction","target":{"@type":"EntryPoint","urlTemplate":"https:\/\/autorival.ro\/volvo\/?s={search_term_string}"},"query-input":{"@type":"PropertyValueSpecification","valueRequired":true,"valueName":"search_term_string"}}],"inLanguage":"en-US"}]}},"_links":{"self":[{"href":"https:\/\/autorival.ro\/volvo\/wp-json\/wp\/v2\/product\/238840","targetHints":{"allow":["GET"]}}],"collection":[{"href":"https:\/\/autorival.ro\/volvo\/wp-json\/wp\/v2\/product"}],"about":[{"href":"https:\/\/autorival.ro\/volvo\/wp-json\/wp\/v2\/types\/product"}],"replies":[{"embeddable":true,"href":"https:\/\/autorival.ro\/volvo\/wp-json\/wp\/v2\/comments?post=238840"}],"wp:featuredmedia":[{"embeddable":true,"href":"https:\/\/autorival.ro\/volvo\/wp-json\/wp\/v2\/media\/238841"}],"wp:attachment":[{"href":"https:\/\/autorival.ro\/volvo\/wp-json\/wp\/v2\/media?parent=238840"}],"wp:term":[{"taxonomy":"product_brand","embeddable":true,"href":"https:\/\/autorival.ro\/volvo\/wp-json\/wp\/v2\/product_brand?post=238840"},{"taxonomy":"product_cat","embeddable":true,"href":"https:\/\/autorival.ro\/volvo\/wp-json\/wp\/v2\/product_cat?post=238840"},{"taxonomy":"product_tag","embeddable":true,"href":"https:\/\/autorival.ro\/volvo\/wp-json\/wp\/v2\/product_tag?post=238840"}],"curies":[{"name":"wp","href":"https:\/\/api.w.org\/{rel}","templated":true}]}}