{"id":232406,"date":"2025-07-26T13:44:17","date_gmt":"2025-07-26T13:44:17","guid":{"rendered":"https:\/\/autorival.ro\/volvo\/product\/disc-frana-volvo-fh-iii-540-diesel-540-cai-sbp-02-vo006\/"},"modified":"2025-07-26T13:44:17","modified_gmt":"2025-07-26T13:44:17","slug":"disc-frana-volvo-fh-iii-540-diesel-540-cai-sbp-02-vo006","status":"publish","type":"product","link":"https:\/\/autorival.ro\/volvo\/product\/disc-frana-volvo-fh-iii-540-diesel-540-cai-sbp-02-vo006\/","title":{"rendered":"Disc frana VOLVO FH III 540 diesel 540 cai SBP 02-VO006"},"content":{"rendered":"<p>Partea de montare: puntea spateTip disc fr\u00e2na: ventilat ->Grosime disc fr\u00e2na [mm]: 45 ->Diametru exterior [mm]: 410\u00cenaltime [mm]: 45 ->Diametru de centrare [mm]: 220<\/p>\n","protected":false},"excerpt":{"rendered":"<p>Producator: SBP Cod producator: 02-VO006<\/p>\n","protected":false},"featured_media":232407,"comment_status":"open","ping_status":"closed","template":"","meta":[],"product_brand":[13558],"product_cat":[22803],"product_tag":[78462,77629,77663,77640,78299,77628],"class_list":{"0":"post-232406","1":"product","2":"type-product","3":"status-publish","4":"has-post-thumbnail","6":"product_brand-sbp","7":"product_cat-disc-frana-iii-540-diesel-540","8":"product_tag-disc","9":"product_tag-fh","10":"product_tag-frana","11":"product_tag-iii","12":"product_tag-sbp","13":"product_tag-volvo","15":"first","16":"instock","17":"shipping-taxable","18":"purchasable","19":"product-type-simple"},"yoast_head":"<!-- This site is optimized with the Yoast SEO plugin v27.3 - https:\/\/yoast.com\/product\/yoast-seo-wordpress\/ -->\n<title>Disc frana VOLVO FH III 540 diesel 540 cai SBP 02-VO006 VOLVO | SBP - Autorival<\/title>\n<meta name=\"description\" content=\"\u26a1 Disc frana VOLVO FH III 540 diesel 540 cai SBP 02-VO006 pentru VOLVO. \u2713 Cod: 02-VO006 \u2713 Brand: SBP \u2713 \u00cen stoc \u2713 Livrare 24h \u2713 Garan\u021bie!\" \/>\n<meta name=\"robots\" content=\"index, follow, max-snippet:-1, max-image-preview:large, max-video-preview:-1\" \/>\n<meta property=\"og:locale\" content=\"en_US\" \/>\n<meta property=\"og:type\" content=\"article\" \/>\n<meta property=\"og:title\" content=\"Disc frana VOLVO FH III 540 diesel 540 cai SBP 02-VO006 VOLVO | SBP - Autorival\" \/>\n<meta property=\"og:description\" content=\"\u26a1 Disc frana VOLVO FH III 540 diesel 540 cai SBP 02-VO006 pentru VOLVO. \u2713 Cod: 02-VO006 \u2713 Brand: SBP \u2713 \u00cen stoc \u2713 Livrare 24h \u2713 Garan\u021bie!\" \/>\n<meta property=\"og:url\" content=\"https:\/\/autorival.ro\/volvo\/product\/disc-frana-volvo-fh-iii-540-diesel-540-cai-sbp-02-vo006\/\" \/>\n<meta property=\"og:site_name\" content=\"VOLVO\" \/>\n<meta property=\"og:image\" content=\"https:\/\/autorival.ro\/volvo\/wp-content\/uploads\/sites\/20\/2025\/07\/02-vo006-15.jpg\" \/>\n\t<meta property=\"og:image:width\" content=\"597\" \/>\n\t<meta property=\"og:image:height\" content=\"400\" \/>\n\t<meta property=\"og:image:type\" content=\"image\/jpeg\" \/>\n<meta name=\"twitter:card\" content=\"summary_large_image\" \/>\n<meta name=\"twitter:title\" content=\"Disc frana VOLVO FH III 540 diesel 540 cai SBP 02-VO006 VOLVO | SBP - Autorival\" \/>\n<meta name=\"twitter:description\" content=\"\u26a1 Disc frana VOLVO FH III 540 diesel 540 cai SBP 02-VO006 pentru VOLVO. \u2713 Cod: 02-VO006 \u2713 Brand: SBP \u2713 \u00cen stoc \u2713 Livrare 24h \u2713 Garan\u021bie!\" \/>\n<script type=\"application\/ld+json\" class=\"yoast-schema-graph\">{\"@context\":\"https:\\\/\\\/schema.org\",\"@graph\":[{\"@type\":\"WebPage\",\"@id\":\"https:\\\/\\\/autorival.ro\\\/volvo\\\/product\\\/disc-frana-volvo-fh-iii-540-diesel-540-cai-sbp-02-vo006\\\/\",\"url\":\"https:\\\/\\\/autorival.ro\\\/volvo\\\/product\\\/disc-frana-volvo-fh-iii-540-diesel-540-cai-sbp-02-vo006\\\/\",\"name\":\"Disc frana VOLVO FH III 540 diesel 540 cai SBP 02-VO006 VOLVO | SBP - Autorival\",\"isPartOf\":{\"@id\":\"https:\\\/\\\/autorival.ro\\\/volvo\\\/#website\"},\"primaryImageOfPage\":{\"@id\":\"https:\\\/\\\/autorival.ro\\\/volvo\\\/product\\\/disc-frana-volvo-fh-iii-540-diesel-540-cai-sbp-02-vo006\\\/#primaryimage\"},\"image\":{\"@id\":\"https:\\\/\\\/autorival.ro\\\/volvo\\\/product\\\/disc-frana-volvo-fh-iii-540-diesel-540-cai-sbp-02-vo006\\\/#primaryimage\"},\"thumbnailUrl\":\"https:\\\/\\\/autorival.ro\\\/volvo\\\/wp-content\\\/uploads\\\/sites\\\/20\\\/2025\\\/07\\\/02-vo006-15.jpg\",\"datePublished\":\"2025-07-26T13:44:17+00:00\",\"description\":\"\u26a1 Disc frana VOLVO FH III 540 diesel 540 cai SBP 02-VO006 pentru VOLVO. \u2713 Cod: 02-VO006 \u2713 Brand: SBP \u2713 \u00cen stoc \u2713 Livrare 24h \u2713 Garan\u021bie!\",\"breadcrumb\":{\"@id\":\"https:\\\/\\\/autorival.ro\\\/volvo\\\/product\\\/disc-frana-volvo-fh-iii-540-diesel-540-cai-sbp-02-vo006\\\/#breadcrumb\"},\"inLanguage\":\"en-US\",\"potentialAction\":[{\"@type\":\"ReadAction\",\"target\":[\"https:\\\/\\\/autorival.ro\\\/volvo\\\/product\\\/disc-frana-volvo-fh-iii-540-diesel-540-cai-sbp-02-vo006\\\/\"]}]},{\"@type\":\"ImageObject\",\"inLanguage\":\"en-US\",\"@id\":\"https:\\\/\\\/autorival.ro\\\/volvo\\\/product\\\/disc-frana-volvo-fh-iii-540-diesel-540-cai-sbp-02-vo006\\\/#primaryimage\",\"url\":\"https:\\\/\\\/autorival.ro\\\/volvo\\\/wp-content\\\/uploads\\\/sites\\\/20\\\/2025\\\/07\\\/02-vo006-15.jpg\",\"contentUrl\":\"https:\\\/\\\/autorival.ro\\\/volvo\\\/wp-content\\\/uploads\\\/sites\\\/20\\\/2025\\\/07\\\/02-vo006-15.jpg\",\"width\":597,\"height\":400},{\"@type\":\"BreadcrumbList\",\"@id\":\"https:\\\/\\\/autorival.ro\\\/volvo\\\/product\\\/disc-frana-volvo-fh-iii-540-diesel-540-cai-sbp-02-vo006\\\/#breadcrumb\",\"itemListElement\":[{\"@type\":\"ListItem\",\"position\":1,\"name\":\"Prima pagin\u0103\",\"item\":\"https:\\\/\\\/autorival.ro\\\/volvo\\\/\"},{\"@type\":\"ListItem\",\"position\":2,\"name\":\"Piese auto VOLVO\",\"item\":\"https:\\\/\\\/autorival.ro\\\/volvo\\\/\"},{\"@type\":\"ListItem\",\"position\":3,\"name\":\"Disc frana VOLVO FH III 540 diesel 540 cai SBP 02-VO006\"}]},{\"@type\":\"WebSite\",\"@id\":\"https:\\\/\\\/autorival.ro\\\/volvo\\\/#website\",\"url\":\"https:\\\/\\\/autorival.ro\\\/volvo\\\/\",\"name\":\"VOLVO\",\"description\":\"\",\"potentialAction\":[{\"@type\":\"SearchAction\",\"target\":{\"@type\":\"EntryPoint\",\"urlTemplate\":\"https:\\\/\\\/autorival.ro\\\/volvo\\\/?s={search_term_string}\"},\"query-input\":{\"@type\":\"PropertyValueSpecification\",\"valueRequired\":true,\"valueName\":\"search_term_string\"}}],\"inLanguage\":\"en-US\"}]}<\/script>\n<!-- \/ Yoast SEO plugin. -->","yoast_head_json":{"title":"Disc frana VOLVO FH III 540 diesel 540 cai SBP 02-VO006 VOLVO | SBP - Autorival","description":"\u26a1 Disc frana VOLVO FH III 540 diesel 540 cai SBP 02-VO006 pentru VOLVO. \u2713 Cod: 02-VO006 \u2713 Brand: SBP \u2713 \u00cen stoc \u2713 Livrare 24h \u2713 Garan\u021bie!","robots":{"index":"index","follow":"follow","max-snippet":"max-snippet:-1","max-image-preview":"max-image-preview:large","max-video-preview":"max-video-preview:-1"},"og_locale":"en_US","og_type":"article","og_title":"Disc frana VOLVO FH III 540 diesel 540 cai SBP 02-VO006 VOLVO | SBP - Autorival","og_description":"\u26a1 Disc frana VOLVO FH III 540 diesel 540 cai SBP 02-VO006 pentru VOLVO. \u2713 Cod: 02-VO006 \u2713 Brand: SBP \u2713 \u00cen stoc \u2713 Livrare 24h \u2713 Garan\u021bie!","og_url":"https:\/\/autorival.ro\/volvo\/product\/disc-frana-volvo-fh-iii-540-diesel-540-cai-sbp-02-vo006\/","og_site_name":"VOLVO","og_image":[{"width":597,"height":400,"url":"https:\/\/autorival.ro\/volvo\/wp-content\/uploads\/sites\/20\/2025\/07\/02-vo006-15.jpg","type":"image\/jpeg"}],"twitter_card":"summary_large_image","twitter_title":"Disc frana VOLVO FH III 540 diesel 540 cai SBP 02-VO006 VOLVO | SBP - Autorival","twitter_description":"\u26a1 Disc frana VOLVO FH III 540 diesel 540 cai SBP 02-VO006 pentru VOLVO. \u2713 Cod: 02-VO006 \u2713 Brand: SBP \u2713 \u00cen stoc \u2713 Livrare 24h \u2713 Garan\u021bie!","schema":{"@context":"https:\/\/schema.org","@graph":[{"@type":"WebPage","@id":"https:\/\/autorival.ro\/volvo\/product\/disc-frana-volvo-fh-iii-540-diesel-540-cai-sbp-02-vo006\/","url":"https:\/\/autorival.ro\/volvo\/product\/disc-frana-volvo-fh-iii-540-diesel-540-cai-sbp-02-vo006\/","name":"Disc frana VOLVO FH III 540 diesel 540 cai SBP 02-VO006 VOLVO | SBP - Autorival","isPartOf":{"@id":"https:\/\/autorival.ro\/volvo\/#website"},"primaryImageOfPage":{"@id":"https:\/\/autorival.ro\/volvo\/product\/disc-frana-volvo-fh-iii-540-diesel-540-cai-sbp-02-vo006\/#primaryimage"},"image":{"@id":"https:\/\/autorival.ro\/volvo\/product\/disc-frana-volvo-fh-iii-540-diesel-540-cai-sbp-02-vo006\/#primaryimage"},"thumbnailUrl":"https:\/\/autorival.ro\/volvo\/wp-content\/uploads\/sites\/20\/2025\/07\/02-vo006-15.jpg","datePublished":"2025-07-26T13:44:17+00:00","description":"\u26a1 Disc frana VOLVO FH III 540 diesel 540 cai SBP 02-VO006 pentru VOLVO. \u2713 Cod: 02-VO006 \u2713 Brand: SBP \u2713 \u00cen stoc \u2713 Livrare 24h \u2713 Garan\u021bie!","breadcrumb":{"@id":"https:\/\/autorival.ro\/volvo\/product\/disc-frana-volvo-fh-iii-540-diesel-540-cai-sbp-02-vo006\/#breadcrumb"},"inLanguage":"en-US","potentialAction":[{"@type":"ReadAction","target":["https:\/\/autorival.ro\/volvo\/product\/disc-frana-volvo-fh-iii-540-diesel-540-cai-sbp-02-vo006\/"]}]},{"@type":"ImageObject","inLanguage":"en-US","@id":"https:\/\/autorival.ro\/volvo\/product\/disc-frana-volvo-fh-iii-540-diesel-540-cai-sbp-02-vo006\/#primaryimage","url":"https:\/\/autorival.ro\/volvo\/wp-content\/uploads\/sites\/20\/2025\/07\/02-vo006-15.jpg","contentUrl":"https:\/\/autorival.ro\/volvo\/wp-content\/uploads\/sites\/20\/2025\/07\/02-vo006-15.jpg","width":597,"height":400},{"@type":"BreadcrumbList","@id":"https:\/\/autorival.ro\/volvo\/product\/disc-frana-volvo-fh-iii-540-diesel-540-cai-sbp-02-vo006\/#breadcrumb","itemListElement":[{"@type":"ListItem","position":1,"name":"Prima pagin\u0103","item":"https:\/\/autorival.ro\/volvo\/"},{"@type":"ListItem","position":2,"name":"Piese auto VOLVO","item":"https:\/\/autorival.ro\/volvo\/"},{"@type":"ListItem","position":3,"name":"Disc frana VOLVO FH III 540 diesel 540 cai SBP 02-VO006"}]},{"@type":"WebSite","@id":"https:\/\/autorival.ro\/volvo\/#website","url":"https:\/\/autorival.ro\/volvo\/","name":"VOLVO","description":"","potentialAction":[{"@type":"SearchAction","target":{"@type":"EntryPoint","urlTemplate":"https:\/\/autorival.ro\/volvo\/?s={search_term_string}"},"query-input":{"@type":"PropertyValueSpecification","valueRequired":true,"valueName":"search_term_string"}}],"inLanguage":"en-US"}]}},"_links":{"self":[{"href":"https:\/\/autorival.ro\/volvo\/wp-json\/wp\/v2\/product\/232406","targetHints":{"allow":["GET"]}}],"collection":[{"href":"https:\/\/autorival.ro\/volvo\/wp-json\/wp\/v2\/product"}],"about":[{"href":"https:\/\/autorival.ro\/volvo\/wp-json\/wp\/v2\/types\/product"}],"replies":[{"embeddable":true,"href":"https:\/\/autorival.ro\/volvo\/wp-json\/wp\/v2\/comments?post=232406"}],"wp:featuredmedia":[{"embeddable":true,"href":"https:\/\/autorival.ro\/volvo\/wp-json\/wp\/v2\/media\/232407"}],"wp:attachment":[{"href":"https:\/\/autorival.ro\/volvo\/wp-json\/wp\/v2\/media?parent=232406"}],"wp:term":[{"taxonomy":"product_brand","embeddable":true,"href":"https:\/\/autorival.ro\/volvo\/wp-json\/wp\/v2\/product_brand?post=232406"},{"taxonomy":"product_cat","embeddable":true,"href":"https:\/\/autorival.ro\/volvo\/wp-json\/wp\/v2\/product_cat?post=232406"},{"taxonomy":"product_tag","embeddable":true,"href":"https:\/\/autorival.ro\/volvo\/wp-json\/wp\/v2\/product_tag?post=232406"}],"curies":[{"name":"wp","href":"https:\/\/api.w.org\/{rel}","templated":true}]}}