{"id":231662,"date":"2025-07-26T13:32:19","date_gmt":"2025-07-26T13:32:19","guid":{"rendered":"https:\/\/autorival.ro\/volvo\/product\/disc-frana-volvo-fh-520-diesel-520-cai-krottendorf-kro-hdd348\/"},"modified":"2025-07-26T13:32:19","modified_gmt":"2025-07-26T13:32:19","slug":"disc-frana-volvo-fh-520-diesel-520-cai-krottendorf-kro-hdd348","status":"publish","type":"product","link":"https:\/\/autorival.ro\/volvo\/product\/disc-frana-volvo-fh-520-diesel-520-cai-krottendorf-kro-hdd348\/","title":{"rendered":"Disc frana VOLVO FH 520 diesel 520 cai KROTTENDORF KRO-HDD348"},"content":{"rendered":"<p>Partea de montare: punte fata, puntea spate\u00cenaltime [mm]: 45 ->Greutate [kg]: 23Tip disc fr\u00e2na: ventilat ->Grosime disc fr\u00e2na [mm]: 45 ->Grosime minima [mm]: 41 ->Diametru exterior [mm]: 410Numar gauri: 1Suprafata: unsSistem de fr\u00e2nare: DUCOTip ambalaj: CutieUnitate de calitate: bucataArticol completare\/Info suplimentar 2: fara suruburiVersiune: J ->Lungime ambalaj [cm]: 42,5 ->Latime ambalaj [cm]: 42,5 ->Inaltime ambalaj [cm]: 6,5<\/p>\n","protected":false},"excerpt":{"rendered":"<p>Producator: KROTTENDORF Cod producator: KRO-HDD348<\/p>\n","protected":false},"featured_media":231663,"comment_status":"open","ping_status":"closed","template":"","meta":[],"product_brand":[2436],"product_cat":[22785],"product_tag":[77728,78462,77629,77663,78004,78003,77628],"class_list":{"0":"post-231662","1":"product","2":"type-product","3":"status-publish","4":"has-post-thumbnail","6":"product_brand-krottendorf","7":"product_cat-disc-frana-520-diesel-520","8":"product_tag-77728","9":"product_tag-disc","10":"product_tag-fh","11":"product_tag-frana","12":"product_tag-kro","13":"product_tag-krottendorf","14":"product_tag-volvo","16":"first","17":"instock","18":"shipping-taxable","19":"purchasable","20":"product-type-simple"},"yoast_head":"<!-- This site is optimized with the Yoast SEO plugin v27.3 - https:\/\/yoast.com\/product\/yoast-seo-wordpress\/ -->\n<title>Disc frana VOLVO FH 520 diesel 520 cai KROTTENDORF KRO-HDD348 VOLVO | KROTTENDORF - Autorival<\/title>\n<meta name=\"description\" content=\"\u26a1 Disc frana VOLVO FH 520 diesel 520 cai KROTTENDORF KRO-HDD348 pentru VOLVO. \u2713 Cod: KRO-HDD348 \u2713 Brand: KROTTENDORF \u2713 \u00cen stoc \u2713 Livrare 24h \u2713 Garan\u021bie!\" \/>\n<meta name=\"robots\" content=\"index, follow, max-snippet:-1, max-image-preview:large, max-video-preview:-1\" \/>\n<meta property=\"og:locale\" content=\"en_US\" \/>\n<meta property=\"og:type\" content=\"article\" \/>\n<meta property=\"og:title\" content=\"Disc frana VOLVO FH 520 diesel 520 cai KROTTENDORF KRO-HDD348 VOLVO | KROTTENDORF - Autorival\" \/>\n<meta property=\"og:description\" content=\"\u26a1 Disc frana VOLVO FH 520 diesel 520 cai KROTTENDORF KRO-HDD348 pentru VOLVO. \u2713 Cod: KRO-HDD348 \u2713 Brand: KROTTENDORF \u2713 \u00cen stoc \u2713 Livrare 24h \u2713 Garan\u021bie!\" \/>\n<meta property=\"og:url\" content=\"https:\/\/autorival.ro\/volvo\/product\/disc-frana-volvo-fh-520-diesel-520-cai-krottendorf-kro-hdd348\/\" \/>\n<meta property=\"og:site_name\" content=\"VOLVO\" \/>\n<meta property=\"og:image\" content=\"https:\/\/autorival.ro\/volvo\/wp-content\/uploads\/sites\/20\/2025\/07\/volvo0105-11301.png\" \/>\n\t<meta property=\"og:image:width\" content=\"400\" \/>\n\t<meta property=\"og:image:height\" content=\"400\" \/>\n\t<meta property=\"og:image:type\" content=\"image\/png\" \/>\n<meta name=\"twitter:card\" content=\"summary_large_image\" \/>\n<meta name=\"twitter:title\" content=\"Disc frana VOLVO FH 520 diesel 520 cai KROTTENDORF KRO-HDD348 VOLVO | KROTTENDORF - Autorival\" \/>\n<meta name=\"twitter:description\" content=\"\u26a1 Disc frana VOLVO FH 520 diesel 520 cai KROTTENDORF KRO-HDD348 pentru VOLVO. \u2713 Cod: KRO-HDD348 \u2713 Brand: KROTTENDORF \u2713 \u00cen stoc \u2713 Livrare 24h \u2713 Garan\u021bie!\" \/>\n<script type=\"application\/ld+json\" class=\"yoast-schema-graph\">{\"@context\":\"https:\\\/\\\/schema.org\",\"@graph\":[{\"@type\":\"WebPage\",\"@id\":\"https:\\\/\\\/autorival.ro\\\/volvo\\\/product\\\/disc-frana-volvo-fh-520-diesel-520-cai-krottendorf-kro-hdd348\\\/\",\"url\":\"https:\\\/\\\/autorival.ro\\\/volvo\\\/product\\\/disc-frana-volvo-fh-520-diesel-520-cai-krottendorf-kro-hdd348\\\/\",\"name\":\"Disc frana VOLVO FH 520 diesel 520 cai KROTTENDORF KRO-HDD348 VOLVO | KROTTENDORF - Autorival\",\"isPartOf\":{\"@id\":\"https:\\\/\\\/autorival.ro\\\/volvo\\\/#website\"},\"primaryImageOfPage\":{\"@id\":\"https:\\\/\\\/autorival.ro\\\/volvo\\\/product\\\/disc-frana-volvo-fh-520-diesel-520-cai-krottendorf-kro-hdd348\\\/#primaryimage\"},\"image\":{\"@id\":\"https:\\\/\\\/autorival.ro\\\/volvo\\\/product\\\/disc-frana-volvo-fh-520-diesel-520-cai-krottendorf-kro-hdd348\\\/#primaryimage\"},\"thumbnailUrl\":\"https:\\\/\\\/autorival.ro\\\/volvo\\\/wp-content\\\/uploads\\\/sites\\\/20\\\/2025\\\/07\\\/volvo0105-11301.png\",\"datePublished\":\"2025-07-26T13:32:19+00:00\",\"description\":\"\u26a1 Disc frana VOLVO FH 520 diesel 520 cai KROTTENDORF KRO-HDD348 pentru VOLVO. \u2713 Cod: KRO-HDD348 \u2713 Brand: KROTTENDORF \u2713 \u00cen stoc \u2713 Livrare 24h \u2713 Garan\u021bie!\",\"breadcrumb\":{\"@id\":\"https:\\\/\\\/autorival.ro\\\/volvo\\\/product\\\/disc-frana-volvo-fh-520-diesel-520-cai-krottendorf-kro-hdd348\\\/#breadcrumb\"},\"inLanguage\":\"en-US\",\"potentialAction\":[{\"@type\":\"ReadAction\",\"target\":[\"https:\\\/\\\/autorival.ro\\\/volvo\\\/product\\\/disc-frana-volvo-fh-520-diesel-520-cai-krottendorf-kro-hdd348\\\/\"]}]},{\"@type\":\"ImageObject\",\"inLanguage\":\"en-US\",\"@id\":\"https:\\\/\\\/autorival.ro\\\/volvo\\\/product\\\/disc-frana-volvo-fh-520-diesel-520-cai-krottendorf-kro-hdd348\\\/#primaryimage\",\"url\":\"https:\\\/\\\/autorival.ro\\\/volvo\\\/wp-content\\\/uploads\\\/sites\\\/20\\\/2025\\\/07\\\/volvo0105-11301.png\",\"contentUrl\":\"https:\\\/\\\/autorival.ro\\\/volvo\\\/wp-content\\\/uploads\\\/sites\\\/20\\\/2025\\\/07\\\/volvo0105-11301.png\",\"width\":400,\"height\":400},{\"@type\":\"BreadcrumbList\",\"@id\":\"https:\\\/\\\/autorival.ro\\\/volvo\\\/product\\\/disc-frana-volvo-fh-520-diesel-520-cai-krottendorf-kro-hdd348\\\/#breadcrumb\",\"itemListElement\":[{\"@type\":\"ListItem\",\"position\":1,\"name\":\"Prima pagin\u0103\",\"item\":\"https:\\\/\\\/autorival.ro\\\/volvo\\\/\"},{\"@type\":\"ListItem\",\"position\":2,\"name\":\"Piese auto VOLVO\",\"item\":\"https:\\\/\\\/autorival.ro\\\/volvo\\\/\"},{\"@type\":\"ListItem\",\"position\":3,\"name\":\"Disc frana VOLVO FH 520 diesel 520 cai KROTTENDORF KRO-HDD348\"}]},{\"@type\":\"WebSite\",\"@id\":\"https:\\\/\\\/autorival.ro\\\/volvo\\\/#website\",\"url\":\"https:\\\/\\\/autorival.ro\\\/volvo\\\/\",\"name\":\"VOLVO\",\"description\":\"\",\"potentialAction\":[{\"@type\":\"SearchAction\",\"target\":{\"@type\":\"EntryPoint\",\"urlTemplate\":\"https:\\\/\\\/autorival.ro\\\/volvo\\\/?s={search_term_string}\"},\"query-input\":{\"@type\":\"PropertyValueSpecification\",\"valueRequired\":true,\"valueName\":\"search_term_string\"}}],\"inLanguage\":\"en-US\"}]}<\/script>\n<!-- \/ Yoast SEO plugin. -->","yoast_head_json":{"title":"Disc frana VOLVO FH 520 diesel 520 cai KROTTENDORF KRO-HDD348 VOLVO | KROTTENDORF - Autorival","description":"\u26a1 Disc frana VOLVO FH 520 diesel 520 cai KROTTENDORF KRO-HDD348 pentru VOLVO. \u2713 Cod: KRO-HDD348 \u2713 Brand: KROTTENDORF \u2713 \u00cen stoc \u2713 Livrare 24h \u2713 Garan\u021bie!","robots":{"index":"index","follow":"follow","max-snippet":"max-snippet:-1","max-image-preview":"max-image-preview:large","max-video-preview":"max-video-preview:-1"},"og_locale":"en_US","og_type":"article","og_title":"Disc frana VOLVO FH 520 diesel 520 cai KROTTENDORF KRO-HDD348 VOLVO | KROTTENDORF - Autorival","og_description":"\u26a1 Disc frana VOLVO FH 520 diesel 520 cai KROTTENDORF KRO-HDD348 pentru VOLVO. \u2713 Cod: KRO-HDD348 \u2713 Brand: KROTTENDORF \u2713 \u00cen stoc \u2713 Livrare 24h \u2713 Garan\u021bie!","og_url":"https:\/\/autorival.ro\/volvo\/product\/disc-frana-volvo-fh-520-diesel-520-cai-krottendorf-kro-hdd348\/","og_site_name":"VOLVO","og_image":[{"width":400,"height":400,"url":"https:\/\/autorival.ro\/volvo\/wp-content\/uploads\/sites\/20\/2025\/07\/volvo0105-11301.png","type":"image\/png"}],"twitter_card":"summary_large_image","twitter_title":"Disc frana VOLVO FH 520 diesel 520 cai KROTTENDORF KRO-HDD348 VOLVO | KROTTENDORF - Autorival","twitter_description":"\u26a1 Disc frana VOLVO FH 520 diesel 520 cai KROTTENDORF KRO-HDD348 pentru VOLVO. \u2713 Cod: KRO-HDD348 \u2713 Brand: KROTTENDORF \u2713 \u00cen stoc \u2713 Livrare 24h \u2713 Garan\u021bie!","schema":{"@context":"https:\/\/schema.org","@graph":[{"@type":"WebPage","@id":"https:\/\/autorival.ro\/volvo\/product\/disc-frana-volvo-fh-520-diesel-520-cai-krottendorf-kro-hdd348\/","url":"https:\/\/autorival.ro\/volvo\/product\/disc-frana-volvo-fh-520-diesel-520-cai-krottendorf-kro-hdd348\/","name":"Disc frana VOLVO FH 520 diesel 520 cai KROTTENDORF KRO-HDD348 VOLVO | KROTTENDORF - Autorival","isPartOf":{"@id":"https:\/\/autorival.ro\/volvo\/#website"},"primaryImageOfPage":{"@id":"https:\/\/autorival.ro\/volvo\/product\/disc-frana-volvo-fh-520-diesel-520-cai-krottendorf-kro-hdd348\/#primaryimage"},"image":{"@id":"https:\/\/autorival.ro\/volvo\/product\/disc-frana-volvo-fh-520-diesel-520-cai-krottendorf-kro-hdd348\/#primaryimage"},"thumbnailUrl":"https:\/\/autorival.ro\/volvo\/wp-content\/uploads\/sites\/20\/2025\/07\/volvo0105-11301.png","datePublished":"2025-07-26T13:32:19+00:00","description":"\u26a1 Disc frana VOLVO FH 520 diesel 520 cai KROTTENDORF KRO-HDD348 pentru VOLVO. \u2713 Cod: KRO-HDD348 \u2713 Brand: KROTTENDORF \u2713 \u00cen stoc \u2713 Livrare 24h \u2713 Garan\u021bie!","breadcrumb":{"@id":"https:\/\/autorival.ro\/volvo\/product\/disc-frana-volvo-fh-520-diesel-520-cai-krottendorf-kro-hdd348\/#breadcrumb"},"inLanguage":"en-US","potentialAction":[{"@type":"ReadAction","target":["https:\/\/autorival.ro\/volvo\/product\/disc-frana-volvo-fh-520-diesel-520-cai-krottendorf-kro-hdd348\/"]}]},{"@type":"ImageObject","inLanguage":"en-US","@id":"https:\/\/autorival.ro\/volvo\/product\/disc-frana-volvo-fh-520-diesel-520-cai-krottendorf-kro-hdd348\/#primaryimage","url":"https:\/\/autorival.ro\/volvo\/wp-content\/uploads\/sites\/20\/2025\/07\/volvo0105-11301.png","contentUrl":"https:\/\/autorival.ro\/volvo\/wp-content\/uploads\/sites\/20\/2025\/07\/volvo0105-11301.png","width":400,"height":400},{"@type":"BreadcrumbList","@id":"https:\/\/autorival.ro\/volvo\/product\/disc-frana-volvo-fh-520-diesel-520-cai-krottendorf-kro-hdd348\/#breadcrumb","itemListElement":[{"@type":"ListItem","position":1,"name":"Prima pagin\u0103","item":"https:\/\/autorival.ro\/volvo\/"},{"@type":"ListItem","position":2,"name":"Piese auto VOLVO","item":"https:\/\/autorival.ro\/volvo\/"},{"@type":"ListItem","position":3,"name":"Disc frana VOLVO FH 520 diesel 520 cai KROTTENDORF KRO-HDD348"}]},{"@type":"WebSite","@id":"https:\/\/autorival.ro\/volvo\/#website","url":"https:\/\/autorival.ro\/volvo\/","name":"VOLVO","description":"","potentialAction":[{"@type":"SearchAction","target":{"@type":"EntryPoint","urlTemplate":"https:\/\/autorival.ro\/volvo\/?s={search_term_string}"},"query-input":{"@type":"PropertyValueSpecification","valueRequired":true,"valueName":"search_term_string"}}],"inLanguage":"en-US"}]}},"_links":{"self":[{"href":"https:\/\/autorival.ro\/volvo\/wp-json\/wp\/v2\/product\/231662","targetHints":{"allow":["GET"]}}],"collection":[{"href":"https:\/\/autorival.ro\/volvo\/wp-json\/wp\/v2\/product"}],"about":[{"href":"https:\/\/autorival.ro\/volvo\/wp-json\/wp\/v2\/types\/product"}],"replies":[{"embeddable":true,"href":"https:\/\/autorival.ro\/volvo\/wp-json\/wp\/v2\/comments?post=231662"}],"wp:featuredmedia":[{"embeddable":true,"href":"https:\/\/autorival.ro\/volvo\/wp-json\/wp\/v2\/media\/231663"}],"wp:attachment":[{"href":"https:\/\/autorival.ro\/volvo\/wp-json\/wp\/v2\/media?parent=231662"}],"wp:term":[{"taxonomy":"product_brand","embeddable":true,"href":"https:\/\/autorival.ro\/volvo\/wp-json\/wp\/v2\/product_brand?post=231662"},{"taxonomy":"product_cat","embeddable":true,"href":"https:\/\/autorival.ro\/volvo\/wp-json\/wp\/v2\/product_cat?post=231662"},{"taxonomy":"product_tag","embeddable":true,"href":"https:\/\/autorival.ro\/volvo\/wp-json\/wp\/v2\/product_tag?post=231662"}],"curies":[{"name":"wp","href":"https:\/\/api.w.org\/{rel}","templated":true}]}}