{"id":229592,"date":"2025-07-26T12:41:52","date_gmt":"2025-07-26T12:41:52","guid":{"rendered":"https:\/\/autorival.ro\/volvo\/product\/disc-frana-volvo-c30-533-d3-diesel-150-cai-maxgear-19-1266sport\/"},"modified":"2025-07-26T12:41:52","modified_gmt":"2025-07-26T12:41:52","slug":"disc-frana-volvo-c30-533-d3-diesel-150-cai-maxgear-19-1266sport","status":"publish","type":"product","link":"https:\/\/autorival.ro\/volvo\/product\/disc-frana-volvo-c30-533-d3-diesel-150-cai-maxgear-19-1266sport\/","title":{"rendered":"Disc frana VOLVO C30 (533) D3 diesel 150 cai MAXGEAR 19-1266SPORT"},"content":{"rendered":"<p>Partea de montare: punte fata ->Dimensiune frane: 15&#8243;\u00cenaltime [mm]: 48,5 ->Diametru de centrare [mm]: 63,5 ->Grosime disc fr\u00e2na [mm]: 25 ->Diametru exterior [mm]: 278Asezare gauri \u00d8 [mm]: 108Numar gauri: 5Tip disc fr\u00e2na: ventilat, cu fante\/perforatSuprafata: lacuit ->Grosime minima [mm]: 23<\/p>\n","protected":false},"excerpt":{"rendered":"<p>Producator: MAXGEAR Cod producator: 19-1266SPORT<\/p>\n","protected":false},"featured_media":229593,"comment_status":"open","ping_status":"closed","template":"","meta":[],"product_brand":[1070],"product_cat":[22753],"product_tag":[77652,77651,77670,78462,77663,77890,77628],"class_list":{"0":"post-229592","1":"product","2":"type-product","3":"status-publish","4":"has-post-thumbnail","6":"product_brand-maxgear","7":"product_cat-disc-frana-533-d3-diesel-150","8":"product_tag-77652","9":"product_tag-c30","10":"product_tag-diesel","11":"product_tag-disc","12":"product_tag-frana","13":"product_tag-maxgear","14":"product_tag-volvo","16":"first","17":"instock","18":"shipping-taxable","19":"purchasable","20":"product-type-simple"},"yoast_head":"<!-- This site is optimized with the Yoast SEO plugin v27.3 - https:\/\/yoast.com\/product\/yoast-seo-wordpress\/ -->\n<title>Disc frana VOLVO C30 (533) D3 diesel 150 cai MAXGEAR 19-1266SPORT VOLVO | MAXGEAR - Autorival<\/title>\n<meta name=\"description\" content=\"\u26a1 Disc frana VOLVO C30 (533) D3 diesel 150 cai MAXGEAR 19-1266SPORT pentru VOLVO. \u2713 Cod: 19-1266SPORT \u2713 Brand: MAXGEAR \u2713 \u00cen stoc \u2713 Livrare 24h \u2713 Garan\u021bie!\" \/>\n<meta name=\"robots\" content=\"index, follow, max-snippet:-1, max-image-preview:large, max-video-preview:-1\" \/>\n<meta property=\"og:locale\" content=\"en_US\" \/>\n<meta property=\"og:type\" content=\"article\" \/>\n<meta property=\"og:title\" content=\"Disc frana VOLVO C30 (533) D3 diesel 150 cai MAXGEAR 19-1266SPORT VOLVO | MAXGEAR - Autorival\" \/>\n<meta property=\"og:description\" content=\"\u26a1 Disc frana VOLVO C30 (533) D3 diesel 150 cai MAXGEAR 19-1266SPORT pentru VOLVO. \u2713 Cod: 19-1266SPORT \u2713 Brand: MAXGEAR \u2713 \u00cen stoc \u2713 Livrare 24h \u2713 Garan\u021bie!\" \/>\n<meta property=\"og:url\" content=\"https:\/\/autorival.ro\/volvo\/product\/disc-frana-volvo-c30-533-d3-diesel-150-cai-maxgear-19-1266sport\/\" \/>\n<meta property=\"og:site_name\" content=\"VOLVO\" \/>\n<meta property=\"og:image\" content=\"https:\/\/autorival.ro\/volvo\/wp-content\/uploads\/sites\/20\/2025\/07\/volvo0105-11205.png\" \/>\n\t<meta property=\"og:image:width\" content=\"400\" \/>\n\t<meta property=\"og:image:height\" content=\"400\" \/>\n\t<meta property=\"og:image:type\" content=\"image\/png\" \/>\n<meta name=\"twitter:card\" content=\"summary_large_image\" \/>\n<meta name=\"twitter:title\" content=\"Disc frana VOLVO C30 (533) D3 diesel 150 cai MAXGEAR 19-1266SPORT VOLVO | MAXGEAR - Autorival\" \/>\n<meta name=\"twitter:description\" content=\"\u26a1 Disc frana VOLVO C30 (533) D3 diesel 150 cai MAXGEAR 19-1266SPORT pentru VOLVO. \u2713 Cod: 19-1266SPORT \u2713 Brand: MAXGEAR \u2713 \u00cen stoc \u2713 Livrare 24h \u2713 Garan\u021bie!\" \/>\n<script type=\"application\/ld+json\" class=\"yoast-schema-graph\">{\"@context\":\"https:\\\/\\\/schema.org\",\"@graph\":[{\"@type\":\"WebPage\",\"@id\":\"https:\\\/\\\/autorival.ro\\\/volvo\\\/product\\\/disc-frana-volvo-c30-533-d3-diesel-150-cai-maxgear-19-1266sport\\\/\",\"url\":\"https:\\\/\\\/autorival.ro\\\/volvo\\\/product\\\/disc-frana-volvo-c30-533-d3-diesel-150-cai-maxgear-19-1266sport\\\/\",\"name\":\"Disc frana VOLVO C30 (533) D3 diesel 150 cai MAXGEAR 19-1266SPORT VOLVO | MAXGEAR - Autorival\",\"isPartOf\":{\"@id\":\"https:\\\/\\\/autorival.ro\\\/volvo\\\/#website\"},\"primaryImageOfPage\":{\"@id\":\"https:\\\/\\\/autorival.ro\\\/volvo\\\/product\\\/disc-frana-volvo-c30-533-d3-diesel-150-cai-maxgear-19-1266sport\\\/#primaryimage\"},\"image\":{\"@id\":\"https:\\\/\\\/autorival.ro\\\/volvo\\\/product\\\/disc-frana-volvo-c30-533-d3-diesel-150-cai-maxgear-19-1266sport\\\/#primaryimage\"},\"thumbnailUrl\":\"https:\\\/\\\/autorival.ro\\\/volvo\\\/wp-content\\\/uploads\\\/sites\\\/20\\\/2025\\\/07\\\/volvo0105-11205.png\",\"datePublished\":\"2025-07-26T12:41:52+00:00\",\"description\":\"\u26a1 Disc frana VOLVO C30 (533) D3 diesel 150 cai MAXGEAR 19-1266SPORT pentru VOLVO. \u2713 Cod: 19-1266SPORT \u2713 Brand: MAXGEAR \u2713 \u00cen stoc \u2713 Livrare 24h \u2713 Garan\u021bie!\",\"breadcrumb\":{\"@id\":\"https:\\\/\\\/autorival.ro\\\/volvo\\\/product\\\/disc-frana-volvo-c30-533-d3-diesel-150-cai-maxgear-19-1266sport\\\/#breadcrumb\"},\"inLanguage\":\"en-US\",\"potentialAction\":[{\"@type\":\"ReadAction\",\"target\":[\"https:\\\/\\\/autorival.ro\\\/volvo\\\/product\\\/disc-frana-volvo-c30-533-d3-diesel-150-cai-maxgear-19-1266sport\\\/\"]}]},{\"@type\":\"ImageObject\",\"inLanguage\":\"en-US\",\"@id\":\"https:\\\/\\\/autorival.ro\\\/volvo\\\/product\\\/disc-frana-volvo-c30-533-d3-diesel-150-cai-maxgear-19-1266sport\\\/#primaryimage\",\"url\":\"https:\\\/\\\/autorival.ro\\\/volvo\\\/wp-content\\\/uploads\\\/sites\\\/20\\\/2025\\\/07\\\/volvo0105-11205.png\",\"contentUrl\":\"https:\\\/\\\/autorival.ro\\\/volvo\\\/wp-content\\\/uploads\\\/sites\\\/20\\\/2025\\\/07\\\/volvo0105-11205.png\",\"width\":400,\"height\":400},{\"@type\":\"BreadcrumbList\",\"@id\":\"https:\\\/\\\/autorival.ro\\\/volvo\\\/product\\\/disc-frana-volvo-c30-533-d3-diesel-150-cai-maxgear-19-1266sport\\\/#breadcrumb\",\"itemListElement\":[{\"@type\":\"ListItem\",\"position\":1,\"name\":\"Prima pagin\u0103\",\"item\":\"https:\\\/\\\/autorival.ro\\\/volvo\\\/\"},{\"@type\":\"ListItem\",\"position\":2,\"name\":\"Piese auto VOLVO\",\"item\":\"https:\\\/\\\/autorival.ro\\\/volvo\\\/\"},{\"@type\":\"ListItem\",\"position\":3,\"name\":\"Disc frana VOLVO C30 (533) D3 diesel 150 cai MAXGEAR 19-1266SPORT\"}]},{\"@type\":\"WebSite\",\"@id\":\"https:\\\/\\\/autorival.ro\\\/volvo\\\/#website\",\"url\":\"https:\\\/\\\/autorival.ro\\\/volvo\\\/\",\"name\":\"VOLVO\",\"description\":\"\",\"potentialAction\":[{\"@type\":\"SearchAction\",\"target\":{\"@type\":\"EntryPoint\",\"urlTemplate\":\"https:\\\/\\\/autorival.ro\\\/volvo\\\/?s={search_term_string}\"},\"query-input\":{\"@type\":\"PropertyValueSpecification\",\"valueRequired\":true,\"valueName\":\"search_term_string\"}}],\"inLanguage\":\"en-US\"}]}<\/script>\n<!-- \/ Yoast SEO plugin. -->","yoast_head_json":{"title":"Disc frana VOLVO C30 (533) D3 diesel 150 cai MAXGEAR 19-1266SPORT VOLVO | MAXGEAR - Autorival","description":"\u26a1 Disc frana VOLVO C30 (533) D3 diesel 150 cai MAXGEAR 19-1266SPORT pentru VOLVO. \u2713 Cod: 19-1266SPORT \u2713 Brand: MAXGEAR \u2713 \u00cen stoc \u2713 Livrare 24h \u2713 Garan\u021bie!","robots":{"index":"index","follow":"follow","max-snippet":"max-snippet:-1","max-image-preview":"max-image-preview:large","max-video-preview":"max-video-preview:-1"},"og_locale":"en_US","og_type":"article","og_title":"Disc frana VOLVO C30 (533) D3 diesel 150 cai MAXGEAR 19-1266SPORT VOLVO | MAXGEAR - Autorival","og_description":"\u26a1 Disc frana VOLVO C30 (533) D3 diesel 150 cai MAXGEAR 19-1266SPORT pentru VOLVO. \u2713 Cod: 19-1266SPORT \u2713 Brand: MAXGEAR \u2713 \u00cen stoc \u2713 Livrare 24h \u2713 Garan\u021bie!","og_url":"https:\/\/autorival.ro\/volvo\/product\/disc-frana-volvo-c30-533-d3-diesel-150-cai-maxgear-19-1266sport\/","og_site_name":"VOLVO","og_image":[{"width":400,"height":400,"url":"https:\/\/autorival.ro\/volvo\/wp-content\/uploads\/sites\/20\/2025\/07\/volvo0105-11205.png","type":"image\/png"}],"twitter_card":"summary_large_image","twitter_title":"Disc frana VOLVO C30 (533) D3 diesel 150 cai MAXGEAR 19-1266SPORT VOLVO | MAXGEAR - Autorival","twitter_description":"\u26a1 Disc frana VOLVO C30 (533) D3 diesel 150 cai MAXGEAR 19-1266SPORT pentru VOLVO. \u2713 Cod: 19-1266SPORT \u2713 Brand: MAXGEAR \u2713 \u00cen stoc \u2713 Livrare 24h \u2713 Garan\u021bie!","schema":{"@context":"https:\/\/schema.org","@graph":[{"@type":"WebPage","@id":"https:\/\/autorival.ro\/volvo\/product\/disc-frana-volvo-c30-533-d3-diesel-150-cai-maxgear-19-1266sport\/","url":"https:\/\/autorival.ro\/volvo\/product\/disc-frana-volvo-c30-533-d3-diesel-150-cai-maxgear-19-1266sport\/","name":"Disc frana VOLVO C30 (533) D3 diesel 150 cai MAXGEAR 19-1266SPORT VOLVO | MAXGEAR - Autorival","isPartOf":{"@id":"https:\/\/autorival.ro\/volvo\/#website"},"primaryImageOfPage":{"@id":"https:\/\/autorival.ro\/volvo\/product\/disc-frana-volvo-c30-533-d3-diesel-150-cai-maxgear-19-1266sport\/#primaryimage"},"image":{"@id":"https:\/\/autorival.ro\/volvo\/product\/disc-frana-volvo-c30-533-d3-diesel-150-cai-maxgear-19-1266sport\/#primaryimage"},"thumbnailUrl":"https:\/\/autorival.ro\/volvo\/wp-content\/uploads\/sites\/20\/2025\/07\/volvo0105-11205.png","datePublished":"2025-07-26T12:41:52+00:00","description":"\u26a1 Disc frana VOLVO C30 (533) D3 diesel 150 cai MAXGEAR 19-1266SPORT pentru VOLVO. \u2713 Cod: 19-1266SPORT \u2713 Brand: MAXGEAR \u2713 \u00cen stoc \u2713 Livrare 24h \u2713 Garan\u021bie!","breadcrumb":{"@id":"https:\/\/autorival.ro\/volvo\/product\/disc-frana-volvo-c30-533-d3-diesel-150-cai-maxgear-19-1266sport\/#breadcrumb"},"inLanguage":"en-US","potentialAction":[{"@type":"ReadAction","target":["https:\/\/autorival.ro\/volvo\/product\/disc-frana-volvo-c30-533-d3-diesel-150-cai-maxgear-19-1266sport\/"]}]},{"@type":"ImageObject","inLanguage":"en-US","@id":"https:\/\/autorival.ro\/volvo\/product\/disc-frana-volvo-c30-533-d3-diesel-150-cai-maxgear-19-1266sport\/#primaryimage","url":"https:\/\/autorival.ro\/volvo\/wp-content\/uploads\/sites\/20\/2025\/07\/volvo0105-11205.png","contentUrl":"https:\/\/autorival.ro\/volvo\/wp-content\/uploads\/sites\/20\/2025\/07\/volvo0105-11205.png","width":400,"height":400},{"@type":"BreadcrumbList","@id":"https:\/\/autorival.ro\/volvo\/product\/disc-frana-volvo-c30-533-d3-diesel-150-cai-maxgear-19-1266sport\/#breadcrumb","itemListElement":[{"@type":"ListItem","position":1,"name":"Prima pagin\u0103","item":"https:\/\/autorival.ro\/volvo\/"},{"@type":"ListItem","position":2,"name":"Piese auto VOLVO","item":"https:\/\/autorival.ro\/volvo\/"},{"@type":"ListItem","position":3,"name":"Disc frana VOLVO C30 (533) D3 diesel 150 cai MAXGEAR 19-1266SPORT"}]},{"@type":"WebSite","@id":"https:\/\/autorival.ro\/volvo\/#website","url":"https:\/\/autorival.ro\/volvo\/","name":"VOLVO","description":"","potentialAction":[{"@type":"SearchAction","target":{"@type":"EntryPoint","urlTemplate":"https:\/\/autorival.ro\/volvo\/?s={search_term_string}"},"query-input":{"@type":"PropertyValueSpecification","valueRequired":true,"valueName":"search_term_string"}}],"inLanguage":"en-US"}]}},"_links":{"self":[{"href":"https:\/\/autorival.ro\/volvo\/wp-json\/wp\/v2\/product\/229592","targetHints":{"allow":["GET"]}}],"collection":[{"href":"https:\/\/autorival.ro\/volvo\/wp-json\/wp\/v2\/product"}],"about":[{"href":"https:\/\/autorival.ro\/volvo\/wp-json\/wp\/v2\/types\/product"}],"replies":[{"embeddable":true,"href":"https:\/\/autorival.ro\/volvo\/wp-json\/wp\/v2\/comments?post=229592"}],"wp:featuredmedia":[{"embeddable":true,"href":"https:\/\/autorival.ro\/volvo\/wp-json\/wp\/v2\/media\/229593"}],"wp:attachment":[{"href":"https:\/\/autorival.ro\/volvo\/wp-json\/wp\/v2\/media?parent=229592"}],"wp:term":[{"taxonomy":"product_brand","embeddable":true,"href":"https:\/\/autorival.ro\/volvo\/wp-json\/wp\/v2\/product_brand?post=229592"},{"taxonomy":"product_cat","embeddable":true,"href":"https:\/\/autorival.ro\/volvo\/wp-json\/wp\/v2\/product_cat?post=229592"},{"taxonomy":"product_tag","embeddable":true,"href":"https:\/\/autorival.ro\/volvo\/wp-json\/wp\/v2\/product_tag?post=229592"}],"curies":[{"name":"wp","href":"https:\/\/api.w.org\/{rel}","templated":true}]}}