{"id":184750,"date":"2025-07-26T01:37:01","date_gmt":"2025-07-26T01:37:01","guid":{"rendered":"https:\/\/autorival.ro\/volvo\/product\/chit-reparatie-brat-volvo-fm12-fm-12h-420-diesel-420-cai-lemforder-34610-01\/"},"modified":"2025-07-26T01:37:01","modified_gmt":"2025-07-26T01:37:01","slug":"chit-reparatie-brat-volvo-fm12-fm-12h-420-diesel-420-cai-lemforder-34610-01","status":"publish","type":"product","link":"https:\/\/autorival.ro\/volvo\/product\/chit-reparatie-brat-volvo-fm12-fm-12h-420-diesel-420-cai-lemforder-34610-01\/","title":{"rendered":"Chit reparatie brat VOLVO FM12 FM 12H\/420 diesel 420 cai LEMFORDER 34610 01"},"content":{"rendered":"<p>Partea de montare: puntea spate, partea de jos, amsamblu axa tandemTip consctructiv arc: arc foiSarcina pe punte (t): 26\u00cen\u0103l\u021bime de deplasare de la [mm]: 231, 251, 291, 331\u00cen\u0103l\u021bime de deplasare p\u00e2n\u0103 la [mm]: 250, 270, 310, 350Echipament vehicul: pentru vehicule cu ax\u0103 spate turnat\u0103Tip legatura: pentru brat longitudinalDistanta dintre gaurile de fixare [mm]: 130 ->Diametru alezaj 1 [mm]: 21 ->Diametru alezaj 2 [mm]: 21Tip montare: Lagar molecularArticol completare\/Info suplimentar 2: cu inel siguranta, cu bucsa distantiera<\/p>\n","protected":false},"excerpt":{"rendered":"<p>Producator: LEMFORDER Cod producator: 34610 01<\/p>\n","protected":false},"featured_media":184751,"comment_status":"open","ping_status":"closed","template":"","meta":[],"product_brand":[3955],"product_cat":[14504],"product_tag":[78167,78321,77647,78059,78329,77628],"class_list":{"0":"post-184750","1":"product","2":"type-product","3":"status-publish","4":"has-post-thumbnail","6":"product_brand-lemforder","7":"product_cat-chit-reparatie-brat-fm-12h-420-diesel-420","8":"product_tag-brat","9":"product_tag-chit","10":"product_tag-fm","11":"product_tag-lemforder","12":"product_tag-reparatie","13":"product_tag-volvo","15":"first","16":"instock","17":"shipping-taxable","18":"purchasable","19":"product-type-simple"},"yoast_head":"<!-- This site is optimized with the Yoast SEO plugin v27.3 - https:\/\/yoast.com\/product\/yoast-seo-wordpress\/ -->\n<title>Chit reparatie brat VOLVO FM12 FM 12H\/420 diesel 420 cai LEMFORDER 34610 01 VOLVO | LEMFORDER - Autorival<\/title>\n<meta name=\"description\" content=\"\u26a1 Chit reparatie brat VOLVO FM12 FM 12H\/420 diesel 420 cai LEMFORDER 34610 01 pentru VOLVO. \u2713 Cod: 34610 \u2713 Brand: LEMFORDER \u2713 \u00cen stoc \u2713 Livrare 24h \u2713 Garan\u021bie!\" \/>\n<meta name=\"robots\" content=\"index, follow, max-snippet:-1, max-image-preview:large, max-video-preview:-1\" \/>\n<meta property=\"og:locale\" content=\"en_US\" \/>\n<meta property=\"og:type\" content=\"article\" \/>\n<meta property=\"og:title\" content=\"Chit reparatie brat VOLVO FM12 FM 12H\/420 diesel 420 cai LEMFORDER 34610 01 VOLVO | LEMFORDER - Autorival\" \/>\n<meta property=\"og:description\" content=\"\u26a1 Chit reparatie brat VOLVO FM12 FM 12H\/420 diesel 420 cai LEMFORDER 34610 01 pentru VOLVO. \u2713 Cod: 34610 \u2713 Brand: LEMFORDER \u2713 \u00cen stoc \u2713 Livrare 24h \u2713 Garan\u021bie!\" \/>\n<meta property=\"og:url\" content=\"https:\/\/autorival.ro\/volvo\/product\/chit-reparatie-brat-volvo-fm12-fm-12h-420-diesel-420-cai-lemforder-34610-01\/\" \/>\n<meta property=\"og:site_name\" content=\"VOLVO\" \/>\n<meta property=\"og:image\" content=\"https:\/\/autorival.ro\/volvo\/wp-content\/uploads\/sites\/20\/2025\/07\/00353461001-58.jpg\" \/>\n\t<meta property=\"og:image:width\" content=\"588\" \/>\n\t<meta property=\"og:image:height\" content=\"600\" \/>\n\t<meta property=\"og:image:type\" content=\"image\/jpeg\" \/>\n<meta name=\"twitter:card\" content=\"summary_large_image\" \/>\n<meta name=\"twitter:title\" content=\"Chit reparatie brat VOLVO FM12 FM 12H\/420 diesel 420 cai LEMFORDER 34610 01 VOLVO | LEMFORDER - Autorival\" \/>\n<meta name=\"twitter:description\" content=\"\u26a1 Chit reparatie brat VOLVO FM12 FM 12H\/420 diesel 420 cai LEMFORDER 34610 01 pentru VOLVO. \u2713 Cod: 34610 \u2713 Brand: LEMFORDER \u2713 \u00cen stoc \u2713 Livrare 24h \u2713 Garan\u021bie!\" \/>\n<script type=\"application\/ld+json\" class=\"yoast-schema-graph\">{\"@context\":\"https:\\\/\\\/schema.org\",\"@graph\":[{\"@type\":\"WebPage\",\"@id\":\"https:\\\/\\\/autorival.ro\\\/volvo\\\/product\\\/chit-reparatie-brat-volvo-fm12-fm-12h-420-diesel-420-cai-lemforder-34610-01\\\/\",\"url\":\"https:\\\/\\\/autorival.ro\\\/volvo\\\/product\\\/chit-reparatie-brat-volvo-fm12-fm-12h-420-diesel-420-cai-lemforder-34610-01\\\/\",\"name\":\"Chit reparatie brat VOLVO FM12 FM 12H\\\/420 diesel 420 cai LEMFORDER 34610 01 VOLVO | LEMFORDER - Autorival\",\"isPartOf\":{\"@id\":\"https:\\\/\\\/autorival.ro\\\/volvo\\\/#website\"},\"primaryImageOfPage\":{\"@id\":\"https:\\\/\\\/autorival.ro\\\/volvo\\\/product\\\/chit-reparatie-brat-volvo-fm12-fm-12h-420-diesel-420-cai-lemforder-34610-01\\\/#primaryimage\"},\"image\":{\"@id\":\"https:\\\/\\\/autorival.ro\\\/volvo\\\/product\\\/chit-reparatie-brat-volvo-fm12-fm-12h-420-diesel-420-cai-lemforder-34610-01\\\/#primaryimage\"},\"thumbnailUrl\":\"https:\\\/\\\/autorival.ro\\\/volvo\\\/wp-content\\\/uploads\\\/sites\\\/20\\\/2025\\\/07\\\/00353461001-58.jpg\",\"datePublished\":\"2025-07-26T01:37:01+00:00\",\"description\":\"\u26a1 Chit reparatie brat VOLVO FM12 FM 12H\\\/420 diesel 420 cai LEMFORDER 34610 01 pentru VOLVO. \u2713 Cod: 34610 \u2713 Brand: LEMFORDER \u2713 \u00cen stoc \u2713 Livrare 24h \u2713 Garan\u021bie!\",\"breadcrumb\":{\"@id\":\"https:\\\/\\\/autorival.ro\\\/volvo\\\/product\\\/chit-reparatie-brat-volvo-fm12-fm-12h-420-diesel-420-cai-lemforder-34610-01\\\/#breadcrumb\"},\"inLanguage\":\"en-US\",\"potentialAction\":[{\"@type\":\"ReadAction\",\"target\":[\"https:\\\/\\\/autorival.ro\\\/volvo\\\/product\\\/chit-reparatie-brat-volvo-fm12-fm-12h-420-diesel-420-cai-lemforder-34610-01\\\/\"]}]},{\"@type\":\"ImageObject\",\"inLanguage\":\"en-US\",\"@id\":\"https:\\\/\\\/autorival.ro\\\/volvo\\\/product\\\/chit-reparatie-brat-volvo-fm12-fm-12h-420-diesel-420-cai-lemforder-34610-01\\\/#primaryimage\",\"url\":\"https:\\\/\\\/autorival.ro\\\/volvo\\\/wp-content\\\/uploads\\\/sites\\\/20\\\/2025\\\/07\\\/00353461001-58.jpg\",\"contentUrl\":\"https:\\\/\\\/autorival.ro\\\/volvo\\\/wp-content\\\/uploads\\\/sites\\\/20\\\/2025\\\/07\\\/00353461001-58.jpg\",\"width\":588,\"height\":600},{\"@type\":\"BreadcrumbList\",\"@id\":\"https:\\\/\\\/autorival.ro\\\/volvo\\\/product\\\/chit-reparatie-brat-volvo-fm12-fm-12h-420-diesel-420-cai-lemforder-34610-01\\\/#breadcrumb\",\"itemListElement\":[{\"@type\":\"ListItem\",\"position\":1,\"name\":\"Prima pagin\u0103\",\"item\":\"https:\\\/\\\/autorival.ro\\\/volvo\\\/\"},{\"@type\":\"ListItem\",\"position\":2,\"name\":\"Piese auto VOLVO\",\"item\":\"https:\\\/\\\/autorival.ro\\\/volvo\\\/\"},{\"@type\":\"ListItem\",\"position\":3,\"name\":\"Chit reparatie brat VOLVO FM12 FM 12H\\\/420 diesel 420 cai LEMFORDER 34610 01\"}]},{\"@type\":\"WebSite\",\"@id\":\"https:\\\/\\\/autorival.ro\\\/volvo\\\/#website\",\"url\":\"https:\\\/\\\/autorival.ro\\\/volvo\\\/\",\"name\":\"VOLVO\",\"description\":\"\",\"potentialAction\":[{\"@type\":\"SearchAction\",\"target\":{\"@type\":\"EntryPoint\",\"urlTemplate\":\"https:\\\/\\\/autorival.ro\\\/volvo\\\/?s={search_term_string}\"},\"query-input\":{\"@type\":\"PropertyValueSpecification\",\"valueRequired\":true,\"valueName\":\"search_term_string\"}}],\"inLanguage\":\"en-US\"}]}<\/script>\n<!-- \/ Yoast SEO plugin. -->","yoast_head_json":{"title":"Chit reparatie brat VOLVO FM12 FM 12H\/420 diesel 420 cai LEMFORDER 34610 01 VOLVO | LEMFORDER - Autorival","description":"\u26a1 Chit reparatie brat VOLVO FM12 FM 12H\/420 diesel 420 cai LEMFORDER 34610 01 pentru VOLVO. \u2713 Cod: 34610 \u2713 Brand: LEMFORDER \u2713 \u00cen stoc \u2713 Livrare 24h \u2713 Garan\u021bie!","robots":{"index":"index","follow":"follow","max-snippet":"max-snippet:-1","max-image-preview":"max-image-preview:large","max-video-preview":"max-video-preview:-1"},"og_locale":"en_US","og_type":"article","og_title":"Chit reparatie brat VOLVO FM12 FM 12H\/420 diesel 420 cai LEMFORDER 34610 01 VOLVO | LEMFORDER - Autorival","og_description":"\u26a1 Chit reparatie brat VOLVO FM12 FM 12H\/420 diesel 420 cai LEMFORDER 34610 01 pentru VOLVO. \u2713 Cod: 34610 \u2713 Brand: LEMFORDER \u2713 \u00cen stoc \u2713 Livrare 24h \u2713 Garan\u021bie!","og_url":"https:\/\/autorival.ro\/volvo\/product\/chit-reparatie-brat-volvo-fm12-fm-12h-420-diesel-420-cai-lemforder-34610-01\/","og_site_name":"VOLVO","og_image":[{"width":588,"height":600,"url":"https:\/\/autorival.ro\/volvo\/wp-content\/uploads\/sites\/20\/2025\/07\/00353461001-58.jpg","type":"image\/jpeg"}],"twitter_card":"summary_large_image","twitter_title":"Chit reparatie brat VOLVO FM12 FM 12H\/420 diesel 420 cai LEMFORDER 34610 01 VOLVO | LEMFORDER - Autorival","twitter_description":"\u26a1 Chit reparatie brat VOLVO FM12 FM 12H\/420 diesel 420 cai LEMFORDER 34610 01 pentru VOLVO. \u2713 Cod: 34610 \u2713 Brand: LEMFORDER \u2713 \u00cen stoc \u2713 Livrare 24h \u2713 Garan\u021bie!","schema":{"@context":"https:\/\/schema.org","@graph":[{"@type":"WebPage","@id":"https:\/\/autorival.ro\/volvo\/product\/chit-reparatie-brat-volvo-fm12-fm-12h-420-diesel-420-cai-lemforder-34610-01\/","url":"https:\/\/autorival.ro\/volvo\/product\/chit-reparatie-brat-volvo-fm12-fm-12h-420-diesel-420-cai-lemforder-34610-01\/","name":"Chit reparatie brat VOLVO FM12 FM 12H\/420 diesel 420 cai LEMFORDER 34610 01 VOLVO | LEMFORDER - Autorival","isPartOf":{"@id":"https:\/\/autorival.ro\/volvo\/#website"},"primaryImageOfPage":{"@id":"https:\/\/autorival.ro\/volvo\/product\/chit-reparatie-brat-volvo-fm12-fm-12h-420-diesel-420-cai-lemforder-34610-01\/#primaryimage"},"image":{"@id":"https:\/\/autorival.ro\/volvo\/product\/chit-reparatie-brat-volvo-fm12-fm-12h-420-diesel-420-cai-lemforder-34610-01\/#primaryimage"},"thumbnailUrl":"https:\/\/autorival.ro\/volvo\/wp-content\/uploads\/sites\/20\/2025\/07\/00353461001-58.jpg","datePublished":"2025-07-26T01:37:01+00:00","description":"\u26a1 Chit reparatie brat VOLVO FM12 FM 12H\/420 diesel 420 cai LEMFORDER 34610 01 pentru VOLVO. \u2713 Cod: 34610 \u2713 Brand: LEMFORDER \u2713 \u00cen stoc \u2713 Livrare 24h \u2713 Garan\u021bie!","breadcrumb":{"@id":"https:\/\/autorival.ro\/volvo\/product\/chit-reparatie-brat-volvo-fm12-fm-12h-420-diesel-420-cai-lemforder-34610-01\/#breadcrumb"},"inLanguage":"en-US","potentialAction":[{"@type":"ReadAction","target":["https:\/\/autorival.ro\/volvo\/product\/chit-reparatie-brat-volvo-fm12-fm-12h-420-diesel-420-cai-lemforder-34610-01\/"]}]},{"@type":"ImageObject","inLanguage":"en-US","@id":"https:\/\/autorival.ro\/volvo\/product\/chit-reparatie-brat-volvo-fm12-fm-12h-420-diesel-420-cai-lemforder-34610-01\/#primaryimage","url":"https:\/\/autorival.ro\/volvo\/wp-content\/uploads\/sites\/20\/2025\/07\/00353461001-58.jpg","contentUrl":"https:\/\/autorival.ro\/volvo\/wp-content\/uploads\/sites\/20\/2025\/07\/00353461001-58.jpg","width":588,"height":600},{"@type":"BreadcrumbList","@id":"https:\/\/autorival.ro\/volvo\/product\/chit-reparatie-brat-volvo-fm12-fm-12h-420-diesel-420-cai-lemforder-34610-01\/#breadcrumb","itemListElement":[{"@type":"ListItem","position":1,"name":"Prima pagin\u0103","item":"https:\/\/autorival.ro\/volvo\/"},{"@type":"ListItem","position":2,"name":"Piese auto VOLVO","item":"https:\/\/autorival.ro\/volvo\/"},{"@type":"ListItem","position":3,"name":"Chit reparatie brat VOLVO FM12 FM 12H\/420 diesel 420 cai LEMFORDER 34610 01"}]},{"@type":"WebSite","@id":"https:\/\/autorival.ro\/volvo\/#website","url":"https:\/\/autorival.ro\/volvo\/","name":"VOLVO","description":"","potentialAction":[{"@type":"SearchAction","target":{"@type":"EntryPoint","urlTemplate":"https:\/\/autorival.ro\/volvo\/?s={search_term_string}"},"query-input":{"@type":"PropertyValueSpecification","valueRequired":true,"valueName":"search_term_string"}}],"inLanguage":"en-US"}]}},"_links":{"self":[{"href":"https:\/\/autorival.ro\/volvo\/wp-json\/wp\/v2\/product\/184750","targetHints":{"allow":["GET"]}}],"collection":[{"href":"https:\/\/autorival.ro\/volvo\/wp-json\/wp\/v2\/product"}],"about":[{"href":"https:\/\/autorival.ro\/volvo\/wp-json\/wp\/v2\/types\/product"}],"replies":[{"embeddable":true,"href":"https:\/\/autorival.ro\/volvo\/wp-json\/wp\/v2\/comments?post=184750"}],"wp:featuredmedia":[{"embeddable":true,"href":"https:\/\/autorival.ro\/volvo\/wp-json\/wp\/v2\/media\/184751"}],"wp:attachment":[{"href":"https:\/\/autorival.ro\/volvo\/wp-json\/wp\/v2\/media?parent=184750"}],"wp:term":[{"taxonomy":"product_brand","embeddable":true,"href":"https:\/\/autorival.ro\/volvo\/wp-json\/wp\/v2\/product_brand?post=184750"},{"taxonomy":"product_cat","embeddable":true,"href":"https:\/\/autorival.ro\/volvo\/wp-json\/wp\/v2\/product_cat?post=184750"},{"taxonomy":"product_tag","embeddable":true,"href":"https:\/\/autorival.ro\/volvo\/wp-json\/wp\/v2\/product_tag?post=184750"}],"curies":[{"name":"wp","href":"https:\/\/api.w.org\/{rel}","templated":true}]}}