{"id":182904,"date":"2025-07-26T01:14:16","date_gmt":"2025-07-26T01:14:16","guid":{"rendered":"https:\/\/autorival.ro\/volvo\/product\/chit-reparatie-brat-volvo-fl6-fl-610-diesel-179-cai-qwp-whd391ss\/"},"modified":"2025-07-26T01:14:16","modified_gmt":"2025-07-26T01:14:16","slug":"chit-reparatie-brat-volvo-fl6-fl-610-diesel-179-cai-qwp-whd391ss","status":"publish","type":"product","link":"https:\/\/autorival.ro\/volvo\/product\/chit-reparatie-brat-volvo-fl6-fl-610-diesel-179-cai-qwp-whd391ss\/","title":{"rendered":"Chit reparatie brat VOLVO FL6 FL 610 diesel 179 cai QWP WHD391SS"},"content":{"rendered":"<p>->Lungime [mm]: 148,8 ->Diametru exterior [mm]: 75diametrul punctelor de fixare (mm): 17Tip legatura: pentru brat longitudinalPartea de montare: punte fata, ax\u0103 conduc\u0103toare nevirat\u0103Distanta intre gauri [mm]: 115 ->Greutate [kg]: 1,77Articol completare\/Info suplimentar 2: cu inel siguranta, cu saiba distantier<\/p>\n","protected":false},"excerpt":{"rendered":"<p>Producator: QWP Cod producator: WHD391SS<\/p>\n","protected":false},"featured_media":182905,"comment_status":"open","ping_status":"closed","template":"","meta":[],"product_brand":[671],"product_cat":[14358],"product_tag":[78167,78321,77639,77702,78329,77628,77956],"class_list":{"0":"post-182904","1":"product","2":"type-product","3":"status-publish","4":"has-post-thumbnail","6":"product_brand-qwp","7":"product_cat-chit-reparatie-brat-fl-610-diesel-179","8":"product_tag-brat","9":"product_tag-chit","10":"product_tag-fl","11":"product_tag-qwp","12":"product_tag-reparatie","13":"product_tag-volvo","14":"product_tag-whd","16":"first","17":"instock","18":"shipping-taxable","19":"purchasable","20":"product-type-simple"},"yoast_head":"<!-- This site is optimized with the Yoast SEO plugin v27.3 - https:\/\/yoast.com\/product\/yoast-seo-wordpress\/ -->\n<title>Chit reparatie brat VOLVO FL6 FL 610 diesel 179 cai QWP WHD391SS VOLVO | QWP - Autorival<\/title>\n<meta name=\"description\" content=\"\u26a1 Chit reparatie brat VOLVO FL6 FL 610 diesel 179 cai QWP WHD391SS pentru VOLVO. \u2713 Cod: WHD391SS \u2713 Brand: QWP \u2713 \u00cen stoc \u2713 Livrare 24h \u2713 Garan\u021bie!\" \/>\n<meta name=\"robots\" content=\"index, follow, max-snippet:-1, max-image-preview:large, max-video-preview:-1\" \/>\n<meta property=\"og:locale\" content=\"en_US\" \/>\n<meta property=\"og:type\" content=\"article\" \/>\n<meta property=\"og:title\" content=\"Chit reparatie brat VOLVO FL6 FL 610 diesel 179 cai QWP WHD391SS VOLVO | QWP - Autorival\" \/>\n<meta property=\"og:description\" content=\"\u26a1 Chit reparatie brat VOLVO FL6 FL 610 diesel 179 cai QWP WHD391SS pentru VOLVO. \u2713 Cod: WHD391SS \u2713 Brand: QWP \u2713 \u00cen stoc \u2713 Livrare 24h \u2713 Garan\u021bie!\" \/>\n<meta property=\"og:url\" content=\"https:\/\/autorival.ro\/volvo\/product\/chit-reparatie-brat-volvo-fl6-fl-610-diesel-179-cai-qwp-whd391ss\/\" \/>\n<meta property=\"og:site_name\" content=\"VOLVO\" \/>\n<meta property=\"og:image\" content=\"https:\/\/autorival.ro\/volvo\/wp-content\/uploads\/sites\/20\/2025\/07\/volvo0105-8676.png\" \/>\n\t<meta property=\"og:image:width\" content=\"400\" \/>\n\t<meta property=\"og:image:height\" content=\"400\" \/>\n\t<meta property=\"og:image:type\" content=\"image\/png\" \/>\n<meta name=\"twitter:card\" content=\"summary_large_image\" \/>\n<meta name=\"twitter:title\" content=\"Chit reparatie brat VOLVO FL6 FL 610 diesel 179 cai QWP WHD391SS VOLVO | QWP - Autorival\" \/>\n<meta name=\"twitter:description\" content=\"\u26a1 Chit reparatie brat VOLVO FL6 FL 610 diesel 179 cai QWP WHD391SS pentru VOLVO. \u2713 Cod: WHD391SS \u2713 Brand: QWP \u2713 \u00cen stoc \u2713 Livrare 24h \u2713 Garan\u021bie!\" \/>\n<script type=\"application\/ld+json\" class=\"yoast-schema-graph\">{\"@context\":\"https:\\\/\\\/schema.org\",\"@graph\":[{\"@type\":\"WebPage\",\"@id\":\"https:\\\/\\\/autorival.ro\\\/volvo\\\/product\\\/chit-reparatie-brat-volvo-fl6-fl-610-diesel-179-cai-qwp-whd391ss\\\/\",\"url\":\"https:\\\/\\\/autorival.ro\\\/volvo\\\/product\\\/chit-reparatie-brat-volvo-fl6-fl-610-diesel-179-cai-qwp-whd391ss\\\/\",\"name\":\"Chit reparatie brat VOLVO FL6 FL 610 diesel 179 cai QWP WHD391SS VOLVO | QWP - Autorival\",\"isPartOf\":{\"@id\":\"https:\\\/\\\/autorival.ro\\\/volvo\\\/#website\"},\"primaryImageOfPage\":{\"@id\":\"https:\\\/\\\/autorival.ro\\\/volvo\\\/product\\\/chit-reparatie-brat-volvo-fl6-fl-610-diesel-179-cai-qwp-whd391ss\\\/#primaryimage\"},\"image\":{\"@id\":\"https:\\\/\\\/autorival.ro\\\/volvo\\\/product\\\/chit-reparatie-brat-volvo-fl6-fl-610-diesel-179-cai-qwp-whd391ss\\\/#primaryimage\"},\"thumbnailUrl\":\"https:\\\/\\\/autorival.ro\\\/volvo\\\/wp-content\\\/uploads\\\/sites\\\/20\\\/2025\\\/07\\\/volvo0105-8676.png\",\"datePublished\":\"2025-07-26T01:14:16+00:00\",\"description\":\"\u26a1 Chit reparatie brat VOLVO FL6 FL 610 diesel 179 cai QWP WHD391SS pentru VOLVO. \u2713 Cod: WHD391SS \u2713 Brand: QWP \u2713 \u00cen stoc \u2713 Livrare 24h \u2713 Garan\u021bie!\",\"breadcrumb\":{\"@id\":\"https:\\\/\\\/autorival.ro\\\/volvo\\\/product\\\/chit-reparatie-brat-volvo-fl6-fl-610-diesel-179-cai-qwp-whd391ss\\\/#breadcrumb\"},\"inLanguage\":\"en-US\",\"potentialAction\":[{\"@type\":\"ReadAction\",\"target\":[\"https:\\\/\\\/autorival.ro\\\/volvo\\\/product\\\/chit-reparatie-brat-volvo-fl6-fl-610-diesel-179-cai-qwp-whd391ss\\\/\"]}]},{\"@type\":\"ImageObject\",\"inLanguage\":\"en-US\",\"@id\":\"https:\\\/\\\/autorival.ro\\\/volvo\\\/product\\\/chit-reparatie-brat-volvo-fl6-fl-610-diesel-179-cai-qwp-whd391ss\\\/#primaryimage\",\"url\":\"https:\\\/\\\/autorival.ro\\\/volvo\\\/wp-content\\\/uploads\\\/sites\\\/20\\\/2025\\\/07\\\/volvo0105-8676.png\",\"contentUrl\":\"https:\\\/\\\/autorival.ro\\\/volvo\\\/wp-content\\\/uploads\\\/sites\\\/20\\\/2025\\\/07\\\/volvo0105-8676.png\",\"width\":400,\"height\":400},{\"@type\":\"BreadcrumbList\",\"@id\":\"https:\\\/\\\/autorival.ro\\\/volvo\\\/product\\\/chit-reparatie-brat-volvo-fl6-fl-610-diesel-179-cai-qwp-whd391ss\\\/#breadcrumb\",\"itemListElement\":[{\"@type\":\"ListItem\",\"position\":1,\"name\":\"Prima pagin\u0103\",\"item\":\"https:\\\/\\\/autorival.ro\\\/volvo\\\/\"},{\"@type\":\"ListItem\",\"position\":2,\"name\":\"Piese auto VOLVO\",\"item\":\"https:\\\/\\\/autorival.ro\\\/volvo\\\/\"},{\"@type\":\"ListItem\",\"position\":3,\"name\":\"Chit reparatie brat VOLVO FL6 FL 610 diesel 179 cai QWP WHD391SS\"}]},{\"@type\":\"WebSite\",\"@id\":\"https:\\\/\\\/autorival.ro\\\/volvo\\\/#website\",\"url\":\"https:\\\/\\\/autorival.ro\\\/volvo\\\/\",\"name\":\"VOLVO\",\"description\":\"\",\"potentialAction\":[{\"@type\":\"SearchAction\",\"target\":{\"@type\":\"EntryPoint\",\"urlTemplate\":\"https:\\\/\\\/autorival.ro\\\/volvo\\\/?s={search_term_string}\"},\"query-input\":{\"@type\":\"PropertyValueSpecification\",\"valueRequired\":true,\"valueName\":\"search_term_string\"}}],\"inLanguage\":\"en-US\"}]}<\/script>\n<!-- \/ Yoast SEO plugin. -->","yoast_head_json":{"title":"Chit reparatie brat VOLVO FL6 FL 610 diesel 179 cai QWP WHD391SS VOLVO | QWP - Autorival","description":"\u26a1 Chit reparatie brat VOLVO FL6 FL 610 diesel 179 cai QWP WHD391SS pentru VOLVO. \u2713 Cod: WHD391SS \u2713 Brand: QWP \u2713 \u00cen stoc \u2713 Livrare 24h \u2713 Garan\u021bie!","robots":{"index":"index","follow":"follow","max-snippet":"max-snippet:-1","max-image-preview":"max-image-preview:large","max-video-preview":"max-video-preview:-1"},"og_locale":"en_US","og_type":"article","og_title":"Chit reparatie brat VOLVO FL6 FL 610 diesel 179 cai QWP WHD391SS VOLVO | QWP - Autorival","og_description":"\u26a1 Chit reparatie brat VOLVO FL6 FL 610 diesel 179 cai QWP WHD391SS pentru VOLVO. \u2713 Cod: WHD391SS \u2713 Brand: QWP \u2713 \u00cen stoc \u2713 Livrare 24h \u2713 Garan\u021bie!","og_url":"https:\/\/autorival.ro\/volvo\/product\/chit-reparatie-brat-volvo-fl6-fl-610-diesel-179-cai-qwp-whd391ss\/","og_site_name":"VOLVO","og_image":[{"width":400,"height":400,"url":"https:\/\/autorival.ro\/volvo\/wp-content\/uploads\/sites\/20\/2025\/07\/volvo0105-8676.png","type":"image\/png"}],"twitter_card":"summary_large_image","twitter_title":"Chit reparatie brat VOLVO FL6 FL 610 diesel 179 cai QWP WHD391SS VOLVO | QWP - Autorival","twitter_description":"\u26a1 Chit reparatie brat VOLVO FL6 FL 610 diesel 179 cai QWP WHD391SS pentru VOLVO. \u2713 Cod: WHD391SS \u2713 Brand: QWP \u2713 \u00cen stoc \u2713 Livrare 24h \u2713 Garan\u021bie!","schema":{"@context":"https:\/\/schema.org","@graph":[{"@type":"WebPage","@id":"https:\/\/autorival.ro\/volvo\/product\/chit-reparatie-brat-volvo-fl6-fl-610-diesel-179-cai-qwp-whd391ss\/","url":"https:\/\/autorival.ro\/volvo\/product\/chit-reparatie-brat-volvo-fl6-fl-610-diesel-179-cai-qwp-whd391ss\/","name":"Chit reparatie brat VOLVO FL6 FL 610 diesel 179 cai QWP WHD391SS VOLVO | QWP - Autorival","isPartOf":{"@id":"https:\/\/autorival.ro\/volvo\/#website"},"primaryImageOfPage":{"@id":"https:\/\/autorival.ro\/volvo\/product\/chit-reparatie-brat-volvo-fl6-fl-610-diesel-179-cai-qwp-whd391ss\/#primaryimage"},"image":{"@id":"https:\/\/autorival.ro\/volvo\/product\/chit-reparatie-brat-volvo-fl6-fl-610-diesel-179-cai-qwp-whd391ss\/#primaryimage"},"thumbnailUrl":"https:\/\/autorival.ro\/volvo\/wp-content\/uploads\/sites\/20\/2025\/07\/volvo0105-8676.png","datePublished":"2025-07-26T01:14:16+00:00","description":"\u26a1 Chit reparatie brat VOLVO FL6 FL 610 diesel 179 cai QWP WHD391SS pentru VOLVO. \u2713 Cod: WHD391SS \u2713 Brand: QWP \u2713 \u00cen stoc \u2713 Livrare 24h \u2713 Garan\u021bie!","breadcrumb":{"@id":"https:\/\/autorival.ro\/volvo\/product\/chit-reparatie-brat-volvo-fl6-fl-610-diesel-179-cai-qwp-whd391ss\/#breadcrumb"},"inLanguage":"en-US","potentialAction":[{"@type":"ReadAction","target":["https:\/\/autorival.ro\/volvo\/product\/chit-reparatie-brat-volvo-fl6-fl-610-diesel-179-cai-qwp-whd391ss\/"]}]},{"@type":"ImageObject","inLanguage":"en-US","@id":"https:\/\/autorival.ro\/volvo\/product\/chit-reparatie-brat-volvo-fl6-fl-610-diesel-179-cai-qwp-whd391ss\/#primaryimage","url":"https:\/\/autorival.ro\/volvo\/wp-content\/uploads\/sites\/20\/2025\/07\/volvo0105-8676.png","contentUrl":"https:\/\/autorival.ro\/volvo\/wp-content\/uploads\/sites\/20\/2025\/07\/volvo0105-8676.png","width":400,"height":400},{"@type":"BreadcrumbList","@id":"https:\/\/autorival.ro\/volvo\/product\/chit-reparatie-brat-volvo-fl6-fl-610-diesel-179-cai-qwp-whd391ss\/#breadcrumb","itemListElement":[{"@type":"ListItem","position":1,"name":"Prima pagin\u0103","item":"https:\/\/autorival.ro\/volvo\/"},{"@type":"ListItem","position":2,"name":"Piese auto VOLVO","item":"https:\/\/autorival.ro\/volvo\/"},{"@type":"ListItem","position":3,"name":"Chit reparatie brat VOLVO FL6 FL 610 diesel 179 cai QWP WHD391SS"}]},{"@type":"WebSite","@id":"https:\/\/autorival.ro\/volvo\/#website","url":"https:\/\/autorival.ro\/volvo\/","name":"VOLVO","description":"","potentialAction":[{"@type":"SearchAction","target":{"@type":"EntryPoint","urlTemplate":"https:\/\/autorival.ro\/volvo\/?s={search_term_string}"},"query-input":{"@type":"PropertyValueSpecification","valueRequired":true,"valueName":"search_term_string"}}],"inLanguage":"en-US"}]}},"_links":{"self":[{"href":"https:\/\/autorival.ro\/volvo\/wp-json\/wp\/v2\/product\/182904","targetHints":{"allow":["GET"]}}],"collection":[{"href":"https:\/\/autorival.ro\/volvo\/wp-json\/wp\/v2\/product"}],"about":[{"href":"https:\/\/autorival.ro\/volvo\/wp-json\/wp\/v2\/types\/product"}],"replies":[{"embeddable":true,"href":"https:\/\/autorival.ro\/volvo\/wp-json\/wp\/v2\/comments?post=182904"}],"wp:featuredmedia":[{"embeddable":true,"href":"https:\/\/autorival.ro\/volvo\/wp-json\/wp\/v2\/media\/182905"}],"wp:attachment":[{"href":"https:\/\/autorival.ro\/volvo\/wp-json\/wp\/v2\/media?parent=182904"}],"wp:term":[{"taxonomy":"product_brand","embeddable":true,"href":"https:\/\/autorival.ro\/volvo\/wp-json\/wp\/v2\/product_brand?post=182904"},{"taxonomy":"product_cat","embeddable":true,"href":"https:\/\/autorival.ro\/volvo\/wp-json\/wp\/v2\/product_cat?post=182904"},{"taxonomy":"product_tag","embeddable":true,"href":"https:\/\/autorival.ro\/volvo\/wp-json\/wp\/v2\/product_tag?post=182904"}],"curies":[{"name":"wp","href":"https:\/\/api.w.org\/{rel}","templated":true}]}}