{"id":2005374,"date":"2026-02-10T03:15:59","date_gmt":"2026-02-10T03:15:59","guid":{"rendered":"https:\/\/autorival.ro\/toyot\/produs\/etrier-frana-toyota-yaris-_p9_-1-3-vvt-i-scp90_-scp90r-benzina-87-cai-dri-3297010\/"},"modified":"2026-02-10T03:15:59","modified_gmt":"2026-02-10T03:15:59","slug":"etrier-frana-toyota-yaris-_p9_-1-3-vvt-i-scp90_-scp90r-benzina-87-cai-dri-3297010","status":"publish","type":"product","link":"https:\/\/autorival.ro\/toyot\/produs\/etrier-frana-toyota-yaris-_p9_-1-3-vvt-i-scp90_-scp90r-benzina-87-cai-dri-3297010\/","title":{"rendered":"Etrier frana TOYOTA YARIS (_P9_) 1.3 VVT-i (SCP90_, SCP90R) benzina 87 cai DRI 3297010"},"content":{"rendered":"<p>Partea de montare: punte fatapentru codul seriei de modele: YarisNumar articol par: 3197010Partea de montare: Axa fata dreapta, in fata osieiRestrictiile producatorului: ATETip etrier fr\u00e2na: etrier flotant, Etrier de fr\u00e2n\u0103 (1 piston)Diametrul pistonului [mm]: 54pentru grosime disc frana [mm]: 22Tip disc fr\u00e2na: ventilatpentru diametru disc frana [mm]: 258Material: FontaGreutate neta [kg]: 2,5<\/p>\n","protected":false},"excerpt":{"rendered":"<p>Producator: DRI Cod producator: 3297010<\/p>\n","protected":false},"featured_media":2005375,"comment_status":"open","ping_status":"closed","template":"","meta":[],"product_brand":[1316],"product_cat":[38327],"product_tag":[],"class_list":{"0":"post-2005374","1":"product","2":"type-product","3":"status-publish","4":"has-post-thumbnail","6":"product_brand-dri","7":"product_cat-etrier-frana-p9-1-3-vvt-i-scp90-benzina-87","9":"first","10":"instock","11":"shipping-taxable","12":"purchasable","13":"product-type-simple"},"yoast_head":"<!-- This site is optimized with the Yoast SEO plugin v27.4 - https:\/\/yoast.com\/product\/yoast-seo-wordpress\/ -->\n<title>Etrier frana TOYOTA YARIS (_P9_) 1.3 VVT-i (SCP90_, SCP90R) benzina 87 cai DRI 3297010 Toyota | DRI - Autorival<\/title>\n<meta name=\"description\" content=\"\u26a1 Etrier frana TOYOTA YARIS (_P9_) 1.3 VVT-i (SCP90_, SCP90R) benzina 87 cai DRI 3297010 pentru Toyota. \u2713 Cod: 3297010 \u2713 Brand: DRI \u2713 \u00cen stoc \u2713 Livrare 24h \u2713 Garan\u021bie!\" \/>\n<meta name=\"robots\" content=\"index, follow, max-snippet:-1, max-image-preview:large, max-video-preview:-1\" \/>\n<meta property=\"og:locale\" content=\"ro_RO\" \/>\n<meta property=\"og:type\" content=\"article\" \/>\n<meta property=\"og:title\" content=\"Etrier frana TOYOTA YARIS (_P9_) 1.3 VVT-i (SCP90_, SCP90R) benzina 87 cai DRI 3297010 Toyota | DRI - Autorival\" \/>\n<meta property=\"og:description\" content=\"\u26a1 Etrier frana TOYOTA YARIS (_P9_) 1.3 VVT-i (SCP90_, SCP90R) benzina 87 cai DRI 3297010 pentru Toyota. \u2713 Cod: 3297010 \u2713 Brand: DRI \u2713 \u00cen stoc \u2713 Livrare 24h \u2713 Garan\u021bie!\" \/>\n<meta property=\"og:url\" content=\"https:\/\/autorival.ro\/toyot\/produs\/etrier-frana-toyota-yaris-_p9_-1-3-vvt-i-scp90_-scp90r-benzina-87-cai-dri-3297010\/\" \/>\n<meta property=\"og:site_name\" content=\"Toyota\" \/>\n<meta property=\"og:image\" content=\"https:\/\/autorival.ro\/toyot\/wp-content\/uploads\/sites\/29\/2026\/02\/xr_06-04685-5.jpg\" \/>\n\t<meta property=\"og:image:width\" content=\"2500\" \/>\n\t<meta property=\"og:image:height\" content=\"898\" \/>\n\t<meta property=\"og:image:type\" content=\"image\/jpeg\" \/>\n<meta name=\"twitter:card\" content=\"summary_large_image\" \/>\n<meta name=\"twitter:title\" content=\"Etrier frana TOYOTA YARIS (_P9_) 1.3 VVT-i (SCP90_, SCP90R) benzina 87 cai DRI 3297010 Toyota | DRI - Autorival\" \/>\n<meta name=\"twitter:description\" content=\"\u26a1 Etrier frana TOYOTA YARIS (_P9_) 1.3 VVT-i (SCP90_, SCP90R) benzina 87 cai DRI 3297010 pentru Toyota. \u2713 Cod: 3297010 \u2713 Brand: DRI \u2713 \u00cen stoc \u2713 Livrare 24h \u2713 Garan\u021bie!\" \/>\n<script type=\"application\/ld+json\" class=\"yoast-schema-graph\">{\"@context\":\"https:\\\/\\\/schema.org\",\"@graph\":[{\"@type\":\"WebPage\",\"@id\":\"https:\\\/\\\/autorival.ro\\\/toyot\\\/produs\\\/etrier-frana-toyota-yaris-_p9_-1-3-vvt-i-scp90_-scp90r-benzina-87-cai-dri-3297010\\\/\",\"url\":\"https:\\\/\\\/autorival.ro\\\/toyot\\\/produs\\\/etrier-frana-toyota-yaris-_p9_-1-3-vvt-i-scp90_-scp90r-benzina-87-cai-dri-3297010\\\/\",\"name\":\"Etrier frana TOYOTA YARIS (_P9_) 1.3 VVT-i (SCP90_, SCP90R) benzina 87 cai DRI 3297010 Toyota | DRI - Autorival\",\"isPartOf\":{\"@id\":\"https:\\\/\\\/autorival.ro\\\/toyot\\\/#website\"},\"primaryImageOfPage\":{\"@id\":\"https:\\\/\\\/autorival.ro\\\/toyot\\\/produs\\\/etrier-frana-toyota-yaris-_p9_-1-3-vvt-i-scp90_-scp90r-benzina-87-cai-dri-3297010\\\/#primaryimage\"},\"image\":{\"@id\":\"https:\\\/\\\/autorival.ro\\\/toyot\\\/produs\\\/etrier-frana-toyota-yaris-_p9_-1-3-vvt-i-scp90_-scp90r-benzina-87-cai-dri-3297010\\\/#primaryimage\"},\"thumbnailUrl\":\"https:\\\/\\\/autorival.ro\\\/toyot\\\/wp-content\\\/uploads\\\/sites\\\/29\\\/2026\\\/02\\\/xr_06-04685-5.jpg\",\"datePublished\":\"2026-02-10T03:15:59+00:00\",\"description\":\"\u26a1 Etrier frana TOYOTA YARIS (_P9_) 1.3 VVT-i (SCP90_, SCP90R) benzina 87 cai DRI 3297010 pentru Toyota. \u2713 Cod: 3297010 \u2713 Brand: DRI \u2713 \u00cen stoc \u2713 Livrare 24h \u2713 Garan\u021bie!\",\"breadcrumb\":{\"@id\":\"https:\\\/\\\/autorival.ro\\\/toyot\\\/produs\\\/etrier-frana-toyota-yaris-_p9_-1-3-vvt-i-scp90_-scp90r-benzina-87-cai-dri-3297010\\\/#breadcrumb\"},\"inLanguage\":\"ro-RO\",\"potentialAction\":[{\"@type\":\"ReadAction\",\"target\":[\"https:\\\/\\\/autorival.ro\\\/toyot\\\/produs\\\/etrier-frana-toyota-yaris-_p9_-1-3-vvt-i-scp90_-scp90r-benzina-87-cai-dri-3297010\\\/\"]}]},{\"@type\":\"ImageObject\",\"inLanguage\":\"ro-RO\",\"@id\":\"https:\\\/\\\/autorival.ro\\\/toyot\\\/produs\\\/etrier-frana-toyota-yaris-_p9_-1-3-vvt-i-scp90_-scp90r-benzina-87-cai-dri-3297010\\\/#primaryimage\",\"url\":\"https:\\\/\\\/autorival.ro\\\/toyot\\\/wp-content\\\/uploads\\\/sites\\\/29\\\/2026\\\/02\\\/xr_06-04685-5.jpg\",\"contentUrl\":\"https:\\\/\\\/autorival.ro\\\/toyot\\\/wp-content\\\/uploads\\\/sites\\\/29\\\/2026\\\/02\\\/xr_06-04685-5.jpg\",\"width\":2500,\"height\":898},{\"@type\":\"BreadcrumbList\",\"@id\":\"https:\\\/\\\/autorival.ro\\\/toyot\\\/produs\\\/etrier-frana-toyota-yaris-_p9_-1-3-vvt-i-scp90_-scp90r-benzina-87-cai-dri-3297010\\\/#breadcrumb\",\"itemListElement\":[{\"@type\":\"ListItem\",\"position\":1,\"name\":\"Prima pagin\u0103\",\"item\":\"https:\\\/\\\/autorival.ro\\\/toyot\\\/\"},{\"@type\":\"ListItem\",\"position\":2,\"name\":\"TOYOTA\",\"item\":\"https:\\\/\\\/autorival.ro\\\/toyot\\\/\"},{\"@type\":\"ListItem\",\"position\":3,\"name\":\"Etrier frana TOYOTA YARIS (_P9_) 1.3 VVT-i (SCP90_, SCP90R) benzina 87 cai DRI 3297010\"}]},{\"@type\":\"WebSite\",\"@id\":\"https:\\\/\\\/autorival.ro\\\/toyot\\\/#website\",\"url\":\"https:\\\/\\\/autorival.ro\\\/toyot\\\/\",\"name\":\"Toyota\",\"description\":\"\",\"potentialAction\":[{\"@type\":\"SearchAction\",\"target\":{\"@type\":\"EntryPoint\",\"urlTemplate\":\"https:\\\/\\\/autorival.ro\\\/toyot\\\/?s={search_term_string}\"},\"query-input\":{\"@type\":\"PropertyValueSpecification\",\"valueRequired\":true,\"valueName\":\"search_term_string\"}}],\"inLanguage\":\"ro-RO\"}]}<\/script>\n<!-- \/ Yoast SEO plugin. -->","yoast_head_json":{"title":"Etrier frana TOYOTA YARIS (_P9_) 1.3 VVT-i (SCP90_, SCP90R) benzina 87 cai DRI 3297010 Toyota | DRI - Autorival","description":"\u26a1 Etrier frana TOYOTA YARIS (_P9_) 1.3 VVT-i (SCP90_, SCP90R) benzina 87 cai DRI 3297010 pentru Toyota. \u2713 Cod: 3297010 \u2713 Brand: DRI \u2713 \u00cen stoc \u2713 Livrare 24h \u2713 Garan\u021bie!","robots":{"index":"index","follow":"follow","max-snippet":"max-snippet:-1","max-image-preview":"max-image-preview:large","max-video-preview":"max-video-preview:-1"},"og_locale":"ro_RO","og_type":"article","og_title":"Etrier frana TOYOTA YARIS (_P9_) 1.3 VVT-i (SCP90_, SCP90R) benzina 87 cai DRI 3297010 Toyota | DRI - Autorival","og_description":"\u26a1 Etrier frana TOYOTA YARIS (_P9_) 1.3 VVT-i (SCP90_, SCP90R) benzina 87 cai DRI 3297010 pentru Toyota. \u2713 Cod: 3297010 \u2713 Brand: DRI \u2713 \u00cen stoc \u2713 Livrare 24h \u2713 Garan\u021bie!","og_url":"https:\/\/autorival.ro\/toyot\/produs\/etrier-frana-toyota-yaris-_p9_-1-3-vvt-i-scp90_-scp90r-benzina-87-cai-dri-3297010\/","og_site_name":"Toyota","og_image":[{"width":2500,"height":898,"url":"https:\/\/autorival.ro\/toyot\/wp-content\/uploads\/sites\/29\/2026\/02\/xr_06-04685-5.jpg","type":"image\/jpeg"}],"twitter_card":"summary_large_image","twitter_title":"Etrier frana TOYOTA YARIS (_P9_) 1.3 VVT-i (SCP90_, SCP90R) benzina 87 cai DRI 3297010 Toyota | DRI - Autorival","twitter_description":"\u26a1 Etrier frana TOYOTA YARIS (_P9_) 1.3 VVT-i (SCP90_, SCP90R) benzina 87 cai DRI 3297010 pentru Toyota. \u2713 Cod: 3297010 \u2713 Brand: DRI \u2713 \u00cen stoc \u2713 Livrare 24h \u2713 Garan\u021bie!","schema":{"@context":"https:\/\/schema.org","@graph":[{"@type":"WebPage","@id":"https:\/\/autorival.ro\/toyot\/produs\/etrier-frana-toyota-yaris-_p9_-1-3-vvt-i-scp90_-scp90r-benzina-87-cai-dri-3297010\/","url":"https:\/\/autorival.ro\/toyot\/produs\/etrier-frana-toyota-yaris-_p9_-1-3-vvt-i-scp90_-scp90r-benzina-87-cai-dri-3297010\/","name":"Etrier frana TOYOTA YARIS (_P9_) 1.3 VVT-i (SCP90_, SCP90R) benzina 87 cai DRI 3297010 Toyota | DRI - Autorival","isPartOf":{"@id":"https:\/\/autorival.ro\/toyot\/#website"},"primaryImageOfPage":{"@id":"https:\/\/autorival.ro\/toyot\/produs\/etrier-frana-toyota-yaris-_p9_-1-3-vvt-i-scp90_-scp90r-benzina-87-cai-dri-3297010\/#primaryimage"},"image":{"@id":"https:\/\/autorival.ro\/toyot\/produs\/etrier-frana-toyota-yaris-_p9_-1-3-vvt-i-scp90_-scp90r-benzina-87-cai-dri-3297010\/#primaryimage"},"thumbnailUrl":"https:\/\/autorival.ro\/toyot\/wp-content\/uploads\/sites\/29\/2026\/02\/xr_06-04685-5.jpg","datePublished":"2026-02-10T03:15:59+00:00","description":"\u26a1 Etrier frana TOYOTA YARIS (_P9_) 1.3 VVT-i (SCP90_, SCP90R) benzina 87 cai DRI 3297010 pentru Toyota. \u2713 Cod: 3297010 \u2713 Brand: DRI \u2713 \u00cen stoc \u2713 Livrare 24h \u2713 Garan\u021bie!","breadcrumb":{"@id":"https:\/\/autorival.ro\/toyot\/produs\/etrier-frana-toyota-yaris-_p9_-1-3-vvt-i-scp90_-scp90r-benzina-87-cai-dri-3297010\/#breadcrumb"},"inLanguage":"ro-RO","potentialAction":[{"@type":"ReadAction","target":["https:\/\/autorival.ro\/toyot\/produs\/etrier-frana-toyota-yaris-_p9_-1-3-vvt-i-scp90_-scp90r-benzina-87-cai-dri-3297010\/"]}]},{"@type":"ImageObject","inLanguage":"ro-RO","@id":"https:\/\/autorival.ro\/toyot\/produs\/etrier-frana-toyota-yaris-_p9_-1-3-vvt-i-scp90_-scp90r-benzina-87-cai-dri-3297010\/#primaryimage","url":"https:\/\/autorival.ro\/toyot\/wp-content\/uploads\/sites\/29\/2026\/02\/xr_06-04685-5.jpg","contentUrl":"https:\/\/autorival.ro\/toyot\/wp-content\/uploads\/sites\/29\/2026\/02\/xr_06-04685-5.jpg","width":2500,"height":898},{"@type":"BreadcrumbList","@id":"https:\/\/autorival.ro\/toyot\/produs\/etrier-frana-toyota-yaris-_p9_-1-3-vvt-i-scp90_-scp90r-benzina-87-cai-dri-3297010\/#breadcrumb","itemListElement":[{"@type":"ListItem","position":1,"name":"Prima pagin\u0103","item":"https:\/\/autorival.ro\/toyot\/"},{"@type":"ListItem","position":2,"name":"TOYOTA","item":"https:\/\/autorival.ro\/toyot\/"},{"@type":"ListItem","position":3,"name":"Etrier frana TOYOTA YARIS (_P9_) 1.3 VVT-i (SCP90_, SCP90R) benzina 87 cai DRI 3297010"}]},{"@type":"WebSite","@id":"https:\/\/autorival.ro\/toyot\/#website","url":"https:\/\/autorival.ro\/toyot\/","name":"Toyota","description":"","potentialAction":[{"@type":"SearchAction","target":{"@type":"EntryPoint","urlTemplate":"https:\/\/autorival.ro\/toyot\/?s={search_term_string}"},"query-input":{"@type":"PropertyValueSpecification","valueRequired":true,"valueName":"search_term_string"}}],"inLanguage":"ro-RO"}]}},"_links":{"self":[{"href":"https:\/\/autorival.ro\/toyot\/wp-json\/wp\/v2\/product\/2005374","targetHints":{"allow":["GET"]}}],"collection":[{"href":"https:\/\/autorival.ro\/toyot\/wp-json\/wp\/v2\/product"}],"about":[{"href":"https:\/\/autorival.ro\/toyot\/wp-json\/wp\/v2\/types\/product"}],"replies":[{"embeddable":true,"href":"https:\/\/autorival.ro\/toyot\/wp-json\/wp\/v2\/comments?post=2005374"}],"wp:featuredmedia":[{"embeddable":true,"href":"https:\/\/autorival.ro\/toyot\/wp-json\/wp\/v2\/media\/2005375"}],"wp:attachment":[{"href":"https:\/\/autorival.ro\/toyot\/wp-json\/wp\/v2\/media?parent=2005374"}],"wp:term":[{"taxonomy":"product_brand","embeddable":true,"href":"https:\/\/autorival.ro\/toyot\/wp-json\/wp\/v2\/product_brand?post=2005374"},{"taxonomy":"product_cat","embeddable":true,"href":"https:\/\/autorival.ro\/toyot\/wp-json\/wp\/v2\/product_cat?post=2005374"},{"taxonomy":"product_tag","embeddable":true,"href":"https:\/\/autorival.ro\/toyot\/wp-json\/wp\/v2\/product_tag?post=2005374"}],"curies":[{"name":"wp","href":"https:\/\/api.w.org\/{rel}","templated":true}]}}