{"id":1986712,"date":"2026-02-09T17:06:16","date_gmt":"2026-02-09T17:06:16","guid":{"rendered":"https:\/\/autorival.ro\/toyot\/produs\/electromotor-toyota-proace-verso-bus-mpy_-2-0-d4d-mpy6-mpy5-diesel-177-cai-denkai-dk77752\/"},"modified":"2026-02-09T17:06:16","modified_gmt":"2026-02-09T17:06:16","slug":"electromotor-toyota-proace-verso-bus-mpy_-2-0-d4d-mpy6-mpy5-diesel-177-cai-denkai-dk77752","status":"publish","type":"product","link":"https:\/\/autorival.ro\/toyot\/produs\/electromotor-toyota-proace-verso-bus-mpy_-2-0-d4d-mpy6-mpy5-diesel-177-cai-denkai-dk77752\/","title":{"rendered":"Electromotor TOYOTA PROACE VERSO bus (MPY_) 2.0 D4d (MPY6, MPY5) diesel 177 cai DENKAI DK77752"},"content":{"rendered":"<p>Restrictiile producatorului: VALEOPutere electromotor [kW]: 2,5Tensiune [V]: 12Numarul gaurilor de fixare: 5Directia de rotatie: rotatie contrar acelor de ceasornicNumar dinti: 11Versiune: D8R28Calitate: STANDARD LINEPies\u0103 nou\u0103 f\u0103r\u0103 gaj<\/p>\n","protected":false},"excerpt":{"rendered":"<p>Producator: DENKAI Cod producator: DK77752<\/p>\n","protected":false},"featured_media":1986713,"comment_status":"open","ping_status":"closed","template":"","meta":[],"product_brand":[1332],"product_cat":[37370],"product_tag":[],"class_list":{"0":"post-1986712","1":"product","2":"type-product","3":"status-publish","4":"has-post-thumbnail","6":"product_brand-denkai","7":"product_cat-electromotor-mpy-2-0-d4d-mpy6-mpy5-diesel-177","9":"first","10":"instock","11":"shipping-taxable","12":"purchasable","13":"product-type-simple"},"yoast_head":"<!-- This site is optimized with the Yoast SEO plugin v27.4 - https:\/\/yoast.com\/product\/yoast-seo-wordpress\/ -->\n<title>Electromotor TOYOTA PROACE VERSO bus (MPY_) 2.0 D4d (MPY6, MPY5) diesel 177 cai DENKAI DK77752 Toyota | DENKAI - Autorival<\/title>\n<meta name=\"description\" content=\"\u26a1 Electromotor TOYOTA PROACE VERSO bus (MPY_) 2.0 D4d (MPY6, MPY5) diesel 177 cai DENKAI DK77752 pentru Toyota. \u2713 Cod: DK77752 \u2713 Brand: DENKAI \u2713 \u00cen stoc \u2713 Livrare 24h \u2713 Garan\u021bie!\" \/>\n<meta name=\"robots\" content=\"index, follow, max-snippet:-1, max-image-preview:large, max-video-preview:-1\" \/>\n<meta property=\"og:locale\" content=\"ro_RO\" \/>\n<meta property=\"og:type\" content=\"article\" \/>\n<meta property=\"og:title\" content=\"Electromotor TOYOTA PROACE VERSO bus (MPY_) 2.0 D4d (MPY6, MPY5) diesel 177 cai DENKAI DK77752 Toyota | DENKAI - Autorival\" \/>\n<meta property=\"og:description\" content=\"\u26a1 Electromotor TOYOTA PROACE VERSO bus (MPY_) 2.0 D4d (MPY6, MPY5) diesel 177 cai DENKAI DK77752 pentru Toyota. \u2713 Cod: DK77752 \u2713 Brand: DENKAI \u2713 \u00cen stoc \u2713 Livrare 24h \u2713 Garan\u021bie!\" \/>\n<meta property=\"og:url\" content=\"https:\/\/autorival.ro\/toyot\/produs\/electromotor-toyota-proace-verso-bus-mpy_-2-0-d4d-mpy6-mpy5-diesel-177-cai-denkai-dk77752\/\" \/>\n<meta property=\"og:site_name\" content=\"Toyota\" \/>\n<meta property=\"og:image\" content=\"https:\/\/autorival.ro\/toyot\/wp-content\/uploads\/sites\/29\/2026\/02\/no-photo-4795.jpg\" \/>\n\t<meta property=\"og:image:width\" content=\"1024\" \/>\n\t<meta property=\"og:image:height\" content=\"1024\" \/>\n\t<meta property=\"og:image:type\" content=\"image\/jpeg\" \/>\n<meta name=\"twitter:card\" content=\"summary_large_image\" \/>\n<meta name=\"twitter:title\" content=\"Electromotor TOYOTA PROACE VERSO bus (MPY_) 2.0 D4d (MPY6, MPY5) diesel 177 cai DENKAI DK77752 Toyota | DENKAI - Autorival\" \/>\n<meta name=\"twitter:description\" content=\"\u26a1 Electromotor TOYOTA PROACE VERSO bus (MPY_) 2.0 D4d (MPY6, MPY5) diesel 177 cai DENKAI DK77752 pentru Toyota. \u2713 Cod: DK77752 \u2713 Brand: DENKAI \u2713 \u00cen stoc \u2713 Livrare 24h \u2713 Garan\u021bie!\" \/>\n<script type=\"application\/ld+json\" class=\"yoast-schema-graph\">{\"@context\":\"https:\\\/\\\/schema.org\",\"@graph\":[{\"@type\":\"WebPage\",\"@id\":\"https:\\\/\\\/autorival.ro\\\/toyot\\\/produs\\\/electromotor-toyota-proace-verso-bus-mpy_-2-0-d4d-mpy6-mpy5-diesel-177-cai-denkai-dk77752\\\/\",\"url\":\"https:\\\/\\\/autorival.ro\\\/toyot\\\/produs\\\/electromotor-toyota-proace-verso-bus-mpy_-2-0-d4d-mpy6-mpy5-diesel-177-cai-denkai-dk77752\\\/\",\"name\":\"Electromotor TOYOTA PROACE VERSO bus (MPY_) 2.0 D4d (MPY6, MPY5) diesel 177 cai DENKAI DK77752 Toyota | DENKAI - Autorival\",\"isPartOf\":{\"@id\":\"https:\\\/\\\/autorival.ro\\\/toyot\\\/#website\"},\"primaryImageOfPage\":{\"@id\":\"https:\\\/\\\/autorival.ro\\\/toyot\\\/produs\\\/electromotor-toyota-proace-verso-bus-mpy_-2-0-d4d-mpy6-mpy5-diesel-177-cai-denkai-dk77752\\\/#primaryimage\"},\"image\":{\"@id\":\"https:\\\/\\\/autorival.ro\\\/toyot\\\/produs\\\/electromotor-toyota-proace-verso-bus-mpy_-2-0-d4d-mpy6-mpy5-diesel-177-cai-denkai-dk77752\\\/#primaryimage\"},\"thumbnailUrl\":\"https:\\\/\\\/autorival.ro\\\/toyot\\\/wp-content\\\/uploads\\\/sites\\\/29\\\/2026\\\/02\\\/no-photo-4795.jpg\",\"datePublished\":\"2026-02-09T17:06:16+00:00\",\"description\":\"\u26a1 Electromotor TOYOTA PROACE VERSO bus (MPY_) 2.0 D4d (MPY6, MPY5) diesel 177 cai DENKAI DK77752 pentru Toyota. \u2713 Cod: DK77752 \u2713 Brand: DENKAI \u2713 \u00cen stoc \u2713 Livrare 24h \u2713 Garan\u021bie!\",\"breadcrumb\":{\"@id\":\"https:\\\/\\\/autorival.ro\\\/toyot\\\/produs\\\/electromotor-toyota-proace-verso-bus-mpy_-2-0-d4d-mpy6-mpy5-diesel-177-cai-denkai-dk77752\\\/#breadcrumb\"},\"inLanguage\":\"ro-RO\",\"potentialAction\":[{\"@type\":\"ReadAction\",\"target\":[\"https:\\\/\\\/autorival.ro\\\/toyot\\\/produs\\\/electromotor-toyota-proace-verso-bus-mpy_-2-0-d4d-mpy6-mpy5-diesel-177-cai-denkai-dk77752\\\/\"]}]},{\"@type\":\"ImageObject\",\"inLanguage\":\"ro-RO\",\"@id\":\"https:\\\/\\\/autorival.ro\\\/toyot\\\/produs\\\/electromotor-toyota-proace-verso-bus-mpy_-2-0-d4d-mpy6-mpy5-diesel-177-cai-denkai-dk77752\\\/#primaryimage\",\"url\":\"https:\\\/\\\/autorival.ro\\\/toyot\\\/wp-content\\\/uploads\\\/sites\\\/29\\\/2026\\\/02\\\/no-photo-4795.jpg\",\"contentUrl\":\"https:\\\/\\\/autorival.ro\\\/toyot\\\/wp-content\\\/uploads\\\/sites\\\/29\\\/2026\\\/02\\\/no-photo-4795.jpg\",\"width\":1024,\"height\":1024},{\"@type\":\"BreadcrumbList\",\"@id\":\"https:\\\/\\\/autorival.ro\\\/toyot\\\/produs\\\/electromotor-toyota-proace-verso-bus-mpy_-2-0-d4d-mpy6-mpy5-diesel-177-cai-denkai-dk77752\\\/#breadcrumb\",\"itemListElement\":[{\"@type\":\"ListItem\",\"position\":1,\"name\":\"Prima pagin\u0103\",\"item\":\"https:\\\/\\\/autorival.ro\\\/toyot\\\/\"},{\"@type\":\"ListItem\",\"position\":2,\"name\":\"TOYOTA\",\"item\":\"https:\\\/\\\/autorival.ro\\\/toyot\\\/\"},{\"@type\":\"ListItem\",\"position\":3,\"name\":\"Electromotor TOYOTA PROACE VERSO bus (MPY_) 2.0 D4d (MPY6, MPY5) diesel 177 cai DENKAI DK77752\"}]},{\"@type\":\"WebSite\",\"@id\":\"https:\\\/\\\/autorival.ro\\\/toyot\\\/#website\",\"url\":\"https:\\\/\\\/autorival.ro\\\/toyot\\\/\",\"name\":\"Toyota\",\"description\":\"\",\"potentialAction\":[{\"@type\":\"SearchAction\",\"target\":{\"@type\":\"EntryPoint\",\"urlTemplate\":\"https:\\\/\\\/autorival.ro\\\/toyot\\\/?s={search_term_string}\"},\"query-input\":{\"@type\":\"PropertyValueSpecification\",\"valueRequired\":true,\"valueName\":\"search_term_string\"}}],\"inLanguage\":\"ro-RO\"}]}<\/script>\n<!-- \/ Yoast SEO plugin. -->","yoast_head_json":{"title":"Electromotor TOYOTA PROACE VERSO bus (MPY_) 2.0 D4d (MPY6, MPY5) diesel 177 cai DENKAI DK77752 Toyota | DENKAI - Autorival","description":"\u26a1 Electromotor TOYOTA PROACE VERSO bus (MPY_) 2.0 D4d (MPY6, MPY5) diesel 177 cai DENKAI DK77752 pentru Toyota. \u2713 Cod: DK77752 \u2713 Brand: DENKAI \u2713 \u00cen stoc \u2713 Livrare 24h \u2713 Garan\u021bie!","robots":{"index":"index","follow":"follow","max-snippet":"max-snippet:-1","max-image-preview":"max-image-preview:large","max-video-preview":"max-video-preview:-1"},"og_locale":"ro_RO","og_type":"article","og_title":"Electromotor TOYOTA PROACE VERSO bus (MPY_) 2.0 D4d (MPY6, MPY5) diesel 177 cai DENKAI DK77752 Toyota | DENKAI - Autorival","og_description":"\u26a1 Electromotor TOYOTA PROACE VERSO bus (MPY_) 2.0 D4d (MPY6, MPY5) diesel 177 cai DENKAI DK77752 pentru Toyota. \u2713 Cod: DK77752 \u2713 Brand: DENKAI \u2713 \u00cen stoc \u2713 Livrare 24h \u2713 Garan\u021bie!","og_url":"https:\/\/autorival.ro\/toyot\/produs\/electromotor-toyota-proace-verso-bus-mpy_-2-0-d4d-mpy6-mpy5-diesel-177-cai-denkai-dk77752\/","og_site_name":"Toyota","og_image":[{"width":1024,"height":1024,"url":"https:\/\/autorival.ro\/toyot\/wp-content\/uploads\/sites\/29\/2026\/02\/no-photo-4795.jpg","type":"image\/jpeg"}],"twitter_card":"summary_large_image","twitter_title":"Electromotor TOYOTA PROACE VERSO bus (MPY_) 2.0 D4d (MPY6, MPY5) diesel 177 cai DENKAI DK77752 Toyota | DENKAI - Autorival","twitter_description":"\u26a1 Electromotor TOYOTA PROACE VERSO bus (MPY_) 2.0 D4d (MPY6, MPY5) diesel 177 cai DENKAI DK77752 pentru Toyota. \u2713 Cod: DK77752 \u2713 Brand: DENKAI \u2713 \u00cen stoc \u2713 Livrare 24h \u2713 Garan\u021bie!","schema":{"@context":"https:\/\/schema.org","@graph":[{"@type":"WebPage","@id":"https:\/\/autorival.ro\/toyot\/produs\/electromotor-toyota-proace-verso-bus-mpy_-2-0-d4d-mpy6-mpy5-diesel-177-cai-denkai-dk77752\/","url":"https:\/\/autorival.ro\/toyot\/produs\/electromotor-toyota-proace-verso-bus-mpy_-2-0-d4d-mpy6-mpy5-diesel-177-cai-denkai-dk77752\/","name":"Electromotor TOYOTA PROACE VERSO bus (MPY_) 2.0 D4d (MPY6, MPY5) diesel 177 cai DENKAI DK77752 Toyota | DENKAI - Autorival","isPartOf":{"@id":"https:\/\/autorival.ro\/toyot\/#website"},"primaryImageOfPage":{"@id":"https:\/\/autorival.ro\/toyot\/produs\/electromotor-toyota-proace-verso-bus-mpy_-2-0-d4d-mpy6-mpy5-diesel-177-cai-denkai-dk77752\/#primaryimage"},"image":{"@id":"https:\/\/autorival.ro\/toyot\/produs\/electromotor-toyota-proace-verso-bus-mpy_-2-0-d4d-mpy6-mpy5-diesel-177-cai-denkai-dk77752\/#primaryimage"},"thumbnailUrl":"https:\/\/autorival.ro\/toyot\/wp-content\/uploads\/sites\/29\/2026\/02\/no-photo-4795.jpg","datePublished":"2026-02-09T17:06:16+00:00","description":"\u26a1 Electromotor TOYOTA PROACE VERSO bus (MPY_) 2.0 D4d (MPY6, MPY5) diesel 177 cai DENKAI DK77752 pentru Toyota. \u2713 Cod: DK77752 \u2713 Brand: DENKAI \u2713 \u00cen stoc \u2713 Livrare 24h \u2713 Garan\u021bie!","breadcrumb":{"@id":"https:\/\/autorival.ro\/toyot\/produs\/electromotor-toyota-proace-verso-bus-mpy_-2-0-d4d-mpy6-mpy5-diesel-177-cai-denkai-dk77752\/#breadcrumb"},"inLanguage":"ro-RO","potentialAction":[{"@type":"ReadAction","target":["https:\/\/autorival.ro\/toyot\/produs\/electromotor-toyota-proace-verso-bus-mpy_-2-0-d4d-mpy6-mpy5-diesel-177-cai-denkai-dk77752\/"]}]},{"@type":"ImageObject","inLanguage":"ro-RO","@id":"https:\/\/autorival.ro\/toyot\/produs\/electromotor-toyota-proace-verso-bus-mpy_-2-0-d4d-mpy6-mpy5-diesel-177-cai-denkai-dk77752\/#primaryimage","url":"https:\/\/autorival.ro\/toyot\/wp-content\/uploads\/sites\/29\/2026\/02\/no-photo-4795.jpg","contentUrl":"https:\/\/autorival.ro\/toyot\/wp-content\/uploads\/sites\/29\/2026\/02\/no-photo-4795.jpg","width":1024,"height":1024},{"@type":"BreadcrumbList","@id":"https:\/\/autorival.ro\/toyot\/produs\/electromotor-toyota-proace-verso-bus-mpy_-2-0-d4d-mpy6-mpy5-diesel-177-cai-denkai-dk77752\/#breadcrumb","itemListElement":[{"@type":"ListItem","position":1,"name":"Prima pagin\u0103","item":"https:\/\/autorival.ro\/toyot\/"},{"@type":"ListItem","position":2,"name":"TOYOTA","item":"https:\/\/autorival.ro\/toyot\/"},{"@type":"ListItem","position":3,"name":"Electromotor TOYOTA PROACE VERSO bus (MPY_) 2.0 D4d (MPY6, MPY5) diesel 177 cai DENKAI DK77752"}]},{"@type":"WebSite","@id":"https:\/\/autorival.ro\/toyot\/#website","url":"https:\/\/autorival.ro\/toyot\/","name":"Toyota","description":"","potentialAction":[{"@type":"SearchAction","target":{"@type":"EntryPoint","urlTemplate":"https:\/\/autorival.ro\/toyot\/?s={search_term_string}"},"query-input":{"@type":"PropertyValueSpecification","valueRequired":true,"valueName":"search_term_string"}}],"inLanguage":"ro-RO"}]}},"_links":{"self":[{"href":"https:\/\/autorival.ro\/toyot\/wp-json\/wp\/v2\/product\/1986712","targetHints":{"allow":["GET"]}}],"collection":[{"href":"https:\/\/autorival.ro\/toyot\/wp-json\/wp\/v2\/product"}],"about":[{"href":"https:\/\/autorival.ro\/toyot\/wp-json\/wp\/v2\/types\/product"}],"replies":[{"embeddable":true,"href":"https:\/\/autorival.ro\/toyot\/wp-json\/wp\/v2\/comments?post=1986712"}],"wp:featuredmedia":[{"embeddable":true,"href":"https:\/\/autorival.ro\/toyot\/wp-json\/wp\/v2\/media\/1986713"}],"wp:attachment":[{"href":"https:\/\/autorival.ro\/toyot\/wp-json\/wp\/v2\/media?parent=1986712"}],"wp:term":[{"taxonomy":"product_brand","embeddable":true,"href":"https:\/\/autorival.ro\/toyot\/wp-json\/wp\/v2\/product_brand?post=1986712"},{"taxonomy":"product_cat","embeddable":true,"href":"https:\/\/autorival.ro\/toyot\/wp-json\/wp\/v2\/product_cat?post=1986712"},{"taxonomy":"product_tag","embeddable":true,"href":"https:\/\/autorival.ro\/toyot\/wp-json\/wp\/v2\/product_tag?post=1986712"}],"curies":[{"name":"wp","href":"https:\/\/api.w.org\/{rel}","templated":true}]}}