{"id":1984280,"date":"2026-02-09T15:46:23","date_gmt":"2026-02-09T15:46:23","guid":{"rendered":"https:\/\/autorival.ro\/toyot\/produs\/electromotor-toyota-cressida-limuzina-_x6_-2-2-d-lx60-diesel-67-cai-as-pl-s6044\/"},"modified":"2026-02-09T15:46:23","modified_gmt":"2026-02-09T15:46:23","slug":"electromotor-toyota-cressida-limuzina-_x6_-2-2-d-lx60-diesel-67-cai-as-pl-s6044","status":"publish","type":"product","link":"https:\/\/autorival.ro\/toyot\/produs\/electromotor-toyota-cressida-limuzina-_x6_-2-2-d-lx60-diesel-67-cai-as-pl-s6044\/","title":{"rendered":"Electromotor TOYOTA CRESSIDA limuzina (_X6_) 2.2 D (LX60) diesel 67 cai AS-PL S6044"},"content":{"rendered":"<p>Restrictiile producatorului: DENSOPutere electromotor [kW]: 2Tensiune [V]: 12Numarul gaurilor de fixare: 2Directia de rotatie: rotatie contrar acelor de ceasornicNumar dinti: 10Versiune: 2280002120Calitate: STANDARD LINEPies\u0103 nou\u0103 f\u0103r\u0103 gaj<\/p>\n","protected":false},"excerpt":{"rendered":"<p>Producator: AS-PL Cod producator: S6044<\/p>\n","protected":false},"featured_media":1984281,"comment_status":"open","ping_status":"closed","template":"","meta":[],"product_brand":[1215],"product_cat":[37186],"product_tag":[],"class_list":{"0":"post-1984280","1":"product","2":"type-product","3":"status-publish","4":"has-post-thumbnail","6":"product_brand-as-pl","7":"product_cat-electromotor-x6-2-2-d-lx60-diesel-67","9":"first","10":"instock","11":"shipping-taxable","12":"purchasable","13":"product-type-simple"},"yoast_head":"<!-- This site is optimized with the Yoast SEO plugin v27.4 - https:\/\/yoast.com\/product\/yoast-seo-wordpress\/ -->\n<title>Electromotor TOYOTA CRESSIDA limuzina (_X6_) 2.2 D (LX60) diesel 67 cai AS-PL S6044 Toyota | AS-PL - Autorival<\/title>\n<meta name=\"description\" content=\"\u26a1 Electromotor TOYOTA CRESSIDA limuzina (_X6_) 2.2 D (LX60) diesel 67 cai AS-PL S6044 pentru Toyota. \u2713 Cod: S6044 \u2713 Brand: AS-PL \u2713 \u00cen stoc \u2713 Livrare 24h \u2713 Garan\u021bie!\" \/>\n<meta name=\"robots\" content=\"index, follow, max-snippet:-1, max-image-preview:large, max-video-preview:-1\" \/>\n<meta property=\"og:locale\" content=\"ro_RO\" \/>\n<meta property=\"og:type\" content=\"article\" \/>\n<meta property=\"og:title\" content=\"Electromotor TOYOTA CRESSIDA limuzina (_X6_) 2.2 D (LX60) diesel 67 cai AS-PL S6044 Toyota | AS-PL - Autorival\" \/>\n<meta property=\"og:description\" content=\"\u26a1 Electromotor TOYOTA CRESSIDA limuzina (_X6_) 2.2 D (LX60) diesel 67 cai AS-PL S6044 pentru Toyota. \u2713 Cod: S6044 \u2713 Brand: AS-PL \u2713 \u00cen stoc \u2713 Livrare 24h \u2713 Garan\u021bie!\" \/>\n<meta property=\"og:url\" content=\"https:\/\/autorival.ro\/toyot\/produs\/electromotor-toyota-cressida-limuzina-_x6_-2-2-d-lx60-diesel-67-cai-as-pl-s6044\/\" \/>\n<meta property=\"og:site_name\" content=\"Toyota\" \/>\n<meta property=\"og:image\" content=\"https:\/\/autorival.ro\/toyot\/wp-content\/uploads\/sites\/29\/2026\/02\/153190-2.jpg\" \/>\n\t<meta property=\"og:image:width\" content=\"1080\" \/>\n\t<meta property=\"og:image:height\" content=\"810\" \/>\n\t<meta property=\"og:image:type\" content=\"image\/jpeg\" \/>\n<meta name=\"twitter:card\" content=\"summary_large_image\" \/>\n<meta name=\"twitter:title\" content=\"Electromotor TOYOTA CRESSIDA limuzina (_X6_) 2.2 D (LX60) diesel 67 cai AS-PL S6044 Toyota | AS-PL - Autorival\" \/>\n<meta name=\"twitter:description\" content=\"\u26a1 Electromotor TOYOTA CRESSIDA limuzina (_X6_) 2.2 D (LX60) diesel 67 cai AS-PL S6044 pentru Toyota. \u2713 Cod: S6044 \u2713 Brand: AS-PL \u2713 \u00cen stoc \u2713 Livrare 24h \u2713 Garan\u021bie!\" \/>\n<script type=\"application\/ld+json\" class=\"yoast-schema-graph\">{\"@context\":\"https:\\\/\\\/schema.org\",\"@graph\":[{\"@type\":\"WebPage\",\"@id\":\"https:\\\/\\\/autorival.ro\\\/toyot\\\/produs\\\/electromotor-toyota-cressida-limuzina-_x6_-2-2-d-lx60-diesel-67-cai-as-pl-s6044\\\/\",\"url\":\"https:\\\/\\\/autorival.ro\\\/toyot\\\/produs\\\/electromotor-toyota-cressida-limuzina-_x6_-2-2-d-lx60-diesel-67-cai-as-pl-s6044\\\/\",\"name\":\"Electromotor TOYOTA CRESSIDA limuzina (_X6_) 2.2 D (LX60) diesel 67 cai AS-PL S6044 Toyota | AS-PL - Autorival\",\"isPartOf\":{\"@id\":\"https:\\\/\\\/autorival.ro\\\/toyot\\\/#website\"},\"primaryImageOfPage\":{\"@id\":\"https:\\\/\\\/autorival.ro\\\/toyot\\\/produs\\\/electromotor-toyota-cressida-limuzina-_x6_-2-2-d-lx60-diesel-67-cai-as-pl-s6044\\\/#primaryimage\"},\"image\":{\"@id\":\"https:\\\/\\\/autorival.ro\\\/toyot\\\/produs\\\/electromotor-toyota-cressida-limuzina-_x6_-2-2-d-lx60-diesel-67-cai-as-pl-s6044\\\/#primaryimage\"},\"thumbnailUrl\":\"https:\\\/\\\/autorival.ro\\\/toyot\\\/wp-content\\\/uploads\\\/sites\\\/29\\\/2026\\\/02\\\/153190-2.jpg\",\"datePublished\":\"2026-02-09T15:46:23+00:00\",\"description\":\"\u26a1 Electromotor TOYOTA CRESSIDA limuzina (_X6_) 2.2 D (LX60) diesel 67 cai AS-PL S6044 pentru Toyota. \u2713 Cod: S6044 \u2713 Brand: AS-PL \u2713 \u00cen stoc \u2713 Livrare 24h \u2713 Garan\u021bie!\",\"breadcrumb\":{\"@id\":\"https:\\\/\\\/autorival.ro\\\/toyot\\\/produs\\\/electromotor-toyota-cressida-limuzina-_x6_-2-2-d-lx60-diesel-67-cai-as-pl-s6044\\\/#breadcrumb\"},\"inLanguage\":\"ro-RO\",\"potentialAction\":[{\"@type\":\"ReadAction\",\"target\":[\"https:\\\/\\\/autorival.ro\\\/toyot\\\/produs\\\/electromotor-toyota-cressida-limuzina-_x6_-2-2-d-lx60-diesel-67-cai-as-pl-s6044\\\/\"]}]},{\"@type\":\"ImageObject\",\"inLanguage\":\"ro-RO\",\"@id\":\"https:\\\/\\\/autorival.ro\\\/toyot\\\/produs\\\/electromotor-toyota-cressida-limuzina-_x6_-2-2-d-lx60-diesel-67-cai-as-pl-s6044\\\/#primaryimage\",\"url\":\"https:\\\/\\\/autorival.ro\\\/toyot\\\/wp-content\\\/uploads\\\/sites\\\/29\\\/2026\\\/02\\\/153190-2.jpg\",\"contentUrl\":\"https:\\\/\\\/autorival.ro\\\/toyot\\\/wp-content\\\/uploads\\\/sites\\\/29\\\/2026\\\/02\\\/153190-2.jpg\",\"width\":1080,\"height\":810},{\"@type\":\"BreadcrumbList\",\"@id\":\"https:\\\/\\\/autorival.ro\\\/toyot\\\/produs\\\/electromotor-toyota-cressida-limuzina-_x6_-2-2-d-lx60-diesel-67-cai-as-pl-s6044\\\/#breadcrumb\",\"itemListElement\":[{\"@type\":\"ListItem\",\"position\":1,\"name\":\"Prima pagin\u0103\",\"item\":\"https:\\\/\\\/autorival.ro\\\/toyot\\\/\"},{\"@type\":\"ListItem\",\"position\":2,\"name\":\"TOYOTA\",\"item\":\"https:\\\/\\\/autorival.ro\\\/toyot\\\/\"},{\"@type\":\"ListItem\",\"position\":3,\"name\":\"Electromotor TOYOTA CRESSIDA limuzina (_X6_) 2.2 D (LX60) diesel 67 cai AS-PL S6044\"}]},{\"@type\":\"WebSite\",\"@id\":\"https:\\\/\\\/autorival.ro\\\/toyot\\\/#website\",\"url\":\"https:\\\/\\\/autorival.ro\\\/toyot\\\/\",\"name\":\"Toyota\",\"description\":\"\",\"potentialAction\":[{\"@type\":\"SearchAction\",\"target\":{\"@type\":\"EntryPoint\",\"urlTemplate\":\"https:\\\/\\\/autorival.ro\\\/toyot\\\/?s={search_term_string}\"},\"query-input\":{\"@type\":\"PropertyValueSpecification\",\"valueRequired\":true,\"valueName\":\"search_term_string\"}}],\"inLanguage\":\"ro-RO\"}]}<\/script>\n<!-- \/ Yoast SEO plugin. -->","yoast_head_json":{"title":"Electromotor TOYOTA CRESSIDA limuzina (_X6_) 2.2 D (LX60) diesel 67 cai AS-PL S6044 Toyota | AS-PL - Autorival","description":"\u26a1 Electromotor TOYOTA CRESSIDA limuzina (_X6_) 2.2 D (LX60) diesel 67 cai AS-PL S6044 pentru Toyota. \u2713 Cod: S6044 \u2713 Brand: AS-PL \u2713 \u00cen stoc \u2713 Livrare 24h \u2713 Garan\u021bie!","robots":{"index":"index","follow":"follow","max-snippet":"max-snippet:-1","max-image-preview":"max-image-preview:large","max-video-preview":"max-video-preview:-1"},"og_locale":"ro_RO","og_type":"article","og_title":"Electromotor TOYOTA CRESSIDA limuzina (_X6_) 2.2 D (LX60) diesel 67 cai AS-PL S6044 Toyota | AS-PL - Autorival","og_description":"\u26a1 Electromotor TOYOTA CRESSIDA limuzina (_X6_) 2.2 D (LX60) diesel 67 cai AS-PL S6044 pentru Toyota. \u2713 Cod: S6044 \u2713 Brand: AS-PL \u2713 \u00cen stoc \u2713 Livrare 24h \u2713 Garan\u021bie!","og_url":"https:\/\/autorival.ro\/toyot\/produs\/electromotor-toyota-cressida-limuzina-_x6_-2-2-d-lx60-diesel-67-cai-as-pl-s6044\/","og_site_name":"Toyota","og_image":[{"width":1080,"height":810,"url":"https:\/\/autorival.ro\/toyot\/wp-content\/uploads\/sites\/29\/2026\/02\/153190-2.jpg","type":"image\/jpeg"}],"twitter_card":"summary_large_image","twitter_title":"Electromotor TOYOTA CRESSIDA limuzina (_X6_) 2.2 D (LX60) diesel 67 cai AS-PL S6044 Toyota | AS-PL - Autorival","twitter_description":"\u26a1 Electromotor TOYOTA CRESSIDA limuzina (_X6_) 2.2 D (LX60) diesel 67 cai AS-PL S6044 pentru Toyota. \u2713 Cod: S6044 \u2713 Brand: AS-PL \u2713 \u00cen stoc \u2713 Livrare 24h \u2713 Garan\u021bie!","schema":{"@context":"https:\/\/schema.org","@graph":[{"@type":"WebPage","@id":"https:\/\/autorival.ro\/toyot\/produs\/electromotor-toyota-cressida-limuzina-_x6_-2-2-d-lx60-diesel-67-cai-as-pl-s6044\/","url":"https:\/\/autorival.ro\/toyot\/produs\/electromotor-toyota-cressida-limuzina-_x6_-2-2-d-lx60-diesel-67-cai-as-pl-s6044\/","name":"Electromotor TOYOTA CRESSIDA limuzina (_X6_) 2.2 D (LX60) diesel 67 cai AS-PL S6044 Toyota | AS-PL - Autorival","isPartOf":{"@id":"https:\/\/autorival.ro\/toyot\/#website"},"primaryImageOfPage":{"@id":"https:\/\/autorival.ro\/toyot\/produs\/electromotor-toyota-cressida-limuzina-_x6_-2-2-d-lx60-diesel-67-cai-as-pl-s6044\/#primaryimage"},"image":{"@id":"https:\/\/autorival.ro\/toyot\/produs\/electromotor-toyota-cressida-limuzina-_x6_-2-2-d-lx60-diesel-67-cai-as-pl-s6044\/#primaryimage"},"thumbnailUrl":"https:\/\/autorival.ro\/toyot\/wp-content\/uploads\/sites\/29\/2026\/02\/153190-2.jpg","datePublished":"2026-02-09T15:46:23+00:00","description":"\u26a1 Electromotor TOYOTA CRESSIDA limuzina (_X6_) 2.2 D (LX60) diesel 67 cai AS-PL S6044 pentru Toyota. \u2713 Cod: S6044 \u2713 Brand: AS-PL \u2713 \u00cen stoc \u2713 Livrare 24h \u2713 Garan\u021bie!","breadcrumb":{"@id":"https:\/\/autorival.ro\/toyot\/produs\/electromotor-toyota-cressida-limuzina-_x6_-2-2-d-lx60-diesel-67-cai-as-pl-s6044\/#breadcrumb"},"inLanguage":"ro-RO","potentialAction":[{"@type":"ReadAction","target":["https:\/\/autorival.ro\/toyot\/produs\/electromotor-toyota-cressida-limuzina-_x6_-2-2-d-lx60-diesel-67-cai-as-pl-s6044\/"]}]},{"@type":"ImageObject","inLanguage":"ro-RO","@id":"https:\/\/autorival.ro\/toyot\/produs\/electromotor-toyota-cressida-limuzina-_x6_-2-2-d-lx60-diesel-67-cai-as-pl-s6044\/#primaryimage","url":"https:\/\/autorival.ro\/toyot\/wp-content\/uploads\/sites\/29\/2026\/02\/153190-2.jpg","contentUrl":"https:\/\/autorival.ro\/toyot\/wp-content\/uploads\/sites\/29\/2026\/02\/153190-2.jpg","width":1080,"height":810},{"@type":"BreadcrumbList","@id":"https:\/\/autorival.ro\/toyot\/produs\/electromotor-toyota-cressida-limuzina-_x6_-2-2-d-lx60-diesel-67-cai-as-pl-s6044\/#breadcrumb","itemListElement":[{"@type":"ListItem","position":1,"name":"Prima pagin\u0103","item":"https:\/\/autorival.ro\/toyot\/"},{"@type":"ListItem","position":2,"name":"TOYOTA","item":"https:\/\/autorival.ro\/toyot\/"},{"@type":"ListItem","position":3,"name":"Electromotor TOYOTA CRESSIDA limuzina (_X6_) 2.2 D (LX60) diesel 67 cai AS-PL S6044"}]},{"@type":"WebSite","@id":"https:\/\/autorival.ro\/toyot\/#website","url":"https:\/\/autorival.ro\/toyot\/","name":"Toyota","description":"","potentialAction":[{"@type":"SearchAction","target":{"@type":"EntryPoint","urlTemplate":"https:\/\/autorival.ro\/toyot\/?s={search_term_string}"},"query-input":{"@type":"PropertyValueSpecification","valueRequired":true,"valueName":"search_term_string"}}],"inLanguage":"ro-RO"}]}},"_links":{"self":[{"href":"https:\/\/autorival.ro\/toyot\/wp-json\/wp\/v2\/product\/1984280","targetHints":{"allow":["GET"]}}],"collection":[{"href":"https:\/\/autorival.ro\/toyot\/wp-json\/wp\/v2\/product"}],"about":[{"href":"https:\/\/autorival.ro\/toyot\/wp-json\/wp\/v2\/types\/product"}],"replies":[{"embeddable":true,"href":"https:\/\/autorival.ro\/toyot\/wp-json\/wp\/v2\/comments?post=1984280"}],"wp:featuredmedia":[{"embeddable":true,"href":"https:\/\/autorival.ro\/toyot\/wp-json\/wp\/v2\/media\/1984281"}],"wp:attachment":[{"href":"https:\/\/autorival.ro\/toyot\/wp-json\/wp\/v2\/media?parent=1984280"}],"wp:term":[{"taxonomy":"product_brand","embeddable":true,"href":"https:\/\/autorival.ro\/toyot\/wp-json\/wp\/v2\/product_brand?post=1984280"},{"taxonomy":"product_cat","embeddable":true,"href":"https:\/\/autorival.ro\/toyot\/wp-json\/wp\/v2\/product_cat?post=1984280"},{"taxonomy":"product_tag","embeddable":true,"href":"https:\/\/autorival.ro\/toyot\/wp-json\/wp\/v2\/product_tag?post=1984280"}],"curies":[{"name":"wp","href":"https:\/\/api.w.org\/{rel}","templated":true}]}}