{"id":1977424,"date":"2026-02-09T12:07:13","date_gmt":"2026-02-09T12:07:13","guid":{"rendered":"https:\/\/autorival.ro\/toyot\/produs\/disc-frana-toyota-verso-van-_r2_-d4d-aur21-diesel-177-cai-bosch-0-986-479-574\/"},"modified":"2026-02-09T12:07:13","modified_gmt":"2026-02-09T12:07:13","slug":"disc-frana-toyota-verso-van-_r2_-d4d-aur21-diesel-177-cai-bosch-0-986-479-574","status":"publish","type":"product","link":"https:\/\/autorival.ro\/toyot\/produs\/disc-frana-toyota-verso-van-_r2_-d4d-aur21-diesel-177-cai-bosch-0-986-479-574\/","title":{"rendered":"Disc frana TOYOTA VERSO VAN (_R2_) D4d (AUR21) diesel 177 cai BOSCH 0 986 479 574"},"content":{"rendered":"<p>An fabricatie pana la: 201503Partea de montare: puntea spateDiametru exterior [mm]: 297Grosime disc fr\u00e2na [mm]: 11Grosime minima [mm]: 9\u00cenaltime [mm]: 58,4Asezare gauri \u00d8 [mm]: 114,3Tip disc fr\u00e2na: plinDiametru de centrare [mm]: 62Numar gauri: 5Suprafata: unsindeplineste normele ECE: ECE-R90Diametru gaura pana la [mm]: 14,7<\/p>\n","protected":false},"excerpt":{"rendered":"<p>Producator: BOSCH Cod producator: 0 986 479 574<\/p>\n","protected":false},"featured_media":1977425,"comment_status":"open","ping_status":"closed","template":"","meta":[],"product_brand":[1233],"product_cat":[36567],"product_tag":[],"class_list":{"0":"post-1977424","1":"product","2":"type-product","3":"status-publish","4":"has-post-thumbnail","6":"product_brand-bosch","7":"product_cat-disc-frana-r2-d4d-aur21-diesel-177","9":"first","10":"instock","11":"shipping-taxable","12":"purchasable","13":"product-type-simple"},"yoast_head":"<!-- This site is optimized with the Yoast SEO plugin v27.4 - https:\/\/yoast.com\/product\/yoast-seo-wordpress\/ -->\n<title>Disc frana TOYOTA VERSO VAN (_R2_) D4d (AUR21) diesel 177 cai BOSCH 0 986 479 574 Toyota | BOSCH - Autorival<\/title>\n<meta name=\"description\" content=\"\u26a1 Disc frana TOYOTA VERSO VAN (_R2_) D4d (AUR21) diesel 177 cai BOSCH 0 986 479 574 pentru Toyota \u2713 Brand: BOSCH \u2713 \u00cen stoc \u2713 Livrare 24h \u2713 Garan\u021bie!\" \/>\n<meta name=\"robots\" content=\"index, follow, max-snippet:-1, max-image-preview:large, max-video-preview:-1\" \/>\n<meta property=\"og:locale\" content=\"ro_RO\" \/>\n<meta property=\"og:type\" content=\"article\" \/>\n<meta property=\"og:title\" content=\"Disc frana TOYOTA VERSO VAN (_R2_) D4d (AUR21) diesel 177 cai BOSCH 0 986 479 574 Toyota | BOSCH - Autorival\" \/>\n<meta property=\"og:description\" content=\"\u26a1 Disc frana TOYOTA VERSO VAN (_R2_) D4d (AUR21) diesel 177 cai BOSCH 0 986 479 574 pentru Toyota \u2713 Brand: BOSCH \u2713 \u00cen stoc \u2713 Livrare 24h \u2713 Garan\u021bie!\" \/>\n<meta property=\"og:url\" content=\"https:\/\/autorival.ro\/toyot\/produs\/disc-frana-toyota-verso-van-_r2_-d4d-aur21-diesel-177-cai-bosch-0-986-479-574\/\" \/>\n<meta property=\"og:site_name\" content=\"Toyota\" \/>\n<meta property=\"og:image\" content=\"https:\/\/autorival.ro\/toyot\/wp-content\/uploads\/sites\/29\/2026\/02\/0986479574ph01whco0000-2.jpg\" \/>\n\t<meta property=\"og:image:width\" content=\"1280\" \/>\n\t<meta property=\"og:image:height\" content=\"914\" \/>\n\t<meta property=\"og:image:type\" content=\"image\/jpeg\" \/>\n<meta name=\"twitter:card\" content=\"summary_large_image\" \/>\n<meta name=\"twitter:title\" content=\"Disc frana TOYOTA VERSO VAN (_R2_) D4d (AUR21) diesel 177 cai BOSCH 0 986 479 574 Toyota | BOSCH - Autorival\" \/>\n<meta name=\"twitter:description\" content=\"\u26a1 Disc frana TOYOTA VERSO VAN (_R2_) D4d (AUR21) diesel 177 cai BOSCH 0 986 479 574 pentru Toyota \u2713 Brand: BOSCH \u2713 \u00cen stoc \u2713 Livrare 24h \u2713 Garan\u021bie!\" \/>\n<script type=\"application\/ld+json\" class=\"yoast-schema-graph\">{\"@context\":\"https:\\\/\\\/schema.org\",\"@graph\":[{\"@type\":\"WebPage\",\"@id\":\"https:\\\/\\\/autorival.ro\\\/toyot\\\/produs\\\/disc-frana-toyota-verso-van-_r2_-d4d-aur21-diesel-177-cai-bosch-0-986-479-574\\\/\",\"url\":\"https:\\\/\\\/autorival.ro\\\/toyot\\\/produs\\\/disc-frana-toyota-verso-van-_r2_-d4d-aur21-diesel-177-cai-bosch-0-986-479-574\\\/\",\"name\":\"Disc frana TOYOTA VERSO VAN (_R2_) D4d (AUR21) diesel 177 cai BOSCH 0 986 479 574 Toyota | BOSCH - Autorival\",\"isPartOf\":{\"@id\":\"https:\\\/\\\/autorival.ro\\\/toyot\\\/#website\"},\"primaryImageOfPage\":{\"@id\":\"https:\\\/\\\/autorival.ro\\\/toyot\\\/produs\\\/disc-frana-toyota-verso-van-_r2_-d4d-aur21-diesel-177-cai-bosch-0-986-479-574\\\/#primaryimage\"},\"image\":{\"@id\":\"https:\\\/\\\/autorival.ro\\\/toyot\\\/produs\\\/disc-frana-toyota-verso-van-_r2_-d4d-aur21-diesel-177-cai-bosch-0-986-479-574\\\/#primaryimage\"},\"thumbnailUrl\":\"https:\\\/\\\/autorival.ro\\\/toyot\\\/wp-content\\\/uploads\\\/sites\\\/29\\\/2026\\\/02\\\/0986479574ph01whco0000-2.jpg\",\"datePublished\":\"2026-02-09T12:07:13+00:00\",\"description\":\"\u26a1 Disc frana TOYOTA VERSO VAN (_R2_) D4d (AUR21) diesel 177 cai BOSCH 0 986 479 574 pentru Toyota \u2713 Brand: BOSCH \u2713 \u00cen stoc \u2713 Livrare 24h \u2713 Garan\u021bie!\",\"breadcrumb\":{\"@id\":\"https:\\\/\\\/autorival.ro\\\/toyot\\\/produs\\\/disc-frana-toyota-verso-van-_r2_-d4d-aur21-diesel-177-cai-bosch-0-986-479-574\\\/#breadcrumb\"},\"inLanguage\":\"ro-RO\",\"potentialAction\":[{\"@type\":\"ReadAction\",\"target\":[\"https:\\\/\\\/autorival.ro\\\/toyot\\\/produs\\\/disc-frana-toyota-verso-van-_r2_-d4d-aur21-diesel-177-cai-bosch-0-986-479-574\\\/\"]}]},{\"@type\":\"ImageObject\",\"inLanguage\":\"ro-RO\",\"@id\":\"https:\\\/\\\/autorival.ro\\\/toyot\\\/produs\\\/disc-frana-toyota-verso-van-_r2_-d4d-aur21-diesel-177-cai-bosch-0-986-479-574\\\/#primaryimage\",\"url\":\"https:\\\/\\\/autorival.ro\\\/toyot\\\/wp-content\\\/uploads\\\/sites\\\/29\\\/2026\\\/02\\\/0986479574ph01whco0000-2.jpg\",\"contentUrl\":\"https:\\\/\\\/autorival.ro\\\/toyot\\\/wp-content\\\/uploads\\\/sites\\\/29\\\/2026\\\/02\\\/0986479574ph01whco0000-2.jpg\",\"width\":1280,\"height\":914},{\"@type\":\"BreadcrumbList\",\"@id\":\"https:\\\/\\\/autorival.ro\\\/toyot\\\/produs\\\/disc-frana-toyota-verso-van-_r2_-d4d-aur21-diesel-177-cai-bosch-0-986-479-574\\\/#breadcrumb\",\"itemListElement\":[{\"@type\":\"ListItem\",\"position\":1,\"name\":\"Prima pagin\u0103\",\"item\":\"https:\\\/\\\/autorival.ro\\\/toyot\\\/\"},{\"@type\":\"ListItem\",\"position\":2,\"name\":\"TOYOTA\",\"item\":\"https:\\\/\\\/autorival.ro\\\/toyot\\\/\"},{\"@type\":\"ListItem\",\"position\":3,\"name\":\"Disc frana TOYOTA VERSO VAN (_R2_) D4d (AUR21) diesel 177 cai BOSCH 0 986 479 574\"}]},{\"@type\":\"WebSite\",\"@id\":\"https:\\\/\\\/autorival.ro\\\/toyot\\\/#website\",\"url\":\"https:\\\/\\\/autorival.ro\\\/toyot\\\/\",\"name\":\"Toyota\",\"description\":\"\",\"potentialAction\":[{\"@type\":\"SearchAction\",\"target\":{\"@type\":\"EntryPoint\",\"urlTemplate\":\"https:\\\/\\\/autorival.ro\\\/toyot\\\/?s={search_term_string}\"},\"query-input\":{\"@type\":\"PropertyValueSpecification\",\"valueRequired\":true,\"valueName\":\"search_term_string\"}}],\"inLanguage\":\"ro-RO\"}]}<\/script>\n<!-- \/ Yoast SEO plugin. -->","yoast_head_json":{"title":"Disc frana TOYOTA VERSO VAN (_R2_) D4d (AUR21) diesel 177 cai BOSCH 0 986 479 574 Toyota | BOSCH - Autorival","description":"\u26a1 Disc frana TOYOTA VERSO VAN (_R2_) D4d (AUR21) diesel 177 cai BOSCH 0 986 479 574 pentru Toyota \u2713 Brand: BOSCH \u2713 \u00cen stoc \u2713 Livrare 24h \u2713 Garan\u021bie!","robots":{"index":"index","follow":"follow","max-snippet":"max-snippet:-1","max-image-preview":"max-image-preview:large","max-video-preview":"max-video-preview:-1"},"og_locale":"ro_RO","og_type":"article","og_title":"Disc frana TOYOTA VERSO VAN (_R2_) D4d (AUR21) diesel 177 cai BOSCH 0 986 479 574 Toyota | BOSCH - Autorival","og_description":"\u26a1 Disc frana TOYOTA VERSO VAN (_R2_) D4d (AUR21) diesel 177 cai BOSCH 0 986 479 574 pentru Toyota \u2713 Brand: BOSCH \u2713 \u00cen stoc \u2713 Livrare 24h \u2713 Garan\u021bie!","og_url":"https:\/\/autorival.ro\/toyot\/produs\/disc-frana-toyota-verso-van-_r2_-d4d-aur21-diesel-177-cai-bosch-0-986-479-574\/","og_site_name":"Toyota","og_image":[{"width":1280,"height":914,"url":"https:\/\/autorival.ro\/toyot\/wp-content\/uploads\/sites\/29\/2026\/02\/0986479574ph01whco0000-2.jpg","type":"image\/jpeg"}],"twitter_card":"summary_large_image","twitter_title":"Disc frana TOYOTA VERSO VAN (_R2_) D4d (AUR21) diesel 177 cai BOSCH 0 986 479 574 Toyota | BOSCH - Autorival","twitter_description":"\u26a1 Disc frana TOYOTA VERSO VAN (_R2_) D4d (AUR21) diesel 177 cai BOSCH 0 986 479 574 pentru Toyota \u2713 Brand: BOSCH \u2713 \u00cen stoc \u2713 Livrare 24h \u2713 Garan\u021bie!","schema":{"@context":"https:\/\/schema.org","@graph":[{"@type":"WebPage","@id":"https:\/\/autorival.ro\/toyot\/produs\/disc-frana-toyota-verso-van-_r2_-d4d-aur21-diesel-177-cai-bosch-0-986-479-574\/","url":"https:\/\/autorival.ro\/toyot\/produs\/disc-frana-toyota-verso-van-_r2_-d4d-aur21-diesel-177-cai-bosch-0-986-479-574\/","name":"Disc frana TOYOTA VERSO VAN (_R2_) D4d (AUR21) diesel 177 cai BOSCH 0 986 479 574 Toyota | BOSCH - Autorival","isPartOf":{"@id":"https:\/\/autorival.ro\/toyot\/#website"},"primaryImageOfPage":{"@id":"https:\/\/autorival.ro\/toyot\/produs\/disc-frana-toyota-verso-van-_r2_-d4d-aur21-diesel-177-cai-bosch-0-986-479-574\/#primaryimage"},"image":{"@id":"https:\/\/autorival.ro\/toyot\/produs\/disc-frana-toyota-verso-van-_r2_-d4d-aur21-diesel-177-cai-bosch-0-986-479-574\/#primaryimage"},"thumbnailUrl":"https:\/\/autorival.ro\/toyot\/wp-content\/uploads\/sites\/29\/2026\/02\/0986479574ph01whco0000-2.jpg","datePublished":"2026-02-09T12:07:13+00:00","description":"\u26a1 Disc frana TOYOTA VERSO VAN (_R2_) D4d (AUR21) diesel 177 cai BOSCH 0 986 479 574 pentru Toyota \u2713 Brand: BOSCH \u2713 \u00cen stoc \u2713 Livrare 24h \u2713 Garan\u021bie!","breadcrumb":{"@id":"https:\/\/autorival.ro\/toyot\/produs\/disc-frana-toyota-verso-van-_r2_-d4d-aur21-diesel-177-cai-bosch-0-986-479-574\/#breadcrumb"},"inLanguage":"ro-RO","potentialAction":[{"@type":"ReadAction","target":["https:\/\/autorival.ro\/toyot\/produs\/disc-frana-toyota-verso-van-_r2_-d4d-aur21-diesel-177-cai-bosch-0-986-479-574\/"]}]},{"@type":"ImageObject","inLanguage":"ro-RO","@id":"https:\/\/autorival.ro\/toyot\/produs\/disc-frana-toyota-verso-van-_r2_-d4d-aur21-diesel-177-cai-bosch-0-986-479-574\/#primaryimage","url":"https:\/\/autorival.ro\/toyot\/wp-content\/uploads\/sites\/29\/2026\/02\/0986479574ph01whco0000-2.jpg","contentUrl":"https:\/\/autorival.ro\/toyot\/wp-content\/uploads\/sites\/29\/2026\/02\/0986479574ph01whco0000-2.jpg","width":1280,"height":914},{"@type":"BreadcrumbList","@id":"https:\/\/autorival.ro\/toyot\/produs\/disc-frana-toyota-verso-van-_r2_-d4d-aur21-diesel-177-cai-bosch-0-986-479-574\/#breadcrumb","itemListElement":[{"@type":"ListItem","position":1,"name":"Prima pagin\u0103","item":"https:\/\/autorival.ro\/toyot\/"},{"@type":"ListItem","position":2,"name":"TOYOTA","item":"https:\/\/autorival.ro\/toyot\/"},{"@type":"ListItem","position":3,"name":"Disc frana TOYOTA VERSO VAN (_R2_) D4d (AUR21) diesel 177 cai BOSCH 0 986 479 574"}]},{"@type":"WebSite","@id":"https:\/\/autorival.ro\/toyot\/#website","url":"https:\/\/autorival.ro\/toyot\/","name":"Toyota","description":"","potentialAction":[{"@type":"SearchAction","target":{"@type":"EntryPoint","urlTemplate":"https:\/\/autorival.ro\/toyot\/?s={search_term_string}"},"query-input":{"@type":"PropertyValueSpecification","valueRequired":true,"valueName":"search_term_string"}}],"inLanguage":"ro-RO"}]}},"_links":{"self":[{"href":"https:\/\/autorival.ro\/toyot\/wp-json\/wp\/v2\/product\/1977424","targetHints":{"allow":["GET"]}}],"collection":[{"href":"https:\/\/autorival.ro\/toyot\/wp-json\/wp\/v2\/product"}],"about":[{"href":"https:\/\/autorival.ro\/toyot\/wp-json\/wp\/v2\/types\/product"}],"replies":[{"embeddable":true,"href":"https:\/\/autorival.ro\/toyot\/wp-json\/wp\/v2\/comments?post=1977424"}],"wp:featuredmedia":[{"embeddable":true,"href":"https:\/\/autorival.ro\/toyot\/wp-json\/wp\/v2\/media\/1977425"}],"wp:attachment":[{"href":"https:\/\/autorival.ro\/toyot\/wp-json\/wp\/v2\/media?parent=1977424"}],"wp:term":[{"taxonomy":"product_brand","embeddable":true,"href":"https:\/\/autorival.ro\/toyot\/wp-json\/wp\/v2\/product_brand?post=1977424"},{"taxonomy":"product_cat","embeddable":true,"href":"https:\/\/autorival.ro\/toyot\/wp-json\/wp\/v2\/product_cat?post=1977424"},{"taxonomy":"product_tag","embeddable":true,"href":"https:\/\/autorival.ro\/toyot\/wp-json\/wp\/v2\/product_tag?post=1977424"}],"curies":[{"name":"wp","href":"https:\/\/api.w.org\/{rel}","templated":true}]}}