{"id":1976438,"date":"2026-02-09T11:32:58","date_gmt":"2026-02-09T11:32:58","guid":{"rendered":"https:\/\/autorival.ro\/toyot\/produs\/disc-frana-toyota-supra-db_-2-0-db21-db22-db23-db26-benzina-258-cai-lpr-b2108vr\/"},"modified":"2026-02-09T11:32:58","modified_gmt":"2026-02-09T11:32:58","slug":"disc-frana-toyota-supra-db_-2-0-db21-db22-db23-db26-benzina-258-cai-lpr-b2108vr","status":"publish","type":"product","link":"https:\/\/autorival.ro\/toyot\/produs\/disc-frana-toyota-supra-db_-2-0-db21-db22-db23-db26-benzina-258-cai-lpr-b2108vr\/","title":{"rendered":"Disc frana TOYOTA SUPRA (DB_) 2.0 (DB21, DB22, DB23, DB26) benzina 258 cai LPR B2108VR"},"content":{"rendered":"<p>Partea de montare: Axa fata stangaCuloare etrier frana: ro\u0219uDiametru de centrare [mm]: 67Diametru exterior [mm]: 348Numar articol par: B2109VRSuprafata: acoperit (cu un strat protector)Tip disc fr\u00e2na: ventilat interiorGrosime minima [mm]: 34,4\u00cenaltime [mm]: 66Grosime disc fr\u00e2na [mm]: 36Numar gauri: 5din mai multe piese: dintr-o piesa<\/p>\n","protected":false},"excerpt":{"rendered":"<p>Producator: LPR Cod producator: B2108VR<\/p>\n","protected":false},"featured_media":1976439,"comment_status":"open","ping_status":"closed","template":"","meta":[],"product_brand":[22252],"product_cat":[36547],"product_tag":[],"class_list":{"0":"post-1976438","1":"product","2":"type-product","3":"status-publish","4":"has-post-thumbnail","6":"product_brand-lpr","7":"product_cat-disc-frana-db-2-0-db21-db22-db23-db26-benzina-258","9":"first","10":"instock","11":"shipping-taxable","12":"purchasable","13":"product-type-simple"},"yoast_head":"<!-- This site is optimized with the Yoast SEO plugin v27.4 - https:\/\/yoast.com\/product\/yoast-seo-wordpress\/ -->\n<title>Disc frana TOYOTA SUPRA (DB_) 2.0 (DB21, DB22, DB23, DB26) benzina 258 cai LPR B2108VR Toyota | LPR - Autorival<\/title>\n<meta name=\"description\" content=\"\u26a1 Disc frana TOYOTA SUPRA (DB_) 2.0 (DB21, DB22, DB23, DB26) benzina 258 cai LPR B2108VR pentru Toyota. \u2713 Cod: B2108VR \u2713 Brand: LPR \u2713 \u00cen stoc \u2713 Livrare 24h \u2713 Garan\u021bie!\" \/>\n<meta name=\"robots\" content=\"index, follow, max-snippet:-1, max-image-preview:large, max-video-preview:-1\" \/>\n<meta property=\"og:locale\" content=\"ro_RO\" \/>\n<meta property=\"og:type\" content=\"article\" \/>\n<meta property=\"og:title\" content=\"Disc frana TOYOTA SUPRA (DB_) 2.0 (DB21, DB22, DB23, DB26) benzina 258 cai LPR B2108VR Toyota | LPR - Autorival\" \/>\n<meta property=\"og:description\" content=\"\u26a1 Disc frana TOYOTA SUPRA (DB_) 2.0 (DB21, DB22, DB23, DB26) benzina 258 cai LPR B2108VR pentru Toyota. \u2713 Cod: B2108VR \u2713 Brand: LPR \u2713 \u00cen stoc \u2713 Livrare 24h \u2713 Garan\u021bie!\" \/>\n<meta property=\"og:url\" content=\"https:\/\/autorival.ro\/toyot\/produs\/disc-frana-toyota-supra-db_-2-0-db21-db22-db23-db26-benzina-258-cai-lpr-b2108vr\/\" \/>\n<meta property=\"og:site_name\" content=\"Toyota\" \/>\n<meta property=\"og:image\" content=\"https:\/\/autorival.ro\/toyot\/wp-content\/uploads\/sites\/29\/2026\/02\/no-photo-4597.jpg\" \/>\n\t<meta property=\"og:image:width\" content=\"1024\" \/>\n\t<meta property=\"og:image:height\" content=\"1024\" \/>\n\t<meta property=\"og:image:type\" content=\"image\/jpeg\" \/>\n<meta name=\"twitter:card\" content=\"summary_large_image\" \/>\n<meta name=\"twitter:title\" content=\"Disc frana TOYOTA SUPRA (DB_) 2.0 (DB21, DB22, DB23, DB26) benzina 258 cai LPR B2108VR Toyota | LPR - Autorival\" \/>\n<meta name=\"twitter:description\" content=\"\u26a1 Disc frana TOYOTA SUPRA (DB_) 2.0 (DB21, DB22, DB23, DB26) benzina 258 cai LPR B2108VR pentru Toyota. \u2713 Cod: B2108VR \u2713 Brand: LPR \u2713 \u00cen stoc \u2713 Livrare 24h \u2713 Garan\u021bie!\" \/>\n<script type=\"application\/ld+json\" class=\"yoast-schema-graph\">{\"@context\":\"https:\\\/\\\/schema.org\",\"@graph\":[{\"@type\":\"WebPage\",\"@id\":\"https:\\\/\\\/autorival.ro\\\/toyot\\\/produs\\\/disc-frana-toyota-supra-db_-2-0-db21-db22-db23-db26-benzina-258-cai-lpr-b2108vr\\\/\",\"url\":\"https:\\\/\\\/autorival.ro\\\/toyot\\\/produs\\\/disc-frana-toyota-supra-db_-2-0-db21-db22-db23-db26-benzina-258-cai-lpr-b2108vr\\\/\",\"name\":\"Disc frana TOYOTA SUPRA (DB_) 2.0 (DB21, DB22, DB23, DB26) benzina 258 cai LPR B2108VR Toyota | LPR - Autorival\",\"isPartOf\":{\"@id\":\"https:\\\/\\\/autorival.ro\\\/toyot\\\/#website\"},\"primaryImageOfPage\":{\"@id\":\"https:\\\/\\\/autorival.ro\\\/toyot\\\/produs\\\/disc-frana-toyota-supra-db_-2-0-db21-db22-db23-db26-benzina-258-cai-lpr-b2108vr\\\/#primaryimage\"},\"image\":{\"@id\":\"https:\\\/\\\/autorival.ro\\\/toyot\\\/produs\\\/disc-frana-toyota-supra-db_-2-0-db21-db22-db23-db26-benzina-258-cai-lpr-b2108vr\\\/#primaryimage\"},\"thumbnailUrl\":\"https:\\\/\\\/autorival.ro\\\/toyot\\\/wp-content\\\/uploads\\\/sites\\\/29\\\/2026\\\/02\\\/no-photo-4597.jpg\",\"datePublished\":\"2026-02-09T11:32:58+00:00\",\"description\":\"\u26a1 Disc frana TOYOTA SUPRA (DB_) 2.0 (DB21, DB22, DB23, DB26) benzina 258 cai LPR B2108VR pentru Toyota. \u2713 Cod: B2108VR \u2713 Brand: LPR \u2713 \u00cen stoc \u2713 Livrare 24h \u2713 Garan\u021bie!\",\"breadcrumb\":{\"@id\":\"https:\\\/\\\/autorival.ro\\\/toyot\\\/produs\\\/disc-frana-toyota-supra-db_-2-0-db21-db22-db23-db26-benzina-258-cai-lpr-b2108vr\\\/#breadcrumb\"},\"inLanguage\":\"ro-RO\",\"potentialAction\":[{\"@type\":\"ReadAction\",\"target\":[\"https:\\\/\\\/autorival.ro\\\/toyot\\\/produs\\\/disc-frana-toyota-supra-db_-2-0-db21-db22-db23-db26-benzina-258-cai-lpr-b2108vr\\\/\"]}]},{\"@type\":\"ImageObject\",\"inLanguage\":\"ro-RO\",\"@id\":\"https:\\\/\\\/autorival.ro\\\/toyot\\\/produs\\\/disc-frana-toyota-supra-db_-2-0-db21-db22-db23-db26-benzina-258-cai-lpr-b2108vr\\\/#primaryimage\",\"url\":\"https:\\\/\\\/autorival.ro\\\/toyot\\\/wp-content\\\/uploads\\\/sites\\\/29\\\/2026\\\/02\\\/no-photo-4597.jpg\",\"contentUrl\":\"https:\\\/\\\/autorival.ro\\\/toyot\\\/wp-content\\\/uploads\\\/sites\\\/29\\\/2026\\\/02\\\/no-photo-4597.jpg\",\"width\":1024,\"height\":1024},{\"@type\":\"BreadcrumbList\",\"@id\":\"https:\\\/\\\/autorival.ro\\\/toyot\\\/produs\\\/disc-frana-toyota-supra-db_-2-0-db21-db22-db23-db26-benzina-258-cai-lpr-b2108vr\\\/#breadcrumb\",\"itemListElement\":[{\"@type\":\"ListItem\",\"position\":1,\"name\":\"Prima pagin\u0103\",\"item\":\"https:\\\/\\\/autorival.ro\\\/toyot\\\/\"},{\"@type\":\"ListItem\",\"position\":2,\"name\":\"TOYOTA\",\"item\":\"https:\\\/\\\/autorival.ro\\\/toyot\\\/\"},{\"@type\":\"ListItem\",\"position\":3,\"name\":\"Disc frana TOYOTA SUPRA (DB_) 2.0 (DB21, DB22, DB23, DB26) benzina 258 cai LPR B2108VR\"}]},{\"@type\":\"WebSite\",\"@id\":\"https:\\\/\\\/autorival.ro\\\/toyot\\\/#website\",\"url\":\"https:\\\/\\\/autorival.ro\\\/toyot\\\/\",\"name\":\"Toyota\",\"description\":\"\",\"potentialAction\":[{\"@type\":\"SearchAction\",\"target\":{\"@type\":\"EntryPoint\",\"urlTemplate\":\"https:\\\/\\\/autorival.ro\\\/toyot\\\/?s={search_term_string}\"},\"query-input\":{\"@type\":\"PropertyValueSpecification\",\"valueRequired\":true,\"valueName\":\"search_term_string\"}}],\"inLanguage\":\"ro-RO\"}]}<\/script>\n<!-- \/ Yoast SEO plugin. -->","yoast_head_json":{"title":"Disc frana TOYOTA SUPRA (DB_) 2.0 (DB21, DB22, DB23, DB26) benzina 258 cai LPR B2108VR Toyota | LPR - Autorival","description":"\u26a1 Disc frana TOYOTA SUPRA (DB_) 2.0 (DB21, DB22, DB23, DB26) benzina 258 cai LPR B2108VR pentru Toyota. \u2713 Cod: B2108VR \u2713 Brand: LPR \u2713 \u00cen stoc \u2713 Livrare 24h \u2713 Garan\u021bie!","robots":{"index":"index","follow":"follow","max-snippet":"max-snippet:-1","max-image-preview":"max-image-preview:large","max-video-preview":"max-video-preview:-1"},"og_locale":"ro_RO","og_type":"article","og_title":"Disc frana TOYOTA SUPRA (DB_) 2.0 (DB21, DB22, DB23, DB26) benzina 258 cai LPR B2108VR Toyota | LPR - Autorival","og_description":"\u26a1 Disc frana TOYOTA SUPRA (DB_) 2.0 (DB21, DB22, DB23, DB26) benzina 258 cai LPR B2108VR pentru Toyota. \u2713 Cod: B2108VR \u2713 Brand: LPR \u2713 \u00cen stoc \u2713 Livrare 24h \u2713 Garan\u021bie!","og_url":"https:\/\/autorival.ro\/toyot\/produs\/disc-frana-toyota-supra-db_-2-0-db21-db22-db23-db26-benzina-258-cai-lpr-b2108vr\/","og_site_name":"Toyota","og_image":[{"width":1024,"height":1024,"url":"https:\/\/autorival.ro\/toyot\/wp-content\/uploads\/sites\/29\/2026\/02\/no-photo-4597.jpg","type":"image\/jpeg"}],"twitter_card":"summary_large_image","twitter_title":"Disc frana TOYOTA SUPRA (DB_) 2.0 (DB21, DB22, DB23, DB26) benzina 258 cai LPR B2108VR Toyota | LPR - Autorival","twitter_description":"\u26a1 Disc frana TOYOTA SUPRA (DB_) 2.0 (DB21, DB22, DB23, DB26) benzina 258 cai LPR B2108VR pentru Toyota. \u2713 Cod: B2108VR \u2713 Brand: LPR \u2713 \u00cen stoc \u2713 Livrare 24h \u2713 Garan\u021bie!","schema":{"@context":"https:\/\/schema.org","@graph":[{"@type":"WebPage","@id":"https:\/\/autorival.ro\/toyot\/produs\/disc-frana-toyota-supra-db_-2-0-db21-db22-db23-db26-benzina-258-cai-lpr-b2108vr\/","url":"https:\/\/autorival.ro\/toyot\/produs\/disc-frana-toyota-supra-db_-2-0-db21-db22-db23-db26-benzina-258-cai-lpr-b2108vr\/","name":"Disc frana TOYOTA SUPRA (DB_) 2.0 (DB21, DB22, DB23, DB26) benzina 258 cai LPR B2108VR Toyota | LPR - Autorival","isPartOf":{"@id":"https:\/\/autorival.ro\/toyot\/#website"},"primaryImageOfPage":{"@id":"https:\/\/autorival.ro\/toyot\/produs\/disc-frana-toyota-supra-db_-2-0-db21-db22-db23-db26-benzina-258-cai-lpr-b2108vr\/#primaryimage"},"image":{"@id":"https:\/\/autorival.ro\/toyot\/produs\/disc-frana-toyota-supra-db_-2-0-db21-db22-db23-db26-benzina-258-cai-lpr-b2108vr\/#primaryimage"},"thumbnailUrl":"https:\/\/autorival.ro\/toyot\/wp-content\/uploads\/sites\/29\/2026\/02\/no-photo-4597.jpg","datePublished":"2026-02-09T11:32:58+00:00","description":"\u26a1 Disc frana TOYOTA SUPRA (DB_) 2.0 (DB21, DB22, DB23, DB26) benzina 258 cai LPR B2108VR pentru Toyota. \u2713 Cod: B2108VR \u2713 Brand: LPR \u2713 \u00cen stoc \u2713 Livrare 24h \u2713 Garan\u021bie!","breadcrumb":{"@id":"https:\/\/autorival.ro\/toyot\/produs\/disc-frana-toyota-supra-db_-2-0-db21-db22-db23-db26-benzina-258-cai-lpr-b2108vr\/#breadcrumb"},"inLanguage":"ro-RO","potentialAction":[{"@type":"ReadAction","target":["https:\/\/autorival.ro\/toyot\/produs\/disc-frana-toyota-supra-db_-2-0-db21-db22-db23-db26-benzina-258-cai-lpr-b2108vr\/"]}]},{"@type":"ImageObject","inLanguage":"ro-RO","@id":"https:\/\/autorival.ro\/toyot\/produs\/disc-frana-toyota-supra-db_-2-0-db21-db22-db23-db26-benzina-258-cai-lpr-b2108vr\/#primaryimage","url":"https:\/\/autorival.ro\/toyot\/wp-content\/uploads\/sites\/29\/2026\/02\/no-photo-4597.jpg","contentUrl":"https:\/\/autorival.ro\/toyot\/wp-content\/uploads\/sites\/29\/2026\/02\/no-photo-4597.jpg","width":1024,"height":1024},{"@type":"BreadcrumbList","@id":"https:\/\/autorival.ro\/toyot\/produs\/disc-frana-toyota-supra-db_-2-0-db21-db22-db23-db26-benzina-258-cai-lpr-b2108vr\/#breadcrumb","itemListElement":[{"@type":"ListItem","position":1,"name":"Prima pagin\u0103","item":"https:\/\/autorival.ro\/toyot\/"},{"@type":"ListItem","position":2,"name":"TOYOTA","item":"https:\/\/autorival.ro\/toyot\/"},{"@type":"ListItem","position":3,"name":"Disc frana TOYOTA SUPRA (DB_) 2.0 (DB21, DB22, DB23, DB26) benzina 258 cai LPR B2108VR"}]},{"@type":"WebSite","@id":"https:\/\/autorival.ro\/toyot\/#website","url":"https:\/\/autorival.ro\/toyot\/","name":"Toyota","description":"","potentialAction":[{"@type":"SearchAction","target":{"@type":"EntryPoint","urlTemplate":"https:\/\/autorival.ro\/toyot\/?s={search_term_string}"},"query-input":{"@type":"PropertyValueSpecification","valueRequired":true,"valueName":"search_term_string"}}],"inLanguage":"ro-RO"}]}},"_links":{"self":[{"href":"https:\/\/autorival.ro\/toyot\/wp-json\/wp\/v2\/product\/1976438","targetHints":{"allow":["GET"]}}],"collection":[{"href":"https:\/\/autorival.ro\/toyot\/wp-json\/wp\/v2\/product"}],"about":[{"href":"https:\/\/autorival.ro\/toyot\/wp-json\/wp\/v2\/types\/product"}],"replies":[{"embeddable":true,"href":"https:\/\/autorival.ro\/toyot\/wp-json\/wp\/v2\/comments?post=1976438"}],"wp:featuredmedia":[{"embeddable":true,"href":"https:\/\/autorival.ro\/toyot\/wp-json\/wp\/v2\/media\/1976439"}],"wp:attachment":[{"href":"https:\/\/autorival.ro\/toyot\/wp-json\/wp\/v2\/media?parent=1976438"}],"wp:term":[{"taxonomy":"product_brand","embeddable":true,"href":"https:\/\/autorival.ro\/toyot\/wp-json\/wp\/v2\/product_brand?post=1976438"},{"taxonomy":"product_cat","embeddable":true,"href":"https:\/\/autorival.ro\/toyot\/wp-json\/wp\/v2\/product_cat?post=1976438"},{"taxonomy":"product_tag","embeddable":true,"href":"https:\/\/autorival.ro\/toyot\/wp-json\/wp\/v2\/product_tag?post=1976438"}],"curies":[{"name":"wp","href":"https:\/\/api.w.org\/{rel}","templated":true}]}}