{"id":1973778,"date":"2026-02-09T10:03:52","date_gmt":"2026-02-09T10:03:52","guid":{"rendered":"https:\/\/autorival.ro\/toyot\/produs\/disc-frana-toyota-rav-4-iii-_a3_-2-0-zsa35_-zsa35r-benzina-158-cai-denckermann-b130618\/"},"modified":"2026-02-09T10:03:52","modified_gmt":"2026-02-09T10:03:52","slug":"disc-frana-toyota-rav-4-iii-_a3_-2-0-zsa35_-zsa35r-benzina-158-cai-denckermann-b130618","status":"publish","type":"product","link":"https:\/\/autorival.ro\/toyot\/produs\/disc-frana-toyota-rav-4-iii-_a3_-2-0-zsa35_-zsa35r-benzina-158-cai-denckermann-b130618\/","title":{"rendered":"Disc frana TOYOTA RAV 4 III (_A3_) 2.0 (ZSA35_, ZSA35R) benzina 158 cai DENCKERMANN B130618"},"content":{"rendered":"<p>Partea de montare: puntea spateGrosime minima [mm]: 10,5Tip disc fr\u00e2na: plinDiametrul orificiului [mm]: 14,5Grosime disc fr\u00e2na [mm]: 12Asezare gauri \u00d8 [mm]: 114,3Numar gauri: 5Diametru interior [mm]: 172,0\u00cenaltime [mm]: 55Diametru de centrare [mm]: 62Diametru exterior [mm]: 281<\/p>\n","protected":false},"excerpt":{"rendered":"<p>Producator: DENCKERMANN Cod producator: B130618<\/p>\n","protected":false},"featured_media":1973779,"comment_status":"open","ping_status":"closed","template":"","meta":[],"product_brand":[1814],"product_cat":[36516],"product_tag":[],"class_list":{"0":"post-1973778","1":"product","2":"type-product","3":"status-publish","4":"has-post-thumbnail","6":"product_brand-denckermann","7":"product_cat-disc-frana-a3-2-0-zsa35-benzina-158","9":"first","10":"instock","11":"shipping-taxable","12":"purchasable","13":"product-type-simple"},"yoast_head":"<!-- This site is optimized with the Yoast SEO plugin v27.4 - https:\/\/yoast.com\/product\/yoast-seo-wordpress\/ -->\n<title>Disc frana TOYOTA RAV 4 III (_A3_) 2.0 (ZSA35_, ZSA35R) benzina 158 cai DENCKERMANN B130618 Toyota | DENCKERMANN - Autorival<\/title>\n<meta name=\"description\" content=\"\u26a1 Disc frana TOYOTA RAV 4 III (_A3_) 2.0 (ZSA35_, ZSA35R) benzina 158 cai DENCKERMANN B130618 pentru Toyota. \u2713 Cod: B130618 \u2713 Brand: DENCKERMANN \u2713 \u00cen stoc \u2713 Livrare 24h \u2713 Garan\u021bie!\" \/>\n<meta name=\"robots\" content=\"index, follow, max-snippet:-1, max-image-preview:large, max-video-preview:-1\" \/>\n<meta property=\"og:locale\" content=\"ro_RO\" \/>\n<meta property=\"og:type\" content=\"article\" \/>\n<meta property=\"og:title\" content=\"Disc frana TOYOTA RAV 4 III (_A3_) 2.0 (ZSA35_, ZSA35R) benzina 158 cai DENCKERMANN B130618 Toyota | DENCKERMANN - Autorival\" \/>\n<meta property=\"og:description\" content=\"\u26a1 Disc frana TOYOTA RAV 4 III (_A3_) 2.0 (ZSA35_, ZSA35R) benzina 158 cai DENCKERMANN B130618 pentru Toyota. \u2713 Cod: B130618 \u2713 Brand: DENCKERMANN \u2713 \u00cen stoc \u2713 Livrare 24h \u2713 Garan\u021bie!\" \/>\n<meta property=\"og:url\" content=\"https:\/\/autorival.ro\/toyot\/produs\/disc-frana-toyota-rav-4-iii-_a3_-2-0-zsa35_-zsa35r-benzina-158-cai-denckermann-b130618\/\" \/>\n<meta property=\"og:site_name\" content=\"Toyota\" \/>\n<meta property=\"og:image\" content=\"https:\/\/autorival.ro\/toyot\/wp-content\/uploads\/sites\/29\/2026\/02\/b130618.jpg\" \/>\n\t<meta property=\"og:image:width\" content=\"396\" \/>\n\t<meta property=\"og:image:height\" content=\"300\" \/>\n\t<meta property=\"og:image:type\" content=\"image\/jpeg\" \/>\n<meta name=\"twitter:card\" content=\"summary_large_image\" \/>\n<meta name=\"twitter:title\" content=\"Disc frana TOYOTA RAV 4 III (_A3_) 2.0 (ZSA35_, ZSA35R) benzina 158 cai DENCKERMANN B130618 Toyota | DENCKERMANN - Autorival\" \/>\n<meta name=\"twitter:description\" content=\"\u26a1 Disc frana TOYOTA RAV 4 III (_A3_) 2.0 (ZSA35_, ZSA35R) benzina 158 cai DENCKERMANN B130618 pentru Toyota. \u2713 Cod: B130618 \u2713 Brand: DENCKERMANN \u2713 \u00cen stoc \u2713 Livrare 24h \u2713 Garan\u021bie!\" \/>\n<script type=\"application\/ld+json\" class=\"yoast-schema-graph\">{\"@context\":\"https:\\\/\\\/schema.org\",\"@graph\":[{\"@type\":\"WebPage\",\"@id\":\"https:\\\/\\\/autorival.ro\\\/toyot\\\/produs\\\/disc-frana-toyota-rav-4-iii-_a3_-2-0-zsa35_-zsa35r-benzina-158-cai-denckermann-b130618\\\/\",\"url\":\"https:\\\/\\\/autorival.ro\\\/toyot\\\/produs\\\/disc-frana-toyota-rav-4-iii-_a3_-2-0-zsa35_-zsa35r-benzina-158-cai-denckermann-b130618\\\/\",\"name\":\"Disc frana TOYOTA RAV 4 III (_A3_) 2.0 (ZSA35_, ZSA35R) benzina 158 cai DENCKERMANN B130618 Toyota | DENCKERMANN - Autorival\",\"isPartOf\":{\"@id\":\"https:\\\/\\\/autorival.ro\\\/toyot\\\/#website\"},\"primaryImageOfPage\":{\"@id\":\"https:\\\/\\\/autorival.ro\\\/toyot\\\/produs\\\/disc-frana-toyota-rav-4-iii-_a3_-2-0-zsa35_-zsa35r-benzina-158-cai-denckermann-b130618\\\/#primaryimage\"},\"image\":{\"@id\":\"https:\\\/\\\/autorival.ro\\\/toyot\\\/produs\\\/disc-frana-toyota-rav-4-iii-_a3_-2-0-zsa35_-zsa35r-benzina-158-cai-denckermann-b130618\\\/#primaryimage\"},\"thumbnailUrl\":\"https:\\\/\\\/autorival.ro\\\/toyot\\\/wp-content\\\/uploads\\\/sites\\\/29\\\/2026\\\/02\\\/b130618.jpg\",\"datePublished\":\"2026-02-09T10:03:52+00:00\",\"description\":\"\u26a1 Disc frana TOYOTA RAV 4 III (_A3_) 2.0 (ZSA35_, ZSA35R) benzina 158 cai DENCKERMANN B130618 pentru Toyota. \u2713 Cod: B130618 \u2713 Brand: DENCKERMANN \u2713 \u00cen stoc \u2713 Livrare 24h \u2713 Garan\u021bie!\",\"breadcrumb\":{\"@id\":\"https:\\\/\\\/autorival.ro\\\/toyot\\\/produs\\\/disc-frana-toyota-rav-4-iii-_a3_-2-0-zsa35_-zsa35r-benzina-158-cai-denckermann-b130618\\\/#breadcrumb\"},\"inLanguage\":\"ro-RO\",\"potentialAction\":[{\"@type\":\"ReadAction\",\"target\":[\"https:\\\/\\\/autorival.ro\\\/toyot\\\/produs\\\/disc-frana-toyota-rav-4-iii-_a3_-2-0-zsa35_-zsa35r-benzina-158-cai-denckermann-b130618\\\/\"]}]},{\"@type\":\"ImageObject\",\"inLanguage\":\"ro-RO\",\"@id\":\"https:\\\/\\\/autorival.ro\\\/toyot\\\/produs\\\/disc-frana-toyota-rav-4-iii-_a3_-2-0-zsa35_-zsa35r-benzina-158-cai-denckermann-b130618\\\/#primaryimage\",\"url\":\"https:\\\/\\\/autorival.ro\\\/toyot\\\/wp-content\\\/uploads\\\/sites\\\/29\\\/2026\\\/02\\\/b130618.jpg\",\"contentUrl\":\"https:\\\/\\\/autorival.ro\\\/toyot\\\/wp-content\\\/uploads\\\/sites\\\/29\\\/2026\\\/02\\\/b130618.jpg\",\"width\":396,\"height\":300},{\"@type\":\"BreadcrumbList\",\"@id\":\"https:\\\/\\\/autorival.ro\\\/toyot\\\/produs\\\/disc-frana-toyota-rav-4-iii-_a3_-2-0-zsa35_-zsa35r-benzina-158-cai-denckermann-b130618\\\/#breadcrumb\",\"itemListElement\":[{\"@type\":\"ListItem\",\"position\":1,\"name\":\"Prima pagin\u0103\",\"item\":\"https:\\\/\\\/autorival.ro\\\/toyot\\\/\"},{\"@type\":\"ListItem\",\"position\":2,\"name\":\"TOYOTA\",\"item\":\"https:\\\/\\\/autorival.ro\\\/toyot\\\/\"},{\"@type\":\"ListItem\",\"position\":3,\"name\":\"Disc frana TOYOTA RAV 4 III (_A3_) 2.0 (ZSA35_, ZSA35R) benzina 158 cai DENCKERMANN B130618\"}]},{\"@type\":\"WebSite\",\"@id\":\"https:\\\/\\\/autorival.ro\\\/toyot\\\/#website\",\"url\":\"https:\\\/\\\/autorival.ro\\\/toyot\\\/\",\"name\":\"Toyota\",\"description\":\"\",\"potentialAction\":[{\"@type\":\"SearchAction\",\"target\":{\"@type\":\"EntryPoint\",\"urlTemplate\":\"https:\\\/\\\/autorival.ro\\\/toyot\\\/?s={search_term_string}\"},\"query-input\":{\"@type\":\"PropertyValueSpecification\",\"valueRequired\":true,\"valueName\":\"search_term_string\"}}],\"inLanguage\":\"ro-RO\"}]}<\/script>\n<!-- \/ Yoast SEO plugin. -->","yoast_head_json":{"title":"Disc frana TOYOTA RAV 4 III (_A3_) 2.0 (ZSA35_, ZSA35R) benzina 158 cai DENCKERMANN B130618 Toyota | DENCKERMANN - Autorival","description":"\u26a1 Disc frana TOYOTA RAV 4 III (_A3_) 2.0 (ZSA35_, ZSA35R) benzina 158 cai DENCKERMANN B130618 pentru Toyota. \u2713 Cod: B130618 \u2713 Brand: DENCKERMANN \u2713 \u00cen stoc \u2713 Livrare 24h \u2713 Garan\u021bie!","robots":{"index":"index","follow":"follow","max-snippet":"max-snippet:-1","max-image-preview":"max-image-preview:large","max-video-preview":"max-video-preview:-1"},"og_locale":"ro_RO","og_type":"article","og_title":"Disc frana TOYOTA RAV 4 III (_A3_) 2.0 (ZSA35_, ZSA35R) benzina 158 cai DENCKERMANN B130618 Toyota | DENCKERMANN - Autorival","og_description":"\u26a1 Disc frana TOYOTA RAV 4 III (_A3_) 2.0 (ZSA35_, ZSA35R) benzina 158 cai DENCKERMANN B130618 pentru Toyota. \u2713 Cod: B130618 \u2713 Brand: DENCKERMANN \u2713 \u00cen stoc \u2713 Livrare 24h \u2713 Garan\u021bie!","og_url":"https:\/\/autorival.ro\/toyot\/produs\/disc-frana-toyota-rav-4-iii-_a3_-2-0-zsa35_-zsa35r-benzina-158-cai-denckermann-b130618\/","og_site_name":"Toyota","og_image":[{"width":396,"height":300,"url":"https:\/\/autorival.ro\/toyot\/wp-content\/uploads\/sites\/29\/2026\/02\/b130618.jpg","type":"image\/jpeg"}],"twitter_card":"summary_large_image","twitter_title":"Disc frana TOYOTA RAV 4 III (_A3_) 2.0 (ZSA35_, ZSA35R) benzina 158 cai DENCKERMANN B130618 Toyota | DENCKERMANN - Autorival","twitter_description":"\u26a1 Disc frana TOYOTA RAV 4 III (_A3_) 2.0 (ZSA35_, ZSA35R) benzina 158 cai DENCKERMANN B130618 pentru Toyota. \u2713 Cod: B130618 \u2713 Brand: DENCKERMANN \u2713 \u00cen stoc \u2713 Livrare 24h \u2713 Garan\u021bie!","schema":{"@context":"https:\/\/schema.org","@graph":[{"@type":"WebPage","@id":"https:\/\/autorival.ro\/toyot\/produs\/disc-frana-toyota-rav-4-iii-_a3_-2-0-zsa35_-zsa35r-benzina-158-cai-denckermann-b130618\/","url":"https:\/\/autorival.ro\/toyot\/produs\/disc-frana-toyota-rav-4-iii-_a3_-2-0-zsa35_-zsa35r-benzina-158-cai-denckermann-b130618\/","name":"Disc frana TOYOTA RAV 4 III (_A3_) 2.0 (ZSA35_, ZSA35R) benzina 158 cai DENCKERMANN B130618 Toyota | DENCKERMANN - Autorival","isPartOf":{"@id":"https:\/\/autorival.ro\/toyot\/#website"},"primaryImageOfPage":{"@id":"https:\/\/autorival.ro\/toyot\/produs\/disc-frana-toyota-rav-4-iii-_a3_-2-0-zsa35_-zsa35r-benzina-158-cai-denckermann-b130618\/#primaryimage"},"image":{"@id":"https:\/\/autorival.ro\/toyot\/produs\/disc-frana-toyota-rav-4-iii-_a3_-2-0-zsa35_-zsa35r-benzina-158-cai-denckermann-b130618\/#primaryimage"},"thumbnailUrl":"https:\/\/autorival.ro\/toyot\/wp-content\/uploads\/sites\/29\/2026\/02\/b130618.jpg","datePublished":"2026-02-09T10:03:52+00:00","description":"\u26a1 Disc frana TOYOTA RAV 4 III (_A3_) 2.0 (ZSA35_, ZSA35R) benzina 158 cai DENCKERMANN B130618 pentru Toyota. \u2713 Cod: B130618 \u2713 Brand: DENCKERMANN \u2713 \u00cen stoc \u2713 Livrare 24h \u2713 Garan\u021bie!","breadcrumb":{"@id":"https:\/\/autorival.ro\/toyot\/produs\/disc-frana-toyota-rav-4-iii-_a3_-2-0-zsa35_-zsa35r-benzina-158-cai-denckermann-b130618\/#breadcrumb"},"inLanguage":"ro-RO","potentialAction":[{"@type":"ReadAction","target":["https:\/\/autorival.ro\/toyot\/produs\/disc-frana-toyota-rav-4-iii-_a3_-2-0-zsa35_-zsa35r-benzina-158-cai-denckermann-b130618\/"]}]},{"@type":"ImageObject","inLanguage":"ro-RO","@id":"https:\/\/autorival.ro\/toyot\/produs\/disc-frana-toyota-rav-4-iii-_a3_-2-0-zsa35_-zsa35r-benzina-158-cai-denckermann-b130618\/#primaryimage","url":"https:\/\/autorival.ro\/toyot\/wp-content\/uploads\/sites\/29\/2026\/02\/b130618.jpg","contentUrl":"https:\/\/autorival.ro\/toyot\/wp-content\/uploads\/sites\/29\/2026\/02\/b130618.jpg","width":396,"height":300},{"@type":"BreadcrumbList","@id":"https:\/\/autorival.ro\/toyot\/produs\/disc-frana-toyota-rav-4-iii-_a3_-2-0-zsa35_-zsa35r-benzina-158-cai-denckermann-b130618\/#breadcrumb","itemListElement":[{"@type":"ListItem","position":1,"name":"Prima pagin\u0103","item":"https:\/\/autorival.ro\/toyot\/"},{"@type":"ListItem","position":2,"name":"TOYOTA","item":"https:\/\/autorival.ro\/toyot\/"},{"@type":"ListItem","position":3,"name":"Disc frana TOYOTA RAV 4 III (_A3_) 2.0 (ZSA35_, ZSA35R) benzina 158 cai DENCKERMANN B130618"}]},{"@type":"WebSite","@id":"https:\/\/autorival.ro\/toyot\/#website","url":"https:\/\/autorival.ro\/toyot\/","name":"Toyota","description":"","potentialAction":[{"@type":"SearchAction","target":{"@type":"EntryPoint","urlTemplate":"https:\/\/autorival.ro\/toyot\/?s={search_term_string}"},"query-input":{"@type":"PropertyValueSpecification","valueRequired":true,"valueName":"search_term_string"}}],"inLanguage":"ro-RO"}]}},"_links":{"self":[{"href":"https:\/\/autorival.ro\/toyot\/wp-json\/wp\/v2\/product\/1973778","targetHints":{"allow":["GET"]}}],"collection":[{"href":"https:\/\/autorival.ro\/toyot\/wp-json\/wp\/v2\/product"}],"about":[{"href":"https:\/\/autorival.ro\/toyot\/wp-json\/wp\/v2\/types\/product"}],"replies":[{"embeddable":true,"href":"https:\/\/autorival.ro\/toyot\/wp-json\/wp\/v2\/comments?post=1973778"}],"wp:featuredmedia":[{"embeddable":true,"href":"https:\/\/autorival.ro\/toyot\/wp-json\/wp\/v2\/media\/1973779"}],"wp:attachment":[{"href":"https:\/\/autorival.ro\/toyot\/wp-json\/wp\/v2\/media?parent=1973778"}],"wp:term":[{"taxonomy":"product_brand","embeddable":true,"href":"https:\/\/autorival.ro\/toyot\/wp-json\/wp\/v2\/product_brand?post=1973778"},{"taxonomy":"product_cat","embeddable":true,"href":"https:\/\/autorival.ro\/toyot\/wp-json\/wp\/v2\/product_cat?post=1973778"},{"taxonomy":"product_tag","embeddable":true,"href":"https:\/\/autorival.ro\/toyot\/wp-json\/wp\/v2\/product_tag?post=1973778"}],"curies":[{"name":"wp","href":"https:\/\/api.w.org\/{rel}","templated":true}]}}