{"id":1972646,"date":"2026-02-09T09:27:43","date_gmt":"2026-02-09T09:27:43","guid":{"rendered":"https:\/\/autorival.ro\/toyot\/produs\/disc-frana-toyota-proace-caroserie-mdz_-2-0-d4d-mdz4-diesel-150-cai-comline-adc2724\/"},"modified":"2026-02-09T09:27:43","modified_gmt":"2026-02-09T09:27:43","slug":"disc-frana-toyota-proace-caroserie-mdz_-2-0-d4d-mdz4-diesel-150-cai-comline-adc2724","status":"publish","type":"product","link":"https:\/\/autorival.ro\/toyot\/produs\/disc-frana-toyota-proace-caroserie-mdz_-2-0-d4d-mdz4-diesel-150-cai-comline-adc2724\/","title":{"rendered":"Disc frana TOYOTA PROACE caroserie (MDZ_) 2.0 D4d (MDZ4) diesel 150 cai COMLINE ADC2724"},"content":{"rendered":"<p>Partea de montare: puntea spate\u00cenaltime [mm]: 35Tip disc fr\u00e2na: plinGrosime disc fr\u00e2na [mm]: 12Grosime minima [mm]: 10Numar pistoane: 3Diametru exterior [mm]: 290Numar gauri: 5Diametru de centrare [mm]: 71,1Asezare gauri \u00d8 [mm]: 108Suprafata: acoperit (cu un strat protector)<\/p>\n","protected":false},"excerpt":{"rendered":"<p>Producator: COMLINE Cod producator: ADC2724<\/p>\n","protected":false},"featured_media":1972647,"comment_status":"open","ping_status":"closed","template":"","meta":[],"product_brand":[10942],"product_cat":[36494],"product_tag":[],"class_list":{"0":"post-1972646","1":"product","2":"type-product","3":"status-publish","4":"has-post-thumbnail","6":"product_brand-comline","7":"product_cat-disc-frana-mdz-2-0-d4d-mdz4-diesel-150-proace-caroserie","9":"first","10":"instock","11":"shipping-taxable","12":"purchasable","13":"product-type-simple"},"yoast_head":"<!-- This site is optimized with the Yoast SEO plugin v27.4 - https:\/\/yoast.com\/product\/yoast-seo-wordpress\/ -->\n<title>Disc frana TOYOTA PROACE caroserie (MDZ_) 2.0 D4d (MDZ4) diesel 150 cai COMLINE ADC2724 Toyota | COMLINE - Autorival<\/title>\n<meta name=\"description\" content=\"\u26a1 Disc frana TOYOTA PROACE caroserie (MDZ_) 2.0 D4d (MDZ4) diesel 150 cai COMLINE ADC2724 pentru Toyota. \u2713 Cod: ADC2724 \u2713 Brand: COMLINE \u2713 \u00cen stoc \u2713 Livrare 24h \u2713 Garan\u021bie!\" \/>\n<meta name=\"robots\" content=\"index, follow, max-snippet:-1, max-image-preview:large, max-video-preview:-1\" \/>\n<meta property=\"og:locale\" content=\"ro_RO\" \/>\n<meta property=\"og:type\" content=\"article\" \/>\n<meta property=\"og:title\" content=\"Disc frana TOYOTA PROACE caroserie (MDZ_) 2.0 D4d (MDZ4) diesel 150 cai COMLINE ADC2724 Toyota | COMLINE - Autorival\" \/>\n<meta property=\"og:description\" content=\"\u26a1 Disc frana TOYOTA PROACE caroserie (MDZ_) 2.0 D4d (MDZ4) diesel 150 cai COMLINE ADC2724 pentru Toyota. \u2713 Cod: ADC2724 \u2713 Brand: COMLINE \u2713 \u00cen stoc \u2713 Livrare 24h \u2713 Garan\u021bie!\" \/>\n<meta property=\"og:url\" content=\"https:\/\/autorival.ro\/toyot\/produs\/disc-frana-toyota-proace-caroserie-mdz_-2-0-d4d-mdz4-diesel-150-cai-comline-adc2724\/\" \/>\n<meta property=\"og:site_name\" content=\"Toyota\" \/>\n<meta property=\"og:image\" content=\"https:\/\/autorival.ro\/toyot\/wp-content\/uploads\/sites\/29\/2026\/02\/adc2724_6492043-21.jpg\" \/>\n\t<meta property=\"og:image:width\" content=\"600\" \/>\n\t<meta property=\"og:image:height\" content=\"400\" \/>\n\t<meta property=\"og:image:type\" content=\"image\/jpeg\" \/>\n<meta name=\"twitter:card\" content=\"summary_large_image\" \/>\n<meta name=\"twitter:title\" content=\"Disc frana TOYOTA PROACE caroserie (MDZ_) 2.0 D4d (MDZ4) diesel 150 cai COMLINE ADC2724 Toyota | COMLINE - Autorival\" \/>\n<meta name=\"twitter:description\" content=\"\u26a1 Disc frana TOYOTA PROACE caroserie (MDZ_) 2.0 D4d (MDZ4) diesel 150 cai COMLINE ADC2724 pentru Toyota. \u2713 Cod: ADC2724 \u2713 Brand: COMLINE \u2713 \u00cen stoc \u2713 Livrare 24h \u2713 Garan\u021bie!\" \/>\n<script type=\"application\/ld+json\" class=\"yoast-schema-graph\">{\"@context\":\"https:\\\/\\\/schema.org\",\"@graph\":[{\"@type\":\"WebPage\",\"@id\":\"https:\\\/\\\/autorival.ro\\\/toyot\\\/produs\\\/disc-frana-toyota-proace-caroserie-mdz_-2-0-d4d-mdz4-diesel-150-cai-comline-adc2724\\\/\",\"url\":\"https:\\\/\\\/autorival.ro\\\/toyot\\\/produs\\\/disc-frana-toyota-proace-caroserie-mdz_-2-0-d4d-mdz4-diesel-150-cai-comline-adc2724\\\/\",\"name\":\"Disc frana TOYOTA PROACE caroserie (MDZ_) 2.0 D4d (MDZ4) diesel 150 cai COMLINE ADC2724 Toyota | COMLINE - Autorival\",\"isPartOf\":{\"@id\":\"https:\\\/\\\/autorival.ro\\\/toyot\\\/#website\"},\"primaryImageOfPage\":{\"@id\":\"https:\\\/\\\/autorival.ro\\\/toyot\\\/produs\\\/disc-frana-toyota-proace-caroserie-mdz_-2-0-d4d-mdz4-diesel-150-cai-comline-adc2724\\\/#primaryimage\"},\"image\":{\"@id\":\"https:\\\/\\\/autorival.ro\\\/toyot\\\/produs\\\/disc-frana-toyota-proace-caroserie-mdz_-2-0-d4d-mdz4-diesel-150-cai-comline-adc2724\\\/#primaryimage\"},\"thumbnailUrl\":\"https:\\\/\\\/autorival.ro\\\/toyot\\\/wp-content\\\/uploads\\\/sites\\\/29\\\/2026\\\/02\\\/adc2724_6492043-21.jpg\",\"datePublished\":\"2026-02-09T09:27:43+00:00\",\"description\":\"\u26a1 Disc frana TOYOTA PROACE caroserie (MDZ_) 2.0 D4d (MDZ4) diesel 150 cai COMLINE ADC2724 pentru Toyota. \u2713 Cod: ADC2724 \u2713 Brand: COMLINE \u2713 \u00cen stoc \u2713 Livrare 24h \u2713 Garan\u021bie!\",\"breadcrumb\":{\"@id\":\"https:\\\/\\\/autorival.ro\\\/toyot\\\/produs\\\/disc-frana-toyota-proace-caroserie-mdz_-2-0-d4d-mdz4-diesel-150-cai-comline-adc2724\\\/#breadcrumb\"},\"inLanguage\":\"ro-RO\",\"potentialAction\":[{\"@type\":\"ReadAction\",\"target\":[\"https:\\\/\\\/autorival.ro\\\/toyot\\\/produs\\\/disc-frana-toyota-proace-caroserie-mdz_-2-0-d4d-mdz4-diesel-150-cai-comline-adc2724\\\/\"]}]},{\"@type\":\"ImageObject\",\"inLanguage\":\"ro-RO\",\"@id\":\"https:\\\/\\\/autorival.ro\\\/toyot\\\/produs\\\/disc-frana-toyota-proace-caroserie-mdz_-2-0-d4d-mdz4-diesel-150-cai-comline-adc2724\\\/#primaryimage\",\"url\":\"https:\\\/\\\/autorival.ro\\\/toyot\\\/wp-content\\\/uploads\\\/sites\\\/29\\\/2026\\\/02\\\/adc2724_6492043-21.jpg\",\"contentUrl\":\"https:\\\/\\\/autorival.ro\\\/toyot\\\/wp-content\\\/uploads\\\/sites\\\/29\\\/2026\\\/02\\\/adc2724_6492043-21.jpg\",\"width\":600,\"height\":400},{\"@type\":\"BreadcrumbList\",\"@id\":\"https:\\\/\\\/autorival.ro\\\/toyot\\\/produs\\\/disc-frana-toyota-proace-caroserie-mdz_-2-0-d4d-mdz4-diesel-150-cai-comline-adc2724\\\/#breadcrumb\",\"itemListElement\":[{\"@type\":\"ListItem\",\"position\":1,\"name\":\"Prima pagin\u0103\",\"item\":\"https:\\\/\\\/autorival.ro\\\/toyot\\\/\"},{\"@type\":\"ListItem\",\"position\":2,\"name\":\"TOYOTA\",\"item\":\"https:\\\/\\\/autorival.ro\\\/toyot\\\/\"},{\"@type\":\"ListItem\",\"position\":3,\"name\":\"Disc frana TOYOTA PROACE caroserie (MDZ_) 2.0 D4d (MDZ4) diesel 150 cai COMLINE ADC2724\"}]},{\"@type\":\"WebSite\",\"@id\":\"https:\\\/\\\/autorival.ro\\\/toyot\\\/#website\",\"url\":\"https:\\\/\\\/autorival.ro\\\/toyot\\\/\",\"name\":\"Toyota\",\"description\":\"\",\"potentialAction\":[{\"@type\":\"SearchAction\",\"target\":{\"@type\":\"EntryPoint\",\"urlTemplate\":\"https:\\\/\\\/autorival.ro\\\/toyot\\\/?s={search_term_string}\"},\"query-input\":{\"@type\":\"PropertyValueSpecification\",\"valueRequired\":true,\"valueName\":\"search_term_string\"}}],\"inLanguage\":\"ro-RO\"}]}<\/script>\n<!-- \/ Yoast SEO plugin. -->","yoast_head_json":{"title":"Disc frana TOYOTA PROACE caroserie (MDZ_) 2.0 D4d (MDZ4) diesel 150 cai COMLINE ADC2724 Toyota | COMLINE - Autorival","description":"\u26a1 Disc frana TOYOTA PROACE caroserie (MDZ_) 2.0 D4d (MDZ4) diesel 150 cai COMLINE ADC2724 pentru Toyota. \u2713 Cod: ADC2724 \u2713 Brand: COMLINE \u2713 \u00cen stoc \u2713 Livrare 24h \u2713 Garan\u021bie!","robots":{"index":"index","follow":"follow","max-snippet":"max-snippet:-1","max-image-preview":"max-image-preview:large","max-video-preview":"max-video-preview:-1"},"og_locale":"ro_RO","og_type":"article","og_title":"Disc frana TOYOTA PROACE caroserie (MDZ_) 2.0 D4d (MDZ4) diesel 150 cai COMLINE ADC2724 Toyota | COMLINE - Autorival","og_description":"\u26a1 Disc frana TOYOTA PROACE caroserie (MDZ_) 2.0 D4d (MDZ4) diesel 150 cai COMLINE ADC2724 pentru Toyota. \u2713 Cod: ADC2724 \u2713 Brand: COMLINE \u2713 \u00cen stoc \u2713 Livrare 24h \u2713 Garan\u021bie!","og_url":"https:\/\/autorival.ro\/toyot\/produs\/disc-frana-toyota-proace-caroserie-mdz_-2-0-d4d-mdz4-diesel-150-cai-comline-adc2724\/","og_site_name":"Toyota","og_image":[{"width":600,"height":400,"url":"https:\/\/autorival.ro\/toyot\/wp-content\/uploads\/sites\/29\/2026\/02\/adc2724_6492043-21.jpg","type":"image\/jpeg"}],"twitter_card":"summary_large_image","twitter_title":"Disc frana TOYOTA PROACE caroserie (MDZ_) 2.0 D4d (MDZ4) diesel 150 cai COMLINE ADC2724 Toyota | COMLINE - Autorival","twitter_description":"\u26a1 Disc frana TOYOTA PROACE caroserie (MDZ_) 2.0 D4d (MDZ4) diesel 150 cai COMLINE ADC2724 pentru Toyota. \u2713 Cod: ADC2724 \u2713 Brand: COMLINE \u2713 \u00cen stoc \u2713 Livrare 24h \u2713 Garan\u021bie!","schema":{"@context":"https:\/\/schema.org","@graph":[{"@type":"WebPage","@id":"https:\/\/autorival.ro\/toyot\/produs\/disc-frana-toyota-proace-caroserie-mdz_-2-0-d4d-mdz4-diesel-150-cai-comline-adc2724\/","url":"https:\/\/autorival.ro\/toyot\/produs\/disc-frana-toyota-proace-caroserie-mdz_-2-0-d4d-mdz4-diesel-150-cai-comline-adc2724\/","name":"Disc frana TOYOTA PROACE caroserie (MDZ_) 2.0 D4d (MDZ4) diesel 150 cai COMLINE ADC2724 Toyota | COMLINE - Autorival","isPartOf":{"@id":"https:\/\/autorival.ro\/toyot\/#website"},"primaryImageOfPage":{"@id":"https:\/\/autorival.ro\/toyot\/produs\/disc-frana-toyota-proace-caroserie-mdz_-2-0-d4d-mdz4-diesel-150-cai-comline-adc2724\/#primaryimage"},"image":{"@id":"https:\/\/autorival.ro\/toyot\/produs\/disc-frana-toyota-proace-caroserie-mdz_-2-0-d4d-mdz4-diesel-150-cai-comline-adc2724\/#primaryimage"},"thumbnailUrl":"https:\/\/autorival.ro\/toyot\/wp-content\/uploads\/sites\/29\/2026\/02\/adc2724_6492043-21.jpg","datePublished":"2026-02-09T09:27:43+00:00","description":"\u26a1 Disc frana TOYOTA PROACE caroserie (MDZ_) 2.0 D4d (MDZ4) diesel 150 cai COMLINE ADC2724 pentru Toyota. \u2713 Cod: ADC2724 \u2713 Brand: COMLINE \u2713 \u00cen stoc \u2713 Livrare 24h \u2713 Garan\u021bie!","breadcrumb":{"@id":"https:\/\/autorival.ro\/toyot\/produs\/disc-frana-toyota-proace-caroserie-mdz_-2-0-d4d-mdz4-diesel-150-cai-comline-adc2724\/#breadcrumb"},"inLanguage":"ro-RO","potentialAction":[{"@type":"ReadAction","target":["https:\/\/autorival.ro\/toyot\/produs\/disc-frana-toyota-proace-caroserie-mdz_-2-0-d4d-mdz4-diesel-150-cai-comline-adc2724\/"]}]},{"@type":"ImageObject","inLanguage":"ro-RO","@id":"https:\/\/autorival.ro\/toyot\/produs\/disc-frana-toyota-proace-caroserie-mdz_-2-0-d4d-mdz4-diesel-150-cai-comline-adc2724\/#primaryimage","url":"https:\/\/autorival.ro\/toyot\/wp-content\/uploads\/sites\/29\/2026\/02\/adc2724_6492043-21.jpg","contentUrl":"https:\/\/autorival.ro\/toyot\/wp-content\/uploads\/sites\/29\/2026\/02\/adc2724_6492043-21.jpg","width":600,"height":400},{"@type":"BreadcrumbList","@id":"https:\/\/autorival.ro\/toyot\/produs\/disc-frana-toyota-proace-caroserie-mdz_-2-0-d4d-mdz4-diesel-150-cai-comline-adc2724\/#breadcrumb","itemListElement":[{"@type":"ListItem","position":1,"name":"Prima pagin\u0103","item":"https:\/\/autorival.ro\/toyot\/"},{"@type":"ListItem","position":2,"name":"TOYOTA","item":"https:\/\/autorival.ro\/toyot\/"},{"@type":"ListItem","position":3,"name":"Disc frana TOYOTA PROACE caroserie (MDZ_) 2.0 D4d (MDZ4) diesel 150 cai COMLINE ADC2724"}]},{"@type":"WebSite","@id":"https:\/\/autorival.ro\/toyot\/#website","url":"https:\/\/autorival.ro\/toyot\/","name":"Toyota","description":"","potentialAction":[{"@type":"SearchAction","target":{"@type":"EntryPoint","urlTemplate":"https:\/\/autorival.ro\/toyot\/?s={search_term_string}"},"query-input":{"@type":"PropertyValueSpecification","valueRequired":true,"valueName":"search_term_string"}}],"inLanguage":"ro-RO"}]}},"_links":{"self":[{"href":"https:\/\/autorival.ro\/toyot\/wp-json\/wp\/v2\/product\/1972646","targetHints":{"allow":["GET"]}}],"collection":[{"href":"https:\/\/autorival.ro\/toyot\/wp-json\/wp\/v2\/product"}],"about":[{"href":"https:\/\/autorival.ro\/toyot\/wp-json\/wp\/v2\/types\/product"}],"replies":[{"embeddable":true,"href":"https:\/\/autorival.ro\/toyot\/wp-json\/wp\/v2\/comments?post=1972646"}],"wp:featuredmedia":[{"embeddable":true,"href":"https:\/\/autorival.ro\/toyot\/wp-json\/wp\/v2\/media\/1972647"}],"wp:attachment":[{"href":"https:\/\/autorival.ro\/toyot\/wp-json\/wp\/v2\/media?parent=1972646"}],"wp:term":[{"taxonomy":"product_brand","embeddable":true,"href":"https:\/\/autorival.ro\/toyot\/wp-json\/wp\/v2\/product_brand?post=1972646"},{"taxonomy":"product_cat","embeddable":true,"href":"https:\/\/autorival.ro\/toyot\/wp-json\/wp\/v2\/product_cat?post=1972646"},{"taxonomy":"product_tag","embeddable":true,"href":"https:\/\/autorival.ro\/toyot\/wp-json\/wp\/v2\/product_tag?post=1972646"}],"curies":[{"name":"wp","href":"https:\/\/api.w.org\/{rel}","templated":true}]}}