{"id":1970022,"date":"2026-02-09T08:05:08","date_gmt":"2026-02-09T08:05:08","guid":{"rendered":"https:\/\/autorival.ro\/toyot\/produs\/disc-frana-toyota-proace-verso-bus-mpy_-1-6-d4d-mpy9-diesel-95-cai-textar-92267303\/"},"modified":"2026-02-09T08:05:08","modified_gmt":"2026-02-09T08:05:08","slug":"disc-frana-toyota-proace-verso-bus-mpy_-1-6-d4d-mpy9-diesel-95-cai-textar-92267303","status":"publish","type":"product","link":"https:\/\/autorival.ro\/toyot\/produs\/disc-frana-toyota-proace-verso-bus-mpy_-1-6-d4d-mpy9-diesel-95-cai-textar-92267303\/","title":{"rendered":"Disc frana TOYOTA PROACE VERSO bus (MPY_) 1.6 D4d (MPY9) diesel 95 cai TEXTAR 92267303"},"content":{"rendered":"<p>Partea de montare: puntea spateEchipament vehicul: pentru vehicule f\u0103r\u0103 fr\u00e2n\u0103 de parcare electric\u0103Tip disc fr\u00e2na: plinDiametru exterior [mm]: 290Grosime disc fr\u00e2na [mm]: 12\u00cenaltime [mm]: 35Grosime minima [mm]: 10Suprafata: acoperit (cu un strat protector)Diametru interior [mm]: 133Asezare gauri \u00d8 [mm]: 108Diametru de centrare [mm]: 71,1Asezare gauri\/numar gauri: 05\/08Diametru alezaj bol\u021b roat\u0103 [mm]: 13,3Articol completare\/Info suplimentar 2: fara butuc roata, fara rulment roata, fara suruburi de fixare roataLungime ambalaj [cm]: 30,3Latime ambalaj [cm]: 30,3Inaltime ambalaj [cm]: 8,6Greutate [kg]: 4,8<\/p>\n","protected":false},"excerpt":{"rendered":"<p>Producator: TEXTAR Cod producator: 92267303<\/p>\n","protected":false},"featured_media":1970023,"comment_status":"open","ping_status":"closed","template":"","meta":[],"product_brand":[15719],"product_cat":[36466],"product_tag":[],"class_list":{"0":"post-1970022","1":"product","2":"type-product","3":"status-publish","4":"has-post-thumbnail","6":"product_brand-textar","7":"product_cat-disc-frana-mpy-1-6-d4d-mpy9-diesel-95","9":"first","10":"instock","11":"shipping-taxable","12":"purchasable","13":"product-type-simple"},"yoast_head":"<!-- This site is optimized with the Yoast SEO plugin v27.4 - https:\/\/yoast.com\/product\/yoast-seo-wordpress\/ -->\n<title>Disc frana TOYOTA PROACE VERSO bus (MPY_) 1.6 D4d (MPY9) diesel 95 cai TEXTAR 92267303 Toyota | TEXTAR - Autorival<\/title>\n<meta name=\"description\" content=\"\u26a1 Disc frana TOYOTA PROACE VERSO bus (MPY_) 1.6 D4d (MPY9) diesel 95 cai TEXTAR 92267303 pentru Toyota. \u2713 Cod: 92267303 \u2713 Brand: TEXTAR \u2713 \u00cen stoc \u2713 Livrare 24h \u2713 Garan\u021bie!\" \/>\n<meta name=\"robots\" content=\"index, follow, max-snippet:-1, max-image-preview:large, max-video-preview:-1\" \/>\n<meta property=\"og:locale\" content=\"ro_RO\" \/>\n<meta property=\"og:type\" content=\"article\" \/>\n<meta property=\"og:title\" content=\"Disc frana TOYOTA PROACE VERSO bus (MPY_) 1.6 D4d (MPY9) diesel 95 cai TEXTAR 92267303 Toyota | TEXTAR - Autorival\" \/>\n<meta property=\"og:description\" content=\"\u26a1 Disc frana TOYOTA PROACE VERSO bus (MPY_) 1.6 D4d (MPY9) diesel 95 cai TEXTAR 92267303 pentru Toyota. \u2713 Cod: 92267303 \u2713 Brand: TEXTAR \u2713 \u00cen stoc \u2713 Livrare 24h \u2713 Garan\u021bie!\" \/>\n<meta property=\"og:url\" content=\"https:\/\/autorival.ro\/toyot\/produs\/disc-frana-toyota-proace-verso-bus-mpy_-1-6-d4d-mpy9-diesel-95-cai-textar-92267303\/\" \/>\n<meta property=\"og:site_name\" content=\"Toyota\" \/>\n<meta property=\"og:image\" content=\"https:\/\/autorival.ro\/toyot\/wp-content\/uploads\/sites\/29\/2026\/02\/98200_2673_0_1_tex-3.jpg\" \/>\n\t<meta property=\"og:image:width\" content=\"600\" \/>\n\t<meta property=\"og:image:height\" content=\"400\" \/>\n\t<meta property=\"og:image:type\" content=\"image\/jpeg\" \/>\n<meta name=\"twitter:card\" content=\"summary_large_image\" \/>\n<meta name=\"twitter:title\" content=\"Disc frana TOYOTA PROACE VERSO bus (MPY_) 1.6 D4d (MPY9) diesel 95 cai TEXTAR 92267303 Toyota | TEXTAR - Autorival\" \/>\n<meta name=\"twitter:description\" content=\"\u26a1 Disc frana TOYOTA PROACE VERSO bus (MPY_) 1.6 D4d (MPY9) diesel 95 cai TEXTAR 92267303 pentru Toyota. \u2713 Cod: 92267303 \u2713 Brand: TEXTAR \u2713 \u00cen stoc \u2713 Livrare 24h \u2713 Garan\u021bie!\" \/>\n<script type=\"application\/ld+json\" class=\"yoast-schema-graph\">{\"@context\":\"https:\\\/\\\/schema.org\",\"@graph\":[{\"@type\":\"WebPage\",\"@id\":\"https:\\\/\\\/autorival.ro\\\/toyot\\\/produs\\\/disc-frana-toyota-proace-verso-bus-mpy_-1-6-d4d-mpy9-diesel-95-cai-textar-92267303\\\/\",\"url\":\"https:\\\/\\\/autorival.ro\\\/toyot\\\/produs\\\/disc-frana-toyota-proace-verso-bus-mpy_-1-6-d4d-mpy9-diesel-95-cai-textar-92267303\\\/\",\"name\":\"Disc frana TOYOTA PROACE VERSO bus (MPY_) 1.6 D4d (MPY9) diesel 95 cai TEXTAR 92267303 Toyota | TEXTAR - Autorival\",\"isPartOf\":{\"@id\":\"https:\\\/\\\/autorival.ro\\\/toyot\\\/#website\"},\"primaryImageOfPage\":{\"@id\":\"https:\\\/\\\/autorival.ro\\\/toyot\\\/produs\\\/disc-frana-toyota-proace-verso-bus-mpy_-1-6-d4d-mpy9-diesel-95-cai-textar-92267303\\\/#primaryimage\"},\"image\":{\"@id\":\"https:\\\/\\\/autorival.ro\\\/toyot\\\/produs\\\/disc-frana-toyota-proace-verso-bus-mpy_-1-6-d4d-mpy9-diesel-95-cai-textar-92267303\\\/#primaryimage\"},\"thumbnailUrl\":\"https:\\\/\\\/autorival.ro\\\/toyot\\\/wp-content\\\/uploads\\\/sites\\\/29\\\/2026\\\/02\\\/98200_2673_0_1_tex-3.jpg\",\"datePublished\":\"2026-02-09T08:05:08+00:00\",\"description\":\"\u26a1 Disc frana TOYOTA PROACE VERSO bus (MPY_) 1.6 D4d (MPY9) diesel 95 cai TEXTAR 92267303 pentru Toyota. \u2713 Cod: 92267303 \u2713 Brand: TEXTAR \u2713 \u00cen stoc \u2713 Livrare 24h \u2713 Garan\u021bie!\",\"breadcrumb\":{\"@id\":\"https:\\\/\\\/autorival.ro\\\/toyot\\\/produs\\\/disc-frana-toyota-proace-verso-bus-mpy_-1-6-d4d-mpy9-diesel-95-cai-textar-92267303\\\/#breadcrumb\"},\"inLanguage\":\"ro-RO\",\"potentialAction\":[{\"@type\":\"ReadAction\",\"target\":[\"https:\\\/\\\/autorival.ro\\\/toyot\\\/produs\\\/disc-frana-toyota-proace-verso-bus-mpy_-1-6-d4d-mpy9-diesel-95-cai-textar-92267303\\\/\"]}]},{\"@type\":\"ImageObject\",\"inLanguage\":\"ro-RO\",\"@id\":\"https:\\\/\\\/autorival.ro\\\/toyot\\\/produs\\\/disc-frana-toyota-proace-verso-bus-mpy_-1-6-d4d-mpy9-diesel-95-cai-textar-92267303\\\/#primaryimage\",\"url\":\"https:\\\/\\\/autorival.ro\\\/toyot\\\/wp-content\\\/uploads\\\/sites\\\/29\\\/2026\\\/02\\\/98200_2673_0_1_tex-3.jpg\",\"contentUrl\":\"https:\\\/\\\/autorival.ro\\\/toyot\\\/wp-content\\\/uploads\\\/sites\\\/29\\\/2026\\\/02\\\/98200_2673_0_1_tex-3.jpg\",\"width\":600,\"height\":400},{\"@type\":\"BreadcrumbList\",\"@id\":\"https:\\\/\\\/autorival.ro\\\/toyot\\\/produs\\\/disc-frana-toyota-proace-verso-bus-mpy_-1-6-d4d-mpy9-diesel-95-cai-textar-92267303\\\/#breadcrumb\",\"itemListElement\":[{\"@type\":\"ListItem\",\"position\":1,\"name\":\"Prima pagin\u0103\",\"item\":\"https:\\\/\\\/autorival.ro\\\/toyot\\\/\"},{\"@type\":\"ListItem\",\"position\":2,\"name\":\"TOYOTA\",\"item\":\"https:\\\/\\\/autorival.ro\\\/toyot\\\/\"},{\"@type\":\"ListItem\",\"position\":3,\"name\":\"Disc frana TOYOTA PROACE VERSO bus (MPY_) 1.6 D4d (MPY9) diesel 95 cai TEXTAR 92267303\"}]},{\"@type\":\"WebSite\",\"@id\":\"https:\\\/\\\/autorival.ro\\\/toyot\\\/#website\",\"url\":\"https:\\\/\\\/autorival.ro\\\/toyot\\\/\",\"name\":\"Toyota\",\"description\":\"\",\"potentialAction\":[{\"@type\":\"SearchAction\",\"target\":{\"@type\":\"EntryPoint\",\"urlTemplate\":\"https:\\\/\\\/autorival.ro\\\/toyot\\\/?s={search_term_string}\"},\"query-input\":{\"@type\":\"PropertyValueSpecification\",\"valueRequired\":true,\"valueName\":\"search_term_string\"}}],\"inLanguage\":\"ro-RO\"}]}<\/script>\n<!-- \/ Yoast SEO plugin. -->","yoast_head_json":{"title":"Disc frana TOYOTA PROACE VERSO bus (MPY_) 1.6 D4d (MPY9) diesel 95 cai TEXTAR 92267303 Toyota | TEXTAR - Autorival","description":"\u26a1 Disc frana TOYOTA PROACE VERSO bus (MPY_) 1.6 D4d (MPY9) diesel 95 cai TEXTAR 92267303 pentru Toyota. \u2713 Cod: 92267303 \u2713 Brand: TEXTAR \u2713 \u00cen stoc \u2713 Livrare 24h \u2713 Garan\u021bie!","robots":{"index":"index","follow":"follow","max-snippet":"max-snippet:-1","max-image-preview":"max-image-preview:large","max-video-preview":"max-video-preview:-1"},"og_locale":"ro_RO","og_type":"article","og_title":"Disc frana TOYOTA PROACE VERSO bus (MPY_) 1.6 D4d (MPY9) diesel 95 cai TEXTAR 92267303 Toyota | TEXTAR - Autorival","og_description":"\u26a1 Disc frana TOYOTA PROACE VERSO bus (MPY_) 1.6 D4d (MPY9) diesel 95 cai TEXTAR 92267303 pentru Toyota. \u2713 Cod: 92267303 \u2713 Brand: TEXTAR \u2713 \u00cen stoc \u2713 Livrare 24h \u2713 Garan\u021bie!","og_url":"https:\/\/autorival.ro\/toyot\/produs\/disc-frana-toyota-proace-verso-bus-mpy_-1-6-d4d-mpy9-diesel-95-cai-textar-92267303\/","og_site_name":"Toyota","og_image":[{"width":600,"height":400,"url":"https:\/\/autorival.ro\/toyot\/wp-content\/uploads\/sites\/29\/2026\/02\/98200_2673_0_1_tex-3.jpg","type":"image\/jpeg"}],"twitter_card":"summary_large_image","twitter_title":"Disc frana TOYOTA PROACE VERSO bus (MPY_) 1.6 D4d (MPY9) diesel 95 cai TEXTAR 92267303 Toyota | TEXTAR - Autorival","twitter_description":"\u26a1 Disc frana TOYOTA PROACE VERSO bus (MPY_) 1.6 D4d (MPY9) diesel 95 cai TEXTAR 92267303 pentru Toyota. \u2713 Cod: 92267303 \u2713 Brand: TEXTAR \u2713 \u00cen stoc \u2713 Livrare 24h \u2713 Garan\u021bie!","schema":{"@context":"https:\/\/schema.org","@graph":[{"@type":"WebPage","@id":"https:\/\/autorival.ro\/toyot\/produs\/disc-frana-toyota-proace-verso-bus-mpy_-1-6-d4d-mpy9-diesel-95-cai-textar-92267303\/","url":"https:\/\/autorival.ro\/toyot\/produs\/disc-frana-toyota-proace-verso-bus-mpy_-1-6-d4d-mpy9-diesel-95-cai-textar-92267303\/","name":"Disc frana TOYOTA PROACE VERSO bus (MPY_) 1.6 D4d (MPY9) diesel 95 cai TEXTAR 92267303 Toyota | TEXTAR - Autorival","isPartOf":{"@id":"https:\/\/autorival.ro\/toyot\/#website"},"primaryImageOfPage":{"@id":"https:\/\/autorival.ro\/toyot\/produs\/disc-frana-toyota-proace-verso-bus-mpy_-1-6-d4d-mpy9-diesel-95-cai-textar-92267303\/#primaryimage"},"image":{"@id":"https:\/\/autorival.ro\/toyot\/produs\/disc-frana-toyota-proace-verso-bus-mpy_-1-6-d4d-mpy9-diesel-95-cai-textar-92267303\/#primaryimage"},"thumbnailUrl":"https:\/\/autorival.ro\/toyot\/wp-content\/uploads\/sites\/29\/2026\/02\/98200_2673_0_1_tex-3.jpg","datePublished":"2026-02-09T08:05:08+00:00","description":"\u26a1 Disc frana TOYOTA PROACE VERSO bus (MPY_) 1.6 D4d (MPY9) diesel 95 cai TEXTAR 92267303 pentru Toyota. \u2713 Cod: 92267303 \u2713 Brand: TEXTAR \u2713 \u00cen stoc \u2713 Livrare 24h \u2713 Garan\u021bie!","breadcrumb":{"@id":"https:\/\/autorival.ro\/toyot\/produs\/disc-frana-toyota-proace-verso-bus-mpy_-1-6-d4d-mpy9-diesel-95-cai-textar-92267303\/#breadcrumb"},"inLanguage":"ro-RO","potentialAction":[{"@type":"ReadAction","target":["https:\/\/autorival.ro\/toyot\/produs\/disc-frana-toyota-proace-verso-bus-mpy_-1-6-d4d-mpy9-diesel-95-cai-textar-92267303\/"]}]},{"@type":"ImageObject","inLanguage":"ro-RO","@id":"https:\/\/autorival.ro\/toyot\/produs\/disc-frana-toyota-proace-verso-bus-mpy_-1-6-d4d-mpy9-diesel-95-cai-textar-92267303\/#primaryimage","url":"https:\/\/autorival.ro\/toyot\/wp-content\/uploads\/sites\/29\/2026\/02\/98200_2673_0_1_tex-3.jpg","contentUrl":"https:\/\/autorival.ro\/toyot\/wp-content\/uploads\/sites\/29\/2026\/02\/98200_2673_0_1_tex-3.jpg","width":600,"height":400},{"@type":"BreadcrumbList","@id":"https:\/\/autorival.ro\/toyot\/produs\/disc-frana-toyota-proace-verso-bus-mpy_-1-6-d4d-mpy9-diesel-95-cai-textar-92267303\/#breadcrumb","itemListElement":[{"@type":"ListItem","position":1,"name":"Prima pagin\u0103","item":"https:\/\/autorival.ro\/toyot\/"},{"@type":"ListItem","position":2,"name":"TOYOTA","item":"https:\/\/autorival.ro\/toyot\/"},{"@type":"ListItem","position":3,"name":"Disc frana TOYOTA PROACE VERSO bus (MPY_) 1.6 D4d (MPY9) diesel 95 cai TEXTAR 92267303"}]},{"@type":"WebSite","@id":"https:\/\/autorival.ro\/toyot\/#website","url":"https:\/\/autorival.ro\/toyot\/","name":"Toyota","description":"","potentialAction":[{"@type":"SearchAction","target":{"@type":"EntryPoint","urlTemplate":"https:\/\/autorival.ro\/toyot\/?s={search_term_string}"},"query-input":{"@type":"PropertyValueSpecification","valueRequired":true,"valueName":"search_term_string"}}],"inLanguage":"ro-RO"}]}},"_links":{"self":[{"href":"https:\/\/autorival.ro\/toyot\/wp-json\/wp\/v2\/product\/1970022","targetHints":{"allow":["GET"]}}],"collection":[{"href":"https:\/\/autorival.ro\/toyot\/wp-json\/wp\/v2\/product"}],"about":[{"href":"https:\/\/autorival.ro\/toyot\/wp-json\/wp\/v2\/types\/product"}],"replies":[{"embeddable":true,"href":"https:\/\/autorival.ro\/toyot\/wp-json\/wp\/v2\/comments?post=1970022"}],"wp:featuredmedia":[{"embeddable":true,"href":"https:\/\/autorival.ro\/toyot\/wp-json\/wp\/v2\/media\/1970023"}],"wp:attachment":[{"href":"https:\/\/autorival.ro\/toyot\/wp-json\/wp\/v2\/media?parent=1970022"}],"wp:term":[{"taxonomy":"product_brand","embeddable":true,"href":"https:\/\/autorival.ro\/toyot\/wp-json\/wp\/v2\/product_brand?post=1970022"},{"taxonomy":"product_cat","embeddable":true,"href":"https:\/\/autorival.ro\/toyot\/wp-json\/wp\/v2\/product_cat?post=1970022"},{"taxonomy":"product_tag","embeddable":true,"href":"https:\/\/autorival.ro\/toyot\/wp-json\/wp\/v2\/product_tag?post=1970022"}],"curies":[{"name":"wp","href":"https:\/\/api.w.org\/{rel}","templated":true}]}}