{"id":1966260,"date":"2026-02-09T05:43:43","date_gmt":"2026-02-09T05:43:43","guid":{"rendered":"https:\/\/autorival.ro\/toyot\/produs\/disc-frana-toyota-land-cruiser-prado-_j12_-3-0-d-kzj120-diesel-125-cai-krottendorf-kro-bd4494\/"},"modified":"2026-02-09T05:43:43","modified_gmt":"2026-02-09T05:43:43","slug":"disc-frana-toyota-land-cruiser-prado-_j12_-3-0-d-kzj120-diesel-125-cai-krottendorf-kro-bd4494","status":"publish","type":"product","link":"https:\/\/autorival.ro\/toyot\/produs\/disc-frana-toyota-land-cruiser-prado-_j12_-3-0-d-kzj120-diesel-125-cai-krottendorf-kro-bd4494\/","title":{"rendered":"Disc frana TOYOTA LAND CRUISER PRADO (_J12_) 3.0 D (KZJ120) diesel 125 cai KROTTENDORF KRO-BD4494"},"content":{"rendered":"<p>Partea de montare: punte fataTip disc fr\u00e2na: ventilat interiorGrosime disc fr\u00e2na [mm]: 28Numar gauri: 6\u00cenaltime [mm]: 67Diametru de centrare [mm]: 108Diametru exterior [mm]: 338Grosime minima [mm]: 26Moment strangere [Nm]: 112<\/p>\n","protected":false},"excerpt":{"rendered":"<p>Producator: KROTTENDORF Cod producator: KRO-BD4494<\/p>\n","protected":false},"featured_media":1966261,"comment_status":"open","ping_status":"closed","template":"","meta":[],"product_brand":[35912],"product_cat":[36393],"product_tag":[],"class_list":{"0":"post-1966260","1":"product","2":"type-product","3":"status-publish","4":"has-post-thumbnail","6":"product_brand-krottendorf","7":"product_cat-disc-frana-j12-3-0-d-kzj120-diesel-125","9":"first","10":"instock","11":"shipping-taxable","12":"purchasable","13":"product-type-simple"},"yoast_head":"<!-- This site is optimized with the Yoast SEO plugin v27.4 - https:\/\/yoast.com\/product\/yoast-seo-wordpress\/ -->\n<title>Disc frana TOYOTA LAND CRUISER PRADO (_J12_) 3.0 D (KZJ120) diesel 125 cai KROTTENDORF KRO-BD4494 Toyota | KROTTENDORF - Autorival<\/title>\n<meta name=\"description\" content=\"\u26a1 Disc frana TOYOTA LAND CRUISER PRADO (_J12_) 3.0 D (KZJ120) diesel 125 cai KROTTENDORF KRO-BD4494 pentru Toyota. \u2713 Cod: KRO-BD4494 \u2713 Brand: KROTTENDORF \u2713 \u00cen stoc \u2713 Livrare 24h \u2713 Garan\u021bie!\" \/>\n<meta name=\"robots\" content=\"index, follow, max-snippet:-1, max-image-preview:large, max-video-preview:-1\" \/>\n<meta property=\"og:locale\" content=\"ro_RO\" \/>\n<meta property=\"og:type\" content=\"article\" \/>\n<meta property=\"og:title\" content=\"Disc frana TOYOTA LAND CRUISER PRADO (_J12_) 3.0 D (KZJ120) diesel 125 cai KROTTENDORF KRO-BD4494 Toyota | KROTTENDORF - Autorival\" \/>\n<meta property=\"og:description\" content=\"\u26a1 Disc frana TOYOTA LAND CRUISER PRADO (_J12_) 3.0 D (KZJ120) diesel 125 cai KROTTENDORF KRO-BD4494 pentru Toyota. \u2713 Cod: KRO-BD4494 \u2713 Brand: KROTTENDORF \u2713 \u00cen stoc \u2713 Livrare 24h \u2713 Garan\u021bie!\" \/>\n<meta property=\"og:url\" content=\"https:\/\/autorival.ro\/toyot\/produs\/disc-frana-toyota-land-cruiser-prado-_j12_-3-0-d-kzj120-diesel-125-cai-krottendorf-kro-bd4494\/\" \/>\n<meta property=\"og:site_name\" content=\"Toyota\" \/>\n<meta property=\"og:image\" content=\"https:\/\/autorival.ro\/toyot\/wp-content\/uploads\/sites\/29\/2026\/02\/5329151.jpg\" \/>\n\t<meta property=\"og:image:width\" content=\"2500\" \/>\n\t<meta property=\"og:image:height\" content=\"2500\" \/>\n\t<meta property=\"og:image:type\" content=\"image\/jpeg\" \/>\n<meta name=\"twitter:card\" content=\"summary_large_image\" \/>\n<meta name=\"twitter:title\" content=\"Disc frana TOYOTA LAND CRUISER PRADO (_J12_) 3.0 D (KZJ120) diesel 125 cai KROTTENDORF KRO-BD4494 Toyota | KROTTENDORF - Autorival\" \/>\n<meta name=\"twitter:description\" content=\"\u26a1 Disc frana TOYOTA LAND CRUISER PRADO (_J12_) 3.0 D (KZJ120) diesel 125 cai KROTTENDORF KRO-BD4494 pentru Toyota. \u2713 Cod: KRO-BD4494 \u2713 Brand: KROTTENDORF \u2713 \u00cen stoc \u2713 Livrare 24h \u2713 Garan\u021bie!\" \/>\n<script type=\"application\/ld+json\" class=\"yoast-schema-graph\">{\"@context\":\"https:\\\/\\\/schema.org\",\"@graph\":[{\"@type\":\"WebPage\",\"@id\":\"https:\\\/\\\/autorival.ro\\\/toyot\\\/produs\\\/disc-frana-toyota-land-cruiser-prado-_j12_-3-0-d-kzj120-diesel-125-cai-krottendorf-kro-bd4494\\\/\",\"url\":\"https:\\\/\\\/autorival.ro\\\/toyot\\\/produs\\\/disc-frana-toyota-land-cruiser-prado-_j12_-3-0-d-kzj120-diesel-125-cai-krottendorf-kro-bd4494\\\/\",\"name\":\"Disc frana TOYOTA LAND CRUISER PRADO (_J12_) 3.0 D (KZJ120) diesel 125 cai KROTTENDORF KRO-BD4494 Toyota | KROTTENDORF - Autorival\",\"isPartOf\":{\"@id\":\"https:\\\/\\\/autorival.ro\\\/toyot\\\/#website\"},\"primaryImageOfPage\":{\"@id\":\"https:\\\/\\\/autorival.ro\\\/toyot\\\/produs\\\/disc-frana-toyota-land-cruiser-prado-_j12_-3-0-d-kzj120-diesel-125-cai-krottendorf-kro-bd4494\\\/#primaryimage\"},\"image\":{\"@id\":\"https:\\\/\\\/autorival.ro\\\/toyot\\\/produs\\\/disc-frana-toyota-land-cruiser-prado-_j12_-3-0-d-kzj120-diesel-125-cai-krottendorf-kro-bd4494\\\/#primaryimage\"},\"thumbnailUrl\":\"https:\\\/\\\/autorival.ro\\\/toyot\\\/wp-content\\\/uploads\\\/sites\\\/29\\\/2026\\\/02\\\/5329151.jpg\",\"datePublished\":\"2026-02-09T05:43:43+00:00\",\"description\":\"\u26a1 Disc frana TOYOTA LAND CRUISER PRADO (_J12_) 3.0 D (KZJ120) diesel 125 cai KROTTENDORF KRO-BD4494 pentru Toyota. \u2713 Cod: KRO-BD4494 \u2713 Brand: KROTTENDORF \u2713 \u00cen stoc \u2713 Livrare 24h \u2713 Garan\u021bie!\",\"breadcrumb\":{\"@id\":\"https:\\\/\\\/autorival.ro\\\/toyot\\\/produs\\\/disc-frana-toyota-land-cruiser-prado-_j12_-3-0-d-kzj120-diesel-125-cai-krottendorf-kro-bd4494\\\/#breadcrumb\"},\"inLanguage\":\"ro-RO\",\"potentialAction\":[{\"@type\":\"ReadAction\",\"target\":[\"https:\\\/\\\/autorival.ro\\\/toyot\\\/produs\\\/disc-frana-toyota-land-cruiser-prado-_j12_-3-0-d-kzj120-diesel-125-cai-krottendorf-kro-bd4494\\\/\"]}]},{\"@type\":\"ImageObject\",\"inLanguage\":\"ro-RO\",\"@id\":\"https:\\\/\\\/autorival.ro\\\/toyot\\\/produs\\\/disc-frana-toyota-land-cruiser-prado-_j12_-3-0-d-kzj120-diesel-125-cai-krottendorf-kro-bd4494\\\/#primaryimage\",\"url\":\"https:\\\/\\\/autorival.ro\\\/toyot\\\/wp-content\\\/uploads\\\/sites\\\/29\\\/2026\\\/02\\\/5329151.jpg\",\"contentUrl\":\"https:\\\/\\\/autorival.ro\\\/toyot\\\/wp-content\\\/uploads\\\/sites\\\/29\\\/2026\\\/02\\\/5329151.jpg\",\"width\":2500,\"height\":2500},{\"@type\":\"BreadcrumbList\",\"@id\":\"https:\\\/\\\/autorival.ro\\\/toyot\\\/produs\\\/disc-frana-toyota-land-cruiser-prado-_j12_-3-0-d-kzj120-diesel-125-cai-krottendorf-kro-bd4494\\\/#breadcrumb\",\"itemListElement\":[{\"@type\":\"ListItem\",\"position\":1,\"name\":\"Prima pagin\u0103\",\"item\":\"https:\\\/\\\/autorival.ro\\\/toyot\\\/\"},{\"@type\":\"ListItem\",\"position\":2,\"name\":\"TOYOTA\",\"item\":\"https:\\\/\\\/autorival.ro\\\/toyot\\\/\"},{\"@type\":\"ListItem\",\"position\":3,\"name\":\"Disc frana TOYOTA LAND CRUISER PRADO (_J12_) 3.0 D (KZJ120) diesel 125 cai KROTTENDORF KRO-BD4494\"}]},{\"@type\":\"WebSite\",\"@id\":\"https:\\\/\\\/autorival.ro\\\/toyot\\\/#website\",\"url\":\"https:\\\/\\\/autorival.ro\\\/toyot\\\/\",\"name\":\"Toyota\",\"description\":\"\",\"potentialAction\":[{\"@type\":\"SearchAction\",\"target\":{\"@type\":\"EntryPoint\",\"urlTemplate\":\"https:\\\/\\\/autorival.ro\\\/toyot\\\/?s={search_term_string}\"},\"query-input\":{\"@type\":\"PropertyValueSpecification\",\"valueRequired\":true,\"valueName\":\"search_term_string\"}}],\"inLanguage\":\"ro-RO\"}]}<\/script>\n<!-- \/ Yoast SEO plugin. -->","yoast_head_json":{"title":"Disc frana TOYOTA LAND CRUISER PRADO (_J12_) 3.0 D (KZJ120) diesel 125 cai KROTTENDORF KRO-BD4494 Toyota | KROTTENDORF - Autorival","description":"\u26a1 Disc frana TOYOTA LAND CRUISER PRADO (_J12_) 3.0 D (KZJ120) diesel 125 cai KROTTENDORF KRO-BD4494 pentru Toyota. \u2713 Cod: KRO-BD4494 \u2713 Brand: KROTTENDORF \u2713 \u00cen stoc \u2713 Livrare 24h \u2713 Garan\u021bie!","robots":{"index":"index","follow":"follow","max-snippet":"max-snippet:-1","max-image-preview":"max-image-preview:large","max-video-preview":"max-video-preview:-1"},"og_locale":"ro_RO","og_type":"article","og_title":"Disc frana TOYOTA LAND CRUISER PRADO (_J12_) 3.0 D (KZJ120) diesel 125 cai KROTTENDORF KRO-BD4494 Toyota | KROTTENDORF - Autorival","og_description":"\u26a1 Disc frana TOYOTA LAND CRUISER PRADO (_J12_) 3.0 D (KZJ120) diesel 125 cai KROTTENDORF KRO-BD4494 pentru Toyota. \u2713 Cod: KRO-BD4494 \u2713 Brand: KROTTENDORF \u2713 \u00cen stoc \u2713 Livrare 24h \u2713 Garan\u021bie!","og_url":"https:\/\/autorival.ro\/toyot\/produs\/disc-frana-toyota-land-cruiser-prado-_j12_-3-0-d-kzj120-diesel-125-cai-krottendorf-kro-bd4494\/","og_site_name":"Toyota","og_image":[{"width":2500,"height":2500,"url":"https:\/\/autorival.ro\/toyot\/wp-content\/uploads\/sites\/29\/2026\/02\/5329151.jpg","type":"image\/jpeg"}],"twitter_card":"summary_large_image","twitter_title":"Disc frana TOYOTA LAND CRUISER PRADO (_J12_) 3.0 D (KZJ120) diesel 125 cai KROTTENDORF KRO-BD4494 Toyota | KROTTENDORF - Autorival","twitter_description":"\u26a1 Disc frana TOYOTA LAND CRUISER PRADO (_J12_) 3.0 D (KZJ120) diesel 125 cai KROTTENDORF KRO-BD4494 pentru Toyota. \u2713 Cod: KRO-BD4494 \u2713 Brand: KROTTENDORF \u2713 \u00cen stoc \u2713 Livrare 24h \u2713 Garan\u021bie!","schema":{"@context":"https:\/\/schema.org","@graph":[{"@type":"WebPage","@id":"https:\/\/autorival.ro\/toyot\/produs\/disc-frana-toyota-land-cruiser-prado-_j12_-3-0-d-kzj120-diesel-125-cai-krottendorf-kro-bd4494\/","url":"https:\/\/autorival.ro\/toyot\/produs\/disc-frana-toyota-land-cruiser-prado-_j12_-3-0-d-kzj120-diesel-125-cai-krottendorf-kro-bd4494\/","name":"Disc frana TOYOTA LAND CRUISER PRADO (_J12_) 3.0 D (KZJ120) diesel 125 cai KROTTENDORF KRO-BD4494 Toyota | KROTTENDORF - Autorival","isPartOf":{"@id":"https:\/\/autorival.ro\/toyot\/#website"},"primaryImageOfPage":{"@id":"https:\/\/autorival.ro\/toyot\/produs\/disc-frana-toyota-land-cruiser-prado-_j12_-3-0-d-kzj120-diesel-125-cai-krottendorf-kro-bd4494\/#primaryimage"},"image":{"@id":"https:\/\/autorival.ro\/toyot\/produs\/disc-frana-toyota-land-cruiser-prado-_j12_-3-0-d-kzj120-diesel-125-cai-krottendorf-kro-bd4494\/#primaryimage"},"thumbnailUrl":"https:\/\/autorival.ro\/toyot\/wp-content\/uploads\/sites\/29\/2026\/02\/5329151.jpg","datePublished":"2026-02-09T05:43:43+00:00","description":"\u26a1 Disc frana TOYOTA LAND CRUISER PRADO (_J12_) 3.0 D (KZJ120) diesel 125 cai KROTTENDORF KRO-BD4494 pentru Toyota. \u2713 Cod: KRO-BD4494 \u2713 Brand: KROTTENDORF \u2713 \u00cen stoc \u2713 Livrare 24h \u2713 Garan\u021bie!","breadcrumb":{"@id":"https:\/\/autorival.ro\/toyot\/produs\/disc-frana-toyota-land-cruiser-prado-_j12_-3-0-d-kzj120-diesel-125-cai-krottendorf-kro-bd4494\/#breadcrumb"},"inLanguage":"ro-RO","potentialAction":[{"@type":"ReadAction","target":["https:\/\/autorival.ro\/toyot\/produs\/disc-frana-toyota-land-cruiser-prado-_j12_-3-0-d-kzj120-diesel-125-cai-krottendorf-kro-bd4494\/"]}]},{"@type":"ImageObject","inLanguage":"ro-RO","@id":"https:\/\/autorival.ro\/toyot\/produs\/disc-frana-toyota-land-cruiser-prado-_j12_-3-0-d-kzj120-diesel-125-cai-krottendorf-kro-bd4494\/#primaryimage","url":"https:\/\/autorival.ro\/toyot\/wp-content\/uploads\/sites\/29\/2026\/02\/5329151.jpg","contentUrl":"https:\/\/autorival.ro\/toyot\/wp-content\/uploads\/sites\/29\/2026\/02\/5329151.jpg","width":2500,"height":2500},{"@type":"BreadcrumbList","@id":"https:\/\/autorival.ro\/toyot\/produs\/disc-frana-toyota-land-cruiser-prado-_j12_-3-0-d-kzj120-diesel-125-cai-krottendorf-kro-bd4494\/#breadcrumb","itemListElement":[{"@type":"ListItem","position":1,"name":"Prima pagin\u0103","item":"https:\/\/autorival.ro\/toyot\/"},{"@type":"ListItem","position":2,"name":"TOYOTA","item":"https:\/\/autorival.ro\/toyot\/"},{"@type":"ListItem","position":3,"name":"Disc frana TOYOTA LAND CRUISER PRADO (_J12_) 3.0 D (KZJ120) diesel 125 cai KROTTENDORF KRO-BD4494"}]},{"@type":"WebSite","@id":"https:\/\/autorival.ro\/toyot\/#website","url":"https:\/\/autorival.ro\/toyot\/","name":"Toyota","description":"","potentialAction":[{"@type":"SearchAction","target":{"@type":"EntryPoint","urlTemplate":"https:\/\/autorival.ro\/toyot\/?s={search_term_string}"},"query-input":{"@type":"PropertyValueSpecification","valueRequired":true,"valueName":"search_term_string"}}],"inLanguage":"ro-RO"}]}},"_links":{"self":[{"href":"https:\/\/autorival.ro\/toyot\/wp-json\/wp\/v2\/product\/1966260","targetHints":{"allow":["GET"]}}],"collection":[{"href":"https:\/\/autorival.ro\/toyot\/wp-json\/wp\/v2\/product"}],"about":[{"href":"https:\/\/autorival.ro\/toyot\/wp-json\/wp\/v2\/types\/product"}],"replies":[{"embeddable":true,"href":"https:\/\/autorival.ro\/toyot\/wp-json\/wp\/v2\/comments?post=1966260"}],"wp:featuredmedia":[{"embeddable":true,"href":"https:\/\/autorival.ro\/toyot\/wp-json\/wp\/v2\/media\/1966261"}],"wp:attachment":[{"href":"https:\/\/autorival.ro\/toyot\/wp-json\/wp\/v2\/media?parent=1966260"}],"wp:term":[{"taxonomy":"product_brand","embeddable":true,"href":"https:\/\/autorival.ro\/toyot\/wp-json\/wp\/v2\/product_brand?post=1966260"},{"taxonomy":"product_cat","embeddable":true,"href":"https:\/\/autorival.ro\/toyot\/wp-json\/wp\/v2\/product_cat?post=1966260"},{"taxonomy":"product_tag","embeddable":true,"href":"https:\/\/autorival.ro\/toyot\/wp-json\/wp\/v2\/product_tag?post=1966260"}],"curies":[{"name":"wp","href":"https:\/\/api.w.org\/{rel}","templated":true}]}}