{"id":1961580,"date":"2026-02-09T02:55:06","date_gmt":"2026-02-09T02:55:06","guid":{"rendered":"https:\/\/autorival.ro\/toyot\/produs\/disc-frana-toyota-gt-86-cupe-zn6_-2-0-zn6ac_-zn6bc_-zn6k-benzina-200-cai-qwp-wbd353\/"},"modified":"2026-02-09T02:55:06","modified_gmt":"2026-02-09T02:55:06","slug":"disc-frana-toyota-gt-86-cupe-zn6_-2-0-zn6ac_-zn6bc_-zn6k-benzina-200-cai-qwp-wbd353","status":"publish","type":"product","link":"https:\/\/autorival.ro\/toyot\/produs\/disc-frana-toyota-gt-86-cupe-zn6_-2-0-zn6ac_-zn6bc_-zn6k-benzina-200-cai-qwp-wbd353\/","title":{"rendered":"Disc frana TOYOTA GT 86 cupe (ZN6_) 2.0 (ZN6AC_, ZN6BC_, ZN6K) benzina 200 cai QWP WBD353"},"content":{"rendered":"<p>Partea de montare: punte fataTip autovehicul: BASETip disc fr\u00e2na: ventilatDiametru exterior [mm]: 277Grosime disc fr\u00e2na [mm]: 24Grosime minima [mm]: 22Diametru de centrare [mm]: 58\u00cenaltime [mm]: 56,7Numar gauri: 5Dimensiune filet: 13Asezare gauri \u00d8 [mm]: 100Culoare: negruSuprafata: lacuitAprobare: E190R-02C0176\/0450<\/p>\n","protected":false},"excerpt":{"rendered":"<p>Producator: QWP Cod producator: WBD353<\/p>\n","protected":false},"featured_media":1961581,"comment_status":"open","ping_status":"closed","template":"","meta":[],"product_brand":[1225],"product_cat":[36244],"product_tag":[],"class_list":{"0":"post-1961580","1":"product","2":"type-product","3":"status-publish","4":"has-post-thumbnail","6":"product_brand-qwp","7":"product_cat-disc-frana-zn6-2-0-zn6ac-zn6bc-zn6k-benzina-200","9":"first","10":"instock","11":"shipping-taxable","12":"purchasable","13":"product-type-simple"},"yoast_head":"<!-- This site is optimized with the Yoast SEO plugin v27.4 - https:\/\/yoast.com\/product\/yoast-seo-wordpress\/ -->\n<title>Disc frana TOYOTA GT 86 cupe (ZN6_) 2.0 (ZN6AC_, ZN6BC_, ZN6K) benzina 200 cai QWP WBD353 Toyota | QWP - Autorival<\/title>\n<meta name=\"description\" content=\"\u26a1 Disc frana TOYOTA GT 86 cupe (ZN6_) 2.0 (ZN6AC_, ZN6BC_, ZN6K) benzina 200 cai QWP WBD353 pentru Toyota. \u2713 Cod: WBD353 \u2713 Brand: QWP \u2713 \u00cen stoc \u2713 Livrare 24h \u2713 Garan\u021bie!\" \/>\n<meta name=\"robots\" content=\"index, follow, max-snippet:-1, max-image-preview:large, max-video-preview:-1\" \/>\n<meta property=\"og:locale\" content=\"ro_RO\" \/>\n<meta property=\"og:type\" content=\"article\" \/>\n<meta property=\"og:title\" content=\"Disc frana TOYOTA GT 86 cupe (ZN6_) 2.0 (ZN6AC_, ZN6BC_, ZN6K) benzina 200 cai QWP WBD353 Toyota | QWP - Autorival\" \/>\n<meta property=\"og:description\" content=\"\u26a1 Disc frana TOYOTA GT 86 cupe (ZN6_) 2.0 (ZN6AC_, ZN6BC_, ZN6K) benzina 200 cai QWP WBD353 pentru Toyota. \u2713 Cod: WBD353 \u2713 Brand: QWP \u2713 \u00cen stoc \u2713 Livrare 24h \u2713 Garan\u021bie!\" \/>\n<meta property=\"og:url\" content=\"https:\/\/autorival.ro\/toyot\/produs\/disc-frana-toyota-gt-86-cupe-zn6_-2-0-zn6ac_-zn6bc_-zn6k-benzina-200-cai-qwp-wbd353\/\" \/>\n<meta property=\"og:site_name\" content=\"Toyota\" \/>\n<meta property=\"og:image\" content=\"https:\/\/autorival.ro\/toyot\/wp-content\/uploads\/sites\/29\/2026\/02\/toyota0105-3025.png\" \/>\n\t<meta property=\"og:image:width\" content=\"400\" \/>\n\t<meta property=\"og:image:height\" content=\"225\" \/>\n\t<meta property=\"og:image:type\" content=\"image\/png\" \/>\n<meta name=\"twitter:card\" content=\"summary_large_image\" \/>\n<meta name=\"twitter:title\" content=\"Disc frana TOYOTA GT 86 cupe (ZN6_) 2.0 (ZN6AC_, ZN6BC_, ZN6K) benzina 200 cai QWP WBD353 Toyota | QWP - Autorival\" \/>\n<meta name=\"twitter:description\" content=\"\u26a1 Disc frana TOYOTA GT 86 cupe (ZN6_) 2.0 (ZN6AC_, ZN6BC_, ZN6K) benzina 200 cai QWP WBD353 pentru Toyota. \u2713 Cod: WBD353 \u2713 Brand: QWP \u2713 \u00cen stoc \u2713 Livrare 24h \u2713 Garan\u021bie!\" \/>\n<script type=\"application\/ld+json\" class=\"yoast-schema-graph\">{\"@context\":\"https:\\\/\\\/schema.org\",\"@graph\":[{\"@type\":\"WebPage\",\"@id\":\"https:\\\/\\\/autorival.ro\\\/toyot\\\/produs\\\/disc-frana-toyota-gt-86-cupe-zn6_-2-0-zn6ac_-zn6bc_-zn6k-benzina-200-cai-qwp-wbd353\\\/\",\"url\":\"https:\\\/\\\/autorival.ro\\\/toyot\\\/produs\\\/disc-frana-toyota-gt-86-cupe-zn6_-2-0-zn6ac_-zn6bc_-zn6k-benzina-200-cai-qwp-wbd353\\\/\",\"name\":\"Disc frana TOYOTA GT 86 cupe (ZN6_) 2.0 (ZN6AC_, ZN6BC_, ZN6K) benzina 200 cai QWP WBD353 Toyota | QWP - Autorival\",\"isPartOf\":{\"@id\":\"https:\\\/\\\/autorival.ro\\\/toyot\\\/#website\"},\"primaryImageOfPage\":{\"@id\":\"https:\\\/\\\/autorival.ro\\\/toyot\\\/produs\\\/disc-frana-toyota-gt-86-cupe-zn6_-2-0-zn6ac_-zn6bc_-zn6k-benzina-200-cai-qwp-wbd353\\\/#primaryimage\"},\"image\":{\"@id\":\"https:\\\/\\\/autorival.ro\\\/toyot\\\/produs\\\/disc-frana-toyota-gt-86-cupe-zn6_-2-0-zn6ac_-zn6bc_-zn6k-benzina-200-cai-qwp-wbd353\\\/#primaryimage\"},\"thumbnailUrl\":\"https:\\\/\\\/autorival.ro\\\/toyot\\\/wp-content\\\/uploads\\\/sites\\\/29\\\/2026\\\/02\\\/toyota0105-3025.png\",\"datePublished\":\"2026-02-09T02:55:06+00:00\",\"description\":\"\u26a1 Disc frana TOYOTA GT 86 cupe (ZN6_) 2.0 (ZN6AC_, ZN6BC_, ZN6K) benzina 200 cai QWP WBD353 pentru Toyota. \u2713 Cod: WBD353 \u2713 Brand: QWP \u2713 \u00cen stoc \u2713 Livrare 24h \u2713 Garan\u021bie!\",\"breadcrumb\":{\"@id\":\"https:\\\/\\\/autorival.ro\\\/toyot\\\/produs\\\/disc-frana-toyota-gt-86-cupe-zn6_-2-0-zn6ac_-zn6bc_-zn6k-benzina-200-cai-qwp-wbd353\\\/#breadcrumb\"},\"inLanguage\":\"ro-RO\",\"potentialAction\":[{\"@type\":\"ReadAction\",\"target\":[\"https:\\\/\\\/autorival.ro\\\/toyot\\\/produs\\\/disc-frana-toyota-gt-86-cupe-zn6_-2-0-zn6ac_-zn6bc_-zn6k-benzina-200-cai-qwp-wbd353\\\/\"]}]},{\"@type\":\"ImageObject\",\"inLanguage\":\"ro-RO\",\"@id\":\"https:\\\/\\\/autorival.ro\\\/toyot\\\/produs\\\/disc-frana-toyota-gt-86-cupe-zn6_-2-0-zn6ac_-zn6bc_-zn6k-benzina-200-cai-qwp-wbd353\\\/#primaryimage\",\"url\":\"https:\\\/\\\/autorival.ro\\\/toyot\\\/wp-content\\\/uploads\\\/sites\\\/29\\\/2026\\\/02\\\/toyota0105-3025.png\",\"contentUrl\":\"https:\\\/\\\/autorival.ro\\\/toyot\\\/wp-content\\\/uploads\\\/sites\\\/29\\\/2026\\\/02\\\/toyota0105-3025.png\",\"width\":400,\"height\":225},{\"@type\":\"BreadcrumbList\",\"@id\":\"https:\\\/\\\/autorival.ro\\\/toyot\\\/produs\\\/disc-frana-toyota-gt-86-cupe-zn6_-2-0-zn6ac_-zn6bc_-zn6k-benzina-200-cai-qwp-wbd353\\\/#breadcrumb\",\"itemListElement\":[{\"@type\":\"ListItem\",\"position\":1,\"name\":\"Prima pagin\u0103\",\"item\":\"https:\\\/\\\/autorival.ro\\\/toyot\\\/\"},{\"@type\":\"ListItem\",\"position\":2,\"name\":\"TOYOTA\",\"item\":\"https:\\\/\\\/autorival.ro\\\/toyot\\\/\"},{\"@type\":\"ListItem\",\"position\":3,\"name\":\"Disc frana TOYOTA GT 86 cupe (ZN6_) 2.0 (ZN6AC_, ZN6BC_, ZN6K) benzina 200 cai QWP WBD353\"}]},{\"@type\":\"WebSite\",\"@id\":\"https:\\\/\\\/autorival.ro\\\/toyot\\\/#website\",\"url\":\"https:\\\/\\\/autorival.ro\\\/toyot\\\/\",\"name\":\"Toyota\",\"description\":\"\",\"potentialAction\":[{\"@type\":\"SearchAction\",\"target\":{\"@type\":\"EntryPoint\",\"urlTemplate\":\"https:\\\/\\\/autorival.ro\\\/toyot\\\/?s={search_term_string}\"},\"query-input\":{\"@type\":\"PropertyValueSpecification\",\"valueRequired\":true,\"valueName\":\"search_term_string\"}}],\"inLanguage\":\"ro-RO\"}]}<\/script>\n<!-- \/ Yoast SEO plugin. -->","yoast_head_json":{"title":"Disc frana TOYOTA GT 86 cupe (ZN6_) 2.0 (ZN6AC_, ZN6BC_, ZN6K) benzina 200 cai QWP WBD353 Toyota | QWP - Autorival","description":"\u26a1 Disc frana TOYOTA GT 86 cupe (ZN6_) 2.0 (ZN6AC_, ZN6BC_, ZN6K) benzina 200 cai QWP WBD353 pentru Toyota. \u2713 Cod: WBD353 \u2713 Brand: QWP \u2713 \u00cen stoc \u2713 Livrare 24h \u2713 Garan\u021bie!","robots":{"index":"index","follow":"follow","max-snippet":"max-snippet:-1","max-image-preview":"max-image-preview:large","max-video-preview":"max-video-preview:-1"},"og_locale":"ro_RO","og_type":"article","og_title":"Disc frana TOYOTA GT 86 cupe (ZN6_) 2.0 (ZN6AC_, ZN6BC_, ZN6K) benzina 200 cai QWP WBD353 Toyota | QWP - Autorival","og_description":"\u26a1 Disc frana TOYOTA GT 86 cupe (ZN6_) 2.0 (ZN6AC_, ZN6BC_, ZN6K) benzina 200 cai QWP WBD353 pentru Toyota. \u2713 Cod: WBD353 \u2713 Brand: QWP \u2713 \u00cen stoc \u2713 Livrare 24h \u2713 Garan\u021bie!","og_url":"https:\/\/autorival.ro\/toyot\/produs\/disc-frana-toyota-gt-86-cupe-zn6_-2-0-zn6ac_-zn6bc_-zn6k-benzina-200-cai-qwp-wbd353\/","og_site_name":"Toyota","og_image":[{"width":400,"height":225,"url":"https:\/\/autorival.ro\/toyot\/wp-content\/uploads\/sites\/29\/2026\/02\/toyota0105-3025.png","type":"image\/png"}],"twitter_card":"summary_large_image","twitter_title":"Disc frana TOYOTA GT 86 cupe (ZN6_) 2.0 (ZN6AC_, ZN6BC_, ZN6K) benzina 200 cai QWP WBD353 Toyota | QWP - Autorival","twitter_description":"\u26a1 Disc frana TOYOTA GT 86 cupe (ZN6_) 2.0 (ZN6AC_, ZN6BC_, ZN6K) benzina 200 cai QWP WBD353 pentru Toyota. \u2713 Cod: WBD353 \u2713 Brand: QWP \u2713 \u00cen stoc \u2713 Livrare 24h \u2713 Garan\u021bie!","schema":{"@context":"https:\/\/schema.org","@graph":[{"@type":"WebPage","@id":"https:\/\/autorival.ro\/toyot\/produs\/disc-frana-toyota-gt-86-cupe-zn6_-2-0-zn6ac_-zn6bc_-zn6k-benzina-200-cai-qwp-wbd353\/","url":"https:\/\/autorival.ro\/toyot\/produs\/disc-frana-toyota-gt-86-cupe-zn6_-2-0-zn6ac_-zn6bc_-zn6k-benzina-200-cai-qwp-wbd353\/","name":"Disc frana TOYOTA GT 86 cupe (ZN6_) 2.0 (ZN6AC_, ZN6BC_, ZN6K) benzina 200 cai QWP WBD353 Toyota | QWP - Autorival","isPartOf":{"@id":"https:\/\/autorival.ro\/toyot\/#website"},"primaryImageOfPage":{"@id":"https:\/\/autorival.ro\/toyot\/produs\/disc-frana-toyota-gt-86-cupe-zn6_-2-0-zn6ac_-zn6bc_-zn6k-benzina-200-cai-qwp-wbd353\/#primaryimage"},"image":{"@id":"https:\/\/autorival.ro\/toyot\/produs\/disc-frana-toyota-gt-86-cupe-zn6_-2-0-zn6ac_-zn6bc_-zn6k-benzina-200-cai-qwp-wbd353\/#primaryimage"},"thumbnailUrl":"https:\/\/autorival.ro\/toyot\/wp-content\/uploads\/sites\/29\/2026\/02\/toyota0105-3025.png","datePublished":"2026-02-09T02:55:06+00:00","description":"\u26a1 Disc frana TOYOTA GT 86 cupe (ZN6_) 2.0 (ZN6AC_, ZN6BC_, ZN6K) benzina 200 cai QWP WBD353 pentru Toyota. \u2713 Cod: WBD353 \u2713 Brand: QWP \u2713 \u00cen stoc \u2713 Livrare 24h \u2713 Garan\u021bie!","breadcrumb":{"@id":"https:\/\/autorival.ro\/toyot\/produs\/disc-frana-toyota-gt-86-cupe-zn6_-2-0-zn6ac_-zn6bc_-zn6k-benzina-200-cai-qwp-wbd353\/#breadcrumb"},"inLanguage":"ro-RO","potentialAction":[{"@type":"ReadAction","target":["https:\/\/autorival.ro\/toyot\/produs\/disc-frana-toyota-gt-86-cupe-zn6_-2-0-zn6ac_-zn6bc_-zn6k-benzina-200-cai-qwp-wbd353\/"]}]},{"@type":"ImageObject","inLanguage":"ro-RO","@id":"https:\/\/autorival.ro\/toyot\/produs\/disc-frana-toyota-gt-86-cupe-zn6_-2-0-zn6ac_-zn6bc_-zn6k-benzina-200-cai-qwp-wbd353\/#primaryimage","url":"https:\/\/autorival.ro\/toyot\/wp-content\/uploads\/sites\/29\/2026\/02\/toyota0105-3025.png","contentUrl":"https:\/\/autorival.ro\/toyot\/wp-content\/uploads\/sites\/29\/2026\/02\/toyota0105-3025.png","width":400,"height":225},{"@type":"BreadcrumbList","@id":"https:\/\/autorival.ro\/toyot\/produs\/disc-frana-toyota-gt-86-cupe-zn6_-2-0-zn6ac_-zn6bc_-zn6k-benzina-200-cai-qwp-wbd353\/#breadcrumb","itemListElement":[{"@type":"ListItem","position":1,"name":"Prima pagin\u0103","item":"https:\/\/autorival.ro\/toyot\/"},{"@type":"ListItem","position":2,"name":"TOYOTA","item":"https:\/\/autorival.ro\/toyot\/"},{"@type":"ListItem","position":3,"name":"Disc frana TOYOTA GT 86 cupe (ZN6_) 2.0 (ZN6AC_, ZN6BC_, ZN6K) benzina 200 cai QWP WBD353"}]},{"@type":"WebSite","@id":"https:\/\/autorival.ro\/toyot\/#website","url":"https:\/\/autorival.ro\/toyot\/","name":"Toyota","description":"","potentialAction":[{"@type":"SearchAction","target":{"@type":"EntryPoint","urlTemplate":"https:\/\/autorival.ro\/toyot\/?s={search_term_string}"},"query-input":{"@type":"PropertyValueSpecification","valueRequired":true,"valueName":"search_term_string"}}],"inLanguage":"ro-RO"}]}},"_links":{"self":[{"href":"https:\/\/autorival.ro\/toyot\/wp-json\/wp\/v2\/product\/1961580","targetHints":{"allow":["GET"]}}],"collection":[{"href":"https:\/\/autorival.ro\/toyot\/wp-json\/wp\/v2\/product"}],"about":[{"href":"https:\/\/autorival.ro\/toyot\/wp-json\/wp\/v2\/types\/product"}],"replies":[{"embeddable":true,"href":"https:\/\/autorival.ro\/toyot\/wp-json\/wp\/v2\/comments?post=1961580"}],"wp:featuredmedia":[{"embeddable":true,"href":"https:\/\/autorival.ro\/toyot\/wp-json\/wp\/v2\/media\/1961581"}],"wp:attachment":[{"href":"https:\/\/autorival.ro\/toyot\/wp-json\/wp\/v2\/media?parent=1961580"}],"wp:term":[{"taxonomy":"product_brand","embeddable":true,"href":"https:\/\/autorival.ro\/toyot\/wp-json\/wp\/v2\/product_brand?post=1961580"},{"taxonomy":"product_cat","embeddable":true,"href":"https:\/\/autorival.ro\/toyot\/wp-json\/wp\/v2\/product_cat?post=1961580"},{"taxonomy":"product_tag","embeddable":true,"href":"https:\/\/autorival.ro\/toyot\/wp-json\/wp\/v2\/product_tag?post=1961580"}],"curies":[{"name":"wp","href":"https:\/\/api.w.org\/{rel}","templated":true}]}}