{"id":1946890,"date":"2026-02-08T18:50:25","date_gmt":"2026-02-08T18:50:25","guid":{"rendered":"https:\/\/autorival.ro\/toyot\/produs\/disc-frana-toyota-auris-_e18_-1-4-d-4d-nde180_-nde180r-diesel-90-cai-denckermann-b130738\/"},"modified":"2026-02-08T18:50:25","modified_gmt":"2026-02-08T18:50:25","slug":"disc-frana-toyota-auris-_e18_-1-4-d-4d-nde180_-nde180r-diesel-90-cai-denckermann-b130738","status":"publish","type":"product","link":"https:\/\/autorival.ro\/toyot\/produs\/disc-frana-toyota-auris-_e18_-1-4-d-4d-nde180_-nde180r-diesel-90-cai-denckermann-b130738\/","title":{"rendered":"Disc frana TOYOTA AURIS (_E18_) 1.4 D-4D (NDE180_, NDE180R) diesel 90 cai DENCKERMANN B130738"},"content":{"rendered":"<p>Partea de montare: punte fataGrosime minima [mm]: 23,0Tip disc fr\u00e2na: ventilatDiametrul orificiului [mm]: 14,6Grosime disc fr\u00e2na [mm]: 26Asezare gauri \u00d8 [mm]: 114,3Numar gauri: 5Diametru interior [mm]: 142,0\u00cenaltime [mm]: 49,3Diametru de centrare [mm]: 62Diametru exterior [mm]: 277<\/p>\n","protected":false},"excerpt":{"rendered":"<p>Producator: DENCKERMANN Cod producator: B130738<\/p>\n","protected":false},"featured_media":1946891,"comment_status":"open","ping_status":"closed","template":"","meta":[],"product_brand":[1814],"product_cat":[35921],"product_tag":[],"class_list":{"0":"post-1946890","1":"product","2":"type-product","3":"status-publish","4":"has-post-thumbnail","6":"product_brand-denckermann","7":"product_cat-disc-frana-e18-1-4-d-4d-nde180-diesel-90","9":"first","10":"instock","11":"shipping-taxable","12":"purchasable","13":"product-type-simple"},"yoast_head":"<!-- This site is optimized with the Yoast SEO plugin v27.4 - https:\/\/yoast.com\/product\/yoast-seo-wordpress\/ -->\n<title>Disc frana TOYOTA AURIS (_E18_) 1.4 D-4D (NDE180_, NDE180R) diesel 90 cai DENCKERMANN B130738 Toyota | DENCKERMANN - Autorival<\/title>\n<meta name=\"description\" content=\"\u26a1 Disc frana TOYOTA AURIS (_E18_) 1.4 D-4D (NDE180_, NDE180R) diesel 90 cai DENCKERMANN B130738 pentru Toyota. \u2713 Cod: B130738 \u2713 Brand: DENCKERMANN \u2713 \u00cen stoc \u2713 Livrare 24h \u2713 Garan\u021bie!\" \/>\n<meta name=\"robots\" content=\"index, follow, max-snippet:-1, max-image-preview:large, max-video-preview:-1\" \/>\n<meta property=\"og:locale\" content=\"ro_RO\" \/>\n<meta property=\"og:type\" content=\"article\" \/>\n<meta property=\"og:title\" content=\"Disc frana TOYOTA AURIS (_E18_) 1.4 D-4D (NDE180_, NDE180R) diesel 90 cai DENCKERMANN B130738 Toyota | DENCKERMANN - Autorival\" \/>\n<meta property=\"og:description\" content=\"\u26a1 Disc frana TOYOTA AURIS (_E18_) 1.4 D-4D (NDE180_, NDE180R) diesel 90 cai DENCKERMANN B130738 pentru Toyota. \u2713 Cod: B130738 \u2713 Brand: DENCKERMANN \u2713 \u00cen stoc \u2713 Livrare 24h \u2713 Garan\u021bie!\" \/>\n<meta property=\"og:url\" content=\"https:\/\/autorival.ro\/toyot\/produs\/disc-frana-toyota-auris-_e18_-1-4-d-4d-nde180_-nde180r-diesel-90-cai-denckermann-b130738\/\" \/>\n<meta property=\"og:site_name\" content=\"Toyota\" \/>\n<meta property=\"og:image\" content=\"https:\/\/autorival.ro\/toyot\/wp-content\/uploads\/sites\/29\/2026\/02\/b130738-1.jpg\" \/>\n\t<meta property=\"og:image:width\" content=\"1500\" \/>\n\t<meta property=\"og:image:height\" content=\"1000\" \/>\n\t<meta property=\"og:image:type\" content=\"image\/jpeg\" \/>\n<meta name=\"twitter:card\" content=\"summary_large_image\" \/>\n<meta name=\"twitter:title\" content=\"Disc frana TOYOTA AURIS (_E18_) 1.4 D-4D (NDE180_, NDE180R) diesel 90 cai DENCKERMANN B130738 Toyota | DENCKERMANN - Autorival\" \/>\n<meta name=\"twitter:description\" content=\"\u26a1 Disc frana TOYOTA AURIS (_E18_) 1.4 D-4D (NDE180_, NDE180R) diesel 90 cai DENCKERMANN B130738 pentru Toyota. \u2713 Cod: B130738 \u2713 Brand: DENCKERMANN \u2713 \u00cen stoc \u2713 Livrare 24h \u2713 Garan\u021bie!\" \/>\n<script type=\"application\/ld+json\" class=\"yoast-schema-graph\">{\"@context\":\"https:\\\/\\\/schema.org\",\"@graph\":[{\"@type\":\"WebPage\",\"@id\":\"https:\\\/\\\/autorival.ro\\\/toyot\\\/produs\\\/disc-frana-toyota-auris-_e18_-1-4-d-4d-nde180_-nde180r-diesel-90-cai-denckermann-b130738\\\/\",\"url\":\"https:\\\/\\\/autorival.ro\\\/toyot\\\/produs\\\/disc-frana-toyota-auris-_e18_-1-4-d-4d-nde180_-nde180r-diesel-90-cai-denckermann-b130738\\\/\",\"name\":\"Disc frana TOYOTA AURIS (_E18_) 1.4 D-4D (NDE180_, NDE180R) diesel 90 cai DENCKERMANN B130738 Toyota | DENCKERMANN - Autorival\",\"isPartOf\":{\"@id\":\"https:\\\/\\\/autorival.ro\\\/toyot\\\/#website\"},\"primaryImageOfPage\":{\"@id\":\"https:\\\/\\\/autorival.ro\\\/toyot\\\/produs\\\/disc-frana-toyota-auris-_e18_-1-4-d-4d-nde180_-nde180r-diesel-90-cai-denckermann-b130738\\\/#primaryimage\"},\"image\":{\"@id\":\"https:\\\/\\\/autorival.ro\\\/toyot\\\/produs\\\/disc-frana-toyota-auris-_e18_-1-4-d-4d-nde180_-nde180r-diesel-90-cai-denckermann-b130738\\\/#primaryimage\"},\"thumbnailUrl\":\"https:\\\/\\\/autorival.ro\\\/toyot\\\/wp-content\\\/uploads\\\/sites\\\/29\\\/2026\\\/02\\\/b130738-1.jpg\",\"datePublished\":\"2026-02-08T18:50:25+00:00\",\"description\":\"\u26a1 Disc frana TOYOTA AURIS (_E18_) 1.4 D-4D (NDE180_, NDE180R) diesel 90 cai DENCKERMANN B130738 pentru Toyota. \u2713 Cod: B130738 \u2713 Brand: DENCKERMANN \u2713 \u00cen stoc \u2713 Livrare 24h \u2713 Garan\u021bie!\",\"breadcrumb\":{\"@id\":\"https:\\\/\\\/autorival.ro\\\/toyot\\\/produs\\\/disc-frana-toyota-auris-_e18_-1-4-d-4d-nde180_-nde180r-diesel-90-cai-denckermann-b130738\\\/#breadcrumb\"},\"inLanguage\":\"ro-RO\",\"potentialAction\":[{\"@type\":\"ReadAction\",\"target\":[\"https:\\\/\\\/autorival.ro\\\/toyot\\\/produs\\\/disc-frana-toyota-auris-_e18_-1-4-d-4d-nde180_-nde180r-diesel-90-cai-denckermann-b130738\\\/\"]}]},{\"@type\":\"ImageObject\",\"inLanguage\":\"ro-RO\",\"@id\":\"https:\\\/\\\/autorival.ro\\\/toyot\\\/produs\\\/disc-frana-toyota-auris-_e18_-1-4-d-4d-nde180_-nde180r-diesel-90-cai-denckermann-b130738\\\/#primaryimage\",\"url\":\"https:\\\/\\\/autorival.ro\\\/toyot\\\/wp-content\\\/uploads\\\/sites\\\/29\\\/2026\\\/02\\\/b130738-1.jpg\",\"contentUrl\":\"https:\\\/\\\/autorival.ro\\\/toyot\\\/wp-content\\\/uploads\\\/sites\\\/29\\\/2026\\\/02\\\/b130738-1.jpg\",\"width\":1500,\"height\":1000},{\"@type\":\"BreadcrumbList\",\"@id\":\"https:\\\/\\\/autorival.ro\\\/toyot\\\/produs\\\/disc-frana-toyota-auris-_e18_-1-4-d-4d-nde180_-nde180r-diesel-90-cai-denckermann-b130738\\\/#breadcrumb\",\"itemListElement\":[{\"@type\":\"ListItem\",\"position\":1,\"name\":\"Prima pagin\u0103\",\"item\":\"https:\\\/\\\/autorival.ro\\\/toyot\\\/\"},{\"@type\":\"ListItem\",\"position\":2,\"name\":\"TOYOTA\",\"item\":\"https:\\\/\\\/autorival.ro\\\/toyot\\\/\"},{\"@type\":\"ListItem\",\"position\":3,\"name\":\"Disc frana TOYOTA AURIS (_E18_) 1.4 D-4D (NDE180_, NDE180R) diesel 90 cai DENCKERMANN B130738\"}]},{\"@type\":\"WebSite\",\"@id\":\"https:\\\/\\\/autorival.ro\\\/toyot\\\/#website\",\"url\":\"https:\\\/\\\/autorival.ro\\\/toyot\\\/\",\"name\":\"Toyota\",\"description\":\"\",\"potentialAction\":[{\"@type\":\"SearchAction\",\"target\":{\"@type\":\"EntryPoint\",\"urlTemplate\":\"https:\\\/\\\/autorival.ro\\\/toyot\\\/?s={search_term_string}\"},\"query-input\":{\"@type\":\"PropertyValueSpecification\",\"valueRequired\":true,\"valueName\":\"search_term_string\"}}],\"inLanguage\":\"ro-RO\"}]}<\/script>\n<!-- \/ Yoast SEO plugin. -->","yoast_head_json":{"title":"Disc frana TOYOTA AURIS (_E18_) 1.4 D-4D (NDE180_, NDE180R) diesel 90 cai DENCKERMANN B130738 Toyota | DENCKERMANN - Autorival","description":"\u26a1 Disc frana TOYOTA AURIS (_E18_) 1.4 D-4D (NDE180_, NDE180R) diesel 90 cai DENCKERMANN B130738 pentru Toyota. \u2713 Cod: B130738 \u2713 Brand: DENCKERMANN \u2713 \u00cen stoc \u2713 Livrare 24h \u2713 Garan\u021bie!","robots":{"index":"index","follow":"follow","max-snippet":"max-snippet:-1","max-image-preview":"max-image-preview:large","max-video-preview":"max-video-preview:-1"},"og_locale":"ro_RO","og_type":"article","og_title":"Disc frana TOYOTA AURIS (_E18_) 1.4 D-4D (NDE180_, NDE180R) diesel 90 cai DENCKERMANN B130738 Toyota | DENCKERMANN - Autorival","og_description":"\u26a1 Disc frana TOYOTA AURIS (_E18_) 1.4 D-4D (NDE180_, NDE180R) diesel 90 cai DENCKERMANN B130738 pentru Toyota. \u2713 Cod: B130738 \u2713 Brand: DENCKERMANN \u2713 \u00cen stoc \u2713 Livrare 24h \u2713 Garan\u021bie!","og_url":"https:\/\/autorival.ro\/toyot\/produs\/disc-frana-toyota-auris-_e18_-1-4-d-4d-nde180_-nde180r-diesel-90-cai-denckermann-b130738\/","og_site_name":"Toyota","og_image":[{"width":1500,"height":1000,"url":"https:\/\/autorival.ro\/toyot\/wp-content\/uploads\/sites\/29\/2026\/02\/b130738-1.jpg","type":"image\/jpeg"}],"twitter_card":"summary_large_image","twitter_title":"Disc frana TOYOTA AURIS (_E18_) 1.4 D-4D (NDE180_, NDE180R) diesel 90 cai DENCKERMANN B130738 Toyota | DENCKERMANN - Autorival","twitter_description":"\u26a1 Disc frana TOYOTA AURIS (_E18_) 1.4 D-4D (NDE180_, NDE180R) diesel 90 cai DENCKERMANN B130738 pentru Toyota. \u2713 Cod: B130738 \u2713 Brand: DENCKERMANN \u2713 \u00cen stoc \u2713 Livrare 24h \u2713 Garan\u021bie!","schema":{"@context":"https:\/\/schema.org","@graph":[{"@type":"WebPage","@id":"https:\/\/autorival.ro\/toyot\/produs\/disc-frana-toyota-auris-_e18_-1-4-d-4d-nde180_-nde180r-diesel-90-cai-denckermann-b130738\/","url":"https:\/\/autorival.ro\/toyot\/produs\/disc-frana-toyota-auris-_e18_-1-4-d-4d-nde180_-nde180r-diesel-90-cai-denckermann-b130738\/","name":"Disc frana TOYOTA AURIS (_E18_) 1.4 D-4D (NDE180_, NDE180R) diesel 90 cai DENCKERMANN B130738 Toyota | DENCKERMANN - Autorival","isPartOf":{"@id":"https:\/\/autorival.ro\/toyot\/#website"},"primaryImageOfPage":{"@id":"https:\/\/autorival.ro\/toyot\/produs\/disc-frana-toyota-auris-_e18_-1-4-d-4d-nde180_-nde180r-diesel-90-cai-denckermann-b130738\/#primaryimage"},"image":{"@id":"https:\/\/autorival.ro\/toyot\/produs\/disc-frana-toyota-auris-_e18_-1-4-d-4d-nde180_-nde180r-diesel-90-cai-denckermann-b130738\/#primaryimage"},"thumbnailUrl":"https:\/\/autorival.ro\/toyot\/wp-content\/uploads\/sites\/29\/2026\/02\/b130738-1.jpg","datePublished":"2026-02-08T18:50:25+00:00","description":"\u26a1 Disc frana TOYOTA AURIS (_E18_) 1.4 D-4D (NDE180_, NDE180R) diesel 90 cai DENCKERMANN B130738 pentru Toyota. \u2713 Cod: B130738 \u2713 Brand: DENCKERMANN \u2713 \u00cen stoc \u2713 Livrare 24h \u2713 Garan\u021bie!","breadcrumb":{"@id":"https:\/\/autorival.ro\/toyot\/produs\/disc-frana-toyota-auris-_e18_-1-4-d-4d-nde180_-nde180r-diesel-90-cai-denckermann-b130738\/#breadcrumb"},"inLanguage":"ro-RO","potentialAction":[{"@type":"ReadAction","target":["https:\/\/autorival.ro\/toyot\/produs\/disc-frana-toyota-auris-_e18_-1-4-d-4d-nde180_-nde180r-diesel-90-cai-denckermann-b130738\/"]}]},{"@type":"ImageObject","inLanguage":"ro-RO","@id":"https:\/\/autorival.ro\/toyot\/produs\/disc-frana-toyota-auris-_e18_-1-4-d-4d-nde180_-nde180r-diesel-90-cai-denckermann-b130738\/#primaryimage","url":"https:\/\/autorival.ro\/toyot\/wp-content\/uploads\/sites\/29\/2026\/02\/b130738-1.jpg","contentUrl":"https:\/\/autorival.ro\/toyot\/wp-content\/uploads\/sites\/29\/2026\/02\/b130738-1.jpg","width":1500,"height":1000},{"@type":"BreadcrumbList","@id":"https:\/\/autorival.ro\/toyot\/produs\/disc-frana-toyota-auris-_e18_-1-4-d-4d-nde180_-nde180r-diesel-90-cai-denckermann-b130738\/#breadcrumb","itemListElement":[{"@type":"ListItem","position":1,"name":"Prima pagin\u0103","item":"https:\/\/autorival.ro\/toyot\/"},{"@type":"ListItem","position":2,"name":"TOYOTA","item":"https:\/\/autorival.ro\/toyot\/"},{"@type":"ListItem","position":3,"name":"Disc frana TOYOTA AURIS (_E18_) 1.4 D-4D (NDE180_, NDE180R) diesel 90 cai DENCKERMANN B130738"}]},{"@type":"WebSite","@id":"https:\/\/autorival.ro\/toyot\/#website","url":"https:\/\/autorival.ro\/toyot\/","name":"Toyota","description":"","potentialAction":[{"@type":"SearchAction","target":{"@type":"EntryPoint","urlTemplate":"https:\/\/autorival.ro\/toyot\/?s={search_term_string}"},"query-input":{"@type":"PropertyValueSpecification","valueRequired":true,"valueName":"search_term_string"}}],"inLanguage":"ro-RO"}]}},"_links":{"self":[{"href":"https:\/\/autorival.ro\/toyot\/wp-json\/wp\/v2\/product\/1946890","targetHints":{"allow":["GET"]}}],"collection":[{"href":"https:\/\/autorival.ro\/toyot\/wp-json\/wp\/v2\/product"}],"about":[{"href":"https:\/\/autorival.ro\/toyot\/wp-json\/wp\/v2\/types\/product"}],"replies":[{"embeddable":true,"href":"https:\/\/autorival.ro\/toyot\/wp-json\/wp\/v2\/comments?post=1946890"}],"wp:featuredmedia":[{"embeddable":true,"href":"https:\/\/autorival.ro\/toyot\/wp-json\/wp\/v2\/media\/1946891"}],"wp:attachment":[{"href":"https:\/\/autorival.ro\/toyot\/wp-json\/wp\/v2\/media?parent=1946890"}],"wp:term":[{"taxonomy":"product_brand","embeddable":true,"href":"https:\/\/autorival.ro\/toyot\/wp-json\/wp\/v2\/product_brand?post=1946890"},{"taxonomy":"product_cat","embeddable":true,"href":"https:\/\/autorival.ro\/toyot\/wp-json\/wp\/v2\/product_cat?post=1946890"},{"taxonomy":"product_tag","embeddable":true,"href":"https:\/\/autorival.ro\/toyot\/wp-json\/wp\/v2\/product_tag?post=1946890"}],"curies":[{"name":"wp","href":"https:\/\/api.w.org\/{rel}","templated":true}]}}