{"id":1945642,"date":"2026-02-08T18:11:22","date_gmt":"2026-02-08T18:11:22","guid":{"rendered":"https:\/\/autorival.ro\/toyot\/produs\/disc-frana-toyota-4-runner-iii-_n18_-3-0-td-kzn185-diesel-125-cai-bosch-0-986-478-698\/"},"modified":"2026-02-08T18:11:22","modified_gmt":"2026-02-08T18:11:22","slug":"disc-frana-toyota-4-runner-iii-_n18_-3-0-td-kzn185-diesel-125-cai-bosch-0-986-478-698","status":"publish","type":"product","link":"https:\/\/autorival.ro\/toyot\/produs\/disc-frana-toyota-4-runner-iii-_n18_-3-0-td-kzn185-diesel-125-cai-bosch-0-986-478-698\/","title":{"rendered":"Disc frana TOYOTA 4 RUNNER III (_N18_) 3.0 TD (KZN185) diesel 125 cai BOSCH 0 986 478 698"},"content":{"rendered":"<p>An fabricatie pana la: 200008Partea de montare: punte fataMarime janta [inch]: 16,0Diametru exterior [mm]: 318,5Grosime disc fr\u00e2na [mm]: 22Grosime minima [mm]: 20\u00cenaltime [mm]: 70,5Asezare gauri \u00d8 [mm]: 139,7Tip disc fr\u00e2na: ventilatDiametru de centrare [mm]: 108Numar gauri: 6Suprafata: unsindeplineste normele ECE: ECE-R90Diametru gaura pana la [mm]: 15<\/p>\n","protected":false},"excerpt":{"rendered":"<p>Producator: BOSCH Cod producator: 0 986 478 698<\/p>\n","protected":false},"featured_media":1945643,"comment_status":"open","ping_status":"closed","template":"","meta":[],"product_brand":[1233],"product_cat":[35907],"product_tag":[],"class_list":{"0":"post-1945642","1":"product","2":"type-product","3":"status-publish","4":"has-post-thumbnail","6":"product_brand-bosch","7":"product_cat-disc-frana-n18-3-0-td-kzn185-diesel-125","9":"first","10":"instock","11":"shipping-taxable","12":"purchasable","13":"product-type-simple"},"yoast_head":"<!-- This site is optimized with the Yoast SEO plugin v27.4 - https:\/\/yoast.com\/product\/yoast-seo-wordpress\/ -->\n<title>Disc frana TOYOTA 4 RUNNER III (_N18_) 3.0 TD (KZN185) diesel 125 cai BOSCH 0 986 478 698 Toyota | BOSCH - Autorival<\/title>\n<meta name=\"description\" content=\"\u26a1 Disc frana TOYOTA 4 RUNNER III (_N18_) 3.0 TD (KZN185) diesel 125 cai BOSCH 0 986 478 698 pentru Toyota \u2713 Brand: BOSCH \u2713 \u00cen stoc \u2713 Livrare 24h \u2713 Garan\u021bie!\" \/>\n<meta name=\"robots\" content=\"index, follow, max-snippet:-1, max-image-preview:large, max-video-preview:-1\" \/>\n<meta property=\"og:locale\" content=\"ro_RO\" \/>\n<meta property=\"og:type\" content=\"article\" \/>\n<meta property=\"og:title\" content=\"Disc frana TOYOTA 4 RUNNER III (_N18_) 3.0 TD (KZN185) diesel 125 cai BOSCH 0 986 478 698 Toyota | BOSCH - Autorival\" \/>\n<meta property=\"og:description\" content=\"\u26a1 Disc frana TOYOTA 4 RUNNER III (_N18_) 3.0 TD (KZN185) diesel 125 cai BOSCH 0 986 478 698 pentru Toyota \u2713 Brand: BOSCH \u2713 \u00cen stoc \u2713 Livrare 24h \u2713 Garan\u021bie!\" \/>\n<meta property=\"og:url\" content=\"https:\/\/autorival.ro\/toyot\/produs\/disc-frana-toyota-4-runner-iii-_n18_-3-0-td-kzn185-diesel-125-cai-bosch-0-986-478-698\/\" \/>\n<meta property=\"og:site_name\" content=\"Toyota\" \/>\n<meta property=\"og:image\" content=\"https:\/\/autorival.ro\/toyot\/wp-content\/uploads\/sites\/29\/2026\/02\/0986478698ph07whco0000-1.jpg\" \/>\n\t<meta property=\"og:image:width\" content=\"1086\" \/>\n\t<meta property=\"og:image:height\" content=\"1024\" \/>\n\t<meta property=\"og:image:type\" content=\"image\/jpeg\" \/>\n<meta name=\"twitter:card\" content=\"summary_large_image\" \/>\n<meta name=\"twitter:title\" content=\"Disc frana TOYOTA 4 RUNNER III (_N18_) 3.0 TD (KZN185) diesel 125 cai BOSCH 0 986 478 698 Toyota | BOSCH - Autorival\" \/>\n<meta name=\"twitter:description\" content=\"\u26a1 Disc frana TOYOTA 4 RUNNER III (_N18_) 3.0 TD (KZN185) diesel 125 cai BOSCH 0 986 478 698 pentru Toyota \u2713 Brand: BOSCH \u2713 \u00cen stoc \u2713 Livrare 24h \u2713 Garan\u021bie!\" \/>\n<script type=\"application\/ld+json\" class=\"yoast-schema-graph\">{\"@context\":\"https:\\\/\\\/schema.org\",\"@graph\":[{\"@type\":\"WebPage\",\"@id\":\"https:\\\/\\\/autorival.ro\\\/toyot\\\/produs\\\/disc-frana-toyota-4-runner-iii-_n18_-3-0-td-kzn185-diesel-125-cai-bosch-0-986-478-698\\\/\",\"url\":\"https:\\\/\\\/autorival.ro\\\/toyot\\\/produs\\\/disc-frana-toyota-4-runner-iii-_n18_-3-0-td-kzn185-diesel-125-cai-bosch-0-986-478-698\\\/\",\"name\":\"Disc frana TOYOTA 4 RUNNER III (_N18_) 3.0 TD (KZN185) diesel 125 cai BOSCH 0 986 478 698 Toyota | BOSCH - Autorival\",\"isPartOf\":{\"@id\":\"https:\\\/\\\/autorival.ro\\\/toyot\\\/#website\"},\"primaryImageOfPage\":{\"@id\":\"https:\\\/\\\/autorival.ro\\\/toyot\\\/produs\\\/disc-frana-toyota-4-runner-iii-_n18_-3-0-td-kzn185-diesel-125-cai-bosch-0-986-478-698\\\/#primaryimage\"},\"image\":{\"@id\":\"https:\\\/\\\/autorival.ro\\\/toyot\\\/produs\\\/disc-frana-toyota-4-runner-iii-_n18_-3-0-td-kzn185-diesel-125-cai-bosch-0-986-478-698\\\/#primaryimage\"},\"thumbnailUrl\":\"https:\\\/\\\/autorival.ro\\\/toyot\\\/wp-content\\\/uploads\\\/sites\\\/29\\\/2026\\\/02\\\/0986478698ph07whco0000-1.jpg\",\"datePublished\":\"2026-02-08T18:11:22+00:00\",\"description\":\"\u26a1 Disc frana TOYOTA 4 RUNNER III (_N18_) 3.0 TD (KZN185) diesel 125 cai BOSCH 0 986 478 698 pentru Toyota \u2713 Brand: BOSCH \u2713 \u00cen stoc \u2713 Livrare 24h \u2713 Garan\u021bie!\",\"breadcrumb\":{\"@id\":\"https:\\\/\\\/autorival.ro\\\/toyot\\\/produs\\\/disc-frana-toyota-4-runner-iii-_n18_-3-0-td-kzn185-diesel-125-cai-bosch-0-986-478-698\\\/#breadcrumb\"},\"inLanguage\":\"ro-RO\",\"potentialAction\":[{\"@type\":\"ReadAction\",\"target\":[\"https:\\\/\\\/autorival.ro\\\/toyot\\\/produs\\\/disc-frana-toyota-4-runner-iii-_n18_-3-0-td-kzn185-diesel-125-cai-bosch-0-986-478-698\\\/\"]}]},{\"@type\":\"ImageObject\",\"inLanguage\":\"ro-RO\",\"@id\":\"https:\\\/\\\/autorival.ro\\\/toyot\\\/produs\\\/disc-frana-toyota-4-runner-iii-_n18_-3-0-td-kzn185-diesel-125-cai-bosch-0-986-478-698\\\/#primaryimage\",\"url\":\"https:\\\/\\\/autorival.ro\\\/toyot\\\/wp-content\\\/uploads\\\/sites\\\/29\\\/2026\\\/02\\\/0986478698ph07whco0000-1.jpg\",\"contentUrl\":\"https:\\\/\\\/autorival.ro\\\/toyot\\\/wp-content\\\/uploads\\\/sites\\\/29\\\/2026\\\/02\\\/0986478698ph07whco0000-1.jpg\",\"width\":1086,\"height\":1024},{\"@type\":\"BreadcrumbList\",\"@id\":\"https:\\\/\\\/autorival.ro\\\/toyot\\\/produs\\\/disc-frana-toyota-4-runner-iii-_n18_-3-0-td-kzn185-diesel-125-cai-bosch-0-986-478-698\\\/#breadcrumb\",\"itemListElement\":[{\"@type\":\"ListItem\",\"position\":1,\"name\":\"Prima pagin\u0103\",\"item\":\"https:\\\/\\\/autorival.ro\\\/toyot\\\/\"},{\"@type\":\"ListItem\",\"position\":2,\"name\":\"TOYOTA\",\"item\":\"https:\\\/\\\/autorival.ro\\\/toyot\\\/\"},{\"@type\":\"ListItem\",\"position\":3,\"name\":\"Disc frana TOYOTA 4 RUNNER III (_N18_) 3.0 TD (KZN185) diesel 125 cai BOSCH 0 986 478 698\"}]},{\"@type\":\"WebSite\",\"@id\":\"https:\\\/\\\/autorival.ro\\\/toyot\\\/#website\",\"url\":\"https:\\\/\\\/autorival.ro\\\/toyot\\\/\",\"name\":\"Toyota\",\"description\":\"\",\"potentialAction\":[{\"@type\":\"SearchAction\",\"target\":{\"@type\":\"EntryPoint\",\"urlTemplate\":\"https:\\\/\\\/autorival.ro\\\/toyot\\\/?s={search_term_string}\"},\"query-input\":{\"@type\":\"PropertyValueSpecification\",\"valueRequired\":true,\"valueName\":\"search_term_string\"}}],\"inLanguage\":\"ro-RO\"}]}<\/script>\n<!-- \/ Yoast SEO plugin. -->","yoast_head_json":{"title":"Disc frana TOYOTA 4 RUNNER III (_N18_) 3.0 TD (KZN185) diesel 125 cai BOSCH 0 986 478 698 Toyota | BOSCH - Autorival","description":"\u26a1 Disc frana TOYOTA 4 RUNNER III (_N18_) 3.0 TD (KZN185) diesel 125 cai BOSCH 0 986 478 698 pentru Toyota \u2713 Brand: BOSCH \u2713 \u00cen stoc \u2713 Livrare 24h \u2713 Garan\u021bie!","robots":{"index":"index","follow":"follow","max-snippet":"max-snippet:-1","max-image-preview":"max-image-preview:large","max-video-preview":"max-video-preview:-1"},"og_locale":"ro_RO","og_type":"article","og_title":"Disc frana TOYOTA 4 RUNNER III (_N18_) 3.0 TD (KZN185) diesel 125 cai BOSCH 0 986 478 698 Toyota | BOSCH - Autorival","og_description":"\u26a1 Disc frana TOYOTA 4 RUNNER III (_N18_) 3.0 TD (KZN185) diesel 125 cai BOSCH 0 986 478 698 pentru Toyota \u2713 Brand: BOSCH \u2713 \u00cen stoc \u2713 Livrare 24h \u2713 Garan\u021bie!","og_url":"https:\/\/autorival.ro\/toyot\/produs\/disc-frana-toyota-4-runner-iii-_n18_-3-0-td-kzn185-diesel-125-cai-bosch-0-986-478-698\/","og_site_name":"Toyota","og_image":[{"width":1086,"height":1024,"url":"https:\/\/autorival.ro\/toyot\/wp-content\/uploads\/sites\/29\/2026\/02\/0986478698ph07whco0000-1.jpg","type":"image\/jpeg"}],"twitter_card":"summary_large_image","twitter_title":"Disc frana TOYOTA 4 RUNNER III (_N18_) 3.0 TD (KZN185) diesel 125 cai BOSCH 0 986 478 698 Toyota | BOSCH - Autorival","twitter_description":"\u26a1 Disc frana TOYOTA 4 RUNNER III (_N18_) 3.0 TD (KZN185) diesel 125 cai BOSCH 0 986 478 698 pentru Toyota \u2713 Brand: BOSCH \u2713 \u00cen stoc \u2713 Livrare 24h \u2713 Garan\u021bie!","schema":{"@context":"https:\/\/schema.org","@graph":[{"@type":"WebPage","@id":"https:\/\/autorival.ro\/toyot\/produs\/disc-frana-toyota-4-runner-iii-_n18_-3-0-td-kzn185-diesel-125-cai-bosch-0-986-478-698\/","url":"https:\/\/autorival.ro\/toyot\/produs\/disc-frana-toyota-4-runner-iii-_n18_-3-0-td-kzn185-diesel-125-cai-bosch-0-986-478-698\/","name":"Disc frana TOYOTA 4 RUNNER III (_N18_) 3.0 TD (KZN185) diesel 125 cai BOSCH 0 986 478 698 Toyota | BOSCH - Autorival","isPartOf":{"@id":"https:\/\/autorival.ro\/toyot\/#website"},"primaryImageOfPage":{"@id":"https:\/\/autorival.ro\/toyot\/produs\/disc-frana-toyota-4-runner-iii-_n18_-3-0-td-kzn185-diesel-125-cai-bosch-0-986-478-698\/#primaryimage"},"image":{"@id":"https:\/\/autorival.ro\/toyot\/produs\/disc-frana-toyota-4-runner-iii-_n18_-3-0-td-kzn185-diesel-125-cai-bosch-0-986-478-698\/#primaryimage"},"thumbnailUrl":"https:\/\/autorival.ro\/toyot\/wp-content\/uploads\/sites\/29\/2026\/02\/0986478698ph07whco0000-1.jpg","datePublished":"2026-02-08T18:11:22+00:00","description":"\u26a1 Disc frana TOYOTA 4 RUNNER III (_N18_) 3.0 TD (KZN185) diesel 125 cai BOSCH 0 986 478 698 pentru Toyota \u2713 Brand: BOSCH \u2713 \u00cen stoc \u2713 Livrare 24h \u2713 Garan\u021bie!","breadcrumb":{"@id":"https:\/\/autorival.ro\/toyot\/produs\/disc-frana-toyota-4-runner-iii-_n18_-3-0-td-kzn185-diesel-125-cai-bosch-0-986-478-698\/#breadcrumb"},"inLanguage":"ro-RO","potentialAction":[{"@type":"ReadAction","target":["https:\/\/autorival.ro\/toyot\/produs\/disc-frana-toyota-4-runner-iii-_n18_-3-0-td-kzn185-diesel-125-cai-bosch-0-986-478-698\/"]}]},{"@type":"ImageObject","inLanguage":"ro-RO","@id":"https:\/\/autorival.ro\/toyot\/produs\/disc-frana-toyota-4-runner-iii-_n18_-3-0-td-kzn185-diesel-125-cai-bosch-0-986-478-698\/#primaryimage","url":"https:\/\/autorival.ro\/toyot\/wp-content\/uploads\/sites\/29\/2026\/02\/0986478698ph07whco0000-1.jpg","contentUrl":"https:\/\/autorival.ro\/toyot\/wp-content\/uploads\/sites\/29\/2026\/02\/0986478698ph07whco0000-1.jpg","width":1086,"height":1024},{"@type":"BreadcrumbList","@id":"https:\/\/autorival.ro\/toyot\/produs\/disc-frana-toyota-4-runner-iii-_n18_-3-0-td-kzn185-diesel-125-cai-bosch-0-986-478-698\/#breadcrumb","itemListElement":[{"@type":"ListItem","position":1,"name":"Prima pagin\u0103","item":"https:\/\/autorival.ro\/toyot\/"},{"@type":"ListItem","position":2,"name":"TOYOTA","item":"https:\/\/autorival.ro\/toyot\/"},{"@type":"ListItem","position":3,"name":"Disc frana TOYOTA 4 RUNNER III (_N18_) 3.0 TD (KZN185) diesel 125 cai BOSCH 0 986 478 698"}]},{"@type":"WebSite","@id":"https:\/\/autorival.ro\/toyot\/#website","url":"https:\/\/autorival.ro\/toyot\/","name":"Toyota","description":"","potentialAction":[{"@type":"SearchAction","target":{"@type":"EntryPoint","urlTemplate":"https:\/\/autorival.ro\/toyot\/?s={search_term_string}"},"query-input":{"@type":"PropertyValueSpecification","valueRequired":true,"valueName":"search_term_string"}}],"inLanguage":"ro-RO"}]}},"_links":{"self":[{"href":"https:\/\/autorival.ro\/toyot\/wp-json\/wp\/v2\/product\/1945642","targetHints":{"allow":["GET"]}}],"collection":[{"href":"https:\/\/autorival.ro\/toyot\/wp-json\/wp\/v2\/product"}],"about":[{"href":"https:\/\/autorival.ro\/toyot\/wp-json\/wp\/v2\/types\/product"}],"replies":[{"embeddable":true,"href":"https:\/\/autorival.ro\/toyot\/wp-json\/wp\/v2\/comments?post=1945642"}],"wp:featuredmedia":[{"embeddable":true,"href":"https:\/\/autorival.ro\/toyot\/wp-json\/wp\/v2\/media\/1945643"}],"wp:attachment":[{"href":"https:\/\/autorival.ro\/toyot\/wp-json\/wp\/v2\/media?parent=1945642"}],"wp:term":[{"taxonomy":"product_brand","embeddable":true,"href":"https:\/\/autorival.ro\/toyot\/wp-json\/wp\/v2\/product_brand?post=1945642"},{"taxonomy":"product_cat","embeddable":true,"href":"https:\/\/autorival.ro\/toyot\/wp-json\/wp\/v2\/product_cat?post=1945642"},{"taxonomy":"product_tag","embeddable":true,"href":"https:\/\/autorival.ro\/toyot\/wp-json\/wp\/v2\/product_tag?post=1945642"}],"curies":[{"name":"wp","href":"https:\/\/api.w.org\/{rel}","templated":true}]}}