{"id":1945538,"date":"2026-02-08T18:08:22","date_gmt":"2026-02-08T18:08:22","guid":{"rendered":"https:\/\/autorival.ro\/toyot\/produs\/disc-frana-toyota-4-runner-i-_n5_-_n6_-_n7_-2-4-4wd-rn50-rn55-rn60-benzina-112-cai-abs-15980\/"},"modified":"2026-02-08T18:08:22","modified_gmt":"2026-02-08T18:08:22","slug":"disc-frana-toyota-4-runner-i-_n5_-_n6_-_n7_-2-4-4wd-rn50-rn55-rn60-benzina-112-cai-abs-15980","status":"publish","type":"product","link":"https:\/\/autorival.ro\/toyot\/produs\/disc-frana-toyota-4-runner-i-_n5_-_n6_-_n7_-2-4-4wd-rn50-rn55-rn60-benzina-112-cai-abs-15980\/","title":{"rendered":"Disc frana TOYOTA 4 RUNNER I (_N5_, _N6_, _N7_) 2.4 4WD (RN50, RN55, RN60) benzina 112 cai ABS 15980"},"content":{"rendered":"<p>Partea de montare: punte fataDiametru exterior [mm]: 289Grosime disc fr\u00e2na [mm]: 20\u00cenaltime [mm]: 64Janta, numar gauri: 6Tip disc fr\u00e2na: ventilatAsezare gauri \u00d8 [mm]: 127Diametru butuc [mm]: 167Greutate [kg]: 6,21<\/p>\n","protected":false},"excerpt":{"rendered":"<p>Producator: ABS Cod producator: 15980<\/p>\n","protected":false},"featured_media":1945539,"comment_status":"open","ping_status":"closed","template":"","meta":[],"product_brand":[8235],"product_cat":[35901],"product_tag":[],"class_list":{"0":"post-1945538","1":"product","2":"type-product","3":"status-publish","4":"has-post-thumbnail","6":"product_brand-abs","7":"product_cat-disc-frana","9":"first","10":"instock","11":"shipping-taxable","12":"purchasable","13":"product-type-simple"},"yoast_head":"<!-- This site is optimized with the Yoast SEO plugin v27.4 - https:\/\/yoast.com\/product\/yoast-seo-wordpress\/ -->\n<title>Disc frana TOYOTA 4 RUNNER I (_N5_, _N6_, _N7_) 2.4 4WD (RN50, RN55, RN60) benzina 112 cai ABS 15980 Toyota | ABS - Autorival<\/title>\n<meta name=\"description\" content=\"\u26a1 Disc frana TOYOTA 4 RUNNER I (_N5_, _N6_, _N7_) 2.4 4WD (RN50, RN55, RN60) benzina 112 cai ABS 15980 pentru Toyota. \u2713 Cod: 15980 \u2713 Brand: ABS \u2713 \u00cen stoc \u2713 Livrare 24h \u2713 Garan\u021bie!\" \/>\n<meta name=\"robots\" content=\"index, follow, max-snippet:-1, max-image-preview:large, max-video-preview:-1\" \/>\n<meta property=\"og:locale\" content=\"ro_RO\" \/>\n<meta property=\"og:type\" content=\"article\" \/>\n<meta property=\"og:title\" content=\"Disc frana TOYOTA 4 RUNNER I (_N5_, _N6_, _N7_) 2.4 4WD (RN50, RN55, RN60) benzina 112 cai ABS 15980 Toyota | ABS - Autorival\" \/>\n<meta property=\"og:description\" content=\"\u26a1 Disc frana TOYOTA 4 RUNNER I (_N5_, _N6_, _N7_) 2.4 4WD (RN50, RN55, RN60) benzina 112 cai ABS 15980 pentru Toyota. \u2713 Cod: 15980 \u2713 Brand: ABS \u2713 \u00cen stoc \u2713 Livrare 24h \u2713 Garan\u021bie!\" \/>\n<meta property=\"og:url\" content=\"https:\/\/autorival.ro\/toyot\/produs\/disc-frana-toyota-4-runner-i-_n5_-_n6_-_n7_-2-4-4wd-rn50-rn55-rn60-benzina-112-cai-abs-15980\/\" \/>\n<meta property=\"og:site_name\" content=\"Toyota\" \/>\n<meta property=\"og:image\" content=\"https:\/\/autorival.ro\/toyot\/wp-content\/uploads\/sites\/29\/2026\/02\/15980.jpg\" \/>\n\t<meta property=\"og:image:width\" content=\"600\" \/>\n\t<meta property=\"og:image:height\" content=\"340\" \/>\n\t<meta property=\"og:image:type\" content=\"image\/jpeg\" \/>\n<meta name=\"twitter:card\" content=\"summary_large_image\" \/>\n<meta name=\"twitter:title\" content=\"Disc frana TOYOTA 4 RUNNER I (_N5_, _N6_, _N7_) 2.4 4WD (RN50, RN55, RN60) benzina 112 cai ABS 15980 Toyota | ABS - Autorival\" \/>\n<meta name=\"twitter:description\" content=\"\u26a1 Disc frana TOYOTA 4 RUNNER I (_N5_, _N6_, _N7_) 2.4 4WD (RN50, RN55, RN60) benzina 112 cai ABS 15980 pentru Toyota. \u2713 Cod: 15980 \u2713 Brand: ABS \u2713 \u00cen stoc \u2713 Livrare 24h \u2713 Garan\u021bie!\" \/>\n<script type=\"application\/ld+json\" class=\"yoast-schema-graph\">{\"@context\":\"https:\\\/\\\/schema.org\",\"@graph\":[{\"@type\":\"WebPage\",\"@id\":\"https:\\\/\\\/autorival.ro\\\/toyot\\\/produs\\\/disc-frana-toyota-4-runner-i-_n5_-_n6_-_n7_-2-4-4wd-rn50-rn55-rn60-benzina-112-cai-abs-15980\\\/\",\"url\":\"https:\\\/\\\/autorival.ro\\\/toyot\\\/produs\\\/disc-frana-toyota-4-runner-i-_n5_-_n6_-_n7_-2-4-4wd-rn50-rn55-rn60-benzina-112-cai-abs-15980\\\/\",\"name\":\"Disc frana TOYOTA 4 RUNNER I (_N5_, _N6_, _N7_) 2.4 4WD (RN50, RN55, RN60) benzina 112 cai ABS 15980 Toyota | ABS - Autorival\",\"isPartOf\":{\"@id\":\"https:\\\/\\\/autorival.ro\\\/toyot\\\/#website\"},\"primaryImageOfPage\":{\"@id\":\"https:\\\/\\\/autorival.ro\\\/toyot\\\/produs\\\/disc-frana-toyota-4-runner-i-_n5_-_n6_-_n7_-2-4-4wd-rn50-rn55-rn60-benzina-112-cai-abs-15980\\\/#primaryimage\"},\"image\":{\"@id\":\"https:\\\/\\\/autorival.ro\\\/toyot\\\/produs\\\/disc-frana-toyota-4-runner-i-_n5_-_n6_-_n7_-2-4-4wd-rn50-rn55-rn60-benzina-112-cai-abs-15980\\\/#primaryimage\"},\"thumbnailUrl\":\"https:\\\/\\\/autorival.ro\\\/toyot\\\/wp-content\\\/uploads\\\/sites\\\/29\\\/2026\\\/02\\\/15980.jpg\",\"datePublished\":\"2026-02-08T18:08:22+00:00\",\"description\":\"\u26a1 Disc frana TOYOTA 4 RUNNER I (_N5_, _N6_, _N7_) 2.4 4WD (RN50, RN55, RN60) benzina 112 cai ABS 15980 pentru Toyota. \u2713 Cod: 15980 \u2713 Brand: ABS \u2713 \u00cen stoc \u2713 Livrare 24h \u2713 Garan\u021bie!\",\"breadcrumb\":{\"@id\":\"https:\\\/\\\/autorival.ro\\\/toyot\\\/produs\\\/disc-frana-toyota-4-runner-i-_n5_-_n6_-_n7_-2-4-4wd-rn50-rn55-rn60-benzina-112-cai-abs-15980\\\/#breadcrumb\"},\"inLanguage\":\"ro-RO\",\"potentialAction\":[{\"@type\":\"ReadAction\",\"target\":[\"https:\\\/\\\/autorival.ro\\\/toyot\\\/produs\\\/disc-frana-toyota-4-runner-i-_n5_-_n6_-_n7_-2-4-4wd-rn50-rn55-rn60-benzina-112-cai-abs-15980\\\/\"]}]},{\"@type\":\"ImageObject\",\"inLanguage\":\"ro-RO\",\"@id\":\"https:\\\/\\\/autorival.ro\\\/toyot\\\/produs\\\/disc-frana-toyota-4-runner-i-_n5_-_n6_-_n7_-2-4-4wd-rn50-rn55-rn60-benzina-112-cai-abs-15980\\\/#primaryimage\",\"url\":\"https:\\\/\\\/autorival.ro\\\/toyot\\\/wp-content\\\/uploads\\\/sites\\\/29\\\/2026\\\/02\\\/15980.jpg\",\"contentUrl\":\"https:\\\/\\\/autorival.ro\\\/toyot\\\/wp-content\\\/uploads\\\/sites\\\/29\\\/2026\\\/02\\\/15980.jpg\",\"width\":600,\"height\":340},{\"@type\":\"BreadcrumbList\",\"@id\":\"https:\\\/\\\/autorival.ro\\\/toyot\\\/produs\\\/disc-frana-toyota-4-runner-i-_n5_-_n6_-_n7_-2-4-4wd-rn50-rn55-rn60-benzina-112-cai-abs-15980\\\/#breadcrumb\",\"itemListElement\":[{\"@type\":\"ListItem\",\"position\":1,\"name\":\"Prima pagin\u0103\",\"item\":\"https:\\\/\\\/autorival.ro\\\/toyot\\\/\"},{\"@type\":\"ListItem\",\"position\":2,\"name\":\"TOYOTA\",\"item\":\"https:\\\/\\\/autorival.ro\\\/toyot\\\/\"},{\"@type\":\"ListItem\",\"position\":3,\"name\":\"Disc frana TOYOTA 4 RUNNER I (_N5_, _N6_, _N7_) 2.4 4WD (RN50, RN55, RN60) benzina 112 cai ABS 15980\"}]},{\"@type\":\"WebSite\",\"@id\":\"https:\\\/\\\/autorival.ro\\\/toyot\\\/#website\",\"url\":\"https:\\\/\\\/autorival.ro\\\/toyot\\\/\",\"name\":\"Toyota\",\"description\":\"\",\"potentialAction\":[{\"@type\":\"SearchAction\",\"target\":{\"@type\":\"EntryPoint\",\"urlTemplate\":\"https:\\\/\\\/autorival.ro\\\/toyot\\\/?s={search_term_string}\"},\"query-input\":{\"@type\":\"PropertyValueSpecification\",\"valueRequired\":true,\"valueName\":\"search_term_string\"}}],\"inLanguage\":\"ro-RO\"}]}<\/script>\n<!-- \/ Yoast SEO plugin. -->","yoast_head_json":{"title":"Disc frana TOYOTA 4 RUNNER I (_N5_, _N6_, _N7_) 2.4 4WD (RN50, RN55, RN60) benzina 112 cai ABS 15980 Toyota | ABS - Autorival","description":"\u26a1 Disc frana TOYOTA 4 RUNNER I (_N5_, _N6_, _N7_) 2.4 4WD (RN50, RN55, RN60) benzina 112 cai ABS 15980 pentru Toyota. \u2713 Cod: 15980 \u2713 Brand: ABS \u2713 \u00cen stoc \u2713 Livrare 24h \u2713 Garan\u021bie!","robots":{"index":"index","follow":"follow","max-snippet":"max-snippet:-1","max-image-preview":"max-image-preview:large","max-video-preview":"max-video-preview:-1"},"og_locale":"ro_RO","og_type":"article","og_title":"Disc frana TOYOTA 4 RUNNER I (_N5_, _N6_, _N7_) 2.4 4WD (RN50, RN55, RN60) benzina 112 cai ABS 15980 Toyota | ABS - Autorival","og_description":"\u26a1 Disc frana TOYOTA 4 RUNNER I (_N5_, _N6_, _N7_) 2.4 4WD (RN50, RN55, RN60) benzina 112 cai ABS 15980 pentru Toyota. \u2713 Cod: 15980 \u2713 Brand: ABS \u2713 \u00cen stoc \u2713 Livrare 24h \u2713 Garan\u021bie!","og_url":"https:\/\/autorival.ro\/toyot\/produs\/disc-frana-toyota-4-runner-i-_n5_-_n6_-_n7_-2-4-4wd-rn50-rn55-rn60-benzina-112-cai-abs-15980\/","og_site_name":"Toyota","og_image":[{"width":600,"height":340,"url":"https:\/\/autorival.ro\/toyot\/wp-content\/uploads\/sites\/29\/2026\/02\/15980.jpg","type":"image\/jpeg"}],"twitter_card":"summary_large_image","twitter_title":"Disc frana TOYOTA 4 RUNNER I (_N5_, _N6_, _N7_) 2.4 4WD (RN50, RN55, RN60) benzina 112 cai ABS 15980 Toyota | ABS - Autorival","twitter_description":"\u26a1 Disc frana TOYOTA 4 RUNNER I (_N5_, _N6_, _N7_) 2.4 4WD (RN50, RN55, RN60) benzina 112 cai ABS 15980 pentru Toyota. \u2713 Cod: 15980 \u2713 Brand: ABS \u2713 \u00cen stoc \u2713 Livrare 24h \u2713 Garan\u021bie!","schema":{"@context":"https:\/\/schema.org","@graph":[{"@type":"WebPage","@id":"https:\/\/autorival.ro\/toyot\/produs\/disc-frana-toyota-4-runner-i-_n5_-_n6_-_n7_-2-4-4wd-rn50-rn55-rn60-benzina-112-cai-abs-15980\/","url":"https:\/\/autorival.ro\/toyot\/produs\/disc-frana-toyota-4-runner-i-_n5_-_n6_-_n7_-2-4-4wd-rn50-rn55-rn60-benzina-112-cai-abs-15980\/","name":"Disc frana TOYOTA 4 RUNNER I (_N5_, _N6_, _N7_) 2.4 4WD (RN50, RN55, RN60) benzina 112 cai ABS 15980 Toyota | ABS - Autorival","isPartOf":{"@id":"https:\/\/autorival.ro\/toyot\/#website"},"primaryImageOfPage":{"@id":"https:\/\/autorival.ro\/toyot\/produs\/disc-frana-toyota-4-runner-i-_n5_-_n6_-_n7_-2-4-4wd-rn50-rn55-rn60-benzina-112-cai-abs-15980\/#primaryimage"},"image":{"@id":"https:\/\/autorival.ro\/toyot\/produs\/disc-frana-toyota-4-runner-i-_n5_-_n6_-_n7_-2-4-4wd-rn50-rn55-rn60-benzina-112-cai-abs-15980\/#primaryimage"},"thumbnailUrl":"https:\/\/autorival.ro\/toyot\/wp-content\/uploads\/sites\/29\/2026\/02\/15980.jpg","datePublished":"2026-02-08T18:08:22+00:00","description":"\u26a1 Disc frana TOYOTA 4 RUNNER I (_N5_, _N6_, _N7_) 2.4 4WD (RN50, RN55, RN60) benzina 112 cai ABS 15980 pentru Toyota. \u2713 Cod: 15980 \u2713 Brand: ABS \u2713 \u00cen stoc \u2713 Livrare 24h \u2713 Garan\u021bie!","breadcrumb":{"@id":"https:\/\/autorival.ro\/toyot\/produs\/disc-frana-toyota-4-runner-i-_n5_-_n6_-_n7_-2-4-4wd-rn50-rn55-rn60-benzina-112-cai-abs-15980\/#breadcrumb"},"inLanguage":"ro-RO","potentialAction":[{"@type":"ReadAction","target":["https:\/\/autorival.ro\/toyot\/produs\/disc-frana-toyota-4-runner-i-_n5_-_n6_-_n7_-2-4-4wd-rn50-rn55-rn60-benzina-112-cai-abs-15980\/"]}]},{"@type":"ImageObject","inLanguage":"ro-RO","@id":"https:\/\/autorival.ro\/toyot\/produs\/disc-frana-toyota-4-runner-i-_n5_-_n6_-_n7_-2-4-4wd-rn50-rn55-rn60-benzina-112-cai-abs-15980\/#primaryimage","url":"https:\/\/autorival.ro\/toyot\/wp-content\/uploads\/sites\/29\/2026\/02\/15980.jpg","contentUrl":"https:\/\/autorival.ro\/toyot\/wp-content\/uploads\/sites\/29\/2026\/02\/15980.jpg","width":600,"height":340},{"@type":"BreadcrumbList","@id":"https:\/\/autorival.ro\/toyot\/produs\/disc-frana-toyota-4-runner-i-_n5_-_n6_-_n7_-2-4-4wd-rn50-rn55-rn60-benzina-112-cai-abs-15980\/#breadcrumb","itemListElement":[{"@type":"ListItem","position":1,"name":"Prima pagin\u0103","item":"https:\/\/autorival.ro\/toyot\/"},{"@type":"ListItem","position":2,"name":"TOYOTA","item":"https:\/\/autorival.ro\/toyot\/"},{"@type":"ListItem","position":3,"name":"Disc frana TOYOTA 4 RUNNER I (_N5_, _N6_, _N7_) 2.4 4WD (RN50, RN55, RN60) benzina 112 cai ABS 15980"}]},{"@type":"WebSite","@id":"https:\/\/autorival.ro\/toyot\/#website","url":"https:\/\/autorival.ro\/toyot\/","name":"Toyota","description":"","potentialAction":[{"@type":"SearchAction","target":{"@type":"EntryPoint","urlTemplate":"https:\/\/autorival.ro\/toyot\/?s={search_term_string}"},"query-input":{"@type":"PropertyValueSpecification","valueRequired":true,"valueName":"search_term_string"}}],"inLanguage":"ro-RO"}]}},"_links":{"self":[{"href":"https:\/\/autorival.ro\/toyot\/wp-json\/wp\/v2\/product\/1945538","targetHints":{"allow":["GET"]}}],"collection":[{"href":"https:\/\/autorival.ro\/toyot\/wp-json\/wp\/v2\/product"}],"about":[{"href":"https:\/\/autorival.ro\/toyot\/wp-json\/wp\/v2\/types\/product"}],"replies":[{"embeddable":true,"href":"https:\/\/autorival.ro\/toyot\/wp-json\/wp\/v2\/comments?post=1945538"}],"wp:featuredmedia":[{"embeddable":true,"href":"https:\/\/autorival.ro\/toyot\/wp-json\/wp\/v2\/media\/1945539"}],"wp:attachment":[{"href":"https:\/\/autorival.ro\/toyot\/wp-json\/wp\/v2\/media?parent=1945538"}],"wp:term":[{"taxonomy":"product_brand","embeddable":true,"href":"https:\/\/autorival.ro\/toyot\/wp-json\/wp\/v2\/product_brand?post=1945538"},{"taxonomy":"product_cat","embeddable":true,"href":"https:\/\/autorival.ro\/toyot\/wp-json\/wp\/v2\/product_cat?post=1945538"},{"taxonomy":"product_tag","embeddable":true,"href":"https:\/\/autorival.ro\/toyot\/wp-json\/wp\/v2\/product_tag?post=1945538"}],"curies":[{"name":"wp","href":"https:\/\/api.w.org\/{rel}","templated":true}]}}